{"id":464136,"date":"2024-10-17T14:42:10","date_gmt":"2024-10-17T12:42:10","guid":{"rendered":"https:\/\/www.daisho.be\/produit\/adidas-grappling-trainingshandschuhe-schwarz-weiss\/"},"modified":"2025-02-25T16:36:15","modified_gmt":"2025-02-25T15:36:15","slug":"adidas-grappling-trainingshandschuhe-schwarz-weiss","status":"publish","type":"product","link":"https:\/\/www.daisho.be\/de\/produit\/adidas-grappling-trainingshandschuhe-schwarz-weiss\/","title":{"rendered":"adidas Grappling Trainingshandschuhe Schwarz\/Wei\u00df"},"content":{"rendered":"<p>Diese MMA-Handschuhe sind aus hochwertigem Kunstleder gefertigt.<br \/>\nDer Klettverschluss ist aus PU.<br \/>\nDie Polsterung besteht aus EVA-Schaum, der gut zur\u00fcckspringt.<br \/>\nDies bietet einen guten Schutz f\u00fcr Ihre H\u00e4nde und Gelenke.<br \/>\nDie Innenseite ist mit einem schnell trocknenden Material gef\u00fcttert, das zus\u00e4tzlichen Komfort und Haltbarkeit bietet.<br \/>\nDiese Handschuhe eignen sich f\u00fcr MMA und Freikampf sowie f\u00fcr das Training am Boxsack und am Pad.<br \/>\nVorteile:<br \/>\n&#8211; Klettverschluss<br \/>\n&#8211; perfekte Passform<br \/>\n&#8211; sehr sicher<br \/>\n&#8211; EVA-Polsterung<\/p>\n","protected":false},"excerpt":{"rendered":"<p>Diese MMA-Handschuhe sind aus hochwertigem Kunstleder gefertigt. Der Klettverschluss ist aus PU. Die Polsterung besteht aus EVA-Schaum, der gut zur\u00fcckspringt. Dies bietet einen guten Schutz f\u00fcr Ihre H\u00e4nde und Gelenke. Die Innenseite ist mit einem schnell trocknenden Material gef\u00fcttert, das zus\u00e4tzlichen Komfort und Haltbarkeit bietet. Diese Handschuhe eignen sich f\u00fcr MMA und Freikampf sowie f\u00fcr [&hellip;]<\/p>\n","protected":false},"featured_media":464138,"comment_status":"open","ping_status":"closed","template":"","meta":{"inline_featured_image":false},"product_brand":[],"product_cat":[2306,2277,2261,2309],"product_tag":[2178],"sport":[],"class_list":{"0":"post-464136","1":"product","2":"type-product","3":"status-publish","4":"has-post-thumbnail","6":"product_cat-boxhandschuhe-adidas","7":"product_cat-kick-boxing-protektoren-adidas","8":"product_cat-mma-protektoren-adidas","9":"product_cat-muay-thai-handschuhe-adidas","10":"product_tag-adidas-de","11":"pa_size-l","12":"pa_size-m","13":"pa_size-s","14":"pa_size-xl","16":"first","17":"instock","18":"taxable","19":"shipping-taxable","20":"purchasable","21":"product-type-variable"},"yoast_head":"<!-- This site is optimized with the Yoast SEO plugin v27.2 - https:\/\/yoast.com\/product\/yoast-seo-wordpress\/ -->\n<title>adidas Grappling Trainingshandschuhe Schwarz\/Wei\u00df &#8211; Daisho<\/title>\n<meta name=\"description\" content=\"Sch\u00fctzen Sie Ihre H\u00e4nde mit unseren MMA-Handschuhen. Sie bieten Ihnen optimalen Schutz und Haltbarkeit. Kaufen Sie sie auf www.daisho.be\/Daisho\" \/>\n<meta name=\"robots\" content=\"index, follow, max-snippet:-1, max-image-preview:large, max-video-preview:-1\" \/>\n<link rel=\"canonical\" href=\"https:\/\/www.daisho.be\/de\/produit\/adidas-grappling-trainingshandschuhe-schwarz-weiss\/\" \/>\n<meta property=\"og:locale\" content=\"de_DE\" \/>\n<meta property=\"og:type\" content=\"article\" \/>\n<meta property=\"og:title\" content=\"adidas Grappling Trainingshandschuhe Schwarz\/Wei\u00df &#8211; Daisho\" \/>\n<meta property=\"og:description\" content=\"Sch\u00fctzen Sie Ihre H\u00e4nde mit unseren MMA-Handschuhen. Sie bieten Ihnen optimalen Schutz und Haltbarkeit. Kaufen Sie sie auf www.daisho.be\/Daisho\" \/>\n<meta property=\"og:url\" content=\"https:\/\/www.daisho.be\/de\/produit\/adidas-grappling-trainingshandschuhe-schwarz-weiss\/\" \/>\n<meta property=\"og:site_name\" content=\"Daisho\" \/>\n<meta property=\"article:modified_time\" content=\"2025-02-25T15:36:15+00:00\" \/>\n<meta property=\"og:image\" content=\"https:\/\/www.daisho.be\/wp-content\/uploads\/2024\/10\/image-6.png\" \/>\n\t<meta property=\"og:image:width\" content=\"658\" \/>\n\t<meta property=\"og:image:height\" content=\"677\" \/>\n\t<meta property=\"og:image:type\" content=\"image\/png\" \/>\n<meta name=\"twitter:card\" content=\"summary_large_image\" \/>\n<script type=\"application\/ld+json\" class=\"yoast-schema-graph\">{\"@context\":\"https:\/\/schema.org\",\"@graph\":[{\"@type\":\"WebPage\",\"@id\":\"https:\/\/www.daisho.be\/de\/produit\/adidas-grappling-trainingshandschuhe-schwarz-weiss\/\",\"url\":\"https:\/\/www.daisho.be\/de\/produit\/adidas-grappling-trainingshandschuhe-schwarz-weiss\/\",\"name\":\"adidas Grappling Trainingshandschuhe Schwarz\/Wei\u00df &#8211; Daisho\",\"isPartOf\":{\"@id\":\"https:\/\/www.daisho.be\/de\/#website\"},\"primaryImageOfPage\":{\"@id\":\"https:\/\/www.daisho.be\/de\/produit\/adidas-grappling-trainingshandschuhe-schwarz-weiss\/#primaryimage\"},\"image\":{\"@id\":\"https:\/\/www.daisho.be\/de\/produit\/adidas-grappling-trainingshandschuhe-schwarz-weiss\/#primaryimage\"},\"thumbnailUrl\":\"https:\/\/www.daisho.be\/wp-content\/uploads\/2024\/10\/image-6.png\",\"datePublished\":\"2024-10-17T12:42:10+00:00\",\"dateModified\":\"2025-02-25T15:36:15+00:00\",\"description\":\"Sch\u00fctzen Sie Ihre H\u00e4nde mit unseren MMA-Handschuhen. Sie bieten Ihnen optimalen Schutz und Haltbarkeit. Kaufen Sie sie auf www.daisho.be\/Daisho\",\"breadcrumb\":{\"@id\":\"https:\/\/www.daisho.be\/de\/produit\/adidas-grappling-trainingshandschuhe-schwarz-weiss\/#breadcrumb\"},\"inLanguage\":\"de\",\"potentialAction\":[{\"@type\":\"ReadAction\",\"target\":[\"https:\/\/www.daisho.be\/de\/produit\/adidas-grappling-trainingshandschuhe-schwarz-weiss\/\"]}]},{\"@type\":\"ImageObject\",\"inLanguage\":\"de\",\"@id\":\"https:\/\/www.daisho.be\/de\/produit\/adidas-grappling-trainingshandschuhe-schwarz-weiss\/#primaryimage\",\"url\":\"https:\/\/www.daisho.be\/wp-content\/uploads\/2024\/10\/image-6.png\",\"contentUrl\":\"https:\/\/www.daisho.be\/wp-content\/uploads\/2024\/10\/image-6.png\",\"width\":658,\"height\":677,\"caption\":\"adidas Grappling Trainingshandschuhe Schwarz\/Wei\u00df-2\"},{\"@type\":\"BreadcrumbList\",\"@id\":\"https:\/\/www.daisho.be\/de\/produit\/adidas-grappling-trainingshandschuhe-schwarz-weiss\/#breadcrumb\",\"itemListElement\":[{\"@type\":\"ListItem\",\"position\":1,\"name\":\"Accueil\",\"item\":\"https:\/\/www.daisho.be\/de\/\"},{\"@type\":\"ListItem\",\"position\":2,\"name\":\"Produkte\",\"item\":\"https:\/\/www.daisho.be\/de\/produkte\/\"},{\"@type\":\"ListItem\",\"position\":3,\"name\":\"ADIDAS COMBAT SPORTS\",\"item\":\"https:\/\/www.daisho.be\/de\/categorie-produit\/adidas-combat-sports-de\/\"},{\"@type\":\"ListItem\",\"position\":4,\"name\":\"Boxen\",\"item\":\"https:\/\/www.daisho.be\/de\/categorie-produit\/adidas-combat-sports-de\/boxen\/\"},{\"@type\":\"ListItem\",\"position\":5,\"name\":\"Boxhandschuhe Adidas\",\"item\":\"https:\/\/www.daisho.be\/de\/categorie-produit\/adidas-combat-sports-de\/boxen\/boxhandschuhe-adidas\/\"},{\"@type\":\"ListItem\",\"position\":6,\"name\":\"adidas Grappling Trainingshandschuhe Schwarz\/Wei\u00df\"}]},{\"@type\":\"WebSite\",\"@id\":\"https:\/\/www.daisho.be\/de\/#website\",\"url\":\"https:\/\/www.daisho.be\/de\/\",\"name\":\"Daisho\",\"description\":\"Sp&eacute;cialiste de l'&eacute;quipement sportif d'arts martiaux\",\"publisher\":{\"@id\":\"https:\/\/www.daisho.be\/de\/#organization\"},\"potentialAction\":[{\"@type\":\"SearchAction\",\"target\":{\"@type\":\"EntryPoint\",\"urlTemplate\":\"https:\/\/www.daisho.be\/de\/?s={search_term_string}\"},\"query-input\":{\"@type\":\"PropertyValueSpecification\",\"valueRequired\":true,\"valueName\":\"search_term_string\"}}],\"inLanguage\":\"de\"},{\"@type\":\"Organization\",\"@id\":\"https:\/\/www.daisho.be\/de\/#organization\",\"name\":\"Daisho\",\"url\":\"https:\/\/www.daisho.be\/de\/\",\"logo\":{\"@type\":\"ImageObject\",\"inLanguage\":\"de\",\"@id\":\"https:\/\/www.daisho.be\/de\/#\/schema\/logo\/image\/\",\"url\":\"https:\/\/www.daisho.be\/wp-content\/uploads\/2019\/07\/color-nothing-horizontale4x-e1564486100247.png\",\"contentUrl\":\"https:\/\/www.daisho.be\/wp-content\/uploads\/2019\/07\/color-nothing-horizontale4x-e1564486100247.png\",\"width\":1547,\"height\":385,\"caption\":\"Daisho\"},\"image\":{\"@id\":\"https:\/\/www.daisho.be\/de\/#\/schema\/logo\/image\/\"}}]}<\/script>\n<!-- \/ Yoast SEO plugin. -->","yoast_head_json":{"title":"adidas Grappling Trainingshandschuhe Schwarz\/Wei\u00df &#8211; Daisho","description":"Sch\u00fctzen Sie Ihre H\u00e4nde mit unseren MMA-Handschuhen. Sie bieten Ihnen optimalen Schutz und Haltbarkeit. Kaufen Sie sie auf www.daisho.be\/Daisho","robots":{"index":"index","follow":"follow","max-snippet":"max-snippet:-1","max-image-preview":"max-image-preview:large","max-video-preview":"max-video-preview:-1"},"canonical":"https:\/\/www.daisho.be\/de\/produit\/adidas-grappling-trainingshandschuhe-schwarz-weiss\/","og_locale":"de_DE","og_type":"article","og_title":"adidas Grappling Trainingshandschuhe Schwarz\/Wei\u00df &#8211; Daisho","og_description":"Sch\u00fctzen Sie Ihre H\u00e4nde mit unseren MMA-Handschuhen. Sie bieten Ihnen optimalen Schutz und Haltbarkeit. Kaufen Sie sie auf www.daisho.be\/Daisho","og_url":"https:\/\/www.daisho.be\/de\/produit\/adidas-grappling-trainingshandschuhe-schwarz-weiss\/","og_site_name":"Daisho","article_modified_time":"2025-02-25T15:36:15+00:00","og_image":[{"width":658,"height":677,"url":"https:\/\/www.daisho.be\/wp-content\/uploads\/2024\/10\/image-6.png","type":"image\/png"}],"twitter_card":"summary_large_image","schema":{"@context":"https:\/\/schema.org","@graph":[{"@type":"WebPage","@id":"https:\/\/www.daisho.be\/de\/produit\/adidas-grappling-trainingshandschuhe-schwarz-weiss\/","url":"https:\/\/www.daisho.be\/de\/produit\/adidas-grappling-trainingshandschuhe-schwarz-weiss\/","name":"adidas Grappling Trainingshandschuhe Schwarz\/Wei\u00df &#8211; Daisho","isPartOf":{"@id":"https:\/\/www.daisho.be\/de\/#website"},"primaryImageOfPage":{"@id":"https:\/\/www.daisho.be\/de\/produit\/adidas-grappling-trainingshandschuhe-schwarz-weiss\/#primaryimage"},"image":{"@id":"https:\/\/www.daisho.be\/de\/produit\/adidas-grappling-trainingshandschuhe-schwarz-weiss\/#primaryimage"},"thumbnailUrl":"https:\/\/www.daisho.be\/wp-content\/uploads\/2024\/10\/image-6.png","datePublished":"2024-10-17T12:42:10+00:00","dateModified":"2025-02-25T15:36:15+00:00","description":"Sch\u00fctzen Sie Ihre H\u00e4nde mit unseren MMA-Handschuhen. Sie bieten Ihnen optimalen Schutz und Haltbarkeit. Kaufen Sie sie auf www.daisho.be\/Daisho","breadcrumb":{"@id":"https:\/\/www.daisho.be\/de\/produit\/adidas-grappling-trainingshandschuhe-schwarz-weiss\/#breadcrumb"},"inLanguage":"de","potentialAction":[{"@type":"ReadAction","target":["https:\/\/www.daisho.be\/de\/produit\/adidas-grappling-trainingshandschuhe-schwarz-weiss\/"]}]},{"@type":"ImageObject","inLanguage":"de","@id":"https:\/\/www.daisho.be\/de\/produit\/adidas-grappling-trainingshandschuhe-schwarz-weiss\/#primaryimage","url":"https:\/\/www.daisho.be\/wp-content\/uploads\/2024\/10\/image-6.png","contentUrl":"https:\/\/www.daisho.be\/wp-content\/uploads\/2024\/10\/image-6.png","width":658,"height":677,"caption":"adidas Grappling Trainingshandschuhe Schwarz\/Wei\u00df-2"},{"@type":"BreadcrumbList","@id":"https:\/\/www.daisho.be\/de\/produit\/adidas-grappling-trainingshandschuhe-schwarz-weiss\/#breadcrumb","itemListElement":[{"@type":"ListItem","position":1,"name":"Accueil","item":"https:\/\/www.daisho.be\/de\/"},{"@type":"ListItem","position":2,"name":"Produkte","item":"https:\/\/www.daisho.be\/de\/produkte\/"},{"@type":"ListItem","position":3,"name":"ADIDAS COMBAT SPORTS","item":"https:\/\/www.daisho.be\/de\/categorie-produit\/adidas-combat-sports-de\/"},{"@type":"ListItem","position":4,"name":"Boxen","item":"https:\/\/www.daisho.be\/de\/categorie-produit\/adidas-combat-sports-de\/boxen\/"},{"@type":"ListItem","position":5,"name":"Boxhandschuhe Adidas","item":"https:\/\/www.daisho.be\/de\/categorie-produit\/adidas-combat-sports-de\/boxen\/boxhandschuhe-adidas\/"},{"@type":"ListItem","position":6,"name":"adidas Grappling Trainingshandschuhe Schwarz\/Wei\u00df"}]},{"@type":"WebSite","@id":"https:\/\/www.daisho.be\/de\/#website","url":"https:\/\/www.daisho.be\/de\/","name":"Daisho","description":"Sp&eacute;cialiste de l'&eacute;quipement sportif d'arts martiaux","publisher":{"@id":"https:\/\/www.daisho.be\/de\/#organization"},"potentialAction":[{"@type":"SearchAction","target":{"@type":"EntryPoint","urlTemplate":"https:\/\/www.daisho.be\/de\/?s={search_term_string}"},"query-input":{"@type":"PropertyValueSpecification","valueRequired":true,"valueName":"search_term_string"}}],"inLanguage":"de"},{"@type":"Organization","@id":"https:\/\/www.daisho.be\/de\/#organization","name":"Daisho","url":"https:\/\/www.daisho.be\/de\/","logo":{"@type":"ImageObject","inLanguage":"de","@id":"https:\/\/www.daisho.be\/de\/#\/schema\/logo\/image\/","url":"https:\/\/www.daisho.be\/wp-content\/uploads\/2019\/07\/color-nothing-horizontale4x-e1564486100247.png","contentUrl":"https:\/\/www.daisho.be\/wp-content\/uploads\/2019\/07\/color-nothing-horizontale4x-e1564486100247.png","width":1547,"height":385,"caption":"Daisho"},"image":{"@id":"https:\/\/www.daisho.be\/de\/#\/schema\/logo\/image\/"}}]}},"_links":{"self":[{"href":"https:\/\/www.daisho.be\/de\/wp-json\/wp\/v2\/product\/464136","targetHints":{"allow":["GET"]}}],"collection":[{"href":"https:\/\/www.daisho.be\/de\/wp-json\/wp\/v2\/product"}],"about":[{"href":"https:\/\/www.daisho.be\/de\/wp-json\/wp\/v2\/types\/product"}],"replies":[{"embeddable":true,"href":"https:\/\/www.daisho.be\/de\/wp-json\/wp\/v2\/comments?post=464136"}],"wp:featuredmedia":[{"embeddable":true,"href":"https:\/\/www.daisho.be\/de\/wp-json\/wp\/v2\/media\/464138"}],"wp:attachment":[{"href":"https:\/\/www.daisho.be\/de\/wp-json\/wp\/v2\/media?parent=464136"}],"wp:term":[{"taxonomy":"product_brand","embeddable":true,"href":"https:\/\/www.daisho.be\/de\/wp-json\/wp\/v2\/product_brand?post=464136"},{"taxonomy":"product_cat","embeddable":true,"href":"https:\/\/www.daisho.be\/de\/wp-json\/wp\/v2\/product_cat?post=464136"},{"taxonomy":"product_tag","embeddable":true,"href":"https:\/\/www.daisho.be\/de\/wp-json\/wp\/v2\/product_tag?post=464136"},{"taxonomy":"sport","embeddable":true,"href":"https:\/\/www.daisho.be\/de\/wp-json\/wp\/v2\/sport?post=464136"}],"curies":[{"name":"wp","href":"https:\/\/api.w.org\/{rel}","templated":true}]}}