{"id":464116,"date":"2024-10-19T16:28:51","date_gmt":"2024-10-19T14:28:51","guid":{"rendered":"https:\/\/www.daisho.be\/produit\/tatami-karate-green-wkf-approved\/"},"modified":"2026-04-14T13:56:10","modified_gmt":"2026-04-14T11:56:10","slug":"tatami-karate-green-wkf-approved","status":"publish","type":"product","link":"https:\/\/www.daisho.be\/de\/produit\/tatami-karate-green-wkf-approved\/","title":{"rendered":"Tatami KARATE GREEN WKF Approved"},"content":{"rendered":"<p>ProGame Tatami wurde entwickelt, getestet und zugelassen, um qualitativ hochwertige L\u00f6sungen zu bieten, die die Bed\u00fcrfnisse der Athleten und die Wettkampfregeln ber\u00fccksichtigen.<br \/>\nDas innovative dreilagige Design der neuen Green WKF Approved Tatami erm\u00f6glicht eine Haftung auf der Matte und eine Bewegungspr\u00e4zision, die von ProGame bisher nicht erreicht wurde.<br \/>\nDies ist die erste biobasierte Matte mit Premium-Eigenschaften (hochwertig). Er reduziert die CO2-Emissionen um mindestens 20 % im Vergleich zum Vorg\u00e4ngermodell.<br \/>\nDiese Matten entsprechen den Bed\u00fcrfnissen der Athleten und den Anforderungen der WKF (World Karate Federation), die die Wettk\u00e4mpfe regelt.<br \/>\nDie Progame Puzzle Tatami bietet ein optimales Ma\u00df an H\u00e4rte und eine rutschfeste Oberfl\u00e4che.<br \/>\nEs f\u00f6rdert die Konzentration und Reaktivit\u00e4t der Praktizierenden.<br \/>\nEigenschaften:<br \/>\n&#8211; Vernetzter expandierter Polyethylenschaum,<br \/>\n&#8211; 20% biobasierter Inhalt*,<br \/>\n&#8211; Weniger C02-Emissionen im Vergleich zum vorherigen Modell.<br \/>\n&#8211; Abmessungen: 1000 x 1000 x 20 mm<br \/>\n&#8211; Farben: Blau\/Gr\u00fcn\/Rot (gem\u00e4\u00df WKF-Normen)<br \/>\n&#8211; Sicherheit: EN 1177 HIC (Head Injury Criteria) &#8211; NF EN 12503.1 &#8211; NF EN 12503.4 &#8211; NF EN 12503.5 &#8211; NF EN 12503.6 &#8211; NF EN 12503.7<br \/>\n&#8211; WKF-Logo mit Laser gedruckt.<br \/>\n&#8211; Gewicht: 2 kg<br \/>\nHinweis:<br \/>\nEine Abschlusskante ist im Lieferumfang jeder Tatami enthalten.<\/p>\n","protected":false},"excerpt":{"rendered":"<p>ProGame Tatami wurde entwickelt, getestet und zugelassen, um qualitativ hochwertige L\u00f6sungen zu bieten, die die Bed\u00fcrfnisse der Athleten und die Wettkampfregeln ber\u00fccksichtigen. Das innovative dreilagige Design der neuen Green WKF Approved Tatami erm\u00f6glicht eine Haftung auf der Matte und eine Bewegungspr\u00e4zision, die von ProGame bisher nicht erreicht wurde. Dies ist die erste biobasierte Matte mit [&hellip;]<\/p>\n","protected":false},"featured_media":464122,"comment_status":"open","ping_status":"closed","template":"","meta":{"inline_featured_image":false},"product_brand":[],"product_cat":[2055,2016],"product_tag":[2030],"sport":[],"class_list":{"0":"post-464116","1":"product","2":"type-product","3":"status-publish","4":"has-post-thumbnail","6":"product_cat-karate-trainingsmaterial","7":"product_cat-tatamis-fur-judo-karate-und-taekwondo-kampfkunste","8":"product_tag-progame-tatamis-de","9":"pa_size-2-cm","11":"first","12":"instock","13":"taxable","14":"shipping-taxable","15":"purchasable","16":"product-type-variable"},"yoast_head":"<!-- This site is optimized with the Yoast SEO plugin v27.2 - https:\/\/yoast.com\/product\/yoast-seo-wordpress\/ -->\n<title>Tatami KARATE GREEN WKF Approved &#8211; Daisho<\/title>\n<meta name=\"description\" content=\"Biobasierte Tatami WKF, optimale Griffigkeit, pr\u00e4zise Bewegung, zertifizierte Sicherheit und geringe CO2-Belastung. Finden Sie sie auf www.daisho.be|Daisho\" \/>\n<meta name=\"robots\" content=\"index, follow, max-snippet:-1, max-image-preview:large, max-video-preview:-1\" \/>\n<link rel=\"canonical\" href=\"https:\/\/www.daisho.be\/de\/produit\/tatami-karate-green-wkf-approved\/\" \/>\n<meta property=\"og:locale\" content=\"de_DE\" \/>\n<meta property=\"og:type\" content=\"article\" \/>\n<meta property=\"og:title\" content=\"Tatami KARATE GREEN WKF Approved &#8211; Daisho\" \/>\n<meta property=\"og:description\" content=\"Biobasierte Tatami WKF, optimale Griffigkeit, pr\u00e4zise Bewegung, zertifizierte Sicherheit und geringe CO2-Belastung. Finden Sie sie auf www.daisho.be|Daisho\" \/>\n<meta property=\"og:url\" content=\"https:\/\/www.daisho.be\/de\/produit\/tatami-karate-green-wkf-approved\/\" \/>\n<meta property=\"og:site_name\" content=\"Daisho\" \/>\n<meta property=\"article:modified_time\" content=\"2026-04-14T11:56:10+00:00\" \/>\n<meta property=\"og:image\" content=\"https:\/\/www.daisho.be\/wp-content\/uploads\/2024\/10\/image-46.jpg\" \/>\n\t<meta property=\"og:image:width\" content=\"1024\" \/>\n\t<meta property=\"og:image:height\" content=\"706\" \/>\n\t<meta property=\"og:image:type\" content=\"image\/jpeg\" \/>\n<meta name=\"twitter:card\" content=\"summary_large_image\" \/>\n<meta name=\"twitter:label1\" content=\"Gesch\u00e4tzte Lesezeit\" \/>\n\t<meta name=\"twitter:data1\" content=\"1\u00a0Minute\" \/>\n<script type=\"application\/ld+json\" class=\"yoast-schema-graph\">{\"@context\":\"https:\/\/schema.org\",\"@graph\":[{\"@type\":\"WebPage\",\"@id\":\"https:\/\/www.daisho.be\/de\/produit\/tatami-karate-green-wkf-approved\/\",\"url\":\"https:\/\/www.daisho.be\/de\/produit\/tatami-karate-green-wkf-approved\/\",\"name\":\"Tatami KARATE GREEN WKF Approved &#8211; Daisho\",\"isPartOf\":{\"@id\":\"https:\/\/www.daisho.be\/de\/#website\"},\"primaryImageOfPage\":{\"@id\":\"https:\/\/www.daisho.be\/de\/produit\/tatami-karate-green-wkf-approved\/#primaryimage\"},\"image\":{\"@id\":\"https:\/\/www.daisho.be\/de\/produit\/tatami-karate-green-wkf-approved\/#primaryimage\"},\"thumbnailUrl\":\"https:\/\/www.daisho.be\/wp-content\/uploads\/2024\/10\/image-46.jpg\",\"datePublished\":\"2024-10-19T14:28:51+00:00\",\"dateModified\":\"2026-04-14T11:56:10+00:00\",\"description\":\"Biobasierte Tatami WKF, optimale Griffigkeit, pr\u00e4zise Bewegung, zertifizierte Sicherheit und geringe CO2-Belastung. Finden Sie sie auf www.daisho.be|Daisho\",\"breadcrumb\":{\"@id\":\"https:\/\/www.daisho.be\/de\/produit\/tatami-karate-green-wkf-approved\/#breadcrumb\"},\"inLanguage\":\"de\",\"potentialAction\":[{\"@type\":\"ReadAction\",\"target\":[\"https:\/\/www.daisho.be\/de\/produit\/tatami-karate-green-wkf-approved\/\"]}]},{\"@type\":\"ImageObject\",\"inLanguage\":\"de\",\"@id\":\"https:\/\/www.daisho.be\/de\/produit\/tatami-karate-green-wkf-approved\/#primaryimage\",\"url\":\"https:\/\/www.daisho.be\/wp-content\/uploads\/2024\/10\/image-46.jpg\",\"contentUrl\":\"https:\/\/www.daisho.be\/wp-content\/uploads\/2024\/10\/image-46.jpg\",\"width\":14651,\"height\":10107,\"caption\":\"Tatami KARATE GREEN WKF Approved-1\"},{\"@type\":\"BreadcrumbList\",\"@id\":\"https:\/\/www.daisho.be\/de\/produit\/tatami-karate-green-wkf-approved\/#breadcrumb\",\"itemListElement\":[{\"@type\":\"ListItem\",\"position\":1,\"name\":\"Accueil\",\"item\":\"https:\/\/www.daisho.be\/de\/\"},{\"@type\":\"ListItem\",\"position\":2,\"name\":\"Produkte\",\"item\":\"https:\/\/www.daisho.be\/de\/produkte\/\"},{\"@type\":\"ListItem\",\"position\":3,\"name\":\"Ausr\u00fcstung und Kleidung f\u00fcr Kampfkunst und Kampfsport\",\"item\":\"https:\/\/www.daisho.be\/de\/categorie-produit\/ausrustung-und-kleidung-fur-kampfkunst-und-kampfsport\/\"},{\"@type\":\"ListItem\",\"position\":4,\"name\":\"Karate\",\"item\":\"https:\/\/www.daisho.be\/de\/categorie-produit\/ausrustung-und-kleidung-fur-kampfkunst-und-kampfsport\/karate-de-2\/\"},{\"@type\":\"ListItem\",\"position\":5,\"name\":\"Karate Trainingsmaterial\",\"item\":\"https:\/\/www.daisho.be\/de\/categorie-produit\/ausrustung-und-kleidung-fur-kampfkunst-und-kampfsport\/karate-de-2\/karate-trainingsmaterial\/\"},{\"@type\":\"ListItem\",\"position\":6,\"name\":\"Tatami KARATE GREEN WKF Approved\"}]},{\"@type\":\"WebSite\",\"@id\":\"https:\/\/www.daisho.be\/de\/#website\",\"url\":\"https:\/\/www.daisho.be\/de\/\",\"name\":\"Daisho\",\"description\":\"Sp&eacute;cialiste de l'&eacute;quipement sportif d'arts martiaux\",\"publisher\":{\"@id\":\"https:\/\/www.daisho.be\/de\/#organization\"},\"potentialAction\":[{\"@type\":\"SearchAction\",\"target\":{\"@type\":\"EntryPoint\",\"urlTemplate\":\"https:\/\/www.daisho.be\/de\/?s={search_term_string}\"},\"query-input\":{\"@type\":\"PropertyValueSpecification\",\"valueRequired\":true,\"valueName\":\"search_term_string\"}}],\"inLanguage\":\"de\"},{\"@type\":\"Organization\",\"@id\":\"https:\/\/www.daisho.be\/de\/#organization\",\"name\":\"Daisho\",\"url\":\"https:\/\/www.daisho.be\/de\/\",\"logo\":{\"@type\":\"ImageObject\",\"inLanguage\":\"de\",\"@id\":\"https:\/\/www.daisho.be\/de\/#\/schema\/logo\/image\/\",\"url\":\"https:\/\/www.daisho.be\/wp-content\/uploads\/2019\/07\/color-nothing-horizontale4x-e1564486100247.png\",\"contentUrl\":\"https:\/\/www.daisho.be\/wp-content\/uploads\/2019\/07\/color-nothing-horizontale4x-e1564486100247.png\",\"width\":1547,\"height\":385,\"caption\":\"Daisho\"},\"image\":{\"@id\":\"https:\/\/www.daisho.be\/de\/#\/schema\/logo\/image\/\"}}]}<\/script>\n<!-- \/ Yoast SEO plugin. -->","yoast_head_json":{"title":"Tatami KARATE GREEN WKF Approved &#8211; Daisho","description":"Biobasierte Tatami WKF, optimale Griffigkeit, pr\u00e4zise Bewegung, zertifizierte Sicherheit und geringe CO2-Belastung. Finden Sie sie auf www.daisho.be|Daisho","robots":{"index":"index","follow":"follow","max-snippet":"max-snippet:-1","max-image-preview":"max-image-preview:large","max-video-preview":"max-video-preview:-1"},"canonical":"https:\/\/www.daisho.be\/de\/produit\/tatami-karate-green-wkf-approved\/","og_locale":"de_DE","og_type":"article","og_title":"Tatami KARATE GREEN WKF Approved &#8211; Daisho","og_description":"Biobasierte Tatami WKF, optimale Griffigkeit, pr\u00e4zise Bewegung, zertifizierte Sicherheit und geringe CO2-Belastung. Finden Sie sie auf www.daisho.be|Daisho","og_url":"https:\/\/www.daisho.be\/de\/produit\/tatami-karate-green-wkf-approved\/","og_site_name":"Daisho","article_modified_time":"2026-04-14T11:56:10+00:00","og_image":[{"url":"https:\/\/www.daisho.be\/wp-content\/uploads\/2024\/10\/image-46.jpg","width":1024,"height":706,"type":"image\/jpeg"}],"twitter_card":"summary_large_image","twitter_misc":{"Gesch\u00e4tzte Lesezeit":"1\u00a0Minute"},"schema":{"@context":"https:\/\/schema.org","@graph":[{"@type":"WebPage","@id":"https:\/\/www.daisho.be\/de\/produit\/tatami-karate-green-wkf-approved\/","url":"https:\/\/www.daisho.be\/de\/produit\/tatami-karate-green-wkf-approved\/","name":"Tatami KARATE GREEN WKF Approved &#8211; Daisho","isPartOf":{"@id":"https:\/\/www.daisho.be\/de\/#website"},"primaryImageOfPage":{"@id":"https:\/\/www.daisho.be\/de\/produit\/tatami-karate-green-wkf-approved\/#primaryimage"},"image":{"@id":"https:\/\/www.daisho.be\/de\/produit\/tatami-karate-green-wkf-approved\/#primaryimage"},"thumbnailUrl":"https:\/\/www.daisho.be\/wp-content\/uploads\/2024\/10\/image-46.jpg","datePublished":"2024-10-19T14:28:51+00:00","dateModified":"2026-04-14T11:56:10+00:00","description":"Biobasierte Tatami WKF, optimale Griffigkeit, pr\u00e4zise Bewegung, zertifizierte Sicherheit und geringe CO2-Belastung. Finden Sie sie auf www.daisho.be|Daisho","breadcrumb":{"@id":"https:\/\/www.daisho.be\/de\/produit\/tatami-karate-green-wkf-approved\/#breadcrumb"},"inLanguage":"de","potentialAction":[{"@type":"ReadAction","target":["https:\/\/www.daisho.be\/de\/produit\/tatami-karate-green-wkf-approved\/"]}]},{"@type":"ImageObject","inLanguage":"de","@id":"https:\/\/www.daisho.be\/de\/produit\/tatami-karate-green-wkf-approved\/#primaryimage","url":"https:\/\/www.daisho.be\/wp-content\/uploads\/2024\/10\/image-46.jpg","contentUrl":"https:\/\/www.daisho.be\/wp-content\/uploads\/2024\/10\/image-46.jpg","width":14651,"height":10107,"caption":"Tatami KARATE GREEN WKF Approved-1"},{"@type":"BreadcrumbList","@id":"https:\/\/www.daisho.be\/de\/produit\/tatami-karate-green-wkf-approved\/#breadcrumb","itemListElement":[{"@type":"ListItem","position":1,"name":"Accueil","item":"https:\/\/www.daisho.be\/de\/"},{"@type":"ListItem","position":2,"name":"Produkte","item":"https:\/\/www.daisho.be\/de\/produkte\/"},{"@type":"ListItem","position":3,"name":"Ausr\u00fcstung und Kleidung f\u00fcr Kampfkunst und Kampfsport","item":"https:\/\/www.daisho.be\/de\/categorie-produit\/ausrustung-und-kleidung-fur-kampfkunst-und-kampfsport\/"},{"@type":"ListItem","position":4,"name":"Karate","item":"https:\/\/www.daisho.be\/de\/categorie-produit\/ausrustung-und-kleidung-fur-kampfkunst-und-kampfsport\/karate-de-2\/"},{"@type":"ListItem","position":5,"name":"Karate Trainingsmaterial","item":"https:\/\/www.daisho.be\/de\/categorie-produit\/ausrustung-und-kleidung-fur-kampfkunst-und-kampfsport\/karate-de-2\/karate-trainingsmaterial\/"},{"@type":"ListItem","position":6,"name":"Tatami KARATE GREEN WKF Approved"}]},{"@type":"WebSite","@id":"https:\/\/www.daisho.be\/de\/#website","url":"https:\/\/www.daisho.be\/de\/","name":"Daisho","description":"Sp&eacute;cialiste de l'&eacute;quipement sportif d'arts martiaux","publisher":{"@id":"https:\/\/www.daisho.be\/de\/#organization"},"potentialAction":[{"@type":"SearchAction","target":{"@type":"EntryPoint","urlTemplate":"https:\/\/www.daisho.be\/de\/?s={search_term_string}"},"query-input":{"@type":"PropertyValueSpecification","valueRequired":true,"valueName":"search_term_string"}}],"inLanguage":"de"},{"@type":"Organization","@id":"https:\/\/www.daisho.be\/de\/#organization","name":"Daisho","url":"https:\/\/www.daisho.be\/de\/","logo":{"@type":"ImageObject","inLanguage":"de","@id":"https:\/\/www.daisho.be\/de\/#\/schema\/logo\/image\/","url":"https:\/\/www.daisho.be\/wp-content\/uploads\/2019\/07\/color-nothing-horizontale4x-e1564486100247.png","contentUrl":"https:\/\/www.daisho.be\/wp-content\/uploads\/2019\/07\/color-nothing-horizontale4x-e1564486100247.png","width":1547,"height":385,"caption":"Daisho"},"image":{"@id":"https:\/\/www.daisho.be\/de\/#\/schema\/logo\/image\/"}}]}},"_links":{"self":[{"href":"https:\/\/www.daisho.be\/de\/wp-json\/wp\/v2\/product\/464116","targetHints":{"allow":["GET"]}}],"collection":[{"href":"https:\/\/www.daisho.be\/de\/wp-json\/wp\/v2\/product"}],"about":[{"href":"https:\/\/www.daisho.be\/de\/wp-json\/wp\/v2\/types\/product"}],"replies":[{"embeddable":true,"href":"https:\/\/www.daisho.be\/de\/wp-json\/wp\/v2\/comments?post=464116"}],"wp:featuredmedia":[{"embeddable":true,"href":"https:\/\/www.daisho.be\/de\/wp-json\/wp\/v2\/media\/464122"}],"wp:attachment":[{"href":"https:\/\/www.daisho.be\/de\/wp-json\/wp\/v2\/media?parent=464116"}],"wp:term":[{"taxonomy":"product_brand","embeddable":true,"href":"https:\/\/www.daisho.be\/de\/wp-json\/wp\/v2\/product_brand?post=464116"},{"taxonomy":"product_cat","embeddable":true,"href":"https:\/\/www.daisho.be\/de\/wp-json\/wp\/v2\/product_cat?post=464116"},{"taxonomy":"product_tag","embeddable":true,"href":"https:\/\/www.daisho.be\/de\/wp-json\/wp\/v2\/product_tag?post=464116"},{"taxonomy":"sport","embeddable":true,"href":"https:\/\/www.daisho.be\/de\/wp-json\/wp\/v2\/sport?post=464116"}],"curies":[{"name":"wp","href":"https:\/\/api.w.org\/{rel}","templated":true}]}}