{"id":464088,"date":"2024-10-25T12:03:43","date_gmt":"2024-10-25T10:03:43","guid":{"rendered":"https:\/\/www.daisho.be\/produit\/doppel-schlagstock-adidas\/"},"modified":"2025-02-25T16:36:15","modified_gmt":"2025-02-25T15:36:15","slug":"doppel-schlagstock-adidas","status":"publish","type":"product","link":"https:\/\/www.daisho.be\/de\/produit\/doppel-schlagstock-adidas\/","title":{"rendered":"Doppel-Schlagstock adidas"},"content":{"rendered":"<p>Der vielseitige und effektive Doppelschlagschl\u00e4ger von Adidas eignet sich f\u00fcr alle Kampfsportarten.<br \/>\nOb Anf\u00e4nger oder Fortgeschrittener, er wird Ihnen helfen, Ihre Technik und Kraft zu entwickeln.<br \/>\nDas ergonomische Design und das ausgewogene Gewicht sorgen f\u00fcr optimalen Tragekomfort.<\/p>\n<p>Eigenschaften:<br \/>\n&#8211; Robuste PU-Au\u00dfenbeschichtung f\u00fcr maximale Haltbarkeit<br \/>\n&#8211; Innenseite aus hochdichtem Schaumstoff f\u00fcr optimale Sto\u00dfd\u00e4mpfung<br \/>\n&#8211; Nylon Strap am Handgelenk f\u00fcr sicheren und bequemen Halt<br \/>\n&#8211; Einheitsgr\u00f6\u00dfe, um allen Nutzern zu passen.<br \/>\n-. Das ergonomische Design erm\u00f6glicht eine l\u00e4ngere Nutzung ohne Unbehagen.<\/p>\n","protected":false},"excerpt":{"rendered":"<p>Der vielseitige und effektive Doppelschlagschl\u00e4ger von Adidas eignet sich f\u00fcr alle Kampfsportarten. Ob Anf\u00e4nger oder Fortgeschrittener, er wird Ihnen helfen, Ihre Technik und Kraft zu entwickeln. Das ergonomische Design und das ausgewogene Gewicht sorgen f\u00fcr optimalen Tragekomfort. Eigenschaften: &#8211; Robuste PU-Au\u00dfenbeschichtung f\u00fcr maximale Haltbarkeit &#8211; Innenseite aus hochdichtem Schaumstoff f\u00fcr optimale Sto\u00dfd\u00e4mpfung &#8211; Nylon Strap [&hellip;]<\/p>\n","protected":false},"featured_media":464089,"comment_status":"open","ping_status":"closed","template":"","meta":{"inline_featured_image":false},"product_brand":[],"product_cat":[2251,2055,2256,2027],"product_tag":[2178],"sport":[],"class_list":{"0":"post-464088","1":"product","2":"type-product","3":"status-publish","4":"has-post-thumbnail","6":"product_cat-boxsacke-und-trainingszubehor-karate","7":"product_cat-karate-trainingsmaterial","8":"product_cat-taekwondo-boxsacke-und-trainingszubehor-von-adidas","9":"product_cat-taekwondo-trainingsmaterial","10":"product_tag-adidas-de","12":"first","13":"instock","14":"taxable","15":"shipping-taxable","16":"purchasable","17":"product-type-simple"},"yoast_head":"<!-- This site is optimized with the Yoast SEO plugin v27.2 - https:\/\/yoast.com\/product\/yoast-seo-wordpress\/ -->\n<title>Doppel-Schlagstock adidas &#8211; Daisho<\/title>\n<meta name=\"description\" content=\"Entwickeln Sie Ihre Techniken mit unseren Doppelschlagschl\u00e4gern. Sie eignen sich f\u00fcr alle Kampfsportarten. Besuchen Sie uns auf www.daisho.be\/Daisho.\" \/>\n<meta name=\"robots\" content=\"index, follow, max-snippet:-1, max-image-preview:large, max-video-preview:-1\" \/>\n<link rel=\"canonical\" href=\"https:\/\/www.daisho.be\/de\/produit\/doppel-schlagstock-adidas\/\" \/>\n<meta property=\"og:locale\" content=\"de_DE\" \/>\n<meta property=\"og:type\" content=\"article\" \/>\n<meta property=\"og:title\" content=\"Doppel-Schlagstock adidas &#8211; Daisho\" \/>\n<meta property=\"og:description\" content=\"Entwickeln Sie Ihre Techniken mit unseren Doppelschlagschl\u00e4gern. Sie eignen sich f\u00fcr alle Kampfsportarten. Besuchen Sie uns auf www.daisho.be\/Daisho.\" \/>\n<meta property=\"og:url\" content=\"https:\/\/www.daisho.be\/de\/produit\/doppel-schlagstock-adidas\/\" \/>\n<meta property=\"og:site_name\" content=\"Daisho\" \/>\n<meta property=\"article:modified_time\" content=\"2025-02-25T15:36:15+00:00\" \/>\n<meta property=\"og:image\" content=\"https:\/\/www.daisho.be\/wp-content\/uploads\/2024\/10\/image-16.webp\" \/>\n\t<meta property=\"og:image:width\" content=\"1000\" \/>\n\t<meta property=\"og:image:height\" content=\"1000\" \/>\n\t<meta property=\"og:image:type\" content=\"image\/webp\" \/>\n<meta name=\"twitter:card\" content=\"summary_large_image\" \/>\n<script type=\"application\/ld+json\" class=\"yoast-schema-graph\">{\"@context\":\"https:\/\/schema.org\",\"@graph\":[{\"@type\":\"WebPage\",\"@id\":\"https:\/\/www.daisho.be\/de\/produit\/doppel-schlagstock-adidas\/\",\"url\":\"https:\/\/www.daisho.be\/de\/produit\/doppel-schlagstock-adidas\/\",\"name\":\"Doppel-Schlagstock adidas &#8211; Daisho\",\"isPartOf\":{\"@id\":\"https:\/\/www.daisho.be\/de\/#website\"},\"primaryImageOfPage\":{\"@id\":\"https:\/\/www.daisho.be\/de\/produit\/doppel-schlagstock-adidas\/#primaryimage\"},\"image\":{\"@id\":\"https:\/\/www.daisho.be\/de\/produit\/doppel-schlagstock-adidas\/#primaryimage\"},\"thumbnailUrl\":\"https:\/\/www.daisho.be\/wp-content\/uploads\/2024\/10\/image-16.webp\",\"datePublished\":\"2024-10-25T10:03:43+00:00\",\"dateModified\":\"2025-02-25T15:36:15+00:00\",\"description\":\"Entwickeln Sie Ihre Techniken mit unseren Doppelschlagschl\u00e4gern. Sie eignen sich f\u00fcr alle Kampfsportarten. Besuchen Sie uns auf www.daisho.be\/Daisho.\",\"breadcrumb\":{\"@id\":\"https:\/\/www.daisho.be\/de\/produit\/doppel-schlagstock-adidas\/#breadcrumb\"},\"inLanguage\":\"de\",\"potentialAction\":[{\"@type\":\"ReadAction\",\"target\":[\"https:\/\/www.daisho.be\/de\/produit\/doppel-schlagstock-adidas\/\"]}]},{\"@type\":\"ImageObject\",\"inLanguage\":\"de\",\"@id\":\"https:\/\/www.daisho.be\/de\/produit\/doppel-schlagstock-adidas\/#primaryimage\",\"url\":\"https:\/\/www.daisho.be\/wp-content\/uploads\/2024\/10\/image-16.webp\",\"contentUrl\":\"https:\/\/www.daisho.be\/wp-content\/uploads\/2024\/10\/image-16.webp\",\"width\":1000,\"height\":1000,\"caption\":\"Doppel-Schlagstock adidas-1\"},{\"@type\":\"BreadcrumbList\",\"@id\":\"https:\/\/www.daisho.be\/de\/produit\/doppel-schlagstock-adidas\/#breadcrumb\",\"itemListElement\":[{\"@type\":\"ListItem\",\"position\":1,\"name\":\"Accueil\",\"item\":\"https:\/\/www.daisho.be\/de\/\"},{\"@type\":\"ListItem\",\"position\":2,\"name\":\"Produkte\",\"item\":\"https:\/\/www.daisho.be\/de\/produkte\/\"},{\"@type\":\"ListItem\",\"position\":3,\"name\":\"ADIDAS COMBAT SPORTS\",\"item\":\"https:\/\/www.daisho.be\/de\/categorie-produit\/adidas-combat-sports-de\/\"},{\"@type\":\"ListItem\",\"position\":4,\"name\":\"Karate\",\"item\":\"https:\/\/www.daisho.be\/de\/categorie-produit\/adidas-combat-sports-de\/karate-de\/\"},{\"@type\":\"ListItem\",\"position\":5,\"name\":\"Boxs\u00e4cke und Trainingszubeh\u00f6r Karate\",\"item\":\"https:\/\/www.daisho.be\/de\/categorie-produit\/adidas-combat-sports-de\/karate-de\/boxsacke-und-trainingszubehor-karate\/\"},{\"@type\":\"ListItem\",\"position\":6,\"name\":\"Doppel-Schlagstock adidas\"}]},{\"@type\":\"WebSite\",\"@id\":\"https:\/\/www.daisho.be\/de\/#website\",\"url\":\"https:\/\/www.daisho.be\/de\/\",\"name\":\"Daisho\",\"description\":\"Sp&eacute;cialiste de l'&eacute;quipement sportif d'arts martiaux\",\"publisher\":{\"@id\":\"https:\/\/www.daisho.be\/de\/#organization\"},\"potentialAction\":[{\"@type\":\"SearchAction\",\"target\":{\"@type\":\"EntryPoint\",\"urlTemplate\":\"https:\/\/www.daisho.be\/de\/?s={search_term_string}\"},\"query-input\":{\"@type\":\"PropertyValueSpecification\",\"valueRequired\":true,\"valueName\":\"search_term_string\"}}],\"inLanguage\":\"de\"},{\"@type\":\"Organization\",\"@id\":\"https:\/\/www.daisho.be\/de\/#organization\",\"name\":\"Daisho\",\"url\":\"https:\/\/www.daisho.be\/de\/\",\"logo\":{\"@type\":\"ImageObject\",\"inLanguage\":\"de\",\"@id\":\"https:\/\/www.daisho.be\/de\/#\/schema\/logo\/image\/\",\"url\":\"https:\/\/www.daisho.be\/wp-content\/uploads\/2019\/07\/color-nothing-horizontale4x-e1564486100247.png\",\"contentUrl\":\"https:\/\/www.daisho.be\/wp-content\/uploads\/2019\/07\/color-nothing-horizontale4x-e1564486100247.png\",\"width\":1547,\"height\":385,\"caption\":\"Daisho\"},\"image\":{\"@id\":\"https:\/\/www.daisho.be\/de\/#\/schema\/logo\/image\/\"}}]}<\/script>\n<!-- \/ Yoast SEO plugin. -->","yoast_head_json":{"title":"Doppel-Schlagstock adidas &#8211; Daisho","description":"Entwickeln Sie Ihre Techniken mit unseren Doppelschlagschl\u00e4gern. Sie eignen sich f\u00fcr alle Kampfsportarten. Besuchen Sie uns auf www.daisho.be\/Daisho.","robots":{"index":"index","follow":"follow","max-snippet":"max-snippet:-1","max-image-preview":"max-image-preview:large","max-video-preview":"max-video-preview:-1"},"canonical":"https:\/\/www.daisho.be\/de\/produit\/doppel-schlagstock-adidas\/","og_locale":"de_DE","og_type":"article","og_title":"Doppel-Schlagstock adidas &#8211; Daisho","og_description":"Entwickeln Sie Ihre Techniken mit unseren Doppelschlagschl\u00e4gern. Sie eignen sich f\u00fcr alle Kampfsportarten. Besuchen Sie uns auf www.daisho.be\/Daisho.","og_url":"https:\/\/www.daisho.be\/de\/produit\/doppel-schlagstock-adidas\/","og_site_name":"Daisho","article_modified_time":"2025-02-25T15:36:15+00:00","og_image":[{"width":1000,"height":1000,"url":"https:\/\/www.daisho.be\/wp-content\/uploads\/2024\/10\/image-16.webp","type":"image\/webp"}],"twitter_card":"summary_large_image","schema":{"@context":"https:\/\/schema.org","@graph":[{"@type":"WebPage","@id":"https:\/\/www.daisho.be\/de\/produit\/doppel-schlagstock-adidas\/","url":"https:\/\/www.daisho.be\/de\/produit\/doppel-schlagstock-adidas\/","name":"Doppel-Schlagstock adidas &#8211; Daisho","isPartOf":{"@id":"https:\/\/www.daisho.be\/de\/#website"},"primaryImageOfPage":{"@id":"https:\/\/www.daisho.be\/de\/produit\/doppel-schlagstock-adidas\/#primaryimage"},"image":{"@id":"https:\/\/www.daisho.be\/de\/produit\/doppel-schlagstock-adidas\/#primaryimage"},"thumbnailUrl":"https:\/\/www.daisho.be\/wp-content\/uploads\/2024\/10\/image-16.webp","datePublished":"2024-10-25T10:03:43+00:00","dateModified":"2025-02-25T15:36:15+00:00","description":"Entwickeln Sie Ihre Techniken mit unseren Doppelschlagschl\u00e4gern. Sie eignen sich f\u00fcr alle Kampfsportarten. Besuchen Sie uns auf www.daisho.be\/Daisho.","breadcrumb":{"@id":"https:\/\/www.daisho.be\/de\/produit\/doppel-schlagstock-adidas\/#breadcrumb"},"inLanguage":"de","potentialAction":[{"@type":"ReadAction","target":["https:\/\/www.daisho.be\/de\/produit\/doppel-schlagstock-adidas\/"]}]},{"@type":"ImageObject","inLanguage":"de","@id":"https:\/\/www.daisho.be\/de\/produit\/doppel-schlagstock-adidas\/#primaryimage","url":"https:\/\/www.daisho.be\/wp-content\/uploads\/2024\/10\/image-16.webp","contentUrl":"https:\/\/www.daisho.be\/wp-content\/uploads\/2024\/10\/image-16.webp","width":1000,"height":1000,"caption":"Doppel-Schlagstock adidas-1"},{"@type":"BreadcrumbList","@id":"https:\/\/www.daisho.be\/de\/produit\/doppel-schlagstock-adidas\/#breadcrumb","itemListElement":[{"@type":"ListItem","position":1,"name":"Accueil","item":"https:\/\/www.daisho.be\/de\/"},{"@type":"ListItem","position":2,"name":"Produkte","item":"https:\/\/www.daisho.be\/de\/produkte\/"},{"@type":"ListItem","position":3,"name":"ADIDAS COMBAT SPORTS","item":"https:\/\/www.daisho.be\/de\/categorie-produit\/adidas-combat-sports-de\/"},{"@type":"ListItem","position":4,"name":"Karate","item":"https:\/\/www.daisho.be\/de\/categorie-produit\/adidas-combat-sports-de\/karate-de\/"},{"@type":"ListItem","position":5,"name":"Boxs\u00e4cke und Trainingszubeh\u00f6r Karate","item":"https:\/\/www.daisho.be\/de\/categorie-produit\/adidas-combat-sports-de\/karate-de\/boxsacke-und-trainingszubehor-karate\/"},{"@type":"ListItem","position":6,"name":"Doppel-Schlagstock adidas"}]},{"@type":"WebSite","@id":"https:\/\/www.daisho.be\/de\/#website","url":"https:\/\/www.daisho.be\/de\/","name":"Daisho","description":"Sp&eacute;cialiste de l'&eacute;quipement sportif d'arts martiaux","publisher":{"@id":"https:\/\/www.daisho.be\/de\/#organization"},"potentialAction":[{"@type":"SearchAction","target":{"@type":"EntryPoint","urlTemplate":"https:\/\/www.daisho.be\/de\/?s={search_term_string}"},"query-input":{"@type":"PropertyValueSpecification","valueRequired":true,"valueName":"search_term_string"}}],"inLanguage":"de"},{"@type":"Organization","@id":"https:\/\/www.daisho.be\/de\/#organization","name":"Daisho","url":"https:\/\/www.daisho.be\/de\/","logo":{"@type":"ImageObject","inLanguage":"de","@id":"https:\/\/www.daisho.be\/de\/#\/schema\/logo\/image\/","url":"https:\/\/www.daisho.be\/wp-content\/uploads\/2019\/07\/color-nothing-horizontale4x-e1564486100247.png","contentUrl":"https:\/\/www.daisho.be\/wp-content\/uploads\/2019\/07\/color-nothing-horizontale4x-e1564486100247.png","width":1547,"height":385,"caption":"Daisho"},"image":{"@id":"https:\/\/www.daisho.be\/de\/#\/schema\/logo\/image\/"}}]}},"_links":{"self":[{"href":"https:\/\/www.daisho.be\/de\/wp-json\/wp\/v2\/product\/464088","targetHints":{"allow":["GET"]}}],"collection":[{"href":"https:\/\/www.daisho.be\/de\/wp-json\/wp\/v2\/product"}],"about":[{"href":"https:\/\/www.daisho.be\/de\/wp-json\/wp\/v2\/types\/product"}],"replies":[{"embeddable":true,"href":"https:\/\/www.daisho.be\/de\/wp-json\/wp\/v2\/comments?post=464088"}],"wp:featuredmedia":[{"embeddable":true,"href":"https:\/\/www.daisho.be\/de\/wp-json\/wp\/v2\/media\/464089"}],"wp:attachment":[{"href":"https:\/\/www.daisho.be\/de\/wp-json\/wp\/v2\/media?parent=464088"}],"wp:term":[{"taxonomy":"product_brand","embeddable":true,"href":"https:\/\/www.daisho.be\/de\/wp-json\/wp\/v2\/product_brand?post=464088"},{"taxonomy":"product_cat","embeddable":true,"href":"https:\/\/www.daisho.be\/de\/wp-json\/wp\/v2\/product_cat?post=464088"},{"taxonomy":"product_tag","embeddable":true,"href":"https:\/\/www.daisho.be\/de\/wp-json\/wp\/v2\/product_tag?post=464088"},{"taxonomy":"sport","embeddable":true,"href":"https:\/\/www.daisho.be\/de\/wp-json\/wp\/v2\/sport?post=464088"}],"curies":[{"name":"wp","href":"https:\/\/api.w.org\/{rel}","templated":true}]}}