{"id":464074,"date":"2024-10-29T17:02:39","date_gmt":"2024-10-29T16:02:39","guid":{"rendered":"https:\/\/www.daisho.be\/produit\/dobok-adidas-taekwondo-adi-start-ii-eco\/"},"modified":"2025-12-22T17:24:20","modified_gmt":"2025-12-22T16:24:20","slug":"dobok-adidas-taekwondo-adi-start-ii-eco","status":"publish","type":"product","link":"https:\/\/www.daisho.be\/de\/produit\/dobok-adidas-taekwondo-adi-start-ii-eco\/","title":{"rendered":"Dobok adidas Taekwondo Adi Start II Eco"},"content":{"rendered":"<p>Ein Taekwondo-Anzug mit einem fantastischen Preis-Leistungs-Verh\u00e4ltnis. Mit einer wundersch\u00f6nen Pr\u00e4gung im Stoff bedecken die drei Streifen den gesamten Dobok. <\/p>\n<p>Einsteigeranzug aus leichtem Stoff, mit wei\u00dfen Aufschl\u00e4gen f\u00fcr G\u00fcrtel in den Farben wei\u00df bis rot.<br \/>\nJacke mit Stehkragen, V-Ausschnitt im WT-Stil. Hose mit elastischem Bund und zus\u00e4tzlicher Schn\u00fcrung.<br \/>\nMaterial: 100% Polyester Wird mit Jacke, Hose und G\u00fcrtel geliefert. <\/p>\n<p>Technische Daten:<\/p>\n<p> Der Dobok hat eine normale Gr\u00f6\u00dfe<br \/>\n Hose mit elastischem Band und zus\u00e4tzlicher Schn\u00fcrung<br \/>\n mit dem neuen WT-Logo auf dem V-Ausschnitt<br \/>\n Extrem leicht und einfach zu tragen<br \/>\n Material: 100% Polyester<\/p>\n","protected":false},"excerpt":{"rendered":"<p>Ein Taekwondo-Anzug mit einem fantastischen Preis-Leistungs-Verh\u00e4ltnis. Mit einer wundersch\u00f6nen Pr\u00e4gung im Stoff bedecken die drei Streifen den gesamten Dobok. Einsteigeranzug aus leichtem Stoff, mit wei\u00dfen Aufschl\u00e4gen f\u00fcr G\u00fcrtel in den Farben wei\u00df bis rot. Jacke mit Stehkragen, V-Ausschnitt im WT-Stil. Hose mit elastischem Bund und zus\u00e4tzlicher Schn\u00fcrung. Material: 100% Polyester Wird mit Jacke, Hose und [&hellip;]<\/p>\n","protected":false},"featured_media":464087,"comment_status":"open","ping_status":"closed","template":"","meta":{"inline_featured_image":false},"product_brand":[],"product_cat":[2289,2118,2168],"product_tag":[2178],"sport":[],"class_list":{"0":"post-464074","1":"product","2":"type-product","3":"status-publish","4":"has-post-thumbnail","6":"product_cat-kimono-dobok-adidas-de","7":"product_cat-kleidung-kimonos","8":"product_cat-taekwondo-dobok-kleidung","9":"product_tag-adidas-de","10":"pa_size-437","11":"pa_size-375","12":"pa_size-374","13":"pa_size-373","14":"pa_size-381","15":"pa_size-380","16":"pa_size-379","17":"pa_size-378","18":"pa_size-377","19":"pa_size-376","20":"pa_size-383","22":"first","23":"instock","24":"taxable","25":"shipping-taxable","26":"purchasable","27":"product-type-variable"},"yoast_head":"<!-- This site is optimized with the Yoast SEO plugin v27.2 - https:\/\/yoast.com\/product\/yoast-seo-wordpress\/ -->\n<title>Dobok adidas Taekwondo Adi Start II Eco &#8211; Daisho<\/title>\n<meta name=\"description\" content=\"Auf der Suche nach einem Dobok? Dann ist dies der richtige f\u00fcr Sie. Er bietet Ihnen ein gutes Preis-Leistungs-Verh\u00e4ltnis. Kaufen Sie ihn jetzt auf www.daisho.be\" \/>\n<meta name=\"robots\" content=\"index, follow, max-snippet:-1, max-image-preview:large, max-video-preview:-1\" \/>\n<link rel=\"canonical\" href=\"https:\/\/www.daisho.be\/de\/produit\/dobok-adidas-taekwondo-adi-start-ii-eco\/\" \/>\n<meta property=\"og:locale\" content=\"de_DE\" \/>\n<meta property=\"og:type\" content=\"article\" \/>\n<meta property=\"og:title\" content=\"Dobok adidas Taekwondo Adi Start II Eco &#8211; Daisho\" \/>\n<meta property=\"og:description\" content=\"Auf der Suche nach einem Dobok? Dann ist dies der richtige f\u00fcr Sie. Er bietet Ihnen ein gutes Preis-Leistungs-Verh\u00e4ltnis. Kaufen Sie ihn jetzt auf www.daisho.be\" \/>\n<meta property=\"og:url\" content=\"https:\/\/www.daisho.be\/de\/produit\/dobok-adidas-taekwondo-adi-start-ii-eco\/\" \/>\n<meta property=\"og:site_name\" content=\"Daisho\" \/>\n<meta property=\"article:modified_time\" content=\"2025-12-22T16:24:20+00:00\" \/>\n<meta property=\"og:image\" content=\"https:\/\/www.daisho.be\/wp-content\/uploads\/2024\/10\/image-17.webp\" \/>\n\t<meta property=\"og:image:width\" content=\"855\" \/>\n\t<meta property=\"og:image:height\" content=\"1200\" \/>\n\t<meta property=\"og:image:type\" content=\"image\/webp\" \/>\n<meta name=\"twitter:card\" content=\"summary_large_image\" \/>\n<script type=\"application\/ld+json\" class=\"yoast-schema-graph\">{\"@context\":\"https:\/\/schema.org\",\"@graph\":[{\"@type\":\"WebPage\",\"@id\":\"https:\/\/www.daisho.be\/de\/produit\/dobok-adidas-taekwondo-adi-start-ii-eco\/\",\"url\":\"https:\/\/www.daisho.be\/de\/produit\/dobok-adidas-taekwondo-adi-start-ii-eco\/\",\"name\":\"Dobok adidas Taekwondo Adi Start II Eco &#8211; Daisho\",\"isPartOf\":{\"@id\":\"https:\/\/www.daisho.be\/de\/#website\"},\"primaryImageOfPage\":{\"@id\":\"https:\/\/www.daisho.be\/de\/produit\/dobok-adidas-taekwondo-adi-start-ii-eco\/#primaryimage\"},\"image\":{\"@id\":\"https:\/\/www.daisho.be\/de\/produit\/dobok-adidas-taekwondo-adi-start-ii-eco\/#primaryimage\"},\"thumbnailUrl\":\"https:\/\/www.daisho.be\/wp-content\/uploads\/2024\/10\/image-17.webp\",\"datePublished\":\"2024-10-29T16:02:39+00:00\",\"dateModified\":\"2025-12-22T16:24:20+00:00\",\"description\":\"Auf der Suche nach einem Dobok? Dann ist dies der richtige f\u00fcr Sie. Er bietet Ihnen ein gutes Preis-Leistungs-Verh\u00e4ltnis. Kaufen Sie ihn jetzt auf www.daisho.be\",\"breadcrumb\":{\"@id\":\"https:\/\/www.daisho.be\/de\/produit\/dobok-adidas-taekwondo-adi-start-ii-eco\/#breadcrumb\"},\"inLanguage\":\"de\",\"potentialAction\":[{\"@type\":\"ReadAction\",\"target\":[\"https:\/\/www.daisho.be\/de\/produit\/dobok-adidas-taekwondo-adi-start-ii-eco\/\"]}]},{\"@type\":\"ImageObject\",\"inLanguage\":\"de\",\"@id\":\"https:\/\/www.daisho.be\/de\/produit\/dobok-adidas-taekwondo-adi-start-ii-eco\/#primaryimage\",\"url\":\"https:\/\/www.daisho.be\/wp-content\/uploads\/2024\/10\/image-17.webp\",\"contentUrl\":\"https:\/\/www.daisho.be\/wp-content\/uploads\/2024\/10\/image-17.webp\",\"width\":855,\"height\":1200,\"caption\":\"Dobok adidas Taekwondo Adi Start II Eco-1\"},{\"@type\":\"BreadcrumbList\",\"@id\":\"https:\/\/www.daisho.be\/de\/produit\/dobok-adidas-taekwondo-adi-start-ii-eco\/#breadcrumb\",\"itemListElement\":[{\"@type\":\"ListItem\",\"position\":1,\"name\":\"Accueil\",\"item\":\"https:\/\/www.daisho.be\/de\/\"},{\"@type\":\"ListItem\",\"position\":2,\"name\":\"Produkte\",\"item\":\"https:\/\/www.daisho.be\/de\/produkte\/\"},{\"@type\":\"ListItem\",\"position\":3,\"name\":\"ADIDAS COMBAT SPORTS\",\"item\":\"https:\/\/www.daisho.be\/de\/categorie-produit\/adidas-combat-sports-de\/\"},{\"@type\":\"ListItem\",\"position\":4,\"name\":\"Taekwondo\",\"item\":\"https:\/\/www.daisho.be\/de\/categorie-produit\/adidas-combat-sports-de\/taekwondo-de\/\"},{\"@type\":\"ListItem\",\"position\":5,\"name\":\"Kimono - Dobok Adidas\",\"item\":\"https:\/\/www.daisho.be\/de\/categorie-produit\/adidas-combat-sports-de\/taekwondo-de\/kimono-dobok-adidas-de\/\"},{\"@type\":\"ListItem\",\"position\":6,\"name\":\"Dobok adidas Taekwondo Adi Start II Eco\"}]},{\"@type\":\"WebSite\",\"@id\":\"https:\/\/www.daisho.be\/de\/#website\",\"url\":\"https:\/\/www.daisho.be\/de\/\",\"name\":\"Daisho\",\"description\":\"Sp&eacute;cialiste de l'&eacute;quipement sportif d'arts martiaux\",\"publisher\":{\"@id\":\"https:\/\/www.daisho.be\/de\/#organization\"},\"potentialAction\":[{\"@type\":\"SearchAction\",\"target\":{\"@type\":\"EntryPoint\",\"urlTemplate\":\"https:\/\/www.daisho.be\/de\/?s={search_term_string}\"},\"query-input\":{\"@type\":\"PropertyValueSpecification\",\"valueRequired\":true,\"valueName\":\"search_term_string\"}}],\"inLanguage\":\"de\"},{\"@type\":\"Organization\",\"@id\":\"https:\/\/www.daisho.be\/de\/#organization\",\"name\":\"Daisho\",\"url\":\"https:\/\/www.daisho.be\/de\/\",\"logo\":{\"@type\":\"ImageObject\",\"inLanguage\":\"de\",\"@id\":\"https:\/\/www.daisho.be\/de\/#\/schema\/logo\/image\/\",\"url\":\"https:\/\/www.daisho.be\/wp-content\/uploads\/2019\/07\/color-nothing-horizontale4x-e1564486100247.png\",\"contentUrl\":\"https:\/\/www.daisho.be\/wp-content\/uploads\/2019\/07\/color-nothing-horizontale4x-e1564486100247.png\",\"width\":1547,\"height\":385,\"caption\":\"Daisho\"},\"image\":{\"@id\":\"https:\/\/www.daisho.be\/de\/#\/schema\/logo\/image\/\"}}]}<\/script>\n<!-- \/ Yoast SEO plugin. -->","yoast_head_json":{"title":"Dobok adidas Taekwondo Adi Start II Eco &#8211; Daisho","description":"Auf der Suche nach einem Dobok? Dann ist dies der richtige f\u00fcr Sie. Er bietet Ihnen ein gutes Preis-Leistungs-Verh\u00e4ltnis. Kaufen Sie ihn jetzt auf www.daisho.be","robots":{"index":"index","follow":"follow","max-snippet":"max-snippet:-1","max-image-preview":"max-image-preview:large","max-video-preview":"max-video-preview:-1"},"canonical":"https:\/\/www.daisho.be\/de\/produit\/dobok-adidas-taekwondo-adi-start-ii-eco\/","og_locale":"de_DE","og_type":"article","og_title":"Dobok adidas Taekwondo Adi Start II Eco &#8211; Daisho","og_description":"Auf der Suche nach einem Dobok? Dann ist dies der richtige f\u00fcr Sie. Er bietet Ihnen ein gutes Preis-Leistungs-Verh\u00e4ltnis. Kaufen Sie ihn jetzt auf www.daisho.be","og_url":"https:\/\/www.daisho.be\/de\/produit\/dobok-adidas-taekwondo-adi-start-ii-eco\/","og_site_name":"Daisho","article_modified_time":"2025-12-22T16:24:20+00:00","og_image":[{"width":855,"height":1200,"url":"https:\/\/www.daisho.be\/wp-content\/uploads\/2024\/10\/image-17.webp","type":"image\/webp"}],"twitter_card":"summary_large_image","schema":{"@context":"https:\/\/schema.org","@graph":[{"@type":"WebPage","@id":"https:\/\/www.daisho.be\/de\/produit\/dobok-adidas-taekwondo-adi-start-ii-eco\/","url":"https:\/\/www.daisho.be\/de\/produit\/dobok-adidas-taekwondo-adi-start-ii-eco\/","name":"Dobok adidas Taekwondo Adi Start II Eco &#8211; Daisho","isPartOf":{"@id":"https:\/\/www.daisho.be\/de\/#website"},"primaryImageOfPage":{"@id":"https:\/\/www.daisho.be\/de\/produit\/dobok-adidas-taekwondo-adi-start-ii-eco\/#primaryimage"},"image":{"@id":"https:\/\/www.daisho.be\/de\/produit\/dobok-adidas-taekwondo-adi-start-ii-eco\/#primaryimage"},"thumbnailUrl":"https:\/\/www.daisho.be\/wp-content\/uploads\/2024\/10\/image-17.webp","datePublished":"2024-10-29T16:02:39+00:00","dateModified":"2025-12-22T16:24:20+00:00","description":"Auf der Suche nach einem Dobok? Dann ist dies der richtige f\u00fcr Sie. Er bietet Ihnen ein gutes Preis-Leistungs-Verh\u00e4ltnis. Kaufen Sie ihn jetzt auf www.daisho.be","breadcrumb":{"@id":"https:\/\/www.daisho.be\/de\/produit\/dobok-adidas-taekwondo-adi-start-ii-eco\/#breadcrumb"},"inLanguage":"de","potentialAction":[{"@type":"ReadAction","target":["https:\/\/www.daisho.be\/de\/produit\/dobok-adidas-taekwondo-adi-start-ii-eco\/"]}]},{"@type":"ImageObject","inLanguage":"de","@id":"https:\/\/www.daisho.be\/de\/produit\/dobok-adidas-taekwondo-adi-start-ii-eco\/#primaryimage","url":"https:\/\/www.daisho.be\/wp-content\/uploads\/2024\/10\/image-17.webp","contentUrl":"https:\/\/www.daisho.be\/wp-content\/uploads\/2024\/10\/image-17.webp","width":855,"height":1200,"caption":"Dobok adidas Taekwondo Adi Start II Eco-1"},{"@type":"BreadcrumbList","@id":"https:\/\/www.daisho.be\/de\/produit\/dobok-adidas-taekwondo-adi-start-ii-eco\/#breadcrumb","itemListElement":[{"@type":"ListItem","position":1,"name":"Accueil","item":"https:\/\/www.daisho.be\/de\/"},{"@type":"ListItem","position":2,"name":"Produkte","item":"https:\/\/www.daisho.be\/de\/produkte\/"},{"@type":"ListItem","position":3,"name":"ADIDAS COMBAT SPORTS","item":"https:\/\/www.daisho.be\/de\/categorie-produit\/adidas-combat-sports-de\/"},{"@type":"ListItem","position":4,"name":"Taekwondo","item":"https:\/\/www.daisho.be\/de\/categorie-produit\/adidas-combat-sports-de\/taekwondo-de\/"},{"@type":"ListItem","position":5,"name":"Kimono - Dobok Adidas","item":"https:\/\/www.daisho.be\/de\/categorie-produit\/adidas-combat-sports-de\/taekwondo-de\/kimono-dobok-adidas-de\/"},{"@type":"ListItem","position":6,"name":"Dobok adidas Taekwondo Adi Start II Eco"}]},{"@type":"WebSite","@id":"https:\/\/www.daisho.be\/de\/#website","url":"https:\/\/www.daisho.be\/de\/","name":"Daisho","description":"Sp&eacute;cialiste de l'&eacute;quipement sportif d'arts martiaux","publisher":{"@id":"https:\/\/www.daisho.be\/de\/#organization"},"potentialAction":[{"@type":"SearchAction","target":{"@type":"EntryPoint","urlTemplate":"https:\/\/www.daisho.be\/de\/?s={search_term_string}"},"query-input":{"@type":"PropertyValueSpecification","valueRequired":true,"valueName":"search_term_string"}}],"inLanguage":"de"},{"@type":"Organization","@id":"https:\/\/www.daisho.be\/de\/#organization","name":"Daisho","url":"https:\/\/www.daisho.be\/de\/","logo":{"@type":"ImageObject","inLanguage":"de","@id":"https:\/\/www.daisho.be\/de\/#\/schema\/logo\/image\/","url":"https:\/\/www.daisho.be\/wp-content\/uploads\/2019\/07\/color-nothing-horizontale4x-e1564486100247.png","contentUrl":"https:\/\/www.daisho.be\/wp-content\/uploads\/2019\/07\/color-nothing-horizontale4x-e1564486100247.png","width":1547,"height":385,"caption":"Daisho"},"image":{"@id":"https:\/\/www.daisho.be\/de\/#\/schema\/logo\/image\/"}}]}},"_links":{"self":[{"href":"https:\/\/www.daisho.be\/de\/wp-json\/wp\/v2\/product\/464074","targetHints":{"allow":["GET"]}}],"collection":[{"href":"https:\/\/www.daisho.be\/de\/wp-json\/wp\/v2\/product"}],"about":[{"href":"https:\/\/www.daisho.be\/de\/wp-json\/wp\/v2\/types\/product"}],"replies":[{"embeddable":true,"href":"https:\/\/www.daisho.be\/de\/wp-json\/wp\/v2\/comments?post=464074"}],"wp:featuredmedia":[{"embeddable":true,"href":"https:\/\/www.daisho.be\/de\/wp-json\/wp\/v2\/media\/464087"}],"wp:attachment":[{"href":"https:\/\/www.daisho.be\/de\/wp-json\/wp\/v2\/media?parent=464074"}],"wp:term":[{"taxonomy":"product_brand","embeddable":true,"href":"https:\/\/www.daisho.be\/de\/wp-json\/wp\/v2\/product_brand?post=464074"},{"taxonomy":"product_cat","embeddable":true,"href":"https:\/\/www.daisho.be\/de\/wp-json\/wp\/v2\/product_cat?post=464074"},{"taxonomy":"product_tag","embeddable":true,"href":"https:\/\/www.daisho.be\/de\/wp-json\/wp\/v2\/product_tag?post=464074"},{"taxonomy":"sport","embeddable":true,"href":"https:\/\/www.daisho.be\/de\/wp-json\/wp\/v2\/sport?post=464074"}],"curies":[{"name":"wp","href":"https:\/\/api.w.org\/{rel}","templated":true}]}}