{"id":463998,"date":"2024-11-08T17:47:30","date_gmt":"2024-11-08T16:47:30","guid":{"rendered":"https:\/\/www.daisho.be\/produit\/adidas-taekwondo-zielscheibe-double-maya\/"},"modified":"2025-02-25T16:05:09","modified_gmt":"2025-02-25T15:05:09","slug":"adidas-taekwondo-zielscheibe-double-maya","status":"publish","type":"product","link":"https:\/\/www.daisho.be\/de\/produit\/adidas-taekwondo-zielscheibe-double-maya\/","title":{"rendered":"adidas Taekwondo Zielscheibe Double Maya"},"content":{"rendered":"<p>Diese Taekwondo-Zielscheibe von adidas ist perfekt geeignet, um mehr Schlaggeschwindigkeit zu erreichen.<br \/>\nDie Taekwondo-Zielscheibe besteht aus PU &#8218;Maya&#8216; und ist sehr widerstandsf\u00e4hig.<br \/>\nSie hat einen Nylongurt, mit dem Sie sie festhalten k\u00f6nnen.<br \/>\nVorteile:<br \/>\n&#8211; aus PU &#8218;Maya&#8216;<br \/>\n&#8211; ideal f\u00fcr das Geschwindigkeitstraining<br \/>\n&#8211; mit Nylongurt<br \/>\n&#8211; Material: Maya-PU mit Carbon-Look<\/p>\n","protected":false},"excerpt":{"rendered":"<p>Diese Taekwondo-Zielscheibe von adidas ist perfekt geeignet, um mehr Schlaggeschwindigkeit zu erreichen. Die Taekwondo-Zielscheibe besteht aus PU &#8218;Maya&#8216; und ist sehr widerstandsf\u00e4hig. Sie hat einen Nylongurt, mit dem Sie sie festhalten k\u00f6nnen. Vorteile: &#8211; aus PU &#8218;Maya&#8216; &#8211; ideal f\u00fcr das Geschwindigkeitstraining &#8211; mit Nylongurt &#8211; Material: Maya-PU mit Carbon-Look<\/p>\n","protected":false},"featured_media":464000,"comment_status":"open","ping_status":"closed","template":"","meta":{"inline_featured_image":false},"product_brand":[],"product_cat":[2251,2055,2256,2027],"product_tag":[2178],"sport":[],"class_list":{"0":"post-463998","1":"product","2":"type-product","3":"status-publish","4":"has-post-thumbnail","6":"product_cat-boxsacke-und-trainingszubehor-karate","7":"product_cat-karate-trainingsmaterial","8":"product_cat-taekwondo-boxsacke-und-trainingszubehor-von-adidas","9":"product_cat-taekwondo-trainingsmaterial","10":"product_tag-adidas-de","12":"first","13":"instock","14":"taxable","15":"shipping-taxable","16":"purchasable","17":"product-type-simple"},"yoast_head":"<!-- This site is optimized with the Yoast SEO plugin v27.2 - https:\/\/yoast.com\/product\/yoast-seo-wordpress\/ -->\n<title>adidas Taekwondo Zielscheibe Double Maya &#8211; Daisho<\/title>\n<meta name=\"description\" content=\"Entdecken Sie unsere Taekwondo-Ziele von Adidas: hochwertige Ausr\u00fcstung, um Ihre Leistung zu verbessern. Kaufen Sie sie auf www.daisho.be\/Daisho\" \/>\n<meta name=\"robots\" content=\"index, follow, max-snippet:-1, max-image-preview:large, max-video-preview:-1\" \/>\n<link rel=\"canonical\" href=\"https:\/\/www.daisho.be\/de\/produit\/adidas-taekwondo-zielscheibe-double-maya\/\" \/>\n<meta property=\"og:locale\" content=\"de_DE\" \/>\n<meta property=\"og:type\" content=\"article\" \/>\n<meta property=\"og:title\" content=\"adidas Taekwondo Zielscheibe Double Maya &#8211; Daisho\" \/>\n<meta property=\"og:description\" content=\"Entdecken Sie unsere Taekwondo-Ziele von Adidas: hochwertige Ausr\u00fcstung, um Ihre Leistung zu verbessern. Kaufen Sie sie auf www.daisho.be\/Daisho\" \/>\n<meta property=\"og:url\" content=\"https:\/\/www.daisho.be\/de\/produit\/adidas-taekwondo-zielscheibe-double-maya\/\" \/>\n<meta property=\"og:site_name\" content=\"Daisho\" \/>\n<meta property=\"article:modified_time\" content=\"2025-02-25T15:05:09+00:00\" \/>\n<meta property=\"og:image\" content=\"https:\/\/www.daisho.be\/wp-content\/uploads\/2024\/11\/image.webp\" \/>\n\t<meta property=\"og:image:width\" content=\"1200\" \/>\n\t<meta property=\"og:image:height\" content=\"699\" \/>\n\t<meta property=\"og:image:type\" content=\"image\/webp\" \/>\n<meta name=\"twitter:card\" content=\"summary_large_image\" \/>\n<script type=\"application\/ld+json\" class=\"yoast-schema-graph\">{\"@context\":\"https:\/\/schema.org\",\"@graph\":[{\"@type\":\"WebPage\",\"@id\":\"https:\/\/www.daisho.be\/de\/produit\/adidas-taekwondo-zielscheibe-double-maya\/\",\"url\":\"https:\/\/www.daisho.be\/de\/produit\/adidas-taekwondo-zielscheibe-double-maya\/\",\"name\":\"adidas Taekwondo Zielscheibe Double Maya &#8211; Daisho\",\"isPartOf\":{\"@id\":\"https:\/\/www.daisho.be\/de\/#website\"},\"primaryImageOfPage\":{\"@id\":\"https:\/\/www.daisho.be\/de\/produit\/adidas-taekwondo-zielscheibe-double-maya\/#primaryimage\"},\"image\":{\"@id\":\"https:\/\/www.daisho.be\/de\/produit\/adidas-taekwondo-zielscheibe-double-maya\/#primaryimage\"},\"thumbnailUrl\":\"https:\/\/www.daisho.be\/wp-content\/uploads\/2024\/11\/image.webp\",\"datePublished\":\"2024-11-08T16:47:30+00:00\",\"dateModified\":\"2025-02-25T15:05:09+00:00\",\"description\":\"Entdecken Sie unsere Taekwondo-Ziele von Adidas: hochwertige Ausr\u00fcstung, um Ihre Leistung zu verbessern. Kaufen Sie sie auf www.daisho.be\/Daisho\",\"breadcrumb\":{\"@id\":\"https:\/\/www.daisho.be\/de\/produit\/adidas-taekwondo-zielscheibe-double-maya\/#breadcrumb\"},\"inLanguage\":\"de\",\"potentialAction\":[{\"@type\":\"ReadAction\",\"target\":[\"https:\/\/www.daisho.be\/de\/produit\/adidas-taekwondo-zielscheibe-double-maya\/\"]}]},{\"@type\":\"ImageObject\",\"inLanguage\":\"de\",\"@id\":\"https:\/\/www.daisho.be\/de\/produit\/adidas-taekwondo-zielscheibe-double-maya\/#primaryimage\",\"url\":\"https:\/\/www.daisho.be\/wp-content\/uploads\/2024\/11\/image.webp\",\"contentUrl\":\"https:\/\/www.daisho.be\/wp-content\/uploads\/2024\/11\/image.webp\",\"width\":1200,\"height\":699,\"caption\":\"adidas Taekwondo Zielscheibe Double Maya-1\"},{\"@type\":\"BreadcrumbList\",\"@id\":\"https:\/\/www.daisho.be\/de\/produit\/adidas-taekwondo-zielscheibe-double-maya\/#breadcrumb\",\"itemListElement\":[{\"@type\":\"ListItem\",\"position\":1,\"name\":\"Accueil\",\"item\":\"https:\/\/www.daisho.be\/de\/\"},{\"@type\":\"ListItem\",\"position\":2,\"name\":\"Produkte\",\"item\":\"https:\/\/www.daisho.be\/de\/produkte\/\"},{\"@type\":\"ListItem\",\"position\":3,\"name\":\"ADIDAS COMBAT SPORTS\",\"item\":\"https:\/\/www.daisho.be\/de\/categorie-produit\/adidas-combat-sports-de\/\"},{\"@type\":\"ListItem\",\"position\":4,\"name\":\"Karate\",\"item\":\"https:\/\/www.daisho.be\/de\/categorie-produit\/adidas-combat-sports-de\/karate-de\/\"},{\"@type\":\"ListItem\",\"position\":5,\"name\":\"Boxs\u00e4cke und Trainingszubeh\u00f6r Karate\",\"item\":\"https:\/\/www.daisho.be\/de\/categorie-produit\/adidas-combat-sports-de\/karate-de\/boxsacke-und-trainingszubehor-karate\/\"},{\"@type\":\"ListItem\",\"position\":6,\"name\":\"adidas Taekwondo Zielscheibe Double Maya\"}]},{\"@type\":\"WebSite\",\"@id\":\"https:\/\/www.daisho.be\/de\/#website\",\"url\":\"https:\/\/www.daisho.be\/de\/\",\"name\":\"Daisho\",\"description\":\"Sp&eacute;cialiste de l'&eacute;quipement sportif d'arts martiaux\",\"publisher\":{\"@id\":\"https:\/\/www.daisho.be\/de\/#organization\"},\"potentialAction\":[{\"@type\":\"SearchAction\",\"target\":{\"@type\":\"EntryPoint\",\"urlTemplate\":\"https:\/\/www.daisho.be\/de\/?s={search_term_string}\"},\"query-input\":{\"@type\":\"PropertyValueSpecification\",\"valueRequired\":true,\"valueName\":\"search_term_string\"}}],\"inLanguage\":\"de\"},{\"@type\":\"Organization\",\"@id\":\"https:\/\/www.daisho.be\/de\/#organization\",\"name\":\"Daisho\",\"url\":\"https:\/\/www.daisho.be\/de\/\",\"logo\":{\"@type\":\"ImageObject\",\"inLanguage\":\"de\",\"@id\":\"https:\/\/www.daisho.be\/de\/#\/schema\/logo\/image\/\",\"url\":\"https:\/\/www.daisho.be\/wp-content\/uploads\/2019\/07\/color-nothing-horizontale4x-e1564486100247.png\",\"contentUrl\":\"https:\/\/www.daisho.be\/wp-content\/uploads\/2019\/07\/color-nothing-horizontale4x-e1564486100247.png\",\"width\":1547,\"height\":385,\"caption\":\"Daisho\"},\"image\":{\"@id\":\"https:\/\/www.daisho.be\/de\/#\/schema\/logo\/image\/\"}}]}<\/script>\n<!-- \/ Yoast SEO plugin. -->","yoast_head_json":{"title":"adidas Taekwondo Zielscheibe Double Maya &#8211; Daisho","description":"Entdecken Sie unsere Taekwondo-Ziele von Adidas: hochwertige Ausr\u00fcstung, um Ihre Leistung zu verbessern. Kaufen Sie sie auf www.daisho.be\/Daisho","robots":{"index":"index","follow":"follow","max-snippet":"max-snippet:-1","max-image-preview":"max-image-preview:large","max-video-preview":"max-video-preview:-1"},"canonical":"https:\/\/www.daisho.be\/de\/produit\/adidas-taekwondo-zielscheibe-double-maya\/","og_locale":"de_DE","og_type":"article","og_title":"adidas Taekwondo Zielscheibe Double Maya &#8211; Daisho","og_description":"Entdecken Sie unsere Taekwondo-Ziele von Adidas: hochwertige Ausr\u00fcstung, um Ihre Leistung zu verbessern. Kaufen Sie sie auf www.daisho.be\/Daisho","og_url":"https:\/\/www.daisho.be\/de\/produit\/adidas-taekwondo-zielscheibe-double-maya\/","og_site_name":"Daisho","article_modified_time":"2025-02-25T15:05:09+00:00","og_image":[{"width":1200,"height":699,"url":"https:\/\/www.daisho.be\/wp-content\/uploads\/2024\/11\/image.webp","type":"image\/webp"}],"twitter_card":"summary_large_image","schema":{"@context":"https:\/\/schema.org","@graph":[{"@type":"WebPage","@id":"https:\/\/www.daisho.be\/de\/produit\/adidas-taekwondo-zielscheibe-double-maya\/","url":"https:\/\/www.daisho.be\/de\/produit\/adidas-taekwondo-zielscheibe-double-maya\/","name":"adidas Taekwondo Zielscheibe Double Maya &#8211; Daisho","isPartOf":{"@id":"https:\/\/www.daisho.be\/de\/#website"},"primaryImageOfPage":{"@id":"https:\/\/www.daisho.be\/de\/produit\/adidas-taekwondo-zielscheibe-double-maya\/#primaryimage"},"image":{"@id":"https:\/\/www.daisho.be\/de\/produit\/adidas-taekwondo-zielscheibe-double-maya\/#primaryimage"},"thumbnailUrl":"https:\/\/www.daisho.be\/wp-content\/uploads\/2024\/11\/image.webp","datePublished":"2024-11-08T16:47:30+00:00","dateModified":"2025-02-25T15:05:09+00:00","description":"Entdecken Sie unsere Taekwondo-Ziele von Adidas: hochwertige Ausr\u00fcstung, um Ihre Leistung zu verbessern. Kaufen Sie sie auf www.daisho.be\/Daisho","breadcrumb":{"@id":"https:\/\/www.daisho.be\/de\/produit\/adidas-taekwondo-zielscheibe-double-maya\/#breadcrumb"},"inLanguage":"de","potentialAction":[{"@type":"ReadAction","target":["https:\/\/www.daisho.be\/de\/produit\/adidas-taekwondo-zielscheibe-double-maya\/"]}]},{"@type":"ImageObject","inLanguage":"de","@id":"https:\/\/www.daisho.be\/de\/produit\/adidas-taekwondo-zielscheibe-double-maya\/#primaryimage","url":"https:\/\/www.daisho.be\/wp-content\/uploads\/2024\/11\/image.webp","contentUrl":"https:\/\/www.daisho.be\/wp-content\/uploads\/2024\/11\/image.webp","width":1200,"height":699,"caption":"adidas Taekwondo Zielscheibe Double Maya-1"},{"@type":"BreadcrumbList","@id":"https:\/\/www.daisho.be\/de\/produit\/adidas-taekwondo-zielscheibe-double-maya\/#breadcrumb","itemListElement":[{"@type":"ListItem","position":1,"name":"Accueil","item":"https:\/\/www.daisho.be\/de\/"},{"@type":"ListItem","position":2,"name":"Produkte","item":"https:\/\/www.daisho.be\/de\/produkte\/"},{"@type":"ListItem","position":3,"name":"ADIDAS COMBAT SPORTS","item":"https:\/\/www.daisho.be\/de\/categorie-produit\/adidas-combat-sports-de\/"},{"@type":"ListItem","position":4,"name":"Karate","item":"https:\/\/www.daisho.be\/de\/categorie-produit\/adidas-combat-sports-de\/karate-de\/"},{"@type":"ListItem","position":5,"name":"Boxs\u00e4cke und Trainingszubeh\u00f6r Karate","item":"https:\/\/www.daisho.be\/de\/categorie-produit\/adidas-combat-sports-de\/karate-de\/boxsacke-und-trainingszubehor-karate\/"},{"@type":"ListItem","position":6,"name":"adidas Taekwondo Zielscheibe Double Maya"}]},{"@type":"WebSite","@id":"https:\/\/www.daisho.be\/de\/#website","url":"https:\/\/www.daisho.be\/de\/","name":"Daisho","description":"Sp&eacute;cialiste de l'&eacute;quipement sportif d'arts martiaux","publisher":{"@id":"https:\/\/www.daisho.be\/de\/#organization"},"potentialAction":[{"@type":"SearchAction","target":{"@type":"EntryPoint","urlTemplate":"https:\/\/www.daisho.be\/de\/?s={search_term_string}"},"query-input":{"@type":"PropertyValueSpecification","valueRequired":true,"valueName":"search_term_string"}}],"inLanguage":"de"},{"@type":"Organization","@id":"https:\/\/www.daisho.be\/de\/#organization","name":"Daisho","url":"https:\/\/www.daisho.be\/de\/","logo":{"@type":"ImageObject","inLanguage":"de","@id":"https:\/\/www.daisho.be\/de\/#\/schema\/logo\/image\/","url":"https:\/\/www.daisho.be\/wp-content\/uploads\/2019\/07\/color-nothing-horizontale4x-e1564486100247.png","contentUrl":"https:\/\/www.daisho.be\/wp-content\/uploads\/2019\/07\/color-nothing-horizontale4x-e1564486100247.png","width":1547,"height":385,"caption":"Daisho"},"image":{"@id":"https:\/\/www.daisho.be\/de\/#\/schema\/logo\/image\/"}}]}},"_links":{"self":[{"href":"https:\/\/www.daisho.be\/de\/wp-json\/wp\/v2\/product\/463998","targetHints":{"allow":["GET"]}}],"collection":[{"href":"https:\/\/www.daisho.be\/de\/wp-json\/wp\/v2\/product"}],"about":[{"href":"https:\/\/www.daisho.be\/de\/wp-json\/wp\/v2\/types\/product"}],"replies":[{"embeddable":true,"href":"https:\/\/www.daisho.be\/de\/wp-json\/wp\/v2\/comments?post=463998"}],"wp:featuredmedia":[{"embeddable":true,"href":"https:\/\/www.daisho.be\/de\/wp-json\/wp\/v2\/media\/464000"}],"wp:attachment":[{"href":"https:\/\/www.daisho.be\/de\/wp-json\/wp\/v2\/media?parent=463998"}],"wp:term":[{"taxonomy":"product_brand","embeddable":true,"href":"https:\/\/www.daisho.be\/de\/wp-json\/wp\/v2\/product_brand?post=463998"},{"taxonomy":"product_cat","embeddable":true,"href":"https:\/\/www.daisho.be\/de\/wp-json\/wp\/v2\/product_cat?post=463998"},{"taxonomy":"product_tag","embeddable":true,"href":"https:\/\/www.daisho.be\/de\/wp-json\/wp\/v2\/product_tag?post=463998"},{"taxonomy":"sport","embeddable":true,"href":"https:\/\/www.daisho.be\/de\/wp-json\/wp\/v2\/sport?post=463998"}],"curies":[{"name":"wp","href":"https:\/\/api.w.org\/{rel}","templated":true}]}}