{"id":463957,"date":"2024-11-21T15:33:44","date_gmt":"2024-11-21T14:33:44","guid":{"rendered":"https:\/\/www.daisho.be\/produit\/schwarzer-hijab-wkf\/"},"modified":"2024-11-21T15:33:44","modified_gmt":"2024-11-21T14:33:44","slug":"schwarzer-hijab-wkf","status":"publish","type":"product","link":"https:\/\/www.daisho.be\/de\/produit\/schwarzer-hijab-wkf\/","title":{"rendered":"SCHWARZER HIJAB &#8211; WKF"},"content":{"rendered":"<p>Der schwarze Hijab f\u00fcr Frauen aus 100% Polyester wurde f\u00fcr Karate entworfen und bietet Ihnen Stil, Komfort und Funktionalit\u00e4t bei jedem Training oder Wettkampf. Dieser Karate-Schal ist die ideale Kopfbedeckung f\u00fcr Karate-begeisterte Frauen, die ihre Leistung verbessern und gleichzeitig ihren religi\u00f6sen oder kulturellen \u00dcberzeugungen treu bleiben m\u00f6chten. Hergestellt aus 100% hochwertigem Polyestermaterial ist dieser Hijab nicht nur leicht, sondern auch langlebig und strapazierf\u00e4hig. Er wurde speziell f\u00fcr die Anforderungen des Karate entwickelt und bietet Ihnen Bewegungsfreiheit und Atmungsaktivit\u00e4t, w\u00e4hrend Sie Ihre F\u00e4higkeiten im Training oder im Wettkampf verbessern. Der Klettverschluss auf der R\u00fcckseite erm\u00f6glicht eine individuelle Anpassung und garantiert einen sicheren Sitz, auch bei intensiven Bewegungen und schnellen Techniken. Das Mesh-Material am Hinterkopf sorgt f\u00fcr eine optimale Bel\u00fcftung und h\u00e4lt Ihren Kopf auch bei intensiven Trainingseinheiten k\u00fchl und trocken. Sie k\u00f6nnen sich voll und ganz auf Ihre Techniken konzentrieren, ohne durch Unbehagen oder \u00fcberm\u00e4\u00dfiges Schwitzen abgelenkt zu werden. Bitte beachten Sie, dass dieser Hijab etwas kleiner als die anderen Modelle ist. Dieser Artikel ist von der WKF zugelassen.<\/p>\n","protected":false},"excerpt":{"rendered":"<p>Der schwarze Hijab f\u00fcr Frauen aus 100% Polyester wurde f\u00fcr Karate entworfen und bietet Ihnen Stil, Komfort und Funktionalit\u00e4t bei jedem Training oder Wettkampf. Dieser Karate-Schal ist die ideale Kopfbedeckung f\u00fcr Karate-begeisterte Frauen, die ihre Leistung verbessern und gleichzeitig ihren religi\u00f6sen oder kulturellen \u00dcberzeugungen treu bleiben m\u00f6chten. Hergestellt aus 100% hochwertigem Polyestermaterial ist dieser Hijab [&hellip;]<\/p>\n","protected":false},"featured_media":463958,"comment_status":"open","ping_status":"closed","template":"","meta":{"inline_featured_image":false},"product_brand":[],"product_cat":[2062,2052,2051,2092],"product_tag":[2158],"sport":[],"class_list":{"0":"post-463957","1":"product","2":"type-product","3":"status-publish","4":"has-post-thumbnail","6":"product_cat-karate-schutzkleidung","7":"product_cat-protektoren-boxen","8":"product_cat-schutz","9":"product_cat-taekwondo-protektoren","10":"product_tag-s-b-j-de","12":"first","13":"instock","14":"taxable","15":"shipping-taxable","16":"purchasable","17":"product-type-simple"},"yoast_head":"<!-- This site is optimized with the Yoast SEO plugin v27.2 - https:\/\/yoast.com\/product\/yoast-seo-wordpress\/ -->\n<title>SCHWARZER HIJAB - WKF &#8211; Daisho<\/title>\n<meta name=\"robots\" content=\"index, follow, max-snippet:-1, max-image-preview:large, max-video-preview:-1\" \/>\n<link rel=\"canonical\" href=\"https:\/\/www.daisho.be\/de\/produit\/schwarzer-hijab-wkf\/\" \/>\n<meta property=\"og:locale\" content=\"de_DE\" \/>\n<meta property=\"og:type\" content=\"article\" \/>\n<meta property=\"og:title\" content=\"SCHWARZER HIJAB - WKF &#8211; Daisho\" \/>\n<meta property=\"og:description\" content=\"Der schwarze Hijab f\u00fcr Frauen aus 100% Polyester wurde f\u00fcr Karate entworfen und bietet Ihnen Stil, Komfort und Funktionalit\u00e4t bei jedem Training oder Wettkampf. Dieser Karate-Schal ist die ideale Kopfbedeckung f\u00fcr Karate-begeisterte Frauen, die ihre Leistung verbessern und gleichzeitig ihren religi\u00f6sen oder kulturellen \u00dcberzeugungen treu bleiben m\u00f6chten. Hergestellt aus 100% hochwertigem Polyestermaterial ist dieser Hijab [&hellip;]\" \/>\n<meta property=\"og:url\" content=\"https:\/\/www.daisho.be\/de\/produit\/schwarzer-hijab-wkf\/\" \/>\n<meta property=\"og:site_name\" content=\"Daisho\" \/>\n<meta property=\"og:image\" content=\"https:\/\/www.daisho.be\/wp-content\/uploads\/2024\/11\/image-3.webp\" \/>\n\t<meta property=\"og:image:width\" content=\"1200\" \/>\n\t<meta property=\"og:image:height\" content=\"1000\" \/>\n\t<meta property=\"og:image:type\" content=\"image\/webp\" \/>\n<meta name=\"twitter:card\" content=\"summary_large_image\" \/>\n<meta name=\"twitter:label1\" content=\"Gesch\u00e4tzte Lesezeit\" \/>\n\t<meta name=\"twitter:data1\" content=\"1\u00a0Minute\" \/>\n<script type=\"application\/ld+json\" class=\"yoast-schema-graph\">{\"@context\":\"https:\/\/schema.org\",\"@graph\":[{\"@type\":\"WebPage\",\"@id\":\"https:\/\/www.daisho.be\/de\/produit\/schwarzer-hijab-wkf\/\",\"url\":\"https:\/\/www.daisho.be\/de\/produit\/schwarzer-hijab-wkf\/\",\"name\":\"SCHWARZER HIJAB - WKF &#8211; Daisho\",\"isPartOf\":{\"@id\":\"https:\/\/www.daisho.be\/de\/#website\"},\"primaryImageOfPage\":{\"@id\":\"https:\/\/www.daisho.be\/de\/produit\/schwarzer-hijab-wkf\/#primaryimage\"},\"image\":{\"@id\":\"https:\/\/www.daisho.be\/de\/produit\/schwarzer-hijab-wkf\/#primaryimage\"},\"thumbnailUrl\":\"https:\/\/www.daisho.be\/wp-content\/uploads\/2024\/11\/image-3.webp\",\"datePublished\":\"2024-11-21T14:33:44+00:00\",\"breadcrumb\":{\"@id\":\"https:\/\/www.daisho.be\/de\/produit\/schwarzer-hijab-wkf\/#breadcrumb\"},\"inLanguage\":\"de\",\"potentialAction\":[{\"@type\":\"ReadAction\",\"target\":[\"https:\/\/www.daisho.be\/de\/produit\/schwarzer-hijab-wkf\/\"]}]},{\"@type\":\"ImageObject\",\"inLanguage\":\"de\",\"@id\":\"https:\/\/www.daisho.be\/de\/produit\/schwarzer-hijab-wkf\/#primaryimage\",\"url\":\"https:\/\/www.daisho.be\/wp-content\/uploads\/2024\/11\/image-3.webp\",\"contentUrl\":\"https:\/\/www.daisho.be\/wp-content\/uploads\/2024\/11\/image-3.webp\",\"width\":1200,\"height\":1000},{\"@type\":\"BreadcrumbList\",\"@id\":\"https:\/\/www.daisho.be\/de\/produit\/schwarzer-hijab-wkf\/#breadcrumb\",\"itemListElement\":[{\"@type\":\"ListItem\",\"position\":1,\"name\":\"Accueil\",\"item\":\"https:\/\/www.daisho.be\/de\/\"},{\"@type\":\"ListItem\",\"position\":2,\"name\":\"Produkte\",\"item\":\"https:\/\/www.daisho.be\/de\/produkte\/\"},{\"@type\":\"ListItem\",\"position\":3,\"name\":\"Ausr\u00fcstung und Kleidung f\u00fcr Kampfkunst und Kampfsport\",\"item\":\"https:\/\/www.daisho.be\/de\/categorie-produit\/ausrustung-und-kleidung-fur-kampfkunst-und-kampfsport\/\"},{\"@type\":\"ListItem\",\"position\":4,\"name\":\"Karate\",\"item\":\"https:\/\/www.daisho.be\/de\/categorie-produit\/ausrustung-und-kleidung-fur-kampfkunst-und-kampfsport\/karate-de-2\/\"},{\"@type\":\"ListItem\",\"position\":5,\"name\":\"Karate-Schutzkleidung\",\"item\":\"https:\/\/www.daisho.be\/de\/categorie-produit\/ausrustung-und-kleidung-fur-kampfkunst-und-kampfsport\/karate-de-2\/karate-schutzkleidung\/\"},{\"@type\":\"ListItem\",\"position\":6,\"name\":\"SCHWARZER HIJAB &#8211; WKF\"}]},{\"@type\":\"WebSite\",\"@id\":\"https:\/\/www.daisho.be\/de\/#website\",\"url\":\"https:\/\/www.daisho.be\/de\/\",\"name\":\"Daisho\",\"description\":\"Sp&eacute;cialiste de l'&eacute;quipement sportif d'arts martiaux\",\"publisher\":{\"@id\":\"https:\/\/www.daisho.be\/de\/#organization\"},\"potentialAction\":[{\"@type\":\"SearchAction\",\"target\":{\"@type\":\"EntryPoint\",\"urlTemplate\":\"https:\/\/www.daisho.be\/de\/?s={search_term_string}\"},\"query-input\":{\"@type\":\"PropertyValueSpecification\",\"valueRequired\":true,\"valueName\":\"search_term_string\"}}],\"inLanguage\":\"de\"},{\"@type\":\"Organization\",\"@id\":\"https:\/\/www.daisho.be\/de\/#organization\",\"name\":\"Daisho\",\"url\":\"https:\/\/www.daisho.be\/de\/\",\"logo\":{\"@type\":\"ImageObject\",\"inLanguage\":\"de\",\"@id\":\"https:\/\/www.daisho.be\/de\/#\/schema\/logo\/image\/\",\"url\":\"https:\/\/www.daisho.be\/wp-content\/uploads\/2019\/07\/color-nothing-horizontale4x-e1564486100247.png\",\"contentUrl\":\"https:\/\/www.daisho.be\/wp-content\/uploads\/2019\/07\/color-nothing-horizontale4x-e1564486100247.png\",\"width\":1547,\"height\":385,\"caption\":\"Daisho\"},\"image\":{\"@id\":\"https:\/\/www.daisho.be\/de\/#\/schema\/logo\/image\/\"}}]}<\/script>\n<!-- \/ Yoast SEO plugin. -->","yoast_head_json":{"title":"SCHWARZER HIJAB - WKF &#8211; Daisho","robots":{"index":"index","follow":"follow","max-snippet":"max-snippet:-1","max-image-preview":"max-image-preview:large","max-video-preview":"max-video-preview:-1"},"canonical":"https:\/\/www.daisho.be\/de\/produit\/schwarzer-hijab-wkf\/","og_locale":"de_DE","og_type":"article","og_title":"SCHWARZER HIJAB - WKF &#8211; Daisho","og_description":"Der schwarze Hijab f\u00fcr Frauen aus 100% Polyester wurde f\u00fcr Karate entworfen und bietet Ihnen Stil, Komfort und Funktionalit\u00e4t bei jedem Training oder Wettkampf. Dieser Karate-Schal ist die ideale Kopfbedeckung f\u00fcr Karate-begeisterte Frauen, die ihre Leistung verbessern und gleichzeitig ihren religi\u00f6sen oder kulturellen \u00dcberzeugungen treu bleiben m\u00f6chten. Hergestellt aus 100% hochwertigem Polyestermaterial ist dieser Hijab [&hellip;]","og_url":"https:\/\/www.daisho.be\/de\/produit\/schwarzer-hijab-wkf\/","og_site_name":"Daisho","og_image":[{"width":1200,"height":1000,"url":"https:\/\/www.daisho.be\/wp-content\/uploads\/2024\/11\/image-3.webp","type":"image\/webp"}],"twitter_card":"summary_large_image","twitter_misc":{"Gesch\u00e4tzte Lesezeit":"1\u00a0Minute"},"schema":{"@context":"https:\/\/schema.org","@graph":[{"@type":"WebPage","@id":"https:\/\/www.daisho.be\/de\/produit\/schwarzer-hijab-wkf\/","url":"https:\/\/www.daisho.be\/de\/produit\/schwarzer-hijab-wkf\/","name":"SCHWARZER HIJAB - WKF &#8211; Daisho","isPartOf":{"@id":"https:\/\/www.daisho.be\/de\/#website"},"primaryImageOfPage":{"@id":"https:\/\/www.daisho.be\/de\/produit\/schwarzer-hijab-wkf\/#primaryimage"},"image":{"@id":"https:\/\/www.daisho.be\/de\/produit\/schwarzer-hijab-wkf\/#primaryimage"},"thumbnailUrl":"https:\/\/www.daisho.be\/wp-content\/uploads\/2024\/11\/image-3.webp","datePublished":"2024-11-21T14:33:44+00:00","breadcrumb":{"@id":"https:\/\/www.daisho.be\/de\/produit\/schwarzer-hijab-wkf\/#breadcrumb"},"inLanguage":"de","potentialAction":[{"@type":"ReadAction","target":["https:\/\/www.daisho.be\/de\/produit\/schwarzer-hijab-wkf\/"]}]},{"@type":"ImageObject","inLanguage":"de","@id":"https:\/\/www.daisho.be\/de\/produit\/schwarzer-hijab-wkf\/#primaryimage","url":"https:\/\/www.daisho.be\/wp-content\/uploads\/2024\/11\/image-3.webp","contentUrl":"https:\/\/www.daisho.be\/wp-content\/uploads\/2024\/11\/image-3.webp","width":1200,"height":1000},{"@type":"BreadcrumbList","@id":"https:\/\/www.daisho.be\/de\/produit\/schwarzer-hijab-wkf\/#breadcrumb","itemListElement":[{"@type":"ListItem","position":1,"name":"Accueil","item":"https:\/\/www.daisho.be\/de\/"},{"@type":"ListItem","position":2,"name":"Produkte","item":"https:\/\/www.daisho.be\/de\/produkte\/"},{"@type":"ListItem","position":3,"name":"Ausr\u00fcstung und Kleidung f\u00fcr Kampfkunst und Kampfsport","item":"https:\/\/www.daisho.be\/de\/categorie-produit\/ausrustung-und-kleidung-fur-kampfkunst-und-kampfsport\/"},{"@type":"ListItem","position":4,"name":"Karate","item":"https:\/\/www.daisho.be\/de\/categorie-produit\/ausrustung-und-kleidung-fur-kampfkunst-und-kampfsport\/karate-de-2\/"},{"@type":"ListItem","position":5,"name":"Karate-Schutzkleidung","item":"https:\/\/www.daisho.be\/de\/categorie-produit\/ausrustung-und-kleidung-fur-kampfkunst-und-kampfsport\/karate-de-2\/karate-schutzkleidung\/"},{"@type":"ListItem","position":6,"name":"SCHWARZER HIJAB &#8211; WKF"}]},{"@type":"WebSite","@id":"https:\/\/www.daisho.be\/de\/#website","url":"https:\/\/www.daisho.be\/de\/","name":"Daisho","description":"Sp&eacute;cialiste de l'&eacute;quipement sportif d'arts martiaux","publisher":{"@id":"https:\/\/www.daisho.be\/de\/#organization"},"potentialAction":[{"@type":"SearchAction","target":{"@type":"EntryPoint","urlTemplate":"https:\/\/www.daisho.be\/de\/?s={search_term_string}"},"query-input":{"@type":"PropertyValueSpecification","valueRequired":true,"valueName":"search_term_string"}}],"inLanguage":"de"},{"@type":"Organization","@id":"https:\/\/www.daisho.be\/de\/#organization","name":"Daisho","url":"https:\/\/www.daisho.be\/de\/","logo":{"@type":"ImageObject","inLanguage":"de","@id":"https:\/\/www.daisho.be\/de\/#\/schema\/logo\/image\/","url":"https:\/\/www.daisho.be\/wp-content\/uploads\/2019\/07\/color-nothing-horizontale4x-e1564486100247.png","contentUrl":"https:\/\/www.daisho.be\/wp-content\/uploads\/2019\/07\/color-nothing-horizontale4x-e1564486100247.png","width":1547,"height":385,"caption":"Daisho"},"image":{"@id":"https:\/\/www.daisho.be\/de\/#\/schema\/logo\/image\/"}}]}},"_links":{"self":[{"href":"https:\/\/www.daisho.be\/de\/wp-json\/wp\/v2\/product\/463957","targetHints":{"allow":["GET"]}}],"collection":[{"href":"https:\/\/www.daisho.be\/de\/wp-json\/wp\/v2\/product"}],"about":[{"href":"https:\/\/www.daisho.be\/de\/wp-json\/wp\/v2\/types\/product"}],"replies":[{"embeddable":true,"href":"https:\/\/www.daisho.be\/de\/wp-json\/wp\/v2\/comments?post=463957"}],"wp:featuredmedia":[{"embeddable":true,"href":"https:\/\/www.daisho.be\/de\/wp-json\/wp\/v2\/media\/463958"}],"wp:attachment":[{"href":"https:\/\/www.daisho.be\/de\/wp-json\/wp\/v2\/media?parent=463957"}],"wp:term":[{"taxonomy":"product_brand","embeddable":true,"href":"https:\/\/www.daisho.be\/de\/wp-json\/wp\/v2\/product_brand?post=463957"},{"taxonomy":"product_cat","embeddable":true,"href":"https:\/\/www.daisho.be\/de\/wp-json\/wp\/v2\/product_cat?post=463957"},{"taxonomy":"product_tag","embeddable":true,"href":"https:\/\/www.daisho.be\/de\/wp-json\/wp\/v2\/product_tag?post=463957"},{"taxonomy":"sport","embeddable":true,"href":"https:\/\/www.daisho.be\/de\/wp-json\/wp\/v2\/sport?post=463957"}],"curies":[{"name":"wp","href":"https:\/\/api.w.org\/{rel}","templated":true}]}}