{"id":463940,"date":"2024-04-20T14:49:31","date_gmt":"2024-04-20T12:49:31","guid":{"rendered":"https:\/\/www.daisho.be\/produit\/badesandale-adidas-adilette-shower\/"},"modified":"2024-04-20T14:49:31","modified_gmt":"2024-04-20T12:49:31","slug":"badesandale-adidas-adilette-shower","status":"publish","type":"product","link":"https:\/\/www.daisho.be\/de\/produit\/badesandale-adidas-adilette-shower\/","title":{"rendered":"Badesandale Adidas -Adilette Shower-"},"content":{"rendered":"<p>Die adidas Adilette Shower ist die perfekte Badesandale f\u00fcr M\u00e4nner.<br \/>\nSie besteht aus weichem, atmungsaktivem Material und bietet optimalen Komfort f\u00fcr die F\u00fc\u00dfe.<br \/>\nDie Sohle ist rutschfest und bietet guten Halt auf nassen Oberfl\u00e4chen.<\/p>\n<p>Eigenschaften:<br \/>\n&#8211; Weiches, atmungsaktives Material<br \/>\n&#8211; Optimaler Komfort f\u00fcr die F\u00fc\u00dfe<br \/>\n&#8211; Rutschfeste Sohle<br \/>\n&#8211; Guter Halt auf nassen Oberfl\u00e4chen<\/p>\n","protected":false},"excerpt":{"rendered":"<p>Die adidas Adilette Shower ist die perfekte Badesandale f\u00fcr M\u00e4nner. Sie besteht aus weichem, atmungsaktivem Material und bietet optimalen Komfort f\u00fcr die F\u00fc\u00dfe. Die Sohle ist rutschfest und bietet guten Halt auf nassen Oberfl\u00e4chen. Eigenschaften: &#8211; Weiches, atmungsaktives Material &#8211; Optimaler Komfort f\u00fcr die F\u00fc\u00dfe &#8211; Rutschfeste Sohle &#8211; Guter Halt auf nassen Oberfl\u00e4chen<\/p>\n","protected":false},"featured_media":463942,"comment_status":"open","ping_status":"closed","template":"","meta":{"inline_featured_image":false},"product_brand":[],"product_cat":[2258,2257,2022,2019],"product_tag":[2178],"sport":[],"class_list":{"0":"post-463940","1":"product","2":"type-product","3":"status-publish","4":"has-post-thumbnail","6":"product_cat-adidas-combat-sports-bekleidung","7":"product_cat-adidas-kleidung-fur-karate","8":"product_cat-karate-bekleidung","9":"product_cat-schuhe","10":"product_tag-adidas-de","11":"pa_size-399","12":"pa_size-398","13":"pa_size-397","14":"pa_size-40-1-2","15":"pa_size-394","16":"pa_size-393","17":"pa_size-390","18":"pa_size-389","19":"pa_size-48-1-2","21":"first","22":"instock","23":"taxable","24":"shipping-taxable","25":"purchasable","26":"product-type-variable"},"yoast_head":"<!-- This site is optimized with the Yoast SEO plugin v27.2 - https:\/\/yoast.com\/product\/yoast-seo-wordpress\/ -->\n<title>Badesandale Adidas -Adilette Shower- &#8211; Daisho<\/title>\n<meta name=\"description\" content=\"Die adidas Adilette Shower ist die Badesandale! Bietet guten Halt auf nassen Oberfl\u00e4chen und optimalen Komfort f\u00fcr die F\u00fc\u00dfe.\" \/>\n<meta name=\"robots\" content=\"index, follow, max-snippet:-1, max-image-preview:large, max-video-preview:-1\" \/>\n<link rel=\"canonical\" href=\"https:\/\/www.daisho.be\/de\/produit\/badesandale-adidas-adilette-shower\/\" \/>\n<meta property=\"og:locale\" content=\"de_DE\" \/>\n<meta property=\"og:type\" content=\"article\" \/>\n<meta property=\"og:title\" content=\"Badesandale Adidas -Adilette Shower- &#8211; Daisho\" \/>\n<meta property=\"og:description\" content=\"Die adidas Adilette Shower ist die Badesandale! Bietet guten Halt auf nassen Oberfl\u00e4chen und optimalen Komfort f\u00fcr die F\u00fc\u00dfe.\" \/>\n<meta property=\"og:url\" content=\"https:\/\/www.daisho.be\/de\/produit\/badesandale-adidas-adilette-shower\/\" \/>\n<meta property=\"og:site_name\" content=\"Daisho\" \/>\n<meta property=\"og:image\" content=\"https:\/\/www.daisho.be\/wp-content\/uploads\/2024\/04\/image-78.jpg\" \/>\n\t<meta property=\"og:image:width\" content=\"1200\" \/>\n\t<meta property=\"og:image:height\" content=\"1200\" \/>\n\t<meta property=\"og:image:type\" content=\"image\/jpeg\" \/>\n<meta name=\"twitter:card\" content=\"summary_large_image\" \/>\n<script type=\"application\/ld+json\" class=\"yoast-schema-graph\">{\"@context\":\"https:\/\/schema.org\",\"@graph\":[{\"@type\":\"WebPage\",\"@id\":\"https:\/\/www.daisho.be\/de\/produit\/badesandale-adidas-adilette-shower\/\",\"url\":\"https:\/\/www.daisho.be\/de\/produit\/badesandale-adidas-adilette-shower\/\",\"name\":\"Badesandale Adidas -Adilette Shower- &#8211; Daisho\",\"isPartOf\":{\"@id\":\"https:\/\/www.daisho.be\/de\/#website\"},\"primaryImageOfPage\":{\"@id\":\"https:\/\/www.daisho.be\/de\/produit\/badesandale-adidas-adilette-shower\/#primaryimage\"},\"image\":{\"@id\":\"https:\/\/www.daisho.be\/de\/produit\/badesandale-adidas-adilette-shower\/#primaryimage\"},\"thumbnailUrl\":\"https:\/\/www.daisho.be\/wp-content\/uploads\/2024\/04\/image-78.jpg\",\"datePublished\":\"2024-04-20T12:49:31+00:00\",\"description\":\"Die adidas Adilette Shower ist die Badesandale! Bietet guten Halt auf nassen Oberfl\u00e4chen und optimalen Komfort f\u00fcr die F\u00fc\u00dfe.\",\"breadcrumb\":{\"@id\":\"https:\/\/www.daisho.be\/de\/produit\/badesandale-adidas-adilette-shower\/#breadcrumb\"},\"inLanguage\":\"de\",\"potentialAction\":[{\"@type\":\"ReadAction\",\"target\":[\"https:\/\/www.daisho.be\/de\/produit\/badesandale-adidas-adilette-shower\/\"]}]},{\"@type\":\"ImageObject\",\"inLanguage\":\"de\",\"@id\":\"https:\/\/www.daisho.be\/de\/produit\/badesandale-adidas-adilette-shower\/#primaryimage\",\"url\":\"https:\/\/www.daisho.be\/wp-content\/uploads\/2024\/04\/image-78.jpg\",\"contentUrl\":\"https:\/\/www.daisho.be\/wp-content\/uploads\/2024\/04\/image-78.jpg\",\"width\":1200,\"height\":1200},{\"@type\":\"BreadcrumbList\",\"@id\":\"https:\/\/www.daisho.be\/de\/produit\/badesandale-adidas-adilette-shower\/#breadcrumb\",\"itemListElement\":[{\"@type\":\"ListItem\",\"position\":1,\"name\":\"Accueil\",\"item\":\"https:\/\/www.daisho.be\/de\/\"},{\"@type\":\"ListItem\",\"position\":2,\"name\":\"Produkte\",\"item\":\"https:\/\/www.daisho.be\/de\/produkte\/\"},{\"@type\":\"ListItem\",\"position\":3,\"name\":\"ADIDAS COMBAT SPORTS\",\"item\":\"https:\/\/www.daisho.be\/de\/categorie-produit\/adidas-combat-sports-de\/\"},{\"@type\":\"ListItem\",\"position\":4,\"name\":\"Kampfsport\",\"item\":\"https:\/\/www.daisho.be\/de\/categorie-produit\/adidas-combat-sports-de\/kampfsport\/\"},{\"@type\":\"ListItem\",\"position\":5,\"name\":\"Adidas Combat Sports Bekleidung\",\"item\":\"https:\/\/www.daisho.be\/de\/categorie-produit\/adidas-combat-sports-de\/kampfsport\/adidas-combat-sports-bekleidung\/\"},{\"@type\":\"ListItem\",\"position\":6,\"name\":\"Badesandale Adidas -Adilette Shower-\"}]},{\"@type\":\"WebSite\",\"@id\":\"https:\/\/www.daisho.be\/de\/#website\",\"url\":\"https:\/\/www.daisho.be\/de\/\",\"name\":\"Daisho\",\"description\":\"Sp&eacute;cialiste de l'&eacute;quipement sportif d'arts martiaux\",\"publisher\":{\"@id\":\"https:\/\/www.daisho.be\/de\/#organization\"},\"potentialAction\":[{\"@type\":\"SearchAction\",\"target\":{\"@type\":\"EntryPoint\",\"urlTemplate\":\"https:\/\/www.daisho.be\/de\/?s={search_term_string}\"},\"query-input\":{\"@type\":\"PropertyValueSpecification\",\"valueRequired\":true,\"valueName\":\"search_term_string\"}}],\"inLanguage\":\"de\"},{\"@type\":\"Organization\",\"@id\":\"https:\/\/www.daisho.be\/de\/#organization\",\"name\":\"Daisho\",\"url\":\"https:\/\/www.daisho.be\/de\/\",\"logo\":{\"@type\":\"ImageObject\",\"inLanguage\":\"de\",\"@id\":\"https:\/\/www.daisho.be\/de\/#\/schema\/logo\/image\/\",\"url\":\"https:\/\/www.daisho.be\/wp-content\/uploads\/2019\/07\/color-nothing-horizontale4x-e1564486100247.png\",\"contentUrl\":\"https:\/\/www.daisho.be\/wp-content\/uploads\/2019\/07\/color-nothing-horizontale4x-e1564486100247.png\",\"width\":1547,\"height\":385,\"caption\":\"Daisho\"},\"image\":{\"@id\":\"https:\/\/www.daisho.be\/de\/#\/schema\/logo\/image\/\"}}]}<\/script>\n<!-- \/ Yoast SEO plugin. -->","yoast_head_json":{"title":"Badesandale Adidas -Adilette Shower- &#8211; Daisho","description":"Die adidas Adilette Shower ist die Badesandale! Bietet guten Halt auf nassen Oberfl\u00e4chen und optimalen Komfort f\u00fcr die F\u00fc\u00dfe.","robots":{"index":"index","follow":"follow","max-snippet":"max-snippet:-1","max-image-preview":"max-image-preview:large","max-video-preview":"max-video-preview:-1"},"canonical":"https:\/\/www.daisho.be\/de\/produit\/badesandale-adidas-adilette-shower\/","og_locale":"de_DE","og_type":"article","og_title":"Badesandale Adidas -Adilette Shower- &#8211; Daisho","og_description":"Die adidas Adilette Shower ist die Badesandale! Bietet guten Halt auf nassen Oberfl\u00e4chen und optimalen Komfort f\u00fcr die F\u00fc\u00dfe.","og_url":"https:\/\/www.daisho.be\/de\/produit\/badesandale-adidas-adilette-shower\/","og_site_name":"Daisho","og_image":[{"width":1200,"height":1200,"url":"https:\/\/www.daisho.be\/wp-content\/uploads\/2024\/04\/image-78.jpg","type":"image\/jpeg"}],"twitter_card":"summary_large_image","schema":{"@context":"https:\/\/schema.org","@graph":[{"@type":"WebPage","@id":"https:\/\/www.daisho.be\/de\/produit\/badesandale-adidas-adilette-shower\/","url":"https:\/\/www.daisho.be\/de\/produit\/badesandale-adidas-adilette-shower\/","name":"Badesandale Adidas -Adilette Shower- &#8211; Daisho","isPartOf":{"@id":"https:\/\/www.daisho.be\/de\/#website"},"primaryImageOfPage":{"@id":"https:\/\/www.daisho.be\/de\/produit\/badesandale-adidas-adilette-shower\/#primaryimage"},"image":{"@id":"https:\/\/www.daisho.be\/de\/produit\/badesandale-adidas-adilette-shower\/#primaryimage"},"thumbnailUrl":"https:\/\/www.daisho.be\/wp-content\/uploads\/2024\/04\/image-78.jpg","datePublished":"2024-04-20T12:49:31+00:00","description":"Die adidas Adilette Shower ist die Badesandale! Bietet guten Halt auf nassen Oberfl\u00e4chen und optimalen Komfort f\u00fcr die F\u00fc\u00dfe.","breadcrumb":{"@id":"https:\/\/www.daisho.be\/de\/produit\/badesandale-adidas-adilette-shower\/#breadcrumb"},"inLanguage":"de","potentialAction":[{"@type":"ReadAction","target":["https:\/\/www.daisho.be\/de\/produit\/badesandale-adidas-adilette-shower\/"]}]},{"@type":"ImageObject","inLanguage":"de","@id":"https:\/\/www.daisho.be\/de\/produit\/badesandale-adidas-adilette-shower\/#primaryimage","url":"https:\/\/www.daisho.be\/wp-content\/uploads\/2024\/04\/image-78.jpg","contentUrl":"https:\/\/www.daisho.be\/wp-content\/uploads\/2024\/04\/image-78.jpg","width":1200,"height":1200},{"@type":"BreadcrumbList","@id":"https:\/\/www.daisho.be\/de\/produit\/badesandale-adidas-adilette-shower\/#breadcrumb","itemListElement":[{"@type":"ListItem","position":1,"name":"Accueil","item":"https:\/\/www.daisho.be\/de\/"},{"@type":"ListItem","position":2,"name":"Produkte","item":"https:\/\/www.daisho.be\/de\/produkte\/"},{"@type":"ListItem","position":3,"name":"ADIDAS COMBAT SPORTS","item":"https:\/\/www.daisho.be\/de\/categorie-produit\/adidas-combat-sports-de\/"},{"@type":"ListItem","position":4,"name":"Kampfsport","item":"https:\/\/www.daisho.be\/de\/categorie-produit\/adidas-combat-sports-de\/kampfsport\/"},{"@type":"ListItem","position":5,"name":"Adidas Combat Sports Bekleidung","item":"https:\/\/www.daisho.be\/de\/categorie-produit\/adidas-combat-sports-de\/kampfsport\/adidas-combat-sports-bekleidung\/"},{"@type":"ListItem","position":6,"name":"Badesandale Adidas -Adilette Shower-"}]},{"@type":"WebSite","@id":"https:\/\/www.daisho.be\/de\/#website","url":"https:\/\/www.daisho.be\/de\/","name":"Daisho","description":"Sp&eacute;cialiste de l'&eacute;quipement sportif d'arts martiaux","publisher":{"@id":"https:\/\/www.daisho.be\/de\/#organization"},"potentialAction":[{"@type":"SearchAction","target":{"@type":"EntryPoint","urlTemplate":"https:\/\/www.daisho.be\/de\/?s={search_term_string}"},"query-input":{"@type":"PropertyValueSpecification","valueRequired":true,"valueName":"search_term_string"}}],"inLanguage":"de"},{"@type":"Organization","@id":"https:\/\/www.daisho.be\/de\/#organization","name":"Daisho","url":"https:\/\/www.daisho.be\/de\/","logo":{"@type":"ImageObject","inLanguage":"de","@id":"https:\/\/www.daisho.be\/de\/#\/schema\/logo\/image\/","url":"https:\/\/www.daisho.be\/wp-content\/uploads\/2019\/07\/color-nothing-horizontale4x-e1564486100247.png","contentUrl":"https:\/\/www.daisho.be\/wp-content\/uploads\/2019\/07\/color-nothing-horizontale4x-e1564486100247.png","width":1547,"height":385,"caption":"Daisho"},"image":{"@id":"https:\/\/www.daisho.be\/de\/#\/schema\/logo\/image\/"}}]}},"_links":{"self":[{"href":"https:\/\/www.daisho.be\/de\/wp-json\/wp\/v2\/product\/463940","targetHints":{"allow":["GET"]}}],"collection":[{"href":"https:\/\/www.daisho.be\/de\/wp-json\/wp\/v2\/product"}],"about":[{"href":"https:\/\/www.daisho.be\/de\/wp-json\/wp\/v2\/types\/product"}],"replies":[{"embeddable":true,"href":"https:\/\/www.daisho.be\/de\/wp-json\/wp\/v2\/comments?post=463940"}],"wp:featuredmedia":[{"embeddable":true,"href":"https:\/\/www.daisho.be\/de\/wp-json\/wp\/v2\/media\/463942"}],"wp:attachment":[{"href":"https:\/\/www.daisho.be\/de\/wp-json\/wp\/v2\/media?parent=463940"}],"wp:term":[{"taxonomy":"product_brand","embeddable":true,"href":"https:\/\/www.daisho.be\/de\/wp-json\/wp\/v2\/product_brand?post=463940"},{"taxonomy":"product_cat","embeddable":true,"href":"https:\/\/www.daisho.be\/de\/wp-json\/wp\/v2\/product_cat?post=463940"},{"taxonomy":"product_tag","embeddable":true,"href":"https:\/\/www.daisho.be\/de\/wp-json\/wp\/v2\/product_tag?post=463940"},{"taxonomy":"sport","embeddable":true,"href":"https:\/\/www.daisho.be\/de\/wp-json\/wp\/v2\/sport?post=463940"}],"curies":[{"name":"wp","href":"https:\/\/api.w.org\/{rel}","templated":true}]}}