{"id":463881,"date":"2024-05-11T11:38:21","date_gmt":"2024-05-11T09:38:21","guid":{"rendered":"https:\/\/www.daisho.be\/produit\/boxhandschuhe-adidas-speed-175-leder-rot\/"},"modified":"2024-05-11T11:38:21","modified_gmt":"2024-05-11T09:38:21","slug":"boxhandschuhe-adidas-speed-175-leder-rot","status":"publish","type":"product","link":"https:\/\/www.daisho.be\/de\/produit\/boxhandschuhe-adidas-speed-175-leder-rot\/","title":{"rendered":"Boxhandschuhe adidas Speed 175 Leder rot"},"content":{"rendered":"<p>Der Boxhandschuh ist au\u00dfen aus echtem Rindsleder.<br \/>\nDer Speed 175 hat eine Polsterung mit Netzverst\u00e4rkung aus vorgeformtem, reinem Bond PU Schaumstoff.<br \/>\nDer Klettverschlussriemen sorgt f\u00fcr einen sicheren Halt und die Schaumstoffpolsterung d\u00e4mpft den Aufprall.<br \/>\nDer rote Boxhandschuh ist in den Gr\u00f6\u00dfen 10-12-14-16 Oz erh\u00e4ltlich.<\/p>\n<p>Merkmale:<\/p>\n<p> Material: Rindsleder<br \/>\n Farbe: rot<br \/>\n Polsterung: Bond PU Schaum mit Netzverst\u00e4rkung<br \/>\n Befestigung: Klettverschluss<br \/>\n Gr\u00f6\u00dfe: 10-12-14-16 Unzen<br \/>\n Lieferung paarweise<\/p>\n","protected":false},"excerpt":{"rendered":"<p>Der Boxhandschuh ist au\u00dfen aus echtem Rindsleder. Der Speed 175 hat eine Polsterung mit Netzverst\u00e4rkung aus vorgeformtem, reinem Bond PU Schaumstoff. Der Klettverschlussriemen sorgt f\u00fcr einen sicheren Halt und die Schaumstoffpolsterung d\u00e4mpft den Aufprall. Der rote Boxhandschuh ist in den Gr\u00f6\u00dfen 10-12-14-16 Oz erh\u00e4ltlich. Merkmale: Material: Rindsleder Farbe: rot Polsterung: Bond PU Schaum mit Netzverst\u00e4rkung [&hellip;]<\/p>\n","protected":false},"featured_media":463882,"comment_status":"open","ping_status":"closed","template":"","meta":{"inline_featured_image":false},"product_brand":[],"product_cat":[2072,2306,2070,2277],"product_tag":[2178],"sport":[448,446,455],"class_list":{"0":"post-463881","1":"product","2":"type-product","3":"status-publish","4":"has-post-thumbnail","6":"product_cat-boxhandschuhe","7":"product_cat-boxhandschuhe-adidas","8":"product_cat-kick-boxing-handschuhe","9":"product_cat-kick-boxing-protektoren-adidas","10":"product_tag-adidas-de","11":"pa_size-372","12":"pa_size-371","13":"pa_size-370","14":"pa_size-461","15":"sport-kick-boxing","16":"sport-boxe","17":"sport-muay-thai","19":"first","20":"instock","21":"taxable","22":"shipping-taxable","23":"purchasable","24":"product-type-variable"},"yoast_head":"<!-- This site is optimized with the Yoast SEO plugin v27.2 - https:\/\/yoast.com\/product\/yoast-seo-wordpress\/ -->\n<title>Boxhandschuhe adidas Speed 175 Leder rot &#8211; Daisho<\/title>\n<meta name=\"description\" content=\"Boxhandschuhe adidas Speed 175 aus rotem Leder. Hervorragende Handschuhe f\u00fcr das Boxen, Kickboxen oder Muay-Thai. Sie finden sie bei Daisho.\" \/>\n<meta name=\"robots\" content=\"index, follow, max-snippet:-1, max-image-preview:large, max-video-preview:-1\" \/>\n<link rel=\"canonical\" href=\"https:\/\/www.daisho.be\/de\/produit\/boxhandschuhe-adidas-speed-175-leder-rot\/\" \/>\n<meta property=\"og:locale\" content=\"de_DE\" \/>\n<meta property=\"og:type\" content=\"article\" \/>\n<meta property=\"og:title\" content=\"Boxhandschuhe adidas Speed 175 Leder rot &#8211; Daisho\" \/>\n<meta property=\"og:description\" content=\"Boxhandschuhe adidas Speed 175 aus rotem Leder. Hervorragende Handschuhe f\u00fcr das Boxen, Kickboxen oder Muay-Thai. Sie finden sie bei Daisho.\" \/>\n<meta property=\"og:url\" content=\"https:\/\/www.daisho.be\/de\/produit\/boxhandschuhe-adidas-speed-175-leder-rot\/\" \/>\n<meta property=\"og:site_name\" content=\"Daisho\" \/>\n<meta property=\"og:image\" content=\"https:\/\/www.daisho.be\/wp-content\/uploads\/2024\/05\/image-15.webp\" \/>\n\t<meta property=\"og:image:width\" content=\"1200\" \/>\n\t<meta property=\"og:image:height\" content=\"893\" \/>\n\t<meta property=\"og:image:type\" content=\"image\/webp\" \/>\n<meta name=\"twitter:card\" content=\"summary_large_image\" \/>\n<script type=\"application\/ld+json\" class=\"yoast-schema-graph\">{\"@context\":\"https:\/\/schema.org\",\"@graph\":[{\"@type\":\"WebPage\",\"@id\":\"https:\/\/www.daisho.be\/de\/produit\/boxhandschuhe-adidas-speed-175-leder-rot\/\",\"url\":\"https:\/\/www.daisho.be\/de\/produit\/boxhandschuhe-adidas-speed-175-leder-rot\/\",\"name\":\"Boxhandschuhe adidas Speed 175 Leder rot &#8211; Daisho\",\"isPartOf\":{\"@id\":\"https:\/\/www.daisho.be\/de\/#website\"},\"primaryImageOfPage\":{\"@id\":\"https:\/\/www.daisho.be\/de\/produit\/boxhandschuhe-adidas-speed-175-leder-rot\/#primaryimage\"},\"image\":{\"@id\":\"https:\/\/www.daisho.be\/de\/produit\/boxhandschuhe-adidas-speed-175-leder-rot\/#primaryimage\"},\"thumbnailUrl\":\"https:\/\/www.daisho.be\/wp-content\/uploads\/2024\/05\/image-15.webp\",\"datePublished\":\"2024-05-11T09:38:21+00:00\",\"description\":\"Boxhandschuhe adidas Speed 175 aus rotem Leder. Hervorragende Handschuhe f\u00fcr das Boxen, Kickboxen oder Muay-Thai. Sie finden sie bei Daisho.\",\"breadcrumb\":{\"@id\":\"https:\/\/www.daisho.be\/de\/produit\/boxhandschuhe-adidas-speed-175-leder-rot\/#breadcrumb\"},\"inLanguage\":\"de\",\"potentialAction\":[{\"@type\":\"ReadAction\",\"target\":[\"https:\/\/www.daisho.be\/de\/produit\/boxhandschuhe-adidas-speed-175-leder-rot\/\"]}]},{\"@type\":\"ImageObject\",\"inLanguage\":\"de\",\"@id\":\"https:\/\/www.daisho.be\/de\/produit\/boxhandschuhe-adidas-speed-175-leder-rot\/#primaryimage\",\"url\":\"https:\/\/www.daisho.be\/wp-content\/uploads\/2024\/05\/image-15.webp\",\"contentUrl\":\"https:\/\/www.daisho.be\/wp-content\/uploads\/2024\/05\/image-15.webp\",\"width\":1200,\"height\":893},{\"@type\":\"BreadcrumbList\",\"@id\":\"https:\/\/www.daisho.be\/de\/produit\/boxhandschuhe-adidas-speed-175-leder-rot\/#breadcrumb\",\"itemListElement\":[{\"@type\":\"ListItem\",\"position\":1,\"name\":\"Accueil\",\"item\":\"https:\/\/www.daisho.be\/de\/\"},{\"@type\":\"ListItem\",\"position\":2,\"name\":\"Produkte\",\"item\":\"https:\/\/www.daisho.be\/de\/produkte\/\"},{\"@type\":\"ListItem\",\"position\":3,\"name\":\"Ausr\u00fcstung und Kleidung f\u00fcr Kampfkunst und Kampfsport\",\"item\":\"https:\/\/www.daisho.be\/de\/categorie-produit\/ausrustung-und-kleidung-fur-kampfkunst-und-kampfsport\/\"},{\"@type\":\"ListItem\",\"position\":4,\"name\":\"Boxen\",\"item\":\"https:\/\/www.daisho.be\/de\/categorie-produit\/ausrustung-und-kleidung-fur-kampfkunst-und-kampfsport\/boxen-de\/\"},{\"@type\":\"ListItem\",\"position\":5,\"name\":\"Boxhandschuhe\",\"item\":\"https:\/\/www.daisho.be\/de\/categorie-produit\/ausrustung-und-kleidung-fur-kampfkunst-und-kampfsport\/boxen-de\/boxhandschuhe\/\"},{\"@type\":\"ListItem\",\"position\":6,\"name\":\"Boxhandschuhe adidas Speed 175 Leder rot\"}]},{\"@type\":\"WebSite\",\"@id\":\"https:\/\/www.daisho.be\/de\/#website\",\"url\":\"https:\/\/www.daisho.be\/de\/\",\"name\":\"Daisho\",\"description\":\"Sp&eacute;cialiste de l'&eacute;quipement sportif d'arts martiaux\",\"publisher\":{\"@id\":\"https:\/\/www.daisho.be\/de\/#organization\"},\"potentialAction\":[{\"@type\":\"SearchAction\",\"target\":{\"@type\":\"EntryPoint\",\"urlTemplate\":\"https:\/\/www.daisho.be\/de\/?s={search_term_string}\"},\"query-input\":{\"@type\":\"PropertyValueSpecification\",\"valueRequired\":true,\"valueName\":\"search_term_string\"}}],\"inLanguage\":\"de\"},{\"@type\":\"Organization\",\"@id\":\"https:\/\/www.daisho.be\/de\/#organization\",\"name\":\"Daisho\",\"url\":\"https:\/\/www.daisho.be\/de\/\",\"logo\":{\"@type\":\"ImageObject\",\"inLanguage\":\"de\",\"@id\":\"https:\/\/www.daisho.be\/de\/#\/schema\/logo\/image\/\",\"url\":\"https:\/\/www.daisho.be\/wp-content\/uploads\/2019\/07\/color-nothing-horizontale4x-e1564486100247.png\",\"contentUrl\":\"https:\/\/www.daisho.be\/wp-content\/uploads\/2019\/07\/color-nothing-horizontale4x-e1564486100247.png\",\"width\":1547,\"height\":385,\"caption\":\"Daisho\"},\"image\":{\"@id\":\"https:\/\/www.daisho.be\/de\/#\/schema\/logo\/image\/\"}}]}<\/script>\n<!-- \/ Yoast SEO plugin. -->","yoast_head_json":{"title":"Boxhandschuhe adidas Speed 175 Leder rot &#8211; Daisho","description":"Boxhandschuhe adidas Speed 175 aus rotem Leder. Hervorragende Handschuhe f\u00fcr das Boxen, Kickboxen oder Muay-Thai. Sie finden sie bei Daisho.","robots":{"index":"index","follow":"follow","max-snippet":"max-snippet:-1","max-image-preview":"max-image-preview:large","max-video-preview":"max-video-preview:-1"},"canonical":"https:\/\/www.daisho.be\/de\/produit\/boxhandschuhe-adidas-speed-175-leder-rot\/","og_locale":"de_DE","og_type":"article","og_title":"Boxhandschuhe adidas Speed 175 Leder rot &#8211; Daisho","og_description":"Boxhandschuhe adidas Speed 175 aus rotem Leder. Hervorragende Handschuhe f\u00fcr das Boxen, Kickboxen oder Muay-Thai. Sie finden sie bei Daisho.","og_url":"https:\/\/www.daisho.be\/de\/produit\/boxhandschuhe-adidas-speed-175-leder-rot\/","og_site_name":"Daisho","og_image":[{"width":1200,"height":893,"url":"https:\/\/www.daisho.be\/wp-content\/uploads\/2024\/05\/image-15.webp","type":"image\/webp"}],"twitter_card":"summary_large_image","schema":{"@context":"https:\/\/schema.org","@graph":[{"@type":"WebPage","@id":"https:\/\/www.daisho.be\/de\/produit\/boxhandschuhe-adidas-speed-175-leder-rot\/","url":"https:\/\/www.daisho.be\/de\/produit\/boxhandschuhe-adidas-speed-175-leder-rot\/","name":"Boxhandschuhe adidas Speed 175 Leder rot &#8211; Daisho","isPartOf":{"@id":"https:\/\/www.daisho.be\/de\/#website"},"primaryImageOfPage":{"@id":"https:\/\/www.daisho.be\/de\/produit\/boxhandschuhe-adidas-speed-175-leder-rot\/#primaryimage"},"image":{"@id":"https:\/\/www.daisho.be\/de\/produit\/boxhandschuhe-adidas-speed-175-leder-rot\/#primaryimage"},"thumbnailUrl":"https:\/\/www.daisho.be\/wp-content\/uploads\/2024\/05\/image-15.webp","datePublished":"2024-05-11T09:38:21+00:00","description":"Boxhandschuhe adidas Speed 175 aus rotem Leder. Hervorragende Handschuhe f\u00fcr das Boxen, Kickboxen oder Muay-Thai. Sie finden sie bei Daisho.","breadcrumb":{"@id":"https:\/\/www.daisho.be\/de\/produit\/boxhandschuhe-adidas-speed-175-leder-rot\/#breadcrumb"},"inLanguage":"de","potentialAction":[{"@type":"ReadAction","target":["https:\/\/www.daisho.be\/de\/produit\/boxhandschuhe-adidas-speed-175-leder-rot\/"]}]},{"@type":"ImageObject","inLanguage":"de","@id":"https:\/\/www.daisho.be\/de\/produit\/boxhandschuhe-adidas-speed-175-leder-rot\/#primaryimage","url":"https:\/\/www.daisho.be\/wp-content\/uploads\/2024\/05\/image-15.webp","contentUrl":"https:\/\/www.daisho.be\/wp-content\/uploads\/2024\/05\/image-15.webp","width":1200,"height":893},{"@type":"BreadcrumbList","@id":"https:\/\/www.daisho.be\/de\/produit\/boxhandschuhe-adidas-speed-175-leder-rot\/#breadcrumb","itemListElement":[{"@type":"ListItem","position":1,"name":"Accueil","item":"https:\/\/www.daisho.be\/de\/"},{"@type":"ListItem","position":2,"name":"Produkte","item":"https:\/\/www.daisho.be\/de\/produkte\/"},{"@type":"ListItem","position":3,"name":"Ausr\u00fcstung und Kleidung f\u00fcr Kampfkunst und Kampfsport","item":"https:\/\/www.daisho.be\/de\/categorie-produit\/ausrustung-und-kleidung-fur-kampfkunst-und-kampfsport\/"},{"@type":"ListItem","position":4,"name":"Boxen","item":"https:\/\/www.daisho.be\/de\/categorie-produit\/ausrustung-und-kleidung-fur-kampfkunst-und-kampfsport\/boxen-de\/"},{"@type":"ListItem","position":5,"name":"Boxhandschuhe","item":"https:\/\/www.daisho.be\/de\/categorie-produit\/ausrustung-und-kleidung-fur-kampfkunst-und-kampfsport\/boxen-de\/boxhandschuhe\/"},{"@type":"ListItem","position":6,"name":"Boxhandschuhe adidas Speed 175 Leder rot"}]},{"@type":"WebSite","@id":"https:\/\/www.daisho.be\/de\/#website","url":"https:\/\/www.daisho.be\/de\/","name":"Daisho","description":"Sp&eacute;cialiste de l'&eacute;quipement sportif d'arts martiaux","publisher":{"@id":"https:\/\/www.daisho.be\/de\/#organization"},"potentialAction":[{"@type":"SearchAction","target":{"@type":"EntryPoint","urlTemplate":"https:\/\/www.daisho.be\/de\/?s={search_term_string}"},"query-input":{"@type":"PropertyValueSpecification","valueRequired":true,"valueName":"search_term_string"}}],"inLanguage":"de"},{"@type":"Organization","@id":"https:\/\/www.daisho.be\/de\/#organization","name":"Daisho","url":"https:\/\/www.daisho.be\/de\/","logo":{"@type":"ImageObject","inLanguage":"de","@id":"https:\/\/www.daisho.be\/de\/#\/schema\/logo\/image\/","url":"https:\/\/www.daisho.be\/wp-content\/uploads\/2019\/07\/color-nothing-horizontale4x-e1564486100247.png","contentUrl":"https:\/\/www.daisho.be\/wp-content\/uploads\/2019\/07\/color-nothing-horizontale4x-e1564486100247.png","width":1547,"height":385,"caption":"Daisho"},"image":{"@id":"https:\/\/www.daisho.be\/de\/#\/schema\/logo\/image\/"}}]}},"_links":{"self":[{"href":"https:\/\/www.daisho.be\/de\/wp-json\/wp\/v2\/product\/463881","targetHints":{"allow":["GET"]}}],"collection":[{"href":"https:\/\/www.daisho.be\/de\/wp-json\/wp\/v2\/product"}],"about":[{"href":"https:\/\/www.daisho.be\/de\/wp-json\/wp\/v2\/types\/product"}],"replies":[{"embeddable":true,"href":"https:\/\/www.daisho.be\/de\/wp-json\/wp\/v2\/comments?post=463881"}],"wp:featuredmedia":[{"embeddable":true,"href":"https:\/\/www.daisho.be\/de\/wp-json\/wp\/v2\/media\/463882"}],"wp:attachment":[{"href":"https:\/\/www.daisho.be\/de\/wp-json\/wp\/v2\/media?parent=463881"}],"wp:term":[{"taxonomy":"product_brand","embeddable":true,"href":"https:\/\/www.daisho.be\/de\/wp-json\/wp\/v2\/product_brand?post=463881"},{"taxonomy":"product_cat","embeddable":true,"href":"https:\/\/www.daisho.be\/de\/wp-json\/wp\/v2\/product_cat?post=463881"},{"taxonomy":"product_tag","embeddable":true,"href":"https:\/\/www.daisho.be\/de\/wp-json\/wp\/v2\/product_tag?post=463881"},{"taxonomy":"sport","embeddable":true,"href":"https:\/\/www.daisho.be\/de\/wp-json\/wp\/v2\/sport?post=463881"}],"curies":[{"name":"wp","href":"https:\/\/api.w.org\/{rel}","templated":true}]}}