{"id":463790,"date":"2024-05-20T10:23:12","date_gmt":"2024-05-20T08:23:12","guid":{"rendered":"https:\/\/www.daisho.be\/produit\/wandschlagkissen-20x20-cm\/"},"modified":"2026-03-11T10:02:54","modified_gmt":"2026-03-11T09:02:54","slug":"wandschlagkissen-20x20-cm","status":"publish","type":"product","link":"https:\/\/www.daisho.be\/de\/produit\/wandschlagkissen-20x20-cm\/","title":{"rendered":"Wandschlagkissen 20&#215;20 cm"},"content":{"rendered":"<p>Hochwertiges Trittbrettkissen aus strapazierf\u00e4higem Kunstleder f\u00fcr die Wandmontage (Lieferung ohne Befestigungsmaterial).<br \/>\nDas Wall Punch Kissen ist in verschiedenen Gr\u00f6\u00dfen erh\u00e4ltlich. Den Trainingsm\u00f6glichkeiten sind somit keine Grenzen gesetzt.<br \/>\nGeeignet f\u00fcr alle Trainingsarten wie Boxen, Kickboxen, Karate, Free Fight, Taekwondo, MMA. <\/p>\n<p>Eigenschaften:<br \/>\nFarbe: schwarz\/rot<br \/>\nMaterial: strapazierf\u00e4higes Kunstleder<br \/>\nMa\u00dfe: ca. 20x20x10 cm<\/p>\n","protected":false},"excerpt":{"rendered":"<p>Hochwertiges Trittbrettkissen aus strapazierf\u00e4higem Kunstleder f\u00fcr die Wandmontage (Lieferung ohne Befestigungsmaterial). Das Wall Punch Kissen ist in verschiedenen Gr\u00f6\u00dfen erh\u00e4ltlich. Den Trainingsm\u00f6glichkeiten sind somit keine Grenzen gesetzt. Geeignet f\u00fcr alle Trainingsarten wie Boxen, Kickboxen, Karate, Free Fight, Taekwondo, MMA. Eigenschaften: Farbe: schwarz\/rot Material: strapazierf\u00e4higes Kunstleder Ma\u00dfe: ca. 20x20x10 cm<\/p>\n","protected":false},"featured_media":463794,"comment_status":"open","ping_status":"closed","template":"","meta":{"inline_featured_image":false},"product_brand":[],"product_cat":[2132,2134,2055,2056],"product_tag":[2158],"sport":[],"class_list":{"0":"post-463790","1":"product","2":"type-product","3":"status-publish","4":"has-post-thumbnail","6":"product_cat-boxsacke","7":"product_cat-boxsacke-de","8":"product_cat-karate-trainingsmaterial","9":"product_cat-kick-boxing-trainingsmaterial","10":"product_tag-s-b-j-de","12":"first","13":"instock","14":"sale","15":"taxable","16":"shipping-taxable","17":"purchasable","18":"product-type-simple"},"yoast_head":"<!-- This site is optimized with the Yoast SEO plugin v27.2 - https:\/\/yoast.com\/product\/yoast-seo-wordpress\/ -->\n<title>Wandschlagkissen 20x20 cm &#8211; Daisho<\/title>\n<meta name=\"description\" content=\"Brauchen Sie ein Schlagkissen, das an der Wand befestigt werden kann? Hier finden Sie es auf www.daisho.be|Daisho. Es eignet sich f\u00fcr alle Arten von Training, Boxen, Karate,...\" \/>\n<meta name=\"robots\" content=\"index, follow, max-snippet:-1, max-image-preview:large, max-video-preview:-1\" \/>\n<link rel=\"canonical\" href=\"https:\/\/www.daisho.be\/de\/produit\/wandschlagkissen-20x20-cm\/\" \/>\n<meta property=\"og:locale\" content=\"de_DE\" \/>\n<meta property=\"og:type\" content=\"article\" \/>\n<meta property=\"og:title\" content=\"Wandschlagkissen 20x20 cm &#8211; Daisho\" \/>\n<meta property=\"og:description\" content=\"Brauchen Sie ein Schlagkissen, das an der Wand befestigt werden kann? Hier finden Sie es auf www.daisho.be|Daisho. Es eignet sich f\u00fcr alle Arten von Training, Boxen, Karate,...\" \/>\n<meta property=\"og:url\" content=\"https:\/\/www.daisho.be\/de\/produit\/wandschlagkissen-20x20-cm\/\" \/>\n<meta property=\"og:site_name\" content=\"Daisho\" \/>\n<meta property=\"article:modified_time\" content=\"2026-03-11T09:02:54+00:00\" \/>\n<meta property=\"og:image\" content=\"https:\/\/www.daisho.be\/wp-content\/uploads\/2024\/05\/image-27.webp\" \/>\n\t<meta property=\"og:image:width\" content=\"1200\" \/>\n\t<meta property=\"og:image:height\" content=\"1081\" \/>\n\t<meta property=\"og:image:type\" content=\"image\/webp\" \/>\n<meta name=\"twitter:card\" content=\"summary_large_image\" \/>\n<script type=\"application\/ld+json\" class=\"yoast-schema-graph\">{\"@context\":\"https:\/\/schema.org\",\"@graph\":[{\"@type\":\"WebPage\",\"@id\":\"https:\/\/www.daisho.be\/de\/produit\/wandschlagkissen-20x20-cm\/\",\"url\":\"https:\/\/www.daisho.be\/de\/produit\/wandschlagkissen-20x20-cm\/\",\"name\":\"Wandschlagkissen 20x20 cm &#8211; Daisho\",\"isPartOf\":{\"@id\":\"https:\/\/www.daisho.be\/de\/#website\"},\"primaryImageOfPage\":{\"@id\":\"https:\/\/www.daisho.be\/de\/produit\/wandschlagkissen-20x20-cm\/#primaryimage\"},\"image\":{\"@id\":\"https:\/\/www.daisho.be\/de\/produit\/wandschlagkissen-20x20-cm\/#primaryimage\"},\"thumbnailUrl\":\"https:\/\/www.daisho.be\/wp-content\/uploads\/2024\/05\/image-27.webp\",\"datePublished\":\"2024-05-20T08:23:12+00:00\",\"dateModified\":\"2026-03-11T09:02:54+00:00\",\"description\":\"Brauchen Sie ein Schlagkissen, das an der Wand befestigt werden kann? Hier finden Sie es auf www.daisho.be|Daisho. Es eignet sich f\u00fcr alle Arten von Training, Boxen, Karate,...\",\"breadcrumb\":{\"@id\":\"https:\/\/www.daisho.be\/de\/produit\/wandschlagkissen-20x20-cm\/#breadcrumb\"},\"inLanguage\":\"de\",\"potentialAction\":[{\"@type\":\"ReadAction\",\"target\":[\"https:\/\/www.daisho.be\/de\/produit\/wandschlagkissen-20x20-cm\/\"]}]},{\"@type\":\"ImageObject\",\"inLanguage\":\"de\",\"@id\":\"https:\/\/www.daisho.be\/de\/produit\/wandschlagkissen-20x20-cm\/#primaryimage\",\"url\":\"https:\/\/www.daisho.be\/wp-content\/uploads\/2024\/05\/image-27.webp\",\"contentUrl\":\"https:\/\/www.daisho.be\/wp-content\/uploads\/2024\/05\/image-27.webp\",\"width\":1200,\"height\":1081,\"caption\":\"Wandschlagkissen 20x20 cm-1\"},{\"@type\":\"BreadcrumbList\",\"@id\":\"https:\/\/www.daisho.be\/de\/produit\/wandschlagkissen-20x20-cm\/#breadcrumb\",\"itemListElement\":[{\"@type\":\"ListItem\",\"position\":1,\"name\":\"Accueil\",\"item\":\"https:\/\/www.daisho.be\/de\/\"},{\"@type\":\"ListItem\",\"position\":2,\"name\":\"Produkte\",\"item\":\"https:\/\/www.daisho.be\/de\/produkte\/\"},{\"@type\":\"ListItem\",\"position\":3,\"name\":\"Ausr\u00fcstung und Kleidung f\u00fcr Kampfkunst und Kampfsport\",\"item\":\"https:\/\/www.daisho.be\/de\/categorie-produit\/ausrustung-und-kleidung-fur-kampfkunst-und-kampfsport\/\"},{\"@type\":\"ListItem\",\"position\":4,\"name\":\"Boxen\",\"item\":\"https:\/\/www.daisho.be\/de\/categorie-produit\/ausrustung-und-kleidung-fur-kampfkunst-und-kampfsport\/boxen-de\/\"},{\"@type\":\"ListItem\",\"position\":5,\"name\":\"Boxs\u00e4cke\",\"item\":\"https:\/\/www.daisho.be\/de\/categorie-produit\/ausrustung-und-kleidung-fur-kampfkunst-und-kampfsport\/boxen-de\/boxsacke-de\/\"},{\"@type\":\"ListItem\",\"position\":6,\"name\":\"Wandschlagkissen 20&#215;20 cm\"}]},{\"@type\":\"WebSite\",\"@id\":\"https:\/\/www.daisho.be\/de\/#website\",\"url\":\"https:\/\/www.daisho.be\/de\/\",\"name\":\"Daisho\",\"description\":\"Sp&eacute;cialiste de l'&eacute;quipement sportif d'arts martiaux\",\"publisher\":{\"@id\":\"https:\/\/www.daisho.be\/de\/#organization\"},\"potentialAction\":[{\"@type\":\"SearchAction\",\"target\":{\"@type\":\"EntryPoint\",\"urlTemplate\":\"https:\/\/www.daisho.be\/de\/?s={search_term_string}\"},\"query-input\":{\"@type\":\"PropertyValueSpecification\",\"valueRequired\":true,\"valueName\":\"search_term_string\"}}],\"inLanguage\":\"de\"},{\"@type\":\"Organization\",\"@id\":\"https:\/\/www.daisho.be\/de\/#organization\",\"name\":\"Daisho\",\"url\":\"https:\/\/www.daisho.be\/de\/\",\"logo\":{\"@type\":\"ImageObject\",\"inLanguage\":\"de\",\"@id\":\"https:\/\/www.daisho.be\/de\/#\/schema\/logo\/image\/\",\"url\":\"https:\/\/www.daisho.be\/wp-content\/uploads\/2019\/07\/color-nothing-horizontale4x-e1564486100247.png\",\"contentUrl\":\"https:\/\/www.daisho.be\/wp-content\/uploads\/2019\/07\/color-nothing-horizontale4x-e1564486100247.png\",\"width\":1547,\"height\":385,\"caption\":\"Daisho\"},\"image\":{\"@id\":\"https:\/\/www.daisho.be\/de\/#\/schema\/logo\/image\/\"}}]}<\/script>\n<!-- \/ Yoast SEO plugin. -->","yoast_head_json":{"title":"Wandschlagkissen 20x20 cm &#8211; Daisho","description":"Brauchen Sie ein Schlagkissen, das an der Wand befestigt werden kann? Hier finden Sie es auf www.daisho.be|Daisho. Es eignet sich f\u00fcr alle Arten von Training, Boxen, Karate,...","robots":{"index":"index","follow":"follow","max-snippet":"max-snippet:-1","max-image-preview":"max-image-preview:large","max-video-preview":"max-video-preview:-1"},"canonical":"https:\/\/www.daisho.be\/de\/produit\/wandschlagkissen-20x20-cm\/","og_locale":"de_DE","og_type":"article","og_title":"Wandschlagkissen 20x20 cm &#8211; Daisho","og_description":"Brauchen Sie ein Schlagkissen, das an der Wand befestigt werden kann? Hier finden Sie es auf www.daisho.be|Daisho. Es eignet sich f\u00fcr alle Arten von Training, Boxen, Karate,...","og_url":"https:\/\/www.daisho.be\/de\/produit\/wandschlagkissen-20x20-cm\/","og_site_name":"Daisho","article_modified_time":"2026-03-11T09:02:54+00:00","og_image":[{"width":1200,"height":1081,"url":"https:\/\/www.daisho.be\/wp-content\/uploads\/2024\/05\/image-27.webp","type":"image\/webp"}],"twitter_card":"summary_large_image","schema":{"@context":"https:\/\/schema.org","@graph":[{"@type":"WebPage","@id":"https:\/\/www.daisho.be\/de\/produit\/wandschlagkissen-20x20-cm\/","url":"https:\/\/www.daisho.be\/de\/produit\/wandschlagkissen-20x20-cm\/","name":"Wandschlagkissen 20x20 cm &#8211; Daisho","isPartOf":{"@id":"https:\/\/www.daisho.be\/de\/#website"},"primaryImageOfPage":{"@id":"https:\/\/www.daisho.be\/de\/produit\/wandschlagkissen-20x20-cm\/#primaryimage"},"image":{"@id":"https:\/\/www.daisho.be\/de\/produit\/wandschlagkissen-20x20-cm\/#primaryimage"},"thumbnailUrl":"https:\/\/www.daisho.be\/wp-content\/uploads\/2024\/05\/image-27.webp","datePublished":"2024-05-20T08:23:12+00:00","dateModified":"2026-03-11T09:02:54+00:00","description":"Brauchen Sie ein Schlagkissen, das an der Wand befestigt werden kann? Hier finden Sie es auf www.daisho.be|Daisho. Es eignet sich f\u00fcr alle Arten von Training, Boxen, Karate,...","breadcrumb":{"@id":"https:\/\/www.daisho.be\/de\/produit\/wandschlagkissen-20x20-cm\/#breadcrumb"},"inLanguage":"de","potentialAction":[{"@type":"ReadAction","target":["https:\/\/www.daisho.be\/de\/produit\/wandschlagkissen-20x20-cm\/"]}]},{"@type":"ImageObject","inLanguage":"de","@id":"https:\/\/www.daisho.be\/de\/produit\/wandschlagkissen-20x20-cm\/#primaryimage","url":"https:\/\/www.daisho.be\/wp-content\/uploads\/2024\/05\/image-27.webp","contentUrl":"https:\/\/www.daisho.be\/wp-content\/uploads\/2024\/05\/image-27.webp","width":1200,"height":1081,"caption":"Wandschlagkissen 20x20 cm-1"},{"@type":"BreadcrumbList","@id":"https:\/\/www.daisho.be\/de\/produit\/wandschlagkissen-20x20-cm\/#breadcrumb","itemListElement":[{"@type":"ListItem","position":1,"name":"Accueil","item":"https:\/\/www.daisho.be\/de\/"},{"@type":"ListItem","position":2,"name":"Produkte","item":"https:\/\/www.daisho.be\/de\/produkte\/"},{"@type":"ListItem","position":3,"name":"Ausr\u00fcstung und Kleidung f\u00fcr Kampfkunst und Kampfsport","item":"https:\/\/www.daisho.be\/de\/categorie-produit\/ausrustung-und-kleidung-fur-kampfkunst-und-kampfsport\/"},{"@type":"ListItem","position":4,"name":"Boxen","item":"https:\/\/www.daisho.be\/de\/categorie-produit\/ausrustung-und-kleidung-fur-kampfkunst-und-kampfsport\/boxen-de\/"},{"@type":"ListItem","position":5,"name":"Boxs\u00e4cke","item":"https:\/\/www.daisho.be\/de\/categorie-produit\/ausrustung-und-kleidung-fur-kampfkunst-und-kampfsport\/boxen-de\/boxsacke-de\/"},{"@type":"ListItem","position":6,"name":"Wandschlagkissen 20&#215;20 cm"}]},{"@type":"WebSite","@id":"https:\/\/www.daisho.be\/de\/#website","url":"https:\/\/www.daisho.be\/de\/","name":"Daisho","description":"Sp&eacute;cialiste de l'&eacute;quipement sportif d'arts martiaux","publisher":{"@id":"https:\/\/www.daisho.be\/de\/#organization"},"potentialAction":[{"@type":"SearchAction","target":{"@type":"EntryPoint","urlTemplate":"https:\/\/www.daisho.be\/de\/?s={search_term_string}"},"query-input":{"@type":"PropertyValueSpecification","valueRequired":true,"valueName":"search_term_string"}}],"inLanguage":"de"},{"@type":"Organization","@id":"https:\/\/www.daisho.be\/de\/#organization","name":"Daisho","url":"https:\/\/www.daisho.be\/de\/","logo":{"@type":"ImageObject","inLanguage":"de","@id":"https:\/\/www.daisho.be\/de\/#\/schema\/logo\/image\/","url":"https:\/\/www.daisho.be\/wp-content\/uploads\/2019\/07\/color-nothing-horizontale4x-e1564486100247.png","contentUrl":"https:\/\/www.daisho.be\/wp-content\/uploads\/2019\/07\/color-nothing-horizontale4x-e1564486100247.png","width":1547,"height":385,"caption":"Daisho"},"image":{"@id":"https:\/\/www.daisho.be\/de\/#\/schema\/logo\/image\/"}}]}},"_links":{"self":[{"href":"https:\/\/www.daisho.be\/de\/wp-json\/wp\/v2\/product\/463790","targetHints":{"allow":["GET"]}}],"collection":[{"href":"https:\/\/www.daisho.be\/de\/wp-json\/wp\/v2\/product"}],"about":[{"href":"https:\/\/www.daisho.be\/de\/wp-json\/wp\/v2\/types\/product"}],"replies":[{"embeddable":true,"href":"https:\/\/www.daisho.be\/de\/wp-json\/wp\/v2\/comments?post=463790"}],"wp:featuredmedia":[{"embeddable":true,"href":"https:\/\/www.daisho.be\/de\/wp-json\/wp\/v2\/media\/463794"}],"wp:attachment":[{"href":"https:\/\/www.daisho.be\/de\/wp-json\/wp\/v2\/media?parent=463790"}],"wp:term":[{"taxonomy":"product_brand","embeddable":true,"href":"https:\/\/www.daisho.be\/de\/wp-json\/wp\/v2\/product_brand?post=463790"},{"taxonomy":"product_cat","embeddable":true,"href":"https:\/\/www.daisho.be\/de\/wp-json\/wp\/v2\/product_cat?post=463790"},{"taxonomy":"product_tag","embeddable":true,"href":"https:\/\/www.daisho.be\/de\/wp-json\/wp\/v2\/product_tag?post=463790"},{"taxonomy":"sport","embeddable":true,"href":"https:\/\/www.daisho.be\/de\/wp-json\/wp\/v2\/sport?post=463790"}],"curies":[{"name":"wp","href":"https:\/\/api.w.org\/{rel}","templated":true}]}}