{"id":463777,"date":"2024-05-20T10:29:41","date_gmt":"2024-05-20T08:29:41","guid":{"rendered":"https:\/\/www.daisho.be\/produit\/edc-messer-mit-markerklinge\/"},"modified":"2026-02-06T16:44:06","modified_gmt":"2026-02-06T15:44:06","slug":"edc-messer-mit-markerklinge","status":"publish","type":"product","link":"https:\/\/www.daisho.be\/de\/produit\/edc-messer-mit-markerklinge\/","title":{"rendered":"EDC MESSER MIT MARKERKLINGE"},"content":{"rendered":"<p>Zweischneidiges Trainingsmesser mit Markierungsklinge.<br \/>\nUm den Realismus zu erh\u00f6hen, ist ein Filzstreifen an der Klinge befestigt, der mit Kreide beschichtet werden kann, um jeden Aufprall w\u00e4hrend der \u00dcbungen deutlich zu markieren.<\/p>\n<p>Er wird aus spritzgegossenem Polypropylen hergestellt und ist so konzipiert, dass er einer intensiven und dauerhaften Nutzung ohne Leistungseinbu\u00dfen standh\u00e4lt.<br \/>\nDie abgerundeten Spitzen und Kanten sorgen f\u00fcr ein sichereres Training als bei vielen anderen Modellen auf dem Markt.<\/p>\n<p>Es wird weltweit von Milit\u00e4rs, Strafverfolgungsbeh\u00f6rden und anspruchsvollen Kampfsportlern verwendet und erf\u00fcllt die Bed\u00fcrfnisse derjenigen, die ihr Training mit Stichwaffen ernst nehmen.<br \/>\nDieses Trainingsmesser ist ein ideales, leicht zug\u00e4ngliches und effektives Werkzeug f\u00fcr den Messerkampf und die Vorbereitung auf die Selbstverteidigung gegen bewaffnete Angriffe.<\/p>\n<p>Dank des Kreideklingensystems ist jede Ber\u00fchrung sofort sichtbar, so dass Sie konzentriert bleiben und den Handel genau einsch\u00e4tzen k\u00f6nnen.<\/p>\n","protected":false},"excerpt":{"rendered":"<p>Zweischneidiges Trainingsmesser mit Markierungsklinge. Um den Realismus zu erh\u00f6hen, ist ein Filzstreifen an der Klinge befestigt, der mit Kreide beschichtet werden kann, um jeden Aufprall w\u00e4hrend der \u00dcbungen deutlich zu markieren. Er wird aus spritzgegossenem Polypropylen hergestellt und ist so konzipiert, dass er einer intensiven und dauerhaften Nutzung ohne Leistungseinbu\u00dfen standh\u00e4lt. Die abgerundeten Spitzen und [&hellip;]<\/p>\n","protected":false},"featured_media":658375,"comment_status":"open","ping_status":"closed","template":"","meta":{"inline_featured_image":false},"product_brand":[],"product_cat":[2116,2115],"product_tag":[2498],"sport":[],"class_list":{"0":"post-463777","1":"product","2":"type-product","3":"status-publish","4":"has-post-thumbnail","6":"product_cat-krav-maga-waffen","7":"product_cat-waffen","8":"product_tag-sharkee-de","9":"pa_size-sans-taille-defaut","11":"first","12":"instock","13":"taxable","14":"shipping-taxable","15":"purchasable","16":"product-type-variable"},"yoast_head":"<!-- This site is optimized with the Yoast SEO plugin v27.2 - https:\/\/yoast.com\/product\/yoast-seo-wordpress\/ -->\n<title>EDC MESSER MIT MARKERKLINGE &#8211; Daisho<\/title>\n<meta name=\"description\" content=\"Entdecken Sie das Trainingsmesser mit Markierungsklinge. Es hilft Ihnen, Ihre Leistung zu verbessern. Sie finden es auf www.daisho.be|Daisho.\" \/>\n<meta name=\"robots\" content=\"index, follow, max-snippet:-1, max-image-preview:large, max-video-preview:-1\" \/>\n<link rel=\"canonical\" href=\"https:\/\/www.daisho.be\/de\/produit\/edc-messer-mit-markerklinge\/\" \/>\n<meta property=\"og:locale\" content=\"de_DE\" \/>\n<meta property=\"og:type\" content=\"article\" \/>\n<meta property=\"og:title\" content=\"EDC MESSER MIT MARKERKLINGE &#8211; Daisho\" \/>\n<meta property=\"og:description\" content=\"Entdecken Sie das Trainingsmesser mit Markierungsklinge. Es hilft Ihnen, Ihre Leistung zu verbessern. Sie finden es auf www.daisho.be|Daisho.\" \/>\n<meta property=\"og:url\" content=\"https:\/\/www.daisho.be\/de\/produit\/edc-messer-mit-markerklinge\/\" \/>\n<meta property=\"og:site_name\" content=\"Daisho\" \/>\n<meta property=\"article:modified_time\" content=\"2026-02-06T15:44:06+00:00\" \/>\n<meta property=\"og:image\" content=\"https:\/\/www.daisho.be\/wp-content\/uploads\/2026\/02\/image-9-scaled.jpg\" \/>\n\t<meta property=\"og:image:width\" content=\"1537\" \/>\n\t<meta property=\"og:image:height\" content=\"2048\" \/>\n\t<meta property=\"og:image:type\" content=\"image\/jpeg\" \/>\n<meta name=\"twitter:card\" content=\"summary_large_image\" \/>\n<meta name=\"twitter:label1\" content=\"Gesch\u00e4tzte Lesezeit\" \/>\n\t<meta name=\"twitter:data1\" content=\"1\u00a0Minute\" \/>\n<script type=\"application\/ld+json\" class=\"yoast-schema-graph\">{\"@context\":\"https:\/\/schema.org\",\"@graph\":[{\"@type\":\"WebPage\",\"@id\":\"https:\/\/www.daisho.be\/de\/produit\/edc-messer-mit-markerklinge\/\",\"url\":\"https:\/\/www.daisho.be\/de\/produit\/edc-messer-mit-markerklinge\/\",\"name\":\"EDC MESSER MIT MARKERKLINGE &#8211; Daisho\",\"isPartOf\":{\"@id\":\"https:\/\/www.daisho.be\/de\/#website\"},\"primaryImageOfPage\":{\"@id\":\"https:\/\/www.daisho.be\/de\/produit\/edc-messer-mit-markerklinge\/#primaryimage\"},\"image\":{\"@id\":\"https:\/\/www.daisho.be\/de\/produit\/edc-messer-mit-markerklinge\/#primaryimage\"},\"thumbnailUrl\":\"https:\/\/www.daisho.be\/wp-content\/uploads\/2026\/02\/image-9-scaled.jpg\",\"datePublished\":\"2024-05-20T08:29:41+00:00\",\"dateModified\":\"2026-02-06T15:44:06+00:00\",\"description\":\"Entdecken Sie das Trainingsmesser mit Markierungsklinge. Es hilft Ihnen, Ihre Leistung zu verbessern. Sie finden es auf www.daisho.be|Daisho.\",\"breadcrumb\":{\"@id\":\"https:\/\/www.daisho.be\/de\/produit\/edc-messer-mit-markerklinge\/#breadcrumb\"},\"inLanguage\":\"de\",\"potentialAction\":[{\"@type\":\"ReadAction\",\"target\":[\"https:\/\/www.daisho.be\/de\/produit\/edc-messer-mit-markerklinge\/\"]}]},{\"@type\":\"ImageObject\",\"inLanguage\":\"de\",\"@id\":\"https:\/\/www.daisho.be\/de\/produit\/edc-messer-mit-markerklinge\/#primaryimage\",\"url\":\"https:\/\/www.daisho.be\/wp-content\/uploads\/2026\/02\/image-9-scaled.jpg\",\"contentUrl\":\"https:\/\/www.daisho.be\/wp-content\/uploads\/2026\/02\/image-9-scaled.jpg\",\"width\":1537,\"height\":2048,\"caption\":\"EDC MESSER MIT KLINGE MARKER-1\"},{\"@type\":\"BreadcrumbList\",\"@id\":\"https:\/\/www.daisho.be\/de\/produit\/edc-messer-mit-markerklinge\/#breadcrumb\",\"itemListElement\":[{\"@type\":\"ListItem\",\"position\":1,\"name\":\"Accueil\",\"item\":\"https:\/\/www.daisho.be\/de\/\"},{\"@type\":\"ListItem\",\"position\":2,\"name\":\"Produkte\",\"item\":\"https:\/\/www.daisho.be\/de\/produkte\/\"},{\"@type\":\"ListItem\",\"position\":3,\"name\":\"Ausr\u00fcstung und Kleidung f\u00fcr Kampfkunst und Kampfsport\",\"item\":\"https:\/\/www.daisho.be\/de\/categorie-produit\/ausrustung-und-kleidung-fur-kampfkunst-und-kampfsport\/\"},{\"@type\":\"ListItem\",\"position\":4,\"name\":\"Krav Maga\",\"item\":\"https:\/\/www.daisho.be\/de\/categorie-produit\/ausrustung-und-kleidung-fur-kampfkunst-und-kampfsport\/krav-maga-de\/\"},{\"@type\":\"ListItem\",\"position\":5,\"name\":\"Krav Maga Waffen\",\"item\":\"https:\/\/www.daisho.be\/de\/categorie-produit\/ausrustung-und-kleidung-fur-kampfkunst-und-kampfsport\/krav-maga-de\/krav-maga-waffen\/\"},{\"@type\":\"ListItem\",\"position\":6,\"name\":\"EDC MESSER MIT MARKERKLINGE\"}]},{\"@type\":\"WebSite\",\"@id\":\"https:\/\/www.daisho.be\/de\/#website\",\"url\":\"https:\/\/www.daisho.be\/de\/\",\"name\":\"Daisho\",\"description\":\"Sp&eacute;cialiste de l'&eacute;quipement sportif d'arts martiaux\",\"publisher\":{\"@id\":\"https:\/\/www.daisho.be\/de\/#organization\"},\"potentialAction\":[{\"@type\":\"SearchAction\",\"target\":{\"@type\":\"EntryPoint\",\"urlTemplate\":\"https:\/\/www.daisho.be\/de\/?s={search_term_string}\"},\"query-input\":{\"@type\":\"PropertyValueSpecification\",\"valueRequired\":true,\"valueName\":\"search_term_string\"}}],\"inLanguage\":\"de\"},{\"@type\":\"Organization\",\"@id\":\"https:\/\/www.daisho.be\/de\/#organization\",\"name\":\"Daisho\",\"url\":\"https:\/\/www.daisho.be\/de\/\",\"logo\":{\"@type\":\"ImageObject\",\"inLanguage\":\"de\",\"@id\":\"https:\/\/www.daisho.be\/de\/#\/schema\/logo\/image\/\",\"url\":\"https:\/\/www.daisho.be\/wp-content\/uploads\/2019\/07\/color-nothing-horizontale4x-e1564486100247.png\",\"contentUrl\":\"https:\/\/www.daisho.be\/wp-content\/uploads\/2019\/07\/color-nothing-horizontale4x-e1564486100247.png\",\"width\":1547,\"height\":385,\"caption\":\"Daisho\"},\"image\":{\"@id\":\"https:\/\/www.daisho.be\/de\/#\/schema\/logo\/image\/\"}}]}<\/script>\n<!-- \/ Yoast SEO plugin. -->","yoast_head_json":{"title":"EDC MESSER MIT MARKERKLINGE &#8211; Daisho","description":"Entdecken Sie das Trainingsmesser mit Markierungsklinge. Es hilft Ihnen, Ihre Leistung zu verbessern. Sie finden es auf www.daisho.be|Daisho.","robots":{"index":"index","follow":"follow","max-snippet":"max-snippet:-1","max-image-preview":"max-image-preview:large","max-video-preview":"max-video-preview:-1"},"canonical":"https:\/\/www.daisho.be\/de\/produit\/edc-messer-mit-markerklinge\/","og_locale":"de_DE","og_type":"article","og_title":"EDC MESSER MIT MARKERKLINGE &#8211; Daisho","og_description":"Entdecken Sie das Trainingsmesser mit Markierungsklinge. Es hilft Ihnen, Ihre Leistung zu verbessern. Sie finden es auf www.daisho.be|Daisho.","og_url":"https:\/\/www.daisho.be\/de\/produit\/edc-messer-mit-markerklinge\/","og_site_name":"Daisho","article_modified_time":"2026-02-06T15:44:06+00:00","og_image":[{"width":1537,"height":2048,"url":"https:\/\/www.daisho.be\/wp-content\/uploads\/2026\/02\/image-9-scaled.jpg","type":"image\/jpeg"}],"twitter_card":"summary_large_image","twitter_misc":{"Gesch\u00e4tzte Lesezeit":"1\u00a0Minute"},"schema":{"@context":"https:\/\/schema.org","@graph":[{"@type":"WebPage","@id":"https:\/\/www.daisho.be\/de\/produit\/edc-messer-mit-markerklinge\/","url":"https:\/\/www.daisho.be\/de\/produit\/edc-messer-mit-markerklinge\/","name":"EDC MESSER MIT MARKERKLINGE &#8211; Daisho","isPartOf":{"@id":"https:\/\/www.daisho.be\/de\/#website"},"primaryImageOfPage":{"@id":"https:\/\/www.daisho.be\/de\/produit\/edc-messer-mit-markerklinge\/#primaryimage"},"image":{"@id":"https:\/\/www.daisho.be\/de\/produit\/edc-messer-mit-markerklinge\/#primaryimage"},"thumbnailUrl":"https:\/\/www.daisho.be\/wp-content\/uploads\/2026\/02\/image-9-scaled.jpg","datePublished":"2024-05-20T08:29:41+00:00","dateModified":"2026-02-06T15:44:06+00:00","description":"Entdecken Sie das Trainingsmesser mit Markierungsklinge. Es hilft Ihnen, Ihre Leistung zu verbessern. Sie finden es auf www.daisho.be|Daisho.","breadcrumb":{"@id":"https:\/\/www.daisho.be\/de\/produit\/edc-messer-mit-markerklinge\/#breadcrumb"},"inLanguage":"de","potentialAction":[{"@type":"ReadAction","target":["https:\/\/www.daisho.be\/de\/produit\/edc-messer-mit-markerklinge\/"]}]},{"@type":"ImageObject","inLanguage":"de","@id":"https:\/\/www.daisho.be\/de\/produit\/edc-messer-mit-markerklinge\/#primaryimage","url":"https:\/\/www.daisho.be\/wp-content\/uploads\/2026\/02\/image-9-scaled.jpg","contentUrl":"https:\/\/www.daisho.be\/wp-content\/uploads\/2026\/02\/image-9-scaled.jpg","width":1537,"height":2048,"caption":"EDC MESSER MIT KLINGE MARKER-1"},{"@type":"BreadcrumbList","@id":"https:\/\/www.daisho.be\/de\/produit\/edc-messer-mit-markerklinge\/#breadcrumb","itemListElement":[{"@type":"ListItem","position":1,"name":"Accueil","item":"https:\/\/www.daisho.be\/de\/"},{"@type":"ListItem","position":2,"name":"Produkte","item":"https:\/\/www.daisho.be\/de\/produkte\/"},{"@type":"ListItem","position":3,"name":"Ausr\u00fcstung und Kleidung f\u00fcr Kampfkunst und Kampfsport","item":"https:\/\/www.daisho.be\/de\/categorie-produit\/ausrustung-und-kleidung-fur-kampfkunst-und-kampfsport\/"},{"@type":"ListItem","position":4,"name":"Krav Maga","item":"https:\/\/www.daisho.be\/de\/categorie-produit\/ausrustung-und-kleidung-fur-kampfkunst-und-kampfsport\/krav-maga-de\/"},{"@type":"ListItem","position":5,"name":"Krav Maga Waffen","item":"https:\/\/www.daisho.be\/de\/categorie-produit\/ausrustung-und-kleidung-fur-kampfkunst-und-kampfsport\/krav-maga-de\/krav-maga-waffen\/"},{"@type":"ListItem","position":6,"name":"EDC MESSER MIT MARKERKLINGE"}]},{"@type":"WebSite","@id":"https:\/\/www.daisho.be\/de\/#website","url":"https:\/\/www.daisho.be\/de\/","name":"Daisho","description":"Sp&eacute;cialiste de l'&eacute;quipement sportif d'arts martiaux","publisher":{"@id":"https:\/\/www.daisho.be\/de\/#organization"},"potentialAction":[{"@type":"SearchAction","target":{"@type":"EntryPoint","urlTemplate":"https:\/\/www.daisho.be\/de\/?s={search_term_string}"},"query-input":{"@type":"PropertyValueSpecification","valueRequired":true,"valueName":"search_term_string"}}],"inLanguage":"de"},{"@type":"Organization","@id":"https:\/\/www.daisho.be\/de\/#organization","name":"Daisho","url":"https:\/\/www.daisho.be\/de\/","logo":{"@type":"ImageObject","inLanguage":"de","@id":"https:\/\/www.daisho.be\/de\/#\/schema\/logo\/image\/","url":"https:\/\/www.daisho.be\/wp-content\/uploads\/2019\/07\/color-nothing-horizontale4x-e1564486100247.png","contentUrl":"https:\/\/www.daisho.be\/wp-content\/uploads\/2019\/07\/color-nothing-horizontale4x-e1564486100247.png","width":1547,"height":385,"caption":"Daisho"},"image":{"@id":"https:\/\/www.daisho.be\/de\/#\/schema\/logo\/image\/"}}]}},"_links":{"self":[{"href":"https:\/\/www.daisho.be\/de\/wp-json\/wp\/v2\/product\/463777","targetHints":{"allow":["GET"]}}],"collection":[{"href":"https:\/\/www.daisho.be\/de\/wp-json\/wp\/v2\/product"}],"about":[{"href":"https:\/\/www.daisho.be\/de\/wp-json\/wp\/v2\/types\/product"}],"replies":[{"embeddable":true,"href":"https:\/\/www.daisho.be\/de\/wp-json\/wp\/v2\/comments?post=463777"}],"wp:featuredmedia":[{"embeddable":true,"href":"https:\/\/www.daisho.be\/de\/wp-json\/wp\/v2\/media\/658375"}],"wp:attachment":[{"href":"https:\/\/www.daisho.be\/de\/wp-json\/wp\/v2\/media?parent=463777"}],"wp:term":[{"taxonomy":"product_brand","embeddable":true,"href":"https:\/\/www.daisho.be\/de\/wp-json\/wp\/v2\/product_brand?post=463777"},{"taxonomy":"product_cat","embeddable":true,"href":"https:\/\/www.daisho.be\/de\/wp-json\/wp\/v2\/product_cat?post=463777"},{"taxonomy":"product_tag","embeddable":true,"href":"https:\/\/www.daisho.be\/de\/wp-json\/wp\/v2\/product_tag?post=463777"},{"taxonomy":"sport","embeddable":true,"href":"https:\/\/www.daisho.be\/de\/wp-json\/wp\/v2\/sport?post=463777"}],"curies":[{"name":"wp","href":"https:\/\/api.w.org\/{rel}","templated":true}]}}