{"id":463769,"date":"2024-05-20T10:29:52","date_gmt":"2024-05-20T08:29:52","guid":{"rendered":"https:\/\/www.daisho.be\/produit\/kreide-fuer-markermesser\/"},"modified":"2026-02-09T16:32:50","modified_gmt":"2026-02-09T15:32:50","slug":"kreide-fuer-markermesser","status":"publish","type":"product","link":"https:\/\/www.daisho.be\/de\/produit\/kreide-fuer-markermesser\/","title":{"rendered":"KREIDE F\u00dcR MARKERMESSER"},"content":{"rendered":"<p>Zus\u00e4tzliche oder ersatzweise VirtualBlade Markierungskreide, kompatibel mit dem Sharkee Trainingsmesser.<br \/>\nDamit k\u00f6nnen Sie Ihr Kunststoffmesser mit beschichteter Klinge voll nutzen, so dass Sie jeden Schlag beim Training deutlich sehen k\u00f6nnen.<br \/>\nEigenschaften:<\/p>\n<p>&#8211; Hautfreundlicher Kreidestift<\/p>\n<p>&#8211; Leicht abwaschbar<\/p>\n<p>&#8211; L\u00e4nge: ca. 11,5 cm<\/p>\n<p>&#8211; Farbton kann je nach Lieferung leicht variieren<\/p>\n<p>&#8211; Hervorragende Haltbarkeit<\/p>\n<p>Ideal, um die Effektivit\u00e4t Ihrer Trainingsausr\u00fcstung zu erhalten und eine genaue Markierung von Trainingseinheit zu Trainingseinheit zu gew\u00e4hrleisten.<\/p>\n","protected":false},"excerpt":{"rendered":"<p>Zus\u00e4tzliche oder ersatzweise VirtualBlade Markierungskreide, kompatibel mit dem Sharkee Trainingsmesser. Damit k\u00f6nnen Sie Ihr Kunststoffmesser mit beschichteter Klinge voll nutzen, so dass Sie jeden Schlag beim Training deutlich sehen k\u00f6nnen. Eigenschaften: &#8211; Hautfreundlicher Kreidestift &#8211; Leicht abwaschbar &#8211; L\u00e4nge: ca. 11,5 cm &#8211; Farbton kann je nach Lieferung leicht variieren &#8211; Hervorragende Haltbarkeit Ideal, um [&hellip;]<\/p>\n","protected":false},"featured_media":658560,"comment_status":"open","ping_status":"closed","template":"","meta":{"inline_featured_image":false},"product_brand":[],"product_cat":[2116,2115],"product_tag":[2498],"sport":[],"class_list":{"0":"post-463769","1":"product","2":"type-product","3":"status-publish","4":"has-post-thumbnail","6":"product_cat-krav-maga-waffen","7":"product_cat-waffen","8":"product_tag-sharkee-de","9":"pa_size-sans-taille-defaut","11":"first","12":"instock","13":"taxable","14":"shipping-taxable","15":"purchasable","16":"product-type-variable"},"yoast_head":"<!-- This site is optimized with the Yoast SEO plugin v27.2 - https:\/\/yoast.com\/product\/yoast-seo-wordpress\/ -->\n<title>KREIDE F\u00dcR MARKERMESSER &#8211; Daisho<\/title>\n<meta name=\"robots\" content=\"index, follow, max-snippet:-1, max-image-preview:large, max-video-preview:-1\" \/>\n<link rel=\"canonical\" href=\"https:\/\/www.daisho.be\/de\/produit\/kreide-fuer-markermesser\/\" \/>\n<meta property=\"og:locale\" content=\"de_DE\" \/>\n<meta property=\"og:type\" content=\"article\" \/>\n<meta property=\"og:title\" content=\"KREIDE F\u00dcR MARKERMESSER &#8211; Daisho\" \/>\n<meta property=\"og:description\" content=\"Zus\u00e4tzliche oder ersatzweise VirtualBlade Markierungskreide, kompatibel mit dem Sharkee Trainingsmesser. Damit k\u00f6nnen Sie Ihr Kunststoffmesser mit beschichteter Klinge voll nutzen, so dass Sie jeden Schlag beim Training deutlich sehen k\u00f6nnen. Eigenschaften: &#8211; Hautfreundlicher Kreidestift &#8211; Leicht abwaschbar &#8211; L\u00e4nge: ca. 11,5 cm &#8211; Farbton kann je nach Lieferung leicht variieren &#8211; Hervorragende Haltbarkeit Ideal, um [&hellip;]\" \/>\n<meta property=\"og:url\" content=\"https:\/\/www.daisho.be\/de\/produit\/kreide-fuer-markermesser\/\" \/>\n<meta property=\"og:site_name\" content=\"Daisho\" \/>\n<meta property=\"article:modified_time\" content=\"2026-02-09T15:32:50+00:00\" \/>\n<meta property=\"og:image\" content=\"https:\/\/www.daisho.be\/wp-content\/uploads\/2026\/02\/image-1.png\" \/>\n\t<meta property=\"og:image:width\" content=\"768\" \/>\n\t<meta property=\"og:image:height\" content=\"1024\" \/>\n\t<meta property=\"og:image:type\" content=\"image\/png\" \/>\n<meta name=\"twitter:card\" content=\"summary_large_image\" \/>\n<script type=\"application\/ld+json\" class=\"yoast-schema-graph\">{\"@context\":\"https:\/\/schema.org\",\"@graph\":[{\"@type\":\"WebPage\",\"@id\":\"https:\/\/www.daisho.be\/de\/produit\/kreide-fuer-markermesser\/\",\"url\":\"https:\/\/www.daisho.be\/de\/produit\/kreide-fuer-markermesser\/\",\"name\":\"KREIDE F\u00dcR MARKERMESSER &#8211; Daisho\",\"isPartOf\":{\"@id\":\"https:\/\/www.daisho.be\/de\/#website\"},\"primaryImageOfPage\":{\"@id\":\"https:\/\/www.daisho.be\/de\/produit\/kreide-fuer-markermesser\/#primaryimage\"},\"image\":{\"@id\":\"https:\/\/www.daisho.be\/de\/produit\/kreide-fuer-markermesser\/#primaryimage\"},\"thumbnailUrl\":\"https:\/\/www.daisho.be\/wp-content\/uploads\/2026\/02\/image-1.png\",\"datePublished\":\"2024-05-20T08:29:52+00:00\",\"dateModified\":\"2026-02-09T15:32:50+00:00\",\"breadcrumb\":{\"@id\":\"https:\/\/www.daisho.be\/de\/produit\/kreide-fuer-markermesser\/#breadcrumb\"},\"inLanguage\":\"de\",\"potentialAction\":[{\"@type\":\"ReadAction\",\"target\":[\"https:\/\/www.daisho.be\/de\/produit\/kreide-fuer-markermesser\/\"]}]},{\"@type\":\"ImageObject\",\"inLanguage\":\"de\",\"@id\":\"https:\/\/www.daisho.be\/de\/produit\/kreide-fuer-markermesser\/#primaryimage\",\"url\":\"https:\/\/www.daisho.be\/wp-content\/uploads\/2026\/02\/image-1.png\",\"contentUrl\":\"https:\/\/www.daisho.be\/wp-content\/uploads\/2026\/02\/image-1.png\",\"width\":768,\"height\":1024,\"caption\":\"CRAIE POUR COUTEAU MARQUEUR-1\"},{\"@type\":\"BreadcrumbList\",\"@id\":\"https:\/\/www.daisho.be\/de\/produit\/kreide-fuer-markermesser\/#breadcrumb\",\"itemListElement\":[{\"@type\":\"ListItem\",\"position\":1,\"name\":\"Accueil\",\"item\":\"https:\/\/www.daisho.be\/de\/\"},{\"@type\":\"ListItem\",\"position\":2,\"name\":\"Produkte\",\"item\":\"https:\/\/www.daisho.be\/de\/produkte\/\"},{\"@type\":\"ListItem\",\"position\":3,\"name\":\"Ausr\u00fcstung und Kleidung f\u00fcr Kampfkunst und Kampfsport\",\"item\":\"https:\/\/www.daisho.be\/de\/categorie-produit\/ausrustung-und-kleidung-fur-kampfkunst-und-kampfsport\/\"},{\"@type\":\"ListItem\",\"position\":4,\"name\":\"Krav Maga\",\"item\":\"https:\/\/www.daisho.be\/de\/categorie-produit\/ausrustung-und-kleidung-fur-kampfkunst-und-kampfsport\/krav-maga-de\/\"},{\"@type\":\"ListItem\",\"position\":5,\"name\":\"Krav Maga Waffen\",\"item\":\"https:\/\/www.daisho.be\/de\/categorie-produit\/ausrustung-und-kleidung-fur-kampfkunst-und-kampfsport\/krav-maga-de\/krav-maga-waffen\/\"},{\"@type\":\"ListItem\",\"position\":6,\"name\":\"KREIDE F\u00dcR MARKERMESSER\"}]},{\"@type\":\"WebSite\",\"@id\":\"https:\/\/www.daisho.be\/de\/#website\",\"url\":\"https:\/\/www.daisho.be\/de\/\",\"name\":\"Daisho\",\"description\":\"Sp&eacute;cialiste de l'&eacute;quipement sportif d'arts martiaux\",\"publisher\":{\"@id\":\"https:\/\/www.daisho.be\/de\/#organization\"},\"potentialAction\":[{\"@type\":\"SearchAction\",\"target\":{\"@type\":\"EntryPoint\",\"urlTemplate\":\"https:\/\/www.daisho.be\/de\/?s={search_term_string}\"},\"query-input\":{\"@type\":\"PropertyValueSpecification\",\"valueRequired\":true,\"valueName\":\"search_term_string\"}}],\"inLanguage\":\"de\"},{\"@type\":\"Organization\",\"@id\":\"https:\/\/www.daisho.be\/de\/#organization\",\"name\":\"Daisho\",\"url\":\"https:\/\/www.daisho.be\/de\/\",\"logo\":{\"@type\":\"ImageObject\",\"inLanguage\":\"de\",\"@id\":\"https:\/\/www.daisho.be\/de\/#\/schema\/logo\/image\/\",\"url\":\"https:\/\/www.daisho.be\/wp-content\/uploads\/2019\/07\/color-nothing-horizontale4x-e1564486100247.png\",\"contentUrl\":\"https:\/\/www.daisho.be\/wp-content\/uploads\/2019\/07\/color-nothing-horizontale4x-e1564486100247.png\",\"width\":1547,\"height\":385,\"caption\":\"Daisho\"},\"image\":{\"@id\":\"https:\/\/www.daisho.be\/de\/#\/schema\/logo\/image\/\"}}]}<\/script>\n<!-- \/ Yoast SEO plugin. -->","yoast_head_json":{"title":"KREIDE F\u00dcR MARKERMESSER &#8211; Daisho","robots":{"index":"index","follow":"follow","max-snippet":"max-snippet:-1","max-image-preview":"max-image-preview:large","max-video-preview":"max-video-preview:-1"},"canonical":"https:\/\/www.daisho.be\/de\/produit\/kreide-fuer-markermesser\/","og_locale":"de_DE","og_type":"article","og_title":"KREIDE F\u00dcR MARKERMESSER &#8211; Daisho","og_description":"Zus\u00e4tzliche oder ersatzweise VirtualBlade Markierungskreide, kompatibel mit dem Sharkee Trainingsmesser. Damit k\u00f6nnen Sie Ihr Kunststoffmesser mit beschichteter Klinge voll nutzen, so dass Sie jeden Schlag beim Training deutlich sehen k\u00f6nnen. Eigenschaften: &#8211; Hautfreundlicher Kreidestift &#8211; Leicht abwaschbar &#8211; L\u00e4nge: ca. 11,5 cm &#8211; Farbton kann je nach Lieferung leicht variieren &#8211; Hervorragende Haltbarkeit Ideal, um [&hellip;]","og_url":"https:\/\/www.daisho.be\/de\/produit\/kreide-fuer-markermesser\/","og_site_name":"Daisho","article_modified_time":"2026-02-09T15:32:50+00:00","og_image":[{"width":768,"height":1024,"url":"https:\/\/www.daisho.be\/wp-content\/uploads\/2026\/02\/image-1.png","type":"image\/png"}],"twitter_card":"summary_large_image","schema":{"@context":"https:\/\/schema.org","@graph":[{"@type":"WebPage","@id":"https:\/\/www.daisho.be\/de\/produit\/kreide-fuer-markermesser\/","url":"https:\/\/www.daisho.be\/de\/produit\/kreide-fuer-markermesser\/","name":"KREIDE F\u00dcR MARKERMESSER &#8211; Daisho","isPartOf":{"@id":"https:\/\/www.daisho.be\/de\/#website"},"primaryImageOfPage":{"@id":"https:\/\/www.daisho.be\/de\/produit\/kreide-fuer-markermesser\/#primaryimage"},"image":{"@id":"https:\/\/www.daisho.be\/de\/produit\/kreide-fuer-markermesser\/#primaryimage"},"thumbnailUrl":"https:\/\/www.daisho.be\/wp-content\/uploads\/2026\/02\/image-1.png","datePublished":"2024-05-20T08:29:52+00:00","dateModified":"2026-02-09T15:32:50+00:00","breadcrumb":{"@id":"https:\/\/www.daisho.be\/de\/produit\/kreide-fuer-markermesser\/#breadcrumb"},"inLanguage":"de","potentialAction":[{"@type":"ReadAction","target":["https:\/\/www.daisho.be\/de\/produit\/kreide-fuer-markermesser\/"]}]},{"@type":"ImageObject","inLanguage":"de","@id":"https:\/\/www.daisho.be\/de\/produit\/kreide-fuer-markermesser\/#primaryimage","url":"https:\/\/www.daisho.be\/wp-content\/uploads\/2026\/02\/image-1.png","contentUrl":"https:\/\/www.daisho.be\/wp-content\/uploads\/2026\/02\/image-1.png","width":768,"height":1024,"caption":"CRAIE POUR COUTEAU MARQUEUR-1"},{"@type":"BreadcrumbList","@id":"https:\/\/www.daisho.be\/de\/produit\/kreide-fuer-markermesser\/#breadcrumb","itemListElement":[{"@type":"ListItem","position":1,"name":"Accueil","item":"https:\/\/www.daisho.be\/de\/"},{"@type":"ListItem","position":2,"name":"Produkte","item":"https:\/\/www.daisho.be\/de\/produkte\/"},{"@type":"ListItem","position":3,"name":"Ausr\u00fcstung und Kleidung f\u00fcr Kampfkunst und Kampfsport","item":"https:\/\/www.daisho.be\/de\/categorie-produit\/ausrustung-und-kleidung-fur-kampfkunst-und-kampfsport\/"},{"@type":"ListItem","position":4,"name":"Krav Maga","item":"https:\/\/www.daisho.be\/de\/categorie-produit\/ausrustung-und-kleidung-fur-kampfkunst-und-kampfsport\/krav-maga-de\/"},{"@type":"ListItem","position":5,"name":"Krav Maga Waffen","item":"https:\/\/www.daisho.be\/de\/categorie-produit\/ausrustung-und-kleidung-fur-kampfkunst-und-kampfsport\/krav-maga-de\/krav-maga-waffen\/"},{"@type":"ListItem","position":6,"name":"KREIDE F\u00dcR MARKERMESSER"}]},{"@type":"WebSite","@id":"https:\/\/www.daisho.be\/de\/#website","url":"https:\/\/www.daisho.be\/de\/","name":"Daisho","description":"Sp&eacute;cialiste de l'&eacute;quipement sportif d'arts martiaux","publisher":{"@id":"https:\/\/www.daisho.be\/de\/#organization"},"potentialAction":[{"@type":"SearchAction","target":{"@type":"EntryPoint","urlTemplate":"https:\/\/www.daisho.be\/de\/?s={search_term_string}"},"query-input":{"@type":"PropertyValueSpecification","valueRequired":true,"valueName":"search_term_string"}}],"inLanguage":"de"},{"@type":"Organization","@id":"https:\/\/www.daisho.be\/de\/#organization","name":"Daisho","url":"https:\/\/www.daisho.be\/de\/","logo":{"@type":"ImageObject","inLanguage":"de","@id":"https:\/\/www.daisho.be\/de\/#\/schema\/logo\/image\/","url":"https:\/\/www.daisho.be\/wp-content\/uploads\/2019\/07\/color-nothing-horizontale4x-e1564486100247.png","contentUrl":"https:\/\/www.daisho.be\/wp-content\/uploads\/2019\/07\/color-nothing-horizontale4x-e1564486100247.png","width":1547,"height":385,"caption":"Daisho"},"image":{"@id":"https:\/\/www.daisho.be\/de\/#\/schema\/logo\/image\/"}}]}},"_links":{"self":[{"href":"https:\/\/www.daisho.be\/de\/wp-json\/wp\/v2\/product\/463769","targetHints":{"allow":["GET"]}}],"collection":[{"href":"https:\/\/www.daisho.be\/de\/wp-json\/wp\/v2\/product"}],"about":[{"href":"https:\/\/www.daisho.be\/de\/wp-json\/wp\/v2\/types\/product"}],"replies":[{"embeddable":true,"href":"https:\/\/www.daisho.be\/de\/wp-json\/wp\/v2\/comments?post=463769"}],"wp:featuredmedia":[{"embeddable":true,"href":"https:\/\/www.daisho.be\/de\/wp-json\/wp\/v2\/media\/658560"}],"wp:attachment":[{"href":"https:\/\/www.daisho.be\/de\/wp-json\/wp\/v2\/media?parent=463769"}],"wp:term":[{"taxonomy":"product_brand","embeddable":true,"href":"https:\/\/www.daisho.be\/de\/wp-json\/wp\/v2\/product_brand?post=463769"},{"taxonomy":"product_cat","embeddable":true,"href":"https:\/\/www.daisho.be\/de\/wp-json\/wp\/v2\/product_cat?post=463769"},{"taxonomy":"product_tag","embeddable":true,"href":"https:\/\/www.daisho.be\/de\/wp-json\/wp\/v2\/product_tag?post=463769"},{"taxonomy":"sport","embeddable":true,"href":"https:\/\/www.daisho.be\/de\/wp-json\/wp\/v2\/sport?post=463769"}],"curies":[{"name":"wp","href":"https:\/\/api.w.org\/{rel}","templated":true}]}}