{"id":463752,"date":"2024-05-20T11:26:44","date_gmt":"2024-05-20T09:26:44","guid":{"rendered":"https:\/\/www.daisho.be\/produit\/antibakteriell-fuer-zahnschutz\/"},"modified":"2024-05-20T11:26:44","modified_gmt":"2024-05-20T09:26:44","slug":"antibakteriell-fuer-zahnschutz","status":"publish","type":"product","link":"https:\/\/www.daisho.be\/de\/produit\/antibakteriell-fuer-zahnschutz\/","title":{"rendered":"Antibakteriell f\u00fcr Zahnschutz"},"content":{"rendered":"<p>Mikrobiologisches antibakterielles Mundschutzspray ist alles, was Sie brauchen, um Bakterien, Viren und Pilze zu bek\u00e4mpfen.<br \/>\nDieses Spray mit Minzgeschmack hat sich als wirksam gegen MRSA, Salmonellen, E.Coli und viele andere erwiesen. Das Spray t\u00f6tet 99,99% der Bakterien ab.<br \/>\nDie erfrischende Formel des Sprays ist einfach zu verwenden. Einfach direkt auf das Mundspray spr\u00fchen, trocknen lassen und absp\u00fclen.<br \/>\nJede haltbare Flasche enth\u00e4lt 50 ml (f\u00fcr ca. 150 Anwendungen).<br \/>\nDie Wirksamkeit dieses Reinigers zum Schutz des Zahnfleisches wurde gem\u00e4\u00df den Teststandards EN14476 f\u00fcr Viren, EN1276 f\u00fcr Bakterien und EN1650 f\u00fcr Pilze nachgewiesen.<br \/>\nLesen Sie vor der Anwendung die Anweisungen auf der Verpackung sorgf\u00e4ltig durch.  <\/p>\n","protected":false},"excerpt":{"rendered":"<p>Mikrobiologisches antibakterielles Mundschutzspray ist alles, was Sie brauchen, um Bakterien, Viren und Pilze zu bek\u00e4mpfen. Dieses Spray mit Minzgeschmack hat sich als wirksam gegen MRSA, Salmonellen, E.Coli und viele andere erwiesen. Das Spray t\u00f6tet 99,99% der Bakterien ab. Die erfrischende Formel des Sprays ist einfach zu verwenden. Einfach direkt auf das Mundspray spr\u00fchen, trocknen lassen [&hellip;]<\/p>\n","protected":false},"featured_media":463755,"comment_status":"open","ping_status":"closed","template":"","meta":{"inline_featured_image":false},"product_brand":[],"product_cat":[2062,2169,2052,2051],"product_tag":[2372],"sport":[],"class_list":{"0":"post-463752","1":"product","2":"type-product","3":"status-publish","4":"has-post-thumbnail","6":"product_cat-karate-schutzkleidung","7":"product_cat-pflege","8":"product_cat-protektoren-boxen","9":"product_cat-schutz","10":"product_tag-safe-jawz-de","12":"first","13":"instock","14":"taxable","15":"shipping-taxable","16":"purchasable","17":"product-type-simple"},"yoast_head":"<!-- This site is optimized with the Yoast SEO plugin v27.2 - https:\/\/yoast.com\/product\/yoast-seo-wordpress\/ -->\n<title>Antibakteriell f\u00fcr Zahnschutz &#8211; Daisho<\/title>\n<meta name=\"robots\" content=\"index, follow, max-snippet:-1, max-image-preview:large, max-video-preview:-1\" \/>\n<link rel=\"canonical\" href=\"https:\/\/www.daisho.be\/de\/produit\/antibakteriell-fuer-zahnschutz\/\" \/>\n<meta property=\"og:locale\" content=\"de_DE\" \/>\n<meta property=\"og:type\" content=\"article\" \/>\n<meta property=\"og:title\" content=\"Antibakteriell f\u00fcr Zahnschutz &#8211; Daisho\" \/>\n<meta property=\"og:description\" content=\"Mikrobiologisches antibakterielles Mundschutzspray ist alles, was Sie brauchen, um Bakterien, Viren und Pilze zu bek\u00e4mpfen. Dieses Spray mit Minzgeschmack hat sich als wirksam gegen MRSA, Salmonellen, E.Coli und viele andere erwiesen. Das Spray t\u00f6tet 99,99% der Bakterien ab. Die erfrischende Formel des Sprays ist einfach zu verwenden. Einfach direkt auf das Mundspray spr\u00fchen, trocknen lassen [&hellip;]\" \/>\n<meta property=\"og:url\" content=\"https:\/\/www.daisho.be\/de\/produit\/antibakteriell-fuer-zahnschutz\/\" \/>\n<meta property=\"og:site_name\" content=\"Daisho\" \/>\n<meta property=\"og:image\" content=\"https:\/\/www.daisho.be\/wp-content\/uploads\/2024\/05\/image-72.jpg\" \/>\n\t<meta property=\"og:image:width\" content=\"650\" \/>\n\t<meta property=\"og:image:height\" content=\"650\" \/>\n\t<meta property=\"og:image:type\" content=\"image\/jpeg\" \/>\n<meta name=\"twitter:card\" content=\"summary_large_image\" \/>\n<meta name=\"twitter:label1\" content=\"Gesch\u00e4tzte Lesezeit\" \/>\n\t<meta name=\"twitter:data1\" content=\"1\u00a0Minute\" \/>\n<script type=\"application\/ld+json\" class=\"yoast-schema-graph\">{\"@context\":\"https:\/\/schema.org\",\"@graph\":[{\"@type\":\"WebPage\",\"@id\":\"https:\/\/www.daisho.be\/de\/produit\/antibakteriell-fuer-zahnschutz\/\",\"url\":\"https:\/\/www.daisho.be\/de\/produit\/antibakteriell-fuer-zahnschutz\/\",\"name\":\"Antibakteriell f\u00fcr Zahnschutz &#8211; Daisho\",\"isPartOf\":{\"@id\":\"https:\/\/www.daisho.be\/de\/#website\"},\"primaryImageOfPage\":{\"@id\":\"https:\/\/www.daisho.be\/de\/produit\/antibakteriell-fuer-zahnschutz\/#primaryimage\"},\"image\":{\"@id\":\"https:\/\/www.daisho.be\/de\/produit\/antibakteriell-fuer-zahnschutz\/#primaryimage\"},\"thumbnailUrl\":\"https:\/\/www.daisho.be\/wp-content\/uploads\/2024\/05\/image-72.jpg\",\"datePublished\":\"2024-05-20T09:26:44+00:00\",\"breadcrumb\":{\"@id\":\"https:\/\/www.daisho.be\/de\/produit\/antibakteriell-fuer-zahnschutz\/#breadcrumb\"},\"inLanguage\":\"de\",\"potentialAction\":[{\"@type\":\"ReadAction\",\"target\":[\"https:\/\/www.daisho.be\/de\/produit\/antibakteriell-fuer-zahnschutz\/\"]}]},{\"@type\":\"ImageObject\",\"inLanguage\":\"de\",\"@id\":\"https:\/\/www.daisho.be\/de\/produit\/antibakteriell-fuer-zahnschutz\/#primaryimage\",\"url\":\"https:\/\/www.daisho.be\/wp-content\/uploads\/2024\/05\/image-72.jpg\",\"contentUrl\":\"https:\/\/www.daisho.be\/wp-content\/uploads\/2024\/05\/image-72.jpg\",\"width\":650,\"height\":650},{\"@type\":\"BreadcrumbList\",\"@id\":\"https:\/\/www.daisho.be\/de\/produit\/antibakteriell-fuer-zahnschutz\/#breadcrumb\",\"itemListElement\":[{\"@type\":\"ListItem\",\"position\":1,\"name\":\"Accueil\",\"item\":\"https:\/\/www.daisho.be\/de\/\"},{\"@type\":\"ListItem\",\"position\":2,\"name\":\"Produkte\",\"item\":\"https:\/\/www.daisho.be\/de\/produkte\/\"},{\"@type\":\"ListItem\",\"position\":3,\"name\":\"Ausr\u00fcstung und Kleidung f\u00fcr Kampfkunst und Kampfsport\",\"item\":\"https:\/\/www.daisho.be\/de\/categorie-produit\/ausrustung-und-kleidung-fur-kampfkunst-und-kampfsport\/\"},{\"@type\":\"ListItem\",\"position\":4,\"name\":\"Karate\",\"item\":\"https:\/\/www.daisho.be\/de\/categorie-produit\/ausrustung-und-kleidung-fur-kampfkunst-und-kampfsport\/karate-de-2\/\"},{\"@type\":\"ListItem\",\"position\":5,\"name\":\"Karate-Schutzkleidung\",\"item\":\"https:\/\/www.daisho.be\/de\/categorie-produit\/ausrustung-und-kleidung-fur-kampfkunst-und-kampfsport\/karate-de-2\/karate-schutzkleidung\/\"},{\"@type\":\"ListItem\",\"position\":6,\"name\":\"Antibakteriell f\u00fcr Zahnschutz\"}]},{\"@type\":\"WebSite\",\"@id\":\"https:\/\/www.daisho.be\/de\/#website\",\"url\":\"https:\/\/www.daisho.be\/de\/\",\"name\":\"Daisho\",\"description\":\"Sp&eacute;cialiste de l'&eacute;quipement sportif d'arts martiaux\",\"publisher\":{\"@id\":\"https:\/\/www.daisho.be\/de\/#organization\"},\"potentialAction\":[{\"@type\":\"SearchAction\",\"target\":{\"@type\":\"EntryPoint\",\"urlTemplate\":\"https:\/\/www.daisho.be\/de\/?s={search_term_string}\"},\"query-input\":{\"@type\":\"PropertyValueSpecification\",\"valueRequired\":true,\"valueName\":\"search_term_string\"}}],\"inLanguage\":\"de\"},{\"@type\":\"Organization\",\"@id\":\"https:\/\/www.daisho.be\/de\/#organization\",\"name\":\"Daisho\",\"url\":\"https:\/\/www.daisho.be\/de\/\",\"logo\":{\"@type\":\"ImageObject\",\"inLanguage\":\"de\",\"@id\":\"https:\/\/www.daisho.be\/de\/#\/schema\/logo\/image\/\",\"url\":\"https:\/\/www.daisho.be\/wp-content\/uploads\/2019\/07\/color-nothing-horizontale4x-e1564486100247.png\",\"contentUrl\":\"https:\/\/www.daisho.be\/wp-content\/uploads\/2019\/07\/color-nothing-horizontale4x-e1564486100247.png\",\"width\":1547,\"height\":385,\"caption\":\"Daisho\"},\"image\":{\"@id\":\"https:\/\/www.daisho.be\/de\/#\/schema\/logo\/image\/\"}}]}<\/script>\n<!-- \/ Yoast SEO plugin. -->","yoast_head_json":{"title":"Antibakteriell f\u00fcr Zahnschutz &#8211; Daisho","robots":{"index":"index","follow":"follow","max-snippet":"max-snippet:-1","max-image-preview":"max-image-preview:large","max-video-preview":"max-video-preview:-1"},"canonical":"https:\/\/www.daisho.be\/de\/produit\/antibakteriell-fuer-zahnschutz\/","og_locale":"de_DE","og_type":"article","og_title":"Antibakteriell f\u00fcr Zahnschutz &#8211; Daisho","og_description":"Mikrobiologisches antibakterielles Mundschutzspray ist alles, was Sie brauchen, um Bakterien, Viren und Pilze zu bek\u00e4mpfen. Dieses Spray mit Minzgeschmack hat sich als wirksam gegen MRSA, Salmonellen, E.Coli und viele andere erwiesen. Das Spray t\u00f6tet 99,99% der Bakterien ab. Die erfrischende Formel des Sprays ist einfach zu verwenden. Einfach direkt auf das Mundspray spr\u00fchen, trocknen lassen [&hellip;]","og_url":"https:\/\/www.daisho.be\/de\/produit\/antibakteriell-fuer-zahnschutz\/","og_site_name":"Daisho","og_image":[{"width":650,"height":650,"url":"https:\/\/www.daisho.be\/wp-content\/uploads\/2024\/05\/image-72.jpg","type":"image\/jpeg"}],"twitter_card":"summary_large_image","twitter_misc":{"Gesch\u00e4tzte Lesezeit":"1\u00a0Minute"},"schema":{"@context":"https:\/\/schema.org","@graph":[{"@type":"WebPage","@id":"https:\/\/www.daisho.be\/de\/produit\/antibakteriell-fuer-zahnschutz\/","url":"https:\/\/www.daisho.be\/de\/produit\/antibakteriell-fuer-zahnschutz\/","name":"Antibakteriell f\u00fcr Zahnschutz &#8211; Daisho","isPartOf":{"@id":"https:\/\/www.daisho.be\/de\/#website"},"primaryImageOfPage":{"@id":"https:\/\/www.daisho.be\/de\/produit\/antibakteriell-fuer-zahnschutz\/#primaryimage"},"image":{"@id":"https:\/\/www.daisho.be\/de\/produit\/antibakteriell-fuer-zahnschutz\/#primaryimage"},"thumbnailUrl":"https:\/\/www.daisho.be\/wp-content\/uploads\/2024\/05\/image-72.jpg","datePublished":"2024-05-20T09:26:44+00:00","breadcrumb":{"@id":"https:\/\/www.daisho.be\/de\/produit\/antibakteriell-fuer-zahnschutz\/#breadcrumb"},"inLanguage":"de","potentialAction":[{"@type":"ReadAction","target":["https:\/\/www.daisho.be\/de\/produit\/antibakteriell-fuer-zahnschutz\/"]}]},{"@type":"ImageObject","inLanguage":"de","@id":"https:\/\/www.daisho.be\/de\/produit\/antibakteriell-fuer-zahnschutz\/#primaryimage","url":"https:\/\/www.daisho.be\/wp-content\/uploads\/2024\/05\/image-72.jpg","contentUrl":"https:\/\/www.daisho.be\/wp-content\/uploads\/2024\/05\/image-72.jpg","width":650,"height":650},{"@type":"BreadcrumbList","@id":"https:\/\/www.daisho.be\/de\/produit\/antibakteriell-fuer-zahnschutz\/#breadcrumb","itemListElement":[{"@type":"ListItem","position":1,"name":"Accueil","item":"https:\/\/www.daisho.be\/de\/"},{"@type":"ListItem","position":2,"name":"Produkte","item":"https:\/\/www.daisho.be\/de\/produkte\/"},{"@type":"ListItem","position":3,"name":"Ausr\u00fcstung und Kleidung f\u00fcr Kampfkunst und Kampfsport","item":"https:\/\/www.daisho.be\/de\/categorie-produit\/ausrustung-und-kleidung-fur-kampfkunst-und-kampfsport\/"},{"@type":"ListItem","position":4,"name":"Karate","item":"https:\/\/www.daisho.be\/de\/categorie-produit\/ausrustung-und-kleidung-fur-kampfkunst-und-kampfsport\/karate-de-2\/"},{"@type":"ListItem","position":5,"name":"Karate-Schutzkleidung","item":"https:\/\/www.daisho.be\/de\/categorie-produit\/ausrustung-und-kleidung-fur-kampfkunst-und-kampfsport\/karate-de-2\/karate-schutzkleidung\/"},{"@type":"ListItem","position":6,"name":"Antibakteriell f\u00fcr Zahnschutz"}]},{"@type":"WebSite","@id":"https:\/\/www.daisho.be\/de\/#website","url":"https:\/\/www.daisho.be\/de\/","name":"Daisho","description":"Sp&eacute;cialiste de l'&eacute;quipement sportif d'arts martiaux","publisher":{"@id":"https:\/\/www.daisho.be\/de\/#organization"},"potentialAction":[{"@type":"SearchAction","target":{"@type":"EntryPoint","urlTemplate":"https:\/\/www.daisho.be\/de\/?s={search_term_string}"},"query-input":{"@type":"PropertyValueSpecification","valueRequired":true,"valueName":"search_term_string"}}],"inLanguage":"de"},{"@type":"Organization","@id":"https:\/\/www.daisho.be\/de\/#organization","name":"Daisho","url":"https:\/\/www.daisho.be\/de\/","logo":{"@type":"ImageObject","inLanguage":"de","@id":"https:\/\/www.daisho.be\/de\/#\/schema\/logo\/image\/","url":"https:\/\/www.daisho.be\/wp-content\/uploads\/2019\/07\/color-nothing-horizontale4x-e1564486100247.png","contentUrl":"https:\/\/www.daisho.be\/wp-content\/uploads\/2019\/07\/color-nothing-horizontale4x-e1564486100247.png","width":1547,"height":385,"caption":"Daisho"},"image":{"@id":"https:\/\/www.daisho.be\/de\/#\/schema\/logo\/image\/"}}]}},"_links":{"self":[{"href":"https:\/\/www.daisho.be\/de\/wp-json\/wp\/v2\/product\/463752","targetHints":{"allow":["GET"]}}],"collection":[{"href":"https:\/\/www.daisho.be\/de\/wp-json\/wp\/v2\/product"}],"about":[{"href":"https:\/\/www.daisho.be\/de\/wp-json\/wp\/v2\/types\/product"}],"replies":[{"embeddable":true,"href":"https:\/\/www.daisho.be\/de\/wp-json\/wp\/v2\/comments?post=463752"}],"wp:featuredmedia":[{"embeddable":true,"href":"https:\/\/www.daisho.be\/de\/wp-json\/wp\/v2\/media\/463755"}],"wp:attachment":[{"href":"https:\/\/www.daisho.be\/de\/wp-json\/wp\/v2\/media?parent=463752"}],"wp:term":[{"taxonomy":"product_brand","embeddable":true,"href":"https:\/\/www.daisho.be\/de\/wp-json\/wp\/v2\/product_brand?post=463752"},{"taxonomy":"product_cat","embeddable":true,"href":"https:\/\/www.daisho.be\/de\/wp-json\/wp\/v2\/product_cat?post=463752"},{"taxonomy":"product_tag","embeddable":true,"href":"https:\/\/www.daisho.be\/de\/wp-json\/wp\/v2\/product_tag?post=463752"},{"taxonomy":"sport","embeddable":true,"href":"https:\/\/www.daisho.be\/de\/wp-json\/wp\/v2\/sport?post=463752"}],"curies":[{"name":"wp","href":"https:\/\/api.w.org\/{rel}","templated":true}]}}