{"id":463744,"date":"2024-05-20T11:13:22","date_gmt":"2024-05-20T09:13:22","guid":{"rendered":"https:\/\/www.daisho.be\/produit\/sporttasche-japan\/"},"modified":"2024-05-20T11:13:22","modified_gmt":"2024-05-20T09:13:22","slug":"sporttasche-japan","status":"publish","type":"product","link":"https:\/\/www.daisho.be\/de\/produit\/sporttasche-japan\/","title":{"rendered":"Sporttasche-Japan"},"content":{"rendered":"<p>Die praktische und handliche Trainingstasche mit der japanischen Flagge auf der Seitentasche.<br \/>\nMit mehreren Seitentaschen und vielen weiteren Details.<br \/>\nDas Innere der Tasche ist mit zus\u00e4tzlichen Netzeins\u00e4tzen f\u00fcr eine bessere Bel\u00fcftung ausgestattet.<br \/>\nDas Innenfutter ist in einer roten Kontrastfarbe gehalten, so dass man schneller sieht, was sich alles in der Tasche befindet.<br \/>\nDie bedruckte Seitenlasche ist mit einem Klettverschluss an der Tasche befestigt und kann bei Bedarf ausgetauscht werden.<br \/>\nDie Sporttasche ist mit zwei verst\u00e4rkten Griffen ausgestattet. Dar\u00fcber hinaus bietet die Tasche einen langen Schulterriemen. Eigenschaften: Gesamtma\u00dfe 600 x 270 x 300 mm Material 100% Polyester Rotes Innenfutter mit einer Rei\u00dfverschlusstasche 1 kleine Au\u00dfentasche (ca. 20 x 12 x 2 cm) an der L\u00e4ngsseite mit Rei\u00dfverschluss mit bedruckter Frontklappe 2 gro\u00dfe seitliche Au\u00dfentaschen mit einer Breite von ca. 9 cm 1 atmungsaktives Seitenfach mit Rei\u00dfverschluss, geeignet f\u00fcr Schuhe oder Schmutzw\u00e4sche 2 kurze Tragegriffe mit verst\u00e4rktem Griff 1 verstellbarer Schultergurt mit verst\u00e4rktem Griff mit mehreren Netzeins\u00e4tzen f\u00fcr eine bessere Bel\u00fcftung der gesamten Tasche Volumen ca. 49 Liter Bedruckbare Seitenlasche austauschbar Gr\u00f6\u00dfe 225 x 145 mm Farbe schwarz mit grauen Gurten <\/p>\n","protected":false},"excerpt":{"rendered":"<p>Die praktische und handliche Trainingstasche mit der japanischen Flagge auf der Seitentasche. Mit mehreren Seitentaschen und vielen weiteren Details. Das Innere der Tasche ist mit zus\u00e4tzlichen Netzeins\u00e4tzen f\u00fcr eine bessere Bel\u00fcftung ausgestattet. Das Innenfutter ist in einer roten Kontrastfarbe gehalten, so dass man schneller sieht, was sich alles in der Tasche befindet. Die bedruckte Seitenlasche [&hellip;]<\/p>\n","protected":false},"featured_media":463745,"comment_status":"open","ping_status":"closed","template":"","meta":{"inline_featured_image":false},"product_brand":[],"product_cat":[2371,2063,2061],"product_tag":[2158],"sport":[],"class_list":{"0":"post-463744","1":"product","2":"type-product","3":"status-publish","4":"has-post-thumbnail","6":"product_cat-judotaschen","7":"product_cat-karate-taschen","8":"product_cat-sporttaschen","9":"product_tag-s-b-j-de","11":"first","12":"instock","13":"taxable","14":"shipping-taxable","15":"purchasable","16":"product-type-simple"},"yoast_head":"<!-- This site is optimized with the Yoast SEO plugin v27.2 - https:\/\/yoast.com\/product\/yoast-seo-wordpress\/ -->\n<title>Sporttasche-Japan &#8211; Daisho<\/title>\n<meta name=\"description\" content=\"Die praktische und handliche Trainingstasche mit der japanischen Flagge auf der Seitentasche.\" \/>\n<meta name=\"robots\" content=\"index, follow, max-snippet:-1, max-image-preview:large, max-video-preview:-1\" \/>\n<link rel=\"canonical\" href=\"https:\/\/www.daisho.be\/de\/produit\/sporttasche-japan\/\" \/>\n<meta property=\"og:locale\" content=\"de_DE\" \/>\n<meta property=\"og:type\" content=\"article\" \/>\n<meta property=\"og:title\" content=\"Sporttasche-Japan &#8211; Daisho\" \/>\n<meta property=\"og:description\" content=\"Die praktische und handliche Trainingstasche mit der japanischen Flagge auf der Seitentasche.\" \/>\n<meta property=\"og:url\" content=\"https:\/\/www.daisho.be\/de\/produit\/sporttasche-japan\/\" \/>\n<meta property=\"og:site_name\" content=\"Daisho\" \/>\n<meta property=\"og:image\" content=\"https:\/\/www.daisho.be\/wp-content\/uploads\/2024\/05\/image-36.webp\" \/>\n\t<meta property=\"og:image:width\" content=\"1200\" \/>\n\t<meta property=\"og:image:height\" content=\"606\" \/>\n\t<meta property=\"og:image:type\" content=\"image\/webp\" \/>\n<meta name=\"twitter:card\" content=\"summary_large_image\" \/>\n<meta name=\"twitter:label1\" content=\"Gesch\u00e4tzte Lesezeit\" \/>\n\t<meta name=\"twitter:data1\" content=\"1\u00a0Minute\" \/>\n<script type=\"application\/ld+json\" class=\"yoast-schema-graph\">{\"@context\":\"https:\/\/schema.org\",\"@graph\":[{\"@type\":\"WebPage\",\"@id\":\"https:\/\/www.daisho.be\/de\/produit\/sporttasche-japan\/\",\"url\":\"https:\/\/www.daisho.be\/de\/produit\/sporttasche-japan\/\",\"name\":\"Sporttasche-Japan &#8211; Daisho\",\"isPartOf\":{\"@id\":\"https:\/\/www.daisho.be\/de\/#website\"},\"primaryImageOfPage\":{\"@id\":\"https:\/\/www.daisho.be\/de\/produit\/sporttasche-japan\/#primaryimage\"},\"image\":{\"@id\":\"https:\/\/www.daisho.be\/de\/produit\/sporttasche-japan\/#primaryimage\"},\"thumbnailUrl\":\"https:\/\/www.daisho.be\/wp-content\/uploads\/2024\/05\/image-36.webp\",\"datePublished\":\"2024-05-20T09:13:22+00:00\",\"description\":\"Die praktische und handliche Trainingstasche mit der japanischen Flagge auf der Seitentasche.\",\"breadcrumb\":{\"@id\":\"https:\/\/www.daisho.be\/de\/produit\/sporttasche-japan\/#breadcrumb\"},\"inLanguage\":\"de\",\"potentialAction\":[{\"@type\":\"ReadAction\",\"target\":[\"https:\/\/www.daisho.be\/de\/produit\/sporttasche-japan\/\"]}]},{\"@type\":\"ImageObject\",\"inLanguage\":\"de\",\"@id\":\"https:\/\/www.daisho.be\/de\/produit\/sporttasche-japan\/#primaryimage\",\"url\":\"https:\/\/www.daisho.be\/wp-content\/uploads\/2024\/05\/image-36.webp\",\"contentUrl\":\"https:\/\/www.daisho.be\/wp-content\/uploads\/2024\/05\/image-36.webp\",\"width\":1200,\"height\":606},{\"@type\":\"BreadcrumbList\",\"@id\":\"https:\/\/www.daisho.be\/de\/produit\/sporttasche-japan\/#breadcrumb\",\"itemListElement\":[{\"@type\":\"ListItem\",\"position\":1,\"name\":\"Accueil\",\"item\":\"https:\/\/www.daisho.be\/de\/\"},{\"@type\":\"ListItem\",\"position\":2,\"name\":\"Produkte\",\"item\":\"https:\/\/www.daisho.be\/de\/produkte\/\"},{\"@type\":\"ListItem\",\"position\":3,\"name\":\"Ausr\u00fcstung und Kleidung f\u00fcr Kampfkunst und Kampfsport\",\"item\":\"https:\/\/www.daisho.be\/de\/categorie-produit\/ausrustung-und-kleidung-fur-kampfkunst-und-kampfsport\/\"},{\"@type\":\"ListItem\",\"position\":4,\"name\":\"Judo\",\"item\":\"https:\/\/www.daisho.be\/de\/categorie-produit\/ausrustung-und-kleidung-fur-kampfkunst-und-kampfsport\/judo-de-2\/\"},{\"@type\":\"ListItem\",\"position\":5,\"name\":\"Judotaschen\",\"item\":\"https:\/\/www.daisho.be\/de\/categorie-produit\/ausrustung-und-kleidung-fur-kampfkunst-und-kampfsport\/judo-de-2\/judotaschen\/\"},{\"@type\":\"ListItem\",\"position\":6,\"name\":\"Sporttasche-Japan\"}]},{\"@type\":\"WebSite\",\"@id\":\"https:\/\/www.daisho.be\/de\/#website\",\"url\":\"https:\/\/www.daisho.be\/de\/\",\"name\":\"Daisho\",\"description\":\"Sp&eacute;cialiste de l'&eacute;quipement sportif d'arts martiaux\",\"publisher\":{\"@id\":\"https:\/\/www.daisho.be\/de\/#organization\"},\"potentialAction\":[{\"@type\":\"SearchAction\",\"target\":{\"@type\":\"EntryPoint\",\"urlTemplate\":\"https:\/\/www.daisho.be\/de\/?s={search_term_string}\"},\"query-input\":{\"@type\":\"PropertyValueSpecification\",\"valueRequired\":true,\"valueName\":\"search_term_string\"}}],\"inLanguage\":\"de\"},{\"@type\":\"Organization\",\"@id\":\"https:\/\/www.daisho.be\/de\/#organization\",\"name\":\"Daisho\",\"url\":\"https:\/\/www.daisho.be\/de\/\",\"logo\":{\"@type\":\"ImageObject\",\"inLanguage\":\"de\",\"@id\":\"https:\/\/www.daisho.be\/de\/#\/schema\/logo\/image\/\",\"url\":\"https:\/\/www.daisho.be\/wp-content\/uploads\/2019\/07\/color-nothing-horizontale4x-e1564486100247.png\",\"contentUrl\":\"https:\/\/www.daisho.be\/wp-content\/uploads\/2019\/07\/color-nothing-horizontale4x-e1564486100247.png\",\"width\":1547,\"height\":385,\"caption\":\"Daisho\"},\"image\":{\"@id\":\"https:\/\/www.daisho.be\/de\/#\/schema\/logo\/image\/\"}}]}<\/script>\n<!-- \/ Yoast SEO plugin. -->","yoast_head_json":{"title":"Sporttasche-Japan &#8211; Daisho","description":"Die praktische und handliche Trainingstasche mit der japanischen Flagge auf der Seitentasche.","robots":{"index":"index","follow":"follow","max-snippet":"max-snippet:-1","max-image-preview":"max-image-preview:large","max-video-preview":"max-video-preview:-1"},"canonical":"https:\/\/www.daisho.be\/de\/produit\/sporttasche-japan\/","og_locale":"de_DE","og_type":"article","og_title":"Sporttasche-Japan &#8211; Daisho","og_description":"Die praktische und handliche Trainingstasche mit der japanischen Flagge auf der Seitentasche.","og_url":"https:\/\/www.daisho.be\/de\/produit\/sporttasche-japan\/","og_site_name":"Daisho","og_image":[{"width":1200,"height":606,"url":"https:\/\/www.daisho.be\/wp-content\/uploads\/2024\/05\/image-36.webp","type":"image\/webp"}],"twitter_card":"summary_large_image","twitter_misc":{"Gesch\u00e4tzte Lesezeit":"1\u00a0Minute"},"schema":{"@context":"https:\/\/schema.org","@graph":[{"@type":"WebPage","@id":"https:\/\/www.daisho.be\/de\/produit\/sporttasche-japan\/","url":"https:\/\/www.daisho.be\/de\/produit\/sporttasche-japan\/","name":"Sporttasche-Japan &#8211; Daisho","isPartOf":{"@id":"https:\/\/www.daisho.be\/de\/#website"},"primaryImageOfPage":{"@id":"https:\/\/www.daisho.be\/de\/produit\/sporttasche-japan\/#primaryimage"},"image":{"@id":"https:\/\/www.daisho.be\/de\/produit\/sporttasche-japan\/#primaryimage"},"thumbnailUrl":"https:\/\/www.daisho.be\/wp-content\/uploads\/2024\/05\/image-36.webp","datePublished":"2024-05-20T09:13:22+00:00","description":"Die praktische und handliche Trainingstasche mit der japanischen Flagge auf der Seitentasche.","breadcrumb":{"@id":"https:\/\/www.daisho.be\/de\/produit\/sporttasche-japan\/#breadcrumb"},"inLanguage":"de","potentialAction":[{"@type":"ReadAction","target":["https:\/\/www.daisho.be\/de\/produit\/sporttasche-japan\/"]}]},{"@type":"ImageObject","inLanguage":"de","@id":"https:\/\/www.daisho.be\/de\/produit\/sporttasche-japan\/#primaryimage","url":"https:\/\/www.daisho.be\/wp-content\/uploads\/2024\/05\/image-36.webp","contentUrl":"https:\/\/www.daisho.be\/wp-content\/uploads\/2024\/05\/image-36.webp","width":1200,"height":606},{"@type":"BreadcrumbList","@id":"https:\/\/www.daisho.be\/de\/produit\/sporttasche-japan\/#breadcrumb","itemListElement":[{"@type":"ListItem","position":1,"name":"Accueil","item":"https:\/\/www.daisho.be\/de\/"},{"@type":"ListItem","position":2,"name":"Produkte","item":"https:\/\/www.daisho.be\/de\/produkte\/"},{"@type":"ListItem","position":3,"name":"Ausr\u00fcstung und Kleidung f\u00fcr Kampfkunst und Kampfsport","item":"https:\/\/www.daisho.be\/de\/categorie-produit\/ausrustung-und-kleidung-fur-kampfkunst-und-kampfsport\/"},{"@type":"ListItem","position":4,"name":"Judo","item":"https:\/\/www.daisho.be\/de\/categorie-produit\/ausrustung-und-kleidung-fur-kampfkunst-und-kampfsport\/judo-de-2\/"},{"@type":"ListItem","position":5,"name":"Judotaschen","item":"https:\/\/www.daisho.be\/de\/categorie-produit\/ausrustung-und-kleidung-fur-kampfkunst-und-kampfsport\/judo-de-2\/judotaschen\/"},{"@type":"ListItem","position":6,"name":"Sporttasche-Japan"}]},{"@type":"WebSite","@id":"https:\/\/www.daisho.be\/de\/#website","url":"https:\/\/www.daisho.be\/de\/","name":"Daisho","description":"Sp&eacute;cialiste de l'&eacute;quipement sportif d'arts martiaux","publisher":{"@id":"https:\/\/www.daisho.be\/de\/#organization"},"potentialAction":[{"@type":"SearchAction","target":{"@type":"EntryPoint","urlTemplate":"https:\/\/www.daisho.be\/de\/?s={search_term_string}"},"query-input":{"@type":"PropertyValueSpecification","valueRequired":true,"valueName":"search_term_string"}}],"inLanguage":"de"},{"@type":"Organization","@id":"https:\/\/www.daisho.be\/de\/#organization","name":"Daisho","url":"https:\/\/www.daisho.be\/de\/","logo":{"@type":"ImageObject","inLanguage":"de","@id":"https:\/\/www.daisho.be\/de\/#\/schema\/logo\/image\/","url":"https:\/\/www.daisho.be\/wp-content\/uploads\/2019\/07\/color-nothing-horizontale4x-e1564486100247.png","contentUrl":"https:\/\/www.daisho.be\/wp-content\/uploads\/2019\/07\/color-nothing-horizontale4x-e1564486100247.png","width":1547,"height":385,"caption":"Daisho"},"image":{"@id":"https:\/\/www.daisho.be\/de\/#\/schema\/logo\/image\/"}}]}},"_links":{"self":[{"href":"https:\/\/www.daisho.be\/de\/wp-json\/wp\/v2\/product\/463744","targetHints":{"allow":["GET"]}}],"collection":[{"href":"https:\/\/www.daisho.be\/de\/wp-json\/wp\/v2\/product"}],"about":[{"href":"https:\/\/www.daisho.be\/de\/wp-json\/wp\/v2\/types\/product"}],"replies":[{"embeddable":true,"href":"https:\/\/www.daisho.be\/de\/wp-json\/wp\/v2\/comments?post=463744"}],"wp:featuredmedia":[{"embeddable":true,"href":"https:\/\/www.daisho.be\/de\/wp-json\/wp\/v2\/media\/463745"}],"wp:attachment":[{"href":"https:\/\/www.daisho.be\/de\/wp-json\/wp\/v2\/media?parent=463744"}],"wp:term":[{"taxonomy":"product_brand","embeddable":true,"href":"https:\/\/www.daisho.be\/de\/wp-json\/wp\/v2\/product_brand?post=463744"},{"taxonomy":"product_cat","embeddable":true,"href":"https:\/\/www.daisho.be\/de\/wp-json\/wp\/v2\/product_cat?post=463744"},{"taxonomy":"product_tag","embeddable":true,"href":"https:\/\/www.daisho.be\/de\/wp-json\/wp\/v2\/product_tag?post=463744"},{"taxonomy":"sport","embeddable":true,"href":"https:\/\/www.daisho.be\/de\/wp-json\/wp\/v2\/sport?post=463744"}],"curies":[{"name":"wp","href":"https:\/\/api.w.org\/{rel}","templated":true}]}}