{"id":463671,"date":"2024-05-24T12:55:55","date_gmt":"2024-05-24T10:55:55","guid":{"rendered":"https:\/\/www.daisho.be\/produit\/duschtuch-mit-daisho-druck\/"},"modified":"2026-03-10T15:54:41","modified_gmt":"2026-03-10T14:54:41","slug":"duschtuch-mit-daisho-druck","status":"publish","type":"product","link":"https:\/\/www.daisho.be\/de\/produit\/duschtuch-mit-daisho-druck\/","title":{"rendered":"Duschtuch mit Daisho-Druck"},"content":{"rendered":"<p>Die hochwertigen Duschlaken sind aus Baumwolle und haben eine bedruckte wei\u00dfe Bord\u00fcre.<br \/>\nDie wei\u00dfe Bord\u00fcre besteht zu 100 % aus Polyester.<br \/>\nDie Schriftgr\u00f6\u00dfe betr\u00e4gt ca. 3,5 cm.<br \/>\nDruck auf der wei\u00dfen Bord\u00fcre.<br \/>\nDie Druckbreite betr\u00e4gt maximal 37 cm.<br \/>\nJe nach Text m\u00fcssen wir die Schriftgr\u00f6\u00dfe anpassen oder zweizeilig drucken.<br \/>\nBitte beachten Sie, dass die Schriftart 10 nicht f\u00fcr Umlaute wie \u00e4,\u00f6,\u00fc geeignet ist.<br \/>\nIn den Produktabbildungen finden Sie eine \u00dcbersicht \u00fcber die Schriftarten und das Aussehen der Buchstaben im Alphabet. Einige Schriftarten unterscheiden nicht zwischen Gro\u00df- und Kleinbuchstaben.<br \/>\nAuf Wunsch k\u00f6nnen wir auch ein Logo drucken.<br \/>\nBitte senden Sie uns nach Best\u00e4tigung der Bestellung den Namen und das Logo per E-Mail.<br \/>\nBitte beachten Sie, dass wir keine grafische Bearbeitung vornehmen.<br \/>\nEin Logo wird auf den Stoff in der von Ihnen eingesandten Form gedruckt. Bitte verwenden Sie lizenzfreie JPG-Dateien.<br \/>\nSelbstverst\u00e4ndlich ist es auch m\u00f6glich, nur ein Logo zu drucken.<br \/>\nGr\u00f6\u00dfe des Duschtuchs: 70 x 140 cm  <\/p>\n","protected":false},"excerpt":{"rendered":"<p>Die hochwertigen Duschlaken sind aus Baumwolle und haben eine bedruckte wei\u00dfe Bord\u00fcre. Die wei\u00dfe Bord\u00fcre besteht zu 100 % aus Polyester. Die Schriftgr\u00f6\u00dfe betr\u00e4gt ca. 3,5 cm. Druck auf der wei\u00dfen Bord\u00fcre. Die Druckbreite betr\u00e4gt maximal 37 cm. Je nach Text m\u00fcssen wir die Schriftgr\u00f6\u00dfe anpassen oder zweizeilig drucken. Bitte beachten Sie, dass die Schriftart [&hellip;]<\/p>\n","protected":false},"featured_media":463674,"comment_status":"open","ping_status":"closed","template":"","meta":{"inline_featured_image":false},"product_brand":[],"product_cat":[2003,2169],"product_tag":[2053],"sport":[],"class_list":{"0":"post-463671","1":"product","2":"type-product","3":"status-publish","4":"has-post-thumbnail","6":"product_cat-geschenke","7":"product_cat-pflege","8":"product_tag-daisho-de","10":"first","11":"instock","12":"sale","13":"taxable","14":"shipping-taxable","15":"purchasable","16":"product-type-simple"},"yoast_head":"<!-- This site is optimized with the Yoast SEO plugin v27.2 - https:\/\/yoast.com\/product\/yoast-seo-wordpress\/ -->\n<title>Duschtuch mit Daisho-Druck &#8211; Daisho<\/title>\n<meta name=\"description\" content=\"M\u00f6chten Sie Ihr Duschtuch nach Ihren Vorstellungen gestalten? Dann lassen Sie Ihr Handtuch auf unserer Website www.daisho.be|Daisho individuell gestalten.\" \/>\n<meta name=\"robots\" content=\"index, follow, max-snippet:-1, max-image-preview:large, max-video-preview:-1\" \/>\n<link rel=\"canonical\" href=\"https:\/\/www.daisho.be\/de\/produit\/duschtuch-mit-daisho-druck\/\" \/>\n<meta property=\"og:locale\" content=\"de_DE\" \/>\n<meta property=\"og:type\" content=\"article\" \/>\n<meta property=\"og:title\" content=\"Duschtuch mit Daisho-Druck &#8211; Daisho\" \/>\n<meta property=\"og:description\" content=\"M\u00f6chten Sie Ihr Duschtuch nach Ihren Vorstellungen gestalten? Dann lassen Sie Ihr Handtuch auf unserer Website www.daisho.be|Daisho individuell gestalten.\" \/>\n<meta property=\"og:url\" content=\"https:\/\/www.daisho.be\/de\/produit\/duschtuch-mit-daisho-druck\/\" \/>\n<meta property=\"og:site_name\" content=\"Daisho\" \/>\n<meta property=\"article:modified_time\" content=\"2026-03-10T14:54:41+00:00\" \/>\n<meta property=\"og:image\" content=\"https:\/\/www.daisho.be\/wp-content\/uploads\/2024\/05\/image-76.jpg\" \/>\n\t<meta property=\"og:image:width\" content=\"600\" \/>\n\t<meta property=\"og:image:height\" content=\"381\" \/>\n\t<meta property=\"og:image:type\" content=\"image\/jpeg\" \/>\n<meta name=\"twitter:card\" content=\"summary_large_image\" \/>\n<meta name=\"twitter:label1\" content=\"Gesch\u00e4tzte Lesezeit\" \/>\n\t<meta name=\"twitter:data1\" content=\"1\u00a0Minute\" \/>\n<script type=\"application\/ld+json\" class=\"yoast-schema-graph\">{\"@context\":\"https:\/\/schema.org\",\"@graph\":[{\"@type\":\"WebPage\",\"@id\":\"https:\/\/www.daisho.be\/de\/produit\/duschtuch-mit-daisho-druck\/\",\"url\":\"https:\/\/www.daisho.be\/de\/produit\/duschtuch-mit-daisho-druck\/\",\"name\":\"Duschtuch mit Daisho-Druck &#8211; Daisho\",\"isPartOf\":{\"@id\":\"https:\/\/www.daisho.be\/de\/#website\"},\"primaryImageOfPage\":{\"@id\":\"https:\/\/www.daisho.be\/de\/produit\/duschtuch-mit-daisho-druck\/#primaryimage\"},\"image\":{\"@id\":\"https:\/\/www.daisho.be\/de\/produit\/duschtuch-mit-daisho-druck\/#primaryimage\"},\"thumbnailUrl\":\"https:\/\/www.daisho.be\/wp-content\/uploads\/2024\/05\/image-76.jpg\",\"datePublished\":\"2024-05-24T10:55:55+00:00\",\"dateModified\":\"2026-03-10T14:54:41+00:00\",\"description\":\"M\u00f6chten Sie Ihr Duschtuch nach Ihren Vorstellungen gestalten? Dann lassen Sie Ihr Handtuch auf unserer Website www.daisho.be|Daisho individuell gestalten.\",\"breadcrumb\":{\"@id\":\"https:\/\/www.daisho.be\/de\/produit\/duschtuch-mit-daisho-druck\/#breadcrumb\"},\"inLanguage\":\"de\",\"potentialAction\":[{\"@type\":\"ReadAction\",\"target\":[\"https:\/\/www.daisho.be\/de\/produit\/duschtuch-mit-daisho-druck\/\"]}]},{\"@type\":\"ImageObject\",\"inLanguage\":\"de\",\"@id\":\"https:\/\/www.daisho.be\/de\/produit\/duschtuch-mit-daisho-druck\/#primaryimage\",\"url\":\"https:\/\/www.daisho.be\/wp-content\/uploads\/2024\/05\/image-76.jpg\",\"contentUrl\":\"https:\/\/www.daisho.be\/wp-content\/uploads\/2024\/05\/image-76.jpg\",\"width\":600,\"height\":381,\"caption\":\"Bedrucktes Duschtuch Daisho-1\"},{\"@type\":\"BreadcrumbList\",\"@id\":\"https:\/\/www.daisho.be\/de\/produit\/duschtuch-mit-daisho-druck\/#breadcrumb\",\"itemListElement\":[{\"@type\":\"ListItem\",\"position\":1,\"name\":\"Accueil\",\"item\":\"https:\/\/www.daisho.be\/de\/\"},{\"@type\":\"ListItem\",\"position\":2,\"name\":\"Produkte\",\"item\":\"https:\/\/www.daisho.be\/de\/produkte\/\"},{\"@type\":\"ListItem\",\"position\":3,\"name\":\"Kampfsportarten\",\"item\":\"https:\/\/www.daisho.be\/de\/categorie-produit\/kampfsportarten\/\"},{\"@type\":\"ListItem\",\"position\":4,\"name\":\"Geschenke\",\"item\":\"https:\/\/www.daisho.be\/de\/categorie-produit\/kampfsportarten\/geschenke\/\"},{\"@type\":\"ListItem\",\"position\":5,\"name\":\"Duschtuch mit Daisho-Druck\"}]},{\"@type\":\"WebSite\",\"@id\":\"https:\/\/www.daisho.be\/de\/#website\",\"url\":\"https:\/\/www.daisho.be\/de\/\",\"name\":\"Daisho\",\"description\":\"Sp&eacute;cialiste de l'&eacute;quipement sportif d'arts martiaux\",\"publisher\":{\"@id\":\"https:\/\/www.daisho.be\/de\/#organization\"},\"potentialAction\":[{\"@type\":\"SearchAction\",\"target\":{\"@type\":\"EntryPoint\",\"urlTemplate\":\"https:\/\/www.daisho.be\/de\/?s={search_term_string}\"},\"query-input\":{\"@type\":\"PropertyValueSpecification\",\"valueRequired\":true,\"valueName\":\"search_term_string\"}}],\"inLanguage\":\"de\"},{\"@type\":\"Organization\",\"@id\":\"https:\/\/www.daisho.be\/de\/#organization\",\"name\":\"Daisho\",\"url\":\"https:\/\/www.daisho.be\/de\/\",\"logo\":{\"@type\":\"ImageObject\",\"inLanguage\":\"de\",\"@id\":\"https:\/\/www.daisho.be\/de\/#\/schema\/logo\/image\/\",\"url\":\"https:\/\/www.daisho.be\/wp-content\/uploads\/2019\/07\/color-nothing-horizontale4x-e1564486100247.png\",\"contentUrl\":\"https:\/\/www.daisho.be\/wp-content\/uploads\/2019\/07\/color-nothing-horizontale4x-e1564486100247.png\",\"width\":1547,\"height\":385,\"caption\":\"Daisho\"},\"image\":{\"@id\":\"https:\/\/www.daisho.be\/de\/#\/schema\/logo\/image\/\"}}]}<\/script>\n<!-- \/ Yoast SEO plugin. -->","yoast_head_json":{"title":"Duschtuch mit Daisho-Druck &#8211; Daisho","description":"M\u00f6chten Sie Ihr Duschtuch nach Ihren Vorstellungen gestalten? Dann lassen Sie Ihr Handtuch auf unserer Website www.daisho.be|Daisho individuell gestalten.","robots":{"index":"index","follow":"follow","max-snippet":"max-snippet:-1","max-image-preview":"max-image-preview:large","max-video-preview":"max-video-preview:-1"},"canonical":"https:\/\/www.daisho.be\/de\/produit\/duschtuch-mit-daisho-druck\/","og_locale":"de_DE","og_type":"article","og_title":"Duschtuch mit Daisho-Druck &#8211; Daisho","og_description":"M\u00f6chten Sie Ihr Duschtuch nach Ihren Vorstellungen gestalten? Dann lassen Sie Ihr Handtuch auf unserer Website www.daisho.be|Daisho individuell gestalten.","og_url":"https:\/\/www.daisho.be\/de\/produit\/duschtuch-mit-daisho-druck\/","og_site_name":"Daisho","article_modified_time":"2026-03-10T14:54:41+00:00","og_image":[{"width":600,"height":381,"url":"https:\/\/www.daisho.be\/wp-content\/uploads\/2024\/05\/image-76.jpg","type":"image\/jpeg"}],"twitter_card":"summary_large_image","twitter_misc":{"Gesch\u00e4tzte Lesezeit":"1\u00a0Minute"},"schema":{"@context":"https:\/\/schema.org","@graph":[{"@type":"WebPage","@id":"https:\/\/www.daisho.be\/de\/produit\/duschtuch-mit-daisho-druck\/","url":"https:\/\/www.daisho.be\/de\/produit\/duschtuch-mit-daisho-druck\/","name":"Duschtuch mit Daisho-Druck &#8211; Daisho","isPartOf":{"@id":"https:\/\/www.daisho.be\/de\/#website"},"primaryImageOfPage":{"@id":"https:\/\/www.daisho.be\/de\/produit\/duschtuch-mit-daisho-druck\/#primaryimage"},"image":{"@id":"https:\/\/www.daisho.be\/de\/produit\/duschtuch-mit-daisho-druck\/#primaryimage"},"thumbnailUrl":"https:\/\/www.daisho.be\/wp-content\/uploads\/2024\/05\/image-76.jpg","datePublished":"2024-05-24T10:55:55+00:00","dateModified":"2026-03-10T14:54:41+00:00","description":"M\u00f6chten Sie Ihr Duschtuch nach Ihren Vorstellungen gestalten? Dann lassen Sie Ihr Handtuch auf unserer Website www.daisho.be|Daisho individuell gestalten.","breadcrumb":{"@id":"https:\/\/www.daisho.be\/de\/produit\/duschtuch-mit-daisho-druck\/#breadcrumb"},"inLanguage":"de","potentialAction":[{"@type":"ReadAction","target":["https:\/\/www.daisho.be\/de\/produit\/duschtuch-mit-daisho-druck\/"]}]},{"@type":"ImageObject","inLanguage":"de","@id":"https:\/\/www.daisho.be\/de\/produit\/duschtuch-mit-daisho-druck\/#primaryimage","url":"https:\/\/www.daisho.be\/wp-content\/uploads\/2024\/05\/image-76.jpg","contentUrl":"https:\/\/www.daisho.be\/wp-content\/uploads\/2024\/05\/image-76.jpg","width":600,"height":381,"caption":"Bedrucktes Duschtuch Daisho-1"},{"@type":"BreadcrumbList","@id":"https:\/\/www.daisho.be\/de\/produit\/duschtuch-mit-daisho-druck\/#breadcrumb","itemListElement":[{"@type":"ListItem","position":1,"name":"Accueil","item":"https:\/\/www.daisho.be\/de\/"},{"@type":"ListItem","position":2,"name":"Produkte","item":"https:\/\/www.daisho.be\/de\/produkte\/"},{"@type":"ListItem","position":3,"name":"Kampfsportarten","item":"https:\/\/www.daisho.be\/de\/categorie-produit\/kampfsportarten\/"},{"@type":"ListItem","position":4,"name":"Geschenke","item":"https:\/\/www.daisho.be\/de\/categorie-produit\/kampfsportarten\/geschenke\/"},{"@type":"ListItem","position":5,"name":"Duschtuch mit Daisho-Druck"}]},{"@type":"WebSite","@id":"https:\/\/www.daisho.be\/de\/#website","url":"https:\/\/www.daisho.be\/de\/","name":"Daisho","description":"Sp&eacute;cialiste de l'&eacute;quipement sportif d'arts martiaux","publisher":{"@id":"https:\/\/www.daisho.be\/de\/#organization"},"potentialAction":[{"@type":"SearchAction","target":{"@type":"EntryPoint","urlTemplate":"https:\/\/www.daisho.be\/de\/?s={search_term_string}"},"query-input":{"@type":"PropertyValueSpecification","valueRequired":true,"valueName":"search_term_string"}}],"inLanguage":"de"},{"@type":"Organization","@id":"https:\/\/www.daisho.be\/de\/#organization","name":"Daisho","url":"https:\/\/www.daisho.be\/de\/","logo":{"@type":"ImageObject","inLanguage":"de","@id":"https:\/\/www.daisho.be\/de\/#\/schema\/logo\/image\/","url":"https:\/\/www.daisho.be\/wp-content\/uploads\/2019\/07\/color-nothing-horizontale4x-e1564486100247.png","contentUrl":"https:\/\/www.daisho.be\/wp-content\/uploads\/2019\/07\/color-nothing-horizontale4x-e1564486100247.png","width":1547,"height":385,"caption":"Daisho"},"image":{"@id":"https:\/\/www.daisho.be\/de\/#\/schema\/logo\/image\/"}}]}},"_links":{"self":[{"href":"https:\/\/www.daisho.be\/de\/wp-json\/wp\/v2\/product\/463671","targetHints":{"allow":["GET"]}}],"collection":[{"href":"https:\/\/www.daisho.be\/de\/wp-json\/wp\/v2\/product"}],"about":[{"href":"https:\/\/www.daisho.be\/de\/wp-json\/wp\/v2\/types\/product"}],"replies":[{"embeddable":true,"href":"https:\/\/www.daisho.be\/de\/wp-json\/wp\/v2\/comments?post=463671"}],"wp:featuredmedia":[{"embeddable":true,"href":"https:\/\/www.daisho.be\/de\/wp-json\/wp\/v2\/media\/463674"}],"wp:attachment":[{"href":"https:\/\/www.daisho.be\/de\/wp-json\/wp\/v2\/media?parent=463671"}],"wp:term":[{"taxonomy":"product_brand","embeddable":true,"href":"https:\/\/www.daisho.be\/de\/wp-json\/wp\/v2\/product_brand?post=463671"},{"taxonomy":"product_cat","embeddable":true,"href":"https:\/\/www.daisho.be\/de\/wp-json\/wp\/v2\/product_cat?post=463671"},{"taxonomy":"product_tag","embeddable":true,"href":"https:\/\/www.daisho.be\/de\/wp-json\/wp\/v2\/product_tag?post=463671"},{"taxonomy":"sport","embeddable":true,"href":"https:\/\/www.daisho.be\/de\/wp-json\/wp\/v2\/sport?post=463671"}],"curies":[{"name":"wp","href":"https:\/\/api.w.org\/{rel}","templated":true}]}}