{"id":463661,"date":"2024-06-06T18:19:04","date_gmt":"2024-06-06T16:19:04","guid":{"rendered":"https:\/\/www.daisho.be\/produit\/adidas-squadra-21-praesentationshose-schwarz-weiss\/"},"modified":"2025-02-27T11:14:17","modified_gmt":"2025-02-27T10:14:17","slug":"adidas-squadra-21-praesentationshose-schwarz-weiss","status":"publish","type":"product","link":"https:\/\/www.daisho.be\/de\/produit\/adidas-squadra-21-praesentationshose-schwarz-weiss\/","title":{"rendered":"adidas Squadra 21 Pr\u00e4sentationshose schwarz\/wei\u00df"},"content":{"rendered":"<p>Diese Hose von adidas ist ideal f\u00fcr jedes Training. Sie wird mit der feuchtigkeitsabsorbierenden AEROREADY-Technologie und recycelten Materialien hergestellt.<br \/>\nEin kleiner Schritt in Richtung des Ziels der Reduzierung von Plastikm\u00fcll.<br \/>\nDieses Produkt ist Primegreen: hergestellt aus verschiedenen funktionellen recycelten Materialien.<br \/>\nDie Hose hat eine regul\u00e4re Passform und einen elastischen Bund mit Kordelzug.<br \/>\nSie ist au\u00dferdem mit Rei\u00dfverschlusstaschen auf der Vorderseite und Rei\u00dfverschl\u00fcssen an den Kn\u00f6cheln ausgestattet.<br \/>\nDas Material besteht zu 100 % aus recyceltem Polyester (einfach gewebt) und ist in schwarz mit wei\u00dfen Streifen erh\u00e4ltlich. <\/p>\n<p>Eigenschaften:<br \/>\nFarbe: Schwarz mit wei\u00dfen Streifen<br \/>\nGr\u00f6\u00dfen: S, M, L, XL, XXL<br \/>\nMaterial:100 % recyceltes Polyester<br \/>\nElastischer Bund mit Kordelzug<br \/>\nTaschen mit Rei\u00dfverschluss<br \/>\nRei\u00dfverschluss am Kn\u00f6chel<\/p>\n","protected":false},"excerpt":{"rendered":"<p>Diese Hose von adidas ist ideal f\u00fcr jedes Training. Sie wird mit der feuchtigkeitsabsorbierenden AEROREADY-Technologie und recycelten Materialien hergestellt. Ein kleiner Schritt in Richtung des Ziels der Reduzierung von Plastikm\u00fcll. Dieses Produkt ist Primegreen: hergestellt aus verschiedenen funktionellen recycelten Materialien. Die Hose hat eine regul\u00e4re Passform und einen elastischen Bund mit Kordelzug. Sie ist au\u00dferdem [&hellip;]<\/p>\n","protected":false},"featured_media":463670,"comment_status":"open","ping_status":"closed","template":"","meta":{"inline_featured_image":false},"product_brand":[],"product_cat":[2258,2295,2257,2076],"product_tag":[2178],"sport":[],"class_list":{"0":"post-463661","1":"product","2":"type-product","3":"status-publish","4":"has-post-thumbnail","6":"product_cat-adidas-combat-sports-bekleidung","7":"product_cat-adidas-kleidung-fur-kick-boxing","8":"product_cat-adidas-kleidung-fur-karate","9":"product_cat-kleidung","10":"product_tag-adidas-de","11":"pa_size-2xl","12":"pa_size-l","13":"pa_size-m","14":"pa_size-s","15":"pa_size-xl","17":"first","18":"instock","19":"taxable","20":"shipping-taxable","21":"purchasable","22":"product-type-variable"},"yoast_head":"<!-- This site is optimized with the Yoast SEO plugin v27.2 - https:\/\/yoast.com\/product\/yoast-seo-wordpress\/ -->\n<title>adidas Squadra 21 Pr\u00e4sentationshose schwarz\/wei\u00df &#8211; Daisho<\/title>\n<meta name=\"description\" content=\"Entscheiden Sie sich f\u00fcr die Adidas Hose, die Komfort und Stil vereint. Perfekt f\u00fcr Ihren Sport! Kaufen Sie sie auf www.daisho.be\/Daisho\" \/>\n<meta name=\"robots\" content=\"index, follow, max-snippet:-1, max-image-preview:large, max-video-preview:-1\" \/>\n<link rel=\"canonical\" href=\"https:\/\/www.daisho.be\/de\/produit\/adidas-squadra-21-praesentationshose-schwarz-weiss\/\" \/>\n<meta property=\"og:locale\" content=\"de_DE\" \/>\n<meta property=\"og:type\" content=\"article\" \/>\n<meta property=\"og:title\" content=\"adidas Squadra 21 Pr\u00e4sentationshose schwarz\/wei\u00df &#8211; Daisho\" \/>\n<meta property=\"og:description\" content=\"Entscheiden Sie sich f\u00fcr die Adidas Hose, die Komfort und Stil vereint. Perfekt f\u00fcr Ihren Sport! Kaufen Sie sie auf www.daisho.be\/Daisho\" \/>\n<meta property=\"og:url\" content=\"https:\/\/www.daisho.be\/de\/produit\/adidas-squadra-21-praesentationshose-schwarz-weiss\/\" \/>\n<meta property=\"og:site_name\" content=\"Daisho\" \/>\n<meta property=\"article:modified_time\" content=\"2025-02-27T10:14:17+00:00\" \/>\n<meta property=\"og:image\" content=\"https:\/\/www.daisho.be\/wp-content\/uploads\/2024\/06\/image-5.webp\" \/>\n\t<meta property=\"og:image:width\" content=\"1200\" \/>\n\t<meta property=\"og:image:height\" content=\"1200\" \/>\n\t<meta property=\"og:image:type\" content=\"image\/webp\" \/>\n<meta name=\"twitter:card\" content=\"summary_large_image\" \/>\n<meta name=\"twitter:label1\" content=\"Gesch\u00e4tzte Lesezeit\" \/>\n\t<meta name=\"twitter:data1\" content=\"1\u00a0Minute\" \/>\n<script type=\"application\/ld+json\" class=\"yoast-schema-graph\">{\"@context\":\"https:\/\/schema.org\",\"@graph\":[{\"@type\":\"WebPage\",\"@id\":\"https:\/\/www.daisho.be\/de\/produit\/adidas-squadra-21-praesentationshose-schwarz-weiss\/\",\"url\":\"https:\/\/www.daisho.be\/de\/produit\/adidas-squadra-21-praesentationshose-schwarz-weiss\/\",\"name\":\"adidas Squadra 21 Pr\u00e4sentationshose schwarz\/wei\u00df &#8211; Daisho\",\"isPartOf\":{\"@id\":\"https:\/\/www.daisho.be\/de\/#website\"},\"primaryImageOfPage\":{\"@id\":\"https:\/\/www.daisho.be\/de\/produit\/adidas-squadra-21-praesentationshose-schwarz-weiss\/#primaryimage\"},\"image\":{\"@id\":\"https:\/\/www.daisho.be\/de\/produit\/adidas-squadra-21-praesentationshose-schwarz-weiss\/#primaryimage\"},\"thumbnailUrl\":\"https:\/\/www.daisho.be\/wp-content\/uploads\/2024\/06\/image-5.webp\",\"datePublished\":\"2024-06-06T16:19:04+00:00\",\"dateModified\":\"2025-02-27T10:14:17+00:00\",\"description\":\"Entscheiden Sie sich f\u00fcr die Adidas Hose, die Komfort und Stil vereint. Perfekt f\u00fcr Ihren Sport! Kaufen Sie sie auf www.daisho.be\/Daisho\",\"breadcrumb\":{\"@id\":\"https:\/\/www.daisho.be\/de\/produit\/adidas-squadra-21-praesentationshose-schwarz-weiss\/#breadcrumb\"},\"inLanguage\":\"de\",\"potentialAction\":[{\"@type\":\"ReadAction\",\"target\":[\"https:\/\/www.daisho.be\/de\/produit\/adidas-squadra-21-praesentationshose-schwarz-weiss\/\"]}]},{\"@type\":\"ImageObject\",\"inLanguage\":\"de\",\"@id\":\"https:\/\/www.daisho.be\/de\/produit\/adidas-squadra-21-praesentationshose-schwarz-weiss\/#primaryimage\",\"url\":\"https:\/\/www.daisho.be\/wp-content\/uploads\/2024\/06\/image-5.webp\",\"contentUrl\":\"https:\/\/www.daisho.be\/wp-content\/uploads\/2024\/06\/image-5.webp\",\"width\":1200,\"height\":1200,\"caption\":\"adidas Squadra 21 Pr\u00e4sentationshose schwarz\/wei\u00df-1\"},{\"@type\":\"BreadcrumbList\",\"@id\":\"https:\/\/www.daisho.be\/de\/produit\/adidas-squadra-21-praesentationshose-schwarz-weiss\/#breadcrumb\",\"itemListElement\":[{\"@type\":\"ListItem\",\"position\":1,\"name\":\"Accueil\",\"item\":\"https:\/\/www.daisho.be\/de\/\"},{\"@type\":\"ListItem\",\"position\":2,\"name\":\"Produkte\",\"item\":\"https:\/\/www.daisho.be\/de\/produkte\/\"},{\"@type\":\"ListItem\",\"position\":3,\"name\":\"ADIDAS COMBAT SPORTS\",\"item\":\"https:\/\/www.daisho.be\/de\/categorie-produit\/adidas-combat-sports-de\/\"},{\"@type\":\"ListItem\",\"position\":4,\"name\":\"Kampfsport\",\"item\":\"https:\/\/www.daisho.be\/de\/categorie-produit\/adidas-combat-sports-de\/kampfsport\/\"},{\"@type\":\"ListItem\",\"position\":5,\"name\":\"Adidas Combat Sports Bekleidung\",\"item\":\"https:\/\/www.daisho.be\/de\/categorie-produit\/adidas-combat-sports-de\/kampfsport\/adidas-combat-sports-bekleidung\/\"},{\"@type\":\"ListItem\",\"position\":6,\"name\":\"adidas Squadra 21 Pr\u00e4sentationshose schwarz\/wei\u00df\"}]},{\"@type\":\"WebSite\",\"@id\":\"https:\/\/www.daisho.be\/de\/#website\",\"url\":\"https:\/\/www.daisho.be\/de\/\",\"name\":\"Daisho\",\"description\":\"Sp&eacute;cialiste de l'&eacute;quipement sportif d'arts martiaux\",\"publisher\":{\"@id\":\"https:\/\/www.daisho.be\/de\/#organization\"},\"potentialAction\":[{\"@type\":\"SearchAction\",\"target\":{\"@type\":\"EntryPoint\",\"urlTemplate\":\"https:\/\/www.daisho.be\/de\/?s={search_term_string}\"},\"query-input\":{\"@type\":\"PropertyValueSpecification\",\"valueRequired\":true,\"valueName\":\"search_term_string\"}}],\"inLanguage\":\"de\"},{\"@type\":\"Organization\",\"@id\":\"https:\/\/www.daisho.be\/de\/#organization\",\"name\":\"Daisho\",\"url\":\"https:\/\/www.daisho.be\/de\/\",\"logo\":{\"@type\":\"ImageObject\",\"inLanguage\":\"de\",\"@id\":\"https:\/\/www.daisho.be\/de\/#\/schema\/logo\/image\/\",\"url\":\"https:\/\/www.daisho.be\/wp-content\/uploads\/2019\/07\/color-nothing-horizontale4x-e1564486100247.png\",\"contentUrl\":\"https:\/\/www.daisho.be\/wp-content\/uploads\/2019\/07\/color-nothing-horizontale4x-e1564486100247.png\",\"width\":1547,\"height\":385,\"caption\":\"Daisho\"},\"image\":{\"@id\":\"https:\/\/www.daisho.be\/de\/#\/schema\/logo\/image\/\"}}]}<\/script>\n<!-- \/ Yoast SEO plugin. -->","yoast_head_json":{"title":"adidas Squadra 21 Pr\u00e4sentationshose schwarz\/wei\u00df &#8211; Daisho","description":"Entscheiden Sie sich f\u00fcr die Adidas Hose, die Komfort und Stil vereint. Perfekt f\u00fcr Ihren Sport! Kaufen Sie sie auf www.daisho.be\/Daisho","robots":{"index":"index","follow":"follow","max-snippet":"max-snippet:-1","max-image-preview":"max-image-preview:large","max-video-preview":"max-video-preview:-1"},"canonical":"https:\/\/www.daisho.be\/de\/produit\/adidas-squadra-21-praesentationshose-schwarz-weiss\/","og_locale":"de_DE","og_type":"article","og_title":"adidas Squadra 21 Pr\u00e4sentationshose schwarz\/wei\u00df &#8211; Daisho","og_description":"Entscheiden Sie sich f\u00fcr die Adidas Hose, die Komfort und Stil vereint. Perfekt f\u00fcr Ihren Sport! Kaufen Sie sie auf www.daisho.be\/Daisho","og_url":"https:\/\/www.daisho.be\/de\/produit\/adidas-squadra-21-praesentationshose-schwarz-weiss\/","og_site_name":"Daisho","article_modified_time":"2025-02-27T10:14:17+00:00","og_image":[{"width":1200,"height":1200,"url":"https:\/\/www.daisho.be\/wp-content\/uploads\/2024\/06\/image-5.webp","type":"image\/webp"}],"twitter_card":"summary_large_image","twitter_misc":{"Gesch\u00e4tzte Lesezeit":"1\u00a0Minute"},"schema":{"@context":"https:\/\/schema.org","@graph":[{"@type":"WebPage","@id":"https:\/\/www.daisho.be\/de\/produit\/adidas-squadra-21-praesentationshose-schwarz-weiss\/","url":"https:\/\/www.daisho.be\/de\/produit\/adidas-squadra-21-praesentationshose-schwarz-weiss\/","name":"adidas Squadra 21 Pr\u00e4sentationshose schwarz\/wei\u00df &#8211; Daisho","isPartOf":{"@id":"https:\/\/www.daisho.be\/de\/#website"},"primaryImageOfPage":{"@id":"https:\/\/www.daisho.be\/de\/produit\/adidas-squadra-21-praesentationshose-schwarz-weiss\/#primaryimage"},"image":{"@id":"https:\/\/www.daisho.be\/de\/produit\/adidas-squadra-21-praesentationshose-schwarz-weiss\/#primaryimage"},"thumbnailUrl":"https:\/\/www.daisho.be\/wp-content\/uploads\/2024\/06\/image-5.webp","datePublished":"2024-06-06T16:19:04+00:00","dateModified":"2025-02-27T10:14:17+00:00","description":"Entscheiden Sie sich f\u00fcr die Adidas Hose, die Komfort und Stil vereint. Perfekt f\u00fcr Ihren Sport! Kaufen Sie sie auf www.daisho.be\/Daisho","breadcrumb":{"@id":"https:\/\/www.daisho.be\/de\/produit\/adidas-squadra-21-praesentationshose-schwarz-weiss\/#breadcrumb"},"inLanguage":"de","potentialAction":[{"@type":"ReadAction","target":["https:\/\/www.daisho.be\/de\/produit\/adidas-squadra-21-praesentationshose-schwarz-weiss\/"]}]},{"@type":"ImageObject","inLanguage":"de","@id":"https:\/\/www.daisho.be\/de\/produit\/adidas-squadra-21-praesentationshose-schwarz-weiss\/#primaryimage","url":"https:\/\/www.daisho.be\/wp-content\/uploads\/2024\/06\/image-5.webp","contentUrl":"https:\/\/www.daisho.be\/wp-content\/uploads\/2024\/06\/image-5.webp","width":1200,"height":1200,"caption":"adidas Squadra 21 Pr\u00e4sentationshose schwarz\/wei\u00df-1"},{"@type":"BreadcrumbList","@id":"https:\/\/www.daisho.be\/de\/produit\/adidas-squadra-21-praesentationshose-schwarz-weiss\/#breadcrumb","itemListElement":[{"@type":"ListItem","position":1,"name":"Accueil","item":"https:\/\/www.daisho.be\/de\/"},{"@type":"ListItem","position":2,"name":"Produkte","item":"https:\/\/www.daisho.be\/de\/produkte\/"},{"@type":"ListItem","position":3,"name":"ADIDAS COMBAT SPORTS","item":"https:\/\/www.daisho.be\/de\/categorie-produit\/adidas-combat-sports-de\/"},{"@type":"ListItem","position":4,"name":"Kampfsport","item":"https:\/\/www.daisho.be\/de\/categorie-produit\/adidas-combat-sports-de\/kampfsport\/"},{"@type":"ListItem","position":5,"name":"Adidas Combat Sports Bekleidung","item":"https:\/\/www.daisho.be\/de\/categorie-produit\/adidas-combat-sports-de\/kampfsport\/adidas-combat-sports-bekleidung\/"},{"@type":"ListItem","position":6,"name":"adidas Squadra 21 Pr\u00e4sentationshose schwarz\/wei\u00df"}]},{"@type":"WebSite","@id":"https:\/\/www.daisho.be\/de\/#website","url":"https:\/\/www.daisho.be\/de\/","name":"Daisho","description":"Sp&eacute;cialiste de l'&eacute;quipement sportif d'arts martiaux","publisher":{"@id":"https:\/\/www.daisho.be\/de\/#organization"},"potentialAction":[{"@type":"SearchAction","target":{"@type":"EntryPoint","urlTemplate":"https:\/\/www.daisho.be\/de\/?s={search_term_string}"},"query-input":{"@type":"PropertyValueSpecification","valueRequired":true,"valueName":"search_term_string"}}],"inLanguage":"de"},{"@type":"Organization","@id":"https:\/\/www.daisho.be\/de\/#organization","name":"Daisho","url":"https:\/\/www.daisho.be\/de\/","logo":{"@type":"ImageObject","inLanguage":"de","@id":"https:\/\/www.daisho.be\/de\/#\/schema\/logo\/image\/","url":"https:\/\/www.daisho.be\/wp-content\/uploads\/2019\/07\/color-nothing-horizontale4x-e1564486100247.png","contentUrl":"https:\/\/www.daisho.be\/wp-content\/uploads\/2019\/07\/color-nothing-horizontale4x-e1564486100247.png","width":1547,"height":385,"caption":"Daisho"},"image":{"@id":"https:\/\/www.daisho.be\/de\/#\/schema\/logo\/image\/"}}]}},"_links":{"self":[{"href":"https:\/\/www.daisho.be\/de\/wp-json\/wp\/v2\/product\/463661","targetHints":{"allow":["GET"]}}],"collection":[{"href":"https:\/\/www.daisho.be\/de\/wp-json\/wp\/v2\/product"}],"about":[{"href":"https:\/\/www.daisho.be\/de\/wp-json\/wp\/v2\/types\/product"}],"replies":[{"embeddable":true,"href":"https:\/\/www.daisho.be\/de\/wp-json\/wp\/v2\/comments?post=463661"}],"wp:featuredmedia":[{"embeddable":true,"href":"https:\/\/www.daisho.be\/de\/wp-json\/wp\/v2\/media\/463670"}],"wp:attachment":[{"href":"https:\/\/www.daisho.be\/de\/wp-json\/wp\/v2\/media?parent=463661"}],"wp:term":[{"taxonomy":"product_brand","embeddable":true,"href":"https:\/\/www.daisho.be\/de\/wp-json\/wp\/v2\/product_brand?post=463661"},{"taxonomy":"product_cat","embeddable":true,"href":"https:\/\/www.daisho.be\/de\/wp-json\/wp\/v2\/product_cat?post=463661"},{"taxonomy":"product_tag","embeddable":true,"href":"https:\/\/www.daisho.be\/de\/wp-json\/wp\/v2\/product_tag?post=463661"},{"taxonomy":"sport","embeddable":true,"href":"https:\/\/www.daisho.be\/de\/wp-json\/wp\/v2\/sport?post=463661"}],"curies":[{"name":"wp","href":"https:\/\/api.w.org\/{rel}","templated":true}]}}