{"id":463631,"date":"2024-06-13T12:01:29","date_gmt":"2024-06-13T10:01:29","guid":{"rendered":"https:\/\/www.daisho.be\/produit\/tokaido-kata-master-mix-karate-hose-wkf-10-oz\/"},"modified":"2026-02-04T10:12:16","modified_gmt":"2026-02-04T09:12:16","slug":"tokaido-kata-master-mix-karate-hose-wkf-10-oz","status":"publish","type":"product","link":"https:\/\/www.daisho.be\/de\/produit\/tokaido-kata-master-mix-karate-hose-wkf-10-oz\/","title":{"rendered":"TOKAIDO KATA MASTER MIX KARATE HOSE, WKF, 10 OZ."},"content":{"rendered":"<p>Die Tokaido Kata Master Mix Karatehose ist eine qualitativ hochwertige Hose, die f\u00fcr Karate-Praktizierende aller Niveaus entwickelt wurde.<br \/>\nEr entspricht den Standards der World Karate Federation (WKF) und ist daher ideal f\u00fcr den Wettkampf.<br \/>\nDie Hose wird aus einer Mischung von Baumwolle und Polyester hergestellt, was ihr eine ausgezeichnete Festigkeit und einen optimalen Tragekomfort verleiht.<br \/>\nEr ist au\u00dferdem eng geschnitten und bietet optimale Bewegungsfreiheit.<\/p>\n<p>Merkmale :<br \/>\n&#8211; Material: 70 % Baumwolle, 30 % Polyester<br \/>\n&#8211; Gewicht: 10 oz<br \/>\n&#8211; Passform: eng anliegend<br \/>\n&#8211; N\u00e4hte: mehrfach und verst\u00e4rkt<br \/>\n&#8211; Schrumpfung: gering<br \/>\n&#8211; Die Hose ist in einer breiten Palette von Gr\u00f6\u00dfen erh\u00e4ltlich, von 150 bis 200 cm.<\/p>\n","protected":false},"excerpt":{"rendered":"<p>Die Tokaido Kata Master Mix Karatehose ist eine qualitativ hochwertige Hose, die f\u00fcr Karate-Praktizierende aller Niveaus entwickelt wurde. Er entspricht den Standards der World Karate Federation (WKF) und ist daher ideal f\u00fcr den Wettkampf. Die Hose wird aus einer Mischung von Baumwolle und Polyester hergestellt, was ihr eine ausgezeichnete Festigkeit und einen optimalen Tragekomfort verleiht. [&hellip;]<\/p>\n","protected":false},"featured_media":463637,"comment_status":"open","ping_status":"closed","template":"","meta":{"inline_featured_image":false},"product_brand":[],"product_cat":[2008,2118],"product_tag":[2004],"sport":[],"class_list":{"0":"post-463631","1":"product","2":"type-product","3":"status-publish","4":"has-post-thumbnail","6":"product_cat-karate-kimonos-de","7":"product_cat-kleidung-kimonos","8":"product_tag-tokaido-de","9":"pa_size-380","10":"pa_size-379","11":"pa_size-387","12":"pa_size-378","13":"pa_size-386","14":"pa_size-377","15":"pa_size-385","16":"pa_size-376","17":"pa_size-384","18":"pa_size-383","20":"first","21":"instock","22":"taxable","23":"shipping-taxable","24":"purchasable","25":"product-type-variable"},"yoast_head":"<!-- This site is optimized with the Yoast SEO plugin v27.2 - https:\/\/yoast.com\/product\/yoast-seo-wordpress\/ -->\n<title>TOKAIDO KATA MASTER MIX KARATE HOSE, WKF, 10 OZ. &#8211; Daisho<\/title>\n<meta name=\"description\" content=\"Die Tokaido Kata Master Mix Karatehose ist eine qualitativ hochwertige Hose, die f\u00fcr Karate-Praktizierende aller Niveaus entwickelt wurde.\" \/>\n<meta name=\"robots\" content=\"index, follow, max-snippet:-1, max-image-preview:large, max-video-preview:-1\" \/>\n<link rel=\"canonical\" href=\"https:\/\/www.daisho.be\/de\/produit\/tokaido-kata-master-mix-karate-hose-wkf-10-oz\/\" \/>\n<meta property=\"og:locale\" content=\"de_DE\" \/>\n<meta property=\"og:type\" content=\"article\" \/>\n<meta property=\"og:title\" content=\"TOKAIDO KATA MASTER MIX KARATE HOSE, WKF, 10 OZ. &#8211; Daisho\" \/>\n<meta property=\"og:description\" content=\"Die Tokaido Kata Master Mix Karatehose ist eine qualitativ hochwertige Hose, die f\u00fcr Karate-Praktizierende aller Niveaus entwickelt wurde.\" \/>\n<meta property=\"og:url\" content=\"https:\/\/www.daisho.be\/de\/produit\/tokaido-kata-master-mix-karate-hose-wkf-10-oz\/\" \/>\n<meta property=\"og:site_name\" content=\"Daisho\" \/>\n<meta property=\"article:modified_time\" content=\"2026-02-04T09:12:16+00:00\" \/>\n<meta property=\"og:image\" content=\"https:\/\/www.daisho.be\/wp-content\/uploads\/2024\/06\/image-43.jpg\" \/>\n\t<meta property=\"og:image:width\" content=\"800\" \/>\n\t<meta property=\"og:image:height\" content=\"1280\" \/>\n\t<meta property=\"og:image:type\" content=\"image\/jpeg\" \/>\n<meta name=\"twitter:card\" content=\"summary_large_image\" \/>\n<meta name=\"twitter:label1\" content=\"Gesch\u00e4tzte Lesezeit\" \/>\n\t<meta name=\"twitter:data1\" content=\"1\u00a0Minute\" \/>\n<script type=\"application\/ld+json\" class=\"yoast-schema-graph\">{\"@context\":\"https:\/\/schema.org\",\"@graph\":[{\"@type\":\"WebPage\",\"@id\":\"https:\/\/www.daisho.be\/de\/produit\/tokaido-kata-master-mix-karate-hose-wkf-10-oz\/\",\"url\":\"https:\/\/www.daisho.be\/de\/produit\/tokaido-kata-master-mix-karate-hose-wkf-10-oz\/\",\"name\":\"TOKAIDO KATA MASTER MIX KARATE HOSE, WKF, 10 OZ. &#8211; Daisho\",\"isPartOf\":{\"@id\":\"https:\/\/www.daisho.be\/de\/#website\"},\"primaryImageOfPage\":{\"@id\":\"https:\/\/www.daisho.be\/de\/produit\/tokaido-kata-master-mix-karate-hose-wkf-10-oz\/#primaryimage\"},\"image\":{\"@id\":\"https:\/\/www.daisho.be\/de\/produit\/tokaido-kata-master-mix-karate-hose-wkf-10-oz\/#primaryimage\"},\"thumbnailUrl\":\"https:\/\/www.daisho.be\/wp-content\/uploads\/2024\/06\/image-43.jpg\",\"datePublished\":\"2024-06-13T10:01:29+00:00\",\"dateModified\":\"2026-02-04T09:12:16+00:00\",\"description\":\"Die Tokaido Kata Master Mix Karatehose ist eine qualitativ hochwertige Hose, die f\u00fcr Karate-Praktizierende aller Niveaus entwickelt wurde.\",\"breadcrumb\":{\"@id\":\"https:\/\/www.daisho.be\/de\/produit\/tokaido-kata-master-mix-karate-hose-wkf-10-oz\/#breadcrumb\"},\"inLanguage\":\"de\",\"potentialAction\":[{\"@type\":\"ReadAction\",\"target\":[\"https:\/\/www.daisho.be\/de\/produit\/tokaido-kata-master-mix-karate-hose-wkf-10-oz\/\"]}]},{\"@type\":\"ImageObject\",\"inLanguage\":\"de\",\"@id\":\"https:\/\/www.daisho.be\/de\/produit\/tokaido-kata-master-mix-karate-hose-wkf-10-oz\/#primaryimage\",\"url\":\"https:\/\/www.daisho.be\/wp-content\/uploads\/2024\/06\/image-43.jpg\",\"contentUrl\":\"https:\/\/www.daisho.be\/wp-content\/uploads\/2024\/06\/image-43.jpg\",\"width\":800,\"height\":1280,\"caption\":\"TOKAIDO KATA KATA MASTER MIX KARATEHOSE, WKF, 10 OZ.-1\"},{\"@type\":\"BreadcrumbList\",\"@id\":\"https:\/\/www.daisho.be\/de\/produit\/tokaido-kata-master-mix-karate-hose-wkf-10-oz\/#breadcrumb\",\"itemListElement\":[{\"@type\":\"ListItem\",\"position\":1,\"name\":\"Accueil\",\"item\":\"https:\/\/www.daisho.be\/de\/\"},{\"@type\":\"ListItem\",\"position\":2,\"name\":\"Produkte\",\"item\":\"https:\/\/www.daisho.be\/de\/produkte\/\"},{\"@type\":\"ListItem\",\"position\":3,\"name\":\"Ausr\u00fcstung und Kleidung f\u00fcr Kampfkunst und Kampfsport\",\"item\":\"https:\/\/www.daisho.be\/de\/categorie-produit\/ausrustung-und-kleidung-fur-kampfkunst-und-kampfsport\/\"},{\"@type\":\"ListItem\",\"position\":4,\"name\":\"Karate\",\"item\":\"https:\/\/www.daisho.be\/de\/categorie-produit\/ausrustung-und-kleidung-fur-kampfkunst-und-kampfsport\/karate-de-2\/\"},{\"@type\":\"ListItem\",\"position\":5,\"name\":\"Karate-Kimonos\",\"item\":\"https:\/\/www.daisho.be\/de\/categorie-produit\/ausrustung-und-kleidung-fur-kampfkunst-und-kampfsport\/karate-de-2\/karate-kimonos-de\/\"},{\"@type\":\"ListItem\",\"position\":6,\"name\":\"TOKAIDO KATA MASTER MIX KARATE HOSE, WKF, 10 OZ.\"}]},{\"@type\":\"WebSite\",\"@id\":\"https:\/\/www.daisho.be\/de\/#website\",\"url\":\"https:\/\/www.daisho.be\/de\/\",\"name\":\"Daisho\",\"description\":\"Sp&eacute;cialiste de l'&eacute;quipement sportif d'arts martiaux\",\"publisher\":{\"@id\":\"https:\/\/www.daisho.be\/de\/#organization\"},\"potentialAction\":[{\"@type\":\"SearchAction\",\"target\":{\"@type\":\"EntryPoint\",\"urlTemplate\":\"https:\/\/www.daisho.be\/de\/?s={search_term_string}\"},\"query-input\":{\"@type\":\"PropertyValueSpecification\",\"valueRequired\":true,\"valueName\":\"search_term_string\"}}],\"inLanguage\":\"de\"},{\"@type\":\"Organization\",\"@id\":\"https:\/\/www.daisho.be\/de\/#organization\",\"name\":\"Daisho\",\"url\":\"https:\/\/www.daisho.be\/de\/\",\"logo\":{\"@type\":\"ImageObject\",\"inLanguage\":\"de\",\"@id\":\"https:\/\/www.daisho.be\/de\/#\/schema\/logo\/image\/\",\"url\":\"https:\/\/www.daisho.be\/wp-content\/uploads\/2019\/07\/color-nothing-horizontale4x-e1564486100247.png\",\"contentUrl\":\"https:\/\/www.daisho.be\/wp-content\/uploads\/2019\/07\/color-nothing-horizontale4x-e1564486100247.png\",\"width\":1547,\"height\":385,\"caption\":\"Daisho\"},\"image\":{\"@id\":\"https:\/\/www.daisho.be\/de\/#\/schema\/logo\/image\/\"}}]}<\/script>\n<!-- \/ Yoast SEO plugin. -->","yoast_head_json":{"title":"TOKAIDO KATA MASTER MIX KARATE HOSE, WKF, 10 OZ. &#8211; Daisho","description":"Die Tokaido Kata Master Mix Karatehose ist eine qualitativ hochwertige Hose, die f\u00fcr Karate-Praktizierende aller Niveaus entwickelt wurde.","robots":{"index":"index","follow":"follow","max-snippet":"max-snippet:-1","max-image-preview":"max-image-preview:large","max-video-preview":"max-video-preview:-1"},"canonical":"https:\/\/www.daisho.be\/de\/produit\/tokaido-kata-master-mix-karate-hose-wkf-10-oz\/","og_locale":"de_DE","og_type":"article","og_title":"TOKAIDO KATA MASTER MIX KARATE HOSE, WKF, 10 OZ. &#8211; Daisho","og_description":"Die Tokaido Kata Master Mix Karatehose ist eine qualitativ hochwertige Hose, die f\u00fcr Karate-Praktizierende aller Niveaus entwickelt wurde.","og_url":"https:\/\/www.daisho.be\/de\/produit\/tokaido-kata-master-mix-karate-hose-wkf-10-oz\/","og_site_name":"Daisho","article_modified_time":"2026-02-04T09:12:16+00:00","og_image":[{"width":800,"height":1280,"url":"https:\/\/www.daisho.be\/wp-content\/uploads\/2024\/06\/image-43.jpg","type":"image\/jpeg"}],"twitter_card":"summary_large_image","twitter_misc":{"Gesch\u00e4tzte Lesezeit":"1\u00a0Minute"},"schema":{"@context":"https:\/\/schema.org","@graph":[{"@type":"WebPage","@id":"https:\/\/www.daisho.be\/de\/produit\/tokaido-kata-master-mix-karate-hose-wkf-10-oz\/","url":"https:\/\/www.daisho.be\/de\/produit\/tokaido-kata-master-mix-karate-hose-wkf-10-oz\/","name":"TOKAIDO KATA MASTER MIX KARATE HOSE, WKF, 10 OZ. &#8211; Daisho","isPartOf":{"@id":"https:\/\/www.daisho.be\/de\/#website"},"primaryImageOfPage":{"@id":"https:\/\/www.daisho.be\/de\/produit\/tokaido-kata-master-mix-karate-hose-wkf-10-oz\/#primaryimage"},"image":{"@id":"https:\/\/www.daisho.be\/de\/produit\/tokaido-kata-master-mix-karate-hose-wkf-10-oz\/#primaryimage"},"thumbnailUrl":"https:\/\/www.daisho.be\/wp-content\/uploads\/2024\/06\/image-43.jpg","datePublished":"2024-06-13T10:01:29+00:00","dateModified":"2026-02-04T09:12:16+00:00","description":"Die Tokaido Kata Master Mix Karatehose ist eine qualitativ hochwertige Hose, die f\u00fcr Karate-Praktizierende aller Niveaus entwickelt wurde.","breadcrumb":{"@id":"https:\/\/www.daisho.be\/de\/produit\/tokaido-kata-master-mix-karate-hose-wkf-10-oz\/#breadcrumb"},"inLanguage":"de","potentialAction":[{"@type":"ReadAction","target":["https:\/\/www.daisho.be\/de\/produit\/tokaido-kata-master-mix-karate-hose-wkf-10-oz\/"]}]},{"@type":"ImageObject","inLanguage":"de","@id":"https:\/\/www.daisho.be\/de\/produit\/tokaido-kata-master-mix-karate-hose-wkf-10-oz\/#primaryimage","url":"https:\/\/www.daisho.be\/wp-content\/uploads\/2024\/06\/image-43.jpg","contentUrl":"https:\/\/www.daisho.be\/wp-content\/uploads\/2024\/06\/image-43.jpg","width":800,"height":1280,"caption":"TOKAIDO KATA KATA MASTER MIX KARATEHOSE, WKF, 10 OZ.-1"},{"@type":"BreadcrumbList","@id":"https:\/\/www.daisho.be\/de\/produit\/tokaido-kata-master-mix-karate-hose-wkf-10-oz\/#breadcrumb","itemListElement":[{"@type":"ListItem","position":1,"name":"Accueil","item":"https:\/\/www.daisho.be\/de\/"},{"@type":"ListItem","position":2,"name":"Produkte","item":"https:\/\/www.daisho.be\/de\/produkte\/"},{"@type":"ListItem","position":3,"name":"Ausr\u00fcstung und Kleidung f\u00fcr Kampfkunst und Kampfsport","item":"https:\/\/www.daisho.be\/de\/categorie-produit\/ausrustung-und-kleidung-fur-kampfkunst-und-kampfsport\/"},{"@type":"ListItem","position":4,"name":"Karate","item":"https:\/\/www.daisho.be\/de\/categorie-produit\/ausrustung-und-kleidung-fur-kampfkunst-und-kampfsport\/karate-de-2\/"},{"@type":"ListItem","position":5,"name":"Karate-Kimonos","item":"https:\/\/www.daisho.be\/de\/categorie-produit\/ausrustung-und-kleidung-fur-kampfkunst-und-kampfsport\/karate-de-2\/karate-kimonos-de\/"},{"@type":"ListItem","position":6,"name":"TOKAIDO KATA MASTER MIX KARATE HOSE, WKF, 10 OZ."}]},{"@type":"WebSite","@id":"https:\/\/www.daisho.be\/de\/#website","url":"https:\/\/www.daisho.be\/de\/","name":"Daisho","description":"Sp&eacute;cialiste de l'&eacute;quipement sportif d'arts martiaux","publisher":{"@id":"https:\/\/www.daisho.be\/de\/#organization"},"potentialAction":[{"@type":"SearchAction","target":{"@type":"EntryPoint","urlTemplate":"https:\/\/www.daisho.be\/de\/?s={search_term_string}"},"query-input":{"@type":"PropertyValueSpecification","valueRequired":true,"valueName":"search_term_string"}}],"inLanguage":"de"},{"@type":"Organization","@id":"https:\/\/www.daisho.be\/de\/#organization","name":"Daisho","url":"https:\/\/www.daisho.be\/de\/","logo":{"@type":"ImageObject","inLanguage":"de","@id":"https:\/\/www.daisho.be\/de\/#\/schema\/logo\/image\/","url":"https:\/\/www.daisho.be\/wp-content\/uploads\/2019\/07\/color-nothing-horizontale4x-e1564486100247.png","contentUrl":"https:\/\/www.daisho.be\/wp-content\/uploads\/2019\/07\/color-nothing-horizontale4x-e1564486100247.png","width":1547,"height":385,"caption":"Daisho"},"image":{"@id":"https:\/\/www.daisho.be\/de\/#\/schema\/logo\/image\/"}}]}},"_links":{"self":[{"href":"https:\/\/www.daisho.be\/de\/wp-json\/wp\/v2\/product\/463631","targetHints":{"allow":["GET"]}}],"collection":[{"href":"https:\/\/www.daisho.be\/de\/wp-json\/wp\/v2\/product"}],"about":[{"href":"https:\/\/www.daisho.be\/de\/wp-json\/wp\/v2\/types\/product"}],"replies":[{"embeddable":true,"href":"https:\/\/www.daisho.be\/de\/wp-json\/wp\/v2\/comments?post=463631"}],"wp:featuredmedia":[{"embeddable":true,"href":"https:\/\/www.daisho.be\/de\/wp-json\/wp\/v2\/media\/463637"}],"wp:attachment":[{"href":"https:\/\/www.daisho.be\/de\/wp-json\/wp\/v2\/media?parent=463631"}],"wp:term":[{"taxonomy":"product_brand","embeddable":true,"href":"https:\/\/www.daisho.be\/de\/wp-json\/wp\/v2\/product_brand?post=463631"},{"taxonomy":"product_cat","embeddable":true,"href":"https:\/\/www.daisho.be\/de\/wp-json\/wp\/v2\/product_cat?post=463631"},{"taxonomy":"product_tag","embeddable":true,"href":"https:\/\/www.daisho.be\/de\/wp-json\/wp\/v2\/product_tag?post=463631"},{"taxonomy":"sport","embeddable":true,"href":"https:\/\/www.daisho.be\/de\/wp-json\/wp\/v2\/sport?post=463631"}],"curies":[{"name":"wp","href":"https:\/\/api.w.org\/{rel}","templated":true}]}}