{"id":463597,"date":"2024-06-13T16:09:32","date_gmt":"2024-06-13T14:09:32","guid":{"rendered":"https:\/\/www.daisho.be\/produit\/judo-wettkampfguertel-rot-moskito\/"},"modified":"2024-06-13T16:09:32","modified_gmt":"2024-06-13T14:09:32","slug":"judo-wettkampfguertel-rot-moskito","status":"publish","type":"product","link":"https:\/\/www.daisho.be\/de\/produit\/judo-wettkampfguertel-rot-moskito\/","title":{"rendered":"JUDO-WETTKAMPFG\u00dcRTEL ROT, MOSKITO"},"content":{"rendered":"<p>Der Judog\u00fcrtel von MOSKITO wurde speziell f\u00fcr den Wettkampf entwickelt.<br \/>\nSeine schlanke Form erm\u00f6glicht ein einfaches Binden eines festen Knotens und bietet einen hohen Tragekomfort, ohne aufzutragen.<br \/>\nObwohl der G\u00fcrtel schlank ist, wurde er hinten verst\u00e4rkt, um Stabilit\u00e4t zu gew\u00e4hrleisten und den Charakter eines Judog\u00fcrtels zu erhalten.<br \/>\nDies macht ihn zur idealen Wahl f\u00fcr Wettk\u00e4mpfe und Trainingseinheiten.<\/p>\n","protected":false},"excerpt":{"rendered":"<p>Der Judog\u00fcrtel von MOSKITO wurde speziell f\u00fcr den Wettkampf entwickelt. Seine schlanke Form erm\u00f6glicht ein einfaches Binden eines festen Knotens und bietet einen hohen Tragekomfort, ohne aufzutragen. Obwohl der G\u00fcrtel schlank ist, wurde er hinten verst\u00e4rkt, um Stabilit\u00e4t zu gew\u00e4hrleisten und den Charakter eines Judog\u00fcrtels zu erhalten. Dies macht ihn zur idealen Wahl f\u00fcr Wettk\u00e4mpfe [&hellip;]<\/p>\n","protected":false},"featured_media":463609,"comment_status":"open","ping_status":"closed","template":"","meta":{"inline_featured_image":false},"product_brand":[],"product_cat":[2108,2110,2156,2066],"product_tag":[2155],"sport":[],"class_list":{"0":"post-463597","1":"product","2":"type-product","3":"status-publish","4":"has-post-thumbnail","6":"product_cat-aikido-gurtel","7":"product_cat-jiu-jitsu-gurtel","8":"product_cat-judo-gurtel","9":"product_cat-karate-gurtel","10":"product_tag-moskito-de","11":"pa_size-381","12":"pa_size-379","13":"pa_size-377","14":"pa_size-383","16":"first","17":"instock","18":"taxable","19":"shipping-taxable","20":"purchasable","21":"product-type-variable"},"yoast_head":"<!-- This site is optimized with the Yoast SEO plugin v27.2 - https:\/\/yoast.com\/product\/yoast-seo-wordpress\/ -->\n<title>JUDO-WETTKAMPFG\u00dcRTEL ROT, MOSKITO &#8211; Daisho<\/title>\n<meta name=\"robots\" content=\"index, follow, max-snippet:-1, max-image-preview:large, max-video-preview:-1\" \/>\n<link rel=\"canonical\" href=\"https:\/\/www.daisho.be\/de\/produit\/judo-wettkampfguertel-rot-moskito\/\" \/>\n<meta property=\"og:locale\" content=\"de_DE\" \/>\n<meta property=\"og:type\" content=\"article\" \/>\n<meta property=\"og:title\" content=\"JUDO-WETTKAMPFG\u00dcRTEL ROT, MOSKITO &#8211; Daisho\" \/>\n<meta property=\"og:description\" content=\"Der Judog\u00fcrtel von MOSKITO wurde speziell f\u00fcr den Wettkampf entwickelt. Seine schlanke Form erm\u00f6glicht ein einfaches Binden eines festen Knotens und bietet einen hohen Tragekomfort, ohne aufzutragen. Obwohl der G\u00fcrtel schlank ist, wurde er hinten verst\u00e4rkt, um Stabilit\u00e4t zu gew\u00e4hrleisten und den Charakter eines Judog\u00fcrtels zu erhalten. Dies macht ihn zur idealen Wahl f\u00fcr Wettk\u00e4mpfe [&hellip;]\" \/>\n<meta property=\"og:url\" content=\"https:\/\/www.daisho.be\/de\/produit\/judo-wettkampfguertel-rot-moskito\/\" \/>\n<meta property=\"og:site_name\" content=\"Daisho\" \/>\n<meta property=\"og:image\" content=\"https:\/\/www.daisho.be\/wp-content\/uploads\/2024\/06\/image-58.jpg\" \/>\n\t<meta property=\"og:image:width\" content=\"800\" \/>\n\t<meta property=\"og:image:height\" content=\"1280\" \/>\n\t<meta property=\"og:image:type\" content=\"image\/jpeg\" \/>\n<meta name=\"twitter:card\" content=\"summary_large_image\" \/>\n<script type=\"application\/ld+json\" class=\"yoast-schema-graph\">{\"@context\":\"https:\/\/schema.org\",\"@graph\":[{\"@type\":\"WebPage\",\"@id\":\"https:\/\/www.daisho.be\/de\/produit\/judo-wettkampfguertel-rot-moskito\/\",\"url\":\"https:\/\/www.daisho.be\/de\/produit\/judo-wettkampfguertel-rot-moskito\/\",\"name\":\"JUDO-WETTKAMPFG\u00dcRTEL ROT, MOSKITO &#8211; Daisho\",\"isPartOf\":{\"@id\":\"https:\/\/www.daisho.be\/de\/#website\"},\"primaryImageOfPage\":{\"@id\":\"https:\/\/www.daisho.be\/de\/produit\/judo-wettkampfguertel-rot-moskito\/#primaryimage\"},\"image\":{\"@id\":\"https:\/\/www.daisho.be\/de\/produit\/judo-wettkampfguertel-rot-moskito\/#primaryimage\"},\"thumbnailUrl\":\"https:\/\/www.daisho.be\/wp-content\/uploads\/2024\/06\/image-58.jpg\",\"datePublished\":\"2024-06-13T14:09:32+00:00\",\"breadcrumb\":{\"@id\":\"https:\/\/www.daisho.be\/de\/produit\/judo-wettkampfguertel-rot-moskito\/#breadcrumb\"},\"inLanguage\":\"de\",\"potentialAction\":[{\"@type\":\"ReadAction\",\"target\":[\"https:\/\/www.daisho.be\/de\/produit\/judo-wettkampfguertel-rot-moskito\/\"]}]},{\"@type\":\"ImageObject\",\"inLanguage\":\"de\",\"@id\":\"https:\/\/www.daisho.be\/de\/produit\/judo-wettkampfguertel-rot-moskito\/#primaryimage\",\"url\":\"https:\/\/www.daisho.be\/wp-content\/uploads\/2024\/06\/image-58.jpg\",\"contentUrl\":\"https:\/\/www.daisho.be\/wp-content\/uploads\/2024\/06\/image-58.jpg\",\"width\":800,\"height\":1280},{\"@type\":\"BreadcrumbList\",\"@id\":\"https:\/\/www.daisho.be\/de\/produit\/judo-wettkampfguertel-rot-moskito\/#breadcrumb\",\"itemListElement\":[{\"@type\":\"ListItem\",\"position\":1,\"name\":\"Accueil\",\"item\":\"https:\/\/www.daisho.be\/de\/\"},{\"@type\":\"ListItem\",\"position\":2,\"name\":\"Produkte\",\"item\":\"https:\/\/www.daisho.be\/de\/produkte\/\"},{\"@type\":\"ListItem\",\"position\":3,\"name\":\"Ausr\u00fcstung und Kleidung f\u00fcr Kampfkunst und Kampfsport\",\"item\":\"https:\/\/www.daisho.be\/de\/categorie-produit\/ausrustung-und-kleidung-fur-kampfkunst-und-kampfsport\/\"},{\"@type\":\"ListItem\",\"position\":4,\"name\":\"A\u00efkido\",\"item\":\"https:\/\/www.daisho.be\/de\/categorie-produit\/ausrustung-und-kleidung-fur-kampfkunst-und-kampfsport\/aikido-de\/\"},{\"@type\":\"ListItem\",\"position\":5,\"name\":\"Aikido-G\u00fcrtel\",\"item\":\"https:\/\/www.daisho.be\/de\/categorie-produit\/ausrustung-und-kleidung-fur-kampfkunst-und-kampfsport\/aikido-de\/aikido-gurtel\/\"},{\"@type\":\"ListItem\",\"position\":6,\"name\":\"JUDO-WETTKAMPFG\u00dcRTEL ROT, MOSKITO\"}]},{\"@type\":\"WebSite\",\"@id\":\"https:\/\/www.daisho.be\/de\/#website\",\"url\":\"https:\/\/www.daisho.be\/de\/\",\"name\":\"Daisho\",\"description\":\"Sp&eacute;cialiste de l'&eacute;quipement sportif d'arts martiaux\",\"publisher\":{\"@id\":\"https:\/\/www.daisho.be\/de\/#organization\"},\"potentialAction\":[{\"@type\":\"SearchAction\",\"target\":{\"@type\":\"EntryPoint\",\"urlTemplate\":\"https:\/\/www.daisho.be\/de\/?s={search_term_string}\"},\"query-input\":{\"@type\":\"PropertyValueSpecification\",\"valueRequired\":true,\"valueName\":\"search_term_string\"}}],\"inLanguage\":\"de\"},{\"@type\":\"Organization\",\"@id\":\"https:\/\/www.daisho.be\/de\/#organization\",\"name\":\"Daisho\",\"url\":\"https:\/\/www.daisho.be\/de\/\",\"logo\":{\"@type\":\"ImageObject\",\"inLanguage\":\"de\",\"@id\":\"https:\/\/www.daisho.be\/de\/#\/schema\/logo\/image\/\",\"url\":\"https:\/\/www.daisho.be\/wp-content\/uploads\/2019\/07\/color-nothing-horizontale4x-e1564486100247.png\",\"contentUrl\":\"https:\/\/www.daisho.be\/wp-content\/uploads\/2019\/07\/color-nothing-horizontale4x-e1564486100247.png\",\"width\":1547,\"height\":385,\"caption\":\"Daisho\"},\"image\":{\"@id\":\"https:\/\/www.daisho.be\/de\/#\/schema\/logo\/image\/\"}}]}<\/script>\n<!-- \/ Yoast SEO plugin. -->","yoast_head_json":{"title":"JUDO-WETTKAMPFG\u00dcRTEL ROT, MOSKITO &#8211; Daisho","robots":{"index":"index","follow":"follow","max-snippet":"max-snippet:-1","max-image-preview":"max-image-preview:large","max-video-preview":"max-video-preview:-1"},"canonical":"https:\/\/www.daisho.be\/de\/produit\/judo-wettkampfguertel-rot-moskito\/","og_locale":"de_DE","og_type":"article","og_title":"JUDO-WETTKAMPFG\u00dcRTEL ROT, MOSKITO &#8211; Daisho","og_description":"Der Judog\u00fcrtel von MOSKITO wurde speziell f\u00fcr den Wettkampf entwickelt. Seine schlanke Form erm\u00f6glicht ein einfaches Binden eines festen Knotens und bietet einen hohen Tragekomfort, ohne aufzutragen. Obwohl der G\u00fcrtel schlank ist, wurde er hinten verst\u00e4rkt, um Stabilit\u00e4t zu gew\u00e4hrleisten und den Charakter eines Judog\u00fcrtels zu erhalten. Dies macht ihn zur idealen Wahl f\u00fcr Wettk\u00e4mpfe [&hellip;]","og_url":"https:\/\/www.daisho.be\/de\/produit\/judo-wettkampfguertel-rot-moskito\/","og_site_name":"Daisho","og_image":[{"width":800,"height":1280,"url":"https:\/\/www.daisho.be\/wp-content\/uploads\/2024\/06\/image-58.jpg","type":"image\/jpeg"}],"twitter_card":"summary_large_image","schema":{"@context":"https:\/\/schema.org","@graph":[{"@type":"WebPage","@id":"https:\/\/www.daisho.be\/de\/produit\/judo-wettkampfguertel-rot-moskito\/","url":"https:\/\/www.daisho.be\/de\/produit\/judo-wettkampfguertel-rot-moskito\/","name":"JUDO-WETTKAMPFG\u00dcRTEL ROT, MOSKITO &#8211; Daisho","isPartOf":{"@id":"https:\/\/www.daisho.be\/de\/#website"},"primaryImageOfPage":{"@id":"https:\/\/www.daisho.be\/de\/produit\/judo-wettkampfguertel-rot-moskito\/#primaryimage"},"image":{"@id":"https:\/\/www.daisho.be\/de\/produit\/judo-wettkampfguertel-rot-moskito\/#primaryimage"},"thumbnailUrl":"https:\/\/www.daisho.be\/wp-content\/uploads\/2024\/06\/image-58.jpg","datePublished":"2024-06-13T14:09:32+00:00","breadcrumb":{"@id":"https:\/\/www.daisho.be\/de\/produit\/judo-wettkampfguertel-rot-moskito\/#breadcrumb"},"inLanguage":"de","potentialAction":[{"@type":"ReadAction","target":["https:\/\/www.daisho.be\/de\/produit\/judo-wettkampfguertel-rot-moskito\/"]}]},{"@type":"ImageObject","inLanguage":"de","@id":"https:\/\/www.daisho.be\/de\/produit\/judo-wettkampfguertel-rot-moskito\/#primaryimage","url":"https:\/\/www.daisho.be\/wp-content\/uploads\/2024\/06\/image-58.jpg","contentUrl":"https:\/\/www.daisho.be\/wp-content\/uploads\/2024\/06\/image-58.jpg","width":800,"height":1280},{"@type":"BreadcrumbList","@id":"https:\/\/www.daisho.be\/de\/produit\/judo-wettkampfguertel-rot-moskito\/#breadcrumb","itemListElement":[{"@type":"ListItem","position":1,"name":"Accueil","item":"https:\/\/www.daisho.be\/de\/"},{"@type":"ListItem","position":2,"name":"Produkte","item":"https:\/\/www.daisho.be\/de\/produkte\/"},{"@type":"ListItem","position":3,"name":"Ausr\u00fcstung und Kleidung f\u00fcr Kampfkunst und Kampfsport","item":"https:\/\/www.daisho.be\/de\/categorie-produit\/ausrustung-und-kleidung-fur-kampfkunst-und-kampfsport\/"},{"@type":"ListItem","position":4,"name":"A\u00efkido","item":"https:\/\/www.daisho.be\/de\/categorie-produit\/ausrustung-und-kleidung-fur-kampfkunst-und-kampfsport\/aikido-de\/"},{"@type":"ListItem","position":5,"name":"Aikido-G\u00fcrtel","item":"https:\/\/www.daisho.be\/de\/categorie-produit\/ausrustung-und-kleidung-fur-kampfkunst-und-kampfsport\/aikido-de\/aikido-gurtel\/"},{"@type":"ListItem","position":6,"name":"JUDO-WETTKAMPFG\u00dcRTEL ROT, MOSKITO"}]},{"@type":"WebSite","@id":"https:\/\/www.daisho.be\/de\/#website","url":"https:\/\/www.daisho.be\/de\/","name":"Daisho","description":"Sp&eacute;cialiste de l'&eacute;quipement sportif d'arts martiaux","publisher":{"@id":"https:\/\/www.daisho.be\/de\/#organization"},"potentialAction":[{"@type":"SearchAction","target":{"@type":"EntryPoint","urlTemplate":"https:\/\/www.daisho.be\/de\/?s={search_term_string}"},"query-input":{"@type":"PropertyValueSpecification","valueRequired":true,"valueName":"search_term_string"}}],"inLanguage":"de"},{"@type":"Organization","@id":"https:\/\/www.daisho.be\/de\/#organization","name":"Daisho","url":"https:\/\/www.daisho.be\/de\/","logo":{"@type":"ImageObject","inLanguage":"de","@id":"https:\/\/www.daisho.be\/de\/#\/schema\/logo\/image\/","url":"https:\/\/www.daisho.be\/wp-content\/uploads\/2019\/07\/color-nothing-horizontale4x-e1564486100247.png","contentUrl":"https:\/\/www.daisho.be\/wp-content\/uploads\/2019\/07\/color-nothing-horizontale4x-e1564486100247.png","width":1547,"height":385,"caption":"Daisho"},"image":{"@id":"https:\/\/www.daisho.be\/de\/#\/schema\/logo\/image\/"}}]}},"_links":{"self":[{"href":"https:\/\/www.daisho.be\/de\/wp-json\/wp\/v2\/product\/463597","targetHints":{"allow":["GET"]}}],"collection":[{"href":"https:\/\/www.daisho.be\/de\/wp-json\/wp\/v2\/product"}],"about":[{"href":"https:\/\/www.daisho.be\/de\/wp-json\/wp\/v2\/types\/product"}],"replies":[{"embeddable":true,"href":"https:\/\/www.daisho.be\/de\/wp-json\/wp\/v2\/comments?post=463597"}],"wp:featuredmedia":[{"embeddable":true,"href":"https:\/\/www.daisho.be\/de\/wp-json\/wp\/v2\/media\/463609"}],"wp:attachment":[{"href":"https:\/\/www.daisho.be\/de\/wp-json\/wp\/v2\/media?parent=463597"}],"wp:term":[{"taxonomy":"product_brand","embeddable":true,"href":"https:\/\/www.daisho.be\/de\/wp-json\/wp\/v2\/product_brand?post=463597"},{"taxonomy":"product_cat","embeddable":true,"href":"https:\/\/www.daisho.be\/de\/wp-json\/wp\/v2\/product_cat?post=463597"},{"taxonomy":"product_tag","embeddable":true,"href":"https:\/\/www.daisho.be\/de\/wp-json\/wp\/v2\/product_tag?post=463597"},{"taxonomy":"sport","embeddable":true,"href":"https:\/\/www.daisho.be\/de\/wp-json\/wp\/v2\/sport?post=463597"}],"curies":[{"name":"wp","href":"https:\/\/api.w.org\/{rel}","templated":true}]}}