{"id":463585,"date":"2024-06-24T13:43:58","date_gmt":"2024-06-24T11:43:58","guid":{"rendered":"https:\/\/www.daisho.be\/produit\/adidas-combat-sport-rucksack-grau-schwarz-pu\/"},"modified":"2025-02-27T11:03:28","modified_gmt":"2025-02-27T10:03:28","slug":"adidas-combat-sport-rucksack-grau-schwarz-pu","status":"publish","type":"product","link":"https:\/\/www.daisho.be\/de\/produit\/adidas-combat-sport-rucksack-grau-schwarz-pu\/","title":{"rendered":"Adidas Combat Sport Rucksack grau\/schwarz PU"},"content":{"rendered":"<p>Der Sportrucksack von adidas ist ein idealer Begleiter f\u00fcr den Alltag oder das Training.<br \/>\nDas ger\u00e4umige Hauptfach verf\u00fcgt \u00fcber ein Laptopfach, das mit einem Klettverschluss geschlossen werden kann.<br \/>\nAn der Au\u00dfenseite befindet sich ein Flaschenhalter aus Netzgewebe und auf der anderen Seite eine kleine Tasche f\u00fcr allerlei Kleinigkeiten.<br \/>\nDie verstellbaren Schultergurte k\u00f6nnen mit einem kleinen Gurt miteinander verbunden werden, um eine optimale Verteilung der Last zu gew\u00e4hrleisten.<br \/>\nMerkmale :<br \/>\nMaterial: Hochwertiges Kunstleder<br \/>\ngro\u00dfes Hauptfach mit Laptopfach<br \/>\npraktischer Rucksack f\u00fcr Freizeit und Sport<br \/>\nAbmessungen: 50 x 31 x 20 cm, Kapazit\u00e4t 31l<\/p>\n","protected":false},"excerpt":{"rendered":"<p>Der Sportrucksack von adidas ist ein idealer Begleiter f\u00fcr den Alltag oder das Training. Das ger\u00e4umige Hauptfach verf\u00fcgt \u00fcber ein Laptopfach, das mit einem Klettverschluss geschlossen werden kann. An der Au\u00dfenseite befindet sich ein Flaschenhalter aus Netzgewebe und auf der anderen Seite eine kleine Tasche f\u00fcr allerlei Kleinigkeiten. Die verstellbaren Schultergurte k\u00f6nnen mit einem kleinen [&hellip;]<\/p>\n","protected":false},"featured_media":463587,"comment_status":"open","ping_status":"closed","template":"","meta":{"inline_featured_image":false},"product_brand":[],"product_cat":[2343,2263,2300],"product_tag":[2178],"sport":[],"class_list":{"0":"post-463585","1":"product","2":"type-product","3":"status-publish","4":"has-post-thumbnail","6":"product_cat-ausrustung-und-kleidung-fur-kampfkunst-und-kampfsport","7":"product_cat-karate-tasche-adidas","8":"product_cat-taschen-adidas-combat-sports","9":"product_tag-adidas-de","10":"pa_size-m","12":"first","13":"instock","14":"taxable","15":"shipping-taxable","16":"purchasable","17":"product-type-variable"},"yoast_head":"<!-- This site is optimized with the Yoast SEO plugin v27.2 - https:\/\/yoast.com\/product\/yoast-seo-wordpress\/ -->\n<title>Adidas Combat Sport Rucksack grau\/schwarz PU &#8211; Daisho<\/title>\n<meta name=\"description\" content=\"Entdecken Sie den robusten und funktionellen Adidas Kampfrucksack, ideal f\u00fcr Ihr intensives Training! Kaufen Sie ihn auf www.daisho.be\/Daisho\" \/>\n<meta name=\"robots\" content=\"index, follow, max-snippet:-1, max-image-preview:large, max-video-preview:-1\" \/>\n<link rel=\"canonical\" href=\"https:\/\/www.daisho.be\/de\/produit\/adidas-combat-sport-rucksack-grau-schwarz-pu\/\" \/>\n<meta property=\"og:locale\" content=\"de_DE\" \/>\n<meta property=\"og:type\" content=\"article\" \/>\n<meta property=\"og:title\" content=\"Adidas Combat Sport Rucksack grau\/schwarz PU &#8211; Daisho\" \/>\n<meta property=\"og:description\" content=\"Entdecken Sie den robusten und funktionellen Adidas Kampfrucksack, ideal f\u00fcr Ihr intensives Training! Kaufen Sie ihn auf www.daisho.be\/Daisho\" \/>\n<meta property=\"og:url\" content=\"https:\/\/www.daisho.be\/de\/produit\/adidas-combat-sport-rucksack-grau-schwarz-pu\/\" \/>\n<meta property=\"og:site_name\" content=\"Daisho\" \/>\n<meta property=\"article:modified_time\" content=\"2025-02-27T10:03:28+00:00\" \/>\n<meta property=\"og:image\" content=\"https:\/\/www.daisho.be\/wp-content\/uploads\/2024\/06\/image-13.webp\" \/>\n\t<meta property=\"og:image:width\" content=\"1200\" \/>\n\t<meta property=\"og:image:height\" content=\"1200\" \/>\n\t<meta property=\"og:image:type\" content=\"image\/webp\" \/>\n<meta name=\"twitter:card\" content=\"summary_large_image\" \/>\n<script type=\"application\/ld+json\" class=\"yoast-schema-graph\">{\"@context\":\"https:\/\/schema.org\",\"@graph\":[{\"@type\":\"WebPage\",\"@id\":\"https:\/\/www.daisho.be\/de\/produit\/adidas-combat-sport-rucksack-grau-schwarz-pu\/\",\"url\":\"https:\/\/www.daisho.be\/de\/produit\/adidas-combat-sport-rucksack-grau-schwarz-pu\/\",\"name\":\"Adidas Combat Sport Rucksack grau\/schwarz PU &#8211; Daisho\",\"isPartOf\":{\"@id\":\"https:\/\/www.daisho.be\/de\/#website\"},\"primaryImageOfPage\":{\"@id\":\"https:\/\/www.daisho.be\/de\/produit\/adidas-combat-sport-rucksack-grau-schwarz-pu\/#primaryimage\"},\"image\":{\"@id\":\"https:\/\/www.daisho.be\/de\/produit\/adidas-combat-sport-rucksack-grau-schwarz-pu\/#primaryimage\"},\"thumbnailUrl\":\"https:\/\/www.daisho.be\/wp-content\/uploads\/2024\/06\/image-13.webp\",\"datePublished\":\"2024-06-24T11:43:58+00:00\",\"dateModified\":\"2025-02-27T10:03:28+00:00\",\"description\":\"Entdecken Sie den robusten und funktionellen Adidas Kampfrucksack, ideal f\u00fcr Ihr intensives Training! Kaufen Sie ihn auf www.daisho.be\/Daisho\",\"breadcrumb\":{\"@id\":\"https:\/\/www.daisho.be\/de\/produit\/adidas-combat-sport-rucksack-grau-schwarz-pu\/#breadcrumb\"},\"inLanguage\":\"de\",\"potentialAction\":[{\"@type\":\"ReadAction\",\"target\":[\"https:\/\/www.daisho.be\/de\/produit\/adidas-combat-sport-rucksack-grau-schwarz-pu\/\"]}]},{\"@type\":\"ImageObject\",\"inLanguage\":\"de\",\"@id\":\"https:\/\/www.daisho.be\/de\/produit\/adidas-combat-sport-rucksack-grau-schwarz-pu\/#primaryimage\",\"url\":\"https:\/\/www.daisho.be\/wp-content\/uploads\/2024\/06\/image-13.webp\",\"contentUrl\":\"https:\/\/www.daisho.be\/wp-content\/uploads\/2024\/06\/image-13.webp\",\"width\":1200,\"height\":1200,\"caption\":\"Adidas Combat Sport Rucksack grau\/schwarz PU-1\"},{\"@type\":\"BreadcrumbList\",\"@id\":\"https:\/\/www.daisho.be\/de\/produit\/adidas-combat-sport-rucksack-grau-schwarz-pu\/#breadcrumb\",\"itemListElement\":[{\"@type\":\"ListItem\",\"position\":1,\"name\":\"Accueil\",\"item\":\"https:\/\/www.daisho.be\/de\/\"},{\"@type\":\"ListItem\",\"position\":2,\"name\":\"Produkte\",\"item\":\"https:\/\/www.daisho.be\/de\/produkte\/\"},{\"@type\":\"ListItem\",\"position\":3,\"name\":\"ADIDAS COMBAT SPORTS\",\"item\":\"https:\/\/www.daisho.be\/de\/categorie-produit\/adidas-combat-sports-de\/\"},{\"@type\":\"ListItem\",\"position\":4,\"name\":\"Karate\",\"item\":\"https:\/\/www.daisho.be\/de\/categorie-produit\/adidas-combat-sports-de\/karate-de\/\"},{\"@type\":\"ListItem\",\"position\":5,\"name\":\"Karate Tasche Adidas\",\"item\":\"https:\/\/www.daisho.be\/de\/categorie-produit\/adidas-combat-sports-de\/karate-de\/karate-tasche-adidas\/\"},{\"@type\":\"ListItem\",\"position\":6,\"name\":\"Adidas Combat Sport Rucksack grau\/schwarz PU\"}]},{\"@type\":\"WebSite\",\"@id\":\"https:\/\/www.daisho.be\/de\/#website\",\"url\":\"https:\/\/www.daisho.be\/de\/\",\"name\":\"Daisho\",\"description\":\"Sp&eacute;cialiste de l'&eacute;quipement sportif d'arts martiaux\",\"publisher\":{\"@id\":\"https:\/\/www.daisho.be\/de\/#organization\"},\"potentialAction\":[{\"@type\":\"SearchAction\",\"target\":{\"@type\":\"EntryPoint\",\"urlTemplate\":\"https:\/\/www.daisho.be\/de\/?s={search_term_string}\"},\"query-input\":{\"@type\":\"PropertyValueSpecification\",\"valueRequired\":true,\"valueName\":\"search_term_string\"}}],\"inLanguage\":\"de\"},{\"@type\":\"Organization\",\"@id\":\"https:\/\/www.daisho.be\/de\/#organization\",\"name\":\"Daisho\",\"url\":\"https:\/\/www.daisho.be\/de\/\",\"logo\":{\"@type\":\"ImageObject\",\"inLanguage\":\"de\",\"@id\":\"https:\/\/www.daisho.be\/de\/#\/schema\/logo\/image\/\",\"url\":\"https:\/\/www.daisho.be\/wp-content\/uploads\/2019\/07\/color-nothing-horizontale4x-e1564486100247.png\",\"contentUrl\":\"https:\/\/www.daisho.be\/wp-content\/uploads\/2019\/07\/color-nothing-horizontale4x-e1564486100247.png\",\"width\":1547,\"height\":385,\"caption\":\"Daisho\"},\"image\":{\"@id\":\"https:\/\/www.daisho.be\/de\/#\/schema\/logo\/image\/\"}}]}<\/script>\n<!-- \/ Yoast SEO plugin. -->","yoast_head_json":{"title":"Adidas Combat Sport Rucksack grau\/schwarz PU &#8211; Daisho","description":"Entdecken Sie den robusten und funktionellen Adidas Kampfrucksack, ideal f\u00fcr Ihr intensives Training! Kaufen Sie ihn auf www.daisho.be\/Daisho","robots":{"index":"index","follow":"follow","max-snippet":"max-snippet:-1","max-image-preview":"max-image-preview:large","max-video-preview":"max-video-preview:-1"},"canonical":"https:\/\/www.daisho.be\/de\/produit\/adidas-combat-sport-rucksack-grau-schwarz-pu\/","og_locale":"de_DE","og_type":"article","og_title":"Adidas Combat Sport Rucksack grau\/schwarz PU &#8211; Daisho","og_description":"Entdecken Sie den robusten und funktionellen Adidas Kampfrucksack, ideal f\u00fcr Ihr intensives Training! Kaufen Sie ihn auf www.daisho.be\/Daisho","og_url":"https:\/\/www.daisho.be\/de\/produit\/adidas-combat-sport-rucksack-grau-schwarz-pu\/","og_site_name":"Daisho","article_modified_time":"2025-02-27T10:03:28+00:00","og_image":[{"width":1200,"height":1200,"url":"https:\/\/www.daisho.be\/wp-content\/uploads\/2024\/06\/image-13.webp","type":"image\/webp"}],"twitter_card":"summary_large_image","schema":{"@context":"https:\/\/schema.org","@graph":[{"@type":"WebPage","@id":"https:\/\/www.daisho.be\/de\/produit\/adidas-combat-sport-rucksack-grau-schwarz-pu\/","url":"https:\/\/www.daisho.be\/de\/produit\/adidas-combat-sport-rucksack-grau-schwarz-pu\/","name":"Adidas Combat Sport Rucksack grau\/schwarz PU &#8211; Daisho","isPartOf":{"@id":"https:\/\/www.daisho.be\/de\/#website"},"primaryImageOfPage":{"@id":"https:\/\/www.daisho.be\/de\/produit\/adidas-combat-sport-rucksack-grau-schwarz-pu\/#primaryimage"},"image":{"@id":"https:\/\/www.daisho.be\/de\/produit\/adidas-combat-sport-rucksack-grau-schwarz-pu\/#primaryimage"},"thumbnailUrl":"https:\/\/www.daisho.be\/wp-content\/uploads\/2024\/06\/image-13.webp","datePublished":"2024-06-24T11:43:58+00:00","dateModified":"2025-02-27T10:03:28+00:00","description":"Entdecken Sie den robusten und funktionellen Adidas Kampfrucksack, ideal f\u00fcr Ihr intensives Training! Kaufen Sie ihn auf www.daisho.be\/Daisho","breadcrumb":{"@id":"https:\/\/www.daisho.be\/de\/produit\/adidas-combat-sport-rucksack-grau-schwarz-pu\/#breadcrumb"},"inLanguage":"de","potentialAction":[{"@type":"ReadAction","target":["https:\/\/www.daisho.be\/de\/produit\/adidas-combat-sport-rucksack-grau-schwarz-pu\/"]}]},{"@type":"ImageObject","inLanguage":"de","@id":"https:\/\/www.daisho.be\/de\/produit\/adidas-combat-sport-rucksack-grau-schwarz-pu\/#primaryimage","url":"https:\/\/www.daisho.be\/wp-content\/uploads\/2024\/06\/image-13.webp","contentUrl":"https:\/\/www.daisho.be\/wp-content\/uploads\/2024\/06\/image-13.webp","width":1200,"height":1200,"caption":"Adidas Combat Sport Rucksack grau\/schwarz PU-1"},{"@type":"BreadcrumbList","@id":"https:\/\/www.daisho.be\/de\/produit\/adidas-combat-sport-rucksack-grau-schwarz-pu\/#breadcrumb","itemListElement":[{"@type":"ListItem","position":1,"name":"Accueil","item":"https:\/\/www.daisho.be\/de\/"},{"@type":"ListItem","position":2,"name":"Produkte","item":"https:\/\/www.daisho.be\/de\/produkte\/"},{"@type":"ListItem","position":3,"name":"ADIDAS COMBAT SPORTS","item":"https:\/\/www.daisho.be\/de\/categorie-produit\/adidas-combat-sports-de\/"},{"@type":"ListItem","position":4,"name":"Karate","item":"https:\/\/www.daisho.be\/de\/categorie-produit\/adidas-combat-sports-de\/karate-de\/"},{"@type":"ListItem","position":5,"name":"Karate Tasche Adidas","item":"https:\/\/www.daisho.be\/de\/categorie-produit\/adidas-combat-sports-de\/karate-de\/karate-tasche-adidas\/"},{"@type":"ListItem","position":6,"name":"Adidas Combat Sport Rucksack grau\/schwarz PU"}]},{"@type":"WebSite","@id":"https:\/\/www.daisho.be\/de\/#website","url":"https:\/\/www.daisho.be\/de\/","name":"Daisho","description":"Sp&eacute;cialiste de l'&eacute;quipement sportif d'arts martiaux","publisher":{"@id":"https:\/\/www.daisho.be\/de\/#organization"},"potentialAction":[{"@type":"SearchAction","target":{"@type":"EntryPoint","urlTemplate":"https:\/\/www.daisho.be\/de\/?s={search_term_string}"},"query-input":{"@type":"PropertyValueSpecification","valueRequired":true,"valueName":"search_term_string"}}],"inLanguage":"de"},{"@type":"Organization","@id":"https:\/\/www.daisho.be\/de\/#organization","name":"Daisho","url":"https:\/\/www.daisho.be\/de\/","logo":{"@type":"ImageObject","inLanguage":"de","@id":"https:\/\/www.daisho.be\/de\/#\/schema\/logo\/image\/","url":"https:\/\/www.daisho.be\/wp-content\/uploads\/2019\/07\/color-nothing-horizontale4x-e1564486100247.png","contentUrl":"https:\/\/www.daisho.be\/wp-content\/uploads\/2019\/07\/color-nothing-horizontale4x-e1564486100247.png","width":1547,"height":385,"caption":"Daisho"},"image":{"@id":"https:\/\/www.daisho.be\/de\/#\/schema\/logo\/image\/"}}]}},"_links":{"self":[{"href":"https:\/\/www.daisho.be\/de\/wp-json\/wp\/v2\/product\/463585","targetHints":{"allow":["GET"]}}],"collection":[{"href":"https:\/\/www.daisho.be\/de\/wp-json\/wp\/v2\/product"}],"about":[{"href":"https:\/\/www.daisho.be\/de\/wp-json\/wp\/v2\/types\/product"}],"replies":[{"embeddable":true,"href":"https:\/\/www.daisho.be\/de\/wp-json\/wp\/v2\/comments?post=463585"}],"wp:featuredmedia":[{"embeddable":true,"href":"https:\/\/www.daisho.be\/de\/wp-json\/wp\/v2\/media\/463587"}],"wp:attachment":[{"href":"https:\/\/www.daisho.be\/de\/wp-json\/wp\/v2\/media?parent=463585"}],"wp:term":[{"taxonomy":"product_brand","embeddable":true,"href":"https:\/\/www.daisho.be\/de\/wp-json\/wp\/v2\/product_brand?post=463585"},{"taxonomy":"product_cat","embeddable":true,"href":"https:\/\/www.daisho.be\/de\/wp-json\/wp\/v2\/product_cat?post=463585"},{"taxonomy":"product_tag","embeddable":true,"href":"https:\/\/www.daisho.be\/de\/wp-json\/wp\/v2\/product_tag?post=463585"},{"taxonomy":"sport","embeddable":true,"href":"https:\/\/www.daisho.be\/de\/wp-json\/wp\/v2\/sport?post=463585"}],"curies":[{"name":"wp","href":"https:\/\/api.w.org\/{rel}","templated":true}]}}