{"id":463462,"date":"2024-06-25T11:05:36","date_gmt":"2024-06-25T09:05:36","guid":{"rendered":"https:\/\/www.daisho.be\/produit\/rucksack-adidas-backpack-karate\/"},"modified":"2025-10-09T14:19:08","modified_gmt":"2025-10-09T12:19:08","slug":"rucksack-adidas-backpack-karate","status":"publish","type":"product","link":"https:\/\/www.daisho.be\/de\/produit\/rucksack-adidas-backpack-karate\/","title":{"rendered":"Rucksack Adidas BackPack Karate"},"content":{"rendered":"<p>Der ideale Rucksack f\u00fcr Sport und Freizeit.<br \/>\nHier k\u00f6nnen Sie alle Dinge aufbewahren, die Sie schnell zur Hand haben m\u00fcssen.<br \/>\nDie Tasche verf\u00fcgt \u00fcber ein gro\u00dfes Hauptfach und ein zus\u00e4tzliches gepolstertes Innenfach f\u00fcr Tablets.<br \/>\nDieser Rucksack hat eine leicht quadratische Form, die eine gro\u00dfe \u00d6ffnung auf der Oberseite erm\u00f6glicht.<br \/>\nAn der Au\u00dfenseite befindet sich eine zus\u00e4tzliche kleine Tasche mit Rei\u00dfverschluss f\u00fcr kleine Gegenst\u00e4nde, die Sie schnell erreichen m\u00f6chten.<br \/>\nDer Daybag besteht aus robustem Nylon\/Polyester.<br \/>\nDank der gepolsterten und verstellbaren Schultergurte ist er sehr bequem zu tragen.<br \/>\nDie Aufdrucke des adidas-Logos und des Schriftzugs &#8222;Karate&#8220; verleihen ihm ein stilvolles Aussehen.<br \/>\nDas adidas-Label ist auch auf einem Schulterriemen angebracht.<\/p>\n","protected":false},"excerpt":{"rendered":"<p>Der ideale Rucksack f\u00fcr Sport und Freizeit. Hier k\u00f6nnen Sie alle Dinge aufbewahren, die Sie schnell zur Hand haben m\u00fcssen. Die Tasche verf\u00fcgt \u00fcber ein gro\u00dfes Hauptfach und ein zus\u00e4tzliches gepolstertes Innenfach f\u00fcr Tablets. Dieser Rucksack hat eine leicht quadratische Form, die eine gro\u00dfe \u00d6ffnung auf der Oberseite erm\u00f6glicht. An der Au\u00dfenseite befindet sich eine [&hellip;]<\/p>\n","protected":false},"featured_media":463474,"comment_status":"open","ping_status":"closed","template":"","meta":{"inline_featured_image":false},"product_brand":[],"product_cat":[2263,2061,2300],"product_tag":[2178],"sport":[],"class_list":{"0":"post-463462","1":"product","2":"type-product","3":"status-publish","4":"has-post-thumbnail","6":"product_cat-karate-tasche-adidas","7":"product_cat-sporttaschen","8":"product_cat-taschen-adidas-combat-sports","9":"product_tag-adidas-de","10":"pa_size-l","11":"pa_size-m","12":"pa_size-s","14":"first","15":"instock","16":"taxable","17":"shipping-taxable","18":"purchasable","19":"product-type-variable"},"yoast_head":"<!-- This site is optimized with the Yoast SEO plugin v27.2 - https:\/\/yoast.com\/product\/yoast-seo-wordpress\/ -->\n<title>Rucksack Adidas BackPack Karate &#8211; Daisho<\/title>\n<meta name=\"description\" content=\"Entdecken Sie unseren Adidas Karate Backpack Rucksack. Er bietet Stil, Qualit\u00e4t und Effizienz f\u00fcr Ihre Reisen. Sie finden ihn unter www.daisho.be\/Daisho\" \/>\n<meta name=\"robots\" content=\"index, follow, max-snippet:-1, max-image-preview:large, max-video-preview:-1\" \/>\n<link rel=\"canonical\" href=\"https:\/\/www.daisho.be\/de\/produit\/rucksack-adidas-backpack-karate\/\" \/>\n<meta property=\"og:locale\" content=\"de_DE\" \/>\n<meta property=\"og:type\" content=\"article\" \/>\n<meta property=\"og:title\" content=\"Rucksack Adidas BackPack Karate &#8211; Daisho\" \/>\n<meta property=\"og:description\" content=\"Entdecken Sie unseren Adidas Karate Backpack Rucksack. Er bietet Stil, Qualit\u00e4t und Effizienz f\u00fcr Ihre Reisen. Sie finden ihn unter www.daisho.be\/Daisho\" \/>\n<meta property=\"og:url\" content=\"https:\/\/www.daisho.be\/de\/produit\/rucksack-adidas-backpack-karate\/\" \/>\n<meta property=\"og:site_name\" content=\"Daisho\" \/>\n<meta property=\"article:modified_time\" content=\"2025-10-09T12:19:08+00:00\" \/>\n<meta property=\"og:image\" content=\"https:\/\/www.daisho.be\/wp-content\/uploads\/2024\/06\/image-150.jpg\" \/>\n\t<meta property=\"og:image:width\" content=\"600\" \/>\n\t<meta property=\"og:image:height\" content=\"600\" \/>\n\t<meta property=\"og:image:type\" content=\"image\/jpeg\" \/>\n<meta name=\"twitter:card\" content=\"summary_large_image\" \/>\n<meta name=\"twitter:label1\" content=\"Gesch\u00e4tzte Lesezeit\" \/>\n\t<meta name=\"twitter:data1\" content=\"1\u00a0Minute\" \/>\n<script type=\"application\/ld+json\" class=\"yoast-schema-graph\">{\"@context\":\"https:\/\/schema.org\",\"@graph\":[{\"@type\":\"WebPage\",\"@id\":\"https:\/\/www.daisho.be\/de\/produit\/rucksack-adidas-backpack-karate\/\",\"url\":\"https:\/\/www.daisho.be\/de\/produit\/rucksack-adidas-backpack-karate\/\",\"name\":\"Rucksack Adidas BackPack Karate &#8211; Daisho\",\"isPartOf\":{\"@id\":\"https:\/\/www.daisho.be\/de\/#website\"},\"primaryImageOfPage\":{\"@id\":\"https:\/\/www.daisho.be\/de\/produit\/rucksack-adidas-backpack-karate\/#primaryimage\"},\"image\":{\"@id\":\"https:\/\/www.daisho.be\/de\/produit\/rucksack-adidas-backpack-karate\/#primaryimage\"},\"thumbnailUrl\":\"https:\/\/www.daisho.be\/wp-content\/uploads\/2024\/06\/image-150.jpg\",\"datePublished\":\"2024-06-25T09:05:36+00:00\",\"dateModified\":\"2025-10-09T12:19:08+00:00\",\"description\":\"Entdecken Sie unseren Adidas Karate Backpack Rucksack. Er bietet Stil, Qualit\u00e4t und Effizienz f\u00fcr Ihre Reisen. Sie finden ihn unter www.daisho.be\/Daisho\",\"breadcrumb\":{\"@id\":\"https:\/\/www.daisho.be\/de\/produit\/rucksack-adidas-backpack-karate\/#breadcrumb\"},\"inLanguage\":\"de\",\"potentialAction\":[{\"@type\":\"ReadAction\",\"target\":[\"https:\/\/www.daisho.be\/de\/produit\/rucksack-adidas-backpack-karate\/\"]}]},{\"@type\":\"ImageObject\",\"inLanguage\":\"de\",\"@id\":\"https:\/\/www.daisho.be\/de\/produit\/rucksack-adidas-backpack-karate\/#primaryimage\",\"url\":\"https:\/\/www.daisho.be\/wp-content\/uploads\/2024\/06\/image-150.jpg\",\"contentUrl\":\"https:\/\/www.daisho.be\/wp-content\/uploads\/2024\/06\/image-150.jpg\",\"width\":600,\"height\":600,\"caption\":\"Rucksack Adidas BackPack Karate-1\"},{\"@type\":\"BreadcrumbList\",\"@id\":\"https:\/\/www.daisho.be\/de\/produit\/rucksack-adidas-backpack-karate\/#breadcrumb\",\"itemListElement\":[{\"@type\":\"ListItem\",\"position\":1,\"name\":\"Accueil\",\"item\":\"https:\/\/www.daisho.be\/de\/\"},{\"@type\":\"ListItem\",\"position\":2,\"name\":\"Produkte\",\"item\":\"https:\/\/www.daisho.be\/de\/produkte\/\"},{\"@type\":\"ListItem\",\"position\":3,\"name\":\"ADIDAS COMBAT SPORTS\",\"item\":\"https:\/\/www.daisho.be\/de\/categorie-produit\/adidas-combat-sports-de\/\"},{\"@type\":\"ListItem\",\"position\":4,\"name\":\"Karate\",\"item\":\"https:\/\/www.daisho.be\/de\/categorie-produit\/adidas-combat-sports-de\/karate-de\/\"},{\"@type\":\"ListItem\",\"position\":5,\"name\":\"Karate Tasche Adidas\",\"item\":\"https:\/\/www.daisho.be\/de\/categorie-produit\/adidas-combat-sports-de\/karate-de\/karate-tasche-adidas\/\"},{\"@type\":\"ListItem\",\"position\":6,\"name\":\"Rucksack Adidas BackPack Karate\"}]},{\"@type\":\"WebSite\",\"@id\":\"https:\/\/www.daisho.be\/de\/#website\",\"url\":\"https:\/\/www.daisho.be\/de\/\",\"name\":\"Daisho\",\"description\":\"Sp&eacute;cialiste de l'&eacute;quipement sportif d'arts martiaux\",\"publisher\":{\"@id\":\"https:\/\/www.daisho.be\/de\/#organization\"},\"potentialAction\":[{\"@type\":\"SearchAction\",\"target\":{\"@type\":\"EntryPoint\",\"urlTemplate\":\"https:\/\/www.daisho.be\/de\/?s={search_term_string}\"},\"query-input\":{\"@type\":\"PropertyValueSpecification\",\"valueRequired\":true,\"valueName\":\"search_term_string\"}}],\"inLanguage\":\"de\"},{\"@type\":\"Organization\",\"@id\":\"https:\/\/www.daisho.be\/de\/#organization\",\"name\":\"Daisho\",\"url\":\"https:\/\/www.daisho.be\/de\/\",\"logo\":{\"@type\":\"ImageObject\",\"inLanguage\":\"de\",\"@id\":\"https:\/\/www.daisho.be\/de\/#\/schema\/logo\/image\/\",\"url\":\"https:\/\/www.daisho.be\/wp-content\/uploads\/2019\/07\/color-nothing-horizontale4x-e1564486100247.png\",\"contentUrl\":\"https:\/\/www.daisho.be\/wp-content\/uploads\/2019\/07\/color-nothing-horizontale4x-e1564486100247.png\",\"width\":1547,\"height\":385,\"caption\":\"Daisho\"},\"image\":{\"@id\":\"https:\/\/www.daisho.be\/de\/#\/schema\/logo\/image\/\"}}]}<\/script>\n<!-- \/ Yoast SEO plugin. -->","yoast_head_json":{"title":"Rucksack Adidas BackPack Karate &#8211; Daisho","description":"Entdecken Sie unseren Adidas Karate Backpack Rucksack. Er bietet Stil, Qualit\u00e4t und Effizienz f\u00fcr Ihre Reisen. Sie finden ihn unter www.daisho.be\/Daisho","robots":{"index":"index","follow":"follow","max-snippet":"max-snippet:-1","max-image-preview":"max-image-preview:large","max-video-preview":"max-video-preview:-1"},"canonical":"https:\/\/www.daisho.be\/de\/produit\/rucksack-adidas-backpack-karate\/","og_locale":"de_DE","og_type":"article","og_title":"Rucksack Adidas BackPack Karate &#8211; Daisho","og_description":"Entdecken Sie unseren Adidas Karate Backpack Rucksack. Er bietet Stil, Qualit\u00e4t und Effizienz f\u00fcr Ihre Reisen. Sie finden ihn unter www.daisho.be\/Daisho","og_url":"https:\/\/www.daisho.be\/de\/produit\/rucksack-adidas-backpack-karate\/","og_site_name":"Daisho","article_modified_time":"2025-10-09T12:19:08+00:00","og_image":[{"width":600,"height":600,"url":"https:\/\/www.daisho.be\/wp-content\/uploads\/2024\/06\/image-150.jpg","type":"image\/jpeg"}],"twitter_card":"summary_large_image","twitter_misc":{"Gesch\u00e4tzte Lesezeit":"1\u00a0Minute"},"schema":{"@context":"https:\/\/schema.org","@graph":[{"@type":"WebPage","@id":"https:\/\/www.daisho.be\/de\/produit\/rucksack-adidas-backpack-karate\/","url":"https:\/\/www.daisho.be\/de\/produit\/rucksack-adidas-backpack-karate\/","name":"Rucksack Adidas BackPack Karate &#8211; Daisho","isPartOf":{"@id":"https:\/\/www.daisho.be\/de\/#website"},"primaryImageOfPage":{"@id":"https:\/\/www.daisho.be\/de\/produit\/rucksack-adidas-backpack-karate\/#primaryimage"},"image":{"@id":"https:\/\/www.daisho.be\/de\/produit\/rucksack-adidas-backpack-karate\/#primaryimage"},"thumbnailUrl":"https:\/\/www.daisho.be\/wp-content\/uploads\/2024\/06\/image-150.jpg","datePublished":"2024-06-25T09:05:36+00:00","dateModified":"2025-10-09T12:19:08+00:00","description":"Entdecken Sie unseren Adidas Karate Backpack Rucksack. Er bietet Stil, Qualit\u00e4t und Effizienz f\u00fcr Ihre Reisen. Sie finden ihn unter www.daisho.be\/Daisho","breadcrumb":{"@id":"https:\/\/www.daisho.be\/de\/produit\/rucksack-adidas-backpack-karate\/#breadcrumb"},"inLanguage":"de","potentialAction":[{"@type":"ReadAction","target":["https:\/\/www.daisho.be\/de\/produit\/rucksack-adidas-backpack-karate\/"]}]},{"@type":"ImageObject","inLanguage":"de","@id":"https:\/\/www.daisho.be\/de\/produit\/rucksack-adidas-backpack-karate\/#primaryimage","url":"https:\/\/www.daisho.be\/wp-content\/uploads\/2024\/06\/image-150.jpg","contentUrl":"https:\/\/www.daisho.be\/wp-content\/uploads\/2024\/06\/image-150.jpg","width":600,"height":600,"caption":"Rucksack Adidas BackPack Karate-1"},{"@type":"BreadcrumbList","@id":"https:\/\/www.daisho.be\/de\/produit\/rucksack-adidas-backpack-karate\/#breadcrumb","itemListElement":[{"@type":"ListItem","position":1,"name":"Accueil","item":"https:\/\/www.daisho.be\/de\/"},{"@type":"ListItem","position":2,"name":"Produkte","item":"https:\/\/www.daisho.be\/de\/produkte\/"},{"@type":"ListItem","position":3,"name":"ADIDAS COMBAT SPORTS","item":"https:\/\/www.daisho.be\/de\/categorie-produit\/adidas-combat-sports-de\/"},{"@type":"ListItem","position":4,"name":"Karate","item":"https:\/\/www.daisho.be\/de\/categorie-produit\/adidas-combat-sports-de\/karate-de\/"},{"@type":"ListItem","position":5,"name":"Karate Tasche Adidas","item":"https:\/\/www.daisho.be\/de\/categorie-produit\/adidas-combat-sports-de\/karate-de\/karate-tasche-adidas\/"},{"@type":"ListItem","position":6,"name":"Rucksack Adidas BackPack Karate"}]},{"@type":"WebSite","@id":"https:\/\/www.daisho.be\/de\/#website","url":"https:\/\/www.daisho.be\/de\/","name":"Daisho","description":"Sp&eacute;cialiste de l'&eacute;quipement sportif d'arts martiaux","publisher":{"@id":"https:\/\/www.daisho.be\/de\/#organization"},"potentialAction":[{"@type":"SearchAction","target":{"@type":"EntryPoint","urlTemplate":"https:\/\/www.daisho.be\/de\/?s={search_term_string}"},"query-input":{"@type":"PropertyValueSpecification","valueRequired":true,"valueName":"search_term_string"}}],"inLanguage":"de"},{"@type":"Organization","@id":"https:\/\/www.daisho.be\/de\/#organization","name":"Daisho","url":"https:\/\/www.daisho.be\/de\/","logo":{"@type":"ImageObject","inLanguage":"de","@id":"https:\/\/www.daisho.be\/de\/#\/schema\/logo\/image\/","url":"https:\/\/www.daisho.be\/wp-content\/uploads\/2019\/07\/color-nothing-horizontale4x-e1564486100247.png","contentUrl":"https:\/\/www.daisho.be\/wp-content\/uploads\/2019\/07\/color-nothing-horizontale4x-e1564486100247.png","width":1547,"height":385,"caption":"Daisho"},"image":{"@id":"https:\/\/www.daisho.be\/de\/#\/schema\/logo\/image\/"}}]}},"_links":{"self":[{"href":"https:\/\/www.daisho.be\/de\/wp-json\/wp\/v2\/product\/463462","targetHints":{"allow":["GET"]}}],"collection":[{"href":"https:\/\/www.daisho.be\/de\/wp-json\/wp\/v2\/product"}],"about":[{"href":"https:\/\/www.daisho.be\/de\/wp-json\/wp\/v2\/types\/product"}],"replies":[{"embeddable":true,"href":"https:\/\/www.daisho.be\/de\/wp-json\/wp\/v2\/comments?post=463462"}],"wp:featuredmedia":[{"embeddable":true,"href":"https:\/\/www.daisho.be\/de\/wp-json\/wp\/v2\/media\/463474"}],"wp:attachment":[{"href":"https:\/\/www.daisho.be\/de\/wp-json\/wp\/v2\/media?parent=463462"}],"wp:term":[{"taxonomy":"product_brand","embeddable":true,"href":"https:\/\/www.daisho.be\/de\/wp-json\/wp\/v2\/product_brand?post=463462"},{"taxonomy":"product_cat","embeddable":true,"href":"https:\/\/www.daisho.be\/de\/wp-json\/wp\/v2\/product_cat?post=463462"},{"taxonomy":"product_tag","embeddable":true,"href":"https:\/\/www.daisho.be\/de\/wp-json\/wp\/v2\/product_tag?post=463462"},{"taxonomy":"sport","embeddable":true,"href":"https:\/\/www.daisho.be\/de\/wp-json\/wp\/v2\/sport?post=463462"}],"curies":[{"name":"wp","href":"https:\/\/api.w.org\/{rel}","templated":true}]}}