{"id":463461,"date":"2024-07-10T16:39:31","date_gmt":"2024-07-10T14:39:31","guid":{"rendered":"https:\/\/www.daisho.be\/produit\/karategi-adidas-adilight-dna-primegreen-blau\/"},"modified":"2026-03-04T11:20:21","modified_gmt":"2026-03-04T10:20:21","slug":"karategi-adidas-adilight-dna-primegreen-blau","status":"publish","type":"product","link":"https:\/\/www.daisho.be\/de\/produit\/karategi-adidas-adilight-dna-primegreen-blau\/","title":{"rendered":"KARATEGI ADIDAS ADILIGHT DNA PRIMEGREEN &#8211; Blau"},"content":{"rendered":"<p>Der adidas AdiLight DNA Primegreen Karategi ist ein hochwertiger Karateanzug, der von der bekannten Marke adidas entworfen wurde.<br \/>\nDieser Karategi wurde speziell f\u00fcr Karate-Sportler entworfen und vereint Komfort, Leistung und Stil.<\/p>\n<p>Hergestellt aus Primegreen, einem innovativen und umweltfreundlichen Material, ist dieser Karategi nicht nur bequem zu tragen, sondern auch umweltfreundlich.<\/p>\n<p>Primegreen besteht zu 100% aus recyceltem Material und tr\u00e4gt so zur Reduzierung des \u00f6kologischen Fu\u00dfabdrucks der Textilproduktion bei.<\/p>\n<p>Mit seiner engen Passform und hochwertigen Verarbeitung bietet dieser Karategi optimale Bewegungsfreiheit f\u00fcr ein fl\u00fcssiges und effektives Karatetraining.<\/p>\n<p>Die Climalite-Technologie leitet Schwei\u00df ab, so dass Sie sich w\u00e4hrend des Trainings oder Wettkampfs trocken und wohl f\u00fchlen.<\/p>\n<p>Das elegante und schlichte Design dieses adidas AdiLight DNA Primegreen Karategi macht ihn zur idealen Wahl f\u00fcr stilbewusste Athleten.<\/p>\n<p>Das adidas-Logo auf der Brust und die ikonischen Streifen auf den \u00c4rmeln verleihen dem Outfit einen modernen Touch.<\/p>\n<p>Ob Sie ein Anf\u00e4nger oder ein erfahrener Karateka sind, dieser adidas AdiLight DNA Primegreen Karategi ist eine unverzichtbare Wahl f\u00fcr Ihr Karatetraining.<\/p>\n<p>Bestellen Sie ihn jetzt und genie\u00dfen Sie einen hochwertigen, umweltfreundlichen und stilvollen Anzug f\u00fcr Ihr Karatetraining und Ihre Wettk\u00e4mpfe.<\/p>\n<p>N.B.: Vorbehaltlich der Verf\u00fcgbarkeit.<\/p>\n<p><img loading=\"lazy\" decoding=\"async\" class=\"alignnone size-medium wp-image-483018\" src=\"https:\/\/www.daisho.be\/wp-content\/uploads\/2025\/01\/image-4-300x107.png\" alt=\"KARATEGI ADIDAS ADILIGHT PRIMEGREEN-2\" width=\"300\" height=\"107\" srcset=\"https:\/\/www.daisho.be\/wp-content\/uploads\/2025\/01\/image-4-300x107.png 300w, https:\/\/www.daisho.be\/wp-content\/uploads\/2025\/01\/image-4-223x80.png 223w, https:\/\/www.daisho.be\/wp-content\/uploads\/2025\/01\/image-4.png 377w\" sizes=\"auto, (max-width: 300px) 100vw, 300px\" \/><\/p>\n","protected":false},"excerpt":{"rendered":"<p>Der adidas AdiLight DNA Primegreen Karategi ist ein hochwertiger Karateanzug, der von der bekannten Marke adidas entworfen wurde. Dieser Karategi wurde speziell f\u00fcr Karate-Sportler entworfen und vereint Komfort, Leistung und Stil. Hergestellt aus Primegreen, einem innovativen und umweltfreundlichen Material, ist dieser Karategi nicht nur bequem zu tragen, sondern auch umweltfreundlich. Primegreen besteht zu 100% aus [&hellip;]<\/p>\n","protected":false},"featured_media":497969,"comment_status":"open","ping_status":"closed","template":"","meta":{"inline_featured_image":false},"product_brand":[],"product_cat":[2008,2184,2118],"product_tag":[2178],"sport":[],"class_list":{"0":"post-463461","1":"product","2":"type-product","3":"status-publish","4":"has-post-thumbnail","6":"product_cat-karate-kimonos-de","7":"product_cat-kimono-karategi-adidas-de","8":"product_cat-kleidung-kimonos","9":"product_tag-adidas-de","10":"pa_size-380","11":"pa_size-388","12":"pa_size-379","13":"pa_size-387","14":"pa_size-378","15":"pa_size-386","16":"pa_size-377","17":"pa_size-385","18":"pa_size-376","19":"pa_size-384","20":"pa_size-383","21":"pa_size-953","23":"first","24":"instock","25":"taxable","26":"shipping-taxable","27":"purchasable","28":"product-type-variable"},"yoast_head":"<!-- This site is optimized with the Yoast SEO plugin v27.2 - https:\/\/yoast.com\/product\/yoast-seo-wordpress\/ -->\n<title>KARATEGI ADIDAS ADILIGHT DNA PRIMEGREEN - Blau &#8211; Daisho<\/title>\n<meta name=\"description\" content=\"Entdecken Sie den Karategi adilight DNA Adidas, der Eleganz, Leistung und Umweltfreundlichkeit durch das verwendete PRIMEGREEN Material vereint. Kaufen Sie es auf www.daisho.be\/Daisho\" \/>\n<meta name=\"robots\" content=\"index, follow, max-snippet:-1, max-image-preview:large, max-video-preview:-1\" \/>\n<link rel=\"canonical\" href=\"https:\/\/www.daisho.be\/de\/produit\/karategi-adidas-adilight-dna-primegreen-blau\/\" \/>\n<meta property=\"og:locale\" content=\"de_DE\" \/>\n<meta property=\"og:type\" content=\"article\" \/>\n<meta property=\"og:title\" content=\"KARATEGI ADIDAS ADILIGHT DNA PRIMEGREEN - Blau &#8211; Daisho\" \/>\n<meta property=\"og:description\" content=\"Entdecken Sie den Karategi adilight DNA Adidas, der Eleganz, Leistung und Umweltfreundlichkeit durch das verwendete PRIMEGREEN Material vereint. Kaufen Sie es auf www.daisho.be\/Daisho\" \/>\n<meta property=\"og:url\" content=\"https:\/\/www.daisho.be\/de\/produit\/karategi-adidas-adilight-dna-primegreen-blau\/\" \/>\n<meta property=\"og:site_name\" content=\"Daisho\" \/>\n<meta property=\"article:modified_time\" content=\"2026-03-04T10:20:21+00:00\" \/>\n<meta property=\"og:image\" content=\"https:\/\/www.daisho.be\/wp-content\/uploads\/2025\/02\/image-23.png\" \/>\n\t<meta property=\"og:image:width\" content=\"519\" \/>\n\t<meta property=\"og:image:height\" content=\"695\" \/>\n\t<meta property=\"og:image:type\" content=\"image\/png\" \/>\n<meta name=\"twitter:card\" content=\"summary_large_image\" \/>\n<meta name=\"twitter:label1\" content=\"Gesch\u00e4tzte Lesezeit\" \/>\n\t<meta name=\"twitter:data1\" content=\"1\u00a0Minute\" \/>\n<script type=\"application\/ld+json\" class=\"yoast-schema-graph\">{\"@context\":\"https:\/\/schema.org\",\"@graph\":[{\"@type\":\"WebPage\",\"@id\":\"https:\/\/www.daisho.be\/de\/produit\/karategi-adidas-adilight-dna-primegreen-blau\/\",\"url\":\"https:\/\/www.daisho.be\/de\/produit\/karategi-adidas-adilight-dna-primegreen-blau\/\",\"name\":\"KARATEGI ADIDAS ADILIGHT DNA PRIMEGREEN - Blau &#8211; Daisho\",\"isPartOf\":{\"@id\":\"https:\/\/www.daisho.be\/de\/#website\"},\"primaryImageOfPage\":{\"@id\":\"https:\/\/www.daisho.be\/de\/produit\/karategi-adidas-adilight-dna-primegreen-blau\/#primaryimage\"},\"image\":{\"@id\":\"https:\/\/www.daisho.be\/de\/produit\/karategi-adidas-adilight-dna-primegreen-blau\/#primaryimage\"},\"thumbnailUrl\":\"https:\/\/www.daisho.be\/wp-content\/uploads\/2025\/02\/image-23.png\",\"datePublished\":\"2024-07-10T14:39:31+00:00\",\"dateModified\":\"2026-03-04T10:20:21+00:00\",\"description\":\"Entdecken Sie den Karategi adilight DNA Adidas, der Eleganz, Leistung und Umweltfreundlichkeit durch das verwendete PRIMEGREEN Material vereint. Kaufen Sie es auf www.daisho.be\/Daisho\",\"breadcrumb\":{\"@id\":\"https:\/\/www.daisho.be\/de\/produit\/karategi-adidas-adilight-dna-primegreen-blau\/#breadcrumb\"},\"inLanguage\":\"de\",\"potentialAction\":[{\"@type\":\"ReadAction\",\"target\":[\"https:\/\/www.daisho.be\/de\/produit\/karategi-adidas-adilight-dna-primegreen-blau\/\"]}]},{\"@type\":\"ImageObject\",\"inLanguage\":\"de\",\"@id\":\"https:\/\/www.daisho.be\/de\/produit\/karategi-adidas-adilight-dna-primegreen-blau\/#primaryimage\",\"url\":\"https:\/\/www.daisho.be\/wp-content\/uploads\/2025\/02\/image-23.png\",\"contentUrl\":\"https:\/\/www.daisho.be\/wp-content\/uploads\/2025\/02\/image-23.png\",\"width\":519,\"height\":695,\"caption\":\"KARATEGI ADIDAS ADILIGHT DNA PRIMEGREEN - Blau-1\"},{\"@type\":\"BreadcrumbList\",\"@id\":\"https:\/\/www.daisho.be\/de\/produit\/karategi-adidas-adilight-dna-primegreen-blau\/#breadcrumb\",\"itemListElement\":[{\"@type\":\"ListItem\",\"position\":1,\"name\":\"Accueil\",\"item\":\"https:\/\/www.daisho.be\/de\/\"},{\"@type\":\"ListItem\",\"position\":2,\"name\":\"Produkte\",\"item\":\"https:\/\/www.daisho.be\/de\/produkte\/\"},{\"@type\":\"ListItem\",\"position\":3,\"name\":\"Ausr\u00fcstung und Kleidung f\u00fcr Kampfkunst und Kampfsport\",\"item\":\"https:\/\/www.daisho.be\/de\/categorie-produit\/ausrustung-und-kleidung-fur-kampfkunst-und-kampfsport\/\"},{\"@type\":\"ListItem\",\"position\":4,\"name\":\"Karate\",\"item\":\"https:\/\/www.daisho.be\/de\/categorie-produit\/ausrustung-und-kleidung-fur-kampfkunst-und-kampfsport\/karate-de-2\/\"},{\"@type\":\"ListItem\",\"position\":5,\"name\":\"Karate-Kimonos\",\"item\":\"https:\/\/www.daisho.be\/de\/categorie-produit\/ausrustung-und-kleidung-fur-kampfkunst-und-kampfsport\/karate-de-2\/karate-kimonos-de\/\"},{\"@type\":\"ListItem\",\"position\":6,\"name\":\"KARATEGI ADIDAS ADILIGHT DNA PRIMEGREEN &#8211; Blau\"}]},{\"@type\":\"WebSite\",\"@id\":\"https:\/\/www.daisho.be\/de\/#website\",\"url\":\"https:\/\/www.daisho.be\/de\/\",\"name\":\"Daisho\",\"description\":\"Sp&eacute;cialiste de l'&eacute;quipement sportif d'arts martiaux\",\"publisher\":{\"@id\":\"https:\/\/www.daisho.be\/de\/#organization\"},\"potentialAction\":[{\"@type\":\"SearchAction\",\"target\":{\"@type\":\"EntryPoint\",\"urlTemplate\":\"https:\/\/www.daisho.be\/de\/?s={search_term_string}\"},\"query-input\":{\"@type\":\"PropertyValueSpecification\",\"valueRequired\":true,\"valueName\":\"search_term_string\"}}],\"inLanguage\":\"de\"},{\"@type\":\"Organization\",\"@id\":\"https:\/\/www.daisho.be\/de\/#organization\",\"name\":\"Daisho\",\"url\":\"https:\/\/www.daisho.be\/de\/\",\"logo\":{\"@type\":\"ImageObject\",\"inLanguage\":\"de\",\"@id\":\"https:\/\/www.daisho.be\/de\/#\/schema\/logo\/image\/\",\"url\":\"https:\/\/www.daisho.be\/wp-content\/uploads\/2019\/07\/color-nothing-horizontale4x-e1564486100247.png\",\"contentUrl\":\"https:\/\/www.daisho.be\/wp-content\/uploads\/2019\/07\/color-nothing-horizontale4x-e1564486100247.png\",\"width\":1547,\"height\":385,\"caption\":\"Daisho\"},\"image\":{\"@id\":\"https:\/\/www.daisho.be\/de\/#\/schema\/logo\/image\/\"}}]}<\/script>\n<!-- \/ Yoast SEO plugin. -->","yoast_head_json":{"title":"KARATEGI ADIDAS ADILIGHT DNA PRIMEGREEN - Blau &#8211; Daisho","description":"Entdecken Sie den Karategi adilight DNA Adidas, der Eleganz, Leistung und Umweltfreundlichkeit durch das verwendete PRIMEGREEN Material vereint. Kaufen Sie es auf www.daisho.be\/Daisho","robots":{"index":"index","follow":"follow","max-snippet":"max-snippet:-1","max-image-preview":"max-image-preview:large","max-video-preview":"max-video-preview:-1"},"canonical":"https:\/\/www.daisho.be\/de\/produit\/karategi-adidas-adilight-dna-primegreen-blau\/","og_locale":"de_DE","og_type":"article","og_title":"KARATEGI ADIDAS ADILIGHT DNA PRIMEGREEN - Blau &#8211; Daisho","og_description":"Entdecken Sie den Karategi adilight DNA Adidas, der Eleganz, Leistung und Umweltfreundlichkeit durch das verwendete PRIMEGREEN Material vereint. Kaufen Sie es auf www.daisho.be\/Daisho","og_url":"https:\/\/www.daisho.be\/de\/produit\/karategi-adidas-adilight-dna-primegreen-blau\/","og_site_name":"Daisho","article_modified_time":"2026-03-04T10:20:21+00:00","og_image":[{"width":519,"height":695,"url":"https:\/\/www.daisho.be\/wp-content\/uploads\/2025\/02\/image-23.png","type":"image\/png"}],"twitter_card":"summary_large_image","twitter_misc":{"Gesch\u00e4tzte Lesezeit":"1\u00a0Minute"},"schema":{"@context":"https:\/\/schema.org","@graph":[{"@type":"WebPage","@id":"https:\/\/www.daisho.be\/de\/produit\/karategi-adidas-adilight-dna-primegreen-blau\/","url":"https:\/\/www.daisho.be\/de\/produit\/karategi-adidas-adilight-dna-primegreen-blau\/","name":"KARATEGI ADIDAS ADILIGHT DNA PRIMEGREEN - Blau &#8211; Daisho","isPartOf":{"@id":"https:\/\/www.daisho.be\/de\/#website"},"primaryImageOfPage":{"@id":"https:\/\/www.daisho.be\/de\/produit\/karategi-adidas-adilight-dna-primegreen-blau\/#primaryimage"},"image":{"@id":"https:\/\/www.daisho.be\/de\/produit\/karategi-adidas-adilight-dna-primegreen-blau\/#primaryimage"},"thumbnailUrl":"https:\/\/www.daisho.be\/wp-content\/uploads\/2025\/02\/image-23.png","datePublished":"2024-07-10T14:39:31+00:00","dateModified":"2026-03-04T10:20:21+00:00","description":"Entdecken Sie den Karategi adilight DNA Adidas, der Eleganz, Leistung und Umweltfreundlichkeit durch das verwendete PRIMEGREEN Material vereint. Kaufen Sie es auf www.daisho.be\/Daisho","breadcrumb":{"@id":"https:\/\/www.daisho.be\/de\/produit\/karategi-adidas-adilight-dna-primegreen-blau\/#breadcrumb"},"inLanguage":"de","potentialAction":[{"@type":"ReadAction","target":["https:\/\/www.daisho.be\/de\/produit\/karategi-adidas-adilight-dna-primegreen-blau\/"]}]},{"@type":"ImageObject","inLanguage":"de","@id":"https:\/\/www.daisho.be\/de\/produit\/karategi-adidas-adilight-dna-primegreen-blau\/#primaryimage","url":"https:\/\/www.daisho.be\/wp-content\/uploads\/2025\/02\/image-23.png","contentUrl":"https:\/\/www.daisho.be\/wp-content\/uploads\/2025\/02\/image-23.png","width":519,"height":695,"caption":"KARATEGI ADIDAS ADILIGHT DNA PRIMEGREEN - Blau-1"},{"@type":"BreadcrumbList","@id":"https:\/\/www.daisho.be\/de\/produit\/karategi-adidas-adilight-dna-primegreen-blau\/#breadcrumb","itemListElement":[{"@type":"ListItem","position":1,"name":"Accueil","item":"https:\/\/www.daisho.be\/de\/"},{"@type":"ListItem","position":2,"name":"Produkte","item":"https:\/\/www.daisho.be\/de\/produkte\/"},{"@type":"ListItem","position":3,"name":"Ausr\u00fcstung und Kleidung f\u00fcr Kampfkunst und Kampfsport","item":"https:\/\/www.daisho.be\/de\/categorie-produit\/ausrustung-und-kleidung-fur-kampfkunst-und-kampfsport\/"},{"@type":"ListItem","position":4,"name":"Karate","item":"https:\/\/www.daisho.be\/de\/categorie-produit\/ausrustung-und-kleidung-fur-kampfkunst-und-kampfsport\/karate-de-2\/"},{"@type":"ListItem","position":5,"name":"Karate-Kimonos","item":"https:\/\/www.daisho.be\/de\/categorie-produit\/ausrustung-und-kleidung-fur-kampfkunst-und-kampfsport\/karate-de-2\/karate-kimonos-de\/"},{"@type":"ListItem","position":6,"name":"KARATEGI ADIDAS ADILIGHT DNA PRIMEGREEN &#8211; Blau"}]},{"@type":"WebSite","@id":"https:\/\/www.daisho.be\/de\/#website","url":"https:\/\/www.daisho.be\/de\/","name":"Daisho","description":"Sp&eacute;cialiste de l'&eacute;quipement sportif d'arts martiaux","publisher":{"@id":"https:\/\/www.daisho.be\/de\/#organization"},"potentialAction":[{"@type":"SearchAction","target":{"@type":"EntryPoint","urlTemplate":"https:\/\/www.daisho.be\/de\/?s={search_term_string}"},"query-input":{"@type":"PropertyValueSpecification","valueRequired":true,"valueName":"search_term_string"}}],"inLanguage":"de"},{"@type":"Organization","@id":"https:\/\/www.daisho.be\/de\/#organization","name":"Daisho","url":"https:\/\/www.daisho.be\/de\/","logo":{"@type":"ImageObject","inLanguage":"de","@id":"https:\/\/www.daisho.be\/de\/#\/schema\/logo\/image\/","url":"https:\/\/www.daisho.be\/wp-content\/uploads\/2019\/07\/color-nothing-horizontale4x-e1564486100247.png","contentUrl":"https:\/\/www.daisho.be\/wp-content\/uploads\/2019\/07\/color-nothing-horizontale4x-e1564486100247.png","width":1547,"height":385,"caption":"Daisho"},"image":{"@id":"https:\/\/www.daisho.be\/de\/#\/schema\/logo\/image\/"}}]}},"_links":{"self":[{"href":"https:\/\/www.daisho.be\/de\/wp-json\/wp\/v2\/product\/463461","targetHints":{"allow":["GET"]}}],"collection":[{"href":"https:\/\/www.daisho.be\/de\/wp-json\/wp\/v2\/product"}],"about":[{"href":"https:\/\/www.daisho.be\/de\/wp-json\/wp\/v2\/types\/product"}],"replies":[{"embeddable":true,"href":"https:\/\/www.daisho.be\/de\/wp-json\/wp\/v2\/comments?post=463461"}],"wp:featuredmedia":[{"embeddable":true,"href":"https:\/\/www.daisho.be\/de\/wp-json\/wp\/v2\/media\/497969"}],"wp:attachment":[{"href":"https:\/\/www.daisho.be\/de\/wp-json\/wp\/v2\/media?parent=463461"}],"wp:term":[{"taxonomy":"product_brand","embeddable":true,"href":"https:\/\/www.daisho.be\/de\/wp-json\/wp\/v2\/product_brand?post=463461"},{"taxonomy":"product_cat","embeddable":true,"href":"https:\/\/www.daisho.be\/de\/wp-json\/wp\/v2\/product_cat?post=463461"},{"taxonomy":"product_tag","embeddable":true,"href":"https:\/\/www.daisho.be\/de\/wp-json\/wp\/v2\/product_tag?post=463461"},{"taxonomy":"sport","embeddable":true,"href":"https:\/\/www.daisho.be\/de\/wp-json\/wp\/v2\/sport?post=463461"}],"curies":[{"name":"wp","href":"https:\/\/api.w.org\/{rel}","templated":true}]}}