{"id":463366,"date":"2024-07-17T14:44:08","date_gmt":"2024-07-17T12:44:08","guid":{"rendered":"https:\/\/www.daisho.be\/produit\/karategi-set-tokaido-kumite-wkf\/"},"modified":"2026-02-17T15:30:49","modified_gmt":"2026-02-17T14:30:49","slug":"karategi-set-tokaido-kumite-wkf","status":"publish","type":"product","link":"https:\/\/www.daisho.be\/de\/produit\/karategi-set-tokaido-kumite-wkf\/","title":{"rendered":"KARATEGI TOKAIDO SET KUMITE &#8211; WKF"},"content":{"rendered":"<p>TOKAIDO Recycled Kumite Karategi Anzug, WKF<br \/>\nDieser TOKAIDO Karategi erm\u00f6glicht es Kumiteprofis, ihr volles Potential auszusch\u00f6pfen und bei Wettk\u00e4mpfen auf h\u00f6chstem Niveau zu performen.<br \/>\nDas leichte und haltbare Material bietet eine Kombination aus Leichtigkeit, Flexibilit\u00e4t und Haltbarkeit.<br \/>\nAus 70% recyceltem Polyester gefertigt, ist dieser Karateanzug ebenfalls umweltfreundlich und nachhaltig. Das Set besteht aus zwei Jacken mit Stickerei auf der Schulter in rot und blau und einer passenden Hose. <\/p>\n<p>Merkmale :<\/p>\n<p>&#8211; Ein Karategi Slim Fit, der perfekt sitzt: Taillierte Jacke mit &#8222;Smart Shoulder&#8220;. Die \u00c4rmel und Hosenbeine sind enger geschnitten,<br \/>\n&#8211; Die Hose ist mit einem extra breiten und weichen Gummiband versehen &#8211; f\u00fcr hohen Tragekomfort ohne schmerzhafte Druckstellen.<br \/>\n&#8211; Nachhaltig: 70 % recyceltes Polyester,<br \/>\n&#8211; Stickerei auf der Schulter auf beiden Seiten,<br \/>\n&#8211; Mehrere elastische Mesh-Eins\u00e4tze an der Jacke garantieren eine hervorragende Haltbarkeit,<br \/>\n&#8211; Formbest\u00e4ndig: auch nach mehrmaligem Waschen (l\u00e4uft nicht ein),<br \/>\n&#8211; Ultraleichter Gi : Die Kombination aus leichtem Material (3,5 oz) und Slim Fit Schnitt eliminiert unn\u00f6tigen und st\u00f6renden Stoff, um das Gewicht zu reduzieren.<br \/>\n&#8211; WKF-gepr\u00fcfter Karate Gi,<br \/>\n&#8211; Gesticktes Tokaido-Logo auf Brust, Hals und jetzt auch auf der Hose!<br class=\"yoast-text-mark\">&gt;&gt;&gt;- Die Lieferung umfasst zwei Karatejacken und eine Karatehose.<br \/>\n&#8211; Das Karategi-Set wird in einer stabilen Pappschachtel geliefert.<\/p>\n","protected":false},"excerpt":{"rendered":"<p>TOKAIDO Recycled Kumite Karategi Anzug, WKF Dieser TOKAIDO Karategi erm\u00f6glicht es Kumiteprofis, ihr volles Potential auszusch\u00f6pfen und bei Wettk\u00e4mpfen auf h\u00f6chstem Niveau zu performen. Das leichte und haltbare Material bietet eine Kombination aus Leichtigkeit, Flexibilit\u00e4t und Haltbarkeit. Aus 70% recyceltem Polyester gefertigt, ist dieser Karateanzug ebenfalls umweltfreundlich und nachhaltig. Das Set besteht aus zwei Jacken [&hellip;]<\/p>\n","protected":false},"featured_media":463381,"comment_status":"open","ping_status":"closed","template":"","meta":{"inline_featured_image":false},"product_brand":[],"product_cat":[2008,2118],"product_tag":[2004],"sport":[],"class_list":{"0":"post-463366","1":"product","2":"type-product","3":"status-publish","4":"has-post-thumbnail","6":"product_cat-karate-kimonos-de","7":"product_cat-kleidung-kimonos","8":"product_tag-tokaido-de","9":"pa_size-381","10":"pa_size-380","11":"pa_size-379","12":"pa_size-387","13":"pa_size-378","14":"pa_size-386","15":"pa_size-377","16":"pa_size-385","17":"pa_size-376","18":"pa_size-384","19":"pa_size-383","21":"first","22":"instock","23":"taxable","24":"shipping-taxable","25":"purchasable","26":"product-type-variable"},"yoast_head":"<!-- This site is optimized with the Yoast SEO plugin v27.2 - https:\/\/yoast.com\/product\/yoast-seo-wordpress\/ -->\n<title>KARATEGI TOKAIDO SET KUMITE - WKF &#8211; Daisho<\/title>\n<meta name=\"description\" content=\"Entdecken Sie das Kumite Karategi-Set der Marke Tokaido. Mit diesem Set k\u00f6nnen Sie Ihre Grenzen in einem einzigen Set \u00fcberwinden. Sie finden es auf www.daisho.be | Daisho\" \/>\n<meta name=\"robots\" content=\"index, follow, max-snippet:-1, max-image-preview:large, max-video-preview:-1\" \/>\n<link rel=\"canonical\" href=\"https:\/\/www.daisho.be\/de\/produit\/karategi-set-tokaido-kumite-wkf\/\" \/>\n<meta property=\"og:locale\" content=\"de_DE\" \/>\n<meta property=\"og:type\" content=\"article\" \/>\n<meta property=\"og:title\" content=\"KARATEGI TOKAIDO SET KUMITE - WKF &#8211; Daisho\" \/>\n<meta property=\"og:description\" content=\"Entdecken Sie das Kumite Karategi-Set der Marke Tokaido. Mit diesem Set k\u00f6nnen Sie Ihre Grenzen in einem einzigen Set \u00fcberwinden. Sie finden es auf www.daisho.be | Daisho\" \/>\n<meta property=\"og:url\" content=\"https:\/\/www.daisho.be\/de\/produit\/karategi-set-tokaido-kumite-wkf\/\" \/>\n<meta property=\"og:site_name\" content=\"Daisho\" \/>\n<meta property=\"article:modified_time\" content=\"2026-02-17T14:30:49+00:00\" \/>\n<meta property=\"og:image\" content=\"https:\/\/www.daisho.be\/wp-content\/uploads\/2024\/07\/image-21.jpg\" \/>\n\t<meta property=\"og:image:width\" content=\"800\" \/>\n\t<meta property=\"og:image:height\" content=\"1280\" \/>\n\t<meta property=\"og:image:type\" content=\"image\/jpeg\" \/>\n<meta name=\"twitter:card\" content=\"summary_large_image\" \/>\n<meta name=\"twitter:label1\" content=\"Gesch\u00e4tzte Lesezeit\" \/>\n\t<meta name=\"twitter:data1\" content=\"1\u00a0Minute\" \/>\n<script type=\"application\/ld+json\" class=\"yoast-schema-graph\">{\"@context\":\"https:\/\/schema.org\",\"@graph\":[{\"@type\":\"WebPage\",\"@id\":\"https:\/\/www.daisho.be\/de\/produit\/karategi-set-tokaido-kumite-wkf\/\",\"url\":\"https:\/\/www.daisho.be\/de\/produit\/karategi-set-tokaido-kumite-wkf\/\",\"name\":\"KARATEGI TOKAIDO SET KUMITE - WKF &#8211; Daisho\",\"isPartOf\":{\"@id\":\"https:\/\/www.daisho.be\/de\/#website\"},\"primaryImageOfPage\":{\"@id\":\"https:\/\/www.daisho.be\/de\/produit\/karategi-set-tokaido-kumite-wkf\/#primaryimage\"},\"image\":{\"@id\":\"https:\/\/www.daisho.be\/de\/produit\/karategi-set-tokaido-kumite-wkf\/#primaryimage\"},\"thumbnailUrl\":\"https:\/\/www.daisho.be\/wp-content\/uploads\/2024\/07\/image-21.jpg\",\"datePublished\":\"2024-07-17T12:44:08+00:00\",\"dateModified\":\"2026-02-17T14:30:49+00:00\",\"description\":\"Entdecken Sie das Kumite Karategi-Set der Marke Tokaido. Mit diesem Set k\u00f6nnen Sie Ihre Grenzen in einem einzigen Set \u00fcberwinden. Sie finden es auf www.daisho.be | Daisho\",\"breadcrumb\":{\"@id\":\"https:\/\/www.daisho.be\/de\/produit\/karategi-set-tokaido-kumite-wkf\/#breadcrumb\"},\"inLanguage\":\"de\",\"potentialAction\":[{\"@type\":\"ReadAction\",\"target\":[\"https:\/\/www.daisho.be\/de\/produit\/karategi-set-tokaido-kumite-wkf\/\"]}]},{\"@type\":\"ImageObject\",\"inLanguage\":\"de\",\"@id\":\"https:\/\/www.daisho.be\/de\/produit\/karategi-set-tokaido-kumite-wkf\/#primaryimage\",\"url\":\"https:\/\/www.daisho.be\/wp-content\/uploads\/2024\/07\/image-21.jpg\",\"contentUrl\":\"https:\/\/www.daisho.be\/wp-content\/uploads\/2024\/07\/image-21.jpg\",\"width\":800,\"height\":1280,\"caption\":\"KARATEGI TOKAIDO SET KUMITE - WKF-1\"},{\"@type\":\"BreadcrumbList\",\"@id\":\"https:\/\/www.daisho.be\/de\/produit\/karategi-set-tokaido-kumite-wkf\/#breadcrumb\",\"itemListElement\":[{\"@type\":\"ListItem\",\"position\":1,\"name\":\"Accueil\",\"item\":\"https:\/\/www.daisho.be\/de\/\"},{\"@type\":\"ListItem\",\"position\":2,\"name\":\"Produkte\",\"item\":\"https:\/\/www.daisho.be\/de\/produkte\/\"},{\"@type\":\"ListItem\",\"position\":3,\"name\":\"Ausr\u00fcstung und Kleidung f\u00fcr Kampfkunst und Kampfsport\",\"item\":\"https:\/\/www.daisho.be\/de\/categorie-produit\/ausrustung-und-kleidung-fur-kampfkunst-und-kampfsport\/\"},{\"@type\":\"ListItem\",\"position\":4,\"name\":\"Karate\",\"item\":\"https:\/\/www.daisho.be\/de\/categorie-produit\/ausrustung-und-kleidung-fur-kampfkunst-und-kampfsport\/karate-de-2\/\"},{\"@type\":\"ListItem\",\"position\":5,\"name\":\"Karate-Kimonos\",\"item\":\"https:\/\/www.daisho.be\/de\/categorie-produit\/ausrustung-und-kleidung-fur-kampfkunst-und-kampfsport\/karate-de-2\/karate-kimonos-de\/\"},{\"@type\":\"ListItem\",\"position\":6,\"name\":\"KARATEGI TOKAIDO SET KUMITE &#8211; WKF\"}]},{\"@type\":\"WebSite\",\"@id\":\"https:\/\/www.daisho.be\/de\/#website\",\"url\":\"https:\/\/www.daisho.be\/de\/\",\"name\":\"Daisho\",\"description\":\"Sp&eacute;cialiste de l'&eacute;quipement sportif d'arts martiaux\",\"publisher\":{\"@id\":\"https:\/\/www.daisho.be\/de\/#organization\"},\"potentialAction\":[{\"@type\":\"SearchAction\",\"target\":{\"@type\":\"EntryPoint\",\"urlTemplate\":\"https:\/\/www.daisho.be\/de\/?s={search_term_string}\"},\"query-input\":{\"@type\":\"PropertyValueSpecification\",\"valueRequired\":true,\"valueName\":\"search_term_string\"}}],\"inLanguage\":\"de\"},{\"@type\":\"Organization\",\"@id\":\"https:\/\/www.daisho.be\/de\/#organization\",\"name\":\"Daisho\",\"url\":\"https:\/\/www.daisho.be\/de\/\",\"logo\":{\"@type\":\"ImageObject\",\"inLanguage\":\"de\",\"@id\":\"https:\/\/www.daisho.be\/de\/#\/schema\/logo\/image\/\",\"url\":\"https:\/\/www.daisho.be\/wp-content\/uploads\/2019\/07\/color-nothing-horizontale4x-e1564486100247.png\",\"contentUrl\":\"https:\/\/www.daisho.be\/wp-content\/uploads\/2019\/07\/color-nothing-horizontale4x-e1564486100247.png\",\"width\":1547,\"height\":385,\"caption\":\"Daisho\"},\"image\":{\"@id\":\"https:\/\/www.daisho.be\/de\/#\/schema\/logo\/image\/\"}}]}<\/script>\n<!-- \/ Yoast SEO plugin. -->","yoast_head_json":{"title":"KARATEGI TOKAIDO SET KUMITE - WKF &#8211; Daisho","description":"Entdecken Sie das Kumite Karategi-Set der Marke Tokaido. Mit diesem Set k\u00f6nnen Sie Ihre Grenzen in einem einzigen Set \u00fcberwinden. Sie finden es auf www.daisho.be | Daisho","robots":{"index":"index","follow":"follow","max-snippet":"max-snippet:-1","max-image-preview":"max-image-preview:large","max-video-preview":"max-video-preview:-1"},"canonical":"https:\/\/www.daisho.be\/de\/produit\/karategi-set-tokaido-kumite-wkf\/","og_locale":"de_DE","og_type":"article","og_title":"KARATEGI TOKAIDO SET KUMITE - WKF &#8211; Daisho","og_description":"Entdecken Sie das Kumite Karategi-Set der Marke Tokaido. Mit diesem Set k\u00f6nnen Sie Ihre Grenzen in einem einzigen Set \u00fcberwinden. Sie finden es auf www.daisho.be | Daisho","og_url":"https:\/\/www.daisho.be\/de\/produit\/karategi-set-tokaido-kumite-wkf\/","og_site_name":"Daisho","article_modified_time":"2026-02-17T14:30:49+00:00","og_image":[{"width":800,"height":1280,"url":"https:\/\/www.daisho.be\/wp-content\/uploads\/2024\/07\/image-21.jpg","type":"image\/jpeg"}],"twitter_card":"summary_large_image","twitter_misc":{"Gesch\u00e4tzte Lesezeit":"1\u00a0Minute"},"schema":{"@context":"https:\/\/schema.org","@graph":[{"@type":"WebPage","@id":"https:\/\/www.daisho.be\/de\/produit\/karategi-set-tokaido-kumite-wkf\/","url":"https:\/\/www.daisho.be\/de\/produit\/karategi-set-tokaido-kumite-wkf\/","name":"KARATEGI TOKAIDO SET KUMITE - WKF &#8211; Daisho","isPartOf":{"@id":"https:\/\/www.daisho.be\/de\/#website"},"primaryImageOfPage":{"@id":"https:\/\/www.daisho.be\/de\/produit\/karategi-set-tokaido-kumite-wkf\/#primaryimage"},"image":{"@id":"https:\/\/www.daisho.be\/de\/produit\/karategi-set-tokaido-kumite-wkf\/#primaryimage"},"thumbnailUrl":"https:\/\/www.daisho.be\/wp-content\/uploads\/2024\/07\/image-21.jpg","datePublished":"2024-07-17T12:44:08+00:00","dateModified":"2026-02-17T14:30:49+00:00","description":"Entdecken Sie das Kumite Karategi-Set der Marke Tokaido. Mit diesem Set k\u00f6nnen Sie Ihre Grenzen in einem einzigen Set \u00fcberwinden. Sie finden es auf www.daisho.be | Daisho","breadcrumb":{"@id":"https:\/\/www.daisho.be\/de\/produit\/karategi-set-tokaido-kumite-wkf\/#breadcrumb"},"inLanguage":"de","potentialAction":[{"@type":"ReadAction","target":["https:\/\/www.daisho.be\/de\/produit\/karategi-set-tokaido-kumite-wkf\/"]}]},{"@type":"ImageObject","inLanguage":"de","@id":"https:\/\/www.daisho.be\/de\/produit\/karategi-set-tokaido-kumite-wkf\/#primaryimage","url":"https:\/\/www.daisho.be\/wp-content\/uploads\/2024\/07\/image-21.jpg","contentUrl":"https:\/\/www.daisho.be\/wp-content\/uploads\/2024\/07\/image-21.jpg","width":800,"height":1280,"caption":"KARATEGI TOKAIDO SET KUMITE - WKF-1"},{"@type":"BreadcrumbList","@id":"https:\/\/www.daisho.be\/de\/produit\/karategi-set-tokaido-kumite-wkf\/#breadcrumb","itemListElement":[{"@type":"ListItem","position":1,"name":"Accueil","item":"https:\/\/www.daisho.be\/de\/"},{"@type":"ListItem","position":2,"name":"Produkte","item":"https:\/\/www.daisho.be\/de\/produkte\/"},{"@type":"ListItem","position":3,"name":"Ausr\u00fcstung und Kleidung f\u00fcr Kampfkunst und Kampfsport","item":"https:\/\/www.daisho.be\/de\/categorie-produit\/ausrustung-und-kleidung-fur-kampfkunst-und-kampfsport\/"},{"@type":"ListItem","position":4,"name":"Karate","item":"https:\/\/www.daisho.be\/de\/categorie-produit\/ausrustung-und-kleidung-fur-kampfkunst-und-kampfsport\/karate-de-2\/"},{"@type":"ListItem","position":5,"name":"Karate-Kimonos","item":"https:\/\/www.daisho.be\/de\/categorie-produit\/ausrustung-und-kleidung-fur-kampfkunst-und-kampfsport\/karate-de-2\/karate-kimonos-de\/"},{"@type":"ListItem","position":6,"name":"KARATEGI TOKAIDO SET KUMITE &#8211; WKF"}]},{"@type":"WebSite","@id":"https:\/\/www.daisho.be\/de\/#website","url":"https:\/\/www.daisho.be\/de\/","name":"Daisho","description":"Sp&eacute;cialiste de l'&eacute;quipement sportif d'arts martiaux","publisher":{"@id":"https:\/\/www.daisho.be\/de\/#organization"},"potentialAction":[{"@type":"SearchAction","target":{"@type":"EntryPoint","urlTemplate":"https:\/\/www.daisho.be\/de\/?s={search_term_string}"},"query-input":{"@type":"PropertyValueSpecification","valueRequired":true,"valueName":"search_term_string"}}],"inLanguage":"de"},{"@type":"Organization","@id":"https:\/\/www.daisho.be\/de\/#organization","name":"Daisho","url":"https:\/\/www.daisho.be\/de\/","logo":{"@type":"ImageObject","inLanguage":"de","@id":"https:\/\/www.daisho.be\/de\/#\/schema\/logo\/image\/","url":"https:\/\/www.daisho.be\/wp-content\/uploads\/2019\/07\/color-nothing-horizontale4x-e1564486100247.png","contentUrl":"https:\/\/www.daisho.be\/wp-content\/uploads\/2019\/07\/color-nothing-horizontale4x-e1564486100247.png","width":1547,"height":385,"caption":"Daisho"},"image":{"@id":"https:\/\/www.daisho.be\/de\/#\/schema\/logo\/image\/"}}]}},"_links":{"self":[{"href":"https:\/\/www.daisho.be\/de\/wp-json\/wp\/v2\/product\/463366","targetHints":{"allow":["GET"]}}],"collection":[{"href":"https:\/\/www.daisho.be\/de\/wp-json\/wp\/v2\/product"}],"about":[{"href":"https:\/\/www.daisho.be\/de\/wp-json\/wp\/v2\/types\/product"}],"replies":[{"embeddable":true,"href":"https:\/\/www.daisho.be\/de\/wp-json\/wp\/v2\/comments?post=463366"}],"wp:featuredmedia":[{"embeddable":true,"href":"https:\/\/www.daisho.be\/de\/wp-json\/wp\/v2\/media\/463381"}],"wp:attachment":[{"href":"https:\/\/www.daisho.be\/de\/wp-json\/wp\/v2\/media?parent=463366"}],"wp:term":[{"taxonomy":"product_brand","embeddable":true,"href":"https:\/\/www.daisho.be\/de\/wp-json\/wp\/v2\/product_brand?post=463366"},{"taxonomy":"product_cat","embeddable":true,"href":"https:\/\/www.daisho.be\/de\/wp-json\/wp\/v2\/product_cat?post=463366"},{"taxonomy":"product_tag","embeddable":true,"href":"https:\/\/www.daisho.be\/de\/wp-json\/wp\/v2\/product_tag?post=463366"},{"taxonomy":"sport","embeddable":true,"href":"https:\/\/www.daisho.be\/de\/wp-json\/wp\/v2\/sport?post=463366"}],"curies":[{"name":"wp","href":"https:\/\/api.w.org\/{rel}","templated":true}]}}