{"id":463318,"date":"2024-07-17T14:16:17","date_gmt":"2024-07-17T12:16:17","guid":{"rendered":"https:\/\/www.daisho.be\/produit\/judogijacke-moskito-weiss\/"},"modified":"2025-12-22T14:18:02","modified_gmt":"2025-12-22T13:18:02","slug":"judogijacke-moskito-weiss","status":"publish","type":"product","link":"https:\/\/www.daisho.be\/de\/produit\/judogijacke-moskito-weiss\/","title":{"rendered":"JUDOGIJACKE MOSKITO WEISS"},"content":{"rendered":"<p>Judojacke, MOSKITO, Regular &amp; Slim Fit<br \/>\nDiese hochwertige Judo-Wettkampfjacke aus 100% Baumwolle ist die ideale Wahl f\u00fcr ambitionierte Judoka.<br \/>\nDie Jacke ist in Slim Fit (S) und Regular erh\u00e4ltlich, so dass Sie die Passform w\u00e4hlen k\u00f6nnen, die Ihnen am besten passt.<br \/>\nMix &amp; Match-System: Sie k\u00f6nnen die passenden Judohosen separat kaufen, um Ihre eigene Judouniform zusammenzustellen.<\/p>\n<p>Merkmale :<br \/>\n&#8211; f\u00fcr nationale Turniere zugelassen,<br \/>\n&#8211; Ideal f\u00fcr Training und Wettkampf,<br \/>\n&#8211; Die Jacke ist an den Schultern, der Brust und am Revers verst\u00e4rkt,<br \/>\n&#8211; Moskito&#8220;-Stickerei auf den Schultern,<br \/>\n&#8211; 100 % Baumwolle, ca. 650 g\/m,<br \/>\n&#8211; Schrumpfungsrate: ca. 7 %,<br \/>\n&#8211; Lieferumfang: nur Jacke,<br \/>\n&#8211; Mix &amp; Match System: die passende Hose kann separat gekauft werden,<br \/>\n&#8211; Erh\u00e4ltlich in Slim Fit (S) und Regular Fit.<\/p>\n","protected":false},"excerpt":{"rendered":"<p>Judojacke, MOSKITO, Regular &amp; Slim Fit Diese hochwertige Judo-Wettkampfjacke aus 100% Baumwolle ist die ideale Wahl f\u00fcr ambitionierte Judoka. Die Jacke ist in Slim Fit (S) und Regular erh\u00e4ltlich, so dass Sie die Passform w\u00e4hlen k\u00f6nnen, die Ihnen am besten passt. Mix &amp; Match-System: Sie k\u00f6nnen die passenden Judohosen separat kaufen, um Ihre eigene Judouniform [&hellip;]<\/p>\n","protected":false},"featured_media":542393,"comment_status":"open","ping_status":"closed","template":"","meta":{"inline_featured_image":false},"product_brand":[],"product_cat":[2127,2230,2128,2118],"product_tag":[2155],"sport":[],"class_list":{"0":"post-463318","1":"product","2":"type-product","3":"status-publish","4":"has-post-thumbnail","6":"product_cat-aikido-kimonos-de","7":"product_cat-judo-kimonos-de","8":"product_cat-jujitsu-kimono-de","9":"product_cat-kleidung-kimonos","10":"product_tag-moskito-de","11":"pa_size-373","12":"pa_size-381","13":"pa_size-380","14":"pa_size-388","15":"pa_size-379","16":"pa_size-387","17":"pa_size-378","18":"pa_size-386","19":"pa_size-377","20":"pa_size-385","21":"pa_size-376","22":"pa_size-384","23":"pa_size-383","25":"first","26":"instock","27":"taxable","28":"shipping-taxable","29":"purchasable","30":"product-type-variable"},"yoast_head":"<!-- This site is optimized with the Yoast SEO plugin v27.2 - https:\/\/yoast.com\/product\/yoast-seo-wordpress\/ -->\n<title>JUDOGIJACKE MOSKITO WEISS &#8211; Daisho<\/title>\n<meta name=\"description\" content=\"MOSKITO Judojacke aus 100 % Baumwolle. Ideal f\u00fcr Wettk\u00e4mpfe und Training. Regular oder Slim Fit. Qualit\u00e4t f\u00fcr Profis. Bestellen Sie jetzt!\" \/>\n<meta name=\"robots\" content=\"index, follow, max-snippet:-1, max-image-preview:large, max-video-preview:-1\" \/>\n<link rel=\"canonical\" href=\"https:\/\/www.daisho.be\/de\/produit\/judogijacke-moskito-weiss\/\" \/>\n<meta property=\"og:locale\" content=\"de_DE\" \/>\n<meta property=\"og:type\" content=\"article\" \/>\n<meta property=\"og:title\" content=\"JUDOGIJACKE MOSKITO WEISS &#8211; Daisho\" \/>\n<meta property=\"og:description\" content=\"MOSKITO Judojacke aus 100 % Baumwolle. Ideal f\u00fcr Wettk\u00e4mpfe und Training. Regular oder Slim Fit. Qualit\u00e4t f\u00fcr Profis. Bestellen Sie jetzt!\" \/>\n<meta property=\"og:url\" content=\"https:\/\/www.daisho.be\/de\/produit\/judogijacke-moskito-weiss\/\" \/>\n<meta property=\"og:site_name\" content=\"Daisho\" \/>\n<meta property=\"article:modified_time\" content=\"2025-12-22T13:18:02+00:00\" \/>\n<meta property=\"og:image\" content=\"https:\/\/www.daisho.be\/wp-content\/uploads\/2025\/07\/image-5.jpg\" \/>\n\t<meta property=\"og:image:width\" content=\"800\" \/>\n\t<meta property=\"og:image:height\" content=\"1280\" \/>\n\t<meta property=\"og:image:type\" content=\"image\/jpeg\" \/>\n<meta name=\"twitter:card\" content=\"summary_large_image\" \/>\n<meta name=\"twitter:label1\" content=\"Gesch\u00e4tzte Lesezeit\" \/>\n\t<meta name=\"twitter:data1\" content=\"1\u00a0Minute\" \/>\n<script type=\"application\/ld+json\" class=\"yoast-schema-graph\">{\"@context\":\"https:\/\/schema.org\",\"@graph\":[{\"@type\":\"WebPage\",\"@id\":\"https:\/\/www.daisho.be\/de\/produit\/judogijacke-moskito-weiss\/\",\"url\":\"https:\/\/www.daisho.be\/de\/produit\/judogijacke-moskito-weiss\/\",\"name\":\"JUDOGIJACKE MOSKITO WEISS &#8211; Daisho\",\"isPartOf\":{\"@id\":\"https:\/\/www.daisho.be\/de\/#website\"},\"primaryImageOfPage\":{\"@id\":\"https:\/\/www.daisho.be\/de\/produit\/judogijacke-moskito-weiss\/#primaryimage\"},\"image\":{\"@id\":\"https:\/\/www.daisho.be\/de\/produit\/judogijacke-moskito-weiss\/#primaryimage\"},\"thumbnailUrl\":\"https:\/\/www.daisho.be\/wp-content\/uploads\/2025\/07\/image-5.jpg\",\"datePublished\":\"2024-07-17T12:16:17+00:00\",\"dateModified\":\"2025-12-22T13:18:02+00:00\",\"description\":\"MOSKITO Judojacke aus 100 % Baumwolle. Ideal f\u00fcr Wettk\u00e4mpfe und Training. Regular oder Slim Fit. Qualit\u00e4t f\u00fcr Profis. Bestellen Sie jetzt!\",\"breadcrumb\":{\"@id\":\"https:\/\/www.daisho.be\/de\/produit\/judogijacke-moskito-weiss\/#breadcrumb\"},\"inLanguage\":\"de\",\"potentialAction\":[{\"@type\":\"ReadAction\",\"target\":[\"https:\/\/www.daisho.be\/de\/produit\/judogijacke-moskito-weiss\/\"]}]},{\"@type\":\"ImageObject\",\"inLanguage\":\"de\",\"@id\":\"https:\/\/www.daisho.be\/de\/produit\/judogijacke-moskito-weiss\/#primaryimage\",\"url\":\"https:\/\/www.daisho.be\/wp-content\/uploads\/2025\/07\/image-5.jpg\",\"contentUrl\":\"https:\/\/www.daisho.be\/wp-content\/uploads\/2025\/07\/image-5.jpg\",\"width\":800,\"height\":1280,\"caption\":\"JUDOGI MOSKITO JACKE WEISS Plus, 950 g-1\"},{\"@type\":\"BreadcrumbList\",\"@id\":\"https:\/\/www.daisho.be\/de\/produit\/judogijacke-moskito-weiss\/#breadcrumb\",\"itemListElement\":[{\"@type\":\"ListItem\",\"position\":1,\"name\":\"Accueil\",\"item\":\"https:\/\/www.daisho.be\/de\/\"},{\"@type\":\"ListItem\",\"position\":2,\"name\":\"Produkte\",\"item\":\"https:\/\/www.daisho.be\/de\/produkte\/\"},{\"@type\":\"ListItem\",\"position\":3,\"name\":\"Ausr\u00fcstung und Kleidung f\u00fcr Kampfkunst und Kampfsport\",\"item\":\"https:\/\/www.daisho.be\/de\/categorie-produit\/ausrustung-und-kleidung-fur-kampfkunst-und-kampfsport\/\"},{\"@type\":\"ListItem\",\"position\":4,\"name\":\"A\u00efkido\",\"item\":\"https:\/\/www.daisho.be\/de\/categorie-produit\/ausrustung-und-kleidung-fur-kampfkunst-und-kampfsport\/aikido-de\/\"},{\"@type\":\"ListItem\",\"position\":5,\"name\":\"Aikido Kimonos\",\"item\":\"https:\/\/www.daisho.be\/de\/categorie-produit\/ausrustung-und-kleidung-fur-kampfkunst-und-kampfsport\/aikido-de\/aikido-kimonos-de\/\"},{\"@type\":\"ListItem\",\"position\":6,\"name\":\"JUDOGIJACKE MOSKITO WEISS\"}]},{\"@type\":\"WebSite\",\"@id\":\"https:\/\/www.daisho.be\/de\/#website\",\"url\":\"https:\/\/www.daisho.be\/de\/\",\"name\":\"Daisho\",\"description\":\"Sp&eacute;cialiste de l'&eacute;quipement sportif d'arts martiaux\",\"publisher\":{\"@id\":\"https:\/\/www.daisho.be\/de\/#organization\"},\"potentialAction\":[{\"@type\":\"SearchAction\",\"target\":{\"@type\":\"EntryPoint\",\"urlTemplate\":\"https:\/\/www.daisho.be\/de\/?s={search_term_string}\"},\"query-input\":{\"@type\":\"PropertyValueSpecification\",\"valueRequired\":true,\"valueName\":\"search_term_string\"}}],\"inLanguage\":\"de\"},{\"@type\":\"Organization\",\"@id\":\"https:\/\/www.daisho.be\/de\/#organization\",\"name\":\"Daisho\",\"url\":\"https:\/\/www.daisho.be\/de\/\",\"logo\":{\"@type\":\"ImageObject\",\"inLanguage\":\"de\",\"@id\":\"https:\/\/www.daisho.be\/de\/#\/schema\/logo\/image\/\",\"url\":\"https:\/\/www.daisho.be\/wp-content\/uploads\/2019\/07\/color-nothing-horizontale4x-e1564486100247.png\",\"contentUrl\":\"https:\/\/www.daisho.be\/wp-content\/uploads\/2019\/07\/color-nothing-horizontale4x-e1564486100247.png\",\"width\":1547,\"height\":385,\"caption\":\"Daisho\"},\"image\":{\"@id\":\"https:\/\/www.daisho.be\/de\/#\/schema\/logo\/image\/\"}}]}<\/script>\n<!-- \/ Yoast SEO plugin. -->","yoast_head_json":{"title":"JUDOGIJACKE MOSKITO WEISS &#8211; Daisho","description":"MOSKITO Judojacke aus 100 % Baumwolle. Ideal f\u00fcr Wettk\u00e4mpfe und Training. Regular oder Slim Fit. Qualit\u00e4t f\u00fcr Profis. Bestellen Sie jetzt!","robots":{"index":"index","follow":"follow","max-snippet":"max-snippet:-1","max-image-preview":"max-image-preview:large","max-video-preview":"max-video-preview:-1"},"canonical":"https:\/\/www.daisho.be\/de\/produit\/judogijacke-moskito-weiss\/","og_locale":"de_DE","og_type":"article","og_title":"JUDOGIJACKE MOSKITO WEISS &#8211; Daisho","og_description":"MOSKITO Judojacke aus 100 % Baumwolle. Ideal f\u00fcr Wettk\u00e4mpfe und Training. Regular oder Slim Fit. Qualit\u00e4t f\u00fcr Profis. Bestellen Sie jetzt!","og_url":"https:\/\/www.daisho.be\/de\/produit\/judogijacke-moskito-weiss\/","og_site_name":"Daisho","article_modified_time":"2025-12-22T13:18:02+00:00","og_image":[{"width":800,"height":1280,"url":"https:\/\/www.daisho.be\/wp-content\/uploads\/2025\/07\/image-5.jpg","type":"image\/jpeg"}],"twitter_card":"summary_large_image","twitter_misc":{"Gesch\u00e4tzte Lesezeit":"1\u00a0Minute"},"schema":{"@context":"https:\/\/schema.org","@graph":[{"@type":"WebPage","@id":"https:\/\/www.daisho.be\/de\/produit\/judogijacke-moskito-weiss\/","url":"https:\/\/www.daisho.be\/de\/produit\/judogijacke-moskito-weiss\/","name":"JUDOGIJACKE MOSKITO WEISS &#8211; Daisho","isPartOf":{"@id":"https:\/\/www.daisho.be\/de\/#website"},"primaryImageOfPage":{"@id":"https:\/\/www.daisho.be\/de\/produit\/judogijacke-moskito-weiss\/#primaryimage"},"image":{"@id":"https:\/\/www.daisho.be\/de\/produit\/judogijacke-moskito-weiss\/#primaryimage"},"thumbnailUrl":"https:\/\/www.daisho.be\/wp-content\/uploads\/2025\/07\/image-5.jpg","datePublished":"2024-07-17T12:16:17+00:00","dateModified":"2025-12-22T13:18:02+00:00","description":"MOSKITO Judojacke aus 100 % Baumwolle. Ideal f\u00fcr Wettk\u00e4mpfe und Training. Regular oder Slim Fit. Qualit\u00e4t f\u00fcr Profis. Bestellen Sie jetzt!","breadcrumb":{"@id":"https:\/\/www.daisho.be\/de\/produit\/judogijacke-moskito-weiss\/#breadcrumb"},"inLanguage":"de","potentialAction":[{"@type":"ReadAction","target":["https:\/\/www.daisho.be\/de\/produit\/judogijacke-moskito-weiss\/"]}]},{"@type":"ImageObject","inLanguage":"de","@id":"https:\/\/www.daisho.be\/de\/produit\/judogijacke-moskito-weiss\/#primaryimage","url":"https:\/\/www.daisho.be\/wp-content\/uploads\/2025\/07\/image-5.jpg","contentUrl":"https:\/\/www.daisho.be\/wp-content\/uploads\/2025\/07\/image-5.jpg","width":800,"height":1280,"caption":"JUDOGI MOSKITO JACKE WEISS Plus, 950 g-1"},{"@type":"BreadcrumbList","@id":"https:\/\/www.daisho.be\/de\/produit\/judogijacke-moskito-weiss\/#breadcrumb","itemListElement":[{"@type":"ListItem","position":1,"name":"Accueil","item":"https:\/\/www.daisho.be\/de\/"},{"@type":"ListItem","position":2,"name":"Produkte","item":"https:\/\/www.daisho.be\/de\/produkte\/"},{"@type":"ListItem","position":3,"name":"Ausr\u00fcstung und Kleidung f\u00fcr Kampfkunst und Kampfsport","item":"https:\/\/www.daisho.be\/de\/categorie-produit\/ausrustung-und-kleidung-fur-kampfkunst-und-kampfsport\/"},{"@type":"ListItem","position":4,"name":"A\u00efkido","item":"https:\/\/www.daisho.be\/de\/categorie-produit\/ausrustung-und-kleidung-fur-kampfkunst-und-kampfsport\/aikido-de\/"},{"@type":"ListItem","position":5,"name":"Aikido Kimonos","item":"https:\/\/www.daisho.be\/de\/categorie-produit\/ausrustung-und-kleidung-fur-kampfkunst-und-kampfsport\/aikido-de\/aikido-kimonos-de\/"},{"@type":"ListItem","position":6,"name":"JUDOGIJACKE MOSKITO WEISS"}]},{"@type":"WebSite","@id":"https:\/\/www.daisho.be\/de\/#website","url":"https:\/\/www.daisho.be\/de\/","name":"Daisho","description":"Sp&eacute;cialiste de l'&eacute;quipement sportif d'arts martiaux","publisher":{"@id":"https:\/\/www.daisho.be\/de\/#organization"},"potentialAction":[{"@type":"SearchAction","target":{"@type":"EntryPoint","urlTemplate":"https:\/\/www.daisho.be\/de\/?s={search_term_string}"},"query-input":{"@type":"PropertyValueSpecification","valueRequired":true,"valueName":"search_term_string"}}],"inLanguage":"de"},{"@type":"Organization","@id":"https:\/\/www.daisho.be\/de\/#organization","name":"Daisho","url":"https:\/\/www.daisho.be\/de\/","logo":{"@type":"ImageObject","inLanguage":"de","@id":"https:\/\/www.daisho.be\/de\/#\/schema\/logo\/image\/","url":"https:\/\/www.daisho.be\/wp-content\/uploads\/2019\/07\/color-nothing-horizontale4x-e1564486100247.png","contentUrl":"https:\/\/www.daisho.be\/wp-content\/uploads\/2019\/07\/color-nothing-horizontale4x-e1564486100247.png","width":1547,"height":385,"caption":"Daisho"},"image":{"@id":"https:\/\/www.daisho.be\/de\/#\/schema\/logo\/image\/"}}]}},"_links":{"self":[{"href":"https:\/\/www.daisho.be\/de\/wp-json\/wp\/v2\/product\/463318","targetHints":{"allow":["GET"]}}],"collection":[{"href":"https:\/\/www.daisho.be\/de\/wp-json\/wp\/v2\/product"}],"about":[{"href":"https:\/\/www.daisho.be\/de\/wp-json\/wp\/v2\/types\/product"}],"replies":[{"embeddable":true,"href":"https:\/\/www.daisho.be\/de\/wp-json\/wp\/v2\/comments?post=463318"}],"wp:featuredmedia":[{"embeddable":true,"href":"https:\/\/www.daisho.be\/de\/wp-json\/wp\/v2\/media\/542393"}],"wp:attachment":[{"href":"https:\/\/www.daisho.be\/de\/wp-json\/wp\/v2\/media?parent=463318"}],"wp:term":[{"taxonomy":"product_brand","embeddable":true,"href":"https:\/\/www.daisho.be\/de\/wp-json\/wp\/v2\/product_brand?post=463318"},{"taxonomy":"product_cat","embeddable":true,"href":"https:\/\/www.daisho.be\/de\/wp-json\/wp\/v2\/product_cat?post=463318"},{"taxonomy":"product_tag","embeddable":true,"href":"https:\/\/www.daisho.be\/de\/wp-json\/wp\/v2\/product_tag?post=463318"},{"taxonomy":"sport","embeddable":true,"href":"https:\/\/www.daisho.be\/de\/wp-json\/wp\/v2\/sport?post=463318"}],"curies":[{"name":"wp","href":"https:\/\/api.w.org\/{rel}","templated":true}]}}