{"id":463259,"date":"2024-08-07T12:46:30","date_gmt":"2024-08-07T10:46:30","guid":{"rendered":"https:\/\/www.daisho.be\/produit\/judogi-hose-moskito-blau\/"},"modified":"2024-08-07T12:46:30","modified_gmt":"2024-08-07T10:46:30","slug":"judogi-hose-moskito-blau","status":"publish","type":"product","link":"https:\/\/www.daisho.be\/de\/produit\/judogi-hose-moskito-blau\/","title":{"rendered":"JUDOGI-HOSE MOSKITO BLAU"},"content":{"rendered":"<p>Judohose, MOSKITO, Slim Fit<br \/>\nDiese hochwertige Judohose f\u00fcr Wettk\u00e4mpfe aus 100% Baumwolle ist die ideale Wahl f\u00fcr den ambitionierten Judoka. Die Hose ist in Slim Fit (S) und Regular Fit erh\u00e4ltlich, so dass Sie die Passform w\u00e4hlen k\u00f6nnen, die Ihnen am besten passt. Mix &amp; Match-System: Sie haben die M\u00f6glichkeit, die passende Judojacke separat zu kaufen, um Ihren Judoanzug individuell zusammenzustellen. Technische Daten: &#8211; zugelassen f\u00fcr nationale Turniere &#8211; ideal f\u00fcr Training und Wettkampf &#8211; Hose mit Kordelzug in der Taille, Doppelnaht an den Knien &#8211; 100 % Baumwolle, ca. 650 g\/m &#8211; Schrumpfungsrate: ca. 7 % &#8211; Lieferumfang: nur Hose &#8211; Mix &amp; Match-System: die passende Jacke kann separat gekauft werden &#8211; erh\u00e4ltlich in Slim Fit (S) und Regular Fit<\/p>\n","protected":false},"excerpt":{"rendered":"<p>Judohose, MOSKITO, Slim Fit Diese hochwertige Judohose f\u00fcr Wettk\u00e4mpfe aus 100% Baumwolle ist die ideale Wahl f\u00fcr den ambitionierten Judoka. Die Hose ist in Slim Fit (S) und Regular Fit erh\u00e4ltlich, so dass Sie die Passform w\u00e4hlen k\u00f6nnen, die Ihnen am besten passt. Mix &amp; Match-System: Sie haben die M\u00f6glichkeit, die passende Judojacke separat zu [&hellip;]<\/p>\n","protected":false},"featured_media":463273,"comment_status":"open","ping_status":"closed","template":"","meta":{"inline_featured_image":false},"product_brand":[],"product_cat":[2127,2230,2128,2118],"product_tag":[2155],"sport":[],"class_list":{"0":"post-463259","1":"product","2":"type-product","3":"status-publish","4":"has-post-thumbnail","6":"product_cat-aikido-kimonos-de","7":"product_cat-judo-kimonos-de","8":"product_cat-jujitsu-kimono-de","9":"product_cat-kleidung-kimonos","10":"product_tag-moskito-de","11":"pa_size-381","12":"pa_size-380","13":"pa_size-388","14":"pa_size-379","15":"pa_size-387","16":"pa_size-378","17":"pa_size-386","18":"pa_size-377","19":"pa_size-385","20":"pa_size-376","21":"pa_size-384","22":"pa_size-383","24":"first","25":"instock","26":"taxable","27":"shipping-taxable","28":"purchasable","29":"product-type-variable"},"yoast_head":"<!-- This site is optimized with the Yoast SEO plugin v27.2 - https:\/\/yoast.com\/product\/yoast-seo-wordpress\/ -->\n<title>JUDOGI-HOSE MOSKITO BLAU &#8211; Daisho<\/title>\n<meta name=\"robots\" content=\"index, follow, max-snippet:-1, max-image-preview:large, max-video-preview:-1\" \/>\n<link rel=\"canonical\" href=\"https:\/\/www.daisho.be\/de\/produit\/judogi-hose-moskito-blau\/\" \/>\n<meta property=\"og:locale\" content=\"de_DE\" \/>\n<meta property=\"og:type\" content=\"article\" \/>\n<meta property=\"og:title\" content=\"JUDOGI-HOSE MOSKITO BLAU &#8211; Daisho\" \/>\n<meta property=\"og:description\" content=\"Judohose, MOSKITO, Slim Fit Diese hochwertige Judohose f\u00fcr Wettk\u00e4mpfe aus 100% Baumwolle ist die ideale Wahl f\u00fcr den ambitionierten Judoka. Die Hose ist in Slim Fit (S) und Regular Fit erh\u00e4ltlich, so dass Sie die Passform w\u00e4hlen k\u00f6nnen, die Ihnen am besten passt. Mix &amp; Match-System: Sie haben die M\u00f6glichkeit, die passende Judojacke separat zu [&hellip;]\" \/>\n<meta property=\"og:url\" content=\"https:\/\/www.daisho.be\/de\/produit\/judogi-hose-moskito-blau\/\" \/>\n<meta property=\"og:site_name\" content=\"Daisho\" \/>\n<meta property=\"og:image\" content=\"https:\/\/www.daisho.be\/wp-content\/uploads\/2024\/08\/image-26.jpg\" \/>\n\t<meta property=\"og:image:width\" content=\"800\" \/>\n\t<meta property=\"og:image:height\" content=\"1280\" \/>\n\t<meta property=\"og:image:type\" content=\"image\/jpeg\" \/>\n<meta name=\"twitter:card\" content=\"summary_large_image\" \/>\n<meta name=\"twitter:label1\" content=\"Gesch\u00e4tzte Lesezeit\" \/>\n\t<meta name=\"twitter:data1\" content=\"1\u00a0Minute\" \/>\n<script type=\"application\/ld+json\" class=\"yoast-schema-graph\">{\"@context\":\"https:\/\/schema.org\",\"@graph\":[{\"@type\":\"WebPage\",\"@id\":\"https:\/\/www.daisho.be\/de\/produit\/judogi-hose-moskito-blau\/\",\"url\":\"https:\/\/www.daisho.be\/de\/produit\/judogi-hose-moskito-blau\/\",\"name\":\"JUDOGI-HOSE MOSKITO BLAU &#8211; Daisho\",\"isPartOf\":{\"@id\":\"https:\/\/www.daisho.be\/de\/#website\"},\"primaryImageOfPage\":{\"@id\":\"https:\/\/www.daisho.be\/de\/produit\/judogi-hose-moskito-blau\/#primaryimage\"},\"image\":{\"@id\":\"https:\/\/www.daisho.be\/de\/produit\/judogi-hose-moskito-blau\/#primaryimage\"},\"thumbnailUrl\":\"https:\/\/www.daisho.be\/wp-content\/uploads\/2024\/08\/image-26.jpg\",\"datePublished\":\"2024-08-07T10:46:30+00:00\",\"breadcrumb\":{\"@id\":\"https:\/\/www.daisho.be\/de\/produit\/judogi-hose-moskito-blau\/#breadcrumb\"},\"inLanguage\":\"de\",\"potentialAction\":[{\"@type\":\"ReadAction\",\"target\":[\"https:\/\/www.daisho.be\/de\/produit\/judogi-hose-moskito-blau\/\"]}]},{\"@type\":\"ImageObject\",\"inLanguage\":\"de\",\"@id\":\"https:\/\/www.daisho.be\/de\/produit\/judogi-hose-moskito-blau\/#primaryimage\",\"url\":\"https:\/\/www.daisho.be\/wp-content\/uploads\/2024\/08\/image-26.jpg\",\"contentUrl\":\"https:\/\/www.daisho.be\/wp-content\/uploads\/2024\/08\/image-26.jpg\",\"width\":800,\"height\":1280},{\"@type\":\"BreadcrumbList\",\"@id\":\"https:\/\/www.daisho.be\/de\/produit\/judogi-hose-moskito-blau\/#breadcrumb\",\"itemListElement\":[{\"@type\":\"ListItem\",\"position\":1,\"name\":\"Accueil\",\"item\":\"https:\/\/www.daisho.be\/de\/\"},{\"@type\":\"ListItem\",\"position\":2,\"name\":\"Produkte\",\"item\":\"https:\/\/www.daisho.be\/de\/produkte\/\"},{\"@type\":\"ListItem\",\"position\":3,\"name\":\"Ausr\u00fcstung und Kleidung f\u00fcr Kampfkunst und Kampfsport\",\"item\":\"https:\/\/www.daisho.be\/de\/categorie-produit\/ausrustung-und-kleidung-fur-kampfkunst-und-kampfsport\/\"},{\"@type\":\"ListItem\",\"position\":4,\"name\":\"A\u00efkido\",\"item\":\"https:\/\/www.daisho.be\/de\/categorie-produit\/ausrustung-und-kleidung-fur-kampfkunst-und-kampfsport\/aikido-de\/\"},{\"@type\":\"ListItem\",\"position\":5,\"name\":\"Aikido Kimonos\",\"item\":\"https:\/\/www.daisho.be\/de\/categorie-produit\/ausrustung-und-kleidung-fur-kampfkunst-und-kampfsport\/aikido-de\/aikido-kimonos-de\/\"},{\"@type\":\"ListItem\",\"position\":6,\"name\":\"JUDOGI-HOSE MOSKITO BLAU\"}]},{\"@type\":\"WebSite\",\"@id\":\"https:\/\/www.daisho.be\/de\/#website\",\"url\":\"https:\/\/www.daisho.be\/de\/\",\"name\":\"Daisho\",\"description\":\"Sp&eacute;cialiste de l'&eacute;quipement sportif d'arts martiaux\",\"publisher\":{\"@id\":\"https:\/\/www.daisho.be\/de\/#organization\"},\"potentialAction\":[{\"@type\":\"SearchAction\",\"target\":{\"@type\":\"EntryPoint\",\"urlTemplate\":\"https:\/\/www.daisho.be\/de\/?s={search_term_string}\"},\"query-input\":{\"@type\":\"PropertyValueSpecification\",\"valueRequired\":true,\"valueName\":\"search_term_string\"}}],\"inLanguage\":\"de\"},{\"@type\":\"Organization\",\"@id\":\"https:\/\/www.daisho.be\/de\/#organization\",\"name\":\"Daisho\",\"url\":\"https:\/\/www.daisho.be\/de\/\",\"logo\":{\"@type\":\"ImageObject\",\"inLanguage\":\"de\",\"@id\":\"https:\/\/www.daisho.be\/de\/#\/schema\/logo\/image\/\",\"url\":\"https:\/\/www.daisho.be\/wp-content\/uploads\/2019\/07\/color-nothing-horizontale4x-e1564486100247.png\",\"contentUrl\":\"https:\/\/www.daisho.be\/wp-content\/uploads\/2019\/07\/color-nothing-horizontale4x-e1564486100247.png\",\"width\":1547,\"height\":385,\"caption\":\"Daisho\"},\"image\":{\"@id\":\"https:\/\/www.daisho.be\/de\/#\/schema\/logo\/image\/\"}}]}<\/script>\n<!-- \/ Yoast SEO plugin. -->","yoast_head_json":{"title":"JUDOGI-HOSE MOSKITO BLAU &#8211; Daisho","robots":{"index":"index","follow":"follow","max-snippet":"max-snippet:-1","max-image-preview":"max-image-preview:large","max-video-preview":"max-video-preview:-1"},"canonical":"https:\/\/www.daisho.be\/de\/produit\/judogi-hose-moskito-blau\/","og_locale":"de_DE","og_type":"article","og_title":"JUDOGI-HOSE MOSKITO BLAU &#8211; Daisho","og_description":"Judohose, MOSKITO, Slim Fit Diese hochwertige Judohose f\u00fcr Wettk\u00e4mpfe aus 100% Baumwolle ist die ideale Wahl f\u00fcr den ambitionierten Judoka. Die Hose ist in Slim Fit (S) und Regular Fit erh\u00e4ltlich, so dass Sie die Passform w\u00e4hlen k\u00f6nnen, die Ihnen am besten passt. Mix &amp; Match-System: Sie haben die M\u00f6glichkeit, die passende Judojacke separat zu [&hellip;]","og_url":"https:\/\/www.daisho.be\/de\/produit\/judogi-hose-moskito-blau\/","og_site_name":"Daisho","og_image":[{"width":800,"height":1280,"url":"https:\/\/www.daisho.be\/wp-content\/uploads\/2024\/08\/image-26.jpg","type":"image\/jpeg"}],"twitter_card":"summary_large_image","twitter_misc":{"Gesch\u00e4tzte Lesezeit":"1\u00a0Minute"},"schema":{"@context":"https:\/\/schema.org","@graph":[{"@type":"WebPage","@id":"https:\/\/www.daisho.be\/de\/produit\/judogi-hose-moskito-blau\/","url":"https:\/\/www.daisho.be\/de\/produit\/judogi-hose-moskito-blau\/","name":"JUDOGI-HOSE MOSKITO BLAU &#8211; Daisho","isPartOf":{"@id":"https:\/\/www.daisho.be\/de\/#website"},"primaryImageOfPage":{"@id":"https:\/\/www.daisho.be\/de\/produit\/judogi-hose-moskito-blau\/#primaryimage"},"image":{"@id":"https:\/\/www.daisho.be\/de\/produit\/judogi-hose-moskito-blau\/#primaryimage"},"thumbnailUrl":"https:\/\/www.daisho.be\/wp-content\/uploads\/2024\/08\/image-26.jpg","datePublished":"2024-08-07T10:46:30+00:00","breadcrumb":{"@id":"https:\/\/www.daisho.be\/de\/produit\/judogi-hose-moskito-blau\/#breadcrumb"},"inLanguage":"de","potentialAction":[{"@type":"ReadAction","target":["https:\/\/www.daisho.be\/de\/produit\/judogi-hose-moskito-blau\/"]}]},{"@type":"ImageObject","inLanguage":"de","@id":"https:\/\/www.daisho.be\/de\/produit\/judogi-hose-moskito-blau\/#primaryimage","url":"https:\/\/www.daisho.be\/wp-content\/uploads\/2024\/08\/image-26.jpg","contentUrl":"https:\/\/www.daisho.be\/wp-content\/uploads\/2024\/08\/image-26.jpg","width":800,"height":1280},{"@type":"BreadcrumbList","@id":"https:\/\/www.daisho.be\/de\/produit\/judogi-hose-moskito-blau\/#breadcrumb","itemListElement":[{"@type":"ListItem","position":1,"name":"Accueil","item":"https:\/\/www.daisho.be\/de\/"},{"@type":"ListItem","position":2,"name":"Produkte","item":"https:\/\/www.daisho.be\/de\/produkte\/"},{"@type":"ListItem","position":3,"name":"Ausr\u00fcstung und Kleidung f\u00fcr Kampfkunst und Kampfsport","item":"https:\/\/www.daisho.be\/de\/categorie-produit\/ausrustung-und-kleidung-fur-kampfkunst-und-kampfsport\/"},{"@type":"ListItem","position":4,"name":"A\u00efkido","item":"https:\/\/www.daisho.be\/de\/categorie-produit\/ausrustung-und-kleidung-fur-kampfkunst-und-kampfsport\/aikido-de\/"},{"@type":"ListItem","position":5,"name":"Aikido Kimonos","item":"https:\/\/www.daisho.be\/de\/categorie-produit\/ausrustung-und-kleidung-fur-kampfkunst-und-kampfsport\/aikido-de\/aikido-kimonos-de\/"},{"@type":"ListItem","position":6,"name":"JUDOGI-HOSE MOSKITO BLAU"}]},{"@type":"WebSite","@id":"https:\/\/www.daisho.be\/de\/#website","url":"https:\/\/www.daisho.be\/de\/","name":"Daisho","description":"Sp&eacute;cialiste de l'&eacute;quipement sportif d'arts martiaux","publisher":{"@id":"https:\/\/www.daisho.be\/de\/#organization"},"potentialAction":[{"@type":"SearchAction","target":{"@type":"EntryPoint","urlTemplate":"https:\/\/www.daisho.be\/de\/?s={search_term_string}"},"query-input":{"@type":"PropertyValueSpecification","valueRequired":true,"valueName":"search_term_string"}}],"inLanguage":"de"},{"@type":"Organization","@id":"https:\/\/www.daisho.be\/de\/#organization","name":"Daisho","url":"https:\/\/www.daisho.be\/de\/","logo":{"@type":"ImageObject","inLanguage":"de","@id":"https:\/\/www.daisho.be\/de\/#\/schema\/logo\/image\/","url":"https:\/\/www.daisho.be\/wp-content\/uploads\/2019\/07\/color-nothing-horizontale4x-e1564486100247.png","contentUrl":"https:\/\/www.daisho.be\/wp-content\/uploads\/2019\/07\/color-nothing-horizontale4x-e1564486100247.png","width":1547,"height":385,"caption":"Daisho"},"image":{"@id":"https:\/\/www.daisho.be\/de\/#\/schema\/logo\/image\/"}}]}},"_links":{"self":[{"href":"https:\/\/www.daisho.be\/de\/wp-json\/wp\/v2\/product\/463259","targetHints":{"allow":["GET"]}}],"collection":[{"href":"https:\/\/www.daisho.be\/de\/wp-json\/wp\/v2\/product"}],"about":[{"href":"https:\/\/www.daisho.be\/de\/wp-json\/wp\/v2\/types\/product"}],"replies":[{"embeddable":true,"href":"https:\/\/www.daisho.be\/de\/wp-json\/wp\/v2\/comments?post=463259"}],"wp:featuredmedia":[{"embeddable":true,"href":"https:\/\/www.daisho.be\/de\/wp-json\/wp\/v2\/media\/463273"}],"wp:attachment":[{"href":"https:\/\/www.daisho.be\/de\/wp-json\/wp\/v2\/media?parent=463259"}],"wp:term":[{"taxonomy":"product_brand","embeddable":true,"href":"https:\/\/www.daisho.be\/de\/wp-json\/wp\/v2\/product_brand?post=463259"},{"taxonomy":"product_cat","embeddable":true,"href":"https:\/\/www.daisho.be\/de\/wp-json\/wp\/v2\/product_cat?post=463259"},{"taxonomy":"product_tag","embeddable":true,"href":"https:\/\/www.daisho.be\/de\/wp-json\/wp\/v2\/product_tag?post=463259"},{"taxonomy":"sport","embeddable":true,"href":"https:\/\/www.daisho.be\/de\/wp-json\/wp\/v2\/sport?post=463259"}],"curies":[{"name":"wp","href":"https:\/\/api.w.org\/{rel}","templated":true}]}}