{"id":463230,"date":"2024-08-21T15:10:40","date_gmt":"2024-08-21T13:10:40","guid":{"rendered":"https:\/\/www.daisho.be\/produit\/judogi-adidas-champion-iii-weiss-ijf-approved\/"},"modified":"2025-12-22T15:55:16","modified_gmt":"2025-12-22T14:55:16","slug":"judogi-adidas-champion-iii-weiss-ijf-approved","status":"publish","type":"product","link":"https:\/\/www.daisho.be\/de\/produit\/judogi-adidas-champion-iii-weiss-ijf-approved\/","title":{"rendered":"Judogi adidas Champion III Wei\u00df IJF Approved"},"content":{"rendered":"<p>Dieser adidas Judogi ist f\u00fcr Champions gemacht. Die Jacke besteht aus 75% Baumwolle und 25% Polyester, die Hose aus 100% Baumwolle.<br \/>\nDie verwendete Baumwolle wird auf einzigartige Weise verarbeitet, so dass der Judogi nicht schrumpft. Au\u00dferdem ist der Judogi an verschiedenen Stellen verst\u00e4rkt, um die Haltbarkeit zu erh\u00f6hen.<br \/>\nDer Bund der Jacke ist 4 cm breit und 1 cm dick, gem\u00e4\u00df den offiziellen IJF-Regeln.<br \/>\nDie Hose hat eine Schn\u00fcrung, damit sie an Ort und Stelle bleibt. Auf den Schultern sind die adidas-Streifen mit Logo eingestickt, am unteren Rand der Jacke befindet sich das offizielle IJF-Logo.<br \/>\nVorteile:<br \/>\n&#8211; Schrumpft nicht<br \/>\n&#8211; Offizieller Judogi mit IJF-Zulassung<br \/>\n&#8211; Jacke aus 75% Baumwolle und 25% Polyester<br \/>\n&#8211; Hose aus 100% Baumwolle<br \/>\n&#8211; Extra verst\u00e4rkt an mehreren Stellen<br \/>\n&#8211; Dieser Judogi mit einem Gewicht von ca. 730 g\/m2 ist bei internationalen Judo-Wettk\u00e4mpfen Pflicht.   <\/p>\n","protected":false},"excerpt":{"rendered":"<p>Dieser adidas Judogi ist f\u00fcr Champions gemacht. Die Jacke besteht aus 75% Baumwolle und 25% Polyester, die Hose aus 100% Baumwolle. Die verwendete Baumwolle wird auf einzigartige Weise verarbeitet, so dass der Judogi nicht schrumpft. Au\u00dferdem ist der Judogi an verschiedenen Stellen verst\u00e4rkt, um die Haltbarkeit zu erh\u00f6hen. Der Bund der Jacke ist 4 cm [&hellip;]<\/p>\n","protected":false},"featured_media":463241,"comment_status":"open","ping_status":"closed","template":"","meta":{"inline_featured_image":false},"product_brand":[],"product_cat":[2230,2128,2287,2186],"product_tag":[2178],"sport":[],"class_list":{"0":"post-463230","1":"product","2":"type-product","3":"status-publish","4":"has-post-thumbnail","6":"product_cat-judo-kimonos-de","7":"product_cat-jujitsu-kimono-de","8":"product_cat-kimono-judogi-adidas-de","9":"product_cat-kimono-keikogi-fur-jiu-jitsu","10":"product_tag-adidas-de","11":"pa_size-380","12":"pa_size-388","13":"pa_size-379","14":"pa_size-387","15":"pa_size-378","16":"pa_size-386","17":"pa_size-377","18":"pa_size-385","19":"pa_size-376","20":"pa_size-384","21":"pa_size-383","23":"first","24":"instock","25":"taxable","26":"shipping-taxable","27":"purchasable","28":"product-type-variable"},"yoast_head":"<!-- This site is optimized with the Yoast SEO plugin v27.2 - https:\/\/yoast.com\/product\/yoast-seo-wordpress\/ -->\n<title>Judogi adidas Champion III Wei\u00df IJF Approved &#8211; Daisho<\/title>\n<meta name=\"description\" content=\"Suchen Sie einen von der IJF anerkannten Judogi? Schauen Sie sich den Adidas Champion III auf unserer Website www.daisho.be\/Daisho an.\" \/>\n<meta name=\"robots\" content=\"index, follow, max-snippet:-1, max-image-preview:large, max-video-preview:-1\" \/>\n<link rel=\"canonical\" href=\"https:\/\/www.daisho.be\/de\/produit\/judogi-adidas-champion-iii-weiss-ijf-approved\/\" \/>\n<meta property=\"og:locale\" content=\"de_DE\" \/>\n<meta property=\"og:type\" content=\"article\" \/>\n<meta property=\"og:title\" content=\"Judogi adidas Champion III Wei\u00df IJF Approved &#8211; Daisho\" \/>\n<meta property=\"og:description\" content=\"Suchen Sie einen von der IJF anerkannten Judogi? Schauen Sie sich den Adidas Champion III auf unserer Website www.daisho.be\/Daisho an.\" \/>\n<meta property=\"og:url\" content=\"https:\/\/www.daisho.be\/de\/produit\/judogi-adidas-champion-iii-weiss-ijf-approved\/\" \/>\n<meta property=\"og:site_name\" content=\"Daisho\" \/>\n<meta property=\"article:modified_time\" content=\"2025-12-22T14:55:16+00:00\" \/>\n<meta property=\"og:image\" content=\"https:\/\/www.daisho.be\/wp-content\/uploads\/2024\/08\/image-50.jpg\" \/>\n\t<meta property=\"og:image:width\" content=\"729\" \/>\n\t<meta property=\"og:image:height\" content=\"704\" \/>\n\t<meta property=\"og:image:type\" content=\"image\/jpeg\" \/>\n<meta name=\"twitter:card\" content=\"summary_large_image\" \/>\n<meta name=\"twitter:label1\" content=\"Gesch\u00e4tzte Lesezeit\" \/>\n\t<meta name=\"twitter:data1\" content=\"1\u00a0Minute\" \/>\n<script type=\"application\/ld+json\" class=\"yoast-schema-graph\">{\"@context\":\"https:\/\/schema.org\",\"@graph\":[{\"@type\":\"WebPage\",\"@id\":\"https:\/\/www.daisho.be\/de\/produit\/judogi-adidas-champion-iii-weiss-ijf-approved\/\",\"url\":\"https:\/\/www.daisho.be\/de\/produit\/judogi-adidas-champion-iii-weiss-ijf-approved\/\",\"name\":\"Judogi adidas Champion III Wei\u00df IJF Approved &#8211; Daisho\",\"isPartOf\":{\"@id\":\"https:\/\/www.daisho.be\/de\/#website\"},\"primaryImageOfPage\":{\"@id\":\"https:\/\/www.daisho.be\/de\/produit\/judogi-adidas-champion-iii-weiss-ijf-approved\/#primaryimage\"},\"image\":{\"@id\":\"https:\/\/www.daisho.be\/de\/produit\/judogi-adidas-champion-iii-weiss-ijf-approved\/#primaryimage\"},\"thumbnailUrl\":\"https:\/\/www.daisho.be\/wp-content\/uploads\/2024\/08\/image-50.jpg\",\"datePublished\":\"2024-08-21T13:10:40+00:00\",\"dateModified\":\"2025-12-22T14:55:16+00:00\",\"description\":\"Suchen Sie einen von der IJF anerkannten Judogi? Schauen Sie sich den Adidas Champion III auf unserer Website www.daisho.be\/Daisho an.\",\"breadcrumb\":{\"@id\":\"https:\/\/www.daisho.be\/de\/produit\/judogi-adidas-champion-iii-weiss-ijf-approved\/#breadcrumb\"},\"inLanguage\":\"de\",\"potentialAction\":[{\"@type\":\"ReadAction\",\"target\":[\"https:\/\/www.daisho.be\/de\/produit\/judogi-adidas-champion-iii-weiss-ijf-approved\/\"]}]},{\"@type\":\"ImageObject\",\"inLanguage\":\"de\",\"@id\":\"https:\/\/www.daisho.be\/de\/produit\/judogi-adidas-champion-iii-weiss-ijf-approved\/#primaryimage\",\"url\":\"https:\/\/www.daisho.be\/wp-content\/uploads\/2024\/08\/image-50.jpg\",\"contentUrl\":\"https:\/\/www.daisho.be\/wp-content\/uploads\/2024\/08\/image-50.jpg\",\"width\":729,\"height\":704,\"caption\":\"Judogi adidas Champion III Wei\u00df IJF Approved-1\"},{\"@type\":\"BreadcrumbList\",\"@id\":\"https:\/\/www.daisho.be\/de\/produit\/judogi-adidas-champion-iii-weiss-ijf-approved\/#breadcrumb\",\"itemListElement\":[{\"@type\":\"ListItem\",\"position\":1,\"name\":\"Accueil\",\"item\":\"https:\/\/www.daisho.be\/de\/\"},{\"@type\":\"ListItem\",\"position\":2,\"name\":\"Produkte\",\"item\":\"https:\/\/www.daisho.be\/de\/produkte\/\"},{\"@type\":\"ListItem\",\"position\":3,\"name\":\"Ausr\u00fcstung und Kleidung f\u00fcr Kampfkunst und Kampfsport\",\"item\":\"https:\/\/www.daisho.be\/de\/categorie-produit\/ausrustung-und-kleidung-fur-kampfkunst-und-kampfsport\/\"},{\"@type\":\"ListItem\",\"position\":4,\"name\":\"Judo\",\"item\":\"https:\/\/www.daisho.be\/de\/categorie-produit\/ausrustung-und-kleidung-fur-kampfkunst-und-kampfsport\/judo-de-2\/\"},{\"@type\":\"ListItem\",\"position\":5,\"name\":\"Judo-Kimonos\",\"item\":\"https:\/\/www.daisho.be\/de\/categorie-produit\/ausrustung-und-kleidung-fur-kampfkunst-und-kampfsport\/judo-de-2\/judo-kimonos-de\/\"},{\"@type\":\"ListItem\",\"position\":6,\"name\":\"Judogi adidas Champion III Wei\u00df IJF Approved\"}]},{\"@type\":\"WebSite\",\"@id\":\"https:\/\/www.daisho.be\/de\/#website\",\"url\":\"https:\/\/www.daisho.be\/de\/\",\"name\":\"Daisho\",\"description\":\"Sp&eacute;cialiste de l'&eacute;quipement sportif d'arts martiaux\",\"publisher\":{\"@id\":\"https:\/\/www.daisho.be\/de\/#organization\"},\"potentialAction\":[{\"@type\":\"SearchAction\",\"target\":{\"@type\":\"EntryPoint\",\"urlTemplate\":\"https:\/\/www.daisho.be\/de\/?s={search_term_string}\"},\"query-input\":{\"@type\":\"PropertyValueSpecification\",\"valueRequired\":true,\"valueName\":\"search_term_string\"}}],\"inLanguage\":\"de\"},{\"@type\":\"Organization\",\"@id\":\"https:\/\/www.daisho.be\/de\/#organization\",\"name\":\"Daisho\",\"url\":\"https:\/\/www.daisho.be\/de\/\",\"logo\":{\"@type\":\"ImageObject\",\"inLanguage\":\"de\",\"@id\":\"https:\/\/www.daisho.be\/de\/#\/schema\/logo\/image\/\",\"url\":\"https:\/\/www.daisho.be\/wp-content\/uploads\/2019\/07\/color-nothing-horizontale4x-e1564486100247.png\",\"contentUrl\":\"https:\/\/www.daisho.be\/wp-content\/uploads\/2019\/07\/color-nothing-horizontale4x-e1564486100247.png\",\"width\":1547,\"height\":385,\"caption\":\"Daisho\"},\"image\":{\"@id\":\"https:\/\/www.daisho.be\/de\/#\/schema\/logo\/image\/\"}}]}<\/script>\n<!-- \/ Yoast SEO plugin. -->","yoast_head_json":{"title":"Judogi adidas Champion III Wei\u00df IJF Approved &#8211; Daisho","description":"Suchen Sie einen von der IJF anerkannten Judogi? Schauen Sie sich den Adidas Champion III auf unserer Website www.daisho.be\/Daisho an.","robots":{"index":"index","follow":"follow","max-snippet":"max-snippet:-1","max-image-preview":"max-image-preview:large","max-video-preview":"max-video-preview:-1"},"canonical":"https:\/\/www.daisho.be\/de\/produit\/judogi-adidas-champion-iii-weiss-ijf-approved\/","og_locale":"de_DE","og_type":"article","og_title":"Judogi adidas Champion III Wei\u00df IJF Approved &#8211; Daisho","og_description":"Suchen Sie einen von der IJF anerkannten Judogi? Schauen Sie sich den Adidas Champion III auf unserer Website www.daisho.be\/Daisho an.","og_url":"https:\/\/www.daisho.be\/de\/produit\/judogi-adidas-champion-iii-weiss-ijf-approved\/","og_site_name":"Daisho","article_modified_time":"2025-12-22T14:55:16+00:00","og_image":[{"width":729,"height":704,"url":"https:\/\/www.daisho.be\/wp-content\/uploads\/2024\/08\/image-50.jpg","type":"image\/jpeg"}],"twitter_card":"summary_large_image","twitter_misc":{"Gesch\u00e4tzte Lesezeit":"1\u00a0Minute"},"schema":{"@context":"https:\/\/schema.org","@graph":[{"@type":"WebPage","@id":"https:\/\/www.daisho.be\/de\/produit\/judogi-adidas-champion-iii-weiss-ijf-approved\/","url":"https:\/\/www.daisho.be\/de\/produit\/judogi-adidas-champion-iii-weiss-ijf-approved\/","name":"Judogi adidas Champion III Wei\u00df IJF Approved &#8211; Daisho","isPartOf":{"@id":"https:\/\/www.daisho.be\/de\/#website"},"primaryImageOfPage":{"@id":"https:\/\/www.daisho.be\/de\/produit\/judogi-adidas-champion-iii-weiss-ijf-approved\/#primaryimage"},"image":{"@id":"https:\/\/www.daisho.be\/de\/produit\/judogi-adidas-champion-iii-weiss-ijf-approved\/#primaryimage"},"thumbnailUrl":"https:\/\/www.daisho.be\/wp-content\/uploads\/2024\/08\/image-50.jpg","datePublished":"2024-08-21T13:10:40+00:00","dateModified":"2025-12-22T14:55:16+00:00","description":"Suchen Sie einen von der IJF anerkannten Judogi? Schauen Sie sich den Adidas Champion III auf unserer Website www.daisho.be\/Daisho an.","breadcrumb":{"@id":"https:\/\/www.daisho.be\/de\/produit\/judogi-adidas-champion-iii-weiss-ijf-approved\/#breadcrumb"},"inLanguage":"de","potentialAction":[{"@type":"ReadAction","target":["https:\/\/www.daisho.be\/de\/produit\/judogi-adidas-champion-iii-weiss-ijf-approved\/"]}]},{"@type":"ImageObject","inLanguage":"de","@id":"https:\/\/www.daisho.be\/de\/produit\/judogi-adidas-champion-iii-weiss-ijf-approved\/#primaryimage","url":"https:\/\/www.daisho.be\/wp-content\/uploads\/2024\/08\/image-50.jpg","contentUrl":"https:\/\/www.daisho.be\/wp-content\/uploads\/2024\/08\/image-50.jpg","width":729,"height":704,"caption":"Judogi adidas Champion III Wei\u00df IJF Approved-1"},{"@type":"BreadcrumbList","@id":"https:\/\/www.daisho.be\/de\/produit\/judogi-adidas-champion-iii-weiss-ijf-approved\/#breadcrumb","itemListElement":[{"@type":"ListItem","position":1,"name":"Accueil","item":"https:\/\/www.daisho.be\/de\/"},{"@type":"ListItem","position":2,"name":"Produkte","item":"https:\/\/www.daisho.be\/de\/produkte\/"},{"@type":"ListItem","position":3,"name":"Ausr\u00fcstung und Kleidung f\u00fcr Kampfkunst und Kampfsport","item":"https:\/\/www.daisho.be\/de\/categorie-produit\/ausrustung-und-kleidung-fur-kampfkunst-und-kampfsport\/"},{"@type":"ListItem","position":4,"name":"Judo","item":"https:\/\/www.daisho.be\/de\/categorie-produit\/ausrustung-und-kleidung-fur-kampfkunst-und-kampfsport\/judo-de-2\/"},{"@type":"ListItem","position":5,"name":"Judo-Kimonos","item":"https:\/\/www.daisho.be\/de\/categorie-produit\/ausrustung-und-kleidung-fur-kampfkunst-und-kampfsport\/judo-de-2\/judo-kimonos-de\/"},{"@type":"ListItem","position":6,"name":"Judogi adidas Champion III Wei\u00df IJF Approved"}]},{"@type":"WebSite","@id":"https:\/\/www.daisho.be\/de\/#website","url":"https:\/\/www.daisho.be\/de\/","name":"Daisho","description":"Sp&eacute;cialiste de l'&eacute;quipement sportif d'arts martiaux","publisher":{"@id":"https:\/\/www.daisho.be\/de\/#organization"},"potentialAction":[{"@type":"SearchAction","target":{"@type":"EntryPoint","urlTemplate":"https:\/\/www.daisho.be\/de\/?s={search_term_string}"},"query-input":{"@type":"PropertyValueSpecification","valueRequired":true,"valueName":"search_term_string"}}],"inLanguage":"de"},{"@type":"Organization","@id":"https:\/\/www.daisho.be\/de\/#organization","name":"Daisho","url":"https:\/\/www.daisho.be\/de\/","logo":{"@type":"ImageObject","inLanguage":"de","@id":"https:\/\/www.daisho.be\/de\/#\/schema\/logo\/image\/","url":"https:\/\/www.daisho.be\/wp-content\/uploads\/2019\/07\/color-nothing-horizontale4x-e1564486100247.png","contentUrl":"https:\/\/www.daisho.be\/wp-content\/uploads\/2019\/07\/color-nothing-horizontale4x-e1564486100247.png","width":1547,"height":385,"caption":"Daisho"},"image":{"@id":"https:\/\/www.daisho.be\/de\/#\/schema\/logo\/image\/"}}]}},"_links":{"self":[{"href":"https:\/\/www.daisho.be\/de\/wp-json\/wp\/v2\/product\/463230","targetHints":{"allow":["GET"]}}],"collection":[{"href":"https:\/\/www.daisho.be\/de\/wp-json\/wp\/v2\/product"}],"about":[{"href":"https:\/\/www.daisho.be\/de\/wp-json\/wp\/v2\/types\/product"}],"replies":[{"embeddable":true,"href":"https:\/\/www.daisho.be\/de\/wp-json\/wp\/v2\/comments?post=463230"}],"wp:featuredmedia":[{"embeddable":true,"href":"https:\/\/www.daisho.be\/de\/wp-json\/wp\/v2\/media\/463241"}],"wp:attachment":[{"href":"https:\/\/www.daisho.be\/de\/wp-json\/wp\/v2\/media?parent=463230"}],"wp:term":[{"taxonomy":"product_brand","embeddable":true,"href":"https:\/\/www.daisho.be\/de\/wp-json\/wp\/v2\/product_brand?post=463230"},{"taxonomy":"product_cat","embeddable":true,"href":"https:\/\/www.daisho.be\/de\/wp-json\/wp\/v2\/product_cat?post=463230"},{"taxonomy":"product_tag","embeddable":true,"href":"https:\/\/www.daisho.be\/de\/wp-json\/wp\/v2\/product_tag?post=463230"},{"taxonomy":"sport","embeddable":true,"href":"https:\/\/www.daisho.be\/de\/wp-json\/wp\/v2\/sport?post=463230"}],"curies":[{"name":"wp","href":"https:\/\/api.w.org\/{rel}","templated":true}]}}