{"id":463134,"date":"2024-08-09T13:33:44","date_gmt":"2024-08-09T11:33:44","guid":{"rendered":"https:\/\/www.daisho.be\/produit\/judogi-adidas-j690-quest-weiss-rot\/"},"modified":"2026-01-09T16:28:16","modified_gmt":"2026-01-09T15:28:16","slug":"judogi-adidas-j690-quest-weiss-rot","status":"publish","type":"product","link":"https:\/\/www.daisho.be\/de\/produit\/judogi-adidas-j690-quest-weiss-rot\/","title":{"rendered":"Judogi Adidas J690 Quest Wei\u00df\/Rot"},"content":{"rendered":"<p>Der adidas Judo J690 Quest Judogi ist sowohl f\u00fcr Anf\u00e4nger als auch f\u00fcr fortgeschrittene Judoka geeignet.<\/p>\n<p>Der Judogi ist doppelt gewebt und an mehreren Stellen verst\u00e4rkt. Die Jacke und die Hose bestehen zu 60 % aus Baumwolle und zu 40 % aus Polyester, so dass der Judogi so wenig wie m\u00f6glich schrumpft. <\/p>\n<p>Die Hose hat einen elastischen Bund f\u00fcr zus\u00e4tzlichen Komfort.<\/p>\n<p>Der Judogi ist eng geschnitten, so dass er gut um Ihren K\u00f6rper herum passt.<\/p>\n<p>Die Hose hat eine Schn\u00fcrung, damit sie an Ort und Stelle bleibt. Die adidas-Streifen mit Logo sind auf die Schultern gestickt. <\/p>\n<p>Beschreibung :<\/p>\n<p>Gewicht: 690g<\/p>\n<p>Judogi f\u00fcr Wettkampf und Training f\u00fcr Kinder und Erwachsene.<\/p>\n<p>Dichtes Reiskorngewebe aus 60% Baumwolle und 40% Polyester<\/p>\n<p>Sublimiertes Innenfutter auf den Schultern<\/p>\n<p>Neuer verst\u00e4rkter Kragen mit 6 Reihen von N\u00e4hten<\/p>\n<p>Neuer, k\u00f6rperbetonterer Schnitt<\/p>\n<p>Traditioneller Schn\u00fcrverschluss an der Taille<\/p>\n<p>NB: G\u00fcrtel nicht im Lieferumfang enthalten<\/p>\n","protected":false},"excerpt":{"rendered":"<p>Der adidas Judo J690 Quest Judogi ist sowohl f\u00fcr Anf\u00e4nger als auch f\u00fcr fortgeschrittene Judoka geeignet. Der Judogi ist doppelt gewebt und an mehreren Stellen verst\u00e4rkt. Die Jacke und die Hose bestehen zu 60 % aus Baumwolle und zu 40 % aus Polyester, so dass der Judogi so wenig wie m\u00f6glich schrumpft. Die Hose hat [&hellip;]<\/p>\n","protected":false},"featured_media":463142,"comment_status":"open","ping_status":"closed","template":"","meta":{"inline_featured_image":false},"product_brand":[],"product_cat":[2230,2128,2287,2118],"product_tag":[2178],"sport":[],"class_list":{"0":"post-463134","1":"product","2":"type-product","3":"status-publish","4":"has-post-thumbnail","6":"product_cat-judo-kimonos-de","7":"product_cat-jujitsu-kimono-de","8":"product_cat-kimono-judogi-adidas-de","9":"product_cat-kleidung-kimonos","10":"product_tag-adidas-de","11":"pa_size-380","12":"pa_size-388","13":"pa_size-379","14":"pa_size-378","15":"pa_size-386","16":"pa_size-377","17":"pa_size-385","18":"pa_size-376","19":"pa_size-384","20":"pa_size-383","22":"first","23":"instock","24":"taxable","25":"shipping-taxable","26":"purchasable","27":"product-type-variable"},"yoast_head":"<!-- This site is optimized with the Yoast SEO plugin v27.2 - https:\/\/yoast.com\/product\/yoast-seo-wordpress\/ -->\n<title>Judogi Adidas J690 Quest Wei\u00df\/Rot &#8211; Daisho<\/title>\n<meta name=\"description\" content=\"Neuling im Judosport? Der Adidas Gi J690 bietet Ihnen Komfort, Haltbarkeit und Stil f\u00fcr Ihr Training. Sie finden es auf www.daisho.be\/Daisho\" \/>\n<meta name=\"robots\" content=\"index, follow, max-snippet:-1, max-image-preview:large, max-video-preview:-1\" \/>\n<link rel=\"canonical\" href=\"https:\/\/www.daisho.be\/de\/produit\/judogi-adidas-j690-quest-weiss-rot\/\" \/>\n<meta property=\"og:locale\" content=\"de_DE\" \/>\n<meta property=\"og:type\" content=\"article\" \/>\n<meta property=\"og:title\" content=\"Judogi Adidas J690 Quest Wei\u00df\/Rot &#8211; Daisho\" \/>\n<meta property=\"og:description\" content=\"Neuling im Judosport? Der Adidas Gi J690 bietet Ihnen Komfort, Haltbarkeit und Stil f\u00fcr Ihr Training. Sie finden es auf www.daisho.be\/Daisho\" \/>\n<meta property=\"og:url\" content=\"https:\/\/www.daisho.be\/de\/produit\/judogi-adidas-j690-quest-weiss-rot\/\" \/>\n<meta property=\"og:site_name\" content=\"Daisho\" \/>\n<meta property=\"article:modified_time\" content=\"2026-01-09T15:28:16+00:00\" \/>\n<meta property=\"og:image\" content=\"https:\/\/www.daisho.be\/wp-content\/uploads\/2024\/08\/image-40.jpg\" \/>\n\t<meta property=\"og:image:width\" content=\"1000\" \/>\n\t<meta property=\"og:image:height\" content=\"1000\" \/>\n\t<meta property=\"og:image:type\" content=\"image\/jpeg\" \/>\n<meta name=\"twitter:card\" content=\"summary_large_image\" \/>\n<meta name=\"twitter:label1\" content=\"Gesch\u00e4tzte Lesezeit\" \/>\n\t<meta name=\"twitter:data1\" content=\"1\u00a0Minute\" \/>\n<script type=\"application\/ld+json\" class=\"yoast-schema-graph\">{\"@context\":\"https:\/\/schema.org\",\"@graph\":[{\"@type\":\"WebPage\",\"@id\":\"https:\/\/www.daisho.be\/de\/produit\/judogi-adidas-j690-quest-weiss-rot\/\",\"url\":\"https:\/\/www.daisho.be\/de\/produit\/judogi-adidas-j690-quest-weiss-rot\/\",\"name\":\"Judogi Adidas J690 Quest Wei\u00df\/Rot &#8211; Daisho\",\"isPartOf\":{\"@id\":\"https:\/\/www.daisho.be\/de\/#website\"},\"primaryImageOfPage\":{\"@id\":\"https:\/\/www.daisho.be\/de\/produit\/judogi-adidas-j690-quest-weiss-rot\/#primaryimage\"},\"image\":{\"@id\":\"https:\/\/www.daisho.be\/de\/produit\/judogi-adidas-j690-quest-weiss-rot\/#primaryimage\"},\"thumbnailUrl\":\"https:\/\/www.daisho.be\/wp-content\/uploads\/2024\/08\/image-40.jpg\",\"datePublished\":\"2024-08-09T11:33:44+00:00\",\"dateModified\":\"2026-01-09T15:28:16+00:00\",\"description\":\"Neuling im Judosport? Der Adidas Gi J690 bietet Ihnen Komfort, Haltbarkeit und Stil f\u00fcr Ihr Training. Sie finden es auf www.daisho.be\/Daisho\",\"breadcrumb\":{\"@id\":\"https:\/\/www.daisho.be\/de\/produit\/judogi-adidas-j690-quest-weiss-rot\/#breadcrumb\"},\"inLanguage\":\"de\",\"potentialAction\":[{\"@type\":\"ReadAction\",\"target\":[\"https:\/\/www.daisho.be\/de\/produit\/judogi-adidas-j690-quest-weiss-rot\/\"]}]},{\"@type\":\"ImageObject\",\"inLanguage\":\"de\",\"@id\":\"https:\/\/www.daisho.be\/de\/produit\/judogi-adidas-j690-quest-weiss-rot\/#primaryimage\",\"url\":\"https:\/\/www.daisho.be\/wp-content\/uploads\/2024\/08\/image-40.jpg\",\"contentUrl\":\"https:\/\/www.daisho.be\/wp-content\/uploads\/2024\/08\/image-40.jpg\",\"width\":1000,\"height\":1000,\"caption\":\"Judogi Adidas J690 Quest Wei\u00df\/Rot-1\"},{\"@type\":\"BreadcrumbList\",\"@id\":\"https:\/\/www.daisho.be\/de\/produit\/judogi-adidas-j690-quest-weiss-rot\/#breadcrumb\",\"itemListElement\":[{\"@type\":\"ListItem\",\"position\":1,\"name\":\"Accueil\",\"item\":\"https:\/\/www.daisho.be\/de\/\"},{\"@type\":\"ListItem\",\"position\":2,\"name\":\"Produkte\",\"item\":\"https:\/\/www.daisho.be\/de\/produkte\/\"},{\"@type\":\"ListItem\",\"position\":3,\"name\":\"Ausr\u00fcstung und Kleidung f\u00fcr Kampfkunst und Kampfsport\",\"item\":\"https:\/\/www.daisho.be\/de\/categorie-produit\/ausrustung-und-kleidung-fur-kampfkunst-und-kampfsport\/\"},{\"@type\":\"ListItem\",\"position\":4,\"name\":\"Judo\",\"item\":\"https:\/\/www.daisho.be\/de\/categorie-produit\/ausrustung-und-kleidung-fur-kampfkunst-und-kampfsport\/judo-de-2\/\"},{\"@type\":\"ListItem\",\"position\":5,\"name\":\"Judo-Kimonos\",\"item\":\"https:\/\/www.daisho.be\/de\/categorie-produit\/ausrustung-und-kleidung-fur-kampfkunst-und-kampfsport\/judo-de-2\/judo-kimonos-de\/\"},{\"@type\":\"ListItem\",\"position\":6,\"name\":\"Judogi Adidas J690 Quest Wei\u00df\/Rot\"}]},{\"@type\":\"WebSite\",\"@id\":\"https:\/\/www.daisho.be\/de\/#website\",\"url\":\"https:\/\/www.daisho.be\/de\/\",\"name\":\"Daisho\",\"description\":\"Sp&eacute;cialiste de l'&eacute;quipement sportif d'arts martiaux\",\"publisher\":{\"@id\":\"https:\/\/www.daisho.be\/de\/#organization\"},\"potentialAction\":[{\"@type\":\"SearchAction\",\"target\":{\"@type\":\"EntryPoint\",\"urlTemplate\":\"https:\/\/www.daisho.be\/de\/?s={search_term_string}\"},\"query-input\":{\"@type\":\"PropertyValueSpecification\",\"valueRequired\":true,\"valueName\":\"search_term_string\"}}],\"inLanguage\":\"de\"},{\"@type\":\"Organization\",\"@id\":\"https:\/\/www.daisho.be\/de\/#organization\",\"name\":\"Daisho\",\"url\":\"https:\/\/www.daisho.be\/de\/\",\"logo\":{\"@type\":\"ImageObject\",\"inLanguage\":\"de\",\"@id\":\"https:\/\/www.daisho.be\/de\/#\/schema\/logo\/image\/\",\"url\":\"https:\/\/www.daisho.be\/wp-content\/uploads\/2019\/07\/color-nothing-horizontale4x-e1564486100247.png\",\"contentUrl\":\"https:\/\/www.daisho.be\/wp-content\/uploads\/2019\/07\/color-nothing-horizontale4x-e1564486100247.png\",\"width\":1547,\"height\":385,\"caption\":\"Daisho\"},\"image\":{\"@id\":\"https:\/\/www.daisho.be\/de\/#\/schema\/logo\/image\/\"}}]}<\/script>\n<!-- \/ Yoast SEO plugin. -->","yoast_head_json":{"title":"Judogi Adidas J690 Quest Wei\u00df\/Rot &#8211; Daisho","description":"Neuling im Judosport? Der Adidas Gi J690 bietet Ihnen Komfort, Haltbarkeit und Stil f\u00fcr Ihr Training. Sie finden es auf www.daisho.be\/Daisho","robots":{"index":"index","follow":"follow","max-snippet":"max-snippet:-1","max-image-preview":"max-image-preview:large","max-video-preview":"max-video-preview:-1"},"canonical":"https:\/\/www.daisho.be\/de\/produit\/judogi-adidas-j690-quest-weiss-rot\/","og_locale":"de_DE","og_type":"article","og_title":"Judogi Adidas J690 Quest Wei\u00df\/Rot &#8211; Daisho","og_description":"Neuling im Judosport? Der Adidas Gi J690 bietet Ihnen Komfort, Haltbarkeit und Stil f\u00fcr Ihr Training. Sie finden es auf www.daisho.be\/Daisho","og_url":"https:\/\/www.daisho.be\/de\/produit\/judogi-adidas-j690-quest-weiss-rot\/","og_site_name":"Daisho","article_modified_time":"2026-01-09T15:28:16+00:00","og_image":[{"width":1000,"height":1000,"url":"https:\/\/www.daisho.be\/wp-content\/uploads\/2024\/08\/image-40.jpg","type":"image\/jpeg"}],"twitter_card":"summary_large_image","twitter_misc":{"Gesch\u00e4tzte Lesezeit":"1\u00a0Minute"},"schema":{"@context":"https:\/\/schema.org","@graph":[{"@type":"WebPage","@id":"https:\/\/www.daisho.be\/de\/produit\/judogi-adidas-j690-quest-weiss-rot\/","url":"https:\/\/www.daisho.be\/de\/produit\/judogi-adidas-j690-quest-weiss-rot\/","name":"Judogi Adidas J690 Quest Wei\u00df\/Rot &#8211; Daisho","isPartOf":{"@id":"https:\/\/www.daisho.be\/de\/#website"},"primaryImageOfPage":{"@id":"https:\/\/www.daisho.be\/de\/produit\/judogi-adidas-j690-quest-weiss-rot\/#primaryimage"},"image":{"@id":"https:\/\/www.daisho.be\/de\/produit\/judogi-adidas-j690-quest-weiss-rot\/#primaryimage"},"thumbnailUrl":"https:\/\/www.daisho.be\/wp-content\/uploads\/2024\/08\/image-40.jpg","datePublished":"2024-08-09T11:33:44+00:00","dateModified":"2026-01-09T15:28:16+00:00","description":"Neuling im Judosport? Der Adidas Gi J690 bietet Ihnen Komfort, Haltbarkeit und Stil f\u00fcr Ihr Training. Sie finden es auf www.daisho.be\/Daisho","breadcrumb":{"@id":"https:\/\/www.daisho.be\/de\/produit\/judogi-adidas-j690-quest-weiss-rot\/#breadcrumb"},"inLanguage":"de","potentialAction":[{"@type":"ReadAction","target":["https:\/\/www.daisho.be\/de\/produit\/judogi-adidas-j690-quest-weiss-rot\/"]}]},{"@type":"ImageObject","inLanguage":"de","@id":"https:\/\/www.daisho.be\/de\/produit\/judogi-adidas-j690-quest-weiss-rot\/#primaryimage","url":"https:\/\/www.daisho.be\/wp-content\/uploads\/2024\/08\/image-40.jpg","contentUrl":"https:\/\/www.daisho.be\/wp-content\/uploads\/2024\/08\/image-40.jpg","width":1000,"height":1000,"caption":"Judogi Adidas J690 Quest Wei\u00df\/Rot-1"},{"@type":"BreadcrumbList","@id":"https:\/\/www.daisho.be\/de\/produit\/judogi-adidas-j690-quest-weiss-rot\/#breadcrumb","itemListElement":[{"@type":"ListItem","position":1,"name":"Accueil","item":"https:\/\/www.daisho.be\/de\/"},{"@type":"ListItem","position":2,"name":"Produkte","item":"https:\/\/www.daisho.be\/de\/produkte\/"},{"@type":"ListItem","position":3,"name":"Ausr\u00fcstung und Kleidung f\u00fcr Kampfkunst und Kampfsport","item":"https:\/\/www.daisho.be\/de\/categorie-produit\/ausrustung-und-kleidung-fur-kampfkunst-und-kampfsport\/"},{"@type":"ListItem","position":4,"name":"Judo","item":"https:\/\/www.daisho.be\/de\/categorie-produit\/ausrustung-und-kleidung-fur-kampfkunst-und-kampfsport\/judo-de-2\/"},{"@type":"ListItem","position":5,"name":"Judo-Kimonos","item":"https:\/\/www.daisho.be\/de\/categorie-produit\/ausrustung-und-kleidung-fur-kampfkunst-und-kampfsport\/judo-de-2\/judo-kimonos-de\/"},{"@type":"ListItem","position":6,"name":"Judogi Adidas J690 Quest Wei\u00df\/Rot"}]},{"@type":"WebSite","@id":"https:\/\/www.daisho.be\/de\/#website","url":"https:\/\/www.daisho.be\/de\/","name":"Daisho","description":"Sp&eacute;cialiste de l'&eacute;quipement sportif d'arts martiaux","publisher":{"@id":"https:\/\/www.daisho.be\/de\/#organization"},"potentialAction":[{"@type":"SearchAction","target":{"@type":"EntryPoint","urlTemplate":"https:\/\/www.daisho.be\/de\/?s={search_term_string}"},"query-input":{"@type":"PropertyValueSpecification","valueRequired":true,"valueName":"search_term_string"}}],"inLanguage":"de"},{"@type":"Organization","@id":"https:\/\/www.daisho.be\/de\/#organization","name":"Daisho","url":"https:\/\/www.daisho.be\/de\/","logo":{"@type":"ImageObject","inLanguage":"de","@id":"https:\/\/www.daisho.be\/de\/#\/schema\/logo\/image\/","url":"https:\/\/www.daisho.be\/wp-content\/uploads\/2019\/07\/color-nothing-horizontale4x-e1564486100247.png","contentUrl":"https:\/\/www.daisho.be\/wp-content\/uploads\/2019\/07\/color-nothing-horizontale4x-e1564486100247.png","width":1547,"height":385,"caption":"Daisho"},"image":{"@id":"https:\/\/www.daisho.be\/de\/#\/schema\/logo\/image\/"}}]}},"_links":{"self":[{"href":"https:\/\/www.daisho.be\/de\/wp-json\/wp\/v2\/product\/463134","targetHints":{"allow":["GET"]}}],"collection":[{"href":"https:\/\/www.daisho.be\/de\/wp-json\/wp\/v2\/product"}],"about":[{"href":"https:\/\/www.daisho.be\/de\/wp-json\/wp\/v2\/types\/product"}],"replies":[{"embeddable":true,"href":"https:\/\/www.daisho.be\/de\/wp-json\/wp\/v2\/comments?post=463134"}],"wp:featuredmedia":[{"embeddable":true,"href":"https:\/\/www.daisho.be\/de\/wp-json\/wp\/v2\/media\/463142"}],"wp:attachment":[{"href":"https:\/\/www.daisho.be\/de\/wp-json\/wp\/v2\/media?parent=463134"}],"wp:term":[{"taxonomy":"product_brand","embeddable":true,"href":"https:\/\/www.daisho.be\/de\/wp-json\/wp\/v2\/product_brand?post=463134"},{"taxonomy":"product_cat","embeddable":true,"href":"https:\/\/www.daisho.be\/de\/wp-json\/wp\/v2\/product_cat?post=463134"},{"taxonomy":"product_tag","embeddable":true,"href":"https:\/\/www.daisho.be\/de\/wp-json\/wp\/v2\/product_tag?post=463134"},{"taxonomy":"sport","embeddable":true,"href":"https:\/\/www.daisho.be\/de\/wp-json\/wp\/v2\/sport?post=463134"}],"curies":[{"name":"wp","href":"https:\/\/api.w.org\/{rel}","templated":true}]}}