{"id":463087,"date":"2024-08-23T13:19:19","date_gmt":"2024-08-23T11:19:19","guid":{"rendered":"https:\/\/www.daisho.be\/produit\/judogi-adidas-j990-millenium-weiss-schwarz\/"},"modified":"2026-02-02T11:16:47","modified_gmt":"2026-02-02T10:16:47","slug":"judogi-adidas-j990-millenium-weiss-schwarz","status":"publish","type":"product","link":"https:\/\/www.daisho.be\/de\/produit\/judogi-adidas-j990-millenium-weiss-schwarz\/","title":{"rendered":"Judogi adidas J990 Millenium Wei\u00df\/Schwarz"},"content":{"rendered":"<p> <span style=\"color:#e60000;font-weight:bold\"><br \/>\n<i class=\"fa fa-clock-o\"><\/i> <\/span> VERF\u00dcGBARKEIT<span style=\"color:#e60000;font-weight:bold\">: ENDE FEBRUAR 2026<br \/>\n<\/span><br \/>\n Wer einen harten, dicken Judoanzug nach alter Tradition sucht, wird im Millennium f\u00fcndig.<br \/>\nDer Millenium ist sehr schlicht und elegant dank des neuen adidas Logos, das auf den Oberarm gestickt ist.<br \/>\nDieser Judoanzug von adidas ist aus einem festen Material hergestellt, ein verst\u00e4rkter Revers und eine hervorragende Slim Fit-Passform machen diesen Gi zu einem fantastischen Sportger\u00e4t.<br \/>\nDer Anzug ist aus einem Reiskorngewebe aus 70% Baumwolle und 30% Polyester gefertigt und wiegt 990 g\/m2.<br \/>\nDieser Gi ist berechtigt, an allen nationalen Meisterschaften teilzunehmen.<\/p>\n<p>Merkmale :<br \/>\n&#8211; Gewicht: 990g<br \/>\n&#8211; Ideal ab Kadett 1 f\u00fcr Wettk\u00e4mpfer bis zur h\u00f6chsten Ebene<br \/>\n&#8211; Jacke aus Reiskornleinen (75% Baumwolle und 25% Polyester)<br \/>\n&#8211; Hose aus 100 % Baumwolle<br \/>\n&#8211; Naht auf der R\u00fcckseite der Jacke<br \/>\n&#8211; Sehr dichter Kragen mit 6 Reihen von N\u00e4hten<br \/>\n&#8211; Sublimiertes Innenfutter (mit adidas Logo) auf den Schultern<br \/>\n&#8211; Hose mit traditionellem Schn\u00fcrverschluss<br \/>\n&#8211; &#8218;Regular&#8216; Passform.<\/p>\n","protected":false},"excerpt":{"rendered":"<p>VERF\u00dcGBARKEIT: ENDE FEBRUAR 2026 Wer einen harten, dicken Judoanzug nach alter Tradition sucht, wird im Millennium f\u00fcndig. Der Millenium ist sehr schlicht und elegant dank des neuen adidas Logos, das auf den Oberarm gestickt ist. Dieser Judoanzug von adidas ist aus einem festen Material hergestellt, ein verst\u00e4rkter Revers und eine hervorragende Slim Fit-Passform machen diesen [&hellip;]<\/p>\n","protected":false},"featured_media":463101,"comment_status":"open","ping_status":"closed","template":"","meta":{"inline_featured_image":false},"product_brand":[],"product_cat":[2230,2287,2118],"product_tag":[2178],"sport":[],"class_list":{"0":"post-463087","1":"product","2":"type-product","3":"status-publish","4":"has-post-thumbnail","6":"product_cat-judo-kimonos-de","7":"product_cat-kimono-judogi-adidas-de","8":"product_cat-kleidung-kimonos","9":"product_tag-adidas-de","10":"pa_size-380","11":"pa_size-388","12":"pa_size-379","13":"pa_size-387","14":"pa_size-378","15":"pa_size-386","16":"pa_size-377","17":"pa_size-385","18":"pa_size-376","19":"pa_size-384","20":"pa_size-383","21":"pa_size-953","23":"first","24":"instock","25":"taxable","26":"shipping-taxable","27":"purchasable","28":"product-type-variable"},"yoast_head":"<!-- This site is optimized with the Yoast SEO plugin v27.2 - https:\/\/yoast.com\/product\/yoast-seo-wordpress\/ -->\n<title>Judogi adidas J990 Millenium Wei\u00df\/Schwarz &#8211; Daisho<\/title>\n<meta name=\"description\" content=\"Entdecken Sie unseren traditionellen J990 Millennium Judogi, der Qualit\u00e4t und Eleganz f\u00fcr Ihr Training und Ihre Wettk\u00e4mpfe bietet, auf unserer Website www.daisho.be\/Daisho.\" \/>\n<meta name=\"robots\" content=\"index, follow, max-snippet:-1, max-image-preview:large, max-video-preview:-1\" \/>\n<link rel=\"canonical\" href=\"https:\/\/www.daisho.be\/de\/produit\/judogi-adidas-j990-millenium-weiss-schwarz\/\" \/>\n<meta property=\"og:locale\" content=\"de_DE\" \/>\n<meta property=\"og:type\" content=\"article\" \/>\n<meta property=\"og:title\" content=\"Judogi adidas J990 Millenium Wei\u00df\/Schwarz &#8211; Daisho\" \/>\n<meta property=\"og:description\" content=\"Entdecken Sie unseren traditionellen J990 Millennium Judogi, der Qualit\u00e4t und Eleganz f\u00fcr Ihr Training und Ihre Wettk\u00e4mpfe bietet, auf unserer Website www.daisho.be\/Daisho.\" \/>\n<meta property=\"og:url\" content=\"https:\/\/www.daisho.be\/de\/produit\/judogi-adidas-j990-millenium-weiss-schwarz\/\" \/>\n<meta property=\"og:site_name\" content=\"Daisho\" \/>\n<meta property=\"article:modified_time\" content=\"2026-02-02T10:16:47+00:00\" \/>\n<meta property=\"og:image\" content=\"https:\/\/www.daisho.be\/wp-content\/uploads\/2024\/08\/image-24.png\" \/>\n\t<meta property=\"og:image:width\" content=\"785\" \/>\n\t<meta property=\"og:image:height\" content=\"719\" \/>\n\t<meta property=\"og:image:type\" content=\"image\/png\" \/>\n<meta name=\"twitter:card\" content=\"summary_large_image\" \/>\n<meta name=\"twitter:label1\" content=\"Gesch\u00e4tzte Lesezeit\" \/>\n\t<meta name=\"twitter:data1\" content=\"1\u00a0Minute\" \/>\n<script type=\"application\/ld+json\" class=\"yoast-schema-graph\">{\"@context\":\"https:\/\/schema.org\",\"@graph\":[{\"@type\":\"WebPage\",\"@id\":\"https:\/\/www.daisho.be\/de\/produit\/judogi-adidas-j990-millenium-weiss-schwarz\/\",\"url\":\"https:\/\/www.daisho.be\/de\/produit\/judogi-adidas-j990-millenium-weiss-schwarz\/\",\"name\":\"Judogi adidas J990 Millenium Wei\u00df\/Schwarz &#8211; Daisho\",\"isPartOf\":{\"@id\":\"https:\/\/www.daisho.be\/de\/#website\"},\"primaryImageOfPage\":{\"@id\":\"https:\/\/www.daisho.be\/de\/produit\/judogi-adidas-j990-millenium-weiss-schwarz\/#primaryimage\"},\"image\":{\"@id\":\"https:\/\/www.daisho.be\/de\/produit\/judogi-adidas-j990-millenium-weiss-schwarz\/#primaryimage\"},\"thumbnailUrl\":\"https:\/\/www.daisho.be\/wp-content\/uploads\/2024\/08\/image-24.png\",\"datePublished\":\"2024-08-23T11:19:19+00:00\",\"dateModified\":\"2026-02-02T10:16:47+00:00\",\"description\":\"Entdecken Sie unseren traditionellen J990 Millennium Judogi, der Qualit\u00e4t und Eleganz f\u00fcr Ihr Training und Ihre Wettk\u00e4mpfe bietet, auf unserer Website www.daisho.be\/Daisho.\",\"breadcrumb\":{\"@id\":\"https:\/\/www.daisho.be\/de\/produit\/judogi-adidas-j990-millenium-weiss-schwarz\/#breadcrumb\"},\"inLanguage\":\"de\",\"potentialAction\":[{\"@type\":\"ReadAction\",\"target\":[\"https:\/\/www.daisho.be\/de\/produit\/judogi-adidas-j990-millenium-weiss-schwarz\/\"]}]},{\"@type\":\"ImageObject\",\"inLanguage\":\"de\",\"@id\":\"https:\/\/www.daisho.be\/de\/produit\/judogi-adidas-j990-millenium-weiss-schwarz\/#primaryimage\",\"url\":\"https:\/\/www.daisho.be\/wp-content\/uploads\/2024\/08\/image-24.png\",\"contentUrl\":\"https:\/\/www.daisho.be\/wp-content\/uploads\/2024\/08\/image-24.png\",\"width\":785,\"height\":719,\"caption\":\"Judogi adidas J990 Millenium Wei\u00df\/Schwarz-1\"},{\"@type\":\"BreadcrumbList\",\"@id\":\"https:\/\/www.daisho.be\/de\/produit\/judogi-adidas-j990-millenium-weiss-schwarz\/#breadcrumb\",\"itemListElement\":[{\"@type\":\"ListItem\",\"position\":1,\"name\":\"Accueil\",\"item\":\"https:\/\/www.daisho.be\/de\/\"},{\"@type\":\"ListItem\",\"position\":2,\"name\":\"Produkte\",\"item\":\"https:\/\/www.daisho.be\/de\/produkte\/\"},{\"@type\":\"ListItem\",\"position\":3,\"name\":\"Ausr\u00fcstung und Kleidung f\u00fcr Kampfkunst und Kampfsport\",\"item\":\"https:\/\/www.daisho.be\/de\/categorie-produit\/ausrustung-und-kleidung-fur-kampfkunst-und-kampfsport\/\"},{\"@type\":\"ListItem\",\"position\":4,\"name\":\"Judo\",\"item\":\"https:\/\/www.daisho.be\/de\/categorie-produit\/ausrustung-und-kleidung-fur-kampfkunst-und-kampfsport\/judo-de-2\/\"},{\"@type\":\"ListItem\",\"position\":5,\"name\":\"Judo-Kimonos\",\"item\":\"https:\/\/www.daisho.be\/de\/categorie-produit\/ausrustung-und-kleidung-fur-kampfkunst-und-kampfsport\/judo-de-2\/judo-kimonos-de\/\"},{\"@type\":\"ListItem\",\"position\":6,\"name\":\"Judogi adidas J990 Millenium Wei\u00df\/Schwarz\"}]},{\"@type\":\"WebSite\",\"@id\":\"https:\/\/www.daisho.be\/de\/#website\",\"url\":\"https:\/\/www.daisho.be\/de\/\",\"name\":\"Daisho\",\"description\":\"Sp&eacute;cialiste de l'&eacute;quipement sportif d'arts martiaux\",\"publisher\":{\"@id\":\"https:\/\/www.daisho.be\/de\/#organization\"},\"potentialAction\":[{\"@type\":\"SearchAction\",\"target\":{\"@type\":\"EntryPoint\",\"urlTemplate\":\"https:\/\/www.daisho.be\/de\/?s={search_term_string}\"},\"query-input\":{\"@type\":\"PropertyValueSpecification\",\"valueRequired\":true,\"valueName\":\"search_term_string\"}}],\"inLanguage\":\"de\"},{\"@type\":\"Organization\",\"@id\":\"https:\/\/www.daisho.be\/de\/#organization\",\"name\":\"Daisho\",\"url\":\"https:\/\/www.daisho.be\/de\/\",\"logo\":{\"@type\":\"ImageObject\",\"inLanguage\":\"de\",\"@id\":\"https:\/\/www.daisho.be\/de\/#\/schema\/logo\/image\/\",\"url\":\"https:\/\/www.daisho.be\/wp-content\/uploads\/2019\/07\/color-nothing-horizontale4x-e1564486100247.png\",\"contentUrl\":\"https:\/\/www.daisho.be\/wp-content\/uploads\/2019\/07\/color-nothing-horizontale4x-e1564486100247.png\",\"width\":1547,\"height\":385,\"caption\":\"Daisho\"},\"image\":{\"@id\":\"https:\/\/www.daisho.be\/de\/#\/schema\/logo\/image\/\"}}]}<\/script>\n<!-- \/ Yoast SEO plugin. -->","yoast_head_json":{"title":"Judogi adidas J990 Millenium Wei\u00df\/Schwarz &#8211; Daisho","description":"Entdecken Sie unseren traditionellen J990 Millennium Judogi, der Qualit\u00e4t und Eleganz f\u00fcr Ihr Training und Ihre Wettk\u00e4mpfe bietet, auf unserer Website www.daisho.be\/Daisho.","robots":{"index":"index","follow":"follow","max-snippet":"max-snippet:-1","max-image-preview":"max-image-preview:large","max-video-preview":"max-video-preview:-1"},"canonical":"https:\/\/www.daisho.be\/de\/produit\/judogi-adidas-j990-millenium-weiss-schwarz\/","og_locale":"de_DE","og_type":"article","og_title":"Judogi adidas J990 Millenium Wei\u00df\/Schwarz &#8211; Daisho","og_description":"Entdecken Sie unseren traditionellen J990 Millennium Judogi, der Qualit\u00e4t und Eleganz f\u00fcr Ihr Training und Ihre Wettk\u00e4mpfe bietet, auf unserer Website www.daisho.be\/Daisho.","og_url":"https:\/\/www.daisho.be\/de\/produit\/judogi-adidas-j990-millenium-weiss-schwarz\/","og_site_name":"Daisho","article_modified_time":"2026-02-02T10:16:47+00:00","og_image":[{"width":785,"height":719,"url":"https:\/\/www.daisho.be\/wp-content\/uploads\/2024\/08\/image-24.png","type":"image\/png"}],"twitter_card":"summary_large_image","twitter_misc":{"Gesch\u00e4tzte Lesezeit":"1\u00a0Minute"},"schema":{"@context":"https:\/\/schema.org","@graph":[{"@type":"WebPage","@id":"https:\/\/www.daisho.be\/de\/produit\/judogi-adidas-j990-millenium-weiss-schwarz\/","url":"https:\/\/www.daisho.be\/de\/produit\/judogi-adidas-j990-millenium-weiss-schwarz\/","name":"Judogi adidas J990 Millenium Wei\u00df\/Schwarz &#8211; Daisho","isPartOf":{"@id":"https:\/\/www.daisho.be\/de\/#website"},"primaryImageOfPage":{"@id":"https:\/\/www.daisho.be\/de\/produit\/judogi-adidas-j990-millenium-weiss-schwarz\/#primaryimage"},"image":{"@id":"https:\/\/www.daisho.be\/de\/produit\/judogi-adidas-j990-millenium-weiss-schwarz\/#primaryimage"},"thumbnailUrl":"https:\/\/www.daisho.be\/wp-content\/uploads\/2024\/08\/image-24.png","datePublished":"2024-08-23T11:19:19+00:00","dateModified":"2026-02-02T10:16:47+00:00","description":"Entdecken Sie unseren traditionellen J990 Millennium Judogi, der Qualit\u00e4t und Eleganz f\u00fcr Ihr Training und Ihre Wettk\u00e4mpfe bietet, auf unserer Website www.daisho.be\/Daisho.","breadcrumb":{"@id":"https:\/\/www.daisho.be\/de\/produit\/judogi-adidas-j990-millenium-weiss-schwarz\/#breadcrumb"},"inLanguage":"de","potentialAction":[{"@type":"ReadAction","target":["https:\/\/www.daisho.be\/de\/produit\/judogi-adidas-j990-millenium-weiss-schwarz\/"]}]},{"@type":"ImageObject","inLanguage":"de","@id":"https:\/\/www.daisho.be\/de\/produit\/judogi-adidas-j990-millenium-weiss-schwarz\/#primaryimage","url":"https:\/\/www.daisho.be\/wp-content\/uploads\/2024\/08\/image-24.png","contentUrl":"https:\/\/www.daisho.be\/wp-content\/uploads\/2024\/08\/image-24.png","width":785,"height":719,"caption":"Judogi adidas J990 Millenium Wei\u00df\/Schwarz-1"},{"@type":"BreadcrumbList","@id":"https:\/\/www.daisho.be\/de\/produit\/judogi-adidas-j990-millenium-weiss-schwarz\/#breadcrumb","itemListElement":[{"@type":"ListItem","position":1,"name":"Accueil","item":"https:\/\/www.daisho.be\/de\/"},{"@type":"ListItem","position":2,"name":"Produkte","item":"https:\/\/www.daisho.be\/de\/produkte\/"},{"@type":"ListItem","position":3,"name":"Ausr\u00fcstung und Kleidung f\u00fcr Kampfkunst und Kampfsport","item":"https:\/\/www.daisho.be\/de\/categorie-produit\/ausrustung-und-kleidung-fur-kampfkunst-und-kampfsport\/"},{"@type":"ListItem","position":4,"name":"Judo","item":"https:\/\/www.daisho.be\/de\/categorie-produit\/ausrustung-und-kleidung-fur-kampfkunst-und-kampfsport\/judo-de-2\/"},{"@type":"ListItem","position":5,"name":"Judo-Kimonos","item":"https:\/\/www.daisho.be\/de\/categorie-produit\/ausrustung-und-kleidung-fur-kampfkunst-und-kampfsport\/judo-de-2\/judo-kimonos-de\/"},{"@type":"ListItem","position":6,"name":"Judogi adidas J990 Millenium Wei\u00df\/Schwarz"}]},{"@type":"WebSite","@id":"https:\/\/www.daisho.be\/de\/#website","url":"https:\/\/www.daisho.be\/de\/","name":"Daisho","description":"Sp&eacute;cialiste de l'&eacute;quipement sportif d'arts martiaux","publisher":{"@id":"https:\/\/www.daisho.be\/de\/#organization"},"potentialAction":[{"@type":"SearchAction","target":{"@type":"EntryPoint","urlTemplate":"https:\/\/www.daisho.be\/de\/?s={search_term_string}"},"query-input":{"@type":"PropertyValueSpecification","valueRequired":true,"valueName":"search_term_string"}}],"inLanguage":"de"},{"@type":"Organization","@id":"https:\/\/www.daisho.be\/de\/#organization","name":"Daisho","url":"https:\/\/www.daisho.be\/de\/","logo":{"@type":"ImageObject","inLanguage":"de","@id":"https:\/\/www.daisho.be\/de\/#\/schema\/logo\/image\/","url":"https:\/\/www.daisho.be\/wp-content\/uploads\/2019\/07\/color-nothing-horizontale4x-e1564486100247.png","contentUrl":"https:\/\/www.daisho.be\/wp-content\/uploads\/2019\/07\/color-nothing-horizontale4x-e1564486100247.png","width":1547,"height":385,"caption":"Daisho"},"image":{"@id":"https:\/\/www.daisho.be\/de\/#\/schema\/logo\/image\/"}}]}},"_links":{"self":[{"href":"https:\/\/www.daisho.be\/de\/wp-json\/wp\/v2\/product\/463087","targetHints":{"allow":["GET"]}}],"collection":[{"href":"https:\/\/www.daisho.be\/de\/wp-json\/wp\/v2\/product"}],"about":[{"href":"https:\/\/www.daisho.be\/de\/wp-json\/wp\/v2\/types\/product"}],"replies":[{"embeddable":true,"href":"https:\/\/www.daisho.be\/de\/wp-json\/wp\/v2\/comments?post=463087"}],"wp:featuredmedia":[{"embeddable":true,"href":"https:\/\/www.daisho.be\/de\/wp-json\/wp\/v2\/media\/463101"}],"wp:attachment":[{"href":"https:\/\/www.daisho.be\/de\/wp-json\/wp\/v2\/media?parent=463087"}],"wp:term":[{"taxonomy":"product_brand","embeddable":true,"href":"https:\/\/www.daisho.be\/de\/wp-json\/wp\/v2\/product_brand?post=463087"},{"taxonomy":"product_cat","embeddable":true,"href":"https:\/\/www.daisho.be\/de\/wp-json\/wp\/v2\/product_cat?post=463087"},{"taxonomy":"product_tag","embeddable":true,"href":"https:\/\/www.daisho.be\/de\/wp-json\/wp\/v2\/product_tag?post=463087"},{"taxonomy":"sport","embeddable":true,"href":"https:\/\/www.daisho.be\/de\/wp-json\/wp\/v2\/sport?post=463087"}],"curies":[{"name":"wp","href":"https:\/\/api.w.org\/{rel}","templated":true}]}}