{"id":463010,"date":"2024-08-30T10:58:46","date_gmt":"2024-08-30T08:58:46","guid":{"rendered":"https:\/\/www.daisho.be\/produit\/judoguertel-schwarz-ijf-adidas\/"},"modified":"2025-12-30T10:34:40","modified_gmt":"2025-12-30T09:34:40","slug":"judoguertel-schwarz-ijf-adidas","status":"publish","type":"product","link":"https:\/\/www.daisho.be\/de\/produit\/judoguertel-schwarz-ijf-adidas\/","title":{"rendered":"Judog\u00fcrtel SCHWARZ IJF adidas"},"content":{"rendered":"<p>Bei internationalen Wettk\u00e4mpfen vorgeschriebener G\u00fcrtel<br \/>\n13 Reihen von N\u00e4hten<br \/>\nEntspricht den IJF-Standards<\/p>\n","protected":false},"excerpt":{"rendered":"<p>Bei internationalen Wettk\u00e4mpfen vorgeschriebener G\u00fcrtel 13 Reihen von N\u00e4hten Entspricht den IJF-Standards<\/p>\n","protected":false},"featured_media":553713,"comment_status":"open","ping_status":"closed","template":"","meta":{"inline_featured_image":false},"product_brand":[],"product_cat":[2104,2156],"product_tag":[2178],"sport":[],"class_list":{"0":"post-463010","1":"product","2":"type-product","3":"status-publish","4":"has-post-thumbnail","6":"product_cat-gurtel","7":"product_cat-judo-gurtel","8":"product_tag-adidas-de","9":"pa_size-254","10":"pa_size-253","11":"pa_size-280-50","12":"pa_size-251","13":"pa_size-415","14":"pa_size-340-90","16":"first","17":"instock","18":"taxable","19":"shipping-taxable","20":"purchasable","21":"product-type-variable"},"yoast_head":"<!-- This site is optimized with the Yoast SEO plugin v27.2 - https:\/\/yoast.com\/product\/yoast-seo-wordpress\/ -->\n<title>Judog\u00fcrtel SCHWARZ IJF adidas &#8211; Daisho<\/title>\n<meta name=\"description\" content=\"Ben\u00f6tigen Sie einen zugelassenen und regulierten G\u00fcrtel f\u00fcr Ihre Wettk\u00e4mpfe? Dann finden Sie ihn jetzt auf unserer Website www.daisho.be\/Daisho.\" \/>\n<meta name=\"robots\" content=\"index, follow, max-snippet:-1, max-image-preview:large, max-video-preview:-1\" \/>\n<link rel=\"canonical\" href=\"https:\/\/www.daisho.be\/de\/produit\/judoguertel-schwarz-ijf-adidas\/\" \/>\n<meta property=\"og:locale\" content=\"de_DE\" \/>\n<meta property=\"og:type\" content=\"article\" \/>\n<meta property=\"og:title\" content=\"Judog\u00fcrtel SCHWARZ IJF adidas &#8211; Daisho\" \/>\n<meta property=\"og:description\" content=\"Ben\u00f6tigen Sie einen zugelassenen und regulierten G\u00fcrtel f\u00fcr Ihre Wettk\u00e4mpfe? Dann finden Sie ihn jetzt auf unserer Website www.daisho.be\/Daisho.\" \/>\n<meta property=\"og:url\" content=\"https:\/\/www.daisho.be\/de\/produit\/judoguertel-schwarz-ijf-adidas\/\" \/>\n<meta property=\"og:site_name\" content=\"Daisho\" \/>\n<meta property=\"article:modified_time\" content=\"2025-12-30T09:34:40+00:00\" \/>\n<meta property=\"og:image\" content=\"https:\/\/www.daisho.be\/wp-content\/uploads\/2025\/09\/image-9.png\" \/>\n\t<meta property=\"og:image:width\" content=\"561\" \/>\n\t<meta property=\"og:image:height\" content=\"705\" \/>\n\t<meta property=\"og:image:type\" content=\"image\/png\" \/>\n<meta name=\"twitter:card\" content=\"summary_large_image\" \/>\n<script type=\"application\/ld+json\" class=\"yoast-schema-graph\">{\"@context\":\"https:\/\/schema.org\",\"@graph\":[{\"@type\":\"WebPage\",\"@id\":\"https:\/\/www.daisho.be\/de\/produit\/judoguertel-schwarz-ijf-adidas\/\",\"url\":\"https:\/\/www.daisho.be\/de\/produit\/judoguertel-schwarz-ijf-adidas\/\",\"name\":\"Judog\u00fcrtel SCHWARZ IJF adidas &#8211; Daisho\",\"isPartOf\":{\"@id\":\"https:\/\/www.daisho.be\/de\/#website\"},\"primaryImageOfPage\":{\"@id\":\"https:\/\/www.daisho.be\/de\/produit\/judoguertel-schwarz-ijf-adidas\/#primaryimage\"},\"image\":{\"@id\":\"https:\/\/www.daisho.be\/de\/produit\/judoguertel-schwarz-ijf-adidas\/#primaryimage\"},\"thumbnailUrl\":\"https:\/\/www.daisho.be\/wp-content\/uploads\/2025\/09\/image-9.png\",\"datePublished\":\"2024-08-30T08:58:46+00:00\",\"dateModified\":\"2025-12-30T09:34:40+00:00\",\"description\":\"Ben\u00f6tigen Sie einen zugelassenen und regulierten G\u00fcrtel f\u00fcr Ihre Wettk\u00e4mpfe? Dann finden Sie ihn jetzt auf unserer Website www.daisho.be\/Daisho.\",\"breadcrumb\":{\"@id\":\"https:\/\/www.daisho.be\/de\/produit\/judoguertel-schwarz-ijf-adidas\/#breadcrumb\"},\"inLanguage\":\"de\",\"potentialAction\":[{\"@type\":\"ReadAction\",\"target\":[\"https:\/\/www.daisho.be\/de\/produit\/judoguertel-schwarz-ijf-adidas\/\"]}]},{\"@type\":\"ImageObject\",\"inLanguage\":\"de\",\"@id\":\"https:\/\/www.daisho.be\/de\/produit\/judoguertel-schwarz-ijf-adidas\/#primaryimage\",\"url\":\"https:\/\/www.daisho.be\/wp-content\/uploads\/2025\/09\/image-9.png\",\"contentUrl\":\"https:\/\/www.daisho.be\/wp-content\/uploads\/2025\/09\/image-9.png\",\"width\":561,\"height\":705,\"caption\":\"Judog\u00fcrtel SCHWARZ IJF adidas-1\"},{\"@type\":\"BreadcrumbList\",\"@id\":\"https:\/\/www.daisho.be\/de\/produit\/judoguertel-schwarz-ijf-adidas\/#breadcrumb\",\"itemListElement\":[{\"@type\":\"ListItem\",\"position\":1,\"name\":\"Accueil\",\"item\":\"https:\/\/www.daisho.be\/de\/\"},{\"@type\":\"ListItem\",\"position\":2,\"name\":\"Produkte\",\"item\":\"https:\/\/www.daisho.be\/de\/produkte\/\"},{\"@type\":\"ListItem\",\"position\":3,\"name\":\"Ausr\u00fcstung und Kleidung f\u00fcr Kampfkunst und Kampfsport\",\"item\":\"https:\/\/www.daisho.be\/de\/categorie-produit\/ausrustung-und-kleidung-fur-kampfkunst-und-kampfsport\/\"},{\"@type\":\"ListItem\",\"position\":4,\"name\":\"Judo\",\"item\":\"https:\/\/www.daisho.be\/de\/categorie-produit\/ausrustung-und-kleidung-fur-kampfkunst-und-kampfsport\/judo-de-2\/\"},{\"@type\":\"ListItem\",\"position\":5,\"name\":\"Judo-G\u00fcrtel\",\"item\":\"https:\/\/www.daisho.be\/de\/categorie-produit\/ausrustung-und-kleidung-fur-kampfkunst-und-kampfsport\/judo-de-2\/judo-gurtel\/\"},{\"@type\":\"ListItem\",\"position\":6,\"name\":\"Judog\u00fcrtel SCHWARZ IJF adidas\"}]},{\"@type\":\"WebSite\",\"@id\":\"https:\/\/www.daisho.be\/de\/#website\",\"url\":\"https:\/\/www.daisho.be\/de\/\",\"name\":\"Daisho\",\"description\":\"Sp&eacute;cialiste de l'&eacute;quipement sportif d'arts martiaux\",\"publisher\":{\"@id\":\"https:\/\/www.daisho.be\/de\/#organization\"},\"potentialAction\":[{\"@type\":\"SearchAction\",\"target\":{\"@type\":\"EntryPoint\",\"urlTemplate\":\"https:\/\/www.daisho.be\/de\/?s={search_term_string}\"},\"query-input\":{\"@type\":\"PropertyValueSpecification\",\"valueRequired\":true,\"valueName\":\"search_term_string\"}}],\"inLanguage\":\"de\"},{\"@type\":\"Organization\",\"@id\":\"https:\/\/www.daisho.be\/de\/#organization\",\"name\":\"Daisho\",\"url\":\"https:\/\/www.daisho.be\/de\/\",\"logo\":{\"@type\":\"ImageObject\",\"inLanguage\":\"de\",\"@id\":\"https:\/\/www.daisho.be\/de\/#\/schema\/logo\/image\/\",\"url\":\"https:\/\/www.daisho.be\/wp-content\/uploads\/2019\/07\/color-nothing-horizontale4x-e1564486100247.png\",\"contentUrl\":\"https:\/\/www.daisho.be\/wp-content\/uploads\/2019\/07\/color-nothing-horizontale4x-e1564486100247.png\",\"width\":1547,\"height\":385,\"caption\":\"Daisho\"},\"image\":{\"@id\":\"https:\/\/www.daisho.be\/de\/#\/schema\/logo\/image\/\"}}]}<\/script>\n<!-- \/ Yoast SEO plugin. -->","yoast_head_json":{"title":"Judog\u00fcrtel SCHWARZ IJF adidas &#8211; Daisho","description":"Ben\u00f6tigen Sie einen zugelassenen und regulierten G\u00fcrtel f\u00fcr Ihre Wettk\u00e4mpfe? Dann finden Sie ihn jetzt auf unserer Website www.daisho.be\/Daisho.","robots":{"index":"index","follow":"follow","max-snippet":"max-snippet:-1","max-image-preview":"max-image-preview:large","max-video-preview":"max-video-preview:-1"},"canonical":"https:\/\/www.daisho.be\/de\/produit\/judoguertel-schwarz-ijf-adidas\/","og_locale":"de_DE","og_type":"article","og_title":"Judog\u00fcrtel SCHWARZ IJF adidas &#8211; Daisho","og_description":"Ben\u00f6tigen Sie einen zugelassenen und regulierten G\u00fcrtel f\u00fcr Ihre Wettk\u00e4mpfe? Dann finden Sie ihn jetzt auf unserer Website www.daisho.be\/Daisho.","og_url":"https:\/\/www.daisho.be\/de\/produit\/judoguertel-schwarz-ijf-adidas\/","og_site_name":"Daisho","article_modified_time":"2025-12-30T09:34:40+00:00","og_image":[{"width":561,"height":705,"url":"https:\/\/www.daisho.be\/wp-content\/uploads\/2025\/09\/image-9.png","type":"image\/png"}],"twitter_card":"summary_large_image","schema":{"@context":"https:\/\/schema.org","@graph":[{"@type":"WebPage","@id":"https:\/\/www.daisho.be\/de\/produit\/judoguertel-schwarz-ijf-adidas\/","url":"https:\/\/www.daisho.be\/de\/produit\/judoguertel-schwarz-ijf-adidas\/","name":"Judog\u00fcrtel SCHWARZ IJF adidas &#8211; Daisho","isPartOf":{"@id":"https:\/\/www.daisho.be\/de\/#website"},"primaryImageOfPage":{"@id":"https:\/\/www.daisho.be\/de\/produit\/judoguertel-schwarz-ijf-adidas\/#primaryimage"},"image":{"@id":"https:\/\/www.daisho.be\/de\/produit\/judoguertel-schwarz-ijf-adidas\/#primaryimage"},"thumbnailUrl":"https:\/\/www.daisho.be\/wp-content\/uploads\/2025\/09\/image-9.png","datePublished":"2024-08-30T08:58:46+00:00","dateModified":"2025-12-30T09:34:40+00:00","description":"Ben\u00f6tigen Sie einen zugelassenen und regulierten G\u00fcrtel f\u00fcr Ihre Wettk\u00e4mpfe? Dann finden Sie ihn jetzt auf unserer Website www.daisho.be\/Daisho.","breadcrumb":{"@id":"https:\/\/www.daisho.be\/de\/produit\/judoguertel-schwarz-ijf-adidas\/#breadcrumb"},"inLanguage":"de","potentialAction":[{"@type":"ReadAction","target":["https:\/\/www.daisho.be\/de\/produit\/judoguertel-schwarz-ijf-adidas\/"]}]},{"@type":"ImageObject","inLanguage":"de","@id":"https:\/\/www.daisho.be\/de\/produit\/judoguertel-schwarz-ijf-adidas\/#primaryimage","url":"https:\/\/www.daisho.be\/wp-content\/uploads\/2025\/09\/image-9.png","contentUrl":"https:\/\/www.daisho.be\/wp-content\/uploads\/2025\/09\/image-9.png","width":561,"height":705,"caption":"Judog\u00fcrtel SCHWARZ IJF adidas-1"},{"@type":"BreadcrumbList","@id":"https:\/\/www.daisho.be\/de\/produit\/judoguertel-schwarz-ijf-adidas\/#breadcrumb","itemListElement":[{"@type":"ListItem","position":1,"name":"Accueil","item":"https:\/\/www.daisho.be\/de\/"},{"@type":"ListItem","position":2,"name":"Produkte","item":"https:\/\/www.daisho.be\/de\/produkte\/"},{"@type":"ListItem","position":3,"name":"Ausr\u00fcstung und Kleidung f\u00fcr Kampfkunst und Kampfsport","item":"https:\/\/www.daisho.be\/de\/categorie-produit\/ausrustung-und-kleidung-fur-kampfkunst-und-kampfsport\/"},{"@type":"ListItem","position":4,"name":"Judo","item":"https:\/\/www.daisho.be\/de\/categorie-produit\/ausrustung-und-kleidung-fur-kampfkunst-und-kampfsport\/judo-de-2\/"},{"@type":"ListItem","position":5,"name":"Judo-G\u00fcrtel","item":"https:\/\/www.daisho.be\/de\/categorie-produit\/ausrustung-und-kleidung-fur-kampfkunst-und-kampfsport\/judo-de-2\/judo-gurtel\/"},{"@type":"ListItem","position":6,"name":"Judog\u00fcrtel SCHWARZ IJF adidas"}]},{"@type":"WebSite","@id":"https:\/\/www.daisho.be\/de\/#website","url":"https:\/\/www.daisho.be\/de\/","name":"Daisho","description":"Sp&eacute;cialiste de l'&eacute;quipement sportif d'arts martiaux","publisher":{"@id":"https:\/\/www.daisho.be\/de\/#organization"},"potentialAction":[{"@type":"SearchAction","target":{"@type":"EntryPoint","urlTemplate":"https:\/\/www.daisho.be\/de\/?s={search_term_string}"},"query-input":{"@type":"PropertyValueSpecification","valueRequired":true,"valueName":"search_term_string"}}],"inLanguage":"de"},{"@type":"Organization","@id":"https:\/\/www.daisho.be\/de\/#organization","name":"Daisho","url":"https:\/\/www.daisho.be\/de\/","logo":{"@type":"ImageObject","inLanguage":"de","@id":"https:\/\/www.daisho.be\/de\/#\/schema\/logo\/image\/","url":"https:\/\/www.daisho.be\/wp-content\/uploads\/2019\/07\/color-nothing-horizontale4x-e1564486100247.png","contentUrl":"https:\/\/www.daisho.be\/wp-content\/uploads\/2019\/07\/color-nothing-horizontale4x-e1564486100247.png","width":1547,"height":385,"caption":"Daisho"},"image":{"@id":"https:\/\/www.daisho.be\/de\/#\/schema\/logo\/image\/"}}]}},"_links":{"self":[{"href":"https:\/\/www.daisho.be\/de\/wp-json\/wp\/v2\/product\/463010","targetHints":{"allow":["GET"]}}],"collection":[{"href":"https:\/\/www.daisho.be\/de\/wp-json\/wp\/v2\/product"}],"about":[{"href":"https:\/\/www.daisho.be\/de\/wp-json\/wp\/v2\/types\/product"}],"replies":[{"embeddable":true,"href":"https:\/\/www.daisho.be\/de\/wp-json\/wp\/v2\/comments?post=463010"}],"wp:featuredmedia":[{"embeddable":true,"href":"https:\/\/www.daisho.be\/de\/wp-json\/wp\/v2\/media\/553713"}],"wp:attachment":[{"href":"https:\/\/www.daisho.be\/de\/wp-json\/wp\/v2\/media?parent=463010"}],"wp:term":[{"taxonomy":"product_brand","embeddable":true,"href":"https:\/\/www.daisho.be\/de\/wp-json\/wp\/v2\/product_brand?post=463010"},{"taxonomy":"product_cat","embeddable":true,"href":"https:\/\/www.daisho.be\/de\/wp-json\/wp\/v2\/product_cat?post=463010"},{"taxonomy":"product_tag","embeddable":true,"href":"https:\/\/www.daisho.be\/de\/wp-json\/wp\/v2\/product_tag?post=463010"},{"taxonomy":"sport","embeddable":true,"href":"https:\/\/www.daisho.be\/de\/wp-json\/wp\/v2\/sport?post=463010"}],"curies":[{"name":"wp","href":"https:\/\/api.w.org\/{rel}","templated":true}]}}