{"id":462961,"date":"2024-09-05T11:10:41","date_gmt":"2024-09-05T09:10:41","guid":{"rendered":"https:\/\/www.daisho.be\/produit\/adidas-trainingsjacke-weiss-schwarz-gelb-rot\/"},"modified":"2025-02-26T12:41:41","modified_gmt":"2025-02-26T11:41:41","slug":"adidas-trainingsjacke-weiss-schwarz-gelb-rot","status":"publish","type":"product","link":"https:\/\/www.daisho.be\/de\/produit\/adidas-trainingsjacke-weiss-schwarz-gelb-rot\/","title":{"rendered":"Adidas Trainingsjacke &#8211; wei\u00df\/schwarz\/gelb\/rot"},"content":{"rendered":"<p>Die typischen 3 Streifen wurden auf den Schultern und den \u00c4rmeln platziert.<br \/>\nDas adidas Logo befindet sich auf der Vorder- und R\u00fcckseite der Jacke.<br \/>\nDiese Jacke ist aus strapazierf\u00e4higem, schnell trocknendem Polyester aus 100% Recyclingmaterial hergestellt.<br \/>\nDie \u00c4rmelb\u00fcndchen sorgen f\u00fcr einen guten Sitz.<br \/>\nDie Jacke ist au\u00dferdem mit zwei Seitentaschen ausgestattet, die mit einem Rei\u00dfverschluss geschlossen werden.<br \/>\nMerkmale:<br \/>\n&#8211; Farbe: wei\u00df \/ rot \/ schwarz \/ gelb<br \/>\n&#8211; Material: 100% recyceltes Polyester<br \/>\n&#8211; elastische \u00c4rmelb\u00fcndchen<br \/>\n&#8211; zwei Seitentaschen mit Rei\u00dfverschluss<\/p>\n","protected":false},"excerpt":{"rendered":"<p>Die typischen 3 Streifen wurden auf den Schultern und den \u00c4rmeln platziert. Das adidas Logo befindet sich auf der Vorder- und R\u00fcckseite der Jacke. Diese Jacke ist aus strapazierf\u00e4higem, schnell trocknendem Polyester aus 100% Recyclingmaterial hergestellt. Die \u00c4rmelb\u00fcndchen sorgen f\u00fcr einen guten Sitz. Die Jacke ist au\u00dferdem mit zwei Seitentaschen ausgestattet, die mit einem Rei\u00dfverschluss [&hellip;]<\/p>\n","protected":false},"featured_media":462973,"comment_status":"open","ping_status":"closed","template":"","meta":{"inline_featured_image":false},"product_brand":[],"product_cat":[2258,2257,2022,2076],"product_tag":[2178],"sport":[],"class_list":{"0":"post-462961","1":"product","2":"type-product","3":"status-publish","4":"has-post-thumbnail","6":"product_cat-adidas-combat-sports-bekleidung","7":"product_cat-adidas-kleidung-fur-karate","8":"product_cat-karate-bekleidung","9":"product_cat-kleidung","10":"product_tag-adidas-de","11":"pa_size-2xl","12":"pa_size-l","13":"pa_size-m","14":"pa_size-s","15":"pa_size-xl","16":"pa_size-xs","18":"first","19":"instock","20":"taxable","21":"shipping-taxable","22":"purchasable","23":"product-type-variable"},"yoast_head":"<!-- This site is optimized with the Yoast SEO plugin v27.2 - https:\/\/yoast.com\/product\/yoast-seo-wordpress\/ -->\n<title>Adidas Trainingsjacke - wei\u00df\/schwarz\/gelb\/rot &#8211; Daisho<\/title>\n<meta name=\"description\" content=\"Entdecken Sie die Adidas Trainingsjacke, die Stil und Komfort vereint. Ideal f\u00fcr Ihr Training! Sie finden sie auf unserer Website www.daisho.be\/Daisho\" \/>\n<meta name=\"robots\" content=\"index, follow, max-snippet:-1, max-image-preview:large, max-video-preview:-1\" \/>\n<link rel=\"canonical\" href=\"https:\/\/www.daisho.be\/de\/produit\/adidas-trainingsjacke-weiss-schwarz-gelb-rot\/\" \/>\n<meta property=\"og:locale\" content=\"de_DE\" \/>\n<meta property=\"og:type\" content=\"article\" \/>\n<meta property=\"og:title\" content=\"Adidas Trainingsjacke - wei\u00df\/schwarz\/gelb\/rot &#8211; Daisho\" \/>\n<meta property=\"og:description\" content=\"Entdecken Sie die Adidas Trainingsjacke, die Stil und Komfort vereint. Ideal f\u00fcr Ihr Training! Sie finden sie auf unserer Website www.daisho.be\/Daisho\" \/>\n<meta property=\"og:url\" content=\"https:\/\/www.daisho.be\/de\/produit\/adidas-trainingsjacke-weiss-schwarz-gelb-rot\/\" \/>\n<meta property=\"og:site_name\" content=\"Daisho\" \/>\n<meta property=\"article:modified_time\" content=\"2025-02-26T11:41:41+00:00\" \/>\n<meta property=\"og:image\" content=\"https:\/\/www.daisho.be\/wp-content\/uploads\/2024\/09\/image-4.webp\" \/>\n\t<meta property=\"og:image:width\" content=\"1115\" \/>\n\t<meta property=\"og:image:height\" content=\"1200\" \/>\n\t<meta property=\"og:image:type\" content=\"image\/webp\" \/>\n<meta name=\"twitter:card\" content=\"summary_large_image\" \/>\n<script type=\"application\/ld+json\" class=\"yoast-schema-graph\">{\"@context\":\"https:\/\/schema.org\",\"@graph\":[{\"@type\":\"WebPage\",\"@id\":\"https:\/\/www.daisho.be\/de\/produit\/adidas-trainingsjacke-weiss-schwarz-gelb-rot\/\",\"url\":\"https:\/\/www.daisho.be\/de\/produit\/adidas-trainingsjacke-weiss-schwarz-gelb-rot\/\",\"name\":\"Adidas Trainingsjacke - wei\u00df\/schwarz\/gelb\/rot &#8211; Daisho\",\"isPartOf\":{\"@id\":\"https:\/\/www.daisho.be\/de\/#website\"},\"primaryImageOfPage\":{\"@id\":\"https:\/\/www.daisho.be\/de\/produit\/adidas-trainingsjacke-weiss-schwarz-gelb-rot\/#primaryimage\"},\"image\":{\"@id\":\"https:\/\/www.daisho.be\/de\/produit\/adidas-trainingsjacke-weiss-schwarz-gelb-rot\/#primaryimage\"},\"thumbnailUrl\":\"https:\/\/www.daisho.be\/wp-content\/uploads\/2024\/09\/image-4.webp\",\"datePublished\":\"2024-09-05T09:10:41+00:00\",\"dateModified\":\"2025-02-26T11:41:41+00:00\",\"description\":\"Entdecken Sie die Adidas Trainingsjacke, die Stil und Komfort vereint. Ideal f\u00fcr Ihr Training! Sie finden sie auf unserer Website www.daisho.be\/Daisho\",\"breadcrumb\":{\"@id\":\"https:\/\/www.daisho.be\/de\/produit\/adidas-trainingsjacke-weiss-schwarz-gelb-rot\/#breadcrumb\"},\"inLanguage\":\"de\",\"potentialAction\":[{\"@type\":\"ReadAction\",\"target\":[\"https:\/\/www.daisho.be\/de\/produit\/adidas-trainingsjacke-weiss-schwarz-gelb-rot\/\"]}]},{\"@type\":\"ImageObject\",\"inLanguage\":\"de\",\"@id\":\"https:\/\/www.daisho.be\/de\/produit\/adidas-trainingsjacke-weiss-schwarz-gelb-rot\/#primaryimage\",\"url\":\"https:\/\/www.daisho.be\/wp-content\/uploads\/2024\/09\/image-4.webp\",\"contentUrl\":\"https:\/\/www.daisho.be\/wp-content\/uploads\/2024\/09\/image-4.webp\",\"width\":1115,\"height\":1200,\"caption\":\"Adidas Trainingsjacke - wei\u00df\/schwarz\/gelb\/rot-1\"},{\"@type\":\"BreadcrumbList\",\"@id\":\"https:\/\/www.daisho.be\/de\/produit\/adidas-trainingsjacke-weiss-schwarz-gelb-rot\/#breadcrumb\",\"itemListElement\":[{\"@type\":\"ListItem\",\"position\":1,\"name\":\"Accueil\",\"item\":\"https:\/\/www.daisho.be\/de\/\"},{\"@type\":\"ListItem\",\"position\":2,\"name\":\"Produkte\",\"item\":\"https:\/\/www.daisho.be\/de\/produkte\/\"},{\"@type\":\"ListItem\",\"position\":3,\"name\":\"ADIDAS COMBAT SPORTS\",\"item\":\"https:\/\/www.daisho.be\/de\/categorie-produit\/adidas-combat-sports-de\/\"},{\"@type\":\"ListItem\",\"position\":4,\"name\":\"Kampfsport\",\"item\":\"https:\/\/www.daisho.be\/de\/categorie-produit\/adidas-combat-sports-de\/kampfsport\/\"},{\"@type\":\"ListItem\",\"position\":5,\"name\":\"Adidas Combat Sports Bekleidung\",\"item\":\"https:\/\/www.daisho.be\/de\/categorie-produit\/adidas-combat-sports-de\/kampfsport\/adidas-combat-sports-bekleidung\/\"},{\"@type\":\"ListItem\",\"position\":6,\"name\":\"Adidas Trainingsjacke &#8211; wei\u00df\/schwarz\/gelb\/rot\"}]},{\"@type\":\"WebSite\",\"@id\":\"https:\/\/www.daisho.be\/de\/#website\",\"url\":\"https:\/\/www.daisho.be\/de\/\",\"name\":\"Daisho\",\"description\":\"Sp&eacute;cialiste de l'&eacute;quipement sportif d'arts martiaux\",\"publisher\":{\"@id\":\"https:\/\/www.daisho.be\/de\/#organization\"},\"potentialAction\":[{\"@type\":\"SearchAction\",\"target\":{\"@type\":\"EntryPoint\",\"urlTemplate\":\"https:\/\/www.daisho.be\/de\/?s={search_term_string}\"},\"query-input\":{\"@type\":\"PropertyValueSpecification\",\"valueRequired\":true,\"valueName\":\"search_term_string\"}}],\"inLanguage\":\"de\"},{\"@type\":\"Organization\",\"@id\":\"https:\/\/www.daisho.be\/de\/#organization\",\"name\":\"Daisho\",\"url\":\"https:\/\/www.daisho.be\/de\/\",\"logo\":{\"@type\":\"ImageObject\",\"inLanguage\":\"de\",\"@id\":\"https:\/\/www.daisho.be\/de\/#\/schema\/logo\/image\/\",\"url\":\"https:\/\/www.daisho.be\/wp-content\/uploads\/2019\/07\/color-nothing-horizontale4x-e1564486100247.png\",\"contentUrl\":\"https:\/\/www.daisho.be\/wp-content\/uploads\/2019\/07\/color-nothing-horizontale4x-e1564486100247.png\",\"width\":1547,\"height\":385,\"caption\":\"Daisho\"},\"image\":{\"@id\":\"https:\/\/www.daisho.be\/de\/#\/schema\/logo\/image\/\"}}]}<\/script>\n<!-- \/ Yoast SEO plugin. -->","yoast_head_json":{"title":"Adidas Trainingsjacke - wei\u00df\/schwarz\/gelb\/rot &#8211; Daisho","description":"Entdecken Sie die Adidas Trainingsjacke, die Stil und Komfort vereint. Ideal f\u00fcr Ihr Training! Sie finden sie auf unserer Website www.daisho.be\/Daisho","robots":{"index":"index","follow":"follow","max-snippet":"max-snippet:-1","max-image-preview":"max-image-preview:large","max-video-preview":"max-video-preview:-1"},"canonical":"https:\/\/www.daisho.be\/de\/produit\/adidas-trainingsjacke-weiss-schwarz-gelb-rot\/","og_locale":"de_DE","og_type":"article","og_title":"Adidas Trainingsjacke - wei\u00df\/schwarz\/gelb\/rot &#8211; Daisho","og_description":"Entdecken Sie die Adidas Trainingsjacke, die Stil und Komfort vereint. Ideal f\u00fcr Ihr Training! Sie finden sie auf unserer Website www.daisho.be\/Daisho","og_url":"https:\/\/www.daisho.be\/de\/produit\/adidas-trainingsjacke-weiss-schwarz-gelb-rot\/","og_site_name":"Daisho","article_modified_time":"2025-02-26T11:41:41+00:00","og_image":[{"width":1115,"height":1200,"url":"https:\/\/www.daisho.be\/wp-content\/uploads\/2024\/09\/image-4.webp","type":"image\/webp"}],"twitter_card":"summary_large_image","schema":{"@context":"https:\/\/schema.org","@graph":[{"@type":"WebPage","@id":"https:\/\/www.daisho.be\/de\/produit\/adidas-trainingsjacke-weiss-schwarz-gelb-rot\/","url":"https:\/\/www.daisho.be\/de\/produit\/adidas-trainingsjacke-weiss-schwarz-gelb-rot\/","name":"Adidas Trainingsjacke - wei\u00df\/schwarz\/gelb\/rot &#8211; Daisho","isPartOf":{"@id":"https:\/\/www.daisho.be\/de\/#website"},"primaryImageOfPage":{"@id":"https:\/\/www.daisho.be\/de\/produit\/adidas-trainingsjacke-weiss-schwarz-gelb-rot\/#primaryimage"},"image":{"@id":"https:\/\/www.daisho.be\/de\/produit\/adidas-trainingsjacke-weiss-schwarz-gelb-rot\/#primaryimage"},"thumbnailUrl":"https:\/\/www.daisho.be\/wp-content\/uploads\/2024\/09\/image-4.webp","datePublished":"2024-09-05T09:10:41+00:00","dateModified":"2025-02-26T11:41:41+00:00","description":"Entdecken Sie die Adidas Trainingsjacke, die Stil und Komfort vereint. Ideal f\u00fcr Ihr Training! Sie finden sie auf unserer Website www.daisho.be\/Daisho","breadcrumb":{"@id":"https:\/\/www.daisho.be\/de\/produit\/adidas-trainingsjacke-weiss-schwarz-gelb-rot\/#breadcrumb"},"inLanguage":"de","potentialAction":[{"@type":"ReadAction","target":["https:\/\/www.daisho.be\/de\/produit\/adidas-trainingsjacke-weiss-schwarz-gelb-rot\/"]}]},{"@type":"ImageObject","inLanguage":"de","@id":"https:\/\/www.daisho.be\/de\/produit\/adidas-trainingsjacke-weiss-schwarz-gelb-rot\/#primaryimage","url":"https:\/\/www.daisho.be\/wp-content\/uploads\/2024\/09\/image-4.webp","contentUrl":"https:\/\/www.daisho.be\/wp-content\/uploads\/2024\/09\/image-4.webp","width":1115,"height":1200,"caption":"Adidas Trainingsjacke - wei\u00df\/schwarz\/gelb\/rot-1"},{"@type":"BreadcrumbList","@id":"https:\/\/www.daisho.be\/de\/produit\/adidas-trainingsjacke-weiss-schwarz-gelb-rot\/#breadcrumb","itemListElement":[{"@type":"ListItem","position":1,"name":"Accueil","item":"https:\/\/www.daisho.be\/de\/"},{"@type":"ListItem","position":2,"name":"Produkte","item":"https:\/\/www.daisho.be\/de\/produkte\/"},{"@type":"ListItem","position":3,"name":"ADIDAS COMBAT SPORTS","item":"https:\/\/www.daisho.be\/de\/categorie-produit\/adidas-combat-sports-de\/"},{"@type":"ListItem","position":4,"name":"Kampfsport","item":"https:\/\/www.daisho.be\/de\/categorie-produit\/adidas-combat-sports-de\/kampfsport\/"},{"@type":"ListItem","position":5,"name":"Adidas Combat Sports Bekleidung","item":"https:\/\/www.daisho.be\/de\/categorie-produit\/adidas-combat-sports-de\/kampfsport\/adidas-combat-sports-bekleidung\/"},{"@type":"ListItem","position":6,"name":"Adidas Trainingsjacke &#8211; wei\u00df\/schwarz\/gelb\/rot"}]},{"@type":"WebSite","@id":"https:\/\/www.daisho.be\/de\/#website","url":"https:\/\/www.daisho.be\/de\/","name":"Daisho","description":"Sp&eacute;cialiste de l'&eacute;quipement sportif d'arts martiaux","publisher":{"@id":"https:\/\/www.daisho.be\/de\/#organization"},"potentialAction":[{"@type":"SearchAction","target":{"@type":"EntryPoint","urlTemplate":"https:\/\/www.daisho.be\/de\/?s={search_term_string}"},"query-input":{"@type":"PropertyValueSpecification","valueRequired":true,"valueName":"search_term_string"}}],"inLanguage":"de"},{"@type":"Organization","@id":"https:\/\/www.daisho.be\/de\/#organization","name":"Daisho","url":"https:\/\/www.daisho.be\/de\/","logo":{"@type":"ImageObject","inLanguage":"de","@id":"https:\/\/www.daisho.be\/de\/#\/schema\/logo\/image\/","url":"https:\/\/www.daisho.be\/wp-content\/uploads\/2019\/07\/color-nothing-horizontale4x-e1564486100247.png","contentUrl":"https:\/\/www.daisho.be\/wp-content\/uploads\/2019\/07\/color-nothing-horizontale4x-e1564486100247.png","width":1547,"height":385,"caption":"Daisho"},"image":{"@id":"https:\/\/www.daisho.be\/de\/#\/schema\/logo\/image\/"}}]}},"_links":{"self":[{"href":"https:\/\/www.daisho.be\/de\/wp-json\/wp\/v2\/product\/462961","targetHints":{"allow":["GET"]}}],"collection":[{"href":"https:\/\/www.daisho.be\/de\/wp-json\/wp\/v2\/product"}],"about":[{"href":"https:\/\/www.daisho.be\/de\/wp-json\/wp\/v2\/types\/product"}],"replies":[{"embeddable":true,"href":"https:\/\/www.daisho.be\/de\/wp-json\/wp\/v2\/comments?post=462961"}],"wp:featuredmedia":[{"embeddable":true,"href":"https:\/\/www.daisho.be\/de\/wp-json\/wp\/v2\/media\/462973"}],"wp:attachment":[{"href":"https:\/\/www.daisho.be\/de\/wp-json\/wp\/v2\/media?parent=462961"}],"wp:term":[{"taxonomy":"product_brand","embeddable":true,"href":"https:\/\/www.daisho.be\/de\/wp-json\/wp\/v2\/product_brand?post=462961"},{"taxonomy":"product_cat","embeddable":true,"href":"https:\/\/www.daisho.be\/de\/wp-json\/wp\/v2\/product_cat?post=462961"},{"taxonomy":"product_tag","embeddable":true,"href":"https:\/\/www.daisho.be\/de\/wp-json\/wp\/v2\/product_tag?post=462961"},{"taxonomy":"sport","embeddable":true,"href":"https:\/\/www.daisho.be\/de\/wp-json\/wp\/v2\/sport?post=462961"}],"curies":[{"name":"wp","href":"https:\/\/api.w.org\/{rel}","templated":true}]}}