{"id":462945,"date":"2024-09-05T14:30:57","date_gmt":"2024-09-05T12:30:57","guid":{"rendered":"https:\/\/www.daisho.be\/produit\/adidas-military-combat-sporttasche-rose-camo-silber\/"},"modified":"2025-02-26T12:37:43","modified_gmt":"2025-02-26T11:37:43","slug":"adidas-military-combat-sporttasche-rose-camo-silber","status":"publish","type":"product","link":"https:\/\/www.daisho.be\/de\/produit\/adidas-military-combat-sporttasche-rose-camo-silber\/","title":{"rendered":"adidas Military Combat Sporttasche Rose Camo\/Silber"},"content":{"rendered":"<p>Sehr elegante Adidas Big Zipper Bag, die auch als Rucksack verwendet werden kann.<br \/>\nDie Tasche kann je nach gew\u00fcnschtem Fassungsverm\u00f6gen vergr\u00f6\u00dfert oder verkleinert werden, indem sie oben zusammengerollt wird.<br \/>\nDie Tasche hat ein gro\u00dfes Fach, das mit dem Bigzip-Rei\u00dfverschluss ge\u00f6ffnet werden kann.<br \/>\nDar\u00fcber befindet sich ein Nassfach, das auch von oben zug\u00e4nglich ist.<br \/>\nDie beiden Schultergurte des Rucksacks k\u00f6nnen mit Hilfe eines Rei\u00dfverschlusses in einen Schultergurt umgewandelt werden.<br \/>\nEigenschaften:<br \/>\n&#8211; aus robustem Polyester<br \/>\n&#8211; gro\u00dfes Staufach<br \/>\n&#8211; praktisch zum Verkleinern<br \/>\n&#8211; zus\u00e4tzliche Stauf\u00e4cher<\/p>\n","protected":false},"excerpt":{"rendered":"<p>Sehr elegante Adidas Big Zipper Bag, die auch als Rucksack verwendet werden kann. Die Tasche kann je nach gew\u00fcnschtem Fassungsverm\u00f6gen vergr\u00f6\u00dfert oder verkleinert werden, indem sie oben zusammengerollt wird. Die Tasche hat ein gro\u00dfes Fach, das mit dem Bigzip-Rei\u00dfverschluss ge\u00f6ffnet werden kann. Dar\u00fcber befindet sich ein Nassfach, das auch von oben zug\u00e4nglich ist. Die beiden [&hellip;]<\/p>\n","protected":false},"featured_media":462949,"comment_status":"open","ping_status":"closed","template":"","meta":{"inline_featured_image":false},"product_brand":[],"product_cat":[2263,2063,2061,2300],"product_tag":[2178],"sport":[],"class_list":{"0":"post-462945","1":"product","2":"type-product","3":"status-publish","4":"has-post-thumbnail","6":"product_cat-karate-tasche-adidas","7":"product_cat-karate-taschen","8":"product_cat-sporttaschen","9":"product_cat-taschen-adidas-combat-sports","10":"product_tag-adidas-de","11":"pa_size-l","12":"pa_size-m","14":"first","15":"instock","16":"taxable","17":"shipping-taxable","18":"purchasable","19":"product-type-variable"},"yoast_head":"<!-- This site is optimized with the Yoast SEO plugin v27.2 - https:\/\/yoast.com\/product\/yoast-seo-wordpress\/ -->\n<title>adidas Military Combat Sporttasche Rose Camo\/Silber &#8211; Daisho<\/title>\n<meta name=\"description\" content=\"Wenn Sie auf der Suche nach einer eleganten und praktischen Sporttasche sind, ist diese Tasche genau das Richtige f\u00fcr Sie. Sie finden sie auf unserer Website www.daisho.be\/Daisho\" \/>\n<meta name=\"robots\" content=\"index, follow, max-snippet:-1, max-image-preview:large, max-video-preview:-1\" \/>\n<link rel=\"canonical\" href=\"https:\/\/www.daisho.be\/de\/produit\/adidas-military-combat-sporttasche-rose-camo-silber\/\" \/>\n<meta property=\"og:locale\" content=\"de_DE\" \/>\n<meta property=\"og:type\" content=\"article\" \/>\n<meta property=\"og:title\" content=\"adidas Military Combat Sporttasche Rose Camo\/Silber &#8211; Daisho\" \/>\n<meta property=\"og:description\" content=\"Wenn Sie auf der Suche nach einer eleganten und praktischen Sporttasche sind, ist diese Tasche genau das Richtige f\u00fcr Sie. Sie finden sie auf unserer Website www.daisho.be\/Daisho\" \/>\n<meta property=\"og:url\" content=\"https:\/\/www.daisho.be\/de\/produit\/adidas-military-combat-sporttasche-rose-camo-silber\/\" \/>\n<meta property=\"og:site_name\" content=\"Daisho\" \/>\n<meta property=\"article:modified_time\" content=\"2025-02-26T11:37:43+00:00\" \/>\n<meta property=\"og:image\" content=\"https:\/\/www.daisho.be\/wp-content\/uploads\/2024\/09\/image-4.jpg\" \/>\n\t<meta property=\"og:image:width\" content=\"559\" \/>\n\t<meta property=\"og:image:height\" content=\"554\" \/>\n\t<meta property=\"og:image:type\" content=\"image\/jpeg\" \/>\n<meta name=\"twitter:card\" content=\"summary_large_image\" \/>\n<script type=\"application\/ld+json\" class=\"yoast-schema-graph\">{\"@context\":\"https:\/\/schema.org\",\"@graph\":[{\"@type\":\"WebPage\",\"@id\":\"https:\/\/www.daisho.be\/de\/produit\/adidas-military-combat-sporttasche-rose-camo-silber\/\",\"url\":\"https:\/\/www.daisho.be\/de\/produit\/adidas-military-combat-sporttasche-rose-camo-silber\/\",\"name\":\"adidas Military Combat Sporttasche Rose Camo\/Silber &#8211; Daisho\",\"isPartOf\":{\"@id\":\"https:\/\/www.daisho.be\/de\/#website\"},\"primaryImageOfPage\":{\"@id\":\"https:\/\/www.daisho.be\/de\/produit\/adidas-military-combat-sporttasche-rose-camo-silber\/#primaryimage\"},\"image\":{\"@id\":\"https:\/\/www.daisho.be\/de\/produit\/adidas-military-combat-sporttasche-rose-camo-silber\/#primaryimage\"},\"thumbnailUrl\":\"https:\/\/www.daisho.be\/wp-content\/uploads\/2024\/09\/image-4.jpg\",\"datePublished\":\"2024-09-05T12:30:57+00:00\",\"dateModified\":\"2025-02-26T11:37:43+00:00\",\"description\":\"Wenn Sie auf der Suche nach einer eleganten und praktischen Sporttasche sind, ist diese Tasche genau das Richtige f\u00fcr Sie. Sie finden sie auf unserer Website www.daisho.be\/Daisho\",\"breadcrumb\":{\"@id\":\"https:\/\/www.daisho.be\/de\/produit\/adidas-military-combat-sporttasche-rose-camo-silber\/#breadcrumb\"},\"inLanguage\":\"de\",\"potentialAction\":[{\"@type\":\"ReadAction\",\"target\":[\"https:\/\/www.daisho.be\/de\/produit\/adidas-military-combat-sporttasche-rose-camo-silber\/\"]}]},{\"@type\":\"ImageObject\",\"inLanguage\":\"de\",\"@id\":\"https:\/\/www.daisho.be\/de\/produit\/adidas-military-combat-sporttasche-rose-camo-silber\/#primaryimage\",\"url\":\"https:\/\/www.daisho.be\/wp-content\/uploads\/2024\/09\/image-4.jpg\",\"contentUrl\":\"https:\/\/www.daisho.be\/wp-content\/uploads\/2024\/09\/image-4.jpg\",\"width\":559,\"height\":554,\"caption\":\"Sporttasche adidas Military Combat Rose Camo\/Silber-1\"},{\"@type\":\"BreadcrumbList\",\"@id\":\"https:\/\/www.daisho.be\/de\/produit\/adidas-military-combat-sporttasche-rose-camo-silber\/#breadcrumb\",\"itemListElement\":[{\"@type\":\"ListItem\",\"position\":1,\"name\":\"Accueil\",\"item\":\"https:\/\/www.daisho.be\/de\/\"},{\"@type\":\"ListItem\",\"position\":2,\"name\":\"Produkte\",\"item\":\"https:\/\/www.daisho.be\/de\/produkte\/\"},{\"@type\":\"ListItem\",\"position\":3,\"name\":\"ADIDAS COMBAT SPORTS\",\"item\":\"https:\/\/www.daisho.be\/de\/categorie-produit\/adidas-combat-sports-de\/\"},{\"@type\":\"ListItem\",\"position\":4,\"name\":\"Karate\",\"item\":\"https:\/\/www.daisho.be\/de\/categorie-produit\/adidas-combat-sports-de\/karate-de\/\"},{\"@type\":\"ListItem\",\"position\":5,\"name\":\"Karate Tasche Adidas\",\"item\":\"https:\/\/www.daisho.be\/de\/categorie-produit\/adidas-combat-sports-de\/karate-de\/karate-tasche-adidas\/\"},{\"@type\":\"ListItem\",\"position\":6,\"name\":\"adidas Military Combat Sporttasche Rose Camo\/Silber\"}]},{\"@type\":\"WebSite\",\"@id\":\"https:\/\/www.daisho.be\/de\/#website\",\"url\":\"https:\/\/www.daisho.be\/de\/\",\"name\":\"Daisho\",\"description\":\"Sp&eacute;cialiste de l'&eacute;quipement sportif d'arts martiaux\",\"publisher\":{\"@id\":\"https:\/\/www.daisho.be\/de\/#organization\"},\"potentialAction\":[{\"@type\":\"SearchAction\",\"target\":{\"@type\":\"EntryPoint\",\"urlTemplate\":\"https:\/\/www.daisho.be\/de\/?s={search_term_string}\"},\"query-input\":{\"@type\":\"PropertyValueSpecification\",\"valueRequired\":true,\"valueName\":\"search_term_string\"}}],\"inLanguage\":\"de\"},{\"@type\":\"Organization\",\"@id\":\"https:\/\/www.daisho.be\/de\/#organization\",\"name\":\"Daisho\",\"url\":\"https:\/\/www.daisho.be\/de\/\",\"logo\":{\"@type\":\"ImageObject\",\"inLanguage\":\"de\",\"@id\":\"https:\/\/www.daisho.be\/de\/#\/schema\/logo\/image\/\",\"url\":\"https:\/\/www.daisho.be\/wp-content\/uploads\/2019\/07\/color-nothing-horizontale4x-e1564486100247.png\",\"contentUrl\":\"https:\/\/www.daisho.be\/wp-content\/uploads\/2019\/07\/color-nothing-horizontale4x-e1564486100247.png\",\"width\":1547,\"height\":385,\"caption\":\"Daisho\"},\"image\":{\"@id\":\"https:\/\/www.daisho.be\/de\/#\/schema\/logo\/image\/\"}}]}<\/script>\n<!-- \/ Yoast SEO plugin. -->","yoast_head_json":{"title":"adidas Military Combat Sporttasche Rose Camo\/Silber &#8211; Daisho","description":"Wenn Sie auf der Suche nach einer eleganten und praktischen Sporttasche sind, ist diese Tasche genau das Richtige f\u00fcr Sie. Sie finden sie auf unserer Website www.daisho.be\/Daisho","robots":{"index":"index","follow":"follow","max-snippet":"max-snippet:-1","max-image-preview":"max-image-preview:large","max-video-preview":"max-video-preview:-1"},"canonical":"https:\/\/www.daisho.be\/de\/produit\/adidas-military-combat-sporttasche-rose-camo-silber\/","og_locale":"de_DE","og_type":"article","og_title":"adidas Military Combat Sporttasche Rose Camo\/Silber &#8211; Daisho","og_description":"Wenn Sie auf der Suche nach einer eleganten und praktischen Sporttasche sind, ist diese Tasche genau das Richtige f\u00fcr Sie. Sie finden sie auf unserer Website www.daisho.be\/Daisho","og_url":"https:\/\/www.daisho.be\/de\/produit\/adidas-military-combat-sporttasche-rose-camo-silber\/","og_site_name":"Daisho","article_modified_time":"2025-02-26T11:37:43+00:00","og_image":[{"width":559,"height":554,"url":"https:\/\/www.daisho.be\/wp-content\/uploads\/2024\/09\/image-4.jpg","type":"image\/jpeg"}],"twitter_card":"summary_large_image","schema":{"@context":"https:\/\/schema.org","@graph":[{"@type":"WebPage","@id":"https:\/\/www.daisho.be\/de\/produit\/adidas-military-combat-sporttasche-rose-camo-silber\/","url":"https:\/\/www.daisho.be\/de\/produit\/adidas-military-combat-sporttasche-rose-camo-silber\/","name":"adidas Military Combat Sporttasche Rose Camo\/Silber &#8211; Daisho","isPartOf":{"@id":"https:\/\/www.daisho.be\/de\/#website"},"primaryImageOfPage":{"@id":"https:\/\/www.daisho.be\/de\/produit\/adidas-military-combat-sporttasche-rose-camo-silber\/#primaryimage"},"image":{"@id":"https:\/\/www.daisho.be\/de\/produit\/adidas-military-combat-sporttasche-rose-camo-silber\/#primaryimage"},"thumbnailUrl":"https:\/\/www.daisho.be\/wp-content\/uploads\/2024\/09\/image-4.jpg","datePublished":"2024-09-05T12:30:57+00:00","dateModified":"2025-02-26T11:37:43+00:00","description":"Wenn Sie auf der Suche nach einer eleganten und praktischen Sporttasche sind, ist diese Tasche genau das Richtige f\u00fcr Sie. Sie finden sie auf unserer Website www.daisho.be\/Daisho","breadcrumb":{"@id":"https:\/\/www.daisho.be\/de\/produit\/adidas-military-combat-sporttasche-rose-camo-silber\/#breadcrumb"},"inLanguage":"de","potentialAction":[{"@type":"ReadAction","target":["https:\/\/www.daisho.be\/de\/produit\/adidas-military-combat-sporttasche-rose-camo-silber\/"]}]},{"@type":"ImageObject","inLanguage":"de","@id":"https:\/\/www.daisho.be\/de\/produit\/adidas-military-combat-sporttasche-rose-camo-silber\/#primaryimage","url":"https:\/\/www.daisho.be\/wp-content\/uploads\/2024\/09\/image-4.jpg","contentUrl":"https:\/\/www.daisho.be\/wp-content\/uploads\/2024\/09\/image-4.jpg","width":559,"height":554,"caption":"Sporttasche adidas Military Combat Rose Camo\/Silber-1"},{"@type":"BreadcrumbList","@id":"https:\/\/www.daisho.be\/de\/produit\/adidas-military-combat-sporttasche-rose-camo-silber\/#breadcrumb","itemListElement":[{"@type":"ListItem","position":1,"name":"Accueil","item":"https:\/\/www.daisho.be\/de\/"},{"@type":"ListItem","position":2,"name":"Produkte","item":"https:\/\/www.daisho.be\/de\/produkte\/"},{"@type":"ListItem","position":3,"name":"ADIDAS COMBAT SPORTS","item":"https:\/\/www.daisho.be\/de\/categorie-produit\/adidas-combat-sports-de\/"},{"@type":"ListItem","position":4,"name":"Karate","item":"https:\/\/www.daisho.be\/de\/categorie-produit\/adidas-combat-sports-de\/karate-de\/"},{"@type":"ListItem","position":5,"name":"Karate Tasche Adidas","item":"https:\/\/www.daisho.be\/de\/categorie-produit\/adidas-combat-sports-de\/karate-de\/karate-tasche-adidas\/"},{"@type":"ListItem","position":6,"name":"adidas Military Combat Sporttasche Rose Camo\/Silber"}]},{"@type":"WebSite","@id":"https:\/\/www.daisho.be\/de\/#website","url":"https:\/\/www.daisho.be\/de\/","name":"Daisho","description":"Sp&eacute;cialiste de l'&eacute;quipement sportif d'arts martiaux","publisher":{"@id":"https:\/\/www.daisho.be\/de\/#organization"},"potentialAction":[{"@type":"SearchAction","target":{"@type":"EntryPoint","urlTemplate":"https:\/\/www.daisho.be\/de\/?s={search_term_string}"},"query-input":{"@type":"PropertyValueSpecification","valueRequired":true,"valueName":"search_term_string"}}],"inLanguage":"de"},{"@type":"Organization","@id":"https:\/\/www.daisho.be\/de\/#organization","name":"Daisho","url":"https:\/\/www.daisho.be\/de\/","logo":{"@type":"ImageObject","inLanguage":"de","@id":"https:\/\/www.daisho.be\/de\/#\/schema\/logo\/image\/","url":"https:\/\/www.daisho.be\/wp-content\/uploads\/2019\/07\/color-nothing-horizontale4x-e1564486100247.png","contentUrl":"https:\/\/www.daisho.be\/wp-content\/uploads\/2019\/07\/color-nothing-horizontale4x-e1564486100247.png","width":1547,"height":385,"caption":"Daisho"},"image":{"@id":"https:\/\/www.daisho.be\/de\/#\/schema\/logo\/image\/"}}]}},"_links":{"self":[{"href":"https:\/\/www.daisho.be\/de\/wp-json\/wp\/v2\/product\/462945","targetHints":{"allow":["GET"]}}],"collection":[{"href":"https:\/\/www.daisho.be\/de\/wp-json\/wp\/v2\/product"}],"about":[{"href":"https:\/\/www.daisho.be\/de\/wp-json\/wp\/v2\/types\/product"}],"replies":[{"embeddable":true,"href":"https:\/\/www.daisho.be\/de\/wp-json\/wp\/v2\/comments?post=462945"}],"wp:featuredmedia":[{"embeddable":true,"href":"https:\/\/www.daisho.be\/de\/wp-json\/wp\/v2\/media\/462949"}],"wp:attachment":[{"href":"https:\/\/www.daisho.be\/de\/wp-json\/wp\/v2\/media?parent=462945"}],"wp:term":[{"taxonomy":"product_brand","embeddable":true,"href":"https:\/\/www.daisho.be\/de\/wp-json\/wp\/v2\/product_brand?post=462945"},{"taxonomy":"product_cat","embeddable":true,"href":"https:\/\/www.daisho.be\/de\/wp-json\/wp\/v2\/product_cat?post=462945"},{"taxonomy":"product_tag","embeddable":true,"href":"https:\/\/www.daisho.be\/de\/wp-json\/wp\/v2\/product_tag?post=462945"},{"taxonomy":"sport","embeddable":true,"href":"https:\/\/www.daisho.be\/de\/wp-json\/wp\/v2\/sport?post=462945"}],"curies":[{"name":"wp","href":"https:\/\/api.w.org\/{rel}","templated":true}]}}