{"id":462816,"date":"2024-09-11T11:00:19","date_gmt":"2024-09-11T09:00:19","guid":{"rendered":"https:\/\/www.daisho.be\/produit\/adidas-jiu-jitsu-keikogi-challenge-schwarz\/"},"modified":"2026-02-26T08:50:29","modified_gmt":"2026-02-26T07:50:29","slug":"adidas-jiu-jitsu-keikogi-challenge-schwarz","status":"publish","type":"product","link":"https:\/\/www.daisho.be\/de\/produit\/adidas-jiu-jitsu-keikogi-challenge-schwarz\/","title":{"rendered":"adidas Jiu-Jitsu Keikogi &#8222;Challenge&#8220; &#8211; Schwarz"},"content":{"rendered":"<p>Dieser neue Gi der Marke mit den drei Streifen wurde f\u00fcr JJB-Praktizierende aller Niveaus entworfen.<br \/>\nDieses Modell ist aufgrund seines technischen Designs und der Auswahl hochwertiger Materialien vollst\u00e4ndig auf die Praxis des JJB abgestimmt.<\/p>\n<p>Beschreibung :<br \/>\nJacke aus 100% Baumwolle 350 gr\/m2 premium vorgereinigter, hochfester Baumwolle<br \/>\nVerst\u00e4rkter Kragen<br \/>\nHose aus 280 g vorgeritzter, strapazierf\u00e4higer Baumwolle mit Knieverst\u00e4rkung, Schn\u00fcrsenkel.<br \/>\nGesticktes adidas-Logo auf der Schulter und der linken Seitenhose<br \/>\nFarbe: Schwarz mit wei\u00dfem Logo und Kontrastn\u00e4hten<\/p>\n<p>Gr\u00f6\u00dfentabelle:<br \/>\n&#8211; A0: 150 bis 160 cm<br \/>\n&#8211; A1: 160 bis 170 cm<br \/>\n&#8211; A2: 170 bis 180 cm<br \/>\n&#8211; A3: 180 bis 190 cm<br \/>\n&#8211; A4: 190 bis 200 cm<\/p>\n","protected":false},"excerpt":{"rendered":"<p>Dieser neue Gi der Marke mit den drei Streifen wurde f\u00fcr JJB-Praktizierende aller Niveaus entworfen. Dieses Modell ist aufgrund seines technischen Designs und der Auswahl hochwertiger Materialien vollst\u00e4ndig auf die Praxis des JJB abgestimmt. Beschreibung : Jacke aus 100% Baumwolle 350 gr\/m2 premium vorgereinigter, hochfester Baumwolle Verst\u00e4rkter Kragen Hose aus 280 g vorgeritzter, strapazierf\u00e4higer Baumwolle [&hellip;]<\/p>\n","protected":false},"featured_media":462827,"comment_status":"open","ping_status":"closed","template":"","meta":{"inline_featured_image":false},"product_brand":[],"product_cat":[2186],"product_tag":[2178],"sport":[],"class_list":{"0":"post-462816","1":"product","2":"type-product","3":"status-publish","4":"has-post-thumbnail","6":"product_cat-kimono-keikogi-fur-jiu-jitsu","7":"product_tag-adidas-de","8":"pa_size-a0","9":"pa_size-a1","10":"pa_size-a2","11":"pa_size-a3","12":"pa_size-a4","14":"first","15":"instock","16":"taxable","17":"shipping-taxable","18":"purchasable","19":"product-type-variable"},"yoast_head":"<!-- This site is optimized with the Yoast SEO plugin v27.2 - https:\/\/yoast.com\/product\/yoast-seo-wordpress\/ -->\n<title>adidas Jiu-Jitsu Keikogi &quot;Challenge&quot; - Schwarz &#8211; Daisho<\/title>\n<meta name=\"description\" content=\"Auf der Suche nach einem qualitativ hochwertigen Keikogi, der nach einer bestimmten Technik hergestellt wurde, ist dieser Keikogi genau das Richtige f\u00fcr Sie. Sie finden ihn auf www.daisho.be\/Daisho\" \/>\n<meta name=\"robots\" content=\"index, follow, max-snippet:-1, max-image-preview:large, max-video-preview:-1\" \/>\n<link rel=\"canonical\" href=\"https:\/\/www.daisho.be\/de\/produit\/adidas-jiu-jitsu-keikogi-challenge-schwarz\/\" \/>\n<meta property=\"og:locale\" content=\"de_DE\" \/>\n<meta property=\"og:type\" content=\"article\" \/>\n<meta property=\"og:title\" content=\"adidas Jiu-Jitsu Keikogi &quot;Challenge&quot; - Schwarz &#8211; Daisho\" \/>\n<meta property=\"og:description\" content=\"Auf der Suche nach einem qualitativ hochwertigen Keikogi, der nach einer bestimmten Technik hergestellt wurde, ist dieser Keikogi genau das Richtige f\u00fcr Sie. Sie finden ihn auf www.daisho.be\/Daisho\" \/>\n<meta property=\"og:url\" content=\"https:\/\/www.daisho.be\/de\/produit\/adidas-jiu-jitsu-keikogi-challenge-schwarz\/\" \/>\n<meta property=\"og:site_name\" content=\"Daisho\" \/>\n<meta property=\"article:modified_time\" content=\"2026-02-26T07:50:29+00:00\" \/>\n<meta property=\"og:image\" content=\"https:\/\/www.daisho.be\/wp-content\/uploads\/2024\/09\/image-5.png\" \/>\n\t<meta property=\"og:image:width\" content=\"461\" \/>\n\t<meta property=\"og:image:height\" content=\"694\" \/>\n\t<meta property=\"og:image:type\" content=\"image\/png\" \/>\n<meta name=\"twitter:card\" content=\"summary_large_image\" \/>\n<meta name=\"twitter:label1\" content=\"Gesch\u00e4tzte Lesezeit\" \/>\n\t<meta name=\"twitter:data1\" content=\"1\u00a0Minute\" \/>\n<script type=\"application\/ld+json\" class=\"yoast-schema-graph\">{\"@context\":\"https:\/\/schema.org\",\"@graph\":[{\"@type\":\"WebPage\",\"@id\":\"https:\/\/www.daisho.be\/de\/produit\/adidas-jiu-jitsu-keikogi-challenge-schwarz\/\",\"url\":\"https:\/\/www.daisho.be\/de\/produit\/adidas-jiu-jitsu-keikogi-challenge-schwarz\/\",\"name\":\"adidas Jiu-Jitsu Keikogi \\\"Challenge\\\" - Schwarz &#8211; Daisho\",\"isPartOf\":{\"@id\":\"https:\/\/www.daisho.be\/de\/#website\"},\"primaryImageOfPage\":{\"@id\":\"https:\/\/www.daisho.be\/de\/produit\/adidas-jiu-jitsu-keikogi-challenge-schwarz\/#primaryimage\"},\"image\":{\"@id\":\"https:\/\/www.daisho.be\/de\/produit\/adidas-jiu-jitsu-keikogi-challenge-schwarz\/#primaryimage\"},\"thumbnailUrl\":\"https:\/\/www.daisho.be\/wp-content\/uploads\/2024\/09\/image-5.png\",\"datePublished\":\"2024-09-11T09:00:19+00:00\",\"dateModified\":\"2026-02-26T07:50:29+00:00\",\"description\":\"Auf der Suche nach einem qualitativ hochwertigen Keikogi, der nach einer bestimmten Technik hergestellt wurde, ist dieser Keikogi genau das Richtige f\u00fcr Sie. Sie finden ihn auf www.daisho.be\/Daisho\",\"breadcrumb\":{\"@id\":\"https:\/\/www.daisho.be\/de\/produit\/adidas-jiu-jitsu-keikogi-challenge-schwarz\/#breadcrumb\"},\"inLanguage\":\"de\",\"potentialAction\":[{\"@type\":\"ReadAction\",\"target\":[\"https:\/\/www.daisho.be\/de\/produit\/adidas-jiu-jitsu-keikogi-challenge-schwarz\/\"]}]},{\"@type\":\"ImageObject\",\"inLanguage\":\"de\",\"@id\":\"https:\/\/www.daisho.be\/de\/produit\/adidas-jiu-jitsu-keikogi-challenge-schwarz\/#primaryimage\",\"url\":\"https:\/\/www.daisho.be\/wp-content\/uploads\/2024\/09\/image-5.png\",\"contentUrl\":\"https:\/\/www.daisho.be\/wp-content\/uploads\/2024\/09\/image-5.png\",\"width\":461,\"height\":694,\"caption\":\"Adidas Jiu-Jitsu Keikogi \\\"Challenge\\\" - Schwarz-1\"},{\"@type\":\"BreadcrumbList\",\"@id\":\"https:\/\/www.daisho.be\/de\/produit\/adidas-jiu-jitsu-keikogi-challenge-schwarz\/#breadcrumb\",\"itemListElement\":[{\"@type\":\"ListItem\",\"position\":1,\"name\":\"Accueil\",\"item\":\"https:\/\/www.daisho.be\/de\/\"},{\"@type\":\"ListItem\",\"position\":2,\"name\":\"Produkte\",\"item\":\"https:\/\/www.daisho.be\/de\/produkte\/\"},{\"@type\":\"ListItem\",\"position\":3,\"name\":\"ADIDAS COMBAT SPORTS\",\"item\":\"https:\/\/www.daisho.be\/de\/categorie-produit\/adidas-combat-sports-de\/\"},{\"@type\":\"ListItem\",\"position\":4,\"name\":\"Jiu-Jitsu\",\"item\":\"https:\/\/www.daisho.be\/de\/categorie-produit\/adidas-combat-sports-de\/jiu-jitsu-de\/\"},{\"@type\":\"ListItem\",\"position\":5,\"name\":\"Kimono - Keikogi f\u00fcr Jiu-Jitsu\",\"item\":\"https:\/\/www.daisho.be\/de\/categorie-produit\/adidas-combat-sports-de\/jiu-jitsu-de\/kimono-keikogi-fur-jiu-jitsu\/\"},{\"@type\":\"ListItem\",\"position\":6,\"name\":\"adidas Jiu-Jitsu Keikogi &#8222;Challenge&#8220; &#8211; Schwarz\"}]},{\"@type\":\"WebSite\",\"@id\":\"https:\/\/www.daisho.be\/de\/#website\",\"url\":\"https:\/\/www.daisho.be\/de\/\",\"name\":\"Daisho\",\"description\":\"Sp&eacute;cialiste de l'&eacute;quipement sportif d'arts martiaux\",\"publisher\":{\"@id\":\"https:\/\/www.daisho.be\/de\/#organization\"},\"potentialAction\":[{\"@type\":\"SearchAction\",\"target\":{\"@type\":\"EntryPoint\",\"urlTemplate\":\"https:\/\/www.daisho.be\/de\/?s={search_term_string}\"},\"query-input\":{\"@type\":\"PropertyValueSpecification\",\"valueRequired\":true,\"valueName\":\"search_term_string\"}}],\"inLanguage\":\"de\"},{\"@type\":\"Organization\",\"@id\":\"https:\/\/www.daisho.be\/de\/#organization\",\"name\":\"Daisho\",\"url\":\"https:\/\/www.daisho.be\/de\/\",\"logo\":{\"@type\":\"ImageObject\",\"inLanguage\":\"de\",\"@id\":\"https:\/\/www.daisho.be\/de\/#\/schema\/logo\/image\/\",\"url\":\"https:\/\/www.daisho.be\/wp-content\/uploads\/2019\/07\/color-nothing-horizontale4x-e1564486100247.png\",\"contentUrl\":\"https:\/\/www.daisho.be\/wp-content\/uploads\/2019\/07\/color-nothing-horizontale4x-e1564486100247.png\",\"width\":1547,\"height\":385,\"caption\":\"Daisho\"},\"image\":{\"@id\":\"https:\/\/www.daisho.be\/de\/#\/schema\/logo\/image\/\"}}]}<\/script>\n<!-- \/ Yoast SEO plugin. -->","yoast_head_json":{"title":"adidas Jiu-Jitsu Keikogi \"Challenge\" - Schwarz &#8211; Daisho","description":"Auf der Suche nach einem qualitativ hochwertigen Keikogi, der nach einer bestimmten Technik hergestellt wurde, ist dieser Keikogi genau das Richtige f\u00fcr Sie. Sie finden ihn auf www.daisho.be\/Daisho","robots":{"index":"index","follow":"follow","max-snippet":"max-snippet:-1","max-image-preview":"max-image-preview:large","max-video-preview":"max-video-preview:-1"},"canonical":"https:\/\/www.daisho.be\/de\/produit\/adidas-jiu-jitsu-keikogi-challenge-schwarz\/","og_locale":"de_DE","og_type":"article","og_title":"adidas Jiu-Jitsu Keikogi \"Challenge\" - Schwarz &#8211; Daisho","og_description":"Auf der Suche nach einem qualitativ hochwertigen Keikogi, der nach einer bestimmten Technik hergestellt wurde, ist dieser Keikogi genau das Richtige f\u00fcr Sie. Sie finden ihn auf www.daisho.be\/Daisho","og_url":"https:\/\/www.daisho.be\/de\/produit\/adidas-jiu-jitsu-keikogi-challenge-schwarz\/","og_site_name":"Daisho","article_modified_time":"2026-02-26T07:50:29+00:00","og_image":[{"width":461,"height":694,"url":"https:\/\/www.daisho.be\/wp-content\/uploads\/2024\/09\/image-5.png","type":"image\/png"}],"twitter_card":"summary_large_image","twitter_misc":{"Gesch\u00e4tzte Lesezeit":"1\u00a0Minute"},"schema":{"@context":"https:\/\/schema.org","@graph":[{"@type":"WebPage","@id":"https:\/\/www.daisho.be\/de\/produit\/adidas-jiu-jitsu-keikogi-challenge-schwarz\/","url":"https:\/\/www.daisho.be\/de\/produit\/adidas-jiu-jitsu-keikogi-challenge-schwarz\/","name":"adidas Jiu-Jitsu Keikogi \"Challenge\" - Schwarz &#8211; Daisho","isPartOf":{"@id":"https:\/\/www.daisho.be\/de\/#website"},"primaryImageOfPage":{"@id":"https:\/\/www.daisho.be\/de\/produit\/adidas-jiu-jitsu-keikogi-challenge-schwarz\/#primaryimage"},"image":{"@id":"https:\/\/www.daisho.be\/de\/produit\/adidas-jiu-jitsu-keikogi-challenge-schwarz\/#primaryimage"},"thumbnailUrl":"https:\/\/www.daisho.be\/wp-content\/uploads\/2024\/09\/image-5.png","datePublished":"2024-09-11T09:00:19+00:00","dateModified":"2026-02-26T07:50:29+00:00","description":"Auf der Suche nach einem qualitativ hochwertigen Keikogi, der nach einer bestimmten Technik hergestellt wurde, ist dieser Keikogi genau das Richtige f\u00fcr Sie. Sie finden ihn auf www.daisho.be\/Daisho","breadcrumb":{"@id":"https:\/\/www.daisho.be\/de\/produit\/adidas-jiu-jitsu-keikogi-challenge-schwarz\/#breadcrumb"},"inLanguage":"de","potentialAction":[{"@type":"ReadAction","target":["https:\/\/www.daisho.be\/de\/produit\/adidas-jiu-jitsu-keikogi-challenge-schwarz\/"]}]},{"@type":"ImageObject","inLanguage":"de","@id":"https:\/\/www.daisho.be\/de\/produit\/adidas-jiu-jitsu-keikogi-challenge-schwarz\/#primaryimage","url":"https:\/\/www.daisho.be\/wp-content\/uploads\/2024\/09\/image-5.png","contentUrl":"https:\/\/www.daisho.be\/wp-content\/uploads\/2024\/09\/image-5.png","width":461,"height":694,"caption":"Adidas Jiu-Jitsu Keikogi \"Challenge\" - Schwarz-1"},{"@type":"BreadcrumbList","@id":"https:\/\/www.daisho.be\/de\/produit\/adidas-jiu-jitsu-keikogi-challenge-schwarz\/#breadcrumb","itemListElement":[{"@type":"ListItem","position":1,"name":"Accueil","item":"https:\/\/www.daisho.be\/de\/"},{"@type":"ListItem","position":2,"name":"Produkte","item":"https:\/\/www.daisho.be\/de\/produkte\/"},{"@type":"ListItem","position":3,"name":"ADIDAS COMBAT SPORTS","item":"https:\/\/www.daisho.be\/de\/categorie-produit\/adidas-combat-sports-de\/"},{"@type":"ListItem","position":4,"name":"Jiu-Jitsu","item":"https:\/\/www.daisho.be\/de\/categorie-produit\/adidas-combat-sports-de\/jiu-jitsu-de\/"},{"@type":"ListItem","position":5,"name":"Kimono - Keikogi f\u00fcr Jiu-Jitsu","item":"https:\/\/www.daisho.be\/de\/categorie-produit\/adidas-combat-sports-de\/jiu-jitsu-de\/kimono-keikogi-fur-jiu-jitsu\/"},{"@type":"ListItem","position":6,"name":"adidas Jiu-Jitsu Keikogi &#8222;Challenge&#8220; &#8211; Schwarz"}]},{"@type":"WebSite","@id":"https:\/\/www.daisho.be\/de\/#website","url":"https:\/\/www.daisho.be\/de\/","name":"Daisho","description":"Sp&eacute;cialiste de l'&eacute;quipement sportif d'arts martiaux","publisher":{"@id":"https:\/\/www.daisho.be\/de\/#organization"},"potentialAction":[{"@type":"SearchAction","target":{"@type":"EntryPoint","urlTemplate":"https:\/\/www.daisho.be\/de\/?s={search_term_string}"},"query-input":{"@type":"PropertyValueSpecification","valueRequired":true,"valueName":"search_term_string"}}],"inLanguage":"de"},{"@type":"Organization","@id":"https:\/\/www.daisho.be\/de\/#organization","name":"Daisho","url":"https:\/\/www.daisho.be\/de\/","logo":{"@type":"ImageObject","inLanguage":"de","@id":"https:\/\/www.daisho.be\/de\/#\/schema\/logo\/image\/","url":"https:\/\/www.daisho.be\/wp-content\/uploads\/2019\/07\/color-nothing-horizontale4x-e1564486100247.png","contentUrl":"https:\/\/www.daisho.be\/wp-content\/uploads\/2019\/07\/color-nothing-horizontale4x-e1564486100247.png","width":1547,"height":385,"caption":"Daisho"},"image":{"@id":"https:\/\/www.daisho.be\/de\/#\/schema\/logo\/image\/"}}]}},"_links":{"self":[{"href":"https:\/\/www.daisho.be\/de\/wp-json\/wp\/v2\/product\/462816","targetHints":{"allow":["GET"]}}],"collection":[{"href":"https:\/\/www.daisho.be\/de\/wp-json\/wp\/v2\/product"}],"about":[{"href":"https:\/\/www.daisho.be\/de\/wp-json\/wp\/v2\/types\/product"}],"replies":[{"embeddable":true,"href":"https:\/\/www.daisho.be\/de\/wp-json\/wp\/v2\/comments?post=462816"}],"wp:featuredmedia":[{"embeddable":true,"href":"https:\/\/www.daisho.be\/de\/wp-json\/wp\/v2\/media\/462827"}],"wp:attachment":[{"href":"https:\/\/www.daisho.be\/de\/wp-json\/wp\/v2\/media?parent=462816"}],"wp:term":[{"taxonomy":"product_brand","embeddable":true,"href":"https:\/\/www.daisho.be\/de\/wp-json\/wp\/v2\/product_brand?post=462816"},{"taxonomy":"product_cat","embeddable":true,"href":"https:\/\/www.daisho.be\/de\/wp-json\/wp\/v2\/product_cat?post=462816"},{"taxonomy":"product_tag","embeddable":true,"href":"https:\/\/www.daisho.be\/de\/wp-json\/wp\/v2\/product_tag?post=462816"},{"taxonomy":"sport","embeddable":true,"href":"https:\/\/www.daisho.be\/de\/wp-json\/wp\/v2\/sport?post=462816"}],"curies":[{"name":"wp","href":"https:\/\/api.w.org\/{rel}","templated":true}]}}