{"id":462801,"date":"2024-09-11T11:01:42","date_gmt":"2024-09-11T09:01:42","guid":{"rendered":"https:\/\/www.daisho.be\/produit\/adidas-jiu-jitsu-keikogi-contest-schwarz\/"},"modified":"2025-10-09T14:27:51","modified_gmt":"2025-10-09T12:27:51","slug":"adidas-jiu-jitsu-keikogi-contest-schwarz","status":"publish","type":"product","link":"https:\/\/www.daisho.be\/de\/produit\/adidas-jiu-jitsu-keikogi-contest-schwarz\/","title":{"rendered":"adidas Jiu-Jitsu Keikogi &#8222;CONTEST&#8220;- Schwarz"},"content":{"rendered":"<p>Dieser neue Gi f\u00fcr JJB-Praktizierende der Marke mit den drei Streifen wurde f\u00fcr das Training und den Wettkampf entwickelt.<br \/>\nDieses Modell ist aufgrund seines technischen Designs und der Auswahl hochwertiger Materialien vollst\u00e4ndig f\u00fcr die Aus\u00fcbung von JJB geeignet.<\/p>\n<p>Beschreibung :<br \/>\nF\u00fcr intensives Training und Wettk\u00e4mpfe, genehmigt von IBJJF<br \/>\n  Jiu-Jitsu-spezifisches &#8218;Pearl Weave&#8216;-Baumwollmaterial: leichtes, strapazierf\u00e4higes Material f\u00fcr Atmungsaktivit\u00e4t und Haltbarkeit<br \/>\n Jackenmaterial: 60% BCI-Baumwolle \/ 40% recyceltes Polyester 100% nachhaltiges Material<br \/>\n Hosenmaterial: Ripstop 60% Baumwolle \/ 40% Polyester<br \/>\n Innenfutter aus sublimiertem Mesh<br \/>\n Dicker Kragen mit einteiligem, schnell trocknendem EVA-Schaumstoff.<br \/>\n  Hose mit strapazierf\u00e4higem Ripstop und verst\u00e4rktem Kniebereich<br \/>\nGr\u00f6\u00dfen: A0 (155\/160) &#8211; A1 (160\/165) &#8211; A2 (170\/175) A3 (180\/185) &#8211; A4 (185\/190)<\/p>\n","protected":false},"excerpt":{"rendered":"<p>Dieser neue Gi f\u00fcr JJB-Praktizierende der Marke mit den drei Streifen wurde f\u00fcr das Training und den Wettkampf entwickelt. Dieses Modell ist aufgrund seines technischen Designs und der Auswahl hochwertiger Materialien vollst\u00e4ndig f\u00fcr die Aus\u00fcbung von JJB geeignet. Beschreibung : F\u00fcr intensives Training und Wettk\u00e4mpfe, genehmigt von IBJJF Jiu-Jitsu-spezifisches &#8218;Pearl Weave&#8216;-Baumwollmaterial: leichtes, strapazierf\u00e4higes Material f\u00fcr [&hellip;]<\/p>\n","protected":false},"featured_media":462813,"comment_status":"open","ping_status":"closed","template":"","meta":{"inline_featured_image":false},"product_brand":[],"product_cat":[2287,2186],"product_tag":[2178],"sport":[],"class_list":{"0":"post-462801","1":"product","2":"type-product","3":"status-publish","4":"has-post-thumbnail","6":"product_cat-kimono-judogi-adidas-de","7":"product_cat-kimono-keikogi-fur-jiu-jitsu","8":"product_tag-adidas-de","9":"pa_size-a0","10":"pa_size-a1","11":"pa_size-a2","12":"pa_size-a3","13":"pa_size-a4","15":"first","16":"onbackorder","17":"taxable","18":"shipping-taxable","19":"purchasable","20":"product-type-variable"},"yoast_head":"<!-- This site is optimized with the Yoast SEO plugin v27.2 - https:\/\/yoast.com\/product\/yoast-seo-wordpress\/ -->\n<title>adidas Jiu-Jitsu Keikogi &quot;CONTEST&quot;- Schwarz &#8211; Daisho<\/title>\n<meta name=\"description\" content=\"Sind Sie ein Spezialist f\u00fcr Jiu-Jitsu? Entdecken Sie unseren neuen hochwertigen Gi. Verbessern Sie Ihre Leistung! Kaufen Sie ihn auf unserer Website www.daisho.be\/Daisho\" \/>\n<meta name=\"robots\" content=\"index, follow, max-snippet:-1, max-image-preview:large, max-video-preview:-1\" \/>\n<link rel=\"canonical\" href=\"https:\/\/www.daisho.be\/de\/produit\/adidas-jiu-jitsu-keikogi-contest-schwarz\/\" \/>\n<meta property=\"og:locale\" content=\"de_DE\" \/>\n<meta property=\"og:type\" content=\"article\" \/>\n<meta property=\"og:title\" content=\"adidas Jiu-Jitsu Keikogi &quot;CONTEST&quot;- Schwarz &#8211; Daisho\" \/>\n<meta property=\"og:description\" content=\"Sind Sie ein Spezialist f\u00fcr Jiu-Jitsu? Entdecken Sie unseren neuen hochwertigen Gi. Verbessern Sie Ihre Leistung! Kaufen Sie ihn auf unserer Website www.daisho.be\/Daisho\" \/>\n<meta property=\"og:url\" content=\"https:\/\/www.daisho.be\/de\/produit\/adidas-jiu-jitsu-keikogi-contest-schwarz\/\" \/>\n<meta property=\"og:site_name\" content=\"Daisho\" \/>\n<meta property=\"article:modified_time\" content=\"2025-10-09T12:27:51+00:00\" \/>\n<meta property=\"og:image\" content=\"https:\/\/www.daisho.be\/wp-content\/uploads\/2024\/09\/image-8.png\" \/>\n\t<meta property=\"og:image:width\" content=\"402\" \/>\n\t<meta property=\"og:image:height\" content=\"722\" \/>\n\t<meta property=\"og:image:type\" content=\"image\/png\" \/>\n<meta name=\"twitter:card\" content=\"summary_large_image\" \/>\n<meta name=\"twitter:label1\" content=\"Gesch\u00e4tzte Lesezeit\" \/>\n\t<meta name=\"twitter:data1\" content=\"1\u00a0Minute\" \/>\n<script type=\"application\/ld+json\" class=\"yoast-schema-graph\">{\"@context\":\"https:\/\/schema.org\",\"@graph\":[{\"@type\":\"WebPage\",\"@id\":\"https:\/\/www.daisho.be\/de\/produit\/adidas-jiu-jitsu-keikogi-contest-schwarz\/\",\"url\":\"https:\/\/www.daisho.be\/de\/produit\/adidas-jiu-jitsu-keikogi-contest-schwarz\/\",\"name\":\"adidas Jiu-Jitsu Keikogi \\\"CONTEST\\\"- Schwarz &#8211; Daisho\",\"isPartOf\":{\"@id\":\"https:\/\/www.daisho.be\/de\/#website\"},\"primaryImageOfPage\":{\"@id\":\"https:\/\/www.daisho.be\/de\/produit\/adidas-jiu-jitsu-keikogi-contest-schwarz\/#primaryimage\"},\"image\":{\"@id\":\"https:\/\/www.daisho.be\/de\/produit\/adidas-jiu-jitsu-keikogi-contest-schwarz\/#primaryimage\"},\"thumbnailUrl\":\"https:\/\/www.daisho.be\/wp-content\/uploads\/2024\/09\/image-8.png\",\"datePublished\":\"2024-09-11T09:01:42+00:00\",\"dateModified\":\"2025-10-09T12:27:51+00:00\",\"description\":\"Sind Sie ein Spezialist f\u00fcr Jiu-Jitsu? Entdecken Sie unseren neuen hochwertigen Gi. Verbessern Sie Ihre Leistung! Kaufen Sie ihn auf unserer Website www.daisho.be\/Daisho\",\"breadcrumb\":{\"@id\":\"https:\/\/www.daisho.be\/de\/produit\/adidas-jiu-jitsu-keikogi-contest-schwarz\/#breadcrumb\"},\"inLanguage\":\"de\",\"potentialAction\":[{\"@type\":\"ReadAction\",\"target\":[\"https:\/\/www.daisho.be\/de\/produit\/adidas-jiu-jitsu-keikogi-contest-schwarz\/\"]}]},{\"@type\":\"ImageObject\",\"inLanguage\":\"de\",\"@id\":\"https:\/\/www.daisho.be\/de\/produit\/adidas-jiu-jitsu-keikogi-contest-schwarz\/#primaryimage\",\"url\":\"https:\/\/www.daisho.be\/wp-content\/uploads\/2024\/09\/image-8.png\",\"contentUrl\":\"https:\/\/www.daisho.be\/wp-content\/uploads\/2024\/09\/image-8.png\",\"width\":402,\"height\":722,\"caption\":\"adidas Jiu-Jitsu Keikogi \\\"CONTEST\\\" - Schwarz-1\"},{\"@type\":\"BreadcrumbList\",\"@id\":\"https:\/\/www.daisho.be\/de\/produit\/adidas-jiu-jitsu-keikogi-contest-schwarz\/#breadcrumb\",\"itemListElement\":[{\"@type\":\"ListItem\",\"position\":1,\"name\":\"Accueil\",\"item\":\"https:\/\/www.daisho.be\/de\/\"},{\"@type\":\"ListItem\",\"position\":2,\"name\":\"Produkte\",\"item\":\"https:\/\/www.daisho.be\/de\/produkte\/\"},{\"@type\":\"ListItem\",\"position\":3,\"name\":\"ADIDAS COMBAT SPORTS\",\"item\":\"https:\/\/www.daisho.be\/de\/categorie-produit\/adidas-combat-sports-de\/\"},{\"@type\":\"ListItem\",\"position\":4,\"name\":\"Judo\",\"item\":\"https:\/\/www.daisho.be\/de\/categorie-produit\/adidas-combat-sports-de\/judo-de\/\"},{\"@type\":\"ListItem\",\"position\":5,\"name\":\"Kimono - Judogi Adidas\",\"item\":\"https:\/\/www.daisho.be\/de\/categorie-produit\/adidas-combat-sports-de\/judo-de\/kimono-judogi-adidas-de\/\"},{\"@type\":\"ListItem\",\"position\":6,\"name\":\"adidas Jiu-Jitsu Keikogi &#8222;CONTEST&#8220;- Schwarz\"}]},{\"@type\":\"WebSite\",\"@id\":\"https:\/\/www.daisho.be\/de\/#website\",\"url\":\"https:\/\/www.daisho.be\/de\/\",\"name\":\"Daisho\",\"description\":\"Sp&eacute;cialiste de l'&eacute;quipement sportif d'arts martiaux\",\"publisher\":{\"@id\":\"https:\/\/www.daisho.be\/de\/#organization\"},\"potentialAction\":[{\"@type\":\"SearchAction\",\"target\":{\"@type\":\"EntryPoint\",\"urlTemplate\":\"https:\/\/www.daisho.be\/de\/?s={search_term_string}\"},\"query-input\":{\"@type\":\"PropertyValueSpecification\",\"valueRequired\":true,\"valueName\":\"search_term_string\"}}],\"inLanguage\":\"de\"},{\"@type\":\"Organization\",\"@id\":\"https:\/\/www.daisho.be\/de\/#organization\",\"name\":\"Daisho\",\"url\":\"https:\/\/www.daisho.be\/de\/\",\"logo\":{\"@type\":\"ImageObject\",\"inLanguage\":\"de\",\"@id\":\"https:\/\/www.daisho.be\/de\/#\/schema\/logo\/image\/\",\"url\":\"https:\/\/www.daisho.be\/wp-content\/uploads\/2019\/07\/color-nothing-horizontale4x-e1564486100247.png\",\"contentUrl\":\"https:\/\/www.daisho.be\/wp-content\/uploads\/2019\/07\/color-nothing-horizontale4x-e1564486100247.png\",\"width\":1547,\"height\":385,\"caption\":\"Daisho\"},\"image\":{\"@id\":\"https:\/\/www.daisho.be\/de\/#\/schema\/logo\/image\/\"}}]}<\/script>\n<!-- \/ Yoast SEO plugin. -->","yoast_head_json":{"title":"adidas Jiu-Jitsu Keikogi \"CONTEST\"- Schwarz &#8211; Daisho","description":"Sind Sie ein Spezialist f\u00fcr Jiu-Jitsu? Entdecken Sie unseren neuen hochwertigen Gi. Verbessern Sie Ihre Leistung! Kaufen Sie ihn auf unserer Website www.daisho.be\/Daisho","robots":{"index":"index","follow":"follow","max-snippet":"max-snippet:-1","max-image-preview":"max-image-preview:large","max-video-preview":"max-video-preview:-1"},"canonical":"https:\/\/www.daisho.be\/de\/produit\/adidas-jiu-jitsu-keikogi-contest-schwarz\/","og_locale":"de_DE","og_type":"article","og_title":"adidas Jiu-Jitsu Keikogi \"CONTEST\"- Schwarz &#8211; Daisho","og_description":"Sind Sie ein Spezialist f\u00fcr Jiu-Jitsu? Entdecken Sie unseren neuen hochwertigen Gi. Verbessern Sie Ihre Leistung! Kaufen Sie ihn auf unserer Website www.daisho.be\/Daisho","og_url":"https:\/\/www.daisho.be\/de\/produit\/adidas-jiu-jitsu-keikogi-contest-schwarz\/","og_site_name":"Daisho","article_modified_time":"2025-10-09T12:27:51+00:00","og_image":[{"width":402,"height":722,"url":"https:\/\/www.daisho.be\/wp-content\/uploads\/2024\/09\/image-8.png","type":"image\/png"}],"twitter_card":"summary_large_image","twitter_misc":{"Gesch\u00e4tzte Lesezeit":"1\u00a0Minute"},"schema":{"@context":"https:\/\/schema.org","@graph":[{"@type":"WebPage","@id":"https:\/\/www.daisho.be\/de\/produit\/adidas-jiu-jitsu-keikogi-contest-schwarz\/","url":"https:\/\/www.daisho.be\/de\/produit\/adidas-jiu-jitsu-keikogi-contest-schwarz\/","name":"adidas Jiu-Jitsu Keikogi \"CONTEST\"- Schwarz &#8211; Daisho","isPartOf":{"@id":"https:\/\/www.daisho.be\/de\/#website"},"primaryImageOfPage":{"@id":"https:\/\/www.daisho.be\/de\/produit\/adidas-jiu-jitsu-keikogi-contest-schwarz\/#primaryimage"},"image":{"@id":"https:\/\/www.daisho.be\/de\/produit\/adidas-jiu-jitsu-keikogi-contest-schwarz\/#primaryimage"},"thumbnailUrl":"https:\/\/www.daisho.be\/wp-content\/uploads\/2024\/09\/image-8.png","datePublished":"2024-09-11T09:01:42+00:00","dateModified":"2025-10-09T12:27:51+00:00","description":"Sind Sie ein Spezialist f\u00fcr Jiu-Jitsu? Entdecken Sie unseren neuen hochwertigen Gi. Verbessern Sie Ihre Leistung! Kaufen Sie ihn auf unserer Website www.daisho.be\/Daisho","breadcrumb":{"@id":"https:\/\/www.daisho.be\/de\/produit\/adidas-jiu-jitsu-keikogi-contest-schwarz\/#breadcrumb"},"inLanguage":"de","potentialAction":[{"@type":"ReadAction","target":["https:\/\/www.daisho.be\/de\/produit\/adidas-jiu-jitsu-keikogi-contest-schwarz\/"]}]},{"@type":"ImageObject","inLanguage":"de","@id":"https:\/\/www.daisho.be\/de\/produit\/adidas-jiu-jitsu-keikogi-contest-schwarz\/#primaryimage","url":"https:\/\/www.daisho.be\/wp-content\/uploads\/2024\/09\/image-8.png","contentUrl":"https:\/\/www.daisho.be\/wp-content\/uploads\/2024\/09\/image-8.png","width":402,"height":722,"caption":"adidas Jiu-Jitsu Keikogi \"CONTEST\" - Schwarz-1"},{"@type":"BreadcrumbList","@id":"https:\/\/www.daisho.be\/de\/produit\/adidas-jiu-jitsu-keikogi-contest-schwarz\/#breadcrumb","itemListElement":[{"@type":"ListItem","position":1,"name":"Accueil","item":"https:\/\/www.daisho.be\/de\/"},{"@type":"ListItem","position":2,"name":"Produkte","item":"https:\/\/www.daisho.be\/de\/produkte\/"},{"@type":"ListItem","position":3,"name":"ADIDAS COMBAT SPORTS","item":"https:\/\/www.daisho.be\/de\/categorie-produit\/adidas-combat-sports-de\/"},{"@type":"ListItem","position":4,"name":"Judo","item":"https:\/\/www.daisho.be\/de\/categorie-produit\/adidas-combat-sports-de\/judo-de\/"},{"@type":"ListItem","position":5,"name":"Kimono - Judogi Adidas","item":"https:\/\/www.daisho.be\/de\/categorie-produit\/adidas-combat-sports-de\/judo-de\/kimono-judogi-adidas-de\/"},{"@type":"ListItem","position":6,"name":"adidas Jiu-Jitsu Keikogi &#8222;CONTEST&#8220;- Schwarz"}]},{"@type":"WebSite","@id":"https:\/\/www.daisho.be\/de\/#website","url":"https:\/\/www.daisho.be\/de\/","name":"Daisho","description":"Sp&eacute;cialiste de l'&eacute;quipement sportif d'arts martiaux","publisher":{"@id":"https:\/\/www.daisho.be\/de\/#organization"},"potentialAction":[{"@type":"SearchAction","target":{"@type":"EntryPoint","urlTemplate":"https:\/\/www.daisho.be\/de\/?s={search_term_string}"},"query-input":{"@type":"PropertyValueSpecification","valueRequired":true,"valueName":"search_term_string"}}],"inLanguage":"de"},{"@type":"Organization","@id":"https:\/\/www.daisho.be\/de\/#organization","name":"Daisho","url":"https:\/\/www.daisho.be\/de\/","logo":{"@type":"ImageObject","inLanguage":"de","@id":"https:\/\/www.daisho.be\/de\/#\/schema\/logo\/image\/","url":"https:\/\/www.daisho.be\/wp-content\/uploads\/2019\/07\/color-nothing-horizontale4x-e1564486100247.png","contentUrl":"https:\/\/www.daisho.be\/wp-content\/uploads\/2019\/07\/color-nothing-horizontale4x-e1564486100247.png","width":1547,"height":385,"caption":"Daisho"},"image":{"@id":"https:\/\/www.daisho.be\/de\/#\/schema\/logo\/image\/"}}]}},"_links":{"self":[{"href":"https:\/\/www.daisho.be\/de\/wp-json\/wp\/v2\/product\/462801","targetHints":{"allow":["GET"]}}],"collection":[{"href":"https:\/\/www.daisho.be\/de\/wp-json\/wp\/v2\/product"}],"about":[{"href":"https:\/\/www.daisho.be\/de\/wp-json\/wp\/v2\/types\/product"}],"replies":[{"embeddable":true,"href":"https:\/\/www.daisho.be\/de\/wp-json\/wp\/v2\/comments?post=462801"}],"wp:featuredmedia":[{"embeddable":true,"href":"https:\/\/www.daisho.be\/de\/wp-json\/wp\/v2\/media\/462813"}],"wp:attachment":[{"href":"https:\/\/www.daisho.be\/de\/wp-json\/wp\/v2\/media?parent=462801"}],"wp:term":[{"taxonomy":"product_brand","embeddable":true,"href":"https:\/\/www.daisho.be\/de\/wp-json\/wp\/v2\/product_brand?post=462801"},{"taxonomy":"product_cat","embeddable":true,"href":"https:\/\/www.daisho.be\/de\/wp-json\/wp\/v2\/product_cat?post=462801"},{"taxonomy":"product_tag","embeddable":true,"href":"https:\/\/www.daisho.be\/de\/wp-json\/wp\/v2\/product_tag?post=462801"},{"taxonomy":"sport","embeddable":true,"href":"https:\/\/www.daisho.be\/de\/wp-json\/wp\/v2\/sport?post=462801"}],"curies":[{"name":"wp","href":"https:\/\/api.w.org\/{rel}","templated":true}]}}