{"id":462612,"date":"2023-01-29T18:21:33","date_gmt":"2023-01-29T17:21:33","guid":{"rendered":"https:\/\/www.daisho.be\/produit\/schuhe-aus-tabi-stoff-fuer-den-innenbereich\/"},"modified":"2025-12-17T11:41:27","modified_gmt":"2025-12-17T10:41:27","slug":"schuhe-aus-tabi-stoff-fuer-den-innenbereich","status":"publish","type":"product","link":"https:\/\/www.daisho.be\/de\/produit\/schuhe-aus-tabi-stoff-fuer-den-innenbereich\/","title":{"rendered":"Schuhe aus Tabi-Stoff f\u00fcr den Innenbereich"},"content":{"rendered":"<p>Traditionelle japanische Tabi-Schuhe mit Sohle aus wei\u00dfem Stoff. Der Schaft ist aus schwarzem Leinen.  Die Schuhe werden mit einem Klettverschluss geschlossen.<br \/>\nUnterst\u00fctzt gleitende und drehende Bewegungen, z.B. bei Aikido, Tai Chi, Meditation usw.<br \/>\nTabi-Socken werden empfohlen, um die F\u00fc\u00dfe vor dem Ausk\u00fchlen auf kalten B\u00f6den zu sch\u00fctzen, besonders in der kalten Jahreszeit.<br \/>\nTabis fallen klein aus, bitte bestellen Sie 1-2 Gr\u00f6\u00dfen gr\u00f6\u00dfer als normal.  <\/p>\n<p>Merkmale :<\/p>\n<p>  Wei\u00dfe Stoffsohle<br \/>\n  Oberseite aus schwarzem Leinen<br \/>\n  innen wei\u00df<br \/>\n  Klettverschluss<\/p>\n<p>Gr\u00f6\u00dfentabelle :<\/p>\n<p>  XS &#8211; 36-37<br \/>\n  S-38-39<br \/>\n  M-40-41<br \/>\n  L-42-43<br \/>\n  XL &#8211; 44-45<br \/>\n  XXL &#8211; 46-47<\/p>\n<p>Verf\u00fcgbarkeit: Januar 2025<\/p>\n","protected":false},"excerpt":{"rendered":"<p>Traditionelle japanische Tabi-Schuhe mit Sohle aus wei\u00dfem Stoff. Der Schaft ist aus schwarzem Leinen. Die Schuhe werden mit einem Klettverschluss geschlossen. Unterst\u00fctzt gleitende und drehende Bewegungen, z.B. bei Aikido, Tai Chi, Meditation usw. Tabi-Socken werden empfohlen, um die F\u00fc\u00dfe vor dem Ausk\u00fchlen auf kalten B\u00f6den zu sch\u00fctzen, besonders in der kalten Jahreszeit. Tabis fallen klein [&hellip;]<\/p>\n","protected":false},"featured_media":462621,"comment_status":"open","ping_status":"closed","template":"","meta":{"inline_featured_image":false},"product_brand":[],"product_cat":[2338,2019],"product_tag":[2158],"sport":[],"class_list":{"0":"post-462612","1":"product","2":"type-product","3":"status-publish","4":"has-post-thumbnail","6":"product_cat-sandalen-zori-fur-aikido","7":"product_cat-schuhe","8":"product_tag-s-b-j-de","9":"pa_size-2xl","10":"pa_size-l","11":"pa_size-m","12":"pa_size-s","13":"pa_size-xl","14":"pa_size-xs","16":"first","17":"instock","18":"taxable","19":"shipping-taxable","20":"purchasable","21":"product-type-variable"},"yoast_head":"<!-- This site is optimized with the Yoast SEO plugin v27.2 - https:\/\/yoast.com\/product\/yoast-seo-wordpress\/ -->\n<title>Schuhe aus Tabi-Stoff f\u00fcr den Innenbereich &#8211; Daisho<\/title>\n<meta name=\"robots\" content=\"index, follow, max-snippet:-1, max-image-preview:large, max-video-preview:-1\" \/>\n<link rel=\"canonical\" href=\"https:\/\/www.daisho.be\/de\/produit\/schuhe-aus-tabi-stoff-fuer-den-innenbereich\/\" \/>\n<meta property=\"og:locale\" content=\"de_DE\" \/>\n<meta property=\"og:type\" content=\"article\" \/>\n<meta property=\"og:title\" content=\"Schuhe aus Tabi-Stoff f\u00fcr den Innenbereich &#8211; Daisho\" \/>\n<meta property=\"og:description\" content=\"Traditionelle japanische Tabi-Schuhe mit Sohle aus wei\u00dfem Stoff. Der Schaft ist aus schwarzem Leinen. Die Schuhe werden mit einem Klettverschluss geschlossen. Unterst\u00fctzt gleitende und drehende Bewegungen, z.B. bei Aikido, Tai Chi, Meditation usw. Tabi-Socken werden empfohlen, um die F\u00fc\u00dfe vor dem Ausk\u00fchlen auf kalten B\u00f6den zu sch\u00fctzen, besonders in der kalten Jahreszeit. Tabis fallen klein [&hellip;]\" \/>\n<meta property=\"og:url\" content=\"https:\/\/www.daisho.be\/de\/produit\/schuhe-aus-tabi-stoff-fuer-den-innenbereich\/\" \/>\n<meta property=\"og:site_name\" content=\"Daisho\" \/>\n<meta property=\"article:modified_time\" content=\"2025-12-17T10:41:27+00:00\" \/>\n<meta property=\"og:image\" content=\"https:\/\/www.daisho.be\/wp-content\/uploads\/2024\/11\/image-4.jpg\" \/>\n\t<meta property=\"og:image:width\" content=\"1200\" \/>\n\t<meta property=\"og:image:height\" content=\"910\" \/>\n\t<meta property=\"og:image:type\" content=\"image\/jpeg\" \/>\n<meta name=\"twitter:card\" content=\"summary_large_image\" \/>\n<meta name=\"twitter:label1\" content=\"Gesch\u00e4tzte Lesezeit\" \/>\n\t<meta name=\"twitter:data1\" content=\"1\u00a0Minute\" \/>\n<script type=\"application\/ld+json\" class=\"yoast-schema-graph\">{\"@context\":\"https:\/\/schema.org\",\"@graph\":[{\"@type\":\"WebPage\",\"@id\":\"https:\/\/www.daisho.be\/de\/produit\/schuhe-aus-tabi-stoff-fuer-den-innenbereich\/\",\"url\":\"https:\/\/www.daisho.be\/de\/produit\/schuhe-aus-tabi-stoff-fuer-den-innenbereich\/\",\"name\":\"Schuhe aus Tabi-Stoff f\u00fcr den Innenbereich &#8211; Daisho\",\"isPartOf\":{\"@id\":\"https:\/\/www.daisho.be\/de\/#website\"},\"primaryImageOfPage\":{\"@id\":\"https:\/\/www.daisho.be\/de\/produit\/schuhe-aus-tabi-stoff-fuer-den-innenbereich\/#primaryimage\"},\"image\":{\"@id\":\"https:\/\/www.daisho.be\/de\/produit\/schuhe-aus-tabi-stoff-fuer-den-innenbereich\/#primaryimage\"},\"thumbnailUrl\":\"https:\/\/www.daisho.be\/wp-content\/uploads\/2024\/11\/image-4.jpg\",\"datePublished\":\"2023-01-29T17:21:33+00:00\",\"dateModified\":\"2025-12-17T10:41:27+00:00\",\"breadcrumb\":{\"@id\":\"https:\/\/www.daisho.be\/de\/produit\/schuhe-aus-tabi-stoff-fuer-den-innenbereich\/#breadcrumb\"},\"inLanguage\":\"de\",\"potentialAction\":[{\"@type\":\"ReadAction\",\"target\":[\"https:\/\/www.daisho.be\/de\/produit\/schuhe-aus-tabi-stoff-fuer-den-innenbereich\/\"]}]},{\"@type\":\"ImageObject\",\"inLanguage\":\"de\",\"@id\":\"https:\/\/www.daisho.be\/de\/produit\/schuhe-aus-tabi-stoff-fuer-den-innenbereich\/#primaryimage\",\"url\":\"https:\/\/www.daisho.be\/wp-content\/uploads\/2024\/11\/image-4.jpg\",\"contentUrl\":\"https:\/\/www.daisho.be\/wp-content\/uploads\/2024\/11\/image-4.jpg\",\"width\":1200,\"height\":910,\"caption\":\"Schuhe aus Tabi-Stoff f\u00fcr Innenr\u00e4ume-1\"},{\"@type\":\"BreadcrumbList\",\"@id\":\"https:\/\/www.daisho.be\/de\/produit\/schuhe-aus-tabi-stoff-fuer-den-innenbereich\/#breadcrumb\",\"itemListElement\":[{\"@type\":\"ListItem\",\"position\":1,\"name\":\"Accueil\",\"item\":\"https:\/\/www.daisho.be\/de\/\"},{\"@type\":\"ListItem\",\"position\":2,\"name\":\"Produkte\",\"item\":\"https:\/\/www.daisho.be\/de\/produkte\/\"},{\"@type\":\"ListItem\",\"position\":3,\"name\":\"Ausr\u00fcstung und Kleidung f\u00fcr Kampfkunst und Kampfsport\",\"item\":\"https:\/\/www.daisho.be\/de\/categorie-produit\/ausrustung-und-kleidung-fur-kampfkunst-und-kampfsport\/\"},{\"@type\":\"ListItem\",\"position\":4,\"name\":\"A\u00efkido\",\"item\":\"https:\/\/www.daisho.be\/de\/categorie-produit\/ausrustung-und-kleidung-fur-kampfkunst-und-kampfsport\/aikido-de\/\"},{\"@type\":\"ListItem\",\"position\":5,\"name\":\"Sandalen (Zori) f\u00fcr Aikido\",\"item\":\"https:\/\/www.daisho.be\/de\/categorie-produit\/ausrustung-und-kleidung-fur-kampfkunst-und-kampfsport\/aikido-de\/sandalen-zori-fur-aikido\/\"},{\"@type\":\"ListItem\",\"position\":6,\"name\":\"Schuhe aus Tabi-Stoff f\u00fcr den Innenbereich\"}]},{\"@type\":\"WebSite\",\"@id\":\"https:\/\/www.daisho.be\/de\/#website\",\"url\":\"https:\/\/www.daisho.be\/de\/\",\"name\":\"Daisho\",\"description\":\"Sp&eacute;cialiste de l'&eacute;quipement sportif d'arts martiaux\",\"publisher\":{\"@id\":\"https:\/\/www.daisho.be\/de\/#organization\"},\"potentialAction\":[{\"@type\":\"SearchAction\",\"target\":{\"@type\":\"EntryPoint\",\"urlTemplate\":\"https:\/\/www.daisho.be\/de\/?s={search_term_string}\"},\"query-input\":{\"@type\":\"PropertyValueSpecification\",\"valueRequired\":true,\"valueName\":\"search_term_string\"}}],\"inLanguage\":\"de\"},{\"@type\":\"Organization\",\"@id\":\"https:\/\/www.daisho.be\/de\/#organization\",\"name\":\"Daisho\",\"url\":\"https:\/\/www.daisho.be\/de\/\",\"logo\":{\"@type\":\"ImageObject\",\"inLanguage\":\"de\",\"@id\":\"https:\/\/www.daisho.be\/de\/#\/schema\/logo\/image\/\",\"url\":\"https:\/\/www.daisho.be\/wp-content\/uploads\/2019\/07\/color-nothing-horizontale4x-e1564486100247.png\",\"contentUrl\":\"https:\/\/www.daisho.be\/wp-content\/uploads\/2019\/07\/color-nothing-horizontale4x-e1564486100247.png\",\"width\":1547,\"height\":385,\"caption\":\"Daisho\"},\"image\":{\"@id\":\"https:\/\/www.daisho.be\/de\/#\/schema\/logo\/image\/\"}}]}<\/script>\n<!-- \/ Yoast SEO plugin. -->","yoast_head_json":{"title":"Schuhe aus Tabi-Stoff f\u00fcr den Innenbereich &#8211; Daisho","robots":{"index":"index","follow":"follow","max-snippet":"max-snippet:-1","max-image-preview":"max-image-preview:large","max-video-preview":"max-video-preview:-1"},"canonical":"https:\/\/www.daisho.be\/de\/produit\/schuhe-aus-tabi-stoff-fuer-den-innenbereich\/","og_locale":"de_DE","og_type":"article","og_title":"Schuhe aus Tabi-Stoff f\u00fcr den Innenbereich &#8211; Daisho","og_description":"Traditionelle japanische Tabi-Schuhe mit Sohle aus wei\u00dfem Stoff. Der Schaft ist aus schwarzem Leinen. Die Schuhe werden mit einem Klettverschluss geschlossen. Unterst\u00fctzt gleitende und drehende Bewegungen, z.B. bei Aikido, Tai Chi, Meditation usw. Tabi-Socken werden empfohlen, um die F\u00fc\u00dfe vor dem Ausk\u00fchlen auf kalten B\u00f6den zu sch\u00fctzen, besonders in der kalten Jahreszeit. Tabis fallen klein [&hellip;]","og_url":"https:\/\/www.daisho.be\/de\/produit\/schuhe-aus-tabi-stoff-fuer-den-innenbereich\/","og_site_name":"Daisho","article_modified_time":"2025-12-17T10:41:27+00:00","og_image":[{"width":1200,"height":910,"url":"https:\/\/www.daisho.be\/wp-content\/uploads\/2024\/11\/image-4.jpg","type":"image\/jpeg"}],"twitter_card":"summary_large_image","twitter_misc":{"Gesch\u00e4tzte Lesezeit":"1\u00a0Minute"},"schema":{"@context":"https:\/\/schema.org","@graph":[{"@type":"WebPage","@id":"https:\/\/www.daisho.be\/de\/produit\/schuhe-aus-tabi-stoff-fuer-den-innenbereich\/","url":"https:\/\/www.daisho.be\/de\/produit\/schuhe-aus-tabi-stoff-fuer-den-innenbereich\/","name":"Schuhe aus Tabi-Stoff f\u00fcr den Innenbereich &#8211; Daisho","isPartOf":{"@id":"https:\/\/www.daisho.be\/de\/#website"},"primaryImageOfPage":{"@id":"https:\/\/www.daisho.be\/de\/produit\/schuhe-aus-tabi-stoff-fuer-den-innenbereich\/#primaryimage"},"image":{"@id":"https:\/\/www.daisho.be\/de\/produit\/schuhe-aus-tabi-stoff-fuer-den-innenbereich\/#primaryimage"},"thumbnailUrl":"https:\/\/www.daisho.be\/wp-content\/uploads\/2024\/11\/image-4.jpg","datePublished":"2023-01-29T17:21:33+00:00","dateModified":"2025-12-17T10:41:27+00:00","breadcrumb":{"@id":"https:\/\/www.daisho.be\/de\/produit\/schuhe-aus-tabi-stoff-fuer-den-innenbereich\/#breadcrumb"},"inLanguage":"de","potentialAction":[{"@type":"ReadAction","target":["https:\/\/www.daisho.be\/de\/produit\/schuhe-aus-tabi-stoff-fuer-den-innenbereich\/"]}]},{"@type":"ImageObject","inLanguage":"de","@id":"https:\/\/www.daisho.be\/de\/produit\/schuhe-aus-tabi-stoff-fuer-den-innenbereich\/#primaryimage","url":"https:\/\/www.daisho.be\/wp-content\/uploads\/2024\/11\/image-4.jpg","contentUrl":"https:\/\/www.daisho.be\/wp-content\/uploads\/2024\/11\/image-4.jpg","width":1200,"height":910,"caption":"Schuhe aus Tabi-Stoff f\u00fcr Innenr\u00e4ume-1"},{"@type":"BreadcrumbList","@id":"https:\/\/www.daisho.be\/de\/produit\/schuhe-aus-tabi-stoff-fuer-den-innenbereich\/#breadcrumb","itemListElement":[{"@type":"ListItem","position":1,"name":"Accueil","item":"https:\/\/www.daisho.be\/de\/"},{"@type":"ListItem","position":2,"name":"Produkte","item":"https:\/\/www.daisho.be\/de\/produkte\/"},{"@type":"ListItem","position":3,"name":"Ausr\u00fcstung und Kleidung f\u00fcr Kampfkunst und Kampfsport","item":"https:\/\/www.daisho.be\/de\/categorie-produit\/ausrustung-und-kleidung-fur-kampfkunst-und-kampfsport\/"},{"@type":"ListItem","position":4,"name":"A\u00efkido","item":"https:\/\/www.daisho.be\/de\/categorie-produit\/ausrustung-und-kleidung-fur-kampfkunst-und-kampfsport\/aikido-de\/"},{"@type":"ListItem","position":5,"name":"Sandalen (Zori) f\u00fcr Aikido","item":"https:\/\/www.daisho.be\/de\/categorie-produit\/ausrustung-und-kleidung-fur-kampfkunst-und-kampfsport\/aikido-de\/sandalen-zori-fur-aikido\/"},{"@type":"ListItem","position":6,"name":"Schuhe aus Tabi-Stoff f\u00fcr den Innenbereich"}]},{"@type":"WebSite","@id":"https:\/\/www.daisho.be\/de\/#website","url":"https:\/\/www.daisho.be\/de\/","name":"Daisho","description":"Sp&eacute;cialiste de l'&eacute;quipement sportif d'arts martiaux","publisher":{"@id":"https:\/\/www.daisho.be\/de\/#organization"},"potentialAction":[{"@type":"SearchAction","target":{"@type":"EntryPoint","urlTemplate":"https:\/\/www.daisho.be\/de\/?s={search_term_string}"},"query-input":{"@type":"PropertyValueSpecification","valueRequired":true,"valueName":"search_term_string"}}],"inLanguage":"de"},{"@type":"Organization","@id":"https:\/\/www.daisho.be\/de\/#organization","name":"Daisho","url":"https:\/\/www.daisho.be\/de\/","logo":{"@type":"ImageObject","inLanguage":"de","@id":"https:\/\/www.daisho.be\/de\/#\/schema\/logo\/image\/","url":"https:\/\/www.daisho.be\/wp-content\/uploads\/2019\/07\/color-nothing-horizontale4x-e1564486100247.png","contentUrl":"https:\/\/www.daisho.be\/wp-content\/uploads\/2019\/07\/color-nothing-horizontale4x-e1564486100247.png","width":1547,"height":385,"caption":"Daisho"},"image":{"@id":"https:\/\/www.daisho.be\/de\/#\/schema\/logo\/image\/"}}]}},"_links":{"self":[{"href":"https:\/\/www.daisho.be\/de\/wp-json\/wp\/v2\/product\/462612","targetHints":{"allow":["GET"]}}],"collection":[{"href":"https:\/\/www.daisho.be\/de\/wp-json\/wp\/v2\/product"}],"about":[{"href":"https:\/\/www.daisho.be\/de\/wp-json\/wp\/v2\/types\/product"}],"replies":[{"embeddable":true,"href":"https:\/\/www.daisho.be\/de\/wp-json\/wp\/v2\/comments?post=462612"}],"wp:featuredmedia":[{"embeddable":true,"href":"https:\/\/www.daisho.be\/de\/wp-json\/wp\/v2\/media\/462621"}],"wp:attachment":[{"href":"https:\/\/www.daisho.be\/de\/wp-json\/wp\/v2\/media?parent=462612"}],"wp:term":[{"taxonomy":"product_brand","embeddable":true,"href":"https:\/\/www.daisho.be\/de\/wp-json\/wp\/v2\/product_brand?post=462612"},{"taxonomy":"product_cat","embeddable":true,"href":"https:\/\/www.daisho.be\/de\/wp-json\/wp\/v2\/product_cat?post=462612"},{"taxonomy":"product_tag","embeddable":true,"href":"https:\/\/www.daisho.be\/de\/wp-json\/wp\/v2\/product_tag?post=462612"},{"taxonomy":"sport","embeddable":true,"href":"https:\/\/www.daisho.be\/de\/wp-json\/wp\/v2\/sport?post=462612"}],"curies":[{"name":"wp","href":"https:\/\/api.w.org\/{rel}","templated":true}]}}