{"id":462543,"date":"2023-02-07T17:45:46","date_gmt":"2023-02-07T16:45:46","guid":{"rendered":"https:\/\/www.daisho.be\/produit\/take-premium-slim-keikogi-hose\/"},"modified":"2023-02-07T17:45:46","modified_gmt":"2023-02-07T16:45:46","slug":"take-premium-slim-keikogi-hose","status":"publish","type":"product","link":"https:\/\/www.daisho.be\/de\/produit\/take-premium-slim-keikogi-hose\/","title":{"rendered":"Take Premium Slim Keikogi-Hose"},"content":{"rendered":"<p>Die Take Hose besteht aus einem dicken, strapazierf\u00e4higen Baumwollgewebe, das vorne ab dem Oberschenkel gef\u00fcttert wurde, um die Hose f\u00fcr die anspruchsvolle Suwariwaza des Aikido zu verst\u00e4rken. Der Rest der Hose ist aus einer einzigen Lage Baumwollgewebe gefertigt, wodurch sie schneller trocknet und angenehmer zu tragen ist. Sie k\u00f6nnen eng anliegen und mit Hilfe der Schn\u00fcre an der H\u00fcfte gebunden werden. Die Hose ist so konzipiert, dass sie robust und leicht zu tragen ist und den Bewegungen eines Aikido-Praktizierenden standh\u00e4lt. Diese Hosen werden von unseren erfahrenen Schneidern in der Tozando Werkstatt in Iwate, Japan, hergestellt. Eigenschaften:<br \/>\n&#8211; Die Hose ist aus 100% Baumwolle gefertigt<br \/>\n&#8211; Sashiko-Webung auf der Oberseite und Hishizashi-Muster auf der Unterseite<br \/>\n&#8211; Regular Fit und Slim Fit &#8222;Y Type&#8220; sind erh\u00e4ltlich.<br \/>\n&#8211; Empfohlen f\u00fcr Anf\u00e4nger und fortgeschrittene Praktizierende.<\/p>\n","protected":false},"excerpt":{"rendered":"<p>Die Take Hose besteht aus einem dicken, strapazierf\u00e4higen Baumwollgewebe, das vorne ab dem Oberschenkel gef\u00fcttert wurde, um die Hose f\u00fcr die anspruchsvolle Suwariwaza des Aikido zu verst\u00e4rken. Der Rest der Hose ist aus einer einzigen Lage Baumwollgewebe gefertigt, wodurch sie schneller trocknet und angenehmer zu tragen ist. Sie k\u00f6nnen eng anliegen und mit Hilfe der [&hellip;]<\/p>\n","protected":false},"featured_media":462554,"comment_status":"closed","ping_status":"closed","template":"","meta":{"inline_featured_image":false},"product_brand":[],"product_cat":[2127,2118],"product_tag":[2332],"sport":[429],"class_list":{"0":"post-462543","1":"product","2":"type-product","3":"status-publish","4":"has-post-thumbnail","6":"product_cat-aikido-kimonos-de","7":"product_cat-kleidung-kimonos","8":"product_tag-tozando-de","9":"pa_size-87","10":"pa_size-1148","11":"pa_size-86","12":"pa_size-25-2","13":"pa_size-85","14":"pa_size-35-2","15":"pa_size-84","16":"pa_size-45-2","17":"pa_size-83","18":"sport-aikido","20":"first","21":"instock","22":"taxable","23":"shipping-taxable","24":"purchasable","25":"product-type-variable"},"yoast_head":"<!-- This site is optimized with the Yoast SEO plugin v27.2 - https:\/\/yoast.com\/product\/yoast-seo-wordpress\/ -->\n<title>Take Premium Slim Keikogi-Hose &#8211; Daisho<\/title>\n<meta name=\"robots\" content=\"index, follow, max-snippet:-1, max-image-preview:large, max-video-preview:-1\" \/>\n<link rel=\"canonical\" href=\"https:\/\/www.daisho.be\/de\/produit\/take-premium-slim-keikogi-hose\/\" \/>\n<meta property=\"og:locale\" content=\"de_DE\" \/>\n<meta property=\"og:type\" content=\"article\" \/>\n<meta property=\"og:title\" content=\"Take Premium Slim Keikogi-Hose &#8211; Daisho\" \/>\n<meta property=\"og:description\" content=\"Die Take Hose besteht aus einem dicken, strapazierf\u00e4higen Baumwollgewebe, das vorne ab dem Oberschenkel gef\u00fcttert wurde, um die Hose f\u00fcr die anspruchsvolle Suwariwaza des Aikido zu verst\u00e4rken. Der Rest der Hose ist aus einer einzigen Lage Baumwollgewebe gefertigt, wodurch sie schneller trocknet und angenehmer zu tragen ist. Sie k\u00f6nnen eng anliegen und mit Hilfe der [&hellip;]\" \/>\n<meta property=\"og:url\" content=\"https:\/\/www.daisho.be\/de\/produit\/take-premium-slim-keikogi-hose\/\" \/>\n<meta property=\"og:site_name\" content=\"Daisho\" \/>\n<meta property=\"og:image\" content=\"https:\/\/www.daisho.be\/wp-content\/uploads\/2023\/02\/image-3.webp\" \/>\n\t<meta property=\"og:image:width\" content=\"600\" \/>\n\t<meta property=\"og:image:height\" content=\"600\" \/>\n\t<meta property=\"og:image:type\" content=\"image\/webp\" \/>\n<meta name=\"twitter:card\" content=\"summary_large_image\" \/>\n<meta name=\"twitter:label1\" content=\"Gesch\u00e4tzte Lesezeit\" \/>\n\t<meta name=\"twitter:data1\" content=\"1\u00a0Minute\" \/>\n<script type=\"application\/ld+json\" class=\"yoast-schema-graph\">{\"@context\":\"https:\/\/schema.org\",\"@graph\":[{\"@type\":\"WebPage\",\"@id\":\"https:\/\/www.daisho.be\/de\/produit\/take-premium-slim-keikogi-hose\/\",\"url\":\"https:\/\/www.daisho.be\/de\/produit\/take-premium-slim-keikogi-hose\/\",\"name\":\"Take Premium Slim Keikogi-Hose &#8211; Daisho\",\"isPartOf\":{\"@id\":\"https:\/\/www.daisho.be\/de\/#website\"},\"primaryImageOfPage\":{\"@id\":\"https:\/\/www.daisho.be\/de\/produit\/take-premium-slim-keikogi-hose\/#primaryimage\"},\"image\":{\"@id\":\"https:\/\/www.daisho.be\/de\/produit\/take-premium-slim-keikogi-hose\/#primaryimage\"},\"thumbnailUrl\":\"https:\/\/www.daisho.be\/wp-content\/uploads\/2023\/02\/image-3.webp\",\"datePublished\":\"2023-02-07T16:45:46+00:00\",\"breadcrumb\":{\"@id\":\"https:\/\/www.daisho.be\/de\/produit\/take-premium-slim-keikogi-hose\/#breadcrumb\"},\"inLanguage\":\"de\",\"potentialAction\":[{\"@type\":\"ReadAction\",\"target\":[\"https:\/\/www.daisho.be\/de\/produit\/take-premium-slim-keikogi-hose\/\"]}]},{\"@type\":\"ImageObject\",\"inLanguage\":\"de\",\"@id\":\"https:\/\/www.daisho.be\/de\/produit\/take-premium-slim-keikogi-hose\/#primaryimage\",\"url\":\"https:\/\/www.daisho.be\/wp-content\/uploads\/2023\/02\/image-3.webp\",\"contentUrl\":\"https:\/\/www.daisho.be\/wp-content\/uploads\/2023\/02\/image-3.webp\",\"width\":600,\"height\":600},{\"@type\":\"BreadcrumbList\",\"@id\":\"https:\/\/www.daisho.be\/de\/produit\/take-premium-slim-keikogi-hose\/#breadcrumb\",\"itemListElement\":[{\"@type\":\"ListItem\",\"position\":1,\"name\":\"Accueil\",\"item\":\"https:\/\/www.daisho.be\/de\/\"},{\"@type\":\"ListItem\",\"position\":2,\"name\":\"Produkte\",\"item\":\"https:\/\/www.daisho.be\/de\/produkte\/\"},{\"@type\":\"ListItem\",\"position\":3,\"name\":\"Ausr\u00fcstung und Kleidung f\u00fcr Kampfkunst und Kampfsport\",\"item\":\"https:\/\/www.daisho.be\/de\/categorie-produit\/ausrustung-und-kleidung-fur-kampfkunst-und-kampfsport\/\"},{\"@type\":\"ListItem\",\"position\":4,\"name\":\"A\u00efkido\",\"item\":\"https:\/\/www.daisho.be\/de\/categorie-produit\/ausrustung-und-kleidung-fur-kampfkunst-und-kampfsport\/aikido-de\/\"},{\"@type\":\"ListItem\",\"position\":5,\"name\":\"Aikido Kimonos\",\"item\":\"https:\/\/www.daisho.be\/de\/categorie-produit\/ausrustung-und-kleidung-fur-kampfkunst-und-kampfsport\/aikido-de\/aikido-kimonos-de\/\"},{\"@type\":\"ListItem\",\"position\":6,\"name\":\"Take Premium Slim Keikogi-Hose\"}]},{\"@type\":\"WebSite\",\"@id\":\"https:\/\/www.daisho.be\/de\/#website\",\"url\":\"https:\/\/www.daisho.be\/de\/\",\"name\":\"Daisho\",\"description\":\"Sp&eacute;cialiste de l'&eacute;quipement sportif d'arts martiaux\",\"publisher\":{\"@id\":\"https:\/\/www.daisho.be\/de\/#organization\"},\"potentialAction\":[{\"@type\":\"SearchAction\",\"target\":{\"@type\":\"EntryPoint\",\"urlTemplate\":\"https:\/\/www.daisho.be\/de\/?s={search_term_string}\"},\"query-input\":{\"@type\":\"PropertyValueSpecification\",\"valueRequired\":true,\"valueName\":\"search_term_string\"}}],\"inLanguage\":\"de\"},{\"@type\":\"Organization\",\"@id\":\"https:\/\/www.daisho.be\/de\/#organization\",\"name\":\"Daisho\",\"url\":\"https:\/\/www.daisho.be\/de\/\",\"logo\":{\"@type\":\"ImageObject\",\"inLanguage\":\"de\",\"@id\":\"https:\/\/www.daisho.be\/de\/#\/schema\/logo\/image\/\",\"url\":\"https:\/\/www.daisho.be\/wp-content\/uploads\/2019\/07\/color-nothing-horizontale4x-e1564486100247.png\",\"contentUrl\":\"https:\/\/www.daisho.be\/wp-content\/uploads\/2019\/07\/color-nothing-horizontale4x-e1564486100247.png\",\"width\":1547,\"height\":385,\"caption\":\"Daisho\"},\"image\":{\"@id\":\"https:\/\/www.daisho.be\/de\/#\/schema\/logo\/image\/\"}}]}<\/script>\n<!-- \/ Yoast SEO plugin. -->","yoast_head_json":{"title":"Take Premium Slim Keikogi-Hose &#8211; Daisho","robots":{"index":"index","follow":"follow","max-snippet":"max-snippet:-1","max-image-preview":"max-image-preview:large","max-video-preview":"max-video-preview:-1"},"canonical":"https:\/\/www.daisho.be\/de\/produit\/take-premium-slim-keikogi-hose\/","og_locale":"de_DE","og_type":"article","og_title":"Take Premium Slim Keikogi-Hose &#8211; Daisho","og_description":"Die Take Hose besteht aus einem dicken, strapazierf\u00e4higen Baumwollgewebe, das vorne ab dem Oberschenkel gef\u00fcttert wurde, um die Hose f\u00fcr die anspruchsvolle Suwariwaza des Aikido zu verst\u00e4rken. Der Rest der Hose ist aus einer einzigen Lage Baumwollgewebe gefertigt, wodurch sie schneller trocknet und angenehmer zu tragen ist. Sie k\u00f6nnen eng anliegen und mit Hilfe der [&hellip;]","og_url":"https:\/\/www.daisho.be\/de\/produit\/take-premium-slim-keikogi-hose\/","og_site_name":"Daisho","og_image":[{"width":600,"height":600,"url":"https:\/\/www.daisho.be\/wp-content\/uploads\/2023\/02\/image-3.webp","type":"image\/webp"}],"twitter_card":"summary_large_image","twitter_misc":{"Gesch\u00e4tzte Lesezeit":"1\u00a0Minute"},"schema":{"@context":"https:\/\/schema.org","@graph":[{"@type":"WebPage","@id":"https:\/\/www.daisho.be\/de\/produit\/take-premium-slim-keikogi-hose\/","url":"https:\/\/www.daisho.be\/de\/produit\/take-premium-slim-keikogi-hose\/","name":"Take Premium Slim Keikogi-Hose &#8211; Daisho","isPartOf":{"@id":"https:\/\/www.daisho.be\/de\/#website"},"primaryImageOfPage":{"@id":"https:\/\/www.daisho.be\/de\/produit\/take-premium-slim-keikogi-hose\/#primaryimage"},"image":{"@id":"https:\/\/www.daisho.be\/de\/produit\/take-premium-slim-keikogi-hose\/#primaryimage"},"thumbnailUrl":"https:\/\/www.daisho.be\/wp-content\/uploads\/2023\/02\/image-3.webp","datePublished":"2023-02-07T16:45:46+00:00","breadcrumb":{"@id":"https:\/\/www.daisho.be\/de\/produit\/take-premium-slim-keikogi-hose\/#breadcrumb"},"inLanguage":"de","potentialAction":[{"@type":"ReadAction","target":["https:\/\/www.daisho.be\/de\/produit\/take-premium-slim-keikogi-hose\/"]}]},{"@type":"ImageObject","inLanguage":"de","@id":"https:\/\/www.daisho.be\/de\/produit\/take-premium-slim-keikogi-hose\/#primaryimage","url":"https:\/\/www.daisho.be\/wp-content\/uploads\/2023\/02\/image-3.webp","contentUrl":"https:\/\/www.daisho.be\/wp-content\/uploads\/2023\/02\/image-3.webp","width":600,"height":600},{"@type":"BreadcrumbList","@id":"https:\/\/www.daisho.be\/de\/produit\/take-premium-slim-keikogi-hose\/#breadcrumb","itemListElement":[{"@type":"ListItem","position":1,"name":"Accueil","item":"https:\/\/www.daisho.be\/de\/"},{"@type":"ListItem","position":2,"name":"Produkte","item":"https:\/\/www.daisho.be\/de\/produkte\/"},{"@type":"ListItem","position":3,"name":"Ausr\u00fcstung und Kleidung f\u00fcr Kampfkunst und Kampfsport","item":"https:\/\/www.daisho.be\/de\/categorie-produit\/ausrustung-und-kleidung-fur-kampfkunst-und-kampfsport\/"},{"@type":"ListItem","position":4,"name":"A\u00efkido","item":"https:\/\/www.daisho.be\/de\/categorie-produit\/ausrustung-und-kleidung-fur-kampfkunst-und-kampfsport\/aikido-de\/"},{"@type":"ListItem","position":5,"name":"Aikido Kimonos","item":"https:\/\/www.daisho.be\/de\/categorie-produit\/ausrustung-und-kleidung-fur-kampfkunst-und-kampfsport\/aikido-de\/aikido-kimonos-de\/"},{"@type":"ListItem","position":6,"name":"Take Premium Slim Keikogi-Hose"}]},{"@type":"WebSite","@id":"https:\/\/www.daisho.be\/de\/#website","url":"https:\/\/www.daisho.be\/de\/","name":"Daisho","description":"Sp&eacute;cialiste de l'&eacute;quipement sportif d'arts martiaux","publisher":{"@id":"https:\/\/www.daisho.be\/de\/#organization"},"potentialAction":[{"@type":"SearchAction","target":{"@type":"EntryPoint","urlTemplate":"https:\/\/www.daisho.be\/de\/?s={search_term_string}"},"query-input":{"@type":"PropertyValueSpecification","valueRequired":true,"valueName":"search_term_string"}}],"inLanguage":"de"},{"@type":"Organization","@id":"https:\/\/www.daisho.be\/de\/#organization","name":"Daisho","url":"https:\/\/www.daisho.be\/de\/","logo":{"@type":"ImageObject","inLanguage":"de","@id":"https:\/\/www.daisho.be\/de\/#\/schema\/logo\/image\/","url":"https:\/\/www.daisho.be\/wp-content\/uploads\/2019\/07\/color-nothing-horizontale4x-e1564486100247.png","contentUrl":"https:\/\/www.daisho.be\/wp-content\/uploads\/2019\/07\/color-nothing-horizontale4x-e1564486100247.png","width":1547,"height":385,"caption":"Daisho"},"image":{"@id":"https:\/\/www.daisho.be\/de\/#\/schema\/logo\/image\/"}}]}},"_links":{"self":[{"href":"https:\/\/www.daisho.be\/de\/wp-json\/wp\/v2\/product\/462543","targetHints":{"allow":["GET"]}}],"collection":[{"href":"https:\/\/www.daisho.be\/de\/wp-json\/wp\/v2\/product"}],"about":[{"href":"https:\/\/www.daisho.be\/de\/wp-json\/wp\/v2\/types\/product"}],"replies":[{"embeddable":true,"href":"https:\/\/www.daisho.be\/de\/wp-json\/wp\/v2\/comments?post=462543"}],"wp:featuredmedia":[{"embeddable":true,"href":"https:\/\/www.daisho.be\/de\/wp-json\/wp\/v2\/media\/462554"}],"wp:attachment":[{"href":"https:\/\/www.daisho.be\/de\/wp-json\/wp\/v2\/media?parent=462543"}],"wp:term":[{"taxonomy":"product_brand","embeddable":true,"href":"https:\/\/www.daisho.be\/de\/wp-json\/wp\/v2\/product_brand?post=462543"},{"taxonomy":"product_cat","embeddable":true,"href":"https:\/\/www.daisho.be\/de\/wp-json\/wp\/v2\/product_cat?post=462543"},{"taxonomy":"product_tag","embeddable":true,"href":"https:\/\/www.daisho.be\/de\/wp-json\/wp\/v2\/product_tag?post=462543"},{"taxonomy":"sport","embeddable":true,"href":"https:\/\/www.daisho.be\/de\/wp-json\/wp\/v2\/sport?post=462543"}],"curies":[{"name":"wp","href":"https:\/\/api.w.org\/{rel}","templated":true}]}}