{"id":462471,"date":"2023-03-18T17:18:04","date_gmt":"2023-03-18T16:18:04","guid":{"rendered":"https:\/\/www.daisho.be\/produit\/taekwondo-helm-mit-visier-adidas-blau\/"},"modified":"2025-02-27T15:30:26","modified_gmt":"2025-02-27T14:30:26","slug":"taekwondo-helm-mit-visier-adidas-blau","status":"publish","type":"product","link":"https:\/\/www.daisho.be\/de\/produit\/taekwondo-helm-mit-visier-adidas-blau\/","title":{"rendered":"Taekwondo-Helm mit Visier adidas blau"},"content":{"rendered":"<p>Taekwondo-Helm mit Visier von adidas<br \/>\nEVA-Schaumstoffmaterial und Polycarbonatmaske auf der Vorderseite f\u00fcr optimalen Schutz<br \/>\nDie Form ist ergonomisch und passt sich dem Kopf an.<br \/>\nDer Verschluss wird durch einen Klettverschluss erleichtert.<br \/>\nDer Bodenbelag ist waschbar.<br \/>\nFarben: Rot-Blau-Wei\u00df<br \/>\nGr\u00f6\u00dfen :<br \/>\nS 520\/550 mm<br \/>\nM 550\/580 mm<br \/>\nL 580\/610 mm<br \/>\nXL 610\/640 mm<br \/>\nTechnische Merkmale :<br \/>\n&#8211; Material: EVA-Schaumstoff<br \/>\n&#8211; Visier aus Polycarbonat<br \/>\n&#8211; Ergonomische Form<br \/>\n&#8211; Leicht zu schlie\u00dfen<br \/>\n&#8211; Waschbarer Belag<\/p>\n","protected":false},"excerpt":{"rendered":"<p>Taekwondo-Helm mit Visier von adidas EVA-Schaumstoffmaterial und Polycarbonatmaske auf der Vorderseite f\u00fcr optimalen Schutz Die Form ist ergonomisch und passt sich dem Kopf an. Der Verschluss wird durch einen Klettverschluss erleichtert. Der Bodenbelag ist waschbar. Farben: Rot-Blau-Wei\u00df Gr\u00f6\u00dfen : S 520\/550 mm M 550\/580 mm L 580\/610 mm XL 610\/640 mm Technische Merkmale : &#8211; [&hellip;]<\/p>\n","protected":false},"featured_media":476765,"comment_status":"open","ping_status":"closed","template":"","meta":{"inline_featured_image":false},"product_brand":[],"product_cat":[2062,2180,2092,2183],"product_tag":[2178],"sport":[],"class_list":{"0":"post-462471","1":"product","2":"type-product","3":"status-publish","4":"has-post-thumbnail","6":"product_cat-karate-schutzkleidung","7":"product_cat-karate-schutzkleidung-adidas","8":"product_cat-taekwondo-protektoren","9":"product_cat-taekwondo-protektoren-adidas","10":"product_tag-adidas-de","11":"pa_size-l","12":"pa_size-m","13":"pa_size-s","14":"pa_size-xl","16":"first","17":"instock","18":"taxable","19":"shipping-taxable","20":"purchasable","21":"product-type-variable"},"yoast_head":"<!-- This site is optimized with the Yoast SEO plugin v27.2 - https:\/\/yoast.com\/product\/yoast-seo-wordpress\/ -->\n<title>Taekwondo-Helm mit Visier adidas blau &#8211; Daisho<\/title>\n<meta name=\"description\" content=\"Der Adidas Taekwondo Helm bietet Ihnen optimalen Schutz und volle Ergonomie. Kaufen Sie ihn bei www.daisho.be|Daisho\" \/>\n<meta name=\"robots\" content=\"index, follow, max-snippet:-1, max-image-preview:large, max-video-preview:-1\" \/>\n<link rel=\"canonical\" href=\"https:\/\/www.daisho.be\/de\/produit\/taekwondo-helm-mit-visier-adidas-blau\/\" \/>\n<meta property=\"og:locale\" content=\"de_DE\" \/>\n<meta property=\"og:type\" content=\"article\" \/>\n<meta property=\"og:title\" content=\"Taekwondo-Helm mit Visier adidas blau &#8211; Daisho\" \/>\n<meta property=\"og:description\" content=\"Der Adidas Taekwondo Helm bietet Ihnen optimalen Schutz und volle Ergonomie. Kaufen Sie ihn bei www.daisho.be|Daisho\" \/>\n<meta property=\"og:url\" content=\"https:\/\/www.daisho.be\/de\/produit\/taekwondo-helm-mit-visier-adidas-blau\/\" \/>\n<meta property=\"og:site_name\" content=\"Daisho\" \/>\n<meta property=\"article:modified_time\" content=\"2025-02-27T14:30:26+00:00\" \/>\n<meta property=\"og:image\" content=\"https:\/\/www.daisho.be\/wp-content\/uploads\/2024\/12\/image-51.jpg\" \/>\n\t<meta property=\"og:image:width\" content=\"800\" \/>\n\t<meta property=\"og:image:height\" content=\"800\" \/>\n\t<meta property=\"og:image:type\" content=\"image\/jpeg\" \/>\n<meta name=\"twitter:card\" content=\"summary_large_image\" \/>\n<script type=\"application\/ld+json\" class=\"yoast-schema-graph\">{\"@context\":\"https:\/\/schema.org\",\"@graph\":[{\"@type\":\"WebPage\",\"@id\":\"https:\/\/www.daisho.be\/de\/produit\/taekwondo-helm-mit-visier-adidas-blau\/\",\"url\":\"https:\/\/www.daisho.be\/de\/produit\/taekwondo-helm-mit-visier-adidas-blau\/\",\"name\":\"Taekwondo-Helm mit Visier adidas blau &#8211; Daisho\",\"isPartOf\":{\"@id\":\"https:\/\/www.daisho.be\/de\/#website\"},\"primaryImageOfPage\":{\"@id\":\"https:\/\/www.daisho.be\/de\/produit\/taekwondo-helm-mit-visier-adidas-blau\/#primaryimage\"},\"image\":{\"@id\":\"https:\/\/www.daisho.be\/de\/produit\/taekwondo-helm-mit-visier-adidas-blau\/#primaryimage\"},\"thumbnailUrl\":\"https:\/\/www.daisho.be\/wp-content\/uploads\/2024\/12\/image-51.jpg\",\"datePublished\":\"2023-03-18T16:18:04+00:00\",\"dateModified\":\"2025-02-27T14:30:26+00:00\",\"description\":\"Der Adidas Taekwondo Helm bietet Ihnen optimalen Schutz und volle Ergonomie. Kaufen Sie ihn bei www.daisho.be|Daisho\",\"breadcrumb\":{\"@id\":\"https:\/\/www.daisho.be\/de\/produit\/taekwondo-helm-mit-visier-adidas-blau\/#breadcrumb\"},\"inLanguage\":\"de\",\"potentialAction\":[{\"@type\":\"ReadAction\",\"target\":[\"https:\/\/www.daisho.be\/de\/produit\/taekwondo-helm-mit-visier-adidas-blau\/\"]}]},{\"@type\":\"ImageObject\",\"inLanguage\":\"de\",\"@id\":\"https:\/\/www.daisho.be\/de\/produit\/taekwondo-helm-mit-visier-adidas-blau\/#primaryimage\",\"url\":\"https:\/\/www.daisho.be\/wp-content\/uploads\/2024\/12\/image-51.jpg\",\"contentUrl\":\"https:\/\/www.daisho.be\/wp-content\/uploads\/2024\/12\/image-51.jpg\",\"width\":800,\"height\":800,\"caption\":\"Taekwondo-Helm mit Visier adidas blau-1\"},{\"@type\":\"BreadcrumbList\",\"@id\":\"https:\/\/www.daisho.be\/de\/produit\/taekwondo-helm-mit-visier-adidas-blau\/#breadcrumb\",\"itemListElement\":[{\"@type\":\"ListItem\",\"position\":1,\"name\":\"Accueil\",\"item\":\"https:\/\/www.daisho.be\/de\/\"},{\"@type\":\"ListItem\",\"position\":2,\"name\":\"Produkte\",\"item\":\"https:\/\/www.daisho.be\/de\/produkte\/\"},{\"@type\":\"ListItem\",\"position\":3,\"name\":\"Ausr\u00fcstung und Kleidung f\u00fcr Kampfkunst und Kampfsport\",\"item\":\"https:\/\/www.daisho.be\/de\/categorie-produit\/ausrustung-und-kleidung-fur-kampfkunst-und-kampfsport\/\"},{\"@type\":\"ListItem\",\"position\":4,\"name\":\"Karate\",\"item\":\"https:\/\/www.daisho.be\/de\/categorie-produit\/ausrustung-und-kleidung-fur-kampfkunst-und-kampfsport\/karate-de-2\/\"},{\"@type\":\"ListItem\",\"position\":5,\"name\":\"Karate-Schutzkleidung\",\"item\":\"https:\/\/www.daisho.be\/de\/categorie-produit\/ausrustung-und-kleidung-fur-kampfkunst-und-kampfsport\/karate-de-2\/karate-schutzkleidung\/\"},{\"@type\":\"ListItem\",\"position\":6,\"name\":\"Taekwondo-Helm mit Visier adidas blau\"}]},{\"@type\":\"WebSite\",\"@id\":\"https:\/\/www.daisho.be\/de\/#website\",\"url\":\"https:\/\/www.daisho.be\/de\/\",\"name\":\"Daisho\",\"description\":\"Sp&eacute;cialiste de l'&eacute;quipement sportif d'arts martiaux\",\"publisher\":{\"@id\":\"https:\/\/www.daisho.be\/de\/#organization\"},\"potentialAction\":[{\"@type\":\"SearchAction\",\"target\":{\"@type\":\"EntryPoint\",\"urlTemplate\":\"https:\/\/www.daisho.be\/de\/?s={search_term_string}\"},\"query-input\":{\"@type\":\"PropertyValueSpecification\",\"valueRequired\":true,\"valueName\":\"search_term_string\"}}],\"inLanguage\":\"de\"},{\"@type\":\"Organization\",\"@id\":\"https:\/\/www.daisho.be\/de\/#organization\",\"name\":\"Daisho\",\"url\":\"https:\/\/www.daisho.be\/de\/\",\"logo\":{\"@type\":\"ImageObject\",\"inLanguage\":\"de\",\"@id\":\"https:\/\/www.daisho.be\/de\/#\/schema\/logo\/image\/\",\"url\":\"https:\/\/www.daisho.be\/wp-content\/uploads\/2019\/07\/color-nothing-horizontale4x-e1564486100247.png\",\"contentUrl\":\"https:\/\/www.daisho.be\/wp-content\/uploads\/2019\/07\/color-nothing-horizontale4x-e1564486100247.png\",\"width\":1547,\"height\":385,\"caption\":\"Daisho\"},\"image\":{\"@id\":\"https:\/\/www.daisho.be\/de\/#\/schema\/logo\/image\/\"}}]}<\/script>\n<!-- \/ Yoast SEO plugin. -->","yoast_head_json":{"title":"Taekwondo-Helm mit Visier adidas blau &#8211; Daisho","description":"Der Adidas Taekwondo Helm bietet Ihnen optimalen Schutz und volle Ergonomie. Kaufen Sie ihn bei www.daisho.be|Daisho","robots":{"index":"index","follow":"follow","max-snippet":"max-snippet:-1","max-image-preview":"max-image-preview:large","max-video-preview":"max-video-preview:-1"},"canonical":"https:\/\/www.daisho.be\/de\/produit\/taekwondo-helm-mit-visier-adidas-blau\/","og_locale":"de_DE","og_type":"article","og_title":"Taekwondo-Helm mit Visier adidas blau &#8211; Daisho","og_description":"Der Adidas Taekwondo Helm bietet Ihnen optimalen Schutz und volle Ergonomie. Kaufen Sie ihn bei www.daisho.be|Daisho","og_url":"https:\/\/www.daisho.be\/de\/produit\/taekwondo-helm-mit-visier-adidas-blau\/","og_site_name":"Daisho","article_modified_time":"2025-02-27T14:30:26+00:00","og_image":[{"width":800,"height":800,"url":"https:\/\/www.daisho.be\/wp-content\/uploads\/2024\/12\/image-51.jpg","type":"image\/jpeg"}],"twitter_card":"summary_large_image","schema":{"@context":"https:\/\/schema.org","@graph":[{"@type":"WebPage","@id":"https:\/\/www.daisho.be\/de\/produit\/taekwondo-helm-mit-visier-adidas-blau\/","url":"https:\/\/www.daisho.be\/de\/produit\/taekwondo-helm-mit-visier-adidas-blau\/","name":"Taekwondo-Helm mit Visier adidas blau &#8211; Daisho","isPartOf":{"@id":"https:\/\/www.daisho.be\/de\/#website"},"primaryImageOfPage":{"@id":"https:\/\/www.daisho.be\/de\/produit\/taekwondo-helm-mit-visier-adidas-blau\/#primaryimage"},"image":{"@id":"https:\/\/www.daisho.be\/de\/produit\/taekwondo-helm-mit-visier-adidas-blau\/#primaryimage"},"thumbnailUrl":"https:\/\/www.daisho.be\/wp-content\/uploads\/2024\/12\/image-51.jpg","datePublished":"2023-03-18T16:18:04+00:00","dateModified":"2025-02-27T14:30:26+00:00","description":"Der Adidas Taekwondo Helm bietet Ihnen optimalen Schutz und volle Ergonomie. Kaufen Sie ihn bei www.daisho.be|Daisho","breadcrumb":{"@id":"https:\/\/www.daisho.be\/de\/produit\/taekwondo-helm-mit-visier-adidas-blau\/#breadcrumb"},"inLanguage":"de","potentialAction":[{"@type":"ReadAction","target":["https:\/\/www.daisho.be\/de\/produit\/taekwondo-helm-mit-visier-adidas-blau\/"]}]},{"@type":"ImageObject","inLanguage":"de","@id":"https:\/\/www.daisho.be\/de\/produit\/taekwondo-helm-mit-visier-adidas-blau\/#primaryimage","url":"https:\/\/www.daisho.be\/wp-content\/uploads\/2024\/12\/image-51.jpg","contentUrl":"https:\/\/www.daisho.be\/wp-content\/uploads\/2024\/12\/image-51.jpg","width":800,"height":800,"caption":"Taekwondo-Helm mit Visier adidas blau-1"},{"@type":"BreadcrumbList","@id":"https:\/\/www.daisho.be\/de\/produit\/taekwondo-helm-mit-visier-adidas-blau\/#breadcrumb","itemListElement":[{"@type":"ListItem","position":1,"name":"Accueil","item":"https:\/\/www.daisho.be\/de\/"},{"@type":"ListItem","position":2,"name":"Produkte","item":"https:\/\/www.daisho.be\/de\/produkte\/"},{"@type":"ListItem","position":3,"name":"Ausr\u00fcstung und Kleidung f\u00fcr Kampfkunst und Kampfsport","item":"https:\/\/www.daisho.be\/de\/categorie-produit\/ausrustung-und-kleidung-fur-kampfkunst-und-kampfsport\/"},{"@type":"ListItem","position":4,"name":"Karate","item":"https:\/\/www.daisho.be\/de\/categorie-produit\/ausrustung-und-kleidung-fur-kampfkunst-und-kampfsport\/karate-de-2\/"},{"@type":"ListItem","position":5,"name":"Karate-Schutzkleidung","item":"https:\/\/www.daisho.be\/de\/categorie-produit\/ausrustung-und-kleidung-fur-kampfkunst-und-kampfsport\/karate-de-2\/karate-schutzkleidung\/"},{"@type":"ListItem","position":6,"name":"Taekwondo-Helm mit Visier adidas blau"}]},{"@type":"WebSite","@id":"https:\/\/www.daisho.be\/de\/#website","url":"https:\/\/www.daisho.be\/de\/","name":"Daisho","description":"Sp&eacute;cialiste de l'&eacute;quipement sportif d'arts martiaux","publisher":{"@id":"https:\/\/www.daisho.be\/de\/#organization"},"potentialAction":[{"@type":"SearchAction","target":{"@type":"EntryPoint","urlTemplate":"https:\/\/www.daisho.be\/de\/?s={search_term_string}"},"query-input":{"@type":"PropertyValueSpecification","valueRequired":true,"valueName":"search_term_string"}}],"inLanguage":"de"},{"@type":"Organization","@id":"https:\/\/www.daisho.be\/de\/#organization","name":"Daisho","url":"https:\/\/www.daisho.be\/de\/","logo":{"@type":"ImageObject","inLanguage":"de","@id":"https:\/\/www.daisho.be\/de\/#\/schema\/logo\/image\/","url":"https:\/\/www.daisho.be\/wp-content\/uploads\/2019\/07\/color-nothing-horizontale4x-e1564486100247.png","contentUrl":"https:\/\/www.daisho.be\/wp-content\/uploads\/2019\/07\/color-nothing-horizontale4x-e1564486100247.png","width":1547,"height":385,"caption":"Daisho"},"image":{"@id":"https:\/\/www.daisho.be\/de\/#\/schema\/logo\/image\/"}}]}},"_links":{"self":[{"href":"https:\/\/www.daisho.be\/de\/wp-json\/wp\/v2\/product\/462471","targetHints":{"allow":["GET"]}}],"collection":[{"href":"https:\/\/www.daisho.be\/de\/wp-json\/wp\/v2\/product"}],"about":[{"href":"https:\/\/www.daisho.be\/de\/wp-json\/wp\/v2\/types\/product"}],"replies":[{"embeddable":true,"href":"https:\/\/www.daisho.be\/de\/wp-json\/wp\/v2\/comments?post=462471"}],"wp:featuredmedia":[{"embeddable":true,"href":"https:\/\/www.daisho.be\/de\/wp-json\/wp\/v2\/media\/476765"}],"wp:attachment":[{"href":"https:\/\/www.daisho.be\/de\/wp-json\/wp\/v2\/media?parent=462471"}],"wp:term":[{"taxonomy":"product_brand","embeddable":true,"href":"https:\/\/www.daisho.be\/de\/wp-json\/wp\/v2\/product_brand?post=462471"},{"taxonomy":"product_cat","embeddable":true,"href":"https:\/\/www.daisho.be\/de\/wp-json\/wp\/v2\/product_cat?post=462471"},{"taxonomy":"product_tag","embeddable":true,"href":"https:\/\/www.daisho.be\/de\/wp-json\/wp\/v2\/product_tag?post=462471"},{"taxonomy":"sport","embeddable":true,"href":"https:\/\/www.daisho.be\/de\/wp-json\/wp\/v2\/sport?post=462471"}],"curies":[{"name":"wp","href":"https:\/\/api.w.org\/{rel}","templated":true}]}}