{"id":462462,"date":"2023-03-23T14:49:31","date_gmt":"2023-03-23T13:49:31","guid":{"rendered":"https:\/\/www.daisho.be\/produit\/adidas-squadra-21-praesentationsjacke-blau-weiss\/"},"modified":"2025-02-27T15:30:45","modified_gmt":"2025-02-27T14:30:45","slug":"adidas-squadra-21-praesentationsjacke-blau-weiss","status":"publish","type":"product","link":"https:\/\/www.daisho.be\/de\/produit\/adidas-squadra-21-praesentationsjacke-blau-weiss\/","title":{"rendered":"adidas Squadra 21 Pr\u00e4sentationsjacke blau\/wei\u00df"},"content":{"rendered":"<p>Mit der Pr\u00e4sentationsjacke sehen Sie vor und nach dem Spiel gut aus und sind super bequem.<br \/>\nDie Jacke ist aus weichem Material mit Rei\u00dfverschluss h\u00e4lt Sie trocken und warm.<br \/>\nAuf Wunsch k\u00f6nnen wir die Jacke individuell anpassen.<\/p>\n<p>Farbe: blau\/wei\u00df<br \/>\nMit elastischen B\u00fcndchen an den \u00c4rmeln<br \/>\nMaterial: 100% recyceltes Polyester<\/p>\n","protected":false},"excerpt":{"rendered":"<p>Mit der Pr\u00e4sentationsjacke sehen Sie vor und nach dem Spiel gut aus und sind super bequem. Die Jacke ist aus weichem Material mit Rei\u00dfverschluss h\u00e4lt Sie trocken und warm. Auf Wunsch k\u00f6nnen wir die Jacke individuell anpassen. Farbe: blau\/wei\u00df Mit elastischen B\u00fcndchen an den \u00c4rmeln Material: 100% recyceltes Polyester<\/p>\n","protected":false},"featured_media":462469,"comment_status":"open","ping_status":"closed","template":"","meta":{"inline_featured_image":false},"product_brand":[],"product_cat":[2258,2295,2257,2076],"product_tag":[2178],"sport":[],"class_list":{"0":"post-462462","1":"product","2":"type-product","3":"status-publish","4":"has-post-thumbnail","6":"product_cat-adidas-combat-sports-bekleidung","7":"product_cat-adidas-kleidung-fur-kick-boxing","8":"product_cat-adidas-kleidung-fur-karate","9":"product_cat-kleidung","10":"product_tag-adidas-de","11":"pa_size-2xl","12":"pa_size-l","13":"pa_size-m","14":"pa_size-s","15":"pa_size-xl","17":"first","18":"instock","19":"taxable","20":"shipping-taxable","21":"purchasable","22":"product-type-variable"},"yoast_head":"<!-- This site is optimized with the Yoast SEO plugin v27.2 - https:\/\/yoast.com\/product\/yoast-seo-wordpress\/ -->\n<title>adidas Squadra 21 Pr\u00e4sentationsjacke blau\/wei\u00df &#8211; Daisho<\/title>\n<meta name=\"description\" content=\"Entdecken Sie die squadra 21 Adidas Jacke, die Komfort und Stil vereint. Ideal f\u00fcr Ihr Training oder einen entspannten Ausflug! Kaufen Sie die Jacke auf www.daisho.be\" \/>\n<meta name=\"robots\" content=\"index, follow, max-snippet:-1, max-image-preview:large, max-video-preview:-1\" \/>\n<link rel=\"canonical\" href=\"https:\/\/www.daisho.be\/de\/produit\/adidas-squadra-21-praesentationsjacke-blau-weiss\/\" \/>\n<meta property=\"og:locale\" content=\"de_DE\" \/>\n<meta property=\"og:type\" content=\"article\" \/>\n<meta property=\"og:title\" content=\"adidas Squadra 21 Pr\u00e4sentationsjacke blau\/wei\u00df &#8211; Daisho\" \/>\n<meta property=\"og:description\" content=\"Entdecken Sie die squadra 21 Adidas Jacke, die Komfort und Stil vereint. Ideal f\u00fcr Ihr Training oder einen entspannten Ausflug! Kaufen Sie die Jacke auf www.daisho.be\" \/>\n<meta property=\"og:url\" content=\"https:\/\/www.daisho.be\/de\/produit\/adidas-squadra-21-praesentationsjacke-blau-weiss\/\" \/>\n<meta property=\"og:site_name\" content=\"Daisho\" \/>\n<meta property=\"article:modified_time\" content=\"2025-02-27T14:30:45+00:00\" \/>\n<meta property=\"og:image\" content=\"https:\/\/www.daisho.be\/wp-content\/uploads\/2024\/01\/image-50.jpg\" \/>\n\t<meta property=\"og:image:width\" content=\"1200\" \/>\n\t<meta property=\"og:image:height\" content=\"1200\" \/>\n\t<meta property=\"og:image:type\" content=\"image\/jpeg\" \/>\n<meta name=\"twitter:card\" content=\"summary_large_image\" \/>\n<script type=\"application\/ld+json\" class=\"yoast-schema-graph\">{\"@context\":\"https:\/\/schema.org\",\"@graph\":[{\"@type\":\"WebPage\",\"@id\":\"https:\/\/www.daisho.be\/de\/produit\/adidas-squadra-21-praesentationsjacke-blau-weiss\/\",\"url\":\"https:\/\/www.daisho.be\/de\/produit\/adidas-squadra-21-praesentationsjacke-blau-weiss\/\",\"name\":\"adidas Squadra 21 Pr\u00e4sentationsjacke blau\/wei\u00df &#8211; Daisho\",\"isPartOf\":{\"@id\":\"https:\/\/www.daisho.be\/de\/#website\"},\"primaryImageOfPage\":{\"@id\":\"https:\/\/www.daisho.be\/de\/produit\/adidas-squadra-21-praesentationsjacke-blau-weiss\/#primaryimage\"},\"image\":{\"@id\":\"https:\/\/www.daisho.be\/de\/produit\/adidas-squadra-21-praesentationsjacke-blau-weiss\/#primaryimage\"},\"thumbnailUrl\":\"https:\/\/www.daisho.be\/wp-content\/uploads\/2024\/01\/image-50.jpg\",\"datePublished\":\"2023-03-23T13:49:31+00:00\",\"dateModified\":\"2025-02-27T14:30:45+00:00\",\"description\":\"Entdecken Sie die squadra 21 Adidas Jacke, die Komfort und Stil vereint. Ideal f\u00fcr Ihr Training oder einen entspannten Ausflug! Kaufen Sie die Jacke auf www.daisho.be\",\"breadcrumb\":{\"@id\":\"https:\/\/www.daisho.be\/de\/produit\/adidas-squadra-21-praesentationsjacke-blau-weiss\/#breadcrumb\"},\"inLanguage\":\"de\",\"potentialAction\":[{\"@type\":\"ReadAction\",\"target\":[\"https:\/\/www.daisho.be\/de\/produit\/adidas-squadra-21-praesentationsjacke-blau-weiss\/\"]}]},{\"@type\":\"ImageObject\",\"inLanguage\":\"de\",\"@id\":\"https:\/\/www.daisho.be\/de\/produit\/adidas-squadra-21-praesentationsjacke-blau-weiss\/#primaryimage\",\"url\":\"https:\/\/www.daisho.be\/wp-content\/uploads\/2024\/01\/image-50.jpg\",\"contentUrl\":\"https:\/\/www.daisho.be\/wp-content\/uploads\/2024\/01\/image-50.jpg\",\"width\":1200,\"height\":1200,\"caption\":\"adidas Squadra 21 Pr\u00e4sentationsjacke blau\/wei\u00df-1\"},{\"@type\":\"BreadcrumbList\",\"@id\":\"https:\/\/www.daisho.be\/de\/produit\/adidas-squadra-21-praesentationsjacke-blau-weiss\/#breadcrumb\",\"itemListElement\":[{\"@type\":\"ListItem\",\"position\":1,\"name\":\"Accueil\",\"item\":\"https:\/\/www.daisho.be\/de\/\"},{\"@type\":\"ListItem\",\"position\":2,\"name\":\"Produkte\",\"item\":\"https:\/\/www.daisho.be\/de\/produkte\/\"},{\"@type\":\"ListItem\",\"position\":3,\"name\":\"ADIDAS COMBAT SPORTS\",\"item\":\"https:\/\/www.daisho.be\/de\/categorie-produit\/adidas-combat-sports-de\/\"},{\"@type\":\"ListItem\",\"position\":4,\"name\":\"Kampfsport\",\"item\":\"https:\/\/www.daisho.be\/de\/categorie-produit\/adidas-combat-sports-de\/kampfsport\/\"},{\"@type\":\"ListItem\",\"position\":5,\"name\":\"Adidas Combat Sports Bekleidung\",\"item\":\"https:\/\/www.daisho.be\/de\/categorie-produit\/adidas-combat-sports-de\/kampfsport\/adidas-combat-sports-bekleidung\/\"},{\"@type\":\"ListItem\",\"position\":6,\"name\":\"adidas Squadra 21 Pr\u00e4sentationsjacke blau\/wei\u00df\"}]},{\"@type\":\"WebSite\",\"@id\":\"https:\/\/www.daisho.be\/de\/#website\",\"url\":\"https:\/\/www.daisho.be\/de\/\",\"name\":\"Daisho\",\"description\":\"Sp&eacute;cialiste de l'&eacute;quipement sportif d'arts martiaux\",\"publisher\":{\"@id\":\"https:\/\/www.daisho.be\/de\/#organization\"},\"potentialAction\":[{\"@type\":\"SearchAction\",\"target\":{\"@type\":\"EntryPoint\",\"urlTemplate\":\"https:\/\/www.daisho.be\/de\/?s={search_term_string}\"},\"query-input\":{\"@type\":\"PropertyValueSpecification\",\"valueRequired\":true,\"valueName\":\"search_term_string\"}}],\"inLanguage\":\"de\"},{\"@type\":\"Organization\",\"@id\":\"https:\/\/www.daisho.be\/de\/#organization\",\"name\":\"Daisho\",\"url\":\"https:\/\/www.daisho.be\/de\/\",\"logo\":{\"@type\":\"ImageObject\",\"inLanguage\":\"de\",\"@id\":\"https:\/\/www.daisho.be\/de\/#\/schema\/logo\/image\/\",\"url\":\"https:\/\/www.daisho.be\/wp-content\/uploads\/2019\/07\/color-nothing-horizontale4x-e1564486100247.png\",\"contentUrl\":\"https:\/\/www.daisho.be\/wp-content\/uploads\/2019\/07\/color-nothing-horizontale4x-e1564486100247.png\",\"width\":1547,\"height\":385,\"caption\":\"Daisho\"},\"image\":{\"@id\":\"https:\/\/www.daisho.be\/de\/#\/schema\/logo\/image\/\"}}]}<\/script>\n<!-- \/ Yoast SEO plugin. -->","yoast_head_json":{"title":"adidas Squadra 21 Pr\u00e4sentationsjacke blau\/wei\u00df &#8211; Daisho","description":"Entdecken Sie die squadra 21 Adidas Jacke, die Komfort und Stil vereint. Ideal f\u00fcr Ihr Training oder einen entspannten Ausflug! Kaufen Sie die Jacke auf www.daisho.be","robots":{"index":"index","follow":"follow","max-snippet":"max-snippet:-1","max-image-preview":"max-image-preview:large","max-video-preview":"max-video-preview:-1"},"canonical":"https:\/\/www.daisho.be\/de\/produit\/adidas-squadra-21-praesentationsjacke-blau-weiss\/","og_locale":"de_DE","og_type":"article","og_title":"adidas Squadra 21 Pr\u00e4sentationsjacke blau\/wei\u00df &#8211; Daisho","og_description":"Entdecken Sie die squadra 21 Adidas Jacke, die Komfort und Stil vereint. Ideal f\u00fcr Ihr Training oder einen entspannten Ausflug! Kaufen Sie die Jacke auf www.daisho.be","og_url":"https:\/\/www.daisho.be\/de\/produit\/adidas-squadra-21-praesentationsjacke-blau-weiss\/","og_site_name":"Daisho","article_modified_time":"2025-02-27T14:30:45+00:00","og_image":[{"width":1200,"height":1200,"url":"https:\/\/www.daisho.be\/wp-content\/uploads\/2024\/01\/image-50.jpg","type":"image\/jpeg"}],"twitter_card":"summary_large_image","schema":{"@context":"https:\/\/schema.org","@graph":[{"@type":"WebPage","@id":"https:\/\/www.daisho.be\/de\/produit\/adidas-squadra-21-praesentationsjacke-blau-weiss\/","url":"https:\/\/www.daisho.be\/de\/produit\/adidas-squadra-21-praesentationsjacke-blau-weiss\/","name":"adidas Squadra 21 Pr\u00e4sentationsjacke blau\/wei\u00df &#8211; Daisho","isPartOf":{"@id":"https:\/\/www.daisho.be\/de\/#website"},"primaryImageOfPage":{"@id":"https:\/\/www.daisho.be\/de\/produit\/adidas-squadra-21-praesentationsjacke-blau-weiss\/#primaryimage"},"image":{"@id":"https:\/\/www.daisho.be\/de\/produit\/adidas-squadra-21-praesentationsjacke-blau-weiss\/#primaryimage"},"thumbnailUrl":"https:\/\/www.daisho.be\/wp-content\/uploads\/2024\/01\/image-50.jpg","datePublished":"2023-03-23T13:49:31+00:00","dateModified":"2025-02-27T14:30:45+00:00","description":"Entdecken Sie die squadra 21 Adidas Jacke, die Komfort und Stil vereint. Ideal f\u00fcr Ihr Training oder einen entspannten Ausflug! Kaufen Sie die Jacke auf www.daisho.be","breadcrumb":{"@id":"https:\/\/www.daisho.be\/de\/produit\/adidas-squadra-21-praesentationsjacke-blau-weiss\/#breadcrumb"},"inLanguage":"de","potentialAction":[{"@type":"ReadAction","target":["https:\/\/www.daisho.be\/de\/produit\/adidas-squadra-21-praesentationsjacke-blau-weiss\/"]}]},{"@type":"ImageObject","inLanguage":"de","@id":"https:\/\/www.daisho.be\/de\/produit\/adidas-squadra-21-praesentationsjacke-blau-weiss\/#primaryimage","url":"https:\/\/www.daisho.be\/wp-content\/uploads\/2024\/01\/image-50.jpg","contentUrl":"https:\/\/www.daisho.be\/wp-content\/uploads\/2024\/01\/image-50.jpg","width":1200,"height":1200,"caption":"adidas Squadra 21 Pr\u00e4sentationsjacke blau\/wei\u00df-1"},{"@type":"BreadcrumbList","@id":"https:\/\/www.daisho.be\/de\/produit\/adidas-squadra-21-praesentationsjacke-blau-weiss\/#breadcrumb","itemListElement":[{"@type":"ListItem","position":1,"name":"Accueil","item":"https:\/\/www.daisho.be\/de\/"},{"@type":"ListItem","position":2,"name":"Produkte","item":"https:\/\/www.daisho.be\/de\/produkte\/"},{"@type":"ListItem","position":3,"name":"ADIDAS COMBAT SPORTS","item":"https:\/\/www.daisho.be\/de\/categorie-produit\/adidas-combat-sports-de\/"},{"@type":"ListItem","position":4,"name":"Kampfsport","item":"https:\/\/www.daisho.be\/de\/categorie-produit\/adidas-combat-sports-de\/kampfsport\/"},{"@type":"ListItem","position":5,"name":"Adidas Combat Sports Bekleidung","item":"https:\/\/www.daisho.be\/de\/categorie-produit\/adidas-combat-sports-de\/kampfsport\/adidas-combat-sports-bekleidung\/"},{"@type":"ListItem","position":6,"name":"adidas Squadra 21 Pr\u00e4sentationsjacke blau\/wei\u00df"}]},{"@type":"WebSite","@id":"https:\/\/www.daisho.be\/de\/#website","url":"https:\/\/www.daisho.be\/de\/","name":"Daisho","description":"Sp&eacute;cialiste de l'&eacute;quipement sportif d'arts martiaux","publisher":{"@id":"https:\/\/www.daisho.be\/de\/#organization"},"potentialAction":[{"@type":"SearchAction","target":{"@type":"EntryPoint","urlTemplate":"https:\/\/www.daisho.be\/de\/?s={search_term_string}"},"query-input":{"@type":"PropertyValueSpecification","valueRequired":true,"valueName":"search_term_string"}}],"inLanguage":"de"},{"@type":"Organization","@id":"https:\/\/www.daisho.be\/de\/#organization","name":"Daisho","url":"https:\/\/www.daisho.be\/de\/","logo":{"@type":"ImageObject","inLanguage":"de","@id":"https:\/\/www.daisho.be\/de\/#\/schema\/logo\/image\/","url":"https:\/\/www.daisho.be\/wp-content\/uploads\/2019\/07\/color-nothing-horizontale4x-e1564486100247.png","contentUrl":"https:\/\/www.daisho.be\/wp-content\/uploads\/2019\/07\/color-nothing-horizontale4x-e1564486100247.png","width":1547,"height":385,"caption":"Daisho"},"image":{"@id":"https:\/\/www.daisho.be\/de\/#\/schema\/logo\/image\/"}}]}},"_links":{"self":[{"href":"https:\/\/www.daisho.be\/de\/wp-json\/wp\/v2\/product\/462462","targetHints":{"allow":["GET"]}}],"collection":[{"href":"https:\/\/www.daisho.be\/de\/wp-json\/wp\/v2\/product"}],"about":[{"href":"https:\/\/www.daisho.be\/de\/wp-json\/wp\/v2\/types\/product"}],"replies":[{"embeddable":true,"href":"https:\/\/www.daisho.be\/de\/wp-json\/wp\/v2\/comments?post=462462"}],"wp:featuredmedia":[{"embeddable":true,"href":"https:\/\/www.daisho.be\/de\/wp-json\/wp\/v2\/media\/462469"}],"wp:attachment":[{"href":"https:\/\/www.daisho.be\/de\/wp-json\/wp\/v2\/media?parent=462462"}],"wp:term":[{"taxonomy":"product_brand","embeddable":true,"href":"https:\/\/www.daisho.be\/de\/wp-json\/wp\/v2\/product_brand?post=462462"},{"taxonomy":"product_cat","embeddable":true,"href":"https:\/\/www.daisho.be\/de\/wp-json\/wp\/v2\/product_cat?post=462462"},{"taxonomy":"product_tag","embeddable":true,"href":"https:\/\/www.daisho.be\/de\/wp-json\/wp\/v2\/product_tag?post=462462"},{"taxonomy":"sport","embeddable":true,"href":"https:\/\/www.daisho.be\/de\/wp-json\/wp\/v2\/sport?post=462462"}],"curies":[{"name":"wp","href":"https:\/\/api.w.org\/{rel}","templated":true}]}}