{"id":462111,"date":"2024-09-17T12:36:42","date_gmt":"2024-09-17T10:36:42","guid":{"rendered":"https:\/\/www.daisho.be\/produit\/judogi-adidas-j350-club-weiss-rot\/"},"modified":"2025-12-22T15:55:36","modified_gmt":"2025-12-22T14:55:36","slug":"judogi-adidas-j350-club-weiss-rot","status":"publish","type":"product","link":"https:\/\/www.daisho.be\/de\/produit\/judogi-adidas-j350-club-weiss-rot\/","title":{"rendered":"Judogi Adidas J350 Club Wei\u00df\/Rot"},"content":{"rendered":"<p>Der adidas Judo J350 Judogi ist f\u00fcr Kinder und unerfahrene Judoka konzipiert.<br \/>\nDer Judogi besteht zu 60% aus Baumwolle und zu 40% aus Polyester und ist an verschiedenen Stellen verst\u00e4rkt, um eine l\u00e4ngere Lebensdauer zu gew\u00e4hrleisten.<br \/>\nDie Hose hat einen elastischen Bund f\u00fcr zus\u00e4tzlichen Komfort.<br \/>\nDer Judogi hat adidas-Etiketten auf den Schultern.<br \/>\nVorteile:<br \/>\n&#8211; Der Judogi ist an verschiedenen Stellen verst\u00e4rkt, um eine l\u00e4ngere Lebensdauer zu gew\u00e4hrleisten.<br \/>\n&#8211; &#8211; Der Judogi ist an verschiedenen Stellen verst\u00e4rkt, um eine l\u00e4ngere Lebensdauer zu gew\u00e4hrleisten. Elastische Taille f\u00fcr mehr Komfort<br \/>\n&#8211; Perfekter Judogi f\u00fcr den Freizeitjudoka<br \/>\n&#8211; Schrumpft nur wenig<br \/>\n&#8211; Stoff: Polycotton 350 g\/m\u00b2.<\/p>\n","protected":false},"excerpt":{"rendered":"<p>Der adidas Judo J350 Judogi ist f\u00fcr Kinder und unerfahrene Judoka konzipiert. Der Judogi besteht zu 60% aus Baumwolle und zu 40% aus Polyester und ist an verschiedenen Stellen verst\u00e4rkt, um eine l\u00e4ngere Lebensdauer zu gew\u00e4hrleisten. Die Hose hat einen elastischen Bund f\u00fcr zus\u00e4tzlichen Komfort. Der Judogi hat adidas-Etiketten auf den Schultern. Vorteile: &#8211; Der [&hellip;]<\/p>\n","protected":false},"featured_media":462127,"comment_status":"open","ping_status":"closed","template":"","meta":{"inline_featured_image":false},"product_brand":[],"product_cat":[2230,2128,2287,2118],"product_tag":[2178],"sport":[],"class_list":{"0":"post-462111","1":"product","2":"type-product","3":"status-publish","4":"has-post-thumbnail","6":"product_cat-judo-kimonos-de","7":"product_cat-jujitsu-kimono-de","8":"product_cat-kimono-judogi-adidas-de","9":"product_cat-kleidung-kimonos","10":"product_tag-adidas-de","11":"pa_size-375","12":"pa_size-374","13":"pa_size-373","14":"pa_size-381","15":"pa_size-380","16":"pa_size-379","17":"pa_size-378","19":"first","20":"instock","21":"taxable","22":"shipping-taxable","23":"purchasable","24":"product-type-variable"},"yoast_head":"<!-- This site is optimized with the Yoast SEO plugin v27.2 - https:\/\/yoast.com\/product\/yoast-seo-wordpress\/ -->\n<title>Judogi Adidas J350 Club Wei\u00df\/Rot &#8211; Daisho<\/title>\n<meta name=\"description\" content=\"Sind Sie ein Neuling im Judo? Wir haben den ADIDAS j350 Kimono f\u00fcr Sie, der Komfort und Haltbarkeit bietet. Kaufen Sie ihn auf unserer Website www.daisho.be\/Daisho\" \/>\n<meta name=\"robots\" content=\"index, follow, max-snippet:-1, max-image-preview:large, max-video-preview:-1\" \/>\n<link rel=\"canonical\" href=\"https:\/\/www.daisho.be\/de\/produit\/judogi-adidas-j350-club-weiss-rot\/\" \/>\n<meta property=\"og:locale\" content=\"de_DE\" \/>\n<meta property=\"og:type\" content=\"article\" \/>\n<meta property=\"og:title\" content=\"Judogi Adidas J350 Club Wei\u00df\/Rot &#8211; Daisho\" \/>\n<meta property=\"og:description\" content=\"Sind Sie ein Neuling im Judo? Wir haben den ADIDAS j350 Kimono f\u00fcr Sie, der Komfort und Haltbarkeit bietet. Kaufen Sie ihn auf unserer Website www.daisho.be\/Daisho\" \/>\n<meta property=\"og:url\" content=\"https:\/\/www.daisho.be\/de\/produit\/judogi-adidas-j350-club-weiss-rot\/\" \/>\n<meta property=\"og:site_name\" content=\"Daisho\" \/>\n<meta property=\"article:modified_time\" content=\"2025-12-22T14:55:36+00:00\" \/>\n<meta property=\"og:image\" content=\"https:\/\/www.daisho.be\/wp-content\/uploads\/2024\/09\/image-14.webp\" \/>\n\t<meta property=\"og:image:width\" content=\"1313\" \/>\n\t<meta property=\"og:image:height\" content=\"1600\" \/>\n\t<meta property=\"og:image:type\" content=\"image\/webp\" \/>\n<meta name=\"twitter:card\" content=\"summary_large_image\" \/>\n<meta name=\"twitter:label1\" content=\"Gesch\u00e4tzte Lesezeit\" \/>\n\t<meta name=\"twitter:data1\" content=\"1\u00a0Minute\" \/>\n<script type=\"application\/ld+json\" class=\"yoast-schema-graph\">{\"@context\":\"https:\/\/schema.org\",\"@graph\":[{\"@type\":\"WebPage\",\"@id\":\"https:\/\/www.daisho.be\/de\/produit\/judogi-adidas-j350-club-weiss-rot\/\",\"url\":\"https:\/\/www.daisho.be\/de\/produit\/judogi-adidas-j350-club-weiss-rot\/\",\"name\":\"Judogi Adidas J350 Club Wei\u00df\/Rot &#8211; Daisho\",\"isPartOf\":{\"@id\":\"https:\/\/www.daisho.be\/de\/#website\"},\"primaryImageOfPage\":{\"@id\":\"https:\/\/www.daisho.be\/de\/produit\/judogi-adidas-j350-club-weiss-rot\/#primaryimage\"},\"image\":{\"@id\":\"https:\/\/www.daisho.be\/de\/produit\/judogi-adidas-j350-club-weiss-rot\/#primaryimage\"},\"thumbnailUrl\":\"https:\/\/www.daisho.be\/wp-content\/uploads\/2024\/09\/image-14.webp\",\"datePublished\":\"2024-09-17T10:36:42+00:00\",\"dateModified\":\"2025-12-22T14:55:36+00:00\",\"description\":\"Sind Sie ein Neuling im Judo? Wir haben den ADIDAS j350 Kimono f\u00fcr Sie, der Komfort und Haltbarkeit bietet. Kaufen Sie ihn auf unserer Website www.daisho.be\/Daisho\",\"breadcrumb\":{\"@id\":\"https:\/\/www.daisho.be\/de\/produit\/judogi-adidas-j350-club-weiss-rot\/#breadcrumb\"},\"inLanguage\":\"de\",\"potentialAction\":[{\"@type\":\"ReadAction\",\"target\":[\"https:\/\/www.daisho.be\/de\/produit\/judogi-adidas-j350-club-weiss-rot\/\"]}]},{\"@type\":\"ImageObject\",\"inLanguage\":\"de\",\"@id\":\"https:\/\/www.daisho.be\/de\/produit\/judogi-adidas-j350-club-weiss-rot\/#primaryimage\",\"url\":\"https:\/\/www.daisho.be\/wp-content\/uploads\/2024\/09\/image-14.webp\",\"contentUrl\":\"https:\/\/www.daisho.be\/wp-content\/uploads\/2024\/09\/image-14.webp\",\"width\":1313,\"height\":1600,\"caption\":\"Judogi Adidas J350 Club Wei\u00df\/Rot-1\"},{\"@type\":\"BreadcrumbList\",\"@id\":\"https:\/\/www.daisho.be\/de\/produit\/judogi-adidas-j350-club-weiss-rot\/#breadcrumb\",\"itemListElement\":[{\"@type\":\"ListItem\",\"position\":1,\"name\":\"Accueil\",\"item\":\"https:\/\/www.daisho.be\/de\/\"},{\"@type\":\"ListItem\",\"position\":2,\"name\":\"Produkte\",\"item\":\"https:\/\/www.daisho.be\/de\/produkte\/\"},{\"@type\":\"ListItem\",\"position\":3,\"name\":\"Ausr\u00fcstung und Kleidung f\u00fcr Kampfkunst und Kampfsport\",\"item\":\"https:\/\/www.daisho.be\/de\/categorie-produit\/ausrustung-und-kleidung-fur-kampfkunst-und-kampfsport\/\"},{\"@type\":\"ListItem\",\"position\":4,\"name\":\"Judo\",\"item\":\"https:\/\/www.daisho.be\/de\/categorie-produit\/ausrustung-und-kleidung-fur-kampfkunst-und-kampfsport\/judo-de-2\/\"},{\"@type\":\"ListItem\",\"position\":5,\"name\":\"Judo-Kimonos\",\"item\":\"https:\/\/www.daisho.be\/de\/categorie-produit\/ausrustung-und-kleidung-fur-kampfkunst-und-kampfsport\/judo-de-2\/judo-kimonos-de\/\"},{\"@type\":\"ListItem\",\"position\":6,\"name\":\"Judogi Adidas J350 Club Wei\u00df\/Rot\"}]},{\"@type\":\"WebSite\",\"@id\":\"https:\/\/www.daisho.be\/de\/#website\",\"url\":\"https:\/\/www.daisho.be\/de\/\",\"name\":\"Daisho\",\"description\":\"Sp&eacute;cialiste de l'&eacute;quipement sportif d'arts martiaux\",\"publisher\":{\"@id\":\"https:\/\/www.daisho.be\/de\/#organization\"},\"potentialAction\":[{\"@type\":\"SearchAction\",\"target\":{\"@type\":\"EntryPoint\",\"urlTemplate\":\"https:\/\/www.daisho.be\/de\/?s={search_term_string}\"},\"query-input\":{\"@type\":\"PropertyValueSpecification\",\"valueRequired\":true,\"valueName\":\"search_term_string\"}}],\"inLanguage\":\"de\"},{\"@type\":\"Organization\",\"@id\":\"https:\/\/www.daisho.be\/de\/#organization\",\"name\":\"Daisho\",\"url\":\"https:\/\/www.daisho.be\/de\/\",\"logo\":{\"@type\":\"ImageObject\",\"inLanguage\":\"de\",\"@id\":\"https:\/\/www.daisho.be\/de\/#\/schema\/logo\/image\/\",\"url\":\"https:\/\/www.daisho.be\/wp-content\/uploads\/2019\/07\/color-nothing-horizontale4x-e1564486100247.png\",\"contentUrl\":\"https:\/\/www.daisho.be\/wp-content\/uploads\/2019\/07\/color-nothing-horizontale4x-e1564486100247.png\",\"width\":1547,\"height\":385,\"caption\":\"Daisho\"},\"image\":{\"@id\":\"https:\/\/www.daisho.be\/de\/#\/schema\/logo\/image\/\"}}]}<\/script>\n<!-- \/ Yoast SEO plugin. -->","yoast_head_json":{"title":"Judogi Adidas J350 Club Wei\u00df\/Rot &#8211; Daisho","description":"Sind Sie ein Neuling im Judo? Wir haben den ADIDAS j350 Kimono f\u00fcr Sie, der Komfort und Haltbarkeit bietet. Kaufen Sie ihn auf unserer Website www.daisho.be\/Daisho","robots":{"index":"index","follow":"follow","max-snippet":"max-snippet:-1","max-image-preview":"max-image-preview:large","max-video-preview":"max-video-preview:-1"},"canonical":"https:\/\/www.daisho.be\/de\/produit\/judogi-adidas-j350-club-weiss-rot\/","og_locale":"de_DE","og_type":"article","og_title":"Judogi Adidas J350 Club Wei\u00df\/Rot &#8211; Daisho","og_description":"Sind Sie ein Neuling im Judo? Wir haben den ADIDAS j350 Kimono f\u00fcr Sie, der Komfort und Haltbarkeit bietet. Kaufen Sie ihn auf unserer Website www.daisho.be\/Daisho","og_url":"https:\/\/www.daisho.be\/de\/produit\/judogi-adidas-j350-club-weiss-rot\/","og_site_name":"Daisho","article_modified_time":"2025-12-22T14:55:36+00:00","og_image":[{"width":1313,"height":1600,"url":"https:\/\/www.daisho.be\/wp-content\/uploads\/2024\/09\/image-14.webp","type":"image\/webp"}],"twitter_card":"summary_large_image","twitter_misc":{"Gesch\u00e4tzte Lesezeit":"1\u00a0Minute"},"schema":{"@context":"https:\/\/schema.org","@graph":[{"@type":"WebPage","@id":"https:\/\/www.daisho.be\/de\/produit\/judogi-adidas-j350-club-weiss-rot\/","url":"https:\/\/www.daisho.be\/de\/produit\/judogi-adidas-j350-club-weiss-rot\/","name":"Judogi Adidas J350 Club Wei\u00df\/Rot &#8211; Daisho","isPartOf":{"@id":"https:\/\/www.daisho.be\/de\/#website"},"primaryImageOfPage":{"@id":"https:\/\/www.daisho.be\/de\/produit\/judogi-adidas-j350-club-weiss-rot\/#primaryimage"},"image":{"@id":"https:\/\/www.daisho.be\/de\/produit\/judogi-adidas-j350-club-weiss-rot\/#primaryimage"},"thumbnailUrl":"https:\/\/www.daisho.be\/wp-content\/uploads\/2024\/09\/image-14.webp","datePublished":"2024-09-17T10:36:42+00:00","dateModified":"2025-12-22T14:55:36+00:00","description":"Sind Sie ein Neuling im Judo? Wir haben den ADIDAS j350 Kimono f\u00fcr Sie, der Komfort und Haltbarkeit bietet. Kaufen Sie ihn auf unserer Website www.daisho.be\/Daisho","breadcrumb":{"@id":"https:\/\/www.daisho.be\/de\/produit\/judogi-adidas-j350-club-weiss-rot\/#breadcrumb"},"inLanguage":"de","potentialAction":[{"@type":"ReadAction","target":["https:\/\/www.daisho.be\/de\/produit\/judogi-adidas-j350-club-weiss-rot\/"]}]},{"@type":"ImageObject","inLanguage":"de","@id":"https:\/\/www.daisho.be\/de\/produit\/judogi-adidas-j350-club-weiss-rot\/#primaryimage","url":"https:\/\/www.daisho.be\/wp-content\/uploads\/2024\/09\/image-14.webp","contentUrl":"https:\/\/www.daisho.be\/wp-content\/uploads\/2024\/09\/image-14.webp","width":1313,"height":1600,"caption":"Judogi Adidas J350 Club Wei\u00df\/Rot-1"},{"@type":"BreadcrumbList","@id":"https:\/\/www.daisho.be\/de\/produit\/judogi-adidas-j350-club-weiss-rot\/#breadcrumb","itemListElement":[{"@type":"ListItem","position":1,"name":"Accueil","item":"https:\/\/www.daisho.be\/de\/"},{"@type":"ListItem","position":2,"name":"Produkte","item":"https:\/\/www.daisho.be\/de\/produkte\/"},{"@type":"ListItem","position":3,"name":"Ausr\u00fcstung und Kleidung f\u00fcr Kampfkunst und Kampfsport","item":"https:\/\/www.daisho.be\/de\/categorie-produit\/ausrustung-und-kleidung-fur-kampfkunst-und-kampfsport\/"},{"@type":"ListItem","position":4,"name":"Judo","item":"https:\/\/www.daisho.be\/de\/categorie-produit\/ausrustung-und-kleidung-fur-kampfkunst-und-kampfsport\/judo-de-2\/"},{"@type":"ListItem","position":5,"name":"Judo-Kimonos","item":"https:\/\/www.daisho.be\/de\/categorie-produit\/ausrustung-und-kleidung-fur-kampfkunst-und-kampfsport\/judo-de-2\/judo-kimonos-de\/"},{"@type":"ListItem","position":6,"name":"Judogi Adidas J350 Club Wei\u00df\/Rot"}]},{"@type":"WebSite","@id":"https:\/\/www.daisho.be\/de\/#website","url":"https:\/\/www.daisho.be\/de\/","name":"Daisho","description":"Sp&eacute;cialiste de l'&eacute;quipement sportif d'arts martiaux","publisher":{"@id":"https:\/\/www.daisho.be\/de\/#organization"},"potentialAction":[{"@type":"SearchAction","target":{"@type":"EntryPoint","urlTemplate":"https:\/\/www.daisho.be\/de\/?s={search_term_string}"},"query-input":{"@type":"PropertyValueSpecification","valueRequired":true,"valueName":"search_term_string"}}],"inLanguage":"de"},{"@type":"Organization","@id":"https:\/\/www.daisho.be\/de\/#organization","name":"Daisho","url":"https:\/\/www.daisho.be\/de\/","logo":{"@type":"ImageObject","inLanguage":"de","@id":"https:\/\/www.daisho.be\/de\/#\/schema\/logo\/image\/","url":"https:\/\/www.daisho.be\/wp-content\/uploads\/2019\/07\/color-nothing-horizontale4x-e1564486100247.png","contentUrl":"https:\/\/www.daisho.be\/wp-content\/uploads\/2019\/07\/color-nothing-horizontale4x-e1564486100247.png","width":1547,"height":385,"caption":"Daisho"},"image":{"@id":"https:\/\/www.daisho.be\/de\/#\/schema\/logo\/image\/"}}]}},"_links":{"self":[{"href":"https:\/\/www.daisho.be\/de\/wp-json\/wp\/v2\/product\/462111","targetHints":{"allow":["GET"]}}],"collection":[{"href":"https:\/\/www.daisho.be\/de\/wp-json\/wp\/v2\/product"}],"about":[{"href":"https:\/\/www.daisho.be\/de\/wp-json\/wp\/v2\/types\/product"}],"replies":[{"embeddable":true,"href":"https:\/\/www.daisho.be\/de\/wp-json\/wp\/v2\/comments?post=462111"}],"wp:featuredmedia":[{"embeddable":true,"href":"https:\/\/www.daisho.be\/de\/wp-json\/wp\/v2\/media\/462127"}],"wp:attachment":[{"href":"https:\/\/www.daisho.be\/de\/wp-json\/wp\/v2\/media?parent=462111"}],"wp:term":[{"taxonomy":"product_brand","embeddable":true,"href":"https:\/\/www.daisho.be\/de\/wp-json\/wp\/v2\/product_brand?post=462111"},{"taxonomy":"product_cat","embeddable":true,"href":"https:\/\/www.daisho.be\/de\/wp-json\/wp\/v2\/product_cat?post=462111"},{"taxonomy":"product_tag","embeddable":true,"href":"https:\/\/www.daisho.be\/de\/wp-json\/wp\/v2\/product_tag?post=462111"},{"taxonomy":"sport","embeddable":true,"href":"https:\/\/www.daisho.be\/de\/wp-json\/wp\/v2\/sport?post=462111"}],"curies":[{"name":"wp","href":"https:\/\/api.w.org\/{rel}","templated":true}]}}