{"id":462048,"date":"2024-09-27T15:57:17","date_gmt":"2024-09-27T13:57:17","guid":{"rendered":"https:\/\/www.daisho.be\/produit\/adidas-big-zip-bag-2-in-1-sporttasche-schwarz-weiss\/"},"modified":"2026-03-04T15:02:09","modified_gmt":"2026-03-04T14:02:09","slug":"adidas-big-zip-bag-2-in-1-sporttasche-schwarz-weiss","status":"publish","type":"product","link":"https:\/\/www.daisho.be\/de\/produit\/adidas-big-zip-bag-2-in-1-sporttasche-schwarz-weiss\/","title":{"rendered":"ADIDAS Big Zip Bag 2 in 1 Sporttasche &#8211; Schwarz\/Wei\u00df"},"content":{"rendered":"<p>NEU<br \/>\nDie stylische adidas Big Zipper Bag Sporttasche kann auch als Rucksack verwendet werden.<br \/>\nDie Tasche hat einen gro\u00dfen Rei\u00dfverschluss am Hauptfach. Au\u00dferdem hat die Tasche \/ der Rucksack eine Seitentasche mit einem langen Rei\u00dfverschluss.<br \/>\nDank ihrer Form kann die Tasche auch vertikal aufgestellt werden.<br \/>\nDie Schultergurte des Rucksacks sind in einem separaten Fach gut verstaut.<br \/>\nEine Seite mit dem gro\u00dfen adidas Logo.  Auf der zweiten Seite mit Rei\u00dfverschluss befinden sich die 3 adidas-Streifen in der Farbe der Tasche.<\/p>\n<p>Merkmale :<br \/>\n&#8211; Material: PU &#8211; Kunstleder<br \/>\n&#8211; gro\u00dfes Hauptfach mit Bigzip-Rei\u00dfverschluss<br \/>\n&#8211; L\u00e4ngsseitenfach innen mit zus\u00e4tzlicher Mesh-Tasche<br \/>\n&#8211; mit einziehbaren Tr\u00e4gern<\/p>\n<p>Gr\u00f6\u00dfe M :<br \/>\nL\u00e4nge ca. 62cm, H\u00f6he ca. 31 cm, Breite: ca. 31 cm<br \/>\nVolumen ca. 50 Liter<\/p>\n<p>Gr\u00f6\u00dfe L :<br \/>\nL\u00e4nge ca. 72cm, H\u00f6he ca. 34 cm, Breite: ca. 34 cm<br \/>\nVolumen ca. 65 Liter<\/p>\n<p>Aktivieren Sie die Rucksackfunktion:<br \/>\nDie Schultergurte werden hinten verstaut.<br \/>\nDrehen Sie die Tasche so, dass Sie die R\u00fcckseite sehen k\u00f6nnen.<br \/>\nOben befindet sich eine Lasche, die mit einem Klettverschluss verschlossen ist. Bitte \u00f6ffnen Sie diese.<br \/>\nAuf der Unterseite der Tasche sehen Sie links und rechts zwei kleine \u00d6ffnungen.<br \/>\nHaken Sie die Karabinerhaken ein und ziehen Sie die Schultergurte durch die obere \u00d6ffnung heraus.<br \/>\nKlicken Sie die Karabinerhaken von au\u00dfen wieder auf die Unterseite. Wiederholen Sie diesen Vorgang mit dem zweiten Schultergurt und die Tasche hat nun die Funktion eines Rucksacks.  <\/p>\n","protected":false},"excerpt":{"rendered":"<p>NEU Die stylische adidas Big Zipper Bag Sporttasche kann auch als Rucksack verwendet werden. Die Tasche hat einen gro\u00dfen Rei\u00dfverschluss am Hauptfach. Au\u00dferdem hat die Tasche \/ der Rucksack eine Seitentasche mit einem langen Rei\u00dfverschluss. Dank ihrer Form kann die Tasche auch vertikal aufgestellt werden. Die Schultergurte des Rucksacks sind in einem separaten Fach gut [&hellip;]<\/p>\n","protected":false},"featured_media":462052,"comment_status":"open","ping_status":"closed","template":"","meta":{"inline_featured_image":false},"product_brand":[],"product_cat":[2263,2063,2061,2300],"product_tag":[2178],"sport":[],"class_list":{"0":"post-462048","1":"product","2":"type-product","3":"status-publish","4":"has-post-thumbnail","6":"product_cat-karate-tasche-adidas","7":"product_cat-karate-taschen","8":"product_cat-sporttaschen","9":"product_cat-taschen-adidas-combat-sports","10":"product_tag-adidas-de","11":"pa_size-l","12":"pa_size-m","14":"first","15":"instock","16":"taxable","17":"shipping-taxable","18":"purchasable","19":"product-type-variable"},"yoast_head":"<!-- This site is optimized with the Yoast SEO plugin v27.2 - https:\/\/yoast.com\/product\/yoast-seo-wordpress\/ -->\n<title>ADIDAS Big Zip Bag 2 in 1 Sporttasche - Schwarz\/Wei\u00df &#8211; Daisho<\/title>\n<meta name=\"description\" content=\"Entdecken Sie unsere Taschen mit Rei\u00dfverschluss, die in Rucks\u00e4cke umgewandelt werden k\u00f6nnen. Sie sind praktisch und sichern Ihre Sachen. Sie finden sie auf www.daisho.be\/Daisho\" \/>\n<meta name=\"robots\" content=\"index, follow, max-snippet:-1, max-image-preview:large, max-video-preview:-1\" \/>\n<link rel=\"canonical\" href=\"https:\/\/www.daisho.be\/de\/produit\/adidas-big-zip-bag-2-in-1-sporttasche-schwarz-weiss\/\" \/>\n<meta property=\"og:locale\" content=\"de_DE\" \/>\n<meta property=\"og:type\" content=\"article\" \/>\n<meta property=\"og:title\" content=\"ADIDAS Big Zip Bag 2 in 1 Sporttasche - Schwarz\/Wei\u00df &#8211; Daisho\" \/>\n<meta property=\"og:description\" content=\"Entdecken Sie unsere Taschen mit Rei\u00dfverschluss, die in Rucks\u00e4cke umgewandelt werden k\u00f6nnen. Sie sind praktisch und sichern Ihre Sachen. Sie finden sie auf www.daisho.be\/Daisho\" \/>\n<meta property=\"og:url\" content=\"https:\/\/www.daisho.be\/de\/produit\/adidas-big-zip-bag-2-in-1-sporttasche-schwarz-weiss\/\" \/>\n<meta property=\"og:site_name\" content=\"Daisho\" \/>\n<meta property=\"article:modified_time\" content=\"2026-03-04T14:02:09+00:00\" \/>\n<meta property=\"og:image\" content=\"https:\/\/www.daisho.be\/wp-content\/uploads\/2024\/09\/image-20.webp\" \/>\n\t<meta property=\"og:image:width\" content=\"1200\" \/>\n\t<meta property=\"og:image:height\" content=\"934\" \/>\n\t<meta property=\"og:image:type\" content=\"image\/webp\" \/>\n<meta name=\"twitter:card\" content=\"summary_large_image\" \/>\n<meta name=\"twitter:label1\" content=\"Gesch\u00e4tzte Lesezeit\" \/>\n\t<meta name=\"twitter:data1\" content=\"1\u00a0Minute\" \/>\n<script type=\"application\/ld+json\" class=\"yoast-schema-graph\">{\"@context\":\"https:\/\/schema.org\",\"@graph\":[{\"@type\":\"WebPage\",\"@id\":\"https:\/\/www.daisho.be\/de\/produit\/adidas-big-zip-bag-2-in-1-sporttasche-schwarz-weiss\/\",\"url\":\"https:\/\/www.daisho.be\/de\/produit\/adidas-big-zip-bag-2-in-1-sporttasche-schwarz-weiss\/\",\"name\":\"ADIDAS Big Zip Bag 2 in 1 Sporttasche - Schwarz\/Wei\u00df &#8211; Daisho\",\"isPartOf\":{\"@id\":\"https:\/\/www.daisho.be\/de\/#website\"},\"primaryImageOfPage\":{\"@id\":\"https:\/\/www.daisho.be\/de\/produit\/adidas-big-zip-bag-2-in-1-sporttasche-schwarz-weiss\/#primaryimage\"},\"image\":{\"@id\":\"https:\/\/www.daisho.be\/de\/produit\/adidas-big-zip-bag-2-in-1-sporttasche-schwarz-weiss\/#primaryimage\"},\"thumbnailUrl\":\"https:\/\/www.daisho.be\/wp-content\/uploads\/2024\/09\/image-20.webp\",\"datePublished\":\"2024-09-27T13:57:17+00:00\",\"dateModified\":\"2026-03-04T14:02:09+00:00\",\"description\":\"Entdecken Sie unsere Taschen mit Rei\u00dfverschluss, die in Rucks\u00e4cke umgewandelt werden k\u00f6nnen. Sie sind praktisch und sichern Ihre Sachen. Sie finden sie auf www.daisho.be\/Daisho\",\"breadcrumb\":{\"@id\":\"https:\/\/www.daisho.be\/de\/produit\/adidas-big-zip-bag-2-in-1-sporttasche-schwarz-weiss\/#breadcrumb\"},\"inLanguage\":\"de\",\"potentialAction\":[{\"@type\":\"ReadAction\",\"target\":[\"https:\/\/www.daisho.be\/de\/produit\/adidas-big-zip-bag-2-in-1-sporttasche-schwarz-weiss\/\"]}]},{\"@type\":\"ImageObject\",\"inLanguage\":\"de\",\"@id\":\"https:\/\/www.daisho.be\/de\/produit\/adidas-big-zip-bag-2-in-1-sporttasche-schwarz-weiss\/#primaryimage\",\"url\":\"https:\/\/www.daisho.be\/wp-content\/uploads\/2024\/09\/image-20.webp\",\"contentUrl\":\"https:\/\/www.daisho.be\/wp-content\/uploads\/2024\/09\/image-20.webp\",\"width\":1200,\"height\":934,\"caption\":\"ADIDAS Big Zip Bag 2 in 1 Sporttasche - Schwarz\/Wei\u00df-1\"},{\"@type\":\"BreadcrumbList\",\"@id\":\"https:\/\/www.daisho.be\/de\/produit\/adidas-big-zip-bag-2-in-1-sporttasche-schwarz-weiss\/#breadcrumb\",\"itemListElement\":[{\"@type\":\"ListItem\",\"position\":1,\"name\":\"Accueil\",\"item\":\"https:\/\/www.daisho.be\/de\/\"},{\"@type\":\"ListItem\",\"position\":2,\"name\":\"Produkte\",\"item\":\"https:\/\/www.daisho.be\/de\/produkte\/\"},{\"@type\":\"ListItem\",\"position\":3,\"name\":\"ADIDAS COMBAT SPORTS\",\"item\":\"https:\/\/www.daisho.be\/de\/categorie-produit\/adidas-combat-sports-de\/\"},{\"@type\":\"ListItem\",\"position\":4,\"name\":\"Karate\",\"item\":\"https:\/\/www.daisho.be\/de\/categorie-produit\/adidas-combat-sports-de\/karate-de\/\"},{\"@type\":\"ListItem\",\"position\":5,\"name\":\"Karate Tasche Adidas\",\"item\":\"https:\/\/www.daisho.be\/de\/categorie-produit\/adidas-combat-sports-de\/karate-de\/karate-tasche-adidas\/\"},{\"@type\":\"ListItem\",\"position\":6,\"name\":\"ADIDAS Big Zip Bag 2 in 1 Sporttasche &#8211; Schwarz\/Wei\u00df\"}]},{\"@type\":\"WebSite\",\"@id\":\"https:\/\/www.daisho.be\/de\/#website\",\"url\":\"https:\/\/www.daisho.be\/de\/\",\"name\":\"Daisho\",\"description\":\"Sp&eacute;cialiste de l'&eacute;quipement sportif d'arts martiaux\",\"publisher\":{\"@id\":\"https:\/\/www.daisho.be\/de\/#organization\"},\"potentialAction\":[{\"@type\":\"SearchAction\",\"target\":{\"@type\":\"EntryPoint\",\"urlTemplate\":\"https:\/\/www.daisho.be\/de\/?s={search_term_string}\"},\"query-input\":{\"@type\":\"PropertyValueSpecification\",\"valueRequired\":true,\"valueName\":\"search_term_string\"}}],\"inLanguage\":\"de\"},{\"@type\":\"Organization\",\"@id\":\"https:\/\/www.daisho.be\/de\/#organization\",\"name\":\"Daisho\",\"url\":\"https:\/\/www.daisho.be\/de\/\",\"logo\":{\"@type\":\"ImageObject\",\"inLanguage\":\"de\",\"@id\":\"https:\/\/www.daisho.be\/de\/#\/schema\/logo\/image\/\",\"url\":\"https:\/\/www.daisho.be\/wp-content\/uploads\/2019\/07\/color-nothing-horizontale4x-e1564486100247.png\",\"contentUrl\":\"https:\/\/www.daisho.be\/wp-content\/uploads\/2019\/07\/color-nothing-horizontale4x-e1564486100247.png\",\"width\":1547,\"height\":385,\"caption\":\"Daisho\"},\"image\":{\"@id\":\"https:\/\/www.daisho.be\/de\/#\/schema\/logo\/image\/\"}}]}<\/script>\n<!-- \/ Yoast SEO plugin. -->","yoast_head_json":{"title":"ADIDAS Big Zip Bag 2 in 1 Sporttasche - Schwarz\/Wei\u00df &#8211; Daisho","description":"Entdecken Sie unsere Taschen mit Rei\u00dfverschluss, die in Rucks\u00e4cke umgewandelt werden k\u00f6nnen. Sie sind praktisch und sichern Ihre Sachen. Sie finden sie auf www.daisho.be\/Daisho","robots":{"index":"index","follow":"follow","max-snippet":"max-snippet:-1","max-image-preview":"max-image-preview:large","max-video-preview":"max-video-preview:-1"},"canonical":"https:\/\/www.daisho.be\/de\/produit\/adidas-big-zip-bag-2-in-1-sporttasche-schwarz-weiss\/","og_locale":"de_DE","og_type":"article","og_title":"ADIDAS Big Zip Bag 2 in 1 Sporttasche - Schwarz\/Wei\u00df &#8211; Daisho","og_description":"Entdecken Sie unsere Taschen mit Rei\u00dfverschluss, die in Rucks\u00e4cke umgewandelt werden k\u00f6nnen. Sie sind praktisch und sichern Ihre Sachen. Sie finden sie auf www.daisho.be\/Daisho","og_url":"https:\/\/www.daisho.be\/de\/produit\/adidas-big-zip-bag-2-in-1-sporttasche-schwarz-weiss\/","og_site_name":"Daisho","article_modified_time":"2026-03-04T14:02:09+00:00","og_image":[{"width":1200,"height":934,"url":"https:\/\/www.daisho.be\/wp-content\/uploads\/2024\/09\/image-20.webp","type":"image\/webp"}],"twitter_card":"summary_large_image","twitter_misc":{"Gesch\u00e4tzte Lesezeit":"1\u00a0Minute"},"schema":{"@context":"https:\/\/schema.org","@graph":[{"@type":"WebPage","@id":"https:\/\/www.daisho.be\/de\/produit\/adidas-big-zip-bag-2-in-1-sporttasche-schwarz-weiss\/","url":"https:\/\/www.daisho.be\/de\/produit\/adidas-big-zip-bag-2-in-1-sporttasche-schwarz-weiss\/","name":"ADIDAS Big Zip Bag 2 in 1 Sporttasche - Schwarz\/Wei\u00df &#8211; Daisho","isPartOf":{"@id":"https:\/\/www.daisho.be\/de\/#website"},"primaryImageOfPage":{"@id":"https:\/\/www.daisho.be\/de\/produit\/adidas-big-zip-bag-2-in-1-sporttasche-schwarz-weiss\/#primaryimage"},"image":{"@id":"https:\/\/www.daisho.be\/de\/produit\/adidas-big-zip-bag-2-in-1-sporttasche-schwarz-weiss\/#primaryimage"},"thumbnailUrl":"https:\/\/www.daisho.be\/wp-content\/uploads\/2024\/09\/image-20.webp","datePublished":"2024-09-27T13:57:17+00:00","dateModified":"2026-03-04T14:02:09+00:00","description":"Entdecken Sie unsere Taschen mit Rei\u00dfverschluss, die in Rucks\u00e4cke umgewandelt werden k\u00f6nnen. Sie sind praktisch und sichern Ihre Sachen. Sie finden sie auf www.daisho.be\/Daisho","breadcrumb":{"@id":"https:\/\/www.daisho.be\/de\/produit\/adidas-big-zip-bag-2-in-1-sporttasche-schwarz-weiss\/#breadcrumb"},"inLanguage":"de","potentialAction":[{"@type":"ReadAction","target":["https:\/\/www.daisho.be\/de\/produit\/adidas-big-zip-bag-2-in-1-sporttasche-schwarz-weiss\/"]}]},{"@type":"ImageObject","inLanguage":"de","@id":"https:\/\/www.daisho.be\/de\/produit\/adidas-big-zip-bag-2-in-1-sporttasche-schwarz-weiss\/#primaryimage","url":"https:\/\/www.daisho.be\/wp-content\/uploads\/2024\/09\/image-20.webp","contentUrl":"https:\/\/www.daisho.be\/wp-content\/uploads\/2024\/09\/image-20.webp","width":1200,"height":934,"caption":"ADIDAS Big Zip Bag 2 in 1 Sporttasche - Schwarz\/Wei\u00df-1"},{"@type":"BreadcrumbList","@id":"https:\/\/www.daisho.be\/de\/produit\/adidas-big-zip-bag-2-in-1-sporttasche-schwarz-weiss\/#breadcrumb","itemListElement":[{"@type":"ListItem","position":1,"name":"Accueil","item":"https:\/\/www.daisho.be\/de\/"},{"@type":"ListItem","position":2,"name":"Produkte","item":"https:\/\/www.daisho.be\/de\/produkte\/"},{"@type":"ListItem","position":3,"name":"ADIDAS COMBAT SPORTS","item":"https:\/\/www.daisho.be\/de\/categorie-produit\/adidas-combat-sports-de\/"},{"@type":"ListItem","position":4,"name":"Karate","item":"https:\/\/www.daisho.be\/de\/categorie-produit\/adidas-combat-sports-de\/karate-de\/"},{"@type":"ListItem","position":5,"name":"Karate Tasche Adidas","item":"https:\/\/www.daisho.be\/de\/categorie-produit\/adidas-combat-sports-de\/karate-de\/karate-tasche-adidas\/"},{"@type":"ListItem","position":6,"name":"ADIDAS Big Zip Bag 2 in 1 Sporttasche &#8211; Schwarz\/Wei\u00df"}]},{"@type":"WebSite","@id":"https:\/\/www.daisho.be\/de\/#website","url":"https:\/\/www.daisho.be\/de\/","name":"Daisho","description":"Sp&eacute;cialiste de l'&eacute;quipement sportif d'arts martiaux","publisher":{"@id":"https:\/\/www.daisho.be\/de\/#organization"},"potentialAction":[{"@type":"SearchAction","target":{"@type":"EntryPoint","urlTemplate":"https:\/\/www.daisho.be\/de\/?s={search_term_string}"},"query-input":{"@type":"PropertyValueSpecification","valueRequired":true,"valueName":"search_term_string"}}],"inLanguage":"de"},{"@type":"Organization","@id":"https:\/\/www.daisho.be\/de\/#organization","name":"Daisho","url":"https:\/\/www.daisho.be\/de\/","logo":{"@type":"ImageObject","inLanguage":"de","@id":"https:\/\/www.daisho.be\/de\/#\/schema\/logo\/image\/","url":"https:\/\/www.daisho.be\/wp-content\/uploads\/2019\/07\/color-nothing-horizontale4x-e1564486100247.png","contentUrl":"https:\/\/www.daisho.be\/wp-content\/uploads\/2019\/07\/color-nothing-horizontale4x-e1564486100247.png","width":1547,"height":385,"caption":"Daisho"},"image":{"@id":"https:\/\/www.daisho.be\/de\/#\/schema\/logo\/image\/"}}]}},"_links":{"self":[{"href":"https:\/\/www.daisho.be\/de\/wp-json\/wp\/v2\/product\/462048","targetHints":{"allow":["GET"]}}],"collection":[{"href":"https:\/\/www.daisho.be\/de\/wp-json\/wp\/v2\/product"}],"about":[{"href":"https:\/\/www.daisho.be\/de\/wp-json\/wp\/v2\/types\/product"}],"replies":[{"embeddable":true,"href":"https:\/\/www.daisho.be\/de\/wp-json\/wp\/v2\/comments?post=462048"}],"wp:featuredmedia":[{"embeddable":true,"href":"https:\/\/www.daisho.be\/de\/wp-json\/wp\/v2\/media\/462052"}],"wp:attachment":[{"href":"https:\/\/www.daisho.be\/de\/wp-json\/wp\/v2\/media?parent=462048"}],"wp:term":[{"taxonomy":"product_brand","embeddable":true,"href":"https:\/\/www.daisho.be\/de\/wp-json\/wp\/v2\/product_brand?post=462048"},{"taxonomy":"product_cat","embeddable":true,"href":"https:\/\/www.daisho.be\/de\/wp-json\/wp\/v2\/product_cat?post=462048"},{"taxonomy":"product_tag","embeddable":true,"href":"https:\/\/www.daisho.be\/de\/wp-json\/wp\/v2\/product_tag?post=462048"},{"taxonomy":"sport","embeddable":true,"href":"https:\/\/www.daisho.be\/de\/wp-json\/wp\/v2\/sport?post=462048"}],"curies":[{"name":"wp","href":"https:\/\/api.w.org\/{rel}","templated":true}]}}