{"id":462033,"date":"2024-09-24T11:46:49","date_gmt":"2024-09-24T09:46:49","guid":{"rendered":"https:\/\/www.daisho.be\/produit\/adidas-karate-schluesselanhaenger\/"},"modified":"2025-12-24T08:29:25","modified_gmt":"2025-12-24T07:29:25","slug":"adidas-karate-schluesselanhaenger","status":"publish","type":"product","link":"https:\/\/www.daisho.be\/de\/produit\/adidas-karate-schluesselanhaenger\/","title":{"rendered":"adidas Karate-Schl\u00fcsselanh\u00e4nger"},"content":{"rendered":"<p>adidas-Schl\u00fcsselanh\u00e4nger, damit Sie Ihren Handschuh immer bei sich haben.<br \/>\nHergestellt aus Kunstleder.<br \/>\nFarbe: Blau<\/p>\n","protected":false},"excerpt":{"rendered":"<p>adidas-Schl\u00fcsselanh\u00e4nger, damit Sie Ihren Handschuh immer bei sich haben. Hergestellt aus Kunstleder. Farbe: Blau<\/p>\n","protected":false},"featured_media":462035,"comment_status":"open","ping_status":"closed","template":"","meta":{"inline_featured_image":false},"product_brand":[],"product_cat":[2003,2352],"product_tag":[2178],"sport":[],"class_list":{"0":"post-462033","1":"product","2":"type-product","3":"status-publish","4":"has-post-thumbnail","6":"product_cat-geschenke","7":"product_cat-karate-de","8":"product_tag-adidas-de","9":"pa_size-sans-taille-defaut","11":"first","12":"instock","13":"taxable","14":"shipping-taxable","15":"purchasable","16":"product-type-variable"},"yoast_head":"<!-- This site is optimized with the Yoast SEO plugin v27.2 - https:\/\/yoast.com\/product\/yoast-seo-wordpress\/ -->\n<title>adidas Karate-Schl\u00fcsselanh\u00e4nger &#8211; Daisho<\/title>\n<meta name=\"description\" content=\"Schm\u00fccken Sie Ihre Schl\u00fcssel mit unseren Karate-Schl\u00fcsselanh\u00e4ngern und behalten Sie Ihren Handschuh immer in der N\u00e4he. Kaufen Sie sie auf unserer Website www.daisho.be\/Daisho\" \/>\n<meta name=\"robots\" content=\"index, follow, max-snippet:-1, max-image-preview:large, max-video-preview:-1\" \/>\n<link rel=\"canonical\" href=\"https:\/\/www.daisho.be\/de\/produit\/adidas-karate-schluesselanhaenger\/\" \/>\n<meta property=\"og:locale\" content=\"de_DE\" \/>\n<meta property=\"og:type\" content=\"article\" \/>\n<meta property=\"og:title\" content=\"adidas Karate-Schl\u00fcsselanh\u00e4nger &#8211; Daisho\" \/>\n<meta property=\"og:description\" content=\"Schm\u00fccken Sie Ihre Schl\u00fcssel mit unseren Karate-Schl\u00fcsselanh\u00e4ngern und behalten Sie Ihren Handschuh immer in der N\u00e4he. Kaufen Sie sie auf unserer Website www.daisho.be\/Daisho\" \/>\n<meta property=\"og:url\" content=\"https:\/\/www.daisho.be\/de\/produit\/adidas-karate-schluesselanhaenger\/\" \/>\n<meta property=\"og:site_name\" content=\"Daisho\" \/>\n<meta property=\"article:modified_time\" content=\"2025-12-24T07:29:25+00:00\" \/>\n<meta property=\"og:image\" content=\"https:\/\/www.daisho.be\/wp-content\/uploads\/2024\/09\/image-19.webp\" \/>\n\t<meta property=\"og:image:width\" content=\"1036\" \/>\n\t<meta property=\"og:image:height\" content=\"1200\" \/>\n\t<meta property=\"og:image:type\" content=\"image\/webp\" \/>\n<meta name=\"twitter:card\" content=\"summary_large_image\" \/>\n<script type=\"application\/ld+json\" class=\"yoast-schema-graph\">{\"@context\":\"https:\/\/schema.org\",\"@graph\":[{\"@type\":\"WebPage\",\"@id\":\"https:\/\/www.daisho.be\/de\/produit\/adidas-karate-schluesselanhaenger\/\",\"url\":\"https:\/\/www.daisho.be\/de\/produit\/adidas-karate-schluesselanhaenger\/\",\"name\":\"adidas Karate-Schl\u00fcsselanh\u00e4nger &#8211; Daisho\",\"isPartOf\":{\"@id\":\"https:\/\/www.daisho.be\/de\/#website\"},\"primaryImageOfPage\":{\"@id\":\"https:\/\/www.daisho.be\/de\/produit\/adidas-karate-schluesselanhaenger\/#primaryimage\"},\"image\":{\"@id\":\"https:\/\/www.daisho.be\/de\/produit\/adidas-karate-schluesselanhaenger\/#primaryimage\"},\"thumbnailUrl\":\"https:\/\/www.daisho.be\/wp-content\/uploads\/2024\/09\/image-19.webp\",\"datePublished\":\"2024-09-24T09:46:49+00:00\",\"dateModified\":\"2025-12-24T07:29:25+00:00\",\"description\":\"Schm\u00fccken Sie Ihre Schl\u00fcssel mit unseren Karate-Schl\u00fcsselanh\u00e4ngern und behalten Sie Ihren Handschuh immer in der N\u00e4he. Kaufen Sie sie auf unserer Website www.daisho.be\/Daisho\",\"breadcrumb\":{\"@id\":\"https:\/\/www.daisho.be\/de\/produit\/adidas-karate-schluesselanhaenger\/#breadcrumb\"},\"inLanguage\":\"de\",\"potentialAction\":[{\"@type\":\"ReadAction\",\"target\":[\"https:\/\/www.daisho.be\/de\/produit\/adidas-karate-schluesselanhaenger\/\"]}]},{\"@type\":\"ImageObject\",\"inLanguage\":\"de\",\"@id\":\"https:\/\/www.daisho.be\/de\/produit\/adidas-karate-schluesselanhaenger\/#primaryimage\",\"url\":\"https:\/\/www.daisho.be\/wp-content\/uploads\/2024\/09\/image-19.webp\",\"contentUrl\":\"https:\/\/www.daisho.be\/wp-content\/uploads\/2024\/09\/image-19.webp\",\"width\":1036,\"height\":1200,\"caption\":\"adidas Karate-Schl\u00fcsselanh\u00e4nger-1\"},{\"@type\":\"BreadcrumbList\",\"@id\":\"https:\/\/www.daisho.be\/de\/produit\/adidas-karate-schluesselanhaenger\/#breadcrumb\",\"itemListElement\":[{\"@type\":\"ListItem\",\"position\":1,\"name\":\"Accueil\",\"item\":\"https:\/\/www.daisho.be\/de\/\"},{\"@type\":\"ListItem\",\"position\":2,\"name\":\"Produkte\",\"item\":\"https:\/\/www.daisho.be\/de\/produkte\/\"},{\"@type\":\"ListItem\",\"position\":3,\"name\":\"Kampfsportarten\",\"item\":\"https:\/\/www.daisho.be\/de\/categorie-produit\/kampfsportarten\/\"},{\"@type\":\"ListItem\",\"position\":4,\"name\":\"Geschenke\",\"item\":\"https:\/\/www.daisho.be\/de\/categorie-produit\/kampfsportarten\/geschenke\/\"},{\"@type\":\"ListItem\",\"position\":5,\"name\":\"adidas Karate-Schl\u00fcsselanh\u00e4nger\"}]},{\"@type\":\"WebSite\",\"@id\":\"https:\/\/www.daisho.be\/de\/#website\",\"url\":\"https:\/\/www.daisho.be\/de\/\",\"name\":\"Daisho\",\"description\":\"Sp&eacute;cialiste de l'&eacute;quipement sportif d'arts martiaux\",\"publisher\":{\"@id\":\"https:\/\/www.daisho.be\/de\/#organization\"},\"potentialAction\":[{\"@type\":\"SearchAction\",\"target\":{\"@type\":\"EntryPoint\",\"urlTemplate\":\"https:\/\/www.daisho.be\/de\/?s={search_term_string}\"},\"query-input\":{\"@type\":\"PropertyValueSpecification\",\"valueRequired\":true,\"valueName\":\"search_term_string\"}}],\"inLanguage\":\"de\"},{\"@type\":\"Organization\",\"@id\":\"https:\/\/www.daisho.be\/de\/#organization\",\"name\":\"Daisho\",\"url\":\"https:\/\/www.daisho.be\/de\/\",\"logo\":{\"@type\":\"ImageObject\",\"inLanguage\":\"de\",\"@id\":\"https:\/\/www.daisho.be\/de\/#\/schema\/logo\/image\/\",\"url\":\"https:\/\/www.daisho.be\/wp-content\/uploads\/2019\/07\/color-nothing-horizontale4x-e1564486100247.png\",\"contentUrl\":\"https:\/\/www.daisho.be\/wp-content\/uploads\/2019\/07\/color-nothing-horizontale4x-e1564486100247.png\",\"width\":1547,\"height\":385,\"caption\":\"Daisho\"},\"image\":{\"@id\":\"https:\/\/www.daisho.be\/de\/#\/schema\/logo\/image\/\"}}]}<\/script>\n<!-- \/ Yoast SEO plugin. -->","yoast_head_json":{"title":"adidas Karate-Schl\u00fcsselanh\u00e4nger &#8211; Daisho","description":"Schm\u00fccken Sie Ihre Schl\u00fcssel mit unseren Karate-Schl\u00fcsselanh\u00e4ngern und behalten Sie Ihren Handschuh immer in der N\u00e4he. Kaufen Sie sie auf unserer Website www.daisho.be\/Daisho","robots":{"index":"index","follow":"follow","max-snippet":"max-snippet:-1","max-image-preview":"max-image-preview:large","max-video-preview":"max-video-preview:-1"},"canonical":"https:\/\/www.daisho.be\/de\/produit\/adidas-karate-schluesselanhaenger\/","og_locale":"de_DE","og_type":"article","og_title":"adidas Karate-Schl\u00fcsselanh\u00e4nger &#8211; Daisho","og_description":"Schm\u00fccken Sie Ihre Schl\u00fcssel mit unseren Karate-Schl\u00fcsselanh\u00e4ngern und behalten Sie Ihren Handschuh immer in der N\u00e4he. Kaufen Sie sie auf unserer Website www.daisho.be\/Daisho","og_url":"https:\/\/www.daisho.be\/de\/produit\/adidas-karate-schluesselanhaenger\/","og_site_name":"Daisho","article_modified_time":"2025-12-24T07:29:25+00:00","og_image":[{"width":1036,"height":1200,"url":"https:\/\/www.daisho.be\/wp-content\/uploads\/2024\/09\/image-19.webp","type":"image\/webp"}],"twitter_card":"summary_large_image","schema":{"@context":"https:\/\/schema.org","@graph":[{"@type":"WebPage","@id":"https:\/\/www.daisho.be\/de\/produit\/adidas-karate-schluesselanhaenger\/","url":"https:\/\/www.daisho.be\/de\/produit\/adidas-karate-schluesselanhaenger\/","name":"adidas Karate-Schl\u00fcsselanh\u00e4nger &#8211; Daisho","isPartOf":{"@id":"https:\/\/www.daisho.be\/de\/#website"},"primaryImageOfPage":{"@id":"https:\/\/www.daisho.be\/de\/produit\/adidas-karate-schluesselanhaenger\/#primaryimage"},"image":{"@id":"https:\/\/www.daisho.be\/de\/produit\/adidas-karate-schluesselanhaenger\/#primaryimage"},"thumbnailUrl":"https:\/\/www.daisho.be\/wp-content\/uploads\/2024\/09\/image-19.webp","datePublished":"2024-09-24T09:46:49+00:00","dateModified":"2025-12-24T07:29:25+00:00","description":"Schm\u00fccken Sie Ihre Schl\u00fcssel mit unseren Karate-Schl\u00fcsselanh\u00e4ngern und behalten Sie Ihren Handschuh immer in der N\u00e4he. Kaufen Sie sie auf unserer Website www.daisho.be\/Daisho","breadcrumb":{"@id":"https:\/\/www.daisho.be\/de\/produit\/adidas-karate-schluesselanhaenger\/#breadcrumb"},"inLanguage":"de","potentialAction":[{"@type":"ReadAction","target":["https:\/\/www.daisho.be\/de\/produit\/adidas-karate-schluesselanhaenger\/"]}]},{"@type":"ImageObject","inLanguage":"de","@id":"https:\/\/www.daisho.be\/de\/produit\/adidas-karate-schluesselanhaenger\/#primaryimage","url":"https:\/\/www.daisho.be\/wp-content\/uploads\/2024\/09\/image-19.webp","contentUrl":"https:\/\/www.daisho.be\/wp-content\/uploads\/2024\/09\/image-19.webp","width":1036,"height":1200,"caption":"adidas Karate-Schl\u00fcsselanh\u00e4nger-1"},{"@type":"BreadcrumbList","@id":"https:\/\/www.daisho.be\/de\/produit\/adidas-karate-schluesselanhaenger\/#breadcrumb","itemListElement":[{"@type":"ListItem","position":1,"name":"Accueil","item":"https:\/\/www.daisho.be\/de\/"},{"@type":"ListItem","position":2,"name":"Produkte","item":"https:\/\/www.daisho.be\/de\/produkte\/"},{"@type":"ListItem","position":3,"name":"Kampfsportarten","item":"https:\/\/www.daisho.be\/de\/categorie-produit\/kampfsportarten\/"},{"@type":"ListItem","position":4,"name":"Geschenke","item":"https:\/\/www.daisho.be\/de\/categorie-produit\/kampfsportarten\/geschenke\/"},{"@type":"ListItem","position":5,"name":"adidas Karate-Schl\u00fcsselanh\u00e4nger"}]},{"@type":"WebSite","@id":"https:\/\/www.daisho.be\/de\/#website","url":"https:\/\/www.daisho.be\/de\/","name":"Daisho","description":"Sp&eacute;cialiste de l'&eacute;quipement sportif d'arts martiaux","publisher":{"@id":"https:\/\/www.daisho.be\/de\/#organization"},"potentialAction":[{"@type":"SearchAction","target":{"@type":"EntryPoint","urlTemplate":"https:\/\/www.daisho.be\/de\/?s={search_term_string}"},"query-input":{"@type":"PropertyValueSpecification","valueRequired":true,"valueName":"search_term_string"}}],"inLanguage":"de"},{"@type":"Organization","@id":"https:\/\/www.daisho.be\/de\/#organization","name":"Daisho","url":"https:\/\/www.daisho.be\/de\/","logo":{"@type":"ImageObject","inLanguage":"de","@id":"https:\/\/www.daisho.be\/de\/#\/schema\/logo\/image\/","url":"https:\/\/www.daisho.be\/wp-content\/uploads\/2019\/07\/color-nothing-horizontale4x-e1564486100247.png","contentUrl":"https:\/\/www.daisho.be\/wp-content\/uploads\/2019\/07\/color-nothing-horizontale4x-e1564486100247.png","width":1547,"height":385,"caption":"Daisho"},"image":{"@id":"https:\/\/www.daisho.be\/de\/#\/schema\/logo\/image\/"}}]}},"_links":{"self":[{"href":"https:\/\/www.daisho.be\/de\/wp-json\/wp\/v2\/product\/462033","targetHints":{"allow":["GET"]}}],"collection":[{"href":"https:\/\/www.daisho.be\/de\/wp-json\/wp\/v2\/product"}],"about":[{"href":"https:\/\/www.daisho.be\/de\/wp-json\/wp\/v2\/types\/product"}],"replies":[{"embeddable":true,"href":"https:\/\/www.daisho.be\/de\/wp-json\/wp\/v2\/comments?post=462033"}],"wp:featuredmedia":[{"embeddable":true,"href":"https:\/\/www.daisho.be\/de\/wp-json\/wp\/v2\/media\/462035"}],"wp:attachment":[{"href":"https:\/\/www.daisho.be\/de\/wp-json\/wp\/v2\/media?parent=462033"}],"wp:term":[{"taxonomy":"product_brand","embeddable":true,"href":"https:\/\/www.daisho.be\/de\/wp-json\/wp\/v2\/product_brand?post=462033"},{"taxonomy":"product_cat","embeddable":true,"href":"https:\/\/www.daisho.be\/de\/wp-json\/wp\/v2\/product_cat?post=462033"},{"taxonomy":"product_tag","embeddable":true,"href":"https:\/\/www.daisho.be\/de\/wp-json\/wp\/v2\/product_tag?post=462033"},{"taxonomy":"sport","embeddable":true,"href":"https:\/\/www.daisho.be\/de\/wp-json\/wp\/v2\/sport?post=462033"}],"curies":[{"name":"wp","href":"https:\/\/api.w.org\/{rel}","templated":true}]}}