{"id":462024,"date":"2024-09-27T15:57:44","date_gmt":"2024-09-27T13:57:44","guid":{"rendered":"https:\/\/www.daisho.be\/produit\/adidas-big-zip-bag-2-in-1-sporttasche-schwarz-gold\/"},"modified":"2025-10-09T14:31:27","modified_gmt":"2025-10-09T12:31:27","slug":"adidas-big-zip-bag-2-in-1-sporttasche-schwarz-gold","status":"publish","type":"product","link":"https:\/\/www.daisho.be\/de\/produit\/adidas-big-zip-bag-2-in-1-sporttasche-schwarz-gold\/","title":{"rendered":"ADIDAS Big Zip Bag 2 in 1 Sporttasche &#8211; Schwarz\/Gold"},"content":{"rendered":"<p>2-in-1-Tasche aus strapazierf\u00e4higem PU-Au\u00dfenmaterial, die mit zwei abnehmbaren Schulterriemen in einen Rucksack verwandelt werden kann.<br \/>\nNeues Design, spezieller &#8222;eckiger&#8220; Schnitt auf einer Seite.<br \/>\nGro\u00dfe \u00d6ffnung auf der Oberseite, gro\u00dfer Rei\u00dfverschluss aus farbigem Kunststoff.<br \/>\nStabile Nylongriffe.<br \/>\nadidas-Logo auf einer Seite und 3 Streifen auf der anderen Seite gedruckt.<br \/>\nFarbe: Schwarz \/ Gold<br \/>\nAbmessungen:<br \/>\nSMALL: 56 x 29 x 29cm<br \/>\nMEDIUM: 62 x 31 x 31 cm<br \/>\nLARGE: 72 x 34 x 34 cm<\/p>\n","protected":false},"excerpt":{"rendered":"<p>2-in-1-Tasche aus strapazierf\u00e4higem PU-Au\u00dfenmaterial, die mit zwei abnehmbaren Schulterriemen in einen Rucksack verwandelt werden kann. Neues Design, spezieller &#8222;eckiger&#8220; Schnitt auf einer Seite. Gro\u00dfe \u00d6ffnung auf der Oberseite, gro\u00dfer Rei\u00dfverschluss aus farbigem Kunststoff. Stabile Nylongriffe. adidas-Logo auf einer Seite und 3 Streifen auf der anderen Seite gedruckt. Farbe: Schwarz \/ Gold Abmessungen: SMALL: 56 x [&hellip;]<\/p>\n","protected":false},"featured_media":554934,"comment_status":"open","ping_status":"closed","template":"","meta":{"inline_featured_image":false},"product_brand":[],"product_cat":[2263,2063,2061,2300],"product_tag":[2178],"sport":[],"class_list":{"0":"post-462024","1":"product","2":"type-product","3":"status-publish","4":"has-post-thumbnail","6":"product_cat-karate-tasche-adidas","7":"product_cat-karate-taschen","8":"product_cat-sporttaschen","9":"product_cat-taschen-adidas-combat-sports","10":"product_tag-adidas-de","11":"pa_size-l","12":"pa_size-m","13":"pa_size-s","15":"first","16":"onbackorder","17":"taxable","18":"shipping-taxable","19":"purchasable","20":"product-type-variable"},"yoast_head":"<!-- This site is optimized with the Yoast SEO plugin v27.2 - https:\/\/yoast.com\/product\/yoast-seo-wordpress\/ -->\n<title>ADIDAS Big Zip Bag 2 in 1 Sporttasche - Schwarz\/Gold &#8211; Daisho<\/title>\n<meta name=\"description\" content=\"Entdecken Sie unsere Sporttasche mit Rei\u00dfverschluss, die Stil und Zweckm\u00e4\u00dfigkeit vereint. Ideal f\u00fcr Ihr Training! Kaufen Sie sie auf unserer Website www.daisho.be\/Daisho\" \/>\n<meta name=\"robots\" content=\"index, follow, max-snippet:-1, max-image-preview:large, max-video-preview:-1\" \/>\n<link rel=\"canonical\" href=\"https:\/\/www.daisho.be\/de\/produit\/adidas-big-zip-bag-2-in-1-sporttasche-schwarz-gold\/\" \/>\n<meta property=\"og:locale\" content=\"de_DE\" \/>\n<meta property=\"og:type\" content=\"article\" \/>\n<meta property=\"og:title\" content=\"ADIDAS Big Zip Bag 2 in 1 Sporttasche - Schwarz\/Gold &#8211; Daisho\" \/>\n<meta property=\"og:description\" content=\"Entdecken Sie unsere Sporttasche mit Rei\u00dfverschluss, die Stil und Zweckm\u00e4\u00dfigkeit vereint. Ideal f\u00fcr Ihr Training! Kaufen Sie sie auf unserer Website www.daisho.be\/Daisho\" \/>\n<meta property=\"og:url\" content=\"https:\/\/www.daisho.be\/de\/produit\/adidas-big-zip-bag-2-in-1-sporttasche-schwarz-gold\/\" \/>\n<meta property=\"og:site_name\" content=\"Daisho\" \/>\n<meta property=\"article:modified_time\" content=\"2025-10-09T12:31:27+00:00\" \/>\n<meta property=\"og:image\" content=\"https:\/\/www.daisho.be\/wp-content\/uploads\/2025\/09\/image-15.png\" \/>\n\t<meta property=\"og:image:width\" content=\"621\" \/>\n\t<meta property=\"og:image:height\" content=\"467\" \/>\n\t<meta property=\"og:image:type\" content=\"image\/png\" \/>\n<meta name=\"twitter:card\" content=\"summary_large_image\" \/>\n<script type=\"application\/ld+json\" class=\"yoast-schema-graph\">{\"@context\":\"https:\/\/schema.org\",\"@graph\":[{\"@type\":\"WebPage\",\"@id\":\"https:\/\/www.daisho.be\/de\/produit\/adidas-big-zip-bag-2-in-1-sporttasche-schwarz-gold\/\",\"url\":\"https:\/\/www.daisho.be\/de\/produit\/adidas-big-zip-bag-2-in-1-sporttasche-schwarz-gold\/\",\"name\":\"ADIDAS Big Zip Bag 2 in 1 Sporttasche - Schwarz\/Gold &#8211; Daisho\",\"isPartOf\":{\"@id\":\"https:\/\/www.daisho.be\/de\/#website\"},\"primaryImageOfPage\":{\"@id\":\"https:\/\/www.daisho.be\/de\/produit\/adidas-big-zip-bag-2-in-1-sporttasche-schwarz-gold\/#primaryimage\"},\"image\":{\"@id\":\"https:\/\/www.daisho.be\/de\/produit\/adidas-big-zip-bag-2-in-1-sporttasche-schwarz-gold\/#primaryimage\"},\"thumbnailUrl\":\"https:\/\/www.daisho.be\/wp-content\/uploads\/2025\/09\/image-15.png\",\"datePublished\":\"2024-09-27T13:57:44+00:00\",\"dateModified\":\"2025-10-09T12:31:27+00:00\",\"description\":\"Entdecken Sie unsere Sporttasche mit Rei\u00dfverschluss, die Stil und Zweckm\u00e4\u00dfigkeit vereint. Ideal f\u00fcr Ihr Training! Kaufen Sie sie auf unserer Website www.daisho.be\/Daisho\",\"breadcrumb\":{\"@id\":\"https:\/\/www.daisho.be\/de\/produit\/adidas-big-zip-bag-2-in-1-sporttasche-schwarz-gold\/#breadcrumb\"},\"inLanguage\":\"de\",\"potentialAction\":[{\"@type\":\"ReadAction\",\"target\":[\"https:\/\/www.daisho.be\/de\/produit\/adidas-big-zip-bag-2-in-1-sporttasche-schwarz-gold\/\"]}]},{\"@type\":\"ImageObject\",\"inLanguage\":\"de\",\"@id\":\"https:\/\/www.daisho.be\/de\/produit\/adidas-big-zip-bag-2-in-1-sporttasche-schwarz-gold\/#primaryimage\",\"url\":\"https:\/\/www.daisho.be\/wp-content\/uploads\/2025\/09\/image-15.png\",\"contentUrl\":\"https:\/\/www.daisho.be\/wp-content\/uploads\/2025\/09\/image-15.png\",\"width\":621,\"height\":467,\"caption\":\"ADIDAS Big Zip Bag 2 in 1 Sporttasche - Schwarz\/Gold-5\"},{\"@type\":\"BreadcrumbList\",\"@id\":\"https:\/\/www.daisho.be\/de\/produit\/adidas-big-zip-bag-2-in-1-sporttasche-schwarz-gold\/#breadcrumb\",\"itemListElement\":[{\"@type\":\"ListItem\",\"position\":1,\"name\":\"Accueil\",\"item\":\"https:\/\/www.daisho.be\/de\/\"},{\"@type\":\"ListItem\",\"position\":2,\"name\":\"Produkte\",\"item\":\"https:\/\/www.daisho.be\/de\/produkte\/\"},{\"@type\":\"ListItem\",\"position\":3,\"name\":\"ADIDAS COMBAT SPORTS\",\"item\":\"https:\/\/www.daisho.be\/de\/categorie-produit\/adidas-combat-sports-de\/\"},{\"@type\":\"ListItem\",\"position\":4,\"name\":\"Karate\",\"item\":\"https:\/\/www.daisho.be\/de\/categorie-produit\/adidas-combat-sports-de\/karate-de\/\"},{\"@type\":\"ListItem\",\"position\":5,\"name\":\"Karate Tasche Adidas\",\"item\":\"https:\/\/www.daisho.be\/de\/categorie-produit\/adidas-combat-sports-de\/karate-de\/karate-tasche-adidas\/\"},{\"@type\":\"ListItem\",\"position\":6,\"name\":\"ADIDAS Big Zip Bag 2 in 1 Sporttasche &#8211; Schwarz\/Gold\"}]},{\"@type\":\"WebSite\",\"@id\":\"https:\/\/www.daisho.be\/de\/#website\",\"url\":\"https:\/\/www.daisho.be\/de\/\",\"name\":\"Daisho\",\"description\":\"Sp&eacute;cialiste de l'&eacute;quipement sportif d'arts martiaux\",\"publisher\":{\"@id\":\"https:\/\/www.daisho.be\/de\/#organization\"},\"potentialAction\":[{\"@type\":\"SearchAction\",\"target\":{\"@type\":\"EntryPoint\",\"urlTemplate\":\"https:\/\/www.daisho.be\/de\/?s={search_term_string}\"},\"query-input\":{\"@type\":\"PropertyValueSpecification\",\"valueRequired\":true,\"valueName\":\"search_term_string\"}}],\"inLanguage\":\"de\"},{\"@type\":\"Organization\",\"@id\":\"https:\/\/www.daisho.be\/de\/#organization\",\"name\":\"Daisho\",\"url\":\"https:\/\/www.daisho.be\/de\/\",\"logo\":{\"@type\":\"ImageObject\",\"inLanguage\":\"de\",\"@id\":\"https:\/\/www.daisho.be\/de\/#\/schema\/logo\/image\/\",\"url\":\"https:\/\/www.daisho.be\/wp-content\/uploads\/2019\/07\/color-nothing-horizontale4x-e1564486100247.png\",\"contentUrl\":\"https:\/\/www.daisho.be\/wp-content\/uploads\/2019\/07\/color-nothing-horizontale4x-e1564486100247.png\",\"width\":1547,\"height\":385,\"caption\":\"Daisho\"},\"image\":{\"@id\":\"https:\/\/www.daisho.be\/de\/#\/schema\/logo\/image\/\"}}]}<\/script>\n<!-- \/ Yoast SEO plugin. -->","yoast_head_json":{"title":"ADIDAS Big Zip Bag 2 in 1 Sporttasche - Schwarz\/Gold &#8211; Daisho","description":"Entdecken Sie unsere Sporttasche mit Rei\u00dfverschluss, die Stil und Zweckm\u00e4\u00dfigkeit vereint. Ideal f\u00fcr Ihr Training! Kaufen Sie sie auf unserer Website www.daisho.be\/Daisho","robots":{"index":"index","follow":"follow","max-snippet":"max-snippet:-1","max-image-preview":"max-image-preview:large","max-video-preview":"max-video-preview:-1"},"canonical":"https:\/\/www.daisho.be\/de\/produit\/adidas-big-zip-bag-2-in-1-sporttasche-schwarz-gold\/","og_locale":"de_DE","og_type":"article","og_title":"ADIDAS Big Zip Bag 2 in 1 Sporttasche - Schwarz\/Gold &#8211; Daisho","og_description":"Entdecken Sie unsere Sporttasche mit Rei\u00dfverschluss, die Stil und Zweckm\u00e4\u00dfigkeit vereint. Ideal f\u00fcr Ihr Training! Kaufen Sie sie auf unserer Website www.daisho.be\/Daisho","og_url":"https:\/\/www.daisho.be\/de\/produit\/adidas-big-zip-bag-2-in-1-sporttasche-schwarz-gold\/","og_site_name":"Daisho","article_modified_time":"2025-10-09T12:31:27+00:00","og_image":[{"width":621,"height":467,"url":"https:\/\/www.daisho.be\/wp-content\/uploads\/2025\/09\/image-15.png","type":"image\/png"}],"twitter_card":"summary_large_image","schema":{"@context":"https:\/\/schema.org","@graph":[{"@type":"WebPage","@id":"https:\/\/www.daisho.be\/de\/produit\/adidas-big-zip-bag-2-in-1-sporttasche-schwarz-gold\/","url":"https:\/\/www.daisho.be\/de\/produit\/adidas-big-zip-bag-2-in-1-sporttasche-schwarz-gold\/","name":"ADIDAS Big Zip Bag 2 in 1 Sporttasche - Schwarz\/Gold &#8211; Daisho","isPartOf":{"@id":"https:\/\/www.daisho.be\/de\/#website"},"primaryImageOfPage":{"@id":"https:\/\/www.daisho.be\/de\/produit\/adidas-big-zip-bag-2-in-1-sporttasche-schwarz-gold\/#primaryimage"},"image":{"@id":"https:\/\/www.daisho.be\/de\/produit\/adidas-big-zip-bag-2-in-1-sporttasche-schwarz-gold\/#primaryimage"},"thumbnailUrl":"https:\/\/www.daisho.be\/wp-content\/uploads\/2025\/09\/image-15.png","datePublished":"2024-09-27T13:57:44+00:00","dateModified":"2025-10-09T12:31:27+00:00","description":"Entdecken Sie unsere Sporttasche mit Rei\u00dfverschluss, die Stil und Zweckm\u00e4\u00dfigkeit vereint. Ideal f\u00fcr Ihr Training! Kaufen Sie sie auf unserer Website www.daisho.be\/Daisho","breadcrumb":{"@id":"https:\/\/www.daisho.be\/de\/produit\/adidas-big-zip-bag-2-in-1-sporttasche-schwarz-gold\/#breadcrumb"},"inLanguage":"de","potentialAction":[{"@type":"ReadAction","target":["https:\/\/www.daisho.be\/de\/produit\/adidas-big-zip-bag-2-in-1-sporttasche-schwarz-gold\/"]}]},{"@type":"ImageObject","inLanguage":"de","@id":"https:\/\/www.daisho.be\/de\/produit\/adidas-big-zip-bag-2-in-1-sporttasche-schwarz-gold\/#primaryimage","url":"https:\/\/www.daisho.be\/wp-content\/uploads\/2025\/09\/image-15.png","contentUrl":"https:\/\/www.daisho.be\/wp-content\/uploads\/2025\/09\/image-15.png","width":621,"height":467,"caption":"ADIDAS Big Zip Bag 2 in 1 Sporttasche - Schwarz\/Gold-5"},{"@type":"BreadcrumbList","@id":"https:\/\/www.daisho.be\/de\/produit\/adidas-big-zip-bag-2-in-1-sporttasche-schwarz-gold\/#breadcrumb","itemListElement":[{"@type":"ListItem","position":1,"name":"Accueil","item":"https:\/\/www.daisho.be\/de\/"},{"@type":"ListItem","position":2,"name":"Produkte","item":"https:\/\/www.daisho.be\/de\/produkte\/"},{"@type":"ListItem","position":3,"name":"ADIDAS COMBAT SPORTS","item":"https:\/\/www.daisho.be\/de\/categorie-produit\/adidas-combat-sports-de\/"},{"@type":"ListItem","position":4,"name":"Karate","item":"https:\/\/www.daisho.be\/de\/categorie-produit\/adidas-combat-sports-de\/karate-de\/"},{"@type":"ListItem","position":5,"name":"Karate Tasche Adidas","item":"https:\/\/www.daisho.be\/de\/categorie-produit\/adidas-combat-sports-de\/karate-de\/karate-tasche-adidas\/"},{"@type":"ListItem","position":6,"name":"ADIDAS Big Zip Bag 2 in 1 Sporttasche &#8211; Schwarz\/Gold"}]},{"@type":"WebSite","@id":"https:\/\/www.daisho.be\/de\/#website","url":"https:\/\/www.daisho.be\/de\/","name":"Daisho","description":"Sp&eacute;cialiste de l'&eacute;quipement sportif d'arts martiaux","publisher":{"@id":"https:\/\/www.daisho.be\/de\/#organization"},"potentialAction":[{"@type":"SearchAction","target":{"@type":"EntryPoint","urlTemplate":"https:\/\/www.daisho.be\/de\/?s={search_term_string}"},"query-input":{"@type":"PropertyValueSpecification","valueRequired":true,"valueName":"search_term_string"}}],"inLanguage":"de"},{"@type":"Organization","@id":"https:\/\/www.daisho.be\/de\/#organization","name":"Daisho","url":"https:\/\/www.daisho.be\/de\/","logo":{"@type":"ImageObject","inLanguage":"de","@id":"https:\/\/www.daisho.be\/de\/#\/schema\/logo\/image\/","url":"https:\/\/www.daisho.be\/wp-content\/uploads\/2019\/07\/color-nothing-horizontale4x-e1564486100247.png","contentUrl":"https:\/\/www.daisho.be\/wp-content\/uploads\/2019\/07\/color-nothing-horizontale4x-e1564486100247.png","width":1547,"height":385,"caption":"Daisho"},"image":{"@id":"https:\/\/www.daisho.be\/de\/#\/schema\/logo\/image\/"}}]}},"_links":{"self":[{"href":"https:\/\/www.daisho.be\/de\/wp-json\/wp\/v2\/product\/462024","targetHints":{"allow":["GET"]}}],"collection":[{"href":"https:\/\/www.daisho.be\/de\/wp-json\/wp\/v2\/product"}],"about":[{"href":"https:\/\/www.daisho.be\/de\/wp-json\/wp\/v2\/types\/product"}],"replies":[{"embeddable":true,"href":"https:\/\/www.daisho.be\/de\/wp-json\/wp\/v2\/comments?post=462024"}],"wp:featuredmedia":[{"embeddable":true,"href":"https:\/\/www.daisho.be\/de\/wp-json\/wp\/v2\/media\/554934"}],"wp:attachment":[{"href":"https:\/\/www.daisho.be\/de\/wp-json\/wp\/v2\/media?parent=462024"}],"wp:term":[{"taxonomy":"product_brand","embeddable":true,"href":"https:\/\/www.daisho.be\/de\/wp-json\/wp\/v2\/product_brand?post=462024"},{"taxonomy":"product_cat","embeddable":true,"href":"https:\/\/www.daisho.be\/de\/wp-json\/wp\/v2\/product_cat?post=462024"},{"taxonomy":"product_tag","embeddable":true,"href":"https:\/\/www.daisho.be\/de\/wp-json\/wp\/v2\/product_tag?post=462024"},{"taxonomy":"sport","embeddable":true,"href":"https:\/\/www.daisho.be\/de\/wp-json\/wp\/v2\/sport?post=462024"}],"curies":[{"name":"wp","href":"https:\/\/api.w.org\/{rel}","templated":true}]}}