{"id":461977,"date":"2023-04-03T00:40:47","date_gmt":"2023-04-02T22:40:47","guid":{"rendered":"https:\/\/www.daisho.be\/produit\/tokaido-tasche-mybackpack\/"},"modified":"2023-04-03T00:40:47","modified_gmt":"2023-04-02T22:40:47","slug":"tokaido-tasche-mybackpack","status":"publish","type":"product","link":"https:\/\/www.daisho.be\/de\/produit\/tokaido-tasche-mybackpack\/","title":{"rendered":"TOKAIDO-Tasche MyBacKPack"},"content":{"rendered":"<p>Sportlicher und ger\u00e4umiger Rucksack von TOKAIDO mit einem Klettbereich zum Anbringen von Patches.<br \/>\nEigenschaften:<br \/>\nKlettbereich auf der Vorderseite<br \/>\nViele Taschen und F\u00e4cher<br \/>\nStark und langlebig<br \/>\n100% Polyester<br \/>\nMa\u00dfe: ca. 47x30x27 cm<\/p>\n","protected":false},"excerpt":{"rendered":"<p>Sportlicher und ger\u00e4umiger Rucksack von TOKAIDO mit einem Klettbereich zum Anbringen von Patches. Eigenschaften: Klettbereich auf der Vorderseite Viele Taschen und F\u00e4cher Stark und langlebig 100% Polyester Ma\u00dfe: ca. 47x30x27 cm<\/p>\n","protected":false},"featured_media":461978,"comment_status":"closed","ping_status":"closed","template":"","meta":{"inline_featured_image":false},"product_brand":[],"product_cat":[2063,2061],"product_tag":[2004],"sport":[73],"class_list":{"0":"post-461977","1":"product","2":"type-product","3":"status-publish","4":"has-post-thumbnail","6":"product_cat-karate-taschen","7":"product_cat-sporttaschen","8":"product_tag-tokaido-de","9":"pa_size-sans-taille-defaut","10":"sport-karate","12":"first","13":"instock","14":"taxable","15":"shipping-taxable","16":"purchasable","17":"product-type-simple"},"yoast_head":"<!-- This site is optimized with the Yoast SEO plugin v27.2 - https:\/\/yoast.com\/product\/yoast-seo-wordpress\/ -->\n<title>TOKAIDO-Tasche MyBacKPack &#8211; Daisho<\/title>\n<meta name=\"description\" content=\"Sportlicher und ger\u00e4umiger Rucksack von TOKAIDO mit Klettverschluss f\u00fcr Patches. Kombiniert Stil und Funktionalit\u00e4t, um alles zu transportieren, was Sie brauchen.\" \/>\n<meta name=\"robots\" content=\"index, follow, max-snippet:-1, max-image-preview:large, max-video-preview:-1\" \/>\n<link rel=\"canonical\" href=\"https:\/\/www.daisho.be\/de\/produit\/tokaido-tasche-mybackpack\/\" \/>\n<meta property=\"og:locale\" content=\"de_DE\" \/>\n<meta property=\"og:type\" content=\"article\" \/>\n<meta property=\"og:title\" content=\"TOKAIDO-Tasche MyBacKPack &#8211; Daisho\" \/>\n<meta property=\"og:description\" content=\"Sportlicher und ger\u00e4umiger Rucksack von TOKAIDO mit Klettverschluss f\u00fcr Patches. Kombiniert Stil und Funktionalit\u00e4t, um alles zu transportieren, was Sie brauchen.\" \/>\n<meta property=\"og:url\" content=\"https:\/\/www.daisho.be\/de\/produit\/tokaido-tasche-mybackpack\/\" \/>\n<meta property=\"og:site_name\" content=\"Daisho\" \/>\n<meta property=\"og:image\" content=\"https:\/\/www.daisho.be\/wp-content\/uploads\/2024\/06\/image-64.jpg\" \/>\n\t<meta property=\"og:image:width\" content=\"800\" \/>\n\t<meta property=\"og:image:height\" content=\"1280\" \/>\n\t<meta property=\"og:image:type\" content=\"image\/jpeg\" \/>\n<meta name=\"twitter:card\" content=\"summary_large_image\" \/>\n<script type=\"application\/ld+json\" class=\"yoast-schema-graph\">{\"@context\":\"https:\/\/schema.org\",\"@graph\":[{\"@type\":\"WebPage\",\"@id\":\"https:\/\/www.daisho.be\/de\/produit\/tokaido-tasche-mybackpack\/\",\"url\":\"https:\/\/www.daisho.be\/de\/produit\/tokaido-tasche-mybackpack\/\",\"name\":\"TOKAIDO-Tasche MyBacKPack &#8211; Daisho\",\"isPartOf\":{\"@id\":\"https:\/\/www.daisho.be\/de\/#website\"},\"primaryImageOfPage\":{\"@id\":\"https:\/\/www.daisho.be\/de\/produit\/tokaido-tasche-mybackpack\/#primaryimage\"},\"image\":{\"@id\":\"https:\/\/www.daisho.be\/de\/produit\/tokaido-tasche-mybackpack\/#primaryimage\"},\"thumbnailUrl\":\"https:\/\/www.daisho.be\/wp-content\/uploads\/2024\/06\/image-64.jpg\",\"datePublished\":\"2023-04-02T22:40:47+00:00\",\"description\":\"Sportlicher und ger\u00e4umiger Rucksack von TOKAIDO mit Klettverschluss f\u00fcr Patches. Kombiniert Stil und Funktionalit\u00e4t, um alles zu transportieren, was Sie brauchen.\",\"breadcrumb\":{\"@id\":\"https:\/\/www.daisho.be\/de\/produit\/tokaido-tasche-mybackpack\/#breadcrumb\"},\"inLanguage\":\"de\",\"potentialAction\":[{\"@type\":\"ReadAction\",\"target\":[\"https:\/\/www.daisho.be\/de\/produit\/tokaido-tasche-mybackpack\/\"]}]},{\"@type\":\"ImageObject\",\"inLanguage\":\"de\",\"@id\":\"https:\/\/www.daisho.be\/de\/produit\/tokaido-tasche-mybackpack\/#primaryimage\",\"url\":\"https:\/\/www.daisho.be\/wp-content\/uploads\/2024\/06\/image-64.jpg\",\"contentUrl\":\"https:\/\/www.daisho.be\/wp-content\/uploads\/2024\/06\/image-64.jpg\",\"width\":800,\"height\":1280},{\"@type\":\"BreadcrumbList\",\"@id\":\"https:\/\/www.daisho.be\/de\/produit\/tokaido-tasche-mybackpack\/#breadcrumb\",\"itemListElement\":[{\"@type\":\"ListItem\",\"position\":1,\"name\":\"Accueil\",\"item\":\"https:\/\/www.daisho.be\/de\/\"},{\"@type\":\"ListItem\",\"position\":2,\"name\":\"Produkte\",\"item\":\"https:\/\/www.daisho.be\/de\/produkte\/\"},{\"@type\":\"ListItem\",\"position\":3,\"name\":\"Kampfsportarten\",\"item\":\"https:\/\/www.daisho.be\/de\/categorie-produit\/kampfsportarten\/\"},{\"@type\":\"ListItem\",\"position\":4,\"name\":\"Sporttaschen\",\"item\":\"https:\/\/www.daisho.be\/de\/categorie-produit\/kampfsportarten\/sporttaschen\/\"},{\"@type\":\"ListItem\",\"position\":5,\"name\":\"TOKAIDO-Tasche MyBacKPack\"}]},{\"@type\":\"WebSite\",\"@id\":\"https:\/\/www.daisho.be\/de\/#website\",\"url\":\"https:\/\/www.daisho.be\/de\/\",\"name\":\"Daisho\",\"description\":\"Sp&eacute;cialiste de l'&eacute;quipement sportif d'arts martiaux\",\"publisher\":{\"@id\":\"https:\/\/www.daisho.be\/de\/#organization\"},\"potentialAction\":[{\"@type\":\"SearchAction\",\"target\":{\"@type\":\"EntryPoint\",\"urlTemplate\":\"https:\/\/www.daisho.be\/de\/?s={search_term_string}\"},\"query-input\":{\"@type\":\"PropertyValueSpecification\",\"valueRequired\":true,\"valueName\":\"search_term_string\"}}],\"inLanguage\":\"de\"},{\"@type\":\"Organization\",\"@id\":\"https:\/\/www.daisho.be\/de\/#organization\",\"name\":\"Daisho\",\"url\":\"https:\/\/www.daisho.be\/de\/\",\"logo\":{\"@type\":\"ImageObject\",\"inLanguage\":\"de\",\"@id\":\"https:\/\/www.daisho.be\/de\/#\/schema\/logo\/image\/\",\"url\":\"https:\/\/www.daisho.be\/wp-content\/uploads\/2019\/07\/color-nothing-horizontale4x-e1564486100247.png\",\"contentUrl\":\"https:\/\/www.daisho.be\/wp-content\/uploads\/2019\/07\/color-nothing-horizontale4x-e1564486100247.png\",\"width\":1547,\"height\":385,\"caption\":\"Daisho\"},\"image\":{\"@id\":\"https:\/\/www.daisho.be\/de\/#\/schema\/logo\/image\/\"}}]}<\/script>\n<!-- \/ Yoast SEO plugin. -->","yoast_head_json":{"title":"TOKAIDO-Tasche MyBacKPack &#8211; Daisho","description":"Sportlicher und ger\u00e4umiger Rucksack von TOKAIDO mit Klettverschluss f\u00fcr Patches. Kombiniert Stil und Funktionalit\u00e4t, um alles zu transportieren, was Sie brauchen.","robots":{"index":"index","follow":"follow","max-snippet":"max-snippet:-1","max-image-preview":"max-image-preview:large","max-video-preview":"max-video-preview:-1"},"canonical":"https:\/\/www.daisho.be\/de\/produit\/tokaido-tasche-mybackpack\/","og_locale":"de_DE","og_type":"article","og_title":"TOKAIDO-Tasche MyBacKPack &#8211; Daisho","og_description":"Sportlicher und ger\u00e4umiger Rucksack von TOKAIDO mit Klettverschluss f\u00fcr Patches. Kombiniert Stil und Funktionalit\u00e4t, um alles zu transportieren, was Sie brauchen.","og_url":"https:\/\/www.daisho.be\/de\/produit\/tokaido-tasche-mybackpack\/","og_site_name":"Daisho","og_image":[{"width":800,"height":1280,"url":"https:\/\/www.daisho.be\/wp-content\/uploads\/2024\/06\/image-64.jpg","type":"image\/jpeg"}],"twitter_card":"summary_large_image","schema":{"@context":"https:\/\/schema.org","@graph":[{"@type":"WebPage","@id":"https:\/\/www.daisho.be\/de\/produit\/tokaido-tasche-mybackpack\/","url":"https:\/\/www.daisho.be\/de\/produit\/tokaido-tasche-mybackpack\/","name":"TOKAIDO-Tasche MyBacKPack &#8211; Daisho","isPartOf":{"@id":"https:\/\/www.daisho.be\/de\/#website"},"primaryImageOfPage":{"@id":"https:\/\/www.daisho.be\/de\/produit\/tokaido-tasche-mybackpack\/#primaryimage"},"image":{"@id":"https:\/\/www.daisho.be\/de\/produit\/tokaido-tasche-mybackpack\/#primaryimage"},"thumbnailUrl":"https:\/\/www.daisho.be\/wp-content\/uploads\/2024\/06\/image-64.jpg","datePublished":"2023-04-02T22:40:47+00:00","description":"Sportlicher und ger\u00e4umiger Rucksack von TOKAIDO mit Klettverschluss f\u00fcr Patches. Kombiniert Stil und Funktionalit\u00e4t, um alles zu transportieren, was Sie brauchen.","breadcrumb":{"@id":"https:\/\/www.daisho.be\/de\/produit\/tokaido-tasche-mybackpack\/#breadcrumb"},"inLanguage":"de","potentialAction":[{"@type":"ReadAction","target":["https:\/\/www.daisho.be\/de\/produit\/tokaido-tasche-mybackpack\/"]}]},{"@type":"ImageObject","inLanguage":"de","@id":"https:\/\/www.daisho.be\/de\/produit\/tokaido-tasche-mybackpack\/#primaryimage","url":"https:\/\/www.daisho.be\/wp-content\/uploads\/2024\/06\/image-64.jpg","contentUrl":"https:\/\/www.daisho.be\/wp-content\/uploads\/2024\/06\/image-64.jpg","width":800,"height":1280},{"@type":"BreadcrumbList","@id":"https:\/\/www.daisho.be\/de\/produit\/tokaido-tasche-mybackpack\/#breadcrumb","itemListElement":[{"@type":"ListItem","position":1,"name":"Accueil","item":"https:\/\/www.daisho.be\/de\/"},{"@type":"ListItem","position":2,"name":"Produkte","item":"https:\/\/www.daisho.be\/de\/produkte\/"},{"@type":"ListItem","position":3,"name":"Kampfsportarten","item":"https:\/\/www.daisho.be\/de\/categorie-produit\/kampfsportarten\/"},{"@type":"ListItem","position":4,"name":"Sporttaschen","item":"https:\/\/www.daisho.be\/de\/categorie-produit\/kampfsportarten\/sporttaschen\/"},{"@type":"ListItem","position":5,"name":"TOKAIDO-Tasche MyBacKPack"}]},{"@type":"WebSite","@id":"https:\/\/www.daisho.be\/de\/#website","url":"https:\/\/www.daisho.be\/de\/","name":"Daisho","description":"Sp&eacute;cialiste de l'&eacute;quipement sportif d'arts martiaux","publisher":{"@id":"https:\/\/www.daisho.be\/de\/#organization"},"potentialAction":[{"@type":"SearchAction","target":{"@type":"EntryPoint","urlTemplate":"https:\/\/www.daisho.be\/de\/?s={search_term_string}"},"query-input":{"@type":"PropertyValueSpecification","valueRequired":true,"valueName":"search_term_string"}}],"inLanguage":"de"},{"@type":"Organization","@id":"https:\/\/www.daisho.be\/de\/#organization","name":"Daisho","url":"https:\/\/www.daisho.be\/de\/","logo":{"@type":"ImageObject","inLanguage":"de","@id":"https:\/\/www.daisho.be\/de\/#\/schema\/logo\/image\/","url":"https:\/\/www.daisho.be\/wp-content\/uploads\/2019\/07\/color-nothing-horizontale4x-e1564486100247.png","contentUrl":"https:\/\/www.daisho.be\/wp-content\/uploads\/2019\/07\/color-nothing-horizontale4x-e1564486100247.png","width":1547,"height":385,"caption":"Daisho"},"image":{"@id":"https:\/\/www.daisho.be\/de\/#\/schema\/logo\/image\/"}}]}},"_links":{"self":[{"href":"https:\/\/www.daisho.be\/de\/wp-json\/wp\/v2\/product\/461977","targetHints":{"allow":["GET"]}}],"collection":[{"href":"https:\/\/www.daisho.be\/de\/wp-json\/wp\/v2\/product"}],"about":[{"href":"https:\/\/www.daisho.be\/de\/wp-json\/wp\/v2\/types\/product"}],"replies":[{"embeddable":true,"href":"https:\/\/www.daisho.be\/de\/wp-json\/wp\/v2\/comments?post=461977"}],"wp:featuredmedia":[{"embeddable":true,"href":"https:\/\/www.daisho.be\/de\/wp-json\/wp\/v2\/media\/461978"}],"wp:attachment":[{"href":"https:\/\/www.daisho.be\/de\/wp-json\/wp\/v2\/media?parent=461977"}],"wp:term":[{"taxonomy":"product_brand","embeddable":true,"href":"https:\/\/www.daisho.be\/de\/wp-json\/wp\/v2\/product_brand?post=461977"},{"taxonomy":"product_cat","embeddable":true,"href":"https:\/\/www.daisho.be\/de\/wp-json\/wp\/v2\/product_cat?post=461977"},{"taxonomy":"product_tag","embeddable":true,"href":"https:\/\/www.daisho.be\/de\/wp-json\/wp\/v2\/product_tag?post=461977"},{"taxonomy":"sport","embeddable":true,"href":"https:\/\/www.daisho.be\/de\/wp-json\/wp\/v2\/sport?post=461977"}],"curies":[{"name":"wp","href":"https:\/\/api.w.org\/{rel}","templated":true}]}}