{"id":461928,"date":"2023-05-05T12:31:29","date_gmt":"2023-05-05T10:31:29","guid":{"rendered":"https:\/\/www.daisho.be\/produit\/adidas-rucksack-schwarz-grau-mit-blumenmuster\/"},"modified":"2025-02-27T15:31:01","modified_gmt":"2025-02-27T14:31:01","slug":"adidas-rucksack-schwarz-grau-mit-blumenmuster","status":"publish","type":"product","link":"https:\/\/www.daisho.be\/de\/produit\/adidas-rucksack-schwarz-grau-mit-blumenmuster\/","title":{"rendered":"Adidas Rucksack schwarz\/grau mit Blumenmuster"},"content":{"rendered":"<p>Der sportliche Rucksack ist mit einem gro\u00dfen Hauptfach ausgestattet, das auch ein Schiebefach auf der R\u00fcckseite hat. Es gibt ein kleines Fach auf der Vorderseite, das ebenfalls mit einem Rei\u00dfverschluss geschlossen werden kann. Die gepolsterten und ergonomischen Tragegurte sind verstellbar und es gibt einen Kleiderb\u00fcgel f\u00fcr einen Mantelhaken oben auf der R\u00fcckseite.<br \/>\nMerkmale:  <\/p>\n<p>Ma\u00dfe: ca. 15 cm x 36 cm x 44 cm<br \/>\nMaterial: einfarbiges Gewebe aus 100% recyceltem Polyester<br \/>\nHauptfach mit Rei\u00dfverschluss<br \/>\nSeitentaschen<br \/>\nRei\u00dfverschlusstasche auf der Vorderseite<br \/>\nVerstellbare und ergonomische Tr\u00e4ger<br \/>\nMesh-Einsatz auf dem R\u00fccken<\/p>\n","protected":false},"excerpt":{"rendered":"<p>Der sportliche Rucksack ist mit einem gro\u00dfen Hauptfach ausgestattet, das auch ein Schiebefach auf der R\u00fcckseite hat. Es gibt ein kleines Fach auf der Vorderseite, das ebenfalls mit einem Rei\u00dfverschluss geschlossen werden kann. Die gepolsterten und ergonomischen Tragegurte sind verstellbar und es gibt einen Kleiderb\u00fcgel f\u00fcr einen Mantelhaken oben auf der R\u00fcckseite. Merkmale: Ma\u00dfe: ca. [&hellip;]<\/p>\n","protected":false},"featured_media":461930,"comment_status":"open","ping_status":"closed","template":"","meta":{"inline_featured_image":false},"product_brand":[],"product_cat":[2263,2063,2061,2300],"product_tag":[2178],"sport":[],"class_list":{"0":"post-461928","1":"product","2":"type-product","3":"status-publish","4":"has-post-thumbnail","6":"product_cat-karate-tasche-adidas","7":"product_cat-karate-taschen","8":"product_cat-sporttaschen","9":"product_cat-taschen-adidas-combat-sports","10":"product_tag-adidas-de","12":"first","13":"instock","14":"taxable","15":"shipping-taxable","16":"purchasable","17":"product-type-simple"},"yoast_head":"<!-- This site is optimized with the Yoast SEO plugin v27.2 - https:\/\/yoast.com\/product\/yoast-seo-wordpress\/ -->\n<title>Adidas Rucksack schwarz\/grau mit Blumenmuster &#8211; Daisho<\/title>\n<meta name=\"description\" content=\"Entdecken Sie den Adidas Rucksack, der Stil und Funktionalit\u00e4t vereint. Perfekt, um Ihre Ausr\u00fcstung bequem zu transportieren! Kaufen Sie ihn auf www.daisho.be|Daisho\" \/>\n<meta name=\"robots\" content=\"index, follow, max-snippet:-1, max-image-preview:large, max-video-preview:-1\" \/>\n<link rel=\"canonical\" href=\"https:\/\/www.daisho.be\/de\/produit\/adidas-rucksack-schwarz-grau-mit-blumenmuster\/\" \/>\n<meta property=\"og:locale\" content=\"de_DE\" \/>\n<meta property=\"og:type\" content=\"article\" \/>\n<meta property=\"og:title\" content=\"Adidas Rucksack schwarz\/grau mit Blumenmuster &#8211; Daisho\" \/>\n<meta property=\"og:description\" content=\"Entdecken Sie den Adidas Rucksack, der Stil und Funktionalit\u00e4t vereint. Perfekt, um Ihre Ausr\u00fcstung bequem zu transportieren! Kaufen Sie ihn auf www.daisho.be|Daisho\" \/>\n<meta property=\"og:url\" content=\"https:\/\/www.daisho.be\/de\/produit\/adidas-rucksack-schwarz-grau-mit-blumenmuster\/\" \/>\n<meta property=\"og:site_name\" content=\"Daisho\" \/>\n<meta property=\"article:modified_time\" content=\"2025-02-27T14:31:01+00:00\" \/>\n<meta property=\"og:image\" content=\"https:\/\/www.daisho.be\/wp-content\/uploads\/2023\/05\/image-9.jpg\" \/>\n\t<meta property=\"og:image:width\" content=\"1200\" \/>\n\t<meta property=\"og:image:height\" content=\"1200\" \/>\n\t<meta property=\"og:image:type\" content=\"image\/jpeg\" \/>\n<meta name=\"twitter:card\" content=\"summary_large_image\" \/>\n<script type=\"application\/ld+json\" class=\"yoast-schema-graph\">{\"@context\":\"https:\/\/schema.org\",\"@graph\":[{\"@type\":\"WebPage\",\"@id\":\"https:\/\/www.daisho.be\/de\/produit\/adidas-rucksack-schwarz-grau-mit-blumenmuster\/\",\"url\":\"https:\/\/www.daisho.be\/de\/produit\/adidas-rucksack-schwarz-grau-mit-blumenmuster\/\",\"name\":\"Adidas Rucksack schwarz\/grau mit Blumenmuster &#8211; Daisho\",\"isPartOf\":{\"@id\":\"https:\/\/www.daisho.be\/de\/#website\"},\"primaryImageOfPage\":{\"@id\":\"https:\/\/www.daisho.be\/de\/produit\/adidas-rucksack-schwarz-grau-mit-blumenmuster\/#primaryimage\"},\"image\":{\"@id\":\"https:\/\/www.daisho.be\/de\/produit\/adidas-rucksack-schwarz-grau-mit-blumenmuster\/#primaryimage\"},\"thumbnailUrl\":\"https:\/\/www.daisho.be\/wp-content\/uploads\/2023\/05\/image-9.jpg\",\"datePublished\":\"2023-05-05T10:31:29+00:00\",\"dateModified\":\"2025-02-27T14:31:01+00:00\",\"description\":\"Entdecken Sie den Adidas Rucksack, der Stil und Funktionalit\u00e4t vereint. Perfekt, um Ihre Ausr\u00fcstung bequem zu transportieren! Kaufen Sie ihn auf www.daisho.be|Daisho\",\"breadcrumb\":{\"@id\":\"https:\/\/www.daisho.be\/de\/produit\/adidas-rucksack-schwarz-grau-mit-blumenmuster\/#breadcrumb\"},\"inLanguage\":\"de\",\"potentialAction\":[{\"@type\":\"ReadAction\",\"target\":[\"https:\/\/www.daisho.be\/de\/produit\/adidas-rucksack-schwarz-grau-mit-blumenmuster\/\"]}]},{\"@type\":\"ImageObject\",\"inLanguage\":\"de\",\"@id\":\"https:\/\/www.daisho.be\/de\/produit\/adidas-rucksack-schwarz-grau-mit-blumenmuster\/#primaryimage\",\"url\":\"https:\/\/www.daisho.be\/wp-content\/uploads\/2023\/05\/image-9.jpg\",\"contentUrl\":\"https:\/\/www.daisho.be\/wp-content\/uploads\/2023\/05\/image-9.jpg\",\"width\":1200,\"height\":1200,\"caption\":\"Adidas Rucksack schwarz\/grau mit Blumenmuster-1\"},{\"@type\":\"BreadcrumbList\",\"@id\":\"https:\/\/www.daisho.be\/de\/produit\/adidas-rucksack-schwarz-grau-mit-blumenmuster\/#breadcrumb\",\"itemListElement\":[{\"@type\":\"ListItem\",\"position\":1,\"name\":\"Accueil\",\"item\":\"https:\/\/www.daisho.be\/de\/\"},{\"@type\":\"ListItem\",\"position\":2,\"name\":\"Produkte\",\"item\":\"https:\/\/www.daisho.be\/de\/produkte\/\"},{\"@type\":\"ListItem\",\"position\":3,\"name\":\"ADIDAS COMBAT SPORTS\",\"item\":\"https:\/\/www.daisho.be\/de\/categorie-produit\/adidas-combat-sports-de\/\"},{\"@type\":\"ListItem\",\"position\":4,\"name\":\"Karate\",\"item\":\"https:\/\/www.daisho.be\/de\/categorie-produit\/adidas-combat-sports-de\/karate-de\/\"},{\"@type\":\"ListItem\",\"position\":5,\"name\":\"Karate Tasche Adidas\",\"item\":\"https:\/\/www.daisho.be\/de\/categorie-produit\/adidas-combat-sports-de\/karate-de\/karate-tasche-adidas\/\"},{\"@type\":\"ListItem\",\"position\":6,\"name\":\"Adidas Rucksack schwarz\/grau mit Blumenmuster\"}]},{\"@type\":\"WebSite\",\"@id\":\"https:\/\/www.daisho.be\/de\/#website\",\"url\":\"https:\/\/www.daisho.be\/de\/\",\"name\":\"Daisho\",\"description\":\"Sp&eacute;cialiste de l'&eacute;quipement sportif d'arts martiaux\",\"publisher\":{\"@id\":\"https:\/\/www.daisho.be\/de\/#organization\"},\"potentialAction\":[{\"@type\":\"SearchAction\",\"target\":{\"@type\":\"EntryPoint\",\"urlTemplate\":\"https:\/\/www.daisho.be\/de\/?s={search_term_string}\"},\"query-input\":{\"@type\":\"PropertyValueSpecification\",\"valueRequired\":true,\"valueName\":\"search_term_string\"}}],\"inLanguage\":\"de\"},{\"@type\":\"Organization\",\"@id\":\"https:\/\/www.daisho.be\/de\/#organization\",\"name\":\"Daisho\",\"url\":\"https:\/\/www.daisho.be\/de\/\",\"logo\":{\"@type\":\"ImageObject\",\"inLanguage\":\"de\",\"@id\":\"https:\/\/www.daisho.be\/de\/#\/schema\/logo\/image\/\",\"url\":\"https:\/\/www.daisho.be\/wp-content\/uploads\/2019\/07\/color-nothing-horizontale4x-e1564486100247.png\",\"contentUrl\":\"https:\/\/www.daisho.be\/wp-content\/uploads\/2019\/07\/color-nothing-horizontale4x-e1564486100247.png\",\"width\":1547,\"height\":385,\"caption\":\"Daisho\"},\"image\":{\"@id\":\"https:\/\/www.daisho.be\/de\/#\/schema\/logo\/image\/\"}}]}<\/script>\n<!-- \/ Yoast SEO plugin. -->","yoast_head_json":{"title":"Adidas Rucksack schwarz\/grau mit Blumenmuster &#8211; Daisho","description":"Entdecken Sie den Adidas Rucksack, der Stil und Funktionalit\u00e4t vereint. Perfekt, um Ihre Ausr\u00fcstung bequem zu transportieren! Kaufen Sie ihn auf www.daisho.be|Daisho","robots":{"index":"index","follow":"follow","max-snippet":"max-snippet:-1","max-image-preview":"max-image-preview:large","max-video-preview":"max-video-preview:-1"},"canonical":"https:\/\/www.daisho.be\/de\/produit\/adidas-rucksack-schwarz-grau-mit-blumenmuster\/","og_locale":"de_DE","og_type":"article","og_title":"Adidas Rucksack schwarz\/grau mit Blumenmuster &#8211; Daisho","og_description":"Entdecken Sie den Adidas Rucksack, der Stil und Funktionalit\u00e4t vereint. Perfekt, um Ihre Ausr\u00fcstung bequem zu transportieren! Kaufen Sie ihn auf www.daisho.be|Daisho","og_url":"https:\/\/www.daisho.be\/de\/produit\/adidas-rucksack-schwarz-grau-mit-blumenmuster\/","og_site_name":"Daisho","article_modified_time":"2025-02-27T14:31:01+00:00","og_image":[{"width":1200,"height":1200,"url":"https:\/\/www.daisho.be\/wp-content\/uploads\/2023\/05\/image-9.jpg","type":"image\/jpeg"}],"twitter_card":"summary_large_image","schema":{"@context":"https:\/\/schema.org","@graph":[{"@type":"WebPage","@id":"https:\/\/www.daisho.be\/de\/produit\/adidas-rucksack-schwarz-grau-mit-blumenmuster\/","url":"https:\/\/www.daisho.be\/de\/produit\/adidas-rucksack-schwarz-grau-mit-blumenmuster\/","name":"Adidas Rucksack schwarz\/grau mit Blumenmuster &#8211; Daisho","isPartOf":{"@id":"https:\/\/www.daisho.be\/de\/#website"},"primaryImageOfPage":{"@id":"https:\/\/www.daisho.be\/de\/produit\/adidas-rucksack-schwarz-grau-mit-blumenmuster\/#primaryimage"},"image":{"@id":"https:\/\/www.daisho.be\/de\/produit\/adidas-rucksack-schwarz-grau-mit-blumenmuster\/#primaryimage"},"thumbnailUrl":"https:\/\/www.daisho.be\/wp-content\/uploads\/2023\/05\/image-9.jpg","datePublished":"2023-05-05T10:31:29+00:00","dateModified":"2025-02-27T14:31:01+00:00","description":"Entdecken Sie den Adidas Rucksack, der Stil und Funktionalit\u00e4t vereint. Perfekt, um Ihre Ausr\u00fcstung bequem zu transportieren! Kaufen Sie ihn auf www.daisho.be|Daisho","breadcrumb":{"@id":"https:\/\/www.daisho.be\/de\/produit\/adidas-rucksack-schwarz-grau-mit-blumenmuster\/#breadcrumb"},"inLanguage":"de","potentialAction":[{"@type":"ReadAction","target":["https:\/\/www.daisho.be\/de\/produit\/adidas-rucksack-schwarz-grau-mit-blumenmuster\/"]}]},{"@type":"ImageObject","inLanguage":"de","@id":"https:\/\/www.daisho.be\/de\/produit\/adidas-rucksack-schwarz-grau-mit-blumenmuster\/#primaryimage","url":"https:\/\/www.daisho.be\/wp-content\/uploads\/2023\/05\/image-9.jpg","contentUrl":"https:\/\/www.daisho.be\/wp-content\/uploads\/2023\/05\/image-9.jpg","width":1200,"height":1200,"caption":"Adidas Rucksack schwarz\/grau mit Blumenmuster-1"},{"@type":"BreadcrumbList","@id":"https:\/\/www.daisho.be\/de\/produit\/adidas-rucksack-schwarz-grau-mit-blumenmuster\/#breadcrumb","itemListElement":[{"@type":"ListItem","position":1,"name":"Accueil","item":"https:\/\/www.daisho.be\/de\/"},{"@type":"ListItem","position":2,"name":"Produkte","item":"https:\/\/www.daisho.be\/de\/produkte\/"},{"@type":"ListItem","position":3,"name":"ADIDAS COMBAT SPORTS","item":"https:\/\/www.daisho.be\/de\/categorie-produit\/adidas-combat-sports-de\/"},{"@type":"ListItem","position":4,"name":"Karate","item":"https:\/\/www.daisho.be\/de\/categorie-produit\/adidas-combat-sports-de\/karate-de\/"},{"@type":"ListItem","position":5,"name":"Karate Tasche Adidas","item":"https:\/\/www.daisho.be\/de\/categorie-produit\/adidas-combat-sports-de\/karate-de\/karate-tasche-adidas\/"},{"@type":"ListItem","position":6,"name":"Adidas Rucksack schwarz\/grau mit Blumenmuster"}]},{"@type":"WebSite","@id":"https:\/\/www.daisho.be\/de\/#website","url":"https:\/\/www.daisho.be\/de\/","name":"Daisho","description":"Sp&eacute;cialiste de l'&eacute;quipement sportif d'arts martiaux","publisher":{"@id":"https:\/\/www.daisho.be\/de\/#organization"},"potentialAction":[{"@type":"SearchAction","target":{"@type":"EntryPoint","urlTemplate":"https:\/\/www.daisho.be\/de\/?s={search_term_string}"},"query-input":{"@type":"PropertyValueSpecification","valueRequired":true,"valueName":"search_term_string"}}],"inLanguage":"de"},{"@type":"Organization","@id":"https:\/\/www.daisho.be\/de\/#organization","name":"Daisho","url":"https:\/\/www.daisho.be\/de\/","logo":{"@type":"ImageObject","inLanguage":"de","@id":"https:\/\/www.daisho.be\/de\/#\/schema\/logo\/image\/","url":"https:\/\/www.daisho.be\/wp-content\/uploads\/2019\/07\/color-nothing-horizontale4x-e1564486100247.png","contentUrl":"https:\/\/www.daisho.be\/wp-content\/uploads\/2019\/07\/color-nothing-horizontale4x-e1564486100247.png","width":1547,"height":385,"caption":"Daisho"},"image":{"@id":"https:\/\/www.daisho.be\/de\/#\/schema\/logo\/image\/"}}]}},"_links":{"self":[{"href":"https:\/\/www.daisho.be\/de\/wp-json\/wp\/v2\/product\/461928","targetHints":{"allow":["GET"]}}],"collection":[{"href":"https:\/\/www.daisho.be\/de\/wp-json\/wp\/v2\/product"}],"about":[{"href":"https:\/\/www.daisho.be\/de\/wp-json\/wp\/v2\/types\/product"}],"replies":[{"embeddable":true,"href":"https:\/\/www.daisho.be\/de\/wp-json\/wp\/v2\/comments?post=461928"}],"wp:featuredmedia":[{"embeddable":true,"href":"https:\/\/www.daisho.be\/de\/wp-json\/wp\/v2\/media\/461930"}],"wp:attachment":[{"href":"https:\/\/www.daisho.be\/de\/wp-json\/wp\/v2\/media?parent=461928"}],"wp:term":[{"taxonomy":"product_brand","embeddable":true,"href":"https:\/\/www.daisho.be\/de\/wp-json\/wp\/v2\/product_brand?post=461928"},{"taxonomy":"product_cat","embeddable":true,"href":"https:\/\/www.daisho.be\/de\/wp-json\/wp\/v2\/product_cat?post=461928"},{"taxonomy":"product_tag","embeddable":true,"href":"https:\/\/www.daisho.be\/de\/wp-json\/wp\/v2\/product_tag?post=461928"},{"taxonomy":"sport","embeddable":true,"href":"https:\/\/www.daisho.be\/de\/wp-json\/wp\/v2\/sport?post=461928"}],"curies":[{"name":"wp","href":"https:\/\/api.w.org\/{rel}","templated":true}]}}