{"id":461868,"date":"2023-05-05T12:44:51","date_gmt":"2023-05-05T10:44:51","guid":{"rendered":"https:\/\/www.daisho.be\/produit\/adidas-t-shirt-schwarz-mit-goldenem-logo\/"},"modified":"2025-02-27T15:29:20","modified_gmt":"2025-02-27T14:29:20","slug":"adidas-t-shirt-schwarz-mit-goldenem-logo","status":"publish","type":"product","link":"https:\/\/www.daisho.be\/de\/produit\/adidas-t-shirt-schwarz-mit-goldenem-logo\/","title":{"rendered":"Adidas T-Shirt schwarz mit goldenem Logo"},"content":{"rendered":"<p>Hier ist der ideale Begleiter f\u00fcr Ihr Training.<br \/>\nDieses T-Shirt hat eine regul\u00e4re Passform.<br \/>\nDas Shirt hat einen gerippten Rundhalsausschnitt.<\/p>\n<p>Erh\u00e4ltlich in Schwarz mit Golddruck.<br \/>\nErh\u00e4ltlich in den Gr\u00f6\u00dfen S, M, L, XL und XXL.<br \/>\nDas Oberteil ist aus 100% Baumwolle.<\/p>\n<p>Merkmale:<\/p>\n<p>Material: 100% Baumwolle<br \/>\nDie Farbe Schwarz<br \/>\nGr\u00f6\u00dfen: S, M, L, XL und XXL<br \/>\nRegul\u00e4re Passform<\/p>\n","protected":false},"excerpt":{"rendered":"<p>Hier ist der ideale Begleiter f\u00fcr Ihr Training. Dieses T-Shirt hat eine regul\u00e4re Passform. Das Shirt hat einen gerippten Rundhalsausschnitt. Erh\u00e4ltlich in Schwarz mit Golddruck. Erh\u00e4ltlich in den Gr\u00f6\u00dfen S, M, L, XL und XXL. Das Oberteil ist aus 100% Baumwolle. Merkmale: Material: 100% Baumwolle Die Farbe Schwarz Gr\u00f6\u00dfen: S, M, L, XL und XXL [&hellip;]<\/p>\n","protected":false},"featured_media":461877,"comment_status":"open","ping_status":"closed","template":"","meta":{"inline_featured_image":false},"product_brand":[],"product_cat":[2258,2076],"product_tag":[2178],"sport":[],"class_list":{"0":"post-461868","1":"product","2":"type-product","3":"status-publish","4":"has-post-thumbnail","6":"product_cat-adidas-combat-sports-bekleidung","7":"product_cat-kleidung","8":"product_tag-adidas-de","9":"pa_size-l","11":"first","12":"instock","13":"taxable","14":"shipping-taxable","15":"purchasable","16":"product-type-variable"},"yoast_head":"<!-- This site is optimized with the Yoast SEO plugin v27.2 - https:\/\/yoast.com\/product\/yoast-seo-wordpress\/ -->\n<title>Adidas T-Shirt schwarz mit goldenem Logo &#8211; Daisho<\/title>\n<meta name=\"description\" content=\"Das Adidas T-Shirt ist ideal f\u00fcr Ihr Training und Ihre Freizeitaktivit\u00e4ten. Kaufen Sie es auf www.daisho.be|Daisho\" \/>\n<meta name=\"robots\" content=\"index, follow, max-snippet:-1, max-image-preview:large, max-video-preview:-1\" \/>\n<link rel=\"canonical\" href=\"https:\/\/www.daisho.be\/de\/produit\/adidas-t-shirt-schwarz-mit-goldenem-logo\/\" \/>\n<meta property=\"og:locale\" content=\"de_DE\" \/>\n<meta property=\"og:type\" content=\"article\" \/>\n<meta property=\"og:title\" content=\"Adidas T-Shirt schwarz mit goldenem Logo &#8211; Daisho\" \/>\n<meta property=\"og:description\" content=\"Das Adidas T-Shirt ist ideal f\u00fcr Ihr Training und Ihre Freizeitaktivit\u00e4ten. Kaufen Sie es auf www.daisho.be|Daisho\" \/>\n<meta property=\"og:url\" content=\"https:\/\/www.daisho.be\/de\/produit\/adidas-t-shirt-schwarz-mit-goldenem-logo\/\" \/>\n<meta property=\"og:site_name\" content=\"Daisho\" \/>\n<meta property=\"article:modified_time\" content=\"2025-02-27T14:29:20+00:00\" \/>\n<meta property=\"og:image\" content=\"https:\/\/www.daisho.be\/wp-content\/uploads\/2023\/05\/image-17.jpg\" \/>\n\t<meta property=\"og:image:width\" content=\"1200\" \/>\n\t<meta property=\"og:image:height\" content=\"1200\" \/>\n\t<meta property=\"og:image:type\" content=\"image\/jpeg\" \/>\n<meta name=\"twitter:card\" content=\"summary_large_image\" \/>\n<script type=\"application\/ld+json\" class=\"yoast-schema-graph\">{\"@context\":\"https:\/\/schema.org\",\"@graph\":[{\"@type\":\"WebPage\",\"@id\":\"https:\/\/www.daisho.be\/de\/produit\/adidas-t-shirt-schwarz-mit-goldenem-logo\/\",\"url\":\"https:\/\/www.daisho.be\/de\/produit\/adidas-t-shirt-schwarz-mit-goldenem-logo\/\",\"name\":\"Adidas T-Shirt schwarz mit goldenem Logo &#8211; Daisho\",\"isPartOf\":{\"@id\":\"https:\/\/www.daisho.be\/de\/#website\"},\"primaryImageOfPage\":{\"@id\":\"https:\/\/www.daisho.be\/de\/produit\/adidas-t-shirt-schwarz-mit-goldenem-logo\/#primaryimage\"},\"image\":{\"@id\":\"https:\/\/www.daisho.be\/de\/produit\/adidas-t-shirt-schwarz-mit-goldenem-logo\/#primaryimage\"},\"thumbnailUrl\":\"https:\/\/www.daisho.be\/wp-content\/uploads\/2023\/05\/image-17.jpg\",\"datePublished\":\"2023-05-05T10:44:51+00:00\",\"dateModified\":\"2025-02-27T14:29:20+00:00\",\"description\":\"Das Adidas T-Shirt ist ideal f\u00fcr Ihr Training und Ihre Freizeitaktivit\u00e4ten. Kaufen Sie es auf www.daisho.be|Daisho\",\"breadcrumb\":{\"@id\":\"https:\/\/www.daisho.be\/de\/produit\/adidas-t-shirt-schwarz-mit-goldenem-logo\/#breadcrumb\"},\"inLanguage\":\"de\",\"potentialAction\":[{\"@type\":\"ReadAction\",\"target\":[\"https:\/\/www.daisho.be\/de\/produit\/adidas-t-shirt-schwarz-mit-goldenem-logo\/\"]}]},{\"@type\":\"ImageObject\",\"inLanguage\":\"de\",\"@id\":\"https:\/\/www.daisho.be\/de\/produit\/adidas-t-shirt-schwarz-mit-goldenem-logo\/#primaryimage\",\"url\":\"https:\/\/www.daisho.be\/wp-content\/uploads\/2023\/05\/image-17.jpg\",\"contentUrl\":\"https:\/\/www.daisho.be\/wp-content\/uploads\/2023\/05\/image-17.jpg\",\"width\":1200,\"height\":1200,\"caption\":\"Adidas T-Shirt schwarz mit Golddruck-1\"},{\"@type\":\"BreadcrumbList\",\"@id\":\"https:\/\/www.daisho.be\/de\/produit\/adidas-t-shirt-schwarz-mit-goldenem-logo\/#breadcrumb\",\"itemListElement\":[{\"@type\":\"ListItem\",\"position\":1,\"name\":\"Accueil\",\"item\":\"https:\/\/www.daisho.be\/de\/\"},{\"@type\":\"ListItem\",\"position\":2,\"name\":\"Produkte\",\"item\":\"https:\/\/www.daisho.be\/de\/produkte\/\"},{\"@type\":\"ListItem\",\"position\":3,\"name\":\"ADIDAS COMBAT SPORTS\",\"item\":\"https:\/\/www.daisho.be\/de\/categorie-produit\/adidas-combat-sports-de\/\"},{\"@type\":\"ListItem\",\"position\":4,\"name\":\"Kampfsport\",\"item\":\"https:\/\/www.daisho.be\/de\/categorie-produit\/adidas-combat-sports-de\/kampfsport\/\"},{\"@type\":\"ListItem\",\"position\":5,\"name\":\"Adidas Combat Sports Bekleidung\",\"item\":\"https:\/\/www.daisho.be\/de\/categorie-produit\/adidas-combat-sports-de\/kampfsport\/adidas-combat-sports-bekleidung\/\"},{\"@type\":\"ListItem\",\"position\":6,\"name\":\"Adidas T-Shirt schwarz mit goldenem Logo\"}]},{\"@type\":\"WebSite\",\"@id\":\"https:\/\/www.daisho.be\/de\/#website\",\"url\":\"https:\/\/www.daisho.be\/de\/\",\"name\":\"Daisho\",\"description\":\"Sp&eacute;cialiste de l'&eacute;quipement sportif d'arts martiaux\",\"publisher\":{\"@id\":\"https:\/\/www.daisho.be\/de\/#organization\"},\"potentialAction\":[{\"@type\":\"SearchAction\",\"target\":{\"@type\":\"EntryPoint\",\"urlTemplate\":\"https:\/\/www.daisho.be\/de\/?s={search_term_string}\"},\"query-input\":{\"@type\":\"PropertyValueSpecification\",\"valueRequired\":true,\"valueName\":\"search_term_string\"}}],\"inLanguage\":\"de\"},{\"@type\":\"Organization\",\"@id\":\"https:\/\/www.daisho.be\/de\/#organization\",\"name\":\"Daisho\",\"url\":\"https:\/\/www.daisho.be\/de\/\",\"logo\":{\"@type\":\"ImageObject\",\"inLanguage\":\"de\",\"@id\":\"https:\/\/www.daisho.be\/de\/#\/schema\/logo\/image\/\",\"url\":\"https:\/\/www.daisho.be\/wp-content\/uploads\/2019\/07\/color-nothing-horizontale4x-e1564486100247.png\",\"contentUrl\":\"https:\/\/www.daisho.be\/wp-content\/uploads\/2019\/07\/color-nothing-horizontale4x-e1564486100247.png\",\"width\":1547,\"height\":385,\"caption\":\"Daisho\"},\"image\":{\"@id\":\"https:\/\/www.daisho.be\/de\/#\/schema\/logo\/image\/\"}}]}<\/script>\n<!-- \/ Yoast SEO plugin. -->","yoast_head_json":{"title":"Adidas T-Shirt schwarz mit goldenem Logo &#8211; Daisho","description":"Das Adidas T-Shirt ist ideal f\u00fcr Ihr Training und Ihre Freizeitaktivit\u00e4ten. Kaufen Sie es auf www.daisho.be|Daisho","robots":{"index":"index","follow":"follow","max-snippet":"max-snippet:-1","max-image-preview":"max-image-preview:large","max-video-preview":"max-video-preview:-1"},"canonical":"https:\/\/www.daisho.be\/de\/produit\/adidas-t-shirt-schwarz-mit-goldenem-logo\/","og_locale":"de_DE","og_type":"article","og_title":"Adidas T-Shirt schwarz mit goldenem Logo &#8211; Daisho","og_description":"Das Adidas T-Shirt ist ideal f\u00fcr Ihr Training und Ihre Freizeitaktivit\u00e4ten. Kaufen Sie es auf www.daisho.be|Daisho","og_url":"https:\/\/www.daisho.be\/de\/produit\/adidas-t-shirt-schwarz-mit-goldenem-logo\/","og_site_name":"Daisho","article_modified_time":"2025-02-27T14:29:20+00:00","og_image":[{"width":1200,"height":1200,"url":"https:\/\/www.daisho.be\/wp-content\/uploads\/2023\/05\/image-17.jpg","type":"image\/jpeg"}],"twitter_card":"summary_large_image","schema":{"@context":"https:\/\/schema.org","@graph":[{"@type":"WebPage","@id":"https:\/\/www.daisho.be\/de\/produit\/adidas-t-shirt-schwarz-mit-goldenem-logo\/","url":"https:\/\/www.daisho.be\/de\/produit\/adidas-t-shirt-schwarz-mit-goldenem-logo\/","name":"Adidas T-Shirt schwarz mit goldenem Logo &#8211; Daisho","isPartOf":{"@id":"https:\/\/www.daisho.be\/de\/#website"},"primaryImageOfPage":{"@id":"https:\/\/www.daisho.be\/de\/produit\/adidas-t-shirt-schwarz-mit-goldenem-logo\/#primaryimage"},"image":{"@id":"https:\/\/www.daisho.be\/de\/produit\/adidas-t-shirt-schwarz-mit-goldenem-logo\/#primaryimage"},"thumbnailUrl":"https:\/\/www.daisho.be\/wp-content\/uploads\/2023\/05\/image-17.jpg","datePublished":"2023-05-05T10:44:51+00:00","dateModified":"2025-02-27T14:29:20+00:00","description":"Das Adidas T-Shirt ist ideal f\u00fcr Ihr Training und Ihre Freizeitaktivit\u00e4ten. Kaufen Sie es auf www.daisho.be|Daisho","breadcrumb":{"@id":"https:\/\/www.daisho.be\/de\/produit\/adidas-t-shirt-schwarz-mit-goldenem-logo\/#breadcrumb"},"inLanguage":"de","potentialAction":[{"@type":"ReadAction","target":["https:\/\/www.daisho.be\/de\/produit\/adidas-t-shirt-schwarz-mit-goldenem-logo\/"]}]},{"@type":"ImageObject","inLanguage":"de","@id":"https:\/\/www.daisho.be\/de\/produit\/adidas-t-shirt-schwarz-mit-goldenem-logo\/#primaryimage","url":"https:\/\/www.daisho.be\/wp-content\/uploads\/2023\/05\/image-17.jpg","contentUrl":"https:\/\/www.daisho.be\/wp-content\/uploads\/2023\/05\/image-17.jpg","width":1200,"height":1200,"caption":"Adidas T-Shirt schwarz mit Golddruck-1"},{"@type":"BreadcrumbList","@id":"https:\/\/www.daisho.be\/de\/produit\/adidas-t-shirt-schwarz-mit-goldenem-logo\/#breadcrumb","itemListElement":[{"@type":"ListItem","position":1,"name":"Accueil","item":"https:\/\/www.daisho.be\/de\/"},{"@type":"ListItem","position":2,"name":"Produkte","item":"https:\/\/www.daisho.be\/de\/produkte\/"},{"@type":"ListItem","position":3,"name":"ADIDAS COMBAT SPORTS","item":"https:\/\/www.daisho.be\/de\/categorie-produit\/adidas-combat-sports-de\/"},{"@type":"ListItem","position":4,"name":"Kampfsport","item":"https:\/\/www.daisho.be\/de\/categorie-produit\/adidas-combat-sports-de\/kampfsport\/"},{"@type":"ListItem","position":5,"name":"Adidas Combat Sports Bekleidung","item":"https:\/\/www.daisho.be\/de\/categorie-produit\/adidas-combat-sports-de\/kampfsport\/adidas-combat-sports-bekleidung\/"},{"@type":"ListItem","position":6,"name":"Adidas T-Shirt schwarz mit goldenem Logo"}]},{"@type":"WebSite","@id":"https:\/\/www.daisho.be\/de\/#website","url":"https:\/\/www.daisho.be\/de\/","name":"Daisho","description":"Sp&eacute;cialiste de l'&eacute;quipement sportif d'arts martiaux","publisher":{"@id":"https:\/\/www.daisho.be\/de\/#organization"},"potentialAction":[{"@type":"SearchAction","target":{"@type":"EntryPoint","urlTemplate":"https:\/\/www.daisho.be\/de\/?s={search_term_string}"},"query-input":{"@type":"PropertyValueSpecification","valueRequired":true,"valueName":"search_term_string"}}],"inLanguage":"de"},{"@type":"Organization","@id":"https:\/\/www.daisho.be\/de\/#organization","name":"Daisho","url":"https:\/\/www.daisho.be\/de\/","logo":{"@type":"ImageObject","inLanguage":"de","@id":"https:\/\/www.daisho.be\/de\/#\/schema\/logo\/image\/","url":"https:\/\/www.daisho.be\/wp-content\/uploads\/2019\/07\/color-nothing-horizontale4x-e1564486100247.png","contentUrl":"https:\/\/www.daisho.be\/wp-content\/uploads\/2019\/07\/color-nothing-horizontale4x-e1564486100247.png","width":1547,"height":385,"caption":"Daisho"},"image":{"@id":"https:\/\/www.daisho.be\/de\/#\/schema\/logo\/image\/"}}]}},"_links":{"self":[{"href":"https:\/\/www.daisho.be\/de\/wp-json\/wp\/v2\/product\/461868","targetHints":{"allow":["GET"]}}],"collection":[{"href":"https:\/\/www.daisho.be\/de\/wp-json\/wp\/v2\/product"}],"about":[{"href":"https:\/\/www.daisho.be\/de\/wp-json\/wp\/v2\/types\/product"}],"replies":[{"embeddable":true,"href":"https:\/\/www.daisho.be\/de\/wp-json\/wp\/v2\/comments?post=461868"}],"wp:featuredmedia":[{"embeddable":true,"href":"https:\/\/www.daisho.be\/de\/wp-json\/wp\/v2\/media\/461877"}],"wp:attachment":[{"href":"https:\/\/www.daisho.be\/de\/wp-json\/wp\/v2\/media?parent=461868"}],"wp:term":[{"taxonomy":"product_brand","embeddable":true,"href":"https:\/\/www.daisho.be\/de\/wp-json\/wp\/v2\/product_brand?post=461868"},{"taxonomy":"product_cat","embeddable":true,"href":"https:\/\/www.daisho.be\/de\/wp-json\/wp\/v2\/product_cat?post=461868"},{"taxonomy":"product_tag","embeddable":true,"href":"https:\/\/www.daisho.be\/de\/wp-json\/wp\/v2\/product_tag?post=461868"},{"taxonomy":"sport","embeddable":true,"href":"https:\/\/www.daisho.be\/de\/wp-json\/wp\/v2\/sport?post=461868"}],"curies":[{"name":"wp","href":"https:\/\/api.w.org\/{rel}","templated":true}]}}