{"id":461725,"date":"2023-09-23T14:36:49","date_gmt":"2023-09-23T12:36:49","guid":{"rendered":"https:\/\/www.daisho.be\/produit\/redman-instructor-outfit-xp\/"},"modified":"2026-03-30T09:49:01","modified_gmt":"2026-03-30T07:49:01","slug":"redman-instructor-outfit-xp","status":"publish","type":"product","link":"https:\/\/www.daisho.be\/de\/produit\/redman-instructor-outfit-xp\/","title":{"rendered":"REDMAN INSTRUCTOR OUTFIT XP"},"content":{"rendered":"<p>Der REDMAN XP Instruktor-Anzug bietet hervorragenden Schutz und Mobilit\u00e4t f\u00fcr das Training defensiver Taktiken, von der Kontrolle mit leeren H\u00e4nden bis hin zu Spraydosen und Schlagst\u00f6cken. Das eng anliegende Design mit minimalen Zwischenr\u00e4umen bietet eine gro\u00dfe Abdeckung, so dass Lehrer mehrere Sch\u00fcler den ganzen Tag \u00fcber mit intensiven und sich wiederholenden \u00dcbungen unterrichten k\u00f6nnen.<br \/>\nRedMan ist der einzige Anzug, der Schutz vor stumpfen Schl\u00e4gen und auch vor Blutpathogenen des Typs HIV\/Hepatitis bietet.<\/p>\n<p>AUSBILDUNGSANWENDUNGEN :<br \/>\n&#8211; Aerosol- und Stocktraining<br \/>\n&#8211; Ausweichtaktiken<br \/>\n&#8211; Waffen im Wasser<br \/>\n&#8211; Dynamische Eingabeformation<br \/>\n&#8211; Ausbildung in Geiselrettung<br \/>\n&#8211; Training der leeren Hand<br \/>\n&#8211; Zielerfassung, Neuausrichtung, Eingabe<br \/>\n&#8211; Aufbewahrung von Handfeuerwaffen<br \/>\n&#8211; Abr\u00fcstung von Waffen<\/p>\n<p>ZUSAMMENSETZUNG DER KLEIDUNG :<br \/>\n&#8211; XP Armschutz<br \/>\n&#8211; XP Brustpanzer<br \/>\n&#8211; XP Wadenschutz<br \/>\n&#8211; Transporttasche<br \/>\n&#8211; Helm, Gesichtsschutzk\u00e4fig<br \/>\n&#8211; XP Unterleibsschutz niedrig<br \/>\n&#8211; XP Schienbeinsch\u00fctzer<br \/>\n&#8211; XP Beckenschutz<br \/>\n&#8211; Reparatursatz<br \/>\n&#8211; XP Schulterschutz<br \/>\n&#8211; Unterst\u00fctzungsgeschirr<br \/>\n&#8211; XP Oberschenkelschutz<br \/>\n&#8211; Halsschutz  <\/p>\n<p>Schutzbrille nicht inbegriffen, separat erh\u00e4ltlich.<\/p>\n","protected":false},"excerpt":{"rendered":"<p>Der REDMAN XP Instruktor-Anzug bietet hervorragenden Schutz und Mobilit\u00e4t f\u00fcr das Training defensiver Taktiken, von der Kontrolle mit leeren H\u00e4nden bis hin zu Spraydosen und Schlagst\u00f6cken. Das eng anliegende Design mit minimalen Zwischenr\u00e4umen bietet eine gro\u00dfe Abdeckung, so dass Lehrer mehrere Sch\u00fcler den ganzen Tag \u00fcber mit intensiven und sich wiederholenden \u00dcbungen unterrichten k\u00f6nnen. RedMan [&hellip;]<\/p>\n","protected":false},"featured_media":461736,"comment_status":"closed","ping_status":"closed","template":"","meta":{"inline_featured_image":false},"product_brand":[],"product_cat":[2051],"product_tag":[2354],"sport":[],"class_list":{"0":"post-461725","1":"product","2":"type-product","3":"status-publish","4":"has-post-thumbnail","6":"product_cat-schutz","7":"product_tag-redman-de","8":"pa_size-l-xl","9":"pa_size-s-m","11":"first","12":"instock","13":"taxable","14":"shipping-taxable","15":"purchasable","16":"product-type-variable"},"yoast_head":"<!-- This site is optimized with the Yoast SEO plugin v27.2 - https:\/\/yoast.com\/product\/yoast-seo-wordpress\/ -->\n<title>REDMAN INSTRUCTOR OUTFIT XP &#8211; Daisho<\/title>\n<meta name=\"description\" content=\"REDMAN XP Vollschutz-Instruktoranzug f\u00fcr taktische Ausbildung. Komplette Ausr\u00fcstung mit Helm, Protektoren und Tragetasche.\" \/>\n<meta name=\"robots\" content=\"index, follow, max-snippet:-1, max-image-preview:large, max-video-preview:-1\" \/>\n<link rel=\"canonical\" href=\"https:\/\/www.daisho.be\/de\/produit\/redman-instructor-outfit-xp\/\" \/>\n<meta property=\"og:locale\" content=\"de_DE\" \/>\n<meta property=\"og:type\" content=\"article\" \/>\n<meta property=\"og:title\" content=\"REDMAN INSTRUCTOR OUTFIT XP &#8211; Daisho\" \/>\n<meta property=\"og:description\" content=\"REDMAN XP Vollschutz-Instruktoranzug f\u00fcr taktische Ausbildung. Komplette Ausr\u00fcstung mit Helm, Protektoren und Tragetasche.\" \/>\n<meta property=\"og:url\" content=\"https:\/\/www.daisho.be\/de\/produit\/redman-instructor-outfit-xp\/\" \/>\n<meta property=\"og:site_name\" content=\"Daisho\" \/>\n<meta property=\"article:modified_time\" content=\"2026-03-30T07:49:01+00:00\" \/>\n<meta property=\"og:image\" content=\"https:\/\/www.daisho.be\/wp-content\/uploads\/2023\/09\/image-30.jpg\" \/>\n\t<meta property=\"og:image:width\" content=\"1500\" \/>\n\t<meta property=\"og:image:height\" content=\"1500\" \/>\n\t<meta property=\"og:image:type\" content=\"image\/jpeg\" \/>\n<meta name=\"twitter:card\" content=\"summary_large_image\" \/>\n<meta name=\"twitter:label1\" content=\"Gesch\u00e4tzte Lesezeit\" \/>\n\t<meta name=\"twitter:data1\" content=\"1\u00a0Minute\" \/>\n<script type=\"application\/ld+json\" class=\"yoast-schema-graph\">{\"@context\":\"https:\/\/schema.org\",\"@graph\":[{\"@type\":\"WebPage\",\"@id\":\"https:\/\/www.daisho.be\/de\/produit\/redman-instructor-outfit-xp\/\",\"url\":\"https:\/\/www.daisho.be\/de\/produit\/redman-instructor-outfit-xp\/\",\"name\":\"REDMAN INSTRUCTOR OUTFIT XP &#8211; Daisho\",\"isPartOf\":{\"@id\":\"https:\/\/www.daisho.be\/de\/#website\"},\"primaryImageOfPage\":{\"@id\":\"https:\/\/www.daisho.be\/de\/produit\/redman-instructor-outfit-xp\/#primaryimage\"},\"image\":{\"@id\":\"https:\/\/www.daisho.be\/de\/produit\/redman-instructor-outfit-xp\/#primaryimage\"},\"thumbnailUrl\":\"https:\/\/www.daisho.be\/wp-content\/uploads\/2023\/09\/image-30.jpg\",\"datePublished\":\"2023-09-23T12:36:49+00:00\",\"dateModified\":\"2026-03-30T07:49:01+00:00\",\"description\":\"REDMAN XP Vollschutz-Instruktoranzug f\u00fcr taktische Ausbildung. Komplette Ausr\u00fcstung mit Helm, Protektoren und Tragetasche.\",\"breadcrumb\":{\"@id\":\"https:\/\/www.daisho.be\/de\/produit\/redman-instructor-outfit-xp\/#breadcrumb\"},\"inLanguage\":\"de\",\"potentialAction\":[{\"@type\":\"ReadAction\",\"target\":[\"https:\/\/www.daisho.be\/de\/produit\/redman-instructor-outfit-xp\/\"]}]},{\"@type\":\"ImageObject\",\"inLanguage\":\"de\",\"@id\":\"https:\/\/www.daisho.be\/de\/produit\/redman-instructor-outfit-xp\/#primaryimage\",\"url\":\"https:\/\/www.daisho.be\/wp-content\/uploads\/2023\/09\/image-30.jpg\",\"contentUrl\":\"https:\/\/www.daisho.be\/wp-content\/uploads\/2023\/09\/image-30.jpg\",\"width\":1500,\"height\":1500,\"caption\":\"REDMAN-AUSBILDERANZUG XP-1\"},{\"@type\":\"BreadcrumbList\",\"@id\":\"https:\/\/www.daisho.be\/de\/produit\/redman-instructor-outfit-xp\/#breadcrumb\",\"itemListElement\":[{\"@type\":\"ListItem\",\"position\":1,\"name\":\"Accueil\",\"item\":\"https:\/\/www.daisho.be\/de\/\"},{\"@type\":\"ListItem\",\"position\":2,\"name\":\"Produkte\",\"item\":\"https:\/\/www.daisho.be\/de\/produkte\/\"},{\"@type\":\"ListItem\",\"position\":3,\"name\":\"Kampfsportarten\",\"item\":\"https:\/\/www.daisho.be\/de\/categorie-produit\/kampfsportarten\/\"},{\"@type\":\"ListItem\",\"position\":4,\"name\":\"Schutz\",\"item\":\"https:\/\/www.daisho.be\/de\/categorie-produit\/kampfsportarten\/schutz\/\"},{\"@type\":\"ListItem\",\"position\":5,\"name\":\"REDMAN INSTRUCTOR OUTFIT XP\"}]},{\"@type\":\"WebSite\",\"@id\":\"https:\/\/www.daisho.be\/de\/#website\",\"url\":\"https:\/\/www.daisho.be\/de\/\",\"name\":\"Daisho\",\"description\":\"Sp&eacute;cialiste de l'&eacute;quipement sportif d'arts martiaux\",\"publisher\":{\"@id\":\"https:\/\/www.daisho.be\/de\/#organization\"},\"potentialAction\":[{\"@type\":\"SearchAction\",\"target\":{\"@type\":\"EntryPoint\",\"urlTemplate\":\"https:\/\/www.daisho.be\/de\/?s={search_term_string}\"},\"query-input\":{\"@type\":\"PropertyValueSpecification\",\"valueRequired\":true,\"valueName\":\"search_term_string\"}}],\"inLanguage\":\"de\"},{\"@type\":\"Organization\",\"@id\":\"https:\/\/www.daisho.be\/de\/#organization\",\"name\":\"Daisho\",\"url\":\"https:\/\/www.daisho.be\/de\/\",\"logo\":{\"@type\":\"ImageObject\",\"inLanguage\":\"de\",\"@id\":\"https:\/\/www.daisho.be\/de\/#\/schema\/logo\/image\/\",\"url\":\"https:\/\/www.daisho.be\/wp-content\/uploads\/2019\/07\/color-nothing-horizontale4x-e1564486100247.png\",\"contentUrl\":\"https:\/\/www.daisho.be\/wp-content\/uploads\/2019\/07\/color-nothing-horizontale4x-e1564486100247.png\",\"width\":1547,\"height\":385,\"caption\":\"Daisho\"},\"image\":{\"@id\":\"https:\/\/www.daisho.be\/de\/#\/schema\/logo\/image\/\"}}]}<\/script>\n<!-- \/ Yoast SEO plugin. -->","yoast_head_json":{"title":"REDMAN INSTRUCTOR OUTFIT XP &#8211; Daisho","description":"REDMAN XP Vollschutz-Instruktoranzug f\u00fcr taktische Ausbildung. Komplette Ausr\u00fcstung mit Helm, Protektoren und Tragetasche.","robots":{"index":"index","follow":"follow","max-snippet":"max-snippet:-1","max-image-preview":"max-image-preview:large","max-video-preview":"max-video-preview:-1"},"canonical":"https:\/\/www.daisho.be\/de\/produit\/redman-instructor-outfit-xp\/","og_locale":"de_DE","og_type":"article","og_title":"REDMAN INSTRUCTOR OUTFIT XP &#8211; Daisho","og_description":"REDMAN XP Vollschutz-Instruktoranzug f\u00fcr taktische Ausbildung. Komplette Ausr\u00fcstung mit Helm, Protektoren und Tragetasche.","og_url":"https:\/\/www.daisho.be\/de\/produit\/redman-instructor-outfit-xp\/","og_site_name":"Daisho","article_modified_time":"2026-03-30T07:49:01+00:00","og_image":[{"width":1500,"height":1500,"url":"https:\/\/www.daisho.be\/wp-content\/uploads\/2023\/09\/image-30.jpg","type":"image\/jpeg"}],"twitter_card":"summary_large_image","twitter_misc":{"Gesch\u00e4tzte Lesezeit":"1\u00a0Minute"},"schema":{"@context":"https:\/\/schema.org","@graph":[{"@type":"WebPage","@id":"https:\/\/www.daisho.be\/de\/produit\/redman-instructor-outfit-xp\/","url":"https:\/\/www.daisho.be\/de\/produit\/redman-instructor-outfit-xp\/","name":"REDMAN INSTRUCTOR OUTFIT XP &#8211; Daisho","isPartOf":{"@id":"https:\/\/www.daisho.be\/de\/#website"},"primaryImageOfPage":{"@id":"https:\/\/www.daisho.be\/de\/produit\/redman-instructor-outfit-xp\/#primaryimage"},"image":{"@id":"https:\/\/www.daisho.be\/de\/produit\/redman-instructor-outfit-xp\/#primaryimage"},"thumbnailUrl":"https:\/\/www.daisho.be\/wp-content\/uploads\/2023\/09\/image-30.jpg","datePublished":"2023-09-23T12:36:49+00:00","dateModified":"2026-03-30T07:49:01+00:00","description":"REDMAN XP Vollschutz-Instruktoranzug f\u00fcr taktische Ausbildung. Komplette Ausr\u00fcstung mit Helm, Protektoren und Tragetasche.","breadcrumb":{"@id":"https:\/\/www.daisho.be\/de\/produit\/redman-instructor-outfit-xp\/#breadcrumb"},"inLanguage":"de","potentialAction":[{"@type":"ReadAction","target":["https:\/\/www.daisho.be\/de\/produit\/redman-instructor-outfit-xp\/"]}]},{"@type":"ImageObject","inLanguage":"de","@id":"https:\/\/www.daisho.be\/de\/produit\/redman-instructor-outfit-xp\/#primaryimage","url":"https:\/\/www.daisho.be\/wp-content\/uploads\/2023\/09\/image-30.jpg","contentUrl":"https:\/\/www.daisho.be\/wp-content\/uploads\/2023\/09\/image-30.jpg","width":1500,"height":1500,"caption":"REDMAN-AUSBILDERANZUG XP-1"},{"@type":"BreadcrumbList","@id":"https:\/\/www.daisho.be\/de\/produit\/redman-instructor-outfit-xp\/#breadcrumb","itemListElement":[{"@type":"ListItem","position":1,"name":"Accueil","item":"https:\/\/www.daisho.be\/de\/"},{"@type":"ListItem","position":2,"name":"Produkte","item":"https:\/\/www.daisho.be\/de\/produkte\/"},{"@type":"ListItem","position":3,"name":"Kampfsportarten","item":"https:\/\/www.daisho.be\/de\/categorie-produit\/kampfsportarten\/"},{"@type":"ListItem","position":4,"name":"Schutz","item":"https:\/\/www.daisho.be\/de\/categorie-produit\/kampfsportarten\/schutz\/"},{"@type":"ListItem","position":5,"name":"REDMAN INSTRUCTOR OUTFIT XP"}]},{"@type":"WebSite","@id":"https:\/\/www.daisho.be\/de\/#website","url":"https:\/\/www.daisho.be\/de\/","name":"Daisho","description":"Sp&eacute;cialiste de l'&eacute;quipement sportif d'arts martiaux","publisher":{"@id":"https:\/\/www.daisho.be\/de\/#organization"},"potentialAction":[{"@type":"SearchAction","target":{"@type":"EntryPoint","urlTemplate":"https:\/\/www.daisho.be\/de\/?s={search_term_string}"},"query-input":{"@type":"PropertyValueSpecification","valueRequired":true,"valueName":"search_term_string"}}],"inLanguage":"de"},{"@type":"Organization","@id":"https:\/\/www.daisho.be\/de\/#organization","name":"Daisho","url":"https:\/\/www.daisho.be\/de\/","logo":{"@type":"ImageObject","inLanguage":"de","@id":"https:\/\/www.daisho.be\/de\/#\/schema\/logo\/image\/","url":"https:\/\/www.daisho.be\/wp-content\/uploads\/2019\/07\/color-nothing-horizontale4x-e1564486100247.png","contentUrl":"https:\/\/www.daisho.be\/wp-content\/uploads\/2019\/07\/color-nothing-horizontale4x-e1564486100247.png","width":1547,"height":385,"caption":"Daisho"},"image":{"@id":"https:\/\/www.daisho.be\/de\/#\/schema\/logo\/image\/"}}]}},"_links":{"self":[{"href":"https:\/\/www.daisho.be\/de\/wp-json\/wp\/v2\/product\/461725","targetHints":{"allow":["GET"]}}],"collection":[{"href":"https:\/\/www.daisho.be\/de\/wp-json\/wp\/v2\/product"}],"about":[{"href":"https:\/\/www.daisho.be\/de\/wp-json\/wp\/v2\/types\/product"}],"replies":[{"embeddable":true,"href":"https:\/\/www.daisho.be\/de\/wp-json\/wp\/v2\/comments?post=461725"}],"wp:featuredmedia":[{"embeddable":true,"href":"https:\/\/www.daisho.be\/de\/wp-json\/wp\/v2\/media\/461736"}],"wp:attachment":[{"href":"https:\/\/www.daisho.be\/de\/wp-json\/wp\/v2\/media?parent=461725"}],"wp:term":[{"taxonomy":"product_brand","embeddable":true,"href":"https:\/\/www.daisho.be\/de\/wp-json\/wp\/v2\/product_brand?post=461725"},{"taxonomy":"product_cat","embeddable":true,"href":"https:\/\/www.daisho.be\/de\/wp-json\/wp\/v2\/product_cat?post=461725"},{"taxonomy":"product_tag","embeddable":true,"href":"https:\/\/www.daisho.be\/de\/wp-json\/wp\/v2\/product_tag?post=461725"},{"taxonomy":"sport","embeddable":true,"href":"https:\/\/www.daisho.be\/de\/wp-json\/wp\/v2\/sport?post=461725"}],"curies":[{"name":"wp","href":"https:\/\/api.w.org\/{rel}","templated":true}]}}