{"id":461700,"date":"2023-09-25T09:54:27","date_gmt":"2023-09-25T07:54:27","guid":{"rendered":"https:\/\/www.daisho.be\/produit\/redman-student-xp-outfit\/"},"modified":"2026-03-24T23:00:02","modified_gmt":"2026-03-24T22:00:02","slug":"redman-student-xp-outfit","status":"publish","type":"product","link":"https:\/\/www.daisho.be\/de\/produit\/redman-student-xp-outfit\/","title":{"rendered":"REDMAN STUDENT XP-OUTFIT"},"content":{"rendered":"<p>Die Passform und der Komfort des RedMan XP Student-Anzugs erm\u00f6glichen es den Studenten, das Beste aus ihrer Trainingserfahrung zu machen.<br \/>\nSch\u00fctzt die vitalen Bereiche des Kopfes und der Brust. Die Ellenbogen und Knie sind flexibel, um die Bewegungen zu erleichtern. Die Ausr\u00fcstung kann auch von Sch\u00fclern geteilt werden, da sie leicht an- und auszuziehen ist.<br \/>\nSie kann in wenigen Minuten gereinigt, spr\u00fchdesinfiziert und f\u00fcr die n\u00e4chste Person getrocknet werden.<br \/>\nDer geschlossenzellige Polyethylenschaum mit hoher Dichte schafft eine Barriere, die vor stumpfen Verletzungen und blut\u00fcbertragenen Krankheitserregern (HIV\/AIDS, Hepatitis) und anderen Krankheitserregern sch\u00fctzt.<br \/>\nZUSAMMENSETZUNG DER KLEIDUNG :<\/p>\n<p>&#8211; Helm Redman,  <\/p>\n<p>&#8211; Gesichtsschutzhelm\/-k\u00e4fig,<\/p>\n<p>&#8211; XP Plastron Student,<\/p>\n<p>&#8211; XP Unterarm- und Ellbogenschutz,<\/p>\n<p>&#8211; XP Knie- und Schienbeinschutz,  <\/p>\n<p>&#8211; Redman Produktf\u00fchrer,<\/p>\n<p>&#8211; Interaktive CD Redman.<\/p>\n<p>RedMan ist der einzige Anzug, der Schutz vor stumpfen Schl\u00e4gen und auch vor Blutpathogenen des Typs HIV\/Hepatitis bietet.<\/p>\n<p>SCHULUNGSANWENDUNGEN:<br \/>\n&#8211; Aerosol- und Schlagstocktraining,<br \/>\n&#8211; Fluchttaktiken,<br \/>\n&#8211; Waffen im Wasser,<br \/>\n&#8211; Dynamisches Eingangstraining,<br \/>\n&#8211; Geiselrettungstraining,<br \/>\n&#8211; Training mit der leeren Hand,<br \/>\n&#8211; Zielerfassung, Neuausrichtung, Beschlagnahme,<br \/>\n&#8211; Aufbewahrung von Handfeuerwaffen,<br \/>\n&#8211; Waffenentsch\u00e4rfung.<\/p>\n","protected":false},"excerpt":{"rendered":"<p>Die Passform und der Komfort des RedMan XP Student-Anzugs erm\u00f6glichen es den Studenten, das Beste aus ihrer Trainingserfahrung zu machen. Sch\u00fctzt die vitalen Bereiche des Kopfes und der Brust. Die Ellenbogen und Knie sind flexibel, um die Bewegungen zu erleichtern. Die Ausr\u00fcstung kann auch von Sch\u00fclern geteilt werden, da sie leicht an- und auszuziehen ist. [&hellip;]<\/p>\n","protected":false},"featured_media":461706,"comment_status":"open","ping_status":"closed","template":"","meta":{"inline_featured_image":false},"product_brand":[],"product_cat":[2051],"product_tag":[2354],"sport":[],"class_list":{"0":"post-461700","1":"product","2":"type-product","3":"status-publish","4":"has-post-thumbnail","6":"product_cat-schutz","7":"product_tag-redman-de","8":"pa_size-l-xl","9":"pa_size-s-m","11":"first","12":"instock","13":"taxable","14":"shipping-taxable","15":"purchasable","16":"product-type-variable"},"yoast_head":"<!-- This site is optimized with the Yoast SEO plugin v27.2 - https:\/\/yoast.com\/product\/yoast-seo-wordpress\/ -->\n<title>REDMAN STUDENT XP-OUTFIT &#8211; Daisho<\/title>\n<meta name=\"description\" content=\"REDMAN XP Vollschutz-Studentenanzug f\u00fcr taktisches Training. Komplette Ausr\u00fcstung mit Helm, Protektoren und Transporttasche.\" \/>\n<meta name=\"robots\" content=\"index, follow, max-snippet:-1, max-image-preview:large, max-video-preview:-1\" \/>\n<link rel=\"canonical\" href=\"https:\/\/www.daisho.be\/de\/produit\/redman-student-xp-outfit\/\" \/>\n<meta property=\"og:locale\" content=\"de_DE\" \/>\n<meta property=\"og:type\" content=\"article\" \/>\n<meta property=\"og:title\" content=\"REDMAN STUDENT XP-OUTFIT &#8211; Daisho\" \/>\n<meta property=\"og:description\" content=\"REDMAN XP Vollschutz-Studentenanzug f\u00fcr taktisches Training. Komplette Ausr\u00fcstung mit Helm, Protektoren und Transporttasche.\" \/>\n<meta property=\"og:url\" content=\"https:\/\/www.daisho.be\/de\/produit\/redman-student-xp-outfit\/\" \/>\n<meta property=\"og:site_name\" content=\"Daisho\" \/>\n<meta property=\"article:modified_time\" content=\"2026-03-24T22:00:02+00:00\" \/>\n<meta property=\"og:image\" content=\"https:\/\/www.daisho.be\/wp-content\/uploads\/2023\/09\/image-37.jpg\" \/>\n\t<meta property=\"og:image:width\" content=\"1500\" \/>\n\t<meta property=\"og:image:height\" content=\"1500\" \/>\n\t<meta property=\"og:image:type\" content=\"image\/jpeg\" \/>\n<meta name=\"twitter:card\" content=\"summary_large_image\" \/>\n<meta name=\"twitter:label1\" content=\"Gesch\u00e4tzte Lesezeit\" \/>\n\t<meta name=\"twitter:data1\" content=\"1\u00a0Minute\" \/>\n<script type=\"application\/ld+json\" class=\"yoast-schema-graph\">{\"@context\":\"https:\/\/schema.org\",\"@graph\":[{\"@type\":\"WebPage\",\"@id\":\"https:\/\/www.daisho.be\/de\/produit\/redman-student-xp-outfit\/\",\"url\":\"https:\/\/www.daisho.be\/de\/produit\/redman-student-xp-outfit\/\",\"name\":\"REDMAN STUDENT XP-OUTFIT &#8211; Daisho\",\"isPartOf\":{\"@id\":\"https:\/\/www.daisho.be\/de\/#website\"},\"primaryImageOfPage\":{\"@id\":\"https:\/\/www.daisho.be\/de\/produit\/redman-student-xp-outfit\/#primaryimage\"},\"image\":{\"@id\":\"https:\/\/www.daisho.be\/de\/produit\/redman-student-xp-outfit\/#primaryimage\"},\"thumbnailUrl\":\"https:\/\/www.daisho.be\/wp-content\/uploads\/2023\/09\/image-37.jpg\",\"datePublished\":\"2023-09-25T07:54:27+00:00\",\"dateModified\":\"2026-03-24T22:00:02+00:00\",\"description\":\"REDMAN XP Vollschutz-Studentenanzug f\u00fcr taktisches Training. Komplette Ausr\u00fcstung mit Helm, Protektoren und Transporttasche.\",\"breadcrumb\":{\"@id\":\"https:\/\/www.daisho.be\/de\/produit\/redman-student-xp-outfit\/#breadcrumb\"},\"inLanguage\":\"de\",\"potentialAction\":[{\"@type\":\"ReadAction\",\"target\":[\"https:\/\/www.daisho.be\/de\/produit\/redman-student-xp-outfit\/\"]}]},{\"@type\":\"ImageObject\",\"inLanguage\":\"de\",\"@id\":\"https:\/\/www.daisho.be\/de\/produit\/redman-student-xp-outfit\/#primaryimage\",\"url\":\"https:\/\/www.daisho.be\/wp-content\/uploads\/2023\/09\/image-37.jpg\",\"contentUrl\":\"https:\/\/www.daisho.be\/wp-content\/uploads\/2023\/09\/image-37.jpg\",\"width\":1500,\"height\":1500,\"caption\":\"REDMAN STUDENT OUTFIT XP-1\"},{\"@type\":\"BreadcrumbList\",\"@id\":\"https:\/\/www.daisho.be\/de\/produit\/redman-student-xp-outfit\/#breadcrumb\",\"itemListElement\":[{\"@type\":\"ListItem\",\"position\":1,\"name\":\"Accueil\",\"item\":\"https:\/\/www.daisho.be\/de\/\"},{\"@type\":\"ListItem\",\"position\":2,\"name\":\"Produkte\",\"item\":\"https:\/\/www.daisho.be\/de\/produkte\/\"},{\"@type\":\"ListItem\",\"position\":3,\"name\":\"Kampfsportarten\",\"item\":\"https:\/\/www.daisho.be\/de\/categorie-produit\/kampfsportarten\/\"},{\"@type\":\"ListItem\",\"position\":4,\"name\":\"Schutz\",\"item\":\"https:\/\/www.daisho.be\/de\/categorie-produit\/kampfsportarten\/schutz\/\"},{\"@type\":\"ListItem\",\"position\":5,\"name\":\"REDMAN STUDENT XP-OUTFIT\"}]},{\"@type\":\"WebSite\",\"@id\":\"https:\/\/www.daisho.be\/de\/#website\",\"url\":\"https:\/\/www.daisho.be\/de\/\",\"name\":\"Daisho\",\"description\":\"Sp&eacute;cialiste de l'&eacute;quipement sportif d'arts martiaux\",\"publisher\":{\"@id\":\"https:\/\/www.daisho.be\/de\/#organization\"},\"potentialAction\":[{\"@type\":\"SearchAction\",\"target\":{\"@type\":\"EntryPoint\",\"urlTemplate\":\"https:\/\/www.daisho.be\/de\/?s={search_term_string}\"},\"query-input\":{\"@type\":\"PropertyValueSpecification\",\"valueRequired\":true,\"valueName\":\"search_term_string\"}}],\"inLanguage\":\"de\"},{\"@type\":\"Organization\",\"@id\":\"https:\/\/www.daisho.be\/de\/#organization\",\"name\":\"Daisho\",\"url\":\"https:\/\/www.daisho.be\/de\/\",\"logo\":{\"@type\":\"ImageObject\",\"inLanguage\":\"de\",\"@id\":\"https:\/\/www.daisho.be\/de\/#\/schema\/logo\/image\/\",\"url\":\"https:\/\/www.daisho.be\/wp-content\/uploads\/2019\/07\/color-nothing-horizontale4x-e1564486100247.png\",\"contentUrl\":\"https:\/\/www.daisho.be\/wp-content\/uploads\/2019\/07\/color-nothing-horizontale4x-e1564486100247.png\",\"width\":1547,\"height\":385,\"caption\":\"Daisho\"},\"image\":{\"@id\":\"https:\/\/www.daisho.be\/de\/#\/schema\/logo\/image\/\"}}]}<\/script>\n<!-- \/ Yoast SEO plugin. -->","yoast_head_json":{"title":"REDMAN STUDENT XP-OUTFIT &#8211; Daisho","description":"REDMAN XP Vollschutz-Studentenanzug f\u00fcr taktisches Training. Komplette Ausr\u00fcstung mit Helm, Protektoren und Transporttasche.","robots":{"index":"index","follow":"follow","max-snippet":"max-snippet:-1","max-image-preview":"max-image-preview:large","max-video-preview":"max-video-preview:-1"},"canonical":"https:\/\/www.daisho.be\/de\/produit\/redman-student-xp-outfit\/","og_locale":"de_DE","og_type":"article","og_title":"REDMAN STUDENT XP-OUTFIT &#8211; Daisho","og_description":"REDMAN XP Vollschutz-Studentenanzug f\u00fcr taktisches Training. Komplette Ausr\u00fcstung mit Helm, Protektoren und Transporttasche.","og_url":"https:\/\/www.daisho.be\/de\/produit\/redman-student-xp-outfit\/","og_site_name":"Daisho","article_modified_time":"2026-03-24T22:00:02+00:00","og_image":[{"width":1500,"height":1500,"url":"https:\/\/www.daisho.be\/wp-content\/uploads\/2023\/09\/image-37.jpg","type":"image\/jpeg"}],"twitter_card":"summary_large_image","twitter_misc":{"Gesch\u00e4tzte Lesezeit":"1\u00a0Minute"},"schema":{"@context":"https:\/\/schema.org","@graph":[{"@type":"WebPage","@id":"https:\/\/www.daisho.be\/de\/produit\/redman-student-xp-outfit\/","url":"https:\/\/www.daisho.be\/de\/produit\/redman-student-xp-outfit\/","name":"REDMAN STUDENT XP-OUTFIT &#8211; Daisho","isPartOf":{"@id":"https:\/\/www.daisho.be\/de\/#website"},"primaryImageOfPage":{"@id":"https:\/\/www.daisho.be\/de\/produit\/redman-student-xp-outfit\/#primaryimage"},"image":{"@id":"https:\/\/www.daisho.be\/de\/produit\/redman-student-xp-outfit\/#primaryimage"},"thumbnailUrl":"https:\/\/www.daisho.be\/wp-content\/uploads\/2023\/09\/image-37.jpg","datePublished":"2023-09-25T07:54:27+00:00","dateModified":"2026-03-24T22:00:02+00:00","description":"REDMAN XP Vollschutz-Studentenanzug f\u00fcr taktisches Training. Komplette Ausr\u00fcstung mit Helm, Protektoren und Transporttasche.","breadcrumb":{"@id":"https:\/\/www.daisho.be\/de\/produit\/redman-student-xp-outfit\/#breadcrumb"},"inLanguage":"de","potentialAction":[{"@type":"ReadAction","target":["https:\/\/www.daisho.be\/de\/produit\/redman-student-xp-outfit\/"]}]},{"@type":"ImageObject","inLanguage":"de","@id":"https:\/\/www.daisho.be\/de\/produit\/redman-student-xp-outfit\/#primaryimage","url":"https:\/\/www.daisho.be\/wp-content\/uploads\/2023\/09\/image-37.jpg","contentUrl":"https:\/\/www.daisho.be\/wp-content\/uploads\/2023\/09\/image-37.jpg","width":1500,"height":1500,"caption":"REDMAN STUDENT OUTFIT XP-1"},{"@type":"BreadcrumbList","@id":"https:\/\/www.daisho.be\/de\/produit\/redman-student-xp-outfit\/#breadcrumb","itemListElement":[{"@type":"ListItem","position":1,"name":"Accueil","item":"https:\/\/www.daisho.be\/de\/"},{"@type":"ListItem","position":2,"name":"Produkte","item":"https:\/\/www.daisho.be\/de\/produkte\/"},{"@type":"ListItem","position":3,"name":"Kampfsportarten","item":"https:\/\/www.daisho.be\/de\/categorie-produit\/kampfsportarten\/"},{"@type":"ListItem","position":4,"name":"Schutz","item":"https:\/\/www.daisho.be\/de\/categorie-produit\/kampfsportarten\/schutz\/"},{"@type":"ListItem","position":5,"name":"REDMAN STUDENT XP-OUTFIT"}]},{"@type":"WebSite","@id":"https:\/\/www.daisho.be\/de\/#website","url":"https:\/\/www.daisho.be\/de\/","name":"Daisho","description":"Sp&eacute;cialiste de l'&eacute;quipement sportif d'arts martiaux","publisher":{"@id":"https:\/\/www.daisho.be\/de\/#organization"},"potentialAction":[{"@type":"SearchAction","target":{"@type":"EntryPoint","urlTemplate":"https:\/\/www.daisho.be\/de\/?s={search_term_string}"},"query-input":{"@type":"PropertyValueSpecification","valueRequired":true,"valueName":"search_term_string"}}],"inLanguage":"de"},{"@type":"Organization","@id":"https:\/\/www.daisho.be\/de\/#organization","name":"Daisho","url":"https:\/\/www.daisho.be\/de\/","logo":{"@type":"ImageObject","inLanguage":"de","@id":"https:\/\/www.daisho.be\/de\/#\/schema\/logo\/image\/","url":"https:\/\/www.daisho.be\/wp-content\/uploads\/2019\/07\/color-nothing-horizontale4x-e1564486100247.png","contentUrl":"https:\/\/www.daisho.be\/wp-content\/uploads\/2019\/07\/color-nothing-horizontale4x-e1564486100247.png","width":1547,"height":385,"caption":"Daisho"},"image":{"@id":"https:\/\/www.daisho.be\/de\/#\/schema\/logo\/image\/"}}]}},"_links":{"self":[{"href":"https:\/\/www.daisho.be\/de\/wp-json\/wp\/v2\/product\/461700","targetHints":{"allow":["GET"]}}],"collection":[{"href":"https:\/\/www.daisho.be\/de\/wp-json\/wp\/v2\/product"}],"about":[{"href":"https:\/\/www.daisho.be\/de\/wp-json\/wp\/v2\/types\/product"}],"replies":[{"embeddable":true,"href":"https:\/\/www.daisho.be\/de\/wp-json\/wp\/v2\/comments?post=461700"}],"wp:featuredmedia":[{"embeddable":true,"href":"https:\/\/www.daisho.be\/de\/wp-json\/wp\/v2\/media\/461706"}],"wp:attachment":[{"href":"https:\/\/www.daisho.be\/de\/wp-json\/wp\/v2\/media?parent=461700"}],"wp:term":[{"taxonomy":"product_brand","embeddable":true,"href":"https:\/\/www.daisho.be\/de\/wp-json\/wp\/v2\/product_brand?post=461700"},{"taxonomy":"product_cat","embeddable":true,"href":"https:\/\/www.daisho.be\/de\/wp-json\/wp\/v2\/product_cat?post=461700"},{"taxonomy":"product_tag","embeddable":true,"href":"https:\/\/www.daisho.be\/de\/wp-json\/wp\/v2\/product_tag?post=461700"},{"taxonomy":"sport","embeddable":true,"href":"https:\/\/www.daisho.be\/de\/wp-json\/wp\/v2\/sport?post=461700"}],"curies":[{"name":"wp","href":"https:\/\/api.w.org\/{rel}","templated":true}]}}