{"id":461693,"date":"2023-10-17T19:57:48","date_gmt":"2023-10-17T17:57:48","guid":{"rendered":"https:\/\/www.daisho.be\/produit\/tatami-i-tis-training-1-x-1-m\/"},"modified":"2026-03-31T14:52:26","modified_gmt":"2026-03-31T12:52:26","slug":"tatami-i-tis-training-1-x-1-m","status":"publish","type":"product","link":"https:\/\/www.daisho.be\/de\/produit\/tatami-i-tis-training-1-x-1-m\/","title":{"rendered":"Tatami I-TIS TRAINING 1 x 1 m"},"content":{"rendered":"<p>Die neue I-TIS Judomatte von ProGame Tatami by Trocellen ist ein neuartiges Produkt, das aus der Weiterentwicklung des vorherigen TIS-Konzepts entstanden ist. Die I-TIS Judo-Matte ist in jeder Hinsicht innovativ und revolution\u00e4r.<br \/>\nDie I-TIS Judo-Matte wurde von der Internationalen Judo-F\u00f6deration zugelassen und ist ein Produkt, das f\u00fcr alle Arten von Wettk\u00e4mpfen geeignet ist: von regionalen Turnieren bis hin zu olympischen Turnieren. Hier finden Sie sie in ihrer Trainingsversion.<br \/>\nIhr patentiertes unsichtbares Aufh\u00e4ngesystem h\u00e4lt die Matten w\u00e4hrend des Kampfes zusammen: Die I-TIS Training Matte ist die ideale Tatami f\u00fcr das Training aller Arten von Aktivit\u00e4ten.<br \/>\nDer installierte Bereich ben\u00f6tigt keine zus\u00e4tzlichen Rahmen. Dank ihres geringen Gewichts ist sie leicht zu verlegen, l\u00e4sst keine L\u00fccken zwischen den Matten und bleibt im Gegensatz zu anderen herk\u00f6mmlichen Matten in Bewegung. Die Sicherheit, die diese Matte garantiert, und das innovative unsichtbare Aufh\u00e4ngesystem machen sie zur sichersten und stabilsten Tatami auf dem Markt, die sich f\u00fcr jede Art von Veranstaltung eignet.<br \/>\nMaterial: Vernetzter expandierter Polyethylenschaum in Verbindung mit hochfestem, gepr\u00e4gtem PVC.<br \/>\nAbmessungen: 1000 x 1000 x 40 mm und 1000 x 1000 x 50 mm<br \/>\nGewicht: 3,4 kg bei 50 mm<br \/>\nFarben: Gelb \/ Rot \/ Marineblau \/ Olivgr\u00fcn \/ Schwarz<br \/>\nSicherheit: Norm NF EN 12503.3. Getestet gem\u00e4\u00df der europ\u00e4ischen Norm EN 12503.3 nach dem IJF Label.<br \/>\nZubeh\u00f6r: Die Tatamis werden mit einem Verbindungsset geliefert, um die Matten zu verlegen und einen kompletten Bereich zu schaffen.     <\/p>\n","protected":false},"excerpt":{"rendered":"<p>Die neue I-TIS Judomatte von ProGame Tatami by Trocellen ist ein neuartiges Produkt, das aus der Weiterentwicklung des vorherigen TIS-Konzepts entstanden ist. Die I-TIS Judo-Matte ist in jeder Hinsicht innovativ und revolution\u00e4r. Die I-TIS Judo-Matte wurde von der Internationalen Judo-F\u00f6deration zugelassen und ist ein Produkt, das f\u00fcr alle Arten von Wettk\u00e4mpfen geeignet ist: von regionalen [&hellip;]<\/p>\n","protected":false},"featured_media":461697,"comment_status":"open","ping_status":"closed","template":"","meta":{"inline_featured_image":false},"product_brand":[],"product_cat":[2100,2016,2099,2101],"product_tag":[2554,2030],"sport":[],"class_list":{"0":"post-461693","1":"product","2":"type-product","3":"status-publish","4":"has-post-thumbnail","6":"product_cat-mma-trainingsmaterial","7":"product_cat-tatamis-fur-judo-karate-und-taekwondo-kampfkunste","8":"product_cat-trainingsmaterial-de","9":"product_cat-trainingsmaterial-fur-jiu-jitsu","10":"product_tag-kostenvoranschlag","11":"product_tag-progame-tatamis-de","12":"product_shipping_class-grose-produkte","13":"pa_size-4-cm","14":"pa_size-5-cm","16":"first","17":"instock","18":"taxable","19":"shipping-taxable","20":"purchasable","21":"product-type-variable"},"yoast_head":"<!-- This site is optimized with the Yoast SEO plugin v27.2 - https:\/\/yoast.com\/product\/yoast-seo-wordpress\/ -->\n<title>Tatami I-TIS TRAINING 1 x 1 m &#8211; Daisho<\/title>\n<meta name=\"description\" content=\"Judo Tatami I-TIS Training IJF, unsichtbare Aufh\u00e4ngung, stabil, leicht und sicher f\u00fcr intensives Training. Finden Sie es auf www.daisho.be|Daisho\" \/>\n<meta name=\"robots\" content=\"index, follow, max-snippet:-1, max-image-preview:large, max-video-preview:-1\" \/>\n<link rel=\"canonical\" href=\"https:\/\/www.daisho.be\/de\/produit\/tatami-i-tis-training-1-x-1-m\/\" \/>\n<meta property=\"og:locale\" content=\"de_DE\" \/>\n<meta property=\"og:type\" content=\"article\" \/>\n<meta property=\"og:title\" content=\"Tatami I-TIS TRAINING 1 x 1 m &#8211; Daisho\" \/>\n<meta property=\"og:description\" content=\"Judo Tatami I-TIS Training IJF, unsichtbare Aufh\u00e4ngung, stabil, leicht und sicher f\u00fcr intensives Training. Finden Sie es auf www.daisho.be|Daisho\" \/>\n<meta property=\"og:url\" content=\"https:\/\/www.daisho.be\/de\/produit\/tatami-i-tis-training-1-x-1-m\/\" \/>\n<meta property=\"og:site_name\" content=\"Daisho\" \/>\n<meta property=\"article:modified_time\" content=\"2026-03-31T12:52:26+00:00\" \/>\n<meta property=\"og:image\" content=\"https:\/\/www.daisho.be\/wp-content\/uploads\/2023\/10\/image-23.jpg\" \/>\n\t<meta property=\"og:image:width\" content=\"1920\" \/>\n\t<meta property=\"og:image:height\" content=\"783\" \/>\n\t<meta property=\"og:image:type\" content=\"image\/jpeg\" \/>\n<meta name=\"twitter:card\" content=\"summary_large_image\" \/>\n<meta name=\"twitter:label1\" content=\"Gesch\u00e4tzte Lesezeit\" \/>\n\t<meta name=\"twitter:data1\" content=\"1\u00a0Minute\" \/>\n<script type=\"application\/ld+json\" class=\"yoast-schema-graph\">{\"@context\":\"https:\/\/schema.org\",\"@graph\":[{\"@type\":\"WebPage\",\"@id\":\"https:\/\/www.daisho.be\/de\/produit\/tatami-i-tis-training-1-x-1-m\/\",\"url\":\"https:\/\/www.daisho.be\/de\/produit\/tatami-i-tis-training-1-x-1-m\/\",\"name\":\"Tatami I-TIS TRAINING 1 x 1 m &#8211; Daisho\",\"isPartOf\":{\"@id\":\"https:\/\/www.daisho.be\/de\/#website\"},\"primaryImageOfPage\":{\"@id\":\"https:\/\/www.daisho.be\/de\/produit\/tatami-i-tis-training-1-x-1-m\/#primaryimage\"},\"image\":{\"@id\":\"https:\/\/www.daisho.be\/de\/produit\/tatami-i-tis-training-1-x-1-m\/#primaryimage\"},\"thumbnailUrl\":\"https:\/\/www.daisho.be\/wp-content\/uploads\/2023\/10\/image-23.jpg\",\"datePublished\":\"2023-10-17T17:57:48+00:00\",\"dateModified\":\"2026-03-31T12:52:26+00:00\",\"description\":\"Judo Tatami I-TIS Training IJF, unsichtbare Aufh\u00e4ngung, stabil, leicht und sicher f\u00fcr intensives Training. Finden Sie es auf www.daisho.be|Daisho\",\"breadcrumb\":{\"@id\":\"https:\/\/www.daisho.be\/de\/produit\/tatami-i-tis-training-1-x-1-m\/#breadcrumb\"},\"inLanguage\":\"de\",\"potentialAction\":[{\"@type\":\"ReadAction\",\"target\":[\"https:\/\/www.daisho.be\/de\/produit\/tatami-i-tis-training-1-x-1-m\/\"]}]},{\"@type\":\"ImageObject\",\"inLanguage\":\"de\",\"@id\":\"https:\/\/www.daisho.be\/de\/produit\/tatami-i-tis-training-1-x-1-m\/#primaryimage\",\"url\":\"https:\/\/www.daisho.be\/wp-content\/uploads\/2023\/10\/image-23.jpg\",\"contentUrl\":\"https:\/\/www.daisho.be\/wp-content\/uploads\/2023\/10\/image-23.jpg\",\"width\":1920,\"height\":783,\"caption\":\"Tatami I-TIS TRAINING 1 x 1 m-1\"},{\"@type\":\"BreadcrumbList\",\"@id\":\"https:\/\/www.daisho.be\/de\/produit\/tatami-i-tis-training-1-x-1-m\/#breadcrumb\",\"itemListElement\":[{\"@type\":\"ListItem\",\"position\":1,\"name\":\"Accueil\",\"item\":\"https:\/\/www.daisho.be\/de\/\"},{\"@type\":\"ListItem\",\"position\":2,\"name\":\"Produkte\",\"item\":\"https:\/\/www.daisho.be\/de\/produkte\/\"},{\"@type\":\"ListItem\",\"position\":3,\"name\":\"Ausr\u00fcstung und Kleidung f\u00fcr Kampfkunst und Kampfsport\",\"item\":\"https:\/\/www.daisho.be\/de\/categorie-produit\/ausrustung-und-kleidung-fur-kampfkunst-und-kampfsport\/\"},{\"@type\":\"ListItem\",\"position\":4,\"name\":\"MMA\",\"item\":\"https:\/\/www.daisho.be\/de\/categorie-produit\/ausrustung-und-kleidung-fur-kampfkunst-und-kampfsport\/mma-de-2\/\"},{\"@type\":\"ListItem\",\"position\":5,\"name\":\"MMA-Trainingsmaterial\",\"item\":\"https:\/\/www.daisho.be\/de\/categorie-produit\/ausrustung-und-kleidung-fur-kampfkunst-und-kampfsport\/mma-de-2\/mma-trainingsmaterial\/\"},{\"@type\":\"ListItem\",\"position\":6,\"name\":\"Tatami I-TIS TRAINING 1 x 1 m\"}]},{\"@type\":\"WebSite\",\"@id\":\"https:\/\/www.daisho.be\/de\/#website\",\"url\":\"https:\/\/www.daisho.be\/de\/\",\"name\":\"Daisho\",\"description\":\"Sp&eacute;cialiste de l'&eacute;quipement sportif d'arts martiaux\",\"publisher\":{\"@id\":\"https:\/\/www.daisho.be\/de\/#organization\"},\"potentialAction\":[{\"@type\":\"SearchAction\",\"target\":{\"@type\":\"EntryPoint\",\"urlTemplate\":\"https:\/\/www.daisho.be\/de\/?s={search_term_string}\"},\"query-input\":{\"@type\":\"PropertyValueSpecification\",\"valueRequired\":true,\"valueName\":\"search_term_string\"}}],\"inLanguage\":\"de\"},{\"@type\":\"Organization\",\"@id\":\"https:\/\/www.daisho.be\/de\/#organization\",\"name\":\"Daisho\",\"url\":\"https:\/\/www.daisho.be\/de\/\",\"logo\":{\"@type\":\"ImageObject\",\"inLanguage\":\"de\",\"@id\":\"https:\/\/www.daisho.be\/de\/#\/schema\/logo\/image\/\",\"url\":\"https:\/\/www.daisho.be\/wp-content\/uploads\/2019\/07\/color-nothing-horizontale4x-e1564486100247.png\",\"contentUrl\":\"https:\/\/www.daisho.be\/wp-content\/uploads\/2019\/07\/color-nothing-horizontale4x-e1564486100247.png\",\"width\":1547,\"height\":385,\"caption\":\"Daisho\"},\"image\":{\"@id\":\"https:\/\/www.daisho.be\/de\/#\/schema\/logo\/image\/\"}}]}<\/script>\n<!-- \/ Yoast SEO plugin. -->","yoast_head_json":{"title":"Tatami I-TIS TRAINING 1 x 1 m &#8211; Daisho","description":"Judo Tatami I-TIS Training IJF, unsichtbare Aufh\u00e4ngung, stabil, leicht und sicher f\u00fcr intensives Training. Finden Sie es auf www.daisho.be|Daisho","robots":{"index":"index","follow":"follow","max-snippet":"max-snippet:-1","max-image-preview":"max-image-preview:large","max-video-preview":"max-video-preview:-1"},"canonical":"https:\/\/www.daisho.be\/de\/produit\/tatami-i-tis-training-1-x-1-m\/","og_locale":"de_DE","og_type":"article","og_title":"Tatami I-TIS TRAINING 1 x 1 m &#8211; Daisho","og_description":"Judo Tatami I-TIS Training IJF, unsichtbare Aufh\u00e4ngung, stabil, leicht und sicher f\u00fcr intensives Training. Finden Sie es auf www.daisho.be|Daisho","og_url":"https:\/\/www.daisho.be\/de\/produit\/tatami-i-tis-training-1-x-1-m\/","og_site_name":"Daisho","article_modified_time":"2026-03-31T12:52:26+00:00","og_image":[{"width":1920,"height":783,"url":"https:\/\/www.daisho.be\/wp-content\/uploads\/2023\/10\/image-23.jpg","type":"image\/jpeg"}],"twitter_card":"summary_large_image","twitter_misc":{"Gesch\u00e4tzte Lesezeit":"1\u00a0Minute"},"schema":{"@context":"https:\/\/schema.org","@graph":[{"@type":"WebPage","@id":"https:\/\/www.daisho.be\/de\/produit\/tatami-i-tis-training-1-x-1-m\/","url":"https:\/\/www.daisho.be\/de\/produit\/tatami-i-tis-training-1-x-1-m\/","name":"Tatami I-TIS TRAINING 1 x 1 m &#8211; Daisho","isPartOf":{"@id":"https:\/\/www.daisho.be\/de\/#website"},"primaryImageOfPage":{"@id":"https:\/\/www.daisho.be\/de\/produit\/tatami-i-tis-training-1-x-1-m\/#primaryimage"},"image":{"@id":"https:\/\/www.daisho.be\/de\/produit\/tatami-i-tis-training-1-x-1-m\/#primaryimage"},"thumbnailUrl":"https:\/\/www.daisho.be\/wp-content\/uploads\/2023\/10\/image-23.jpg","datePublished":"2023-10-17T17:57:48+00:00","dateModified":"2026-03-31T12:52:26+00:00","description":"Judo Tatami I-TIS Training IJF, unsichtbare Aufh\u00e4ngung, stabil, leicht und sicher f\u00fcr intensives Training. Finden Sie es auf www.daisho.be|Daisho","breadcrumb":{"@id":"https:\/\/www.daisho.be\/de\/produit\/tatami-i-tis-training-1-x-1-m\/#breadcrumb"},"inLanguage":"de","potentialAction":[{"@type":"ReadAction","target":["https:\/\/www.daisho.be\/de\/produit\/tatami-i-tis-training-1-x-1-m\/"]}]},{"@type":"ImageObject","inLanguage":"de","@id":"https:\/\/www.daisho.be\/de\/produit\/tatami-i-tis-training-1-x-1-m\/#primaryimage","url":"https:\/\/www.daisho.be\/wp-content\/uploads\/2023\/10\/image-23.jpg","contentUrl":"https:\/\/www.daisho.be\/wp-content\/uploads\/2023\/10\/image-23.jpg","width":1920,"height":783,"caption":"Tatami I-TIS TRAINING 1 x 1 m-1"},{"@type":"BreadcrumbList","@id":"https:\/\/www.daisho.be\/de\/produit\/tatami-i-tis-training-1-x-1-m\/#breadcrumb","itemListElement":[{"@type":"ListItem","position":1,"name":"Accueil","item":"https:\/\/www.daisho.be\/de\/"},{"@type":"ListItem","position":2,"name":"Produkte","item":"https:\/\/www.daisho.be\/de\/produkte\/"},{"@type":"ListItem","position":3,"name":"Ausr\u00fcstung und Kleidung f\u00fcr Kampfkunst und Kampfsport","item":"https:\/\/www.daisho.be\/de\/categorie-produit\/ausrustung-und-kleidung-fur-kampfkunst-und-kampfsport\/"},{"@type":"ListItem","position":4,"name":"MMA","item":"https:\/\/www.daisho.be\/de\/categorie-produit\/ausrustung-und-kleidung-fur-kampfkunst-und-kampfsport\/mma-de-2\/"},{"@type":"ListItem","position":5,"name":"MMA-Trainingsmaterial","item":"https:\/\/www.daisho.be\/de\/categorie-produit\/ausrustung-und-kleidung-fur-kampfkunst-und-kampfsport\/mma-de-2\/mma-trainingsmaterial\/"},{"@type":"ListItem","position":6,"name":"Tatami I-TIS TRAINING 1 x 1 m"}]},{"@type":"WebSite","@id":"https:\/\/www.daisho.be\/de\/#website","url":"https:\/\/www.daisho.be\/de\/","name":"Daisho","description":"Sp&eacute;cialiste de l'&eacute;quipement sportif d'arts martiaux","publisher":{"@id":"https:\/\/www.daisho.be\/de\/#organization"},"potentialAction":[{"@type":"SearchAction","target":{"@type":"EntryPoint","urlTemplate":"https:\/\/www.daisho.be\/de\/?s={search_term_string}"},"query-input":{"@type":"PropertyValueSpecification","valueRequired":true,"valueName":"search_term_string"}}],"inLanguage":"de"},{"@type":"Organization","@id":"https:\/\/www.daisho.be\/de\/#organization","name":"Daisho","url":"https:\/\/www.daisho.be\/de\/","logo":{"@type":"ImageObject","inLanguage":"de","@id":"https:\/\/www.daisho.be\/de\/#\/schema\/logo\/image\/","url":"https:\/\/www.daisho.be\/wp-content\/uploads\/2019\/07\/color-nothing-horizontale4x-e1564486100247.png","contentUrl":"https:\/\/www.daisho.be\/wp-content\/uploads\/2019\/07\/color-nothing-horizontale4x-e1564486100247.png","width":1547,"height":385,"caption":"Daisho"},"image":{"@id":"https:\/\/www.daisho.be\/de\/#\/schema\/logo\/image\/"}}]}},"_links":{"self":[{"href":"https:\/\/www.daisho.be\/de\/wp-json\/wp\/v2\/product\/461693","targetHints":{"allow":["GET"]}}],"collection":[{"href":"https:\/\/www.daisho.be\/de\/wp-json\/wp\/v2\/product"}],"about":[{"href":"https:\/\/www.daisho.be\/de\/wp-json\/wp\/v2\/types\/product"}],"replies":[{"embeddable":true,"href":"https:\/\/www.daisho.be\/de\/wp-json\/wp\/v2\/comments?post=461693"}],"wp:featuredmedia":[{"embeddable":true,"href":"https:\/\/www.daisho.be\/de\/wp-json\/wp\/v2\/media\/461697"}],"wp:attachment":[{"href":"https:\/\/www.daisho.be\/de\/wp-json\/wp\/v2\/media?parent=461693"}],"wp:term":[{"taxonomy":"product_brand","embeddable":true,"href":"https:\/\/www.daisho.be\/de\/wp-json\/wp\/v2\/product_brand?post=461693"},{"taxonomy":"product_cat","embeddable":true,"href":"https:\/\/www.daisho.be\/de\/wp-json\/wp\/v2\/product_cat?post=461693"},{"taxonomy":"product_tag","embeddable":true,"href":"https:\/\/www.daisho.be\/de\/wp-json\/wp\/v2\/product_tag?post=461693"},{"taxonomy":"sport","embeddable":true,"href":"https:\/\/www.daisho.be\/de\/wp-json\/wp\/v2\/sport?post=461693"}],"curies":[{"name":"wp","href":"https:\/\/api.w.org\/{rel}","templated":true}]}}