{"id":461652,"date":"2023-10-23T15:13:35","date_gmt":"2023-10-23T13:13:35","guid":{"rendered":"https:\/\/www.daisho.be\/produit\/adidas-box-hog-4-boxschuhe-schwarz-gold\/"},"modified":"2025-02-27T15:28:55","modified_gmt":"2025-02-27T14:28:55","slug":"adidas-box-hog-4-boxschuhe-schwarz-gold","status":"publish","type":"product","link":"https:\/\/www.daisho.be\/de\/produit\/adidas-box-hog-4-boxschuhe-schwarz-gold\/","title":{"rendered":"adidas Box-Hog 4 Boxschuhe Schwarz\/Gold"},"content":{"rendered":"<p>Bew\u00e4hrt und zuverl\u00e4ssig: Die adidas Box Hog 4 Boxschuhe sind in der Sporthalle oder im Boxring kein Fremdwort.<br \/>\nDas atmungsaktive Obermaterial aus Mesh und die inneren Verst\u00e4rkungen sorgen daf\u00fcr, dass Sie Ihre Intensit\u00e4t beibehalten.<br \/>\nDie geformte EVA-Mittelsohle unterst\u00fctzt den Mittelfu\u00df f\u00fcr eine stabile Position.<br \/>\nDie Au\u00dfensohle bietet multidirektionale Haftung auf dem Teppich f\u00fcr eine blitzschnelle Beinarbeit.<br \/>\nDer Schaft besteht zu mindestens 50 % aus verschiedenen recycelten Materialien.<br \/>\nDieses Produkt ist nur eine unserer L\u00f6sungen zur Reduzierung von Plastikm\u00fcll.<br \/>\nVorteile des adidas Box-Hog 4 Boxschuhs<br \/>\n&#8211; Der Schaft besteht zu mindestens 50% aus recycelten Rohstoffen.<br \/>\n&#8211; Synthetische Wildledereinlagen f\u00fcr Haltbarkeit und Komfort<br \/>\n&#8211; Robuste EVA-Mittelsohle f\u00fcr leichte Sto\u00dfd\u00e4mpfung unter der Ferse und im Mittelfu\u00dfbereich<br \/>\n&#8211; Gummiau\u00dfensohle f\u00fcr bessere Haftung<\/p>\n","protected":false},"excerpt":{"rendered":"<p>Bew\u00e4hrt und zuverl\u00e4ssig: Die adidas Box Hog 4 Boxschuhe sind in der Sporthalle oder im Boxring kein Fremdwort. Das atmungsaktive Obermaterial aus Mesh und die inneren Verst\u00e4rkungen sorgen daf\u00fcr, dass Sie Ihre Intensit\u00e4t beibehalten. Die geformte EVA-Mittelsohle unterst\u00fctzt den Mittelfu\u00df f\u00fcr eine stabile Position. Die Au\u00dfensohle bietet multidirektionale Haftung auf dem Teppich f\u00fcr eine blitzschnelle [&hellip;]<\/p>\n","protected":false},"featured_media":461658,"comment_status":"open","ping_status":"closed","template":"","meta":{"inline_featured_image":false},"product_brand":[],"product_cat":[2284,2019],"product_tag":[2178],"sport":[],"class_list":{"0":"post-461652","1":"product","2":"type-product","3":"status-publish","4":"has-post-thumbnail","6":"product_cat-adidas-kleidung-fur-das-boxen","7":"product_cat-schuhe","8":"product_tag-adidas-de","9":"pa_size-392","10":"pa_size-44-2-3","11":"pa_size-45-1-3","12":"pa_size-390","13":"pa_size-46-2-3","14":"pa_size-47-1-3","16":"first","17":"instock","18":"taxable","19":"shipping-taxable","20":"purchasable","21":"product-type-variable"},"yoast_head":"<!-- This site is optimized with the Yoast SEO plugin v27.2 - https:\/\/yoast.com\/product\/yoast-seo-wordpress\/ -->\n<title>adidas Box-Hog 4 Boxschuhe Schwarz\/Gold &#8211; Daisho<\/title>\n<meta name=\"description\" content=\"Die Adidas Boxschuhe bieten Ihnen optimale Verst\u00e4rkung und Komfort w\u00e4hrend Ihres Trainings oder Wettkampfes. Kaufen Sie sie auf www.daisho.be\" \/>\n<meta name=\"robots\" content=\"index, follow, max-snippet:-1, max-image-preview:large, max-video-preview:-1\" \/>\n<link rel=\"canonical\" href=\"https:\/\/www.daisho.be\/de\/produit\/adidas-box-hog-4-boxschuhe-schwarz-gold\/\" \/>\n<meta property=\"og:locale\" content=\"de_DE\" \/>\n<meta property=\"og:type\" content=\"article\" \/>\n<meta property=\"og:title\" content=\"adidas Box-Hog 4 Boxschuhe Schwarz\/Gold &#8211; Daisho\" \/>\n<meta property=\"og:description\" content=\"Die Adidas Boxschuhe bieten Ihnen optimale Verst\u00e4rkung und Komfort w\u00e4hrend Ihres Trainings oder Wettkampfes. Kaufen Sie sie auf www.daisho.be\" \/>\n<meta property=\"og:url\" content=\"https:\/\/www.daisho.be\/de\/produit\/adidas-box-hog-4-boxschuhe-schwarz-gold\/\" \/>\n<meta property=\"og:site_name\" content=\"Daisho\" \/>\n<meta property=\"article:modified_time\" content=\"2025-02-27T14:28:55+00:00\" \/>\n<meta property=\"og:image\" content=\"https:\/\/www.daisho.be\/wp-content\/uploads\/2023\/10\/image-28.jpg\" \/>\n\t<meta property=\"og:image:width\" content=\"650\" \/>\n\t<meta property=\"og:image:height\" content=\"729\" \/>\n\t<meta property=\"og:image:type\" content=\"image\/jpeg\" \/>\n<meta name=\"twitter:card\" content=\"summary_large_image\" \/>\n<meta name=\"twitter:label1\" content=\"Gesch\u00e4tzte Lesezeit\" \/>\n\t<meta name=\"twitter:data1\" content=\"1\u00a0Minute\" \/>\n<script type=\"application\/ld+json\" class=\"yoast-schema-graph\">{\"@context\":\"https:\/\/schema.org\",\"@graph\":[{\"@type\":\"WebPage\",\"@id\":\"https:\/\/www.daisho.be\/de\/produit\/adidas-box-hog-4-boxschuhe-schwarz-gold\/\",\"url\":\"https:\/\/www.daisho.be\/de\/produit\/adidas-box-hog-4-boxschuhe-schwarz-gold\/\",\"name\":\"adidas Box-Hog 4 Boxschuhe Schwarz\/Gold &#8211; Daisho\",\"isPartOf\":{\"@id\":\"https:\/\/www.daisho.be\/de\/#website\"},\"primaryImageOfPage\":{\"@id\":\"https:\/\/www.daisho.be\/de\/produit\/adidas-box-hog-4-boxschuhe-schwarz-gold\/#primaryimage\"},\"image\":{\"@id\":\"https:\/\/www.daisho.be\/de\/produit\/adidas-box-hog-4-boxschuhe-schwarz-gold\/#primaryimage\"},\"thumbnailUrl\":\"https:\/\/www.daisho.be\/wp-content\/uploads\/2023\/10\/image-28.jpg\",\"datePublished\":\"2023-10-23T13:13:35+00:00\",\"dateModified\":\"2025-02-27T14:28:55+00:00\",\"description\":\"Die Adidas Boxschuhe bieten Ihnen optimale Verst\u00e4rkung und Komfort w\u00e4hrend Ihres Trainings oder Wettkampfes. Kaufen Sie sie auf www.daisho.be\",\"breadcrumb\":{\"@id\":\"https:\/\/www.daisho.be\/de\/produit\/adidas-box-hog-4-boxschuhe-schwarz-gold\/#breadcrumb\"},\"inLanguage\":\"de\",\"potentialAction\":[{\"@type\":\"ReadAction\",\"target\":[\"https:\/\/www.daisho.be\/de\/produit\/adidas-box-hog-4-boxschuhe-schwarz-gold\/\"]}]},{\"@type\":\"ImageObject\",\"inLanguage\":\"de\",\"@id\":\"https:\/\/www.daisho.be\/de\/produit\/adidas-box-hog-4-boxschuhe-schwarz-gold\/#primaryimage\",\"url\":\"https:\/\/www.daisho.be\/wp-content\/uploads\/2023\/10\/image-28.jpg\",\"contentUrl\":\"https:\/\/www.daisho.be\/wp-content\/uploads\/2023\/10\/image-28.jpg\",\"width\":650,\"height\":729,\"caption\":\"adidas Box-Hog 4 Boxschuhe Schwarz\/Gold-1\"},{\"@type\":\"BreadcrumbList\",\"@id\":\"https:\/\/www.daisho.be\/de\/produit\/adidas-box-hog-4-boxschuhe-schwarz-gold\/#breadcrumb\",\"itemListElement\":[{\"@type\":\"ListItem\",\"position\":1,\"name\":\"Accueil\",\"item\":\"https:\/\/www.daisho.be\/de\/\"},{\"@type\":\"ListItem\",\"position\":2,\"name\":\"Produkte\",\"item\":\"https:\/\/www.daisho.be\/de\/produkte\/\"},{\"@type\":\"ListItem\",\"position\":3,\"name\":\"ADIDAS COMBAT SPORTS\",\"item\":\"https:\/\/www.daisho.be\/de\/categorie-produit\/adidas-combat-sports-de\/\"},{\"@type\":\"ListItem\",\"position\":4,\"name\":\"Boxen\",\"item\":\"https:\/\/www.daisho.be\/de\/categorie-produit\/adidas-combat-sports-de\/boxen\/\"},{\"@type\":\"ListItem\",\"position\":5,\"name\":\"Adidas-Kleidung f\u00fcr das Boxen\",\"item\":\"https:\/\/www.daisho.be\/de\/categorie-produit\/adidas-combat-sports-de\/boxen\/adidas-kleidung-fur-das-boxen\/\"},{\"@type\":\"ListItem\",\"position\":6,\"name\":\"adidas Box-Hog 4 Boxschuhe Schwarz\/Gold\"}]},{\"@type\":\"WebSite\",\"@id\":\"https:\/\/www.daisho.be\/de\/#website\",\"url\":\"https:\/\/www.daisho.be\/de\/\",\"name\":\"Daisho\",\"description\":\"Sp&eacute;cialiste de l'&eacute;quipement sportif d'arts martiaux\",\"publisher\":{\"@id\":\"https:\/\/www.daisho.be\/de\/#organization\"},\"potentialAction\":[{\"@type\":\"SearchAction\",\"target\":{\"@type\":\"EntryPoint\",\"urlTemplate\":\"https:\/\/www.daisho.be\/de\/?s={search_term_string}\"},\"query-input\":{\"@type\":\"PropertyValueSpecification\",\"valueRequired\":true,\"valueName\":\"search_term_string\"}}],\"inLanguage\":\"de\"},{\"@type\":\"Organization\",\"@id\":\"https:\/\/www.daisho.be\/de\/#organization\",\"name\":\"Daisho\",\"url\":\"https:\/\/www.daisho.be\/de\/\",\"logo\":{\"@type\":\"ImageObject\",\"inLanguage\":\"de\",\"@id\":\"https:\/\/www.daisho.be\/de\/#\/schema\/logo\/image\/\",\"url\":\"https:\/\/www.daisho.be\/wp-content\/uploads\/2019\/07\/color-nothing-horizontale4x-e1564486100247.png\",\"contentUrl\":\"https:\/\/www.daisho.be\/wp-content\/uploads\/2019\/07\/color-nothing-horizontale4x-e1564486100247.png\",\"width\":1547,\"height\":385,\"caption\":\"Daisho\"},\"image\":{\"@id\":\"https:\/\/www.daisho.be\/de\/#\/schema\/logo\/image\/\"}}]}<\/script>\n<!-- \/ Yoast SEO plugin. -->","yoast_head_json":{"title":"adidas Box-Hog 4 Boxschuhe Schwarz\/Gold &#8211; Daisho","description":"Die Adidas Boxschuhe bieten Ihnen optimale Verst\u00e4rkung und Komfort w\u00e4hrend Ihres Trainings oder Wettkampfes. Kaufen Sie sie auf www.daisho.be","robots":{"index":"index","follow":"follow","max-snippet":"max-snippet:-1","max-image-preview":"max-image-preview:large","max-video-preview":"max-video-preview:-1"},"canonical":"https:\/\/www.daisho.be\/de\/produit\/adidas-box-hog-4-boxschuhe-schwarz-gold\/","og_locale":"de_DE","og_type":"article","og_title":"adidas Box-Hog 4 Boxschuhe Schwarz\/Gold &#8211; Daisho","og_description":"Die Adidas Boxschuhe bieten Ihnen optimale Verst\u00e4rkung und Komfort w\u00e4hrend Ihres Trainings oder Wettkampfes. Kaufen Sie sie auf www.daisho.be","og_url":"https:\/\/www.daisho.be\/de\/produit\/adidas-box-hog-4-boxschuhe-schwarz-gold\/","og_site_name":"Daisho","article_modified_time":"2025-02-27T14:28:55+00:00","og_image":[{"width":650,"height":729,"url":"https:\/\/www.daisho.be\/wp-content\/uploads\/2023\/10\/image-28.jpg","type":"image\/jpeg"}],"twitter_card":"summary_large_image","twitter_misc":{"Gesch\u00e4tzte Lesezeit":"1\u00a0Minute"},"schema":{"@context":"https:\/\/schema.org","@graph":[{"@type":"WebPage","@id":"https:\/\/www.daisho.be\/de\/produit\/adidas-box-hog-4-boxschuhe-schwarz-gold\/","url":"https:\/\/www.daisho.be\/de\/produit\/adidas-box-hog-4-boxschuhe-schwarz-gold\/","name":"adidas Box-Hog 4 Boxschuhe Schwarz\/Gold &#8211; Daisho","isPartOf":{"@id":"https:\/\/www.daisho.be\/de\/#website"},"primaryImageOfPage":{"@id":"https:\/\/www.daisho.be\/de\/produit\/adidas-box-hog-4-boxschuhe-schwarz-gold\/#primaryimage"},"image":{"@id":"https:\/\/www.daisho.be\/de\/produit\/adidas-box-hog-4-boxschuhe-schwarz-gold\/#primaryimage"},"thumbnailUrl":"https:\/\/www.daisho.be\/wp-content\/uploads\/2023\/10\/image-28.jpg","datePublished":"2023-10-23T13:13:35+00:00","dateModified":"2025-02-27T14:28:55+00:00","description":"Die Adidas Boxschuhe bieten Ihnen optimale Verst\u00e4rkung und Komfort w\u00e4hrend Ihres Trainings oder Wettkampfes. Kaufen Sie sie auf www.daisho.be","breadcrumb":{"@id":"https:\/\/www.daisho.be\/de\/produit\/adidas-box-hog-4-boxschuhe-schwarz-gold\/#breadcrumb"},"inLanguage":"de","potentialAction":[{"@type":"ReadAction","target":["https:\/\/www.daisho.be\/de\/produit\/adidas-box-hog-4-boxschuhe-schwarz-gold\/"]}]},{"@type":"ImageObject","inLanguage":"de","@id":"https:\/\/www.daisho.be\/de\/produit\/adidas-box-hog-4-boxschuhe-schwarz-gold\/#primaryimage","url":"https:\/\/www.daisho.be\/wp-content\/uploads\/2023\/10\/image-28.jpg","contentUrl":"https:\/\/www.daisho.be\/wp-content\/uploads\/2023\/10\/image-28.jpg","width":650,"height":729,"caption":"adidas Box-Hog 4 Boxschuhe Schwarz\/Gold-1"},{"@type":"BreadcrumbList","@id":"https:\/\/www.daisho.be\/de\/produit\/adidas-box-hog-4-boxschuhe-schwarz-gold\/#breadcrumb","itemListElement":[{"@type":"ListItem","position":1,"name":"Accueil","item":"https:\/\/www.daisho.be\/de\/"},{"@type":"ListItem","position":2,"name":"Produkte","item":"https:\/\/www.daisho.be\/de\/produkte\/"},{"@type":"ListItem","position":3,"name":"ADIDAS COMBAT SPORTS","item":"https:\/\/www.daisho.be\/de\/categorie-produit\/adidas-combat-sports-de\/"},{"@type":"ListItem","position":4,"name":"Boxen","item":"https:\/\/www.daisho.be\/de\/categorie-produit\/adidas-combat-sports-de\/boxen\/"},{"@type":"ListItem","position":5,"name":"Adidas-Kleidung f\u00fcr das Boxen","item":"https:\/\/www.daisho.be\/de\/categorie-produit\/adidas-combat-sports-de\/boxen\/adidas-kleidung-fur-das-boxen\/"},{"@type":"ListItem","position":6,"name":"adidas Box-Hog 4 Boxschuhe Schwarz\/Gold"}]},{"@type":"WebSite","@id":"https:\/\/www.daisho.be\/de\/#website","url":"https:\/\/www.daisho.be\/de\/","name":"Daisho","description":"Sp&eacute;cialiste de l'&eacute;quipement sportif d'arts martiaux","publisher":{"@id":"https:\/\/www.daisho.be\/de\/#organization"},"potentialAction":[{"@type":"SearchAction","target":{"@type":"EntryPoint","urlTemplate":"https:\/\/www.daisho.be\/de\/?s={search_term_string}"},"query-input":{"@type":"PropertyValueSpecification","valueRequired":true,"valueName":"search_term_string"}}],"inLanguage":"de"},{"@type":"Organization","@id":"https:\/\/www.daisho.be\/de\/#organization","name":"Daisho","url":"https:\/\/www.daisho.be\/de\/","logo":{"@type":"ImageObject","inLanguage":"de","@id":"https:\/\/www.daisho.be\/de\/#\/schema\/logo\/image\/","url":"https:\/\/www.daisho.be\/wp-content\/uploads\/2019\/07\/color-nothing-horizontale4x-e1564486100247.png","contentUrl":"https:\/\/www.daisho.be\/wp-content\/uploads\/2019\/07\/color-nothing-horizontale4x-e1564486100247.png","width":1547,"height":385,"caption":"Daisho"},"image":{"@id":"https:\/\/www.daisho.be\/de\/#\/schema\/logo\/image\/"}}]}},"_links":{"self":[{"href":"https:\/\/www.daisho.be\/de\/wp-json\/wp\/v2\/product\/461652","targetHints":{"allow":["GET"]}}],"collection":[{"href":"https:\/\/www.daisho.be\/de\/wp-json\/wp\/v2\/product"}],"about":[{"href":"https:\/\/www.daisho.be\/de\/wp-json\/wp\/v2\/types\/product"}],"replies":[{"embeddable":true,"href":"https:\/\/www.daisho.be\/de\/wp-json\/wp\/v2\/comments?post=461652"}],"wp:featuredmedia":[{"embeddable":true,"href":"https:\/\/www.daisho.be\/de\/wp-json\/wp\/v2\/media\/461658"}],"wp:attachment":[{"href":"https:\/\/www.daisho.be\/de\/wp-json\/wp\/v2\/media?parent=461652"}],"wp:term":[{"taxonomy":"product_brand","embeddable":true,"href":"https:\/\/www.daisho.be\/de\/wp-json\/wp\/v2\/product_brand?post=461652"},{"taxonomy":"product_cat","embeddable":true,"href":"https:\/\/www.daisho.be\/de\/wp-json\/wp\/v2\/product_cat?post=461652"},{"taxonomy":"product_tag","embeddable":true,"href":"https:\/\/www.daisho.be\/de\/wp-json\/wp\/v2\/product_tag?post=461652"},{"taxonomy":"sport","embeddable":true,"href":"https:\/\/www.daisho.be\/de\/wp-json\/wp\/v2\/sport?post=461652"}],"curies":[{"name":"wp","href":"https:\/\/api.w.org\/{rel}","templated":true}]}}