{"id":461640,"date":"2023-10-26T15:26:03","date_gmt":"2023-10-26T13:26:03","guid":{"rendered":"https:\/\/www.daisho.be\/produit\/karatehandschuhe-daisho-rot\/"},"modified":"2025-10-09T14:22:29","modified_gmt":"2025-10-09T12:22:29","slug":"karatehandschuhe-daisho-rot","status":"publish","type":"product","link":"https:\/\/www.daisho.be\/de\/produit\/karatehandschuhe-daisho-rot\/","title":{"rendered":"KARATEHANDSCHUHE DAISHO ROT"},"content":{"rendered":"<p>Die Daisho Karatehandschuhe bieten ein ergonomisches Design und ihr hochdichter Schaumstoff sorgt f\u00fcr optimalen Schutz bei gleichzeitiger Bewegungsfreiheit.<br \/>\nIhr Schaumstoffkern absorbiert effektiv St\u00f6\u00dfe und der Au\u00dfenbezug aus Kunstleder ist sowohl strapazierf\u00e4hig als auch atmungsaktiv und sorgt f\u00fcr optimalen Komfort bei der Anstrengung.<\/p>\n<p>Merkmale:<br \/>\nMemory-Schaumstoffkern<br \/>\nStrapazierf\u00e4higer PU-Au\u00dfenbezug<br \/>\nVerstellbarer Klettverschluss<br \/>\nFarben: Wei\u00df, Blau, Rot<\/p>\n","protected":false},"excerpt":{"rendered":"<p>Die Daisho Karatehandschuhe bieten ein ergonomisches Design und ihr hochdichter Schaumstoff sorgt f\u00fcr optimalen Schutz bei gleichzeitiger Bewegungsfreiheit. Ihr Schaumstoffkern absorbiert effektiv St\u00f6\u00dfe und der Au\u00dfenbezug aus Kunstleder ist sowohl strapazierf\u00e4hig als auch atmungsaktiv und sorgt f\u00fcr optimalen Komfort bei der Anstrengung. Merkmale: Memory-Schaumstoffkern Strapazierf\u00e4higer PU-Au\u00dfenbezug Verstellbarer Klettverschluss Farben: Wei\u00df, Blau, Rot<\/p>\n","protected":false},"featured_media":461651,"comment_status":"closed","ping_status":"closed","template":"","meta":{"inline_featured_image":false},"product_brand":[],"product_cat":[2062,2051],"product_tag":[2053],"sport":[],"class_list":{"0":"post-461640","1":"product","2":"type-product","3":"status-publish","4":"has-post-thumbnail","6":"product_cat-karate-schutzkleidung","7":"product_cat-schutz","8":"product_tag-daisho-de","9":"pa_size-l","10":"pa_size-m","11":"pa_size-s","12":"pa_size-xl","13":"pa_size-xs","15":"first","16":"instock","17":"taxable","18":"shipping-taxable","19":"purchasable","20":"product-type-variable"},"yoast_head":"<!-- This site is optimized with the Yoast SEO plugin v27.2 - https:\/\/yoast.com\/product\/yoast-seo-wordpress\/ -->\n<title>KARATEHANDSCHUHE DAISHO ROT &#8211; Daisho<\/title>\n<meta name=\"robots\" content=\"index, follow, max-snippet:-1, max-image-preview:large, max-video-preview:-1\" \/>\n<link rel=\"canonical\" href=\"https:\/\/www.daisho.be\/de\/produit\/karatehandschuhe-daisho-rot\/\" \/>\n<meta property=\"og:locale\" content=\"de_DE\" \/>\n<meta property=\"og:type\" content=\"article\" \/>\n<meta property=\"og:title\" content=\"KARATEHANDSCHUHE DAISHO ROT &#8211; Daisho\" \/>\n<meta property=\"og:description\" content=\"Die Daisho Karatehandschuhe bieten ein ergonomisches Design und ihr hochdichter Schaumstoff sorgt f\u00fcr optimalen Schutz bei gleichzeitiger Bewegungsfreiheit. Ihr Schaumstoffkern absorbiert effektiv St\u00f6\u00dfe und der Au\u00dfenbezug aus Kunstleder ist sowohl strapazierf\u00e4hig als auch atmungsaktiv und sorgt f\u00fcr optimalen Komfort bei der Anstrengung. Merkmale: Memory-Schaumstoffkern Strapazierf\u00e4higer PU-Au\u00dfenbezug Verstellbarer Klettverschluss Farben: Wei\u00df, Blau, Rot\" \/>\n<meta property=\"og:url\" content=\"https:\/\/www.daisho.be\/de\/produit\/karatehandschuhe-daisho-rot\/\" \/>\n<meta property=\"og:site_name\" content=\"Daisho\" \/>\n<meta property=\"article:modified_time\" content=\"2025-10-09T12:22:29+00:00\" \/>\n<meta property=\"og:image\" content=\"https:\/\/www.daisho.be\/wp-content\/uploads\/2023\/10\/image-45.jpg\" \/>\n\t<meta property=\"og:image:width\" content=\"1920\" \/>\n\t<meta property=\"og:image:height\" content=\"1495\" \/>\n\t<meta property=\"og:image:type\" content=\"image\/jpeg\" \/>\n<meta name=\"twitter:card\" content=\"summary_large_image\" \/>\n<script type=\"application\/ld+json\" class=\"yoast-schema-graph\">{\"@context\":\"https:\/\/schema.org\",\"@graph\":[{\"@type\":\"WebPage\",\"@id\":\"https:\/\/www.daisho.be\/de\/produit\/karatehandschuhe-daisho-rot\/\",\"url\":\"https:\/\/www.daisho.be\/de\/produit\/karatehandschuhe-daisho-rot\/\",\"name\":\"KARATEHANDSCHUHE DAISHO ROT &#8211; Daisho\",\"isPartOf\":{\"@id\":\"https:\/\/www.daisho.be\/de\/#website\"},\"primaryImageOfPage\":{\"@id\":\"https:\/\/www.daisho.be\/de\/produit\/karatehandschuhe-daisho-rot\/#primaryimage\"},\"image\":{\"@id\":\"https:\/\/www.daisho.be\/de\/produit\/karatehandschuhe-daisho-rot\/#primaryimage\"},\"thumbnailUrl\":\"https:\/\/www.daisho.be\/wp-content\/uploads\/2023\/10\/image-45.jpg\",\"datePublished\":\"2023-10-26T13:26:03+00:00\",\"dateModified\":\"2025-10-09T12:22:29+00:00\",\"breadcrumb\":{\"@id\":\"https:\/\/www.daisho.be\/de\/produit\/karatehandschuhe-daisho-rot\/#breadcrumb\"},\"inLanguage\":\"de\",\"potentialAction\":[{\"@type\":\"ReadAction\",\"target\":[\"https:\/\/www.daisho.be\/de\/produit\/karatehandschuhe-daisho-rot\/\"]}]},{\"@type\":\"ImageObject\",\"inLanguage\":\"de\",\"@id\":\"https:\/\/www.daisho.be\/de\/produit\/karatehandschuhe-daisho-rot\/#primaryimage\",\"url\":\"https:\/\/www.daisho.be\/wp-content\/uploads\/2023\/10\/image-45.jpg\",\"contentUrl\":\"https:\/\/www.daisho.be\/wp-content\/uploads\/2023\/10\/image-45.jpg\",\"width\":1920,\"height\":1495,\"caption\":\"KARATEHANDSCHUHE DAISHO ROT-1\"},{\"@type\":\"BreadcrumbList\",\"@id\":\"https:\/\/www.daisho.be\/de\/produit\/karatehandschuhe-daisho-rot\/#breadcrumb\",\"itemListElement\":[{\"@type\":\"ListItem\",\"position\":1,\"name\":\"Accueil\",\"item\":\"https:\/\/www.daisho.be\/de\/\"},{\"@type\":\"ListItem\",\"position\":2,\"name\":\"Produkte\",\"item\":\"https:\/\/www.daisho.be\/de\/produkte\/\"},{\"@type\":\"ListItem\",\"position\":3,\"name\":\"Ausr\u00fcstung und Kleidung f\u00fcr Kampfkunst und Kampfsport\",\"item\":\"https:\/\/www.daisho.be\/de\/categorie-produit\/ausrustung-und-kleidung-fur-kampfkunst-und-kampfsport\/\"},{\"@type\":\"ListItem\",\"position\":4,\"name\":\"Karate\",\"item\":\"https:\/\/www.daisho.be\/de\/categorie-produit\/ausrustung-und-kleidung-fur-kampfkunst-und-kampfsport\/karate-de-2\/\"},{\"@type\":\"ListItem\",\"position\":5,\"name\":\"Karate-Schutzkleidung\",\"item\":\"https:\/\/www.daisho.be\/de\/categorie-produit\/ausrustung-und-kleidung-fur-kampfkunst-und-kampfsport\/karate-de-2\/karate-schutzkleidung\/\"},{\"@type\":\"ListItem\",\"position\":6,\"name\":\"KARATEHANDSCHUHE DAISHO ROT\"}]},{\"@type\":\"WebSite\",\"@id\":\"https:\/\/www.daisho.be\/de\/#website\",\"url\":\"https:\/\/www.daisho.be\/de\/\",\"name\":\"Daisho\",\"description\":\"Sp&eacute;cialiste de l'&eacute;quipement sportif d'arts martiaux\",\"publisher\":{\"@id\":\"https:\/\/www.daisho.be\/de\/#organization\"},\"potentialAction\":[{\"@type\":\"SearchAction\",\"target\":{\"@type\":\"EntryPoint\",\"urlTemplate\":\"https:\/\/www.daisho.be\/de\/?s={search_term_string}\"},\"query-input\":{\"@type\":\"PropertyValueSpecification\",\"valueRequired\":true,\"valueName\":\"search_term_string\"}}],\"inLanguage\":\"de\"},{\"@type\":\"Organization\",\"@id\":\"https:\/\/www.daisho.be\/de\/#organization\",\"name\":\"Daisho\",\"url\":\"https:\/\/www.daisho.be\/de\/\",\"logo\":{\"@type\":\"ImageObject\",\"inLanguage\":\"de\",\"@id\":\"https:\/\/www.daisho.be\/de\/#\/schema\/logo\/image\/\",\"url\":\"https:\/\/www.daisho.be\/wp-content\/uploads\/2019\/07\/color-nothing-horizontale4x-e1564486100247.png\",\"contentUrl\":\"https:\/\/www.daisho.be\/wp-content\/uploads\/2019\/07\/color-nothing-horizontale4x-e1564486100247.png\",\"width\":1547,\"height\":385,\"caption\":\"Daisho\"},\"image\":{\"@id\":\"https:\/\/www.daisho.be\/de\/#\/schema\/logo\/image\/\"}}]}<\/script>\n<!-- \/ Yoast SEO plugin. -->","yoast_head_json":{"title":"KARATEHANDSCHUHE DAISHO ROT &#8211; Daisho","robots":{"index":"index","follow":"follow","max-snippet":"max-snippet:-1","max-image-preview":"max-image-preview:large","max-video-preview":"max-video-preview:-1"},"canonical":"https:\/\/www.daisho.be\/de\/produit\/karatehandschuhe-daisho-rot\/","og_locale":"de_DE","og_type":"article","og_title":"KARATEHANDSCHUHE DAISHO ROT &#8211; Daisho","og_description":"Die Daisho Karatehandschuhe bieten ein ergonomisches Design und ihr hochdichter Schaumstoff sorgt f\u00fcr optimalen Schutz bei gleichzeitiger Bewegungsfreiheit. Ihr Schaumstoffkern absorbiert effektiv St\u00f6\u00dfe und der Au\u00dfenbezug aus Kunstleder ist sowohl strapazierf\u00e4hig als auch atmungsaktiv und sorgt f\u00fcr optimalen Komfort bei der Anstrengung. Merkmale: Memory-Schaumstoffkern Strapazierf\u00e4higer PU-Au\u00dfenbezug Verstellbarer Klettverschluss Farben: Wei\u00df, Blau, Rot","og_url":"https:\/\/www.daisho.be\/de\/produit\/karatehandschuhe-daisho-rot\/","og_site_name":"Daisho","article_modified_time":"2025-10-09T12:22:29+00:00","og_image":[{"width":1920,"height":1495,"url":"https:\/\/www.daisho.be\/wp-content\/uploads\/2023\/10\/image-45.jpg","type":"image\/jpeg"}],"twitter_card":"summary_large_image","schema":{"@context":"https:\/\/schema.org","@graph":[{"@type":"WebPage","@id":"https:\/\/www.daisho.be\/de\/produit\/karatehandschuhe-daisho-rot\/","url":"https:\/\/www.daisho.be\/de\/produit\/karatehandschuhe-daisho-rot\/","name":"KARATEHANDSCHUHE DAISHO ROT &#8211; Daisho","isPartOf":{"@id":"https:\/\/www.daisho.be\/de\/#website"},"primaryImageOfPage":{"@id":"https:\/\/www.daisho.be\/de\/produit\/karatehandschuhe-daisho-rot\/#primaryimage"},"image":{"@id":"https:\/\/www.daisho.be\/de\/produit\/karatehandschuhe-daisho-rot\/#primaryimage"},"thumbnailUrl":"https:\/\/www.daisho.be\/wp-content\/uploads\/2023\/10\/image-45.jpg","datePublished":"2023-10-26T13:26:03+00:00","dateModified":"2025-10-09T12:22:29+00:00","breadcrumb":{"@id":"https:\/\/www.daisho.be\/de\/produit\/karatehandschuhe-daisho-rot\/#breadcrumb"},"inLanguage":"de","potentialAction":[{"@type":"ReadAction","target":["https:\/\/www.daisho.be\/de\/produit\/karatehandschuhe-daisho-rot\/"]}]},{"@type":"ImageObject","inLanguage":"de","@id":"https:\/\/www.daisho.be\/de\/produit\/karatehandschuhe-daisho-rot\/#primaryimage","url":"https:\/\/www.daisho.be\/wp-content\/uploads\/2023\/10\/image-45.jpg","contentUrl":"https:\/\/www.daisho.be\/wp-content\/uploads\/2023\/10\/image-45.jpg","width":1920,"height":1495,"caption":"KARATEHANDSCHUHE DAISHO ROT-1"},{"@type":"BreadcrumbList","@id":"https:\/\/www.daisho.be\/de\/produit\/karatehandschuhe-daisho-rot\/#breadcrumb","itemListElement":[{"@type":"ListItem","position":1,"name":"Accueil","item":"https:\/\/www.daisho.be\/de\/"},{"@type":"ListItem","position":2,"name":"Produkte","item":"https:\/\/www.daisho.be\/de\/produkte\/"},{"@type":"ListItem","position":3,"name":"Ausr\u00fcstung und Kleidung f\u00fcr Kampfkunst und Kampfsport","item":"https:\/\/www.daisho.be\/de\/categorie-produit\/ausrustung-und-kleidung-fur-kampfkunst-und-kampfsport\/"},{"@type":"ListItem","position":4,"name":"Karate","item":"https:\/\/www.daisho.be\/de\/categorie-produit\/ausrustung-und-kleidung-fur-kampfkunst-und-kampfsport\/karate-de-2\/"},{"@type":"ListItem","position":5,"name":"Karate-Schutzkleidung","item":"https:\/\/www.daisho.be\/de\/categorie-produit\/ausrustung-und-kleidung-fur-kampfkunst-und-kampfsport\/karate-de-2\/karate-schutzkleidung\/"},{"@type":"ListItem","position":6,"name":"KARATEHANDSCHUHE DAISHO ROT"}]},{"@type":"WebSite","@id":"https:\/\/www.daisho.be\/de\/#website","url":"https:\/\/www.daisho.be\/de\/","name":"Daisho","description":"Sp&eacute;cialiste de l'&eacute;quipement sportif d'arts martiaux","publisher":{"@id":"https:\/\/www.daisho.be\/de\/#organization"},"potentialAction":[{"@type":"SearchAction","target":{"@type":"EntryPoint","urlTemplate":"https:\/\/www.daisho.be\/de\/?s={search_term_string}"},"query-input":{"@type":"PropertyValueSpecification","valueRequired":true,"valueName":"search_term_string"}}],"inLanguage":"de"},{"@type":"Organization","@id":"https:\/\/www.daisho.be\/de\/#organization","name":"Daisho","url":"https:\/\/www.daisho.be\/de\/","logo":{"@type":"ImageObject","inLanguage":"de","@id":"https:\/\/www.daisho.be\/de\/#\/schema\/logo\/image\/","url":"https:\/\/www.daisho.be\/wp-content\/uploads\/2019\/07\/color-nothing-horizontale4x-e1564486100247.png","contentUrl":"https:\/\/www.daisho.be\/wp-content\/uploads\/2019\/07\/color-nothing-horizontale4x-e1564486100247.png","width":1547,"height":385,"caption":"Daisho"},"image":{"@id":"https:\/\/www.daisho.be\/de\/#\/schema\/logo\/image\/"}}]}},"_links":{"self":[{"href":"https:\/\/www.daisho.be\/de\/wp-json\/wp\/v2\/product\/461640","targetHints":{"allow":["GET"]}}],"collection":[{"href":"https:\/\/www.daisho.be\/de\/wp-json\/wp\/v2\/product"}],"about":[{"href":"https:\/\/www.daisho.be\/de\/wp-json\/wp\/v2\/types\/product"}],"replies":[{"embeddable":true,"href":"https:\/\/www.daisho.be\/de\/wp-json\/wp\/v2\/comments?post=461640"}],"wp:featuredmedia":[{"embeddable":true,"href":"https:\/\/www.daisho.be\/de\/wp-json\/wp\/v2\/media\/461651"}],"wp:attachment":[{"href":"https:\/\/www.daisho.be\/de\/wp-json\/wp\/v2\/media?parent=461640"}],"wp:term":[{"taxonomy":"product_brand","embeddable":true,"href":"https:\/\/www.daisho.be\/de\/wp-json\/wp\/v2\/product_brand?post=461640"},{"taxonomy":"product_cat","embeddable":true,"href":"https:\/\/www.daisho.be\/de\/wp-json\/wp\/v2\/product_cat?post=461640"},{"taxonomy":"product_tag","embeddable":true,"href":"https:\/\/www.daisho.be\/de\/wp-json\/wp\/v2\/product_tag?post=461640"},{"taxonomy":"sport","embeddable":true,"href":"https:\/\/www.daisho.be\/de\/wp-json\/wp\/v2\/sport?post=461640"}],"curies":[{"name":"wp","href":"https:\/\/api.w.org\/{rel}","templated":true}]}}