{"id":461479,"date":"2023-12-06T13:35:23","date_gmt":"2023-12-06T12:35:23","guid":{"rendered":"https:\/\/www.daisho.be\/produit\/adidas-fluid-technique-mma-shorts-grau-blau\/"},"modified":"2025-02-27T15:28:33","modified_gmt":"2025-02-27T14:28:33","slug":"adidas-fluid-technique-mma-shorts-grau-blau","status":"publish","type":"product","link":"https:\/\/www.daisho.be\/de\/produit\/adidas-fluid-technique-mma-shorts-grau-blau\/","title":{"rendered":"adidas Fluid Technique MMA Shorts Grau\/Blau"},"content":{"rendered":"<p>Die neue Linie von adidas ist eine Augenweide, kombiniert mit der Leistung, die ein Spitzensportler braucht. Die Hose ist elastisch mit zus\u00e4tzlichen elastischen Teilen an den Beininnenseiten f\u00fcr eine enorme Bewegungsfreiheit. Diese MMA-Shorts haben einen Klettverschluss und eine Schn\u00fcrung. Die Hose besteht aus Polyester in Kombination mit Elasthan. Die Hose ist aus Climalite hergestellt, das f\u00fcr einen idealen Luft- und Feuchtigkeitstransport sorgt, so dass Ihre Shorts w\u00e4hrend des Trainings wunderbar trocken und bequem bleiben. Das Material ist aber auch sehr leicht, ohne seine Robustheit zu verlieren. Diese sehr sch\u00f6ne Linie f\u00fcr die Saison 2015\/2016 wurde von renommierten amerikanischen Designern und mit Hilfe von Top-Athleten entworfen, um deren Wissen und W\u00fcnsche in die Produkte einflie\u00dfen zu lassen.<br \/>\nVorteile:<br \/>\n&#8211; sch\u00f6nes Design<br \/>\n&#8211; robust und langlebig<br \/>\n&#8211; elastisches Material (92% Polyester und 8% Elasthan)<br \/>\n&#8211; Schn\u00fcr- und Klettverschluss<br \/>\n&#8211; climalite Technologie      <\/p>\n","protected":false},"excerpt":{"rendered":"<p>Die neue Linie von adidas ist eine Augenweide, kombiniert mit der Leistung, die ein Spitzensportler braucht. Die Hose ist elastisch mit zus\u00e4tzlichen elastischen Teilen an den Beininnenseiten f\u00fcr eine enorme Bewegungsfreiheit. Diese MMA-Shorts haben einen Klettverschluss und eine Schn\u00fcrung. Die Hose besteht aus Polyester in Kombination mit Elasthan. Die Hose ist aus Climalite hergestellt, das [&hellip;]<\/p>\n","protected":false},"featured_media":461481,"comment_status":"open","ping_status":"closed","template":"","meta":{"inline_featured_image":false},"product_brand":[],"product_cat":[2291],"product_tag":[2178],"sport":[],"class_list":{"0":"post-461479","1":"product","2":"type-product","3":"status-publish","4":"has-post-thumbnail","6":"product_cat-adidas-bekleidung-fur-mma","7":"product_tag-adidas-de","8":"pa_size-l","9":"pa_size-s","11":"first","12":"instock","13":"taxable","14":"shipping-taxable","15":"purchasable","16":"product-type-variable"},"yoast_head":"<!-- This site is optimized with the Yoast SEO plugin v27.2 - https:\/\/yoast.com\/product\/yoast-seo-wordpress\/ -->\n<title>adidas Fluid Technique MMA Shorts Grau\/Blau &#8211; Daisho<\/title>\n<meta name=\"description\" content=\"Die technische MMA Fluid Short von Adidas ist eine Short mit einem au\u00dfergew\u00f6hnlichen Design. Machen Sie Ihr Training stilvoll! Besuchen Sie uns auf unserer Website www.daisho.be|Daisho\" \/>\n<meta name=\"robots\" content=\"index, follow, max-snippet:-1, max-image-preview:large, max-video-preview:-1\" \/>\n<link rel=\"canonical\" href=\"https:\/\/www.daisho.be\/de\/produit\/adidas-fluid-technique-mma-shorts-grau-blau\/\" \/>\n<meta property=\"og:locale\" content=\"de_DE\" \/>\n<meta property=\"og:type\" content=\"article\" \/>\n<meta property=\"og:title\" content=\"adidas Fluid Technique MMA Shorts Grau\/Blau &#8211; Daisho\" \/>\n<meta property=\"og:description\" content=\"Die technische MMA Fluid Short von Adidas ist eine Short mit einem au\u00dfergew\u00f6hnlichen Design. Machen Sie Ihr Training stilvoll! Besuchen Sie uns auf unserer Website www.daisho.be|Daisho\" \/>\n<meta property=\"og:url\" content=\"https:\/\/www.daisho.be\/de\/produit\/adidas-fluid-technique-mma-shorts-grau-blau\/\" \/>\n<meta property=\"og:site_name\" content=\"Daisho\" \/>\n<meta property=\"article:modified_time\" content=\"2025-02-27T14:28:33+00:00\" \/>\n<meta property=\"og:image\" content=\"https:\/\/www.daisho.be\/wp-content\/uploads\/2023\/12\/image-19.jpg\" \/>\n\t<meta property=\"og:image:width\" content=\"650\" \/>\n\t<meta property=\"og:image:height\" content=\"650\" \/>\n\t<meta property=\"og:image:type\" content=\"image\/jpeg\" \/>\n<meta name=\"twitter:card\" content=\"summary_large_image\" \/>\n<meta name=\"twitter:label1\" content=\"Gesch\u00e4tzte Lesezeit\" \/>\n\t<meta name=\"twitter:data1\" content=\"1\u00a0Minute\" \/>\n<script type=\"application\/ld+json\" class=\"yoast-schema-graph\">{\"@context\":\"https:\/\/schema.org\",\"@graph\":[{\"@type\":\"WebPage\",\"@id\":\"https:\/\/www.daisho.be\/de\/produit\/adidas-fluid-technique-mma-shorts-grau-blau\/\",\"url\":\"https:\/\/www.daisho.be\/de\/produit\/adidas-fluid-technique-mma-shorts-grau-blau\/\",\"name\":\"adidas Fluid Technique MMA Shorts Grau\/Blau &#8211; Daisho\",\"isPartOf\":{\"@id\":\"https:\/\/www.daisho.be\/de\/#website\"},\"primaryImageOfPage\":{\"@id\":\"https:\/\/www.daisho.be\/de\/produit\/adidas-fluid-technique-mma-shorts-grau-blau\/#primaryimage\"},\"image\":{\"@id\":\"https:\/\/www.daisho.be\/de\/produit\/adidas-fluid-technique-mma-shorts-grau-blau\/#primaryimage\"},\"thumbnailUrl\":\"https:\/\/www.daisho.be\/wp-content\/uploads\/2023\/12\/image-19.jpg\",\"datePublished\":\"2023-12-06T12:35:23+00:00\",\"dateModified\":\"2025-02-27T14:28:33+00:00\",\"description\":\"Die technische MMA Fluid Short von Adidas ist eine Short mit einem au\u00dfergew\u00f6hnlichen Design. Machen Sie Ihr Training stilvoll! Besuchen Sie uns auf unserer Website www.daisho.be|Daisho\",\"breadcrumb\":{\"@id\":\"https:\/\/www.daisho.be\/de\/produit\/adidas-fluid-technique-mma-shorts-grau-blau\/#breadcrumb\"},\"inLanguage\":\"de\",\"potentialAction\":[{\"@type\":\"ReadAction\",\"target\":[\"https:\/\/www.daisho.be\/de\/produit\/adidas-fluid-technique-mma-shorts-grau-blau\/\"]}]},{\"@type\":\"ImageObject\",\"inLanguage\":\"de\",\"@id\":\"https:\/\/www.daisho.be\/de\/produit\/adidas-fluid-technique-mma-shorts-grau-blau\/#primaryimage\",\"url\":\"https:\/\/www.daisho.be\/wp-content\/uploads\/2023\/12\/image-19.jpg\",\"contentUrl\":\"https:\/\/www.daisho.be\/wp-content\/uploads\/2023\/12\/image-19.jpg\",\"width\":650,\"height\":650,\"caption\":\"adidas Fluid Technique MMA Shorts Grau\/Blau-1\"},{\"@type\":\"BreadcrumbList\",\"@id\":\"https:\/\/www.daisho.be\/de\/produit\/adidas-fluid-technique-mma-shorts-grau-blau\/#breadcrumb\",\"itemListElement\":[{\"@type\":\"ListItem\",\"position\":1,\"name\":\"Accueil\",\"item\":\"https:\/\/www.daisho.be\/de\/\"},{\"@type\":\"ListItem\",\"position\":2,\"name\":\"Produkte\",\"item\":\"https:\/\/www.daisho.be\/de\/produkte\/\"},{\"@type\":\"ListItem\",\"position\":3,\"name\":\"ADIDAS COMBAT SPORTS\",\"item\":\"https:\/\/www.daisho.be\/de\/categorie-produit\/adidas-combat-sports-de\/\"},{\"@type\":\"ListItem\",\"position\":4,\"name\":\"MMA\",\"item\":\"https:\/\/www.daisho.be\/de\/categorie-produit\/adidas-combat-sports-de\/mma-de\/\"},{\"@type\":\"ListItem\",\"position\":5,\"name\":\"Adidas-Bekleidung f\u00fcr MMA\",\"item\":\"https:\/\/www.daisho.be\/de\/categorie-produit\/adidas-combat-sports-de\/mma-de\/adidas-bekleidung-fur-mma\/\"},{\"@type\":\"ListItem\",\"position\":6,\"name\":\"adidas Fluid Technique MMA Shorts Grau\/Blau\"}]},{\"@type\":\"WebSite\",\"@id\":\"https:\/\/www.daisho.be\/de\/#website\",\"url\":\"https:\/\/www.daisho.be\/de\/\",\"name\":\"Daisho\",\"description\":\"Sp&eacute;cialiste de l'&eacute;quipement sportif d'arts martiaux\",\"publisher\":{\"@id\":\"https:\/\/www.daisho.be\/de\/#organization\"},\"potentialAction\":[{\"@type\":\"SearchAction\",\"target\":{\"@type\":\"EntryPoint\",\"urlTemplate\":\"https:\/\/www.daisho.be\/de\/?s={search_term_string}\"},\"query-input\":{\"@type\":\"PropertyValueSpecification\",\"valueRequired\":true,\"valueName\":\"search_term_string\"}}],\"inLanguage\":\"de\"},{\"@type\":\"Organization\",\"@id\":\"https:\/\/www.daisho.be\/de\/#organization\",\"name\":\"Daisho\",\"url\":\"https:\/\/www.daisho.be\/de\/\",\"logo\":{\"@type\":\"ImageObject\",\"inLanguage\":\"de\",\"@id\":\"https:\/\/www.daisho.be\/de\/#\/schema\/logo\/image\/\",\"url\":\"https:\/\/www.daisho.be\/wp-content\/uploads\/2019\/07\/color-nothing-horizontale4x-e1564486100247.png\",\"contentUrl\":\"https:\/\/www.daisho.be\/wp-content\/uploads\/2019\/07\/color-nothing-horizontale4x-e1564486100247.png\",\"width\":1547,\"height\":385,\"caption\":\"Daisho\"},\"image\":{\"@id\":\"https:\/\/www.daisho.be\/de\/#\/schema\/logo\/image\/\"}}]}<\/script>\n<!-- \/ Yoast SEO plugin. -->","yoast_head_json":{"title":"adidas Fluid Technique MMA Shorts Grau\/Blau &#8211; Daisho","description":"Die technische MMA Fluid Short von Adidas ist eine Short mit einem au\u00dfergew\u00f6hnlichen Design. Machen Sie Ihr Training stilvoll! Besuchen Sie uns auf unserer Website www.daisho.be|Daisho","robots":{"index":"index","follow":"follow","max-snippet":"max-snippet:-1","max-image-preview":"max-image-preview:large","max-video-preview":"max-video-preview:-1"},"canonical":"https:\/\/www.daisho.be\/de\/produit\/adidas-fluid-technique-mma-shorts-grau-blau\/","og_locale":"de_DE","og_type":"article","og_title":"adidas Fluid Technique MMA Shorts Grau\/Blau &#8211; Daisho","og_description":"Die technische MMA Fluid Short von Adidas ist eine Short mit einem au\u00dfergew\u00f6hnlichen Design. Machen Sie Ihr Training stilvoll! Besuchen Sie uns auf unserer Website www.daisho.be|Daisho","og_url":"https:\/\/www.daisho.be\/de\/produit\/adidas-fluid-technique-mma-shorts-grau-blau\/","og_site_name":"Daisho","article_modified_time":"2025-02-27T14:28:33+00:00","og_image":[{"width":650,"height":650,"url":"https:\/\/www.daisho.be\/wp-content\/uploads\/2023\/12\/image-19.jpg","type":"image\/jpeg"}],"twitter_card":"summary_large_image","twitter_misc":{"Gesch\u00e4tzte Lesezeit":"1\u00a0Minute"},"schema":{"@context":"https:\/\/schema.org","@graph":[{"@type":"WebPage","@id":"https:\/\/www.daisho.be\/de\/produit\/adidas-fluid-technique-mma-shorts-grau-blau\/","url":"https:\/\/www.daisho.be\/de\/produit\/adidas-fluid-technique-mma-shorts-grau-blau\/","name":"adidas Fluid Technique MMA Shorts Grau\/Blau &#8211; Daisho","isPartOf":{"@id":"https:\/\/www.daisho.be\/de\/#website"},"primaryImageOfPage":{"@id":"https:\/\/www.daisho.be\/de\/produit\/adidas-fluid-technique-mma-shorts-grau-blau\/#primaryimage"},"image":{"@id":"https:\/\/www.daisho.be\/de\/produit\/adidas-fluid-technique-mma-shorts-grau-blau\/#primaryimage"},"thumbnailUrl":"https:\/\/www.daisho.be\/wp-content\/uploads\/2023\/12\/image-19.jpg","datePublished":"2023-12-06T12:35:23+00:00","dateModified":"2025-02-27T14:28:33+00:00","description":"Die technische MMA Fluid Short von Adidas ist eine Short mit einem au\u00dfergew\u00f6hnlichen Design. Machen Sie Ihr Training stilvoll! Besuchen Sie uns auf unserer Website www.daisho.be|Daisho","breadcrumb":{"@id":"https:\/\/www.daisho.be\/de\/produit\/adidas-fluid-technique-mma-shorts-grau-blau\/#breadcrumb"},"inLanguage":"de","potentialAction":[{"@type":"ReadAction","target":["https:\/\/www.daisho.be\/de\/produit\/adidas-fluid-technique-mma-shorts-grau-blau\/"]}]},{"@type":"ImageObject","inLanguage":"de","@id":"https:\/\/www.daisho.be\/de\/produit\/adidas-fluid-technique-mma-shorts-grau-blau\/#primaryimage","url":"https:\/\/www.daisho.be\/wp-content\/uploads\/2023\/12\/image-19.jpg","contentUrl":"https:\/\/www.daisho.be\/wp-content\/uploads\/2023\/12\/image-19.jpg","width":650,"height":650,"caption":"adidas Fluid Technique MMA Shorts Grau\/Blau-1"},{"@type":"BreadcrumbList","@id":"https:\/\/www.daisho.be\/de\/produit\/adidas-fluid-technique-mma-shorts-grau-blau\/#breadcrumb","itemListElement":[{"@type":"ListItem","position":1,"name":"Accueil","item":"https:\/\/www.daisho.be\/de\/"},{"@type":"ListItem","position":2,"name":"Produkte","item":"https:\/\/www.daisho.be\/de\/produkte\/"},{"@type":"ListItem","position":3,"name":"ADIDAS COMBAT SPORTS","item":"https:\/\/www.daisho.be\/de\/categorie-produit\/adidas-combat-sports-de\/"},{"@type":"ListItem","position":4,"name":"MMA","item":"https:\/\/www.daisho.be\/de\/categorie-produit\/adidas-combat-sports-de\/mma-de\/"},{"@type":"ListItem","position":5,"name":"Adidas-Bekleidung f\u00fcr MMA","item":"https:\/\/www.daisho.be\/de\/categorie-produit\/adidas-combat-sports-de\/mma-de\/adidas-bekleidung-fur-mma\/"},{"@type":"ListItem","position":6,"name":"adidas Fluid Technique MMA Shorts Grau\/Blau"}]},{"@type":"WebSite","@id":"https:\/\/www.daisho.be\/de\/#website","url":"https:\/\/www.daisho.be\/de\/","name":"Daisho","description":"Sp&eacute;cialiste de l'&eacute;quipement sportif d'arts martiaux","publisher":{"@id":"https:\/\/www.daisho.be\/de\/#organization"},"potentialAction":[{"@type":"SearchAction","target":{"@type":"EntryPoint","urlTemplate":"https:\/\/www.daisho.be\/de\/?s={search_term_string}"},"query-input":{"@type":"PropertyValueSpecification","valueRequired":true,"valueName":"search_term_string"}}],"inLanguage":"de"},{"@type":"Organization","@id":"https:\/\/www.daisho.be\/de\/#organization","name":"Daisho","url":"https:\/\/www.daisho.be\/de\/","logo":{"@type":"ImageObject","inLanguage":"de","@id":"https:\/\/www.daisho.be\/de\/#\/schema\/logo\/image\/","url":"https:\/\/www.daisho.be\/wp-content\/uploads\/2019\/07\/color-nothing-horizontale4x-e1564486100247.png","contentUrl":"https:\/\/www.daisho.be\/wp-content\/uploads\/2019\/07\/color-nothing-horizontale4x-e1564486100247.png","width":1547,"height":385,"caption":"Daisho"},"image":{"@id":"https:\/\/www.daisho.be\/de\/#\/schema\/logo\/image\/"}}]}},"_links":{"self":[{"href":"https:\/\/www.daisho.be\/de\/wp-json\/wp\/v2\/product\/461479","targetHints":{"allow":["GET"]}}],"collection":[{"href":"https:\/\/www.daisho.be\/de\/wp-json\/wp\/v2\/product"}],"about":[{"href":"https:\/\/www.daisho.be\/de\/wp-json\/wp\/v2\/types\/product"}],"replies":[{"embeddable":true,"href":"https:\/\/www.daisho.be\/de\/wp-json\/wp\/v2\/comments?post=461479"}],"wp:featuredmedia":[{"embeddable":true,"href":"https:\/\/www.daisho.be\/de\/wp-json\/wp\/v2\/media\/461481"}],"wp:attachment":[{"href":"https:\/\/www.daisho.be\/de\/wp-json\/wp\/v2\/media?parent=461479"}],"wp:term":[{"taxonomy":"product_brand","embeddable":true,"href":"https:\/\/www.daisho.be\/de\/wp-json\/wp\/v2\/product_brand?post=461479"},{"taxonomy":"product_cat","embeddable":true,"href":"https:\/\/www.daisho.be\/de\/wp-json\/wp\/v2\/product_cat?post=461479"},{"taxonomy":"product_tag","embeddable":true,"href":"https:\/\/www.daisho.be\/de\/wp-json\/wp\/v2\/product_tag?post=461479"},{"taxonomy":"sport","embeddable":true,"href":"https:\/\/www.daisho.be\/de\/wp-json\/wp\/v2\/sport?post=461479"}],"curies":[{"name":"wp","href":"https:\/\/api.w.org\/{rel}","templated":true}]}}