{"id":461416,"date":"2023-12-19T14:45:35","date_gmt":"2023-12-19T13:45:35","guid":{"rendered":"https:\/\/www.daisho.be\/produit\/adidas-hybrid-150-boxhandschuhe-schwarz-weiss\/"},"modified":"2025-02-27T13:14:15","modified_gmt":"2025-02-27T12:14:15","slug":"adidas-hybrid-150-boxhandschuhe-schwarz-weiss","status":"publish","type":"product","link":"https:\/\/www.daisho.be\/de\/produit\/adidas-hybrid-150-boxhandschuhe-schwarz-weiss\/","title":{"rendered":"adidas Hybrid 150 Boxhandschuhe schwarz\/wei\u00df"},"content":{"rendered":"<p>Der Boxhandschuh f\u00fcr Sicherheit und Komfort. Der Boxhandschuh Hybrid150 von adidas wird mit einer einteiligen, dicht komprimierten Schaumstoffform f\u00fcr eine optimale D\u00e4mpfung hergestellt.<br \/>\nDie AEROREADY-Technologie an mehreren Stellen des Handschuhs sorgt f\u00fcr eine ideale Feuchtigkeitsregulierung.<br \/>\nDer Hybrid 150 ist sehr gut geeignet f\u00fcr Boxen, Kickboxen, Fitnessboxen, Semikontakt und Vollkontakt.<br \/>\nDie Boxhandschuhe werden mit einem breiten Klettverschluss geschlossen, um eine gute Passform zu gew\u00e4hrleisten.<br \/>\nDas PU-Kunstleder ist strapazierf\u00e4hig und eignet sich sowohl f\u00fcr Anf\u00e4nger als auch f\u00fcr Profis. <\/p>\n<p>Charakteristika:<br \/>\n&#8211; Material: PU-Kunstleder<br \/>\n&#8211; Farbe: schwarz\/wei\u00df<br \/>\n&#8211; Gr\u00f6\u00dfen: 8, 10, 12, 14, 16 Unzen<br \/>\n&#8211; dicht gedr\u00e4ngte Form<br \/>\n&#8211; breiter Klettverschlussriemen<br \/>\n&#8211; AEROREADY Technologie<\/p>\n","protected":false},"excerpt":{"rendered":"<p>Der Boxhandschuh f\u00fcr Sicherheit und Komfort. Der Boxhandschuh Hybrid150 von adidas wird mit einer einteiligen, dicht komprimierten Schaumstoffform f\u00fcr eine optimale D\u00e4mpfung hergestellt. Die AEROREADY-Technologie an mehreren Stellen des Handschuhs sorgt f\u00fcr eine ideale Feuchtigkeitsregulierung. Der Hybrid 150 ist sehr gut geeignet f\u00fcr Boxen, Kickboxen, Fitnessboxen, Semikontakt und Vollkontakt. Die Boxhandschuhe werden mit einem breiten [&hellip;]<\/p>\n","protected":false},"featured_media":461425,"comment_status":"open","ping_status":"closed","template":"","meta":{"inline_featured_image":false},"product_brand":[],"product_cat":[2306,2277,2309],"product_tag":[2178],"sport":[],"class_list":{"0":"post-461416","1":"product","2":"type-product","3":"status-publish","4":"has-post-thumbnail","6":"product_cat-boxhandschuhe-adidas","7":"product_cat-kick-boxing-protektoren-adidas","8":"product_cat-muay-thai-handschuhe-adidas","9":"product_tag-adidas-de","10":"pa_size-372","11":"pa_size-371","12":"pa_size-370","13":"pa_size-461","14":"pa_size-439","16":"first","17":"instock","18":"taxable","19":"shipping-taxable","20":"purchasable","21":"product-type-variable"},"yoast_head":"<!-- This site is optimized with the Yoast SEO plugin v27.2 - https:\/\/yoast.com\/product\/yoast-seo-wordpress\/ -->\n<title>adidas Hybrid 150 Boxhandschuhe schwarz\/wei\u00df &#8211; Daisho<\/title>\n<meta name=\"description\" content=\"Entdecken Sie die Hybrid-Boxhandschuhe 150 von Adidas. Sie sch\u00fctzen Sie durch den Monoblock-Schaumstoff. Kaufen Sie sie auf unserer Website www.daisho.be|Daihso\" \/>\n<meta name=\"robots\" content=\"index, follow, max-snippet:-1, max-image-preview:large, max-video-preview:-1\" \/>\n<link rel=\"canonical\" href=\"https:\/\/www.daisho.be\/de\/produit\/adidas-hybrid-150-boxhandschuhe-schwarz-weiss\/\" \/>\n<meta property=\"og:locale\" content=\"de_DE\" \/>\n<meta property=\"og:type\" content=\"article\" \/>\n<meta property=\"og:title\" content=\"adidas Hybrid 150 Boxhandschuhe schwarz\/wei\u00df &#8211; Daisho\" \/>\n<meta property=\"og:description\" content=\"Entdecken Sie die Hybrid-Boxhandschuhe 150 von Adidas. Sie sch\u00fctzen Sie durch den Monoblock-Schaumstoff. Kaufen Sie sie auf unserer Website www.daisho.be|Daihso\" \/>\n<meta property=\"og:url\" content=\"https:\/\/www.daisho.be\/de\/produit\/adidas-hybrid-150-boxhandschuhe-schwarz-weiss\/\" \/>\n<meta property=\"og:site_name\" content=\"Daisho\" \/>\n<meta property=\"article:modified_time\" content=\"2025-02-27T12:14:15+00:00\" \/>\n<meta property=\"og:image\" content=\"https:\/\/www.daisho.be\/wp-content\/uploads\/2023\/12\/image-101.jpg\" \/>\n\t<meta property=\"og:image:width\" content=\"1200\" \/>\n\t<meta property=\"og:image:height\" content=\"1200\" \/>\n\t<meta property=\"og:image:type\" content=\"image\/jpeg\" \/>\n<meta name=\"twitter:card\" content=\"summary_large_image\" \/>\n<meta name=\"twitter:label1\" content=\"Gesch\u00e4tzte Lesezeit\" \/>\n\t<meta name=\"twitter:data1\" content=\"1\u00a0Minute\" \/>\n<script type=\"application\/ld+json\" class=\"yoast-schema-graph\">{\"@context\":\"https:\/\/schema.org\",\"@graph\":[{\"@type\":\"WebPage\",\"@id\":\"https:\/\/www.daisho.be\/de\/produit\/adidas-hybrid-150-boxhandschuhe-schwarz-weiss\/\",\"url\":\"https:\/\/www.daisho.be\/de\/produit\/adidas-hybrid-150-boxhandschuhe-schwarz-weiss\/\",\"name\":\"adidas Hybrid 150 Boxhandschuhe schwarz\/wei\u00df &#8211; Daisho\",\"isPartOf\":{\"@id\":\"https:\/\/www.daisho.be\/de\/#website\"},\"primaryImageOfPage\":{\"@id\":\"https:\/\/www.daisho.be\/de\/produit\/adidas-hybrid-150-boxhandschuhe-schwarz-weiss\/#primaryimage\"},\"image\":{\"@id\":\"https:\/\/www.daisho.be\/de\/produit\/adidas-hybrid-150-boxhandschuhe-schwarz-weiss\/#primaryimage\"},\"thumbnailUrl\":\"https:\/\/www.daisho.be\/wp-content\/uploads\/2023\/12\/image-101.jpg\",\"datePublished\":\"2023-12-19T13:45:35+00:00\",\"dateModified\":\"2025-02-27T12:14:15+00:00\",\"description\":\"Entdecken Sie die Hybrid-Boxhandschuhe 150 von Adidas. Sie sch\u00fctzen Sie durch den Monoblock-Schaumstoff. Kaufen Sie sie auf unserer Website www.daisho.be|Daihso\",\"breadcrumb\":{\"@id\":\"https:\/\/www.daisho.be\/de\/produit\/adidas-hybrid-150-boxhandschuhe-schwarz-weiss\/#breadcrumb\"},\"inLanguage\":\"de\",\"potentialAction\":[{\"@type\":\"ReadAction\",\"target\":[\"https:\/\/www.daisho.be\/de\/produit\/adidas-hybrid-150-boxhandschuhe-schwarz-weiss\/\"]}]},{\"@type\":\"ImageObject\",\"inLanguage\":\"de\",\"@id\":\"https:\/\/www.daisho.be\/de\/produit\/adidas-hybrid-150-boxhandschuhe-schwarz-weiss\/#primaryimage\",\"url\":\"https:\/\/www.daisho.be\/wp-content\/uploads\/2023\/12\/image-101.jpg\",\"contentUrl\":\"https:\/\/www.daisho.be\/wp-content\/uploads\/2023\/12\/image-101.jpg\",\"width\":1200,\"height\":1200,\"caption\":\"adidas Hybrid 150 Boxhandschuhe schwarz\/wei\u00df-1\"},{\"@type\":\"BreadcrumbList\",\"@id\":\"https:\/\/www.daisho.be\/de\/produit\/adidas-hybrid-150-boxhandschuhe-schwarz-weiss\/#breadcrumb\",\"itemListElement\":[{\"@type\":\"ListItem\",\"position\":1,\"name\":\"Accueil\",\"item\":\"https:\/\/www.daisho.be\/de\/\"},{\"@type\":\"ListItem\",\"position\":2,\"name\":\"Produkte\",\"item\":\"https:\/\/www.daisho.be\/de\/produkte\/\"},{\"@type\":\"ListItem\",\"position\":3,\"name\":\"ADIDAS COMBAT SPORTS\",\"item\":\"https:\/\/www.daisho.be\/de\/categorie-produit\/adidas-combat-sports-de\/\"},{\"@type\":\"ListItem\",\"position\":4,\"name\":\"Boxen\",\"item\":\"https:\/\/www.daisho.be\/de\/categorie-produit\/adidas-combat-sports-de\/boxen\/\"},{\"@type\":\"ListItem\",\"position\":5,\"name\":\"Boxhandschuhe Adidas\",\"item\":\"https:\/\/www.daisho.be\/de\/categorie-produit\/adidas-combat-sports-de\/boxen\/boxhandschuhe-adidas\/\"},{\"@type\":\"ListItem\",\"position\":6,\"name\":\"adidas Hybrid 150 Boxhandschuhe schwarz\/wei\u00df\"}]},{\"@type\":\"WebSite\",\"@id\":\"https:\/\/www.daisho.be\/de\/#website\",\"url\":\"https:\/\/www.daisho.be\/de\/\",\"name\":\"Daisho\",\"description\":\"Sp&eacute;cialiste de l'&eacute;quipement sportif d'arts martiaux\",\"publisher\":{\"@id\":\"https:\/\/www.daisho.be\/de\/#organization\"},\"potentialAction\":[{\"@type\":\"SearchAction\",\"target\":{\"@type\":\"EntryPoint\",\"urlTemplate\":\"https:\/\/www.daisho.be\/de\/?s={search_term_string}\"},\"query-input\":{\"@type\":\"PropertyValueSpecification\",\"valueRequired\":true,\"valueName\":\"search_term_string\"}}],\"inLanguage\":\"de\"},{\"@type\":\"Organization\",\"@id\":\"https:\/\/www.daisho.be\/de\/#organization\",\"name\":\"Daisho\",\"url\":\"https:\/\/www.daisho.be\/de\/\",\"logo\":{\"@type\":\"ImageObject\",\"inLanguage\":\"de\",\"@id\":\"https:\/\/www.daisho.be\/de\/#\/schema\/logo\/image\/\",\"url\":\"https:\/\/www.daisho.be\/wp-content\/uploads\/2019\/07\/color-nothing-horizontale4x-e1564486100247.png\",\"contentUrl\":\"https:\/\/www.daisho.be\/wp-content\/uploads\/2019\/07\/color-nothing-horizontale4x-e1564486100247.png\",\"width\":1547,\"height\":385,\"caption\":\"Daisho\"},\"image\":{\"@id\":\"https:\/\/www.daisho.be\/de\/#\/schema\/logo\/image\/\"}}]}<\/script>\n<!-- \/ Yoast SEO plugin. -->","yoast_head_json":{"title":"adidas Hybrid 150 Boxhandschuhe schwarz\/wei\u00df &#8211; Daisho","description":"Entdecken Sie die Hybrid-Boxhandschuhe 150 von Adidas. Sie sch\u00fctzen Sie durch den Monoblock-Schaumstoff. Kaufen Sie sie auf unserer Website www.daisho.be|Daihso","robots":{"index":"index","follow":"follow","max-snippet":"max-snippet:-1","max-image-preview":"max-image-preview:large","max-video-preview":"max-video-preview:-1"},"canonical":"https:\/\/www.daisho.be\/de\/produit\/adidas-hybrid-150-boxhandschuhe-schwarz-weiss\/","og_locale":"de_DE","og_type":"article","og_title":"adidas Hybrid 150 Boxhandschuhe schwarz\/wei\u00df &#8211; Daisho","og_description":"Entdecken Sie die Hybrid-Boxhandschuhe 150 von Adidas. Sie sch\u00fctzen Sie durch den Monoblock-Schaumstoff. Kaufen Sie sie auf unserer Website www.daisho.be|Daihso","og_url":"https:\/\/www.daisho.be\/de\/produit\/adidas-hybrid-150-boxhandschuhe-schwarz-weiss\/","og_site_name":"Daisho","article_modified_time":"2025-02-27T12:14:15+00:00","og_image":[{"width":1200,"height":1200,"url":"https:\/\/www.daisho.be\/wp-content\/uploads\/2023\/12\/image-101.jpg","type":"image\/jpeg"}],"twitter_card":"summary_large_image","twitter_misc":{"Gesch\u00e4tzte Lesezeit":"1\u00a0Minute"},"schema":{"@context":"https:\/\/schema.org","@graph":[{"@type":"WebPage","@id":"https:\/\/www.daisho.be\/de\/produit\/adidas-hybrid-150-boxhandschuhe-schwarz-weiss\/","url":"https:\/\/www.daisho.be\/de\/produit\/adidas-hybrid-150-boxhandschuhe-schwarz-weiss\/","name":"adidas Hybrid 150 Boxhandschuhe schwarz\/wei\u00df &#8211; Daisho","isPartOf":{"@id":"https:\/\/www.daisho.be\/de\/#website"},"primaryImageOfPage":{"@id":"https:\/\/www.daisho.be\/de\/produit\/adidas-hybrid-150-boxhandschuhe-schwarz-weiss\/#primaryimage"},"image":{"@id":"https:\/\/www.daisho.be\/de\/produit\/adidas-hybrid-150-boxhandschuhe-schwarz-weiss\/#primaryimage"},"thumbnailUrl":"https:\/\/www.daisho.be\/wp-content\/uploads\/2023\/12\/image-101.jpg","datePublished":"2023-12-19T13:45:35+00:00","dateModified":"2025-02-27T12:14:15+00:00","description":"Entdecken Sie die Hybrid-Boxhandschuhe 150 von Adidas. Sie sch\u00fctzen Sie durch den Monoblock-Schaumstoff. Kaufen Sie sie auf unserer Website www.daisho.be|Daihso","breadcrumb":{"@id":"https:\/\/www.daisho.be\/de\/produit\/adidas-hybrid-150-boxhandschuhe-schwarz-weiss\/#breadcrumb"},"inLanguage":"de","potentialAction":[{"@type":"ReadAction","target":["https:\/\/www.daisho.be\/de\/produit\/adidas-hybrid-150-boxhandschuhe-schwarz-weiss\/"]}]},{"@type":"ImageObject","inLanguage":"de","@id":"https:\/\/www.daisho.be\/de\/produit\/adidas-hybrid-150-boxhandschuhe-schwarz-weiss\/#primaryimage","url":"https:\/\/www.daisho.be\/wp-content\/uploads\/2023\/12\/image-101.jpg","contentUrl":"https:\/\/www.daisho.be\/wp-content\/uploads\/2023\/12\/image-101.jpg","width":1200,"height":1200,"caption":"adidas Hybrid 150 Boxhandschuhe schwarz\/wei\u00df-1"},{"@type":"BreadcrumbList","@id":"https:\/\/www.daisho.be\/de\/produit\/adidas-hybrid-150-boxhandschuhe-schwarz-weiss\/#breadcrumb","itemListElement":[{"@type":"ListItem","position":1,"name":"Accueil","item":"https:\/\/www.daisho.be\/de\/"},{"@type":"ListItem","position":2,"name":"Produkte","item":"https:\/\/www.daisho.be\/de\/produkte\/"},{"@type":"ListItem","position":3,"name":"ADIDAS COMBAT SPORTS","item":"https:\/\/www.daisho.be\/de\/categorie-produit\/adidas-combat-sports-de\/"},{"@type":"ListItem","position":4,"name":"Boxen","item":"https:\/\/www.daisho.be\/de\/categorie-produit\/adidas-combat-sports-de\/boxen\/"},{"@type":"ListItem","position":5,"name":"Boxhandschuhe Adidas","item":"https:\/\/www.daisho.be\/de\/categorie-produit\/adidas-combat-sports-de\/boxen\/boxhandschuhe-adidas\/"},{"@type":"ListItem","position":6,"name":"adidas Hybrid 150 Boxhandschuhe schwarz\/wei\u00df"}]},{"@type":"WebSite","@id":"https:\/\/www.daisho.be\/de\/#website","url":"https:\/\/www.daisho.be\/de\/","name":"Daisho","description":"Sp&eacute;cialiste de l'&eacute;quipement sportif d'arts martiaux","publisher":{"@id":"https:\/\/www.daisho.be\/de\/#organization"},"potentialAction":[{"@type":"SearchAction","target":{"@type":"EntryPoint","urlTemplate":"https:\/\/www.daisho.be\/de\/?s={search_term_string}"},"query-input":{"@type":"PropertyValueSpecification","valueRequired":true,"valueName":"search_term_string"}}],"inLanguage":"de"},{"@type":"Organization","@id":"https:\/\/www.daisho.be\/de\/#organization","name":"Daisho","url":"https:\/\/www.daisho.be\/de\/","logo":{"@type":"ImageObject","inLanguage":"de","@id":"https:\/\/www.daisho.be\/de\/#\/schema\/logo\/image\/","url":"https:\/\/www.daisho.be\/wp-content\/uploads\/2019\/07\/color-nothing-horizontale4x-e1564486100247.png","contentUrl":"https:\/\/www.daisho.be\/wp-content\/uploads\/2019\/07\/color-nothing-horizontale4x-e1564486100247.png","width":1547,"height":385,"caption":"Daisho"},"image":{"@id":"https:\/\/www.daisho.be\/de\/#\/schema\/logo\/image\/"}}]}},"_links":{"self":[{"href":"https:\/\/www.daisho.be\/de\/wp-json\/wp\/v2\/product\/461416","targetHints":{"allow":["GET"]}}],"collection":[{"href":"https:\/\/www.daisho.be\/de\/wp-json\/wp\/v2\/product"}],"about":[{"href":"https:\/\/www.daisho.be\/de\/wp-json\/wp\/v2\/types\/product"}],"replies":[{"embeddable":true,"href":"https:\/\/www.daisho.be\/de\/wp-json\/wp\/v2\/comments?post=461416"}],"wp:featuredmedia":[{"embeddable":true,"href":"https:\/\/www.daisho.be\/de\/wp-json\/wp\/v2\/media\/461425"}],"wp:attachment":[{"href":"https:\/\/www.daisho.be\/de\/wp-json\/wp\/v2\/media?parent=461416"}],"wp:term":[{"taxonomy":"product_brand","embeddable":true,"href":"https:\/\/www.daisho.be\/de\/wp-json\/wp\/v2\/product_brand?post=461416"},{"taxonomy":"product_cat","embeddable":true,"href":"https:\/\/www.daisho.be\/de\/wp-json\/wp\/v2\/product_cat?post=461416"},{"taxonomy":"product_tag","embeddable":true,"href":"https:\/\/www.daisho.be\/de\/wp-json\/wp\/v2\/product_tag?post=461416"},{"taxonomy":"sport","embeddable":true,"href":"https:\/\/www.daisho.be\/de\/wp-json\/wp\/v2\/sport?post=461416"}],"curies":[{"name":"wp","href":"https:\/\/api.w.org\/{rel}","templated":true}]}}