{"id":461371,"date":"2023-12-29T12:15:37","date_gmt":"2023-12-29T11:15:37","guid":{"rendered":"https:\/\/www.daisho.be\/produit\/yomogi-keikogi-jacke\/"},"modified":"2025-12-23T10:35:07","modified_gmt":"2025-12-23T09:35:07","slug":"yomogi-keikogi-jacke","status":"publish","type":"product","link":"https:\/\/www.daisho.be\/de\/produit\/yomogi-keikogi-jacke\/","title":{"rendered":"Yomogi Keikogi Jacke"},"content":{"rendered":"<p>Tozando hat einen neuartigen Aikido-Gi mit Hilfe einer innovativen Faser namens Unitika Pulper kreiert, die die Vorteile von Polyester und Baumwolle kombiniert. Der Stoff wird mit Hilfe einer Pflanze namens Yomogi oder japanischer Beifu\u00df (Artememisia princeps) behandelt, die f\u00fcr ihre antibakterielle und geruchshemmende Wirkung bekannt ist.<br \/>\nDieser Aikidogi wird auf traditionelle Weise von den Tozando-Schneidern in Iwate, Japan, hergestellt.<br \/>\nDieser Aikidogi mit verst\u00e4rktem Kragen und verst\u00e4rkten Schultern wird auf traditionelle Weise hergestellt. Der sehr strapazierf\u00e4hige Stoff, der sich perfekt f\u00fcr den intensiven Gebrauch eignet, ist d\u00fcnn, leicht und flexibel genug, um auch in den hei\u00dfesten Monaten des Jahres bequem zu bleiben.<br \/>\nDie Unitika Pulper Faser besteht aus 60% Baumwolle und 40% Polyester. Die Weichheit und das Feuchtigkeitsaufnahmeverm\u00f6gen der Baumwolle werden mit der Festigkeit und der schnellen Trocknung des Polyesters kombiniert. Dank des Yomogi-Prozesses hat dieser Aikidogi einen nat\u00fcrlichen Schutz gegen Bakterien und Ger\u00fcche erhalten, ohne seine Weichheit und seinen Komfort auf der Haut zu verlieren.    <\/p>\n<p>Die Gr\u00f6\u00dfen k\u00f6nnen mit der Yomogi Keikogi Hose Ref. AP260W kombiniert werden.<\/p>\n<p>Eigenschaften:<\/p>\n<p>\u00c2- Made in Japan<br \/>\n\u00c2- Unitika Pulper Faser (60% Baumwolle und 40% Polyester).<br \/>\nSashiko-Weben auf der Oberseite und Hishizashi-Muster auf der Unterseite<br \/>\n\u00c2- Antibakterielle und geruchshemmende Yomogi-Prozedur<br \/>\n\u00c2- Schnell trocknend<br \/>\n\u00c2- Perfekt f\u00fcr den Sommer<br \/>\n\u00c2- Verst\u00e4rkter Kragen und Schultern <\/p>\n","protected":false},"excerpt":{"rendered":"<p>Tozando hat einen neuartigen Aikido-Gi mit Hilfe einer innovativen Faser namens Unitika Pulper kreiert, die die Vorteile von Polyester und Baumwolle kombiniert. Der Stoff wird mit Hilfe einer Pflanze namens Yomogi oder japanischer Beifu\u00df (Artememisia princeps) behandelt, die f\u00fcr ihre antibakterielle und geruchshemmende Wirkung bekannt ist. Dieser Aikidogi wird auf traditionelle Weise von den Tozando-Schneidern [&hellip;]<\/p>\n","protected":false},"featured_media":461382,"comment_status":"open","ping_status":"closed","template":"","meta":{"inline_featured_image":false},"product_brand":[],"product_cat":[2127,2230,2128,2118],"product_tag":[2332],"sport":[429],"class_list":{"0":"post-461371","1":"product","2":"type-product","3":"status-publish","4":"has-post-thumbnail","6":"product_cat-aikido-kimonos-de","7":"product_cat-judo-kimonos-de","8":"product_cat-jujitsu-kimono-de","9":"product_cat-kleidung-kimonos","10":"product_tag-tozando-de","11":"pa_size-85","12":"pa_size-35-2","13":"pa_size-84","14":"pa_size-45-2","15":"pa_size-83","16":"sport-aikido","18":"first","19":"instock","20":"taxable","21":"shipping-taxable","22":"purchasable","23":"product-type-variable"},"yoast_head":"<!-- This site is optimized with the Yoast SEO plugin v27.2 - https:\/\/yoast.com\/product\/yoast-seo-wordpress\/ -->\n<title>Yomogi Keikogi Jacke &#8211; Daisho<\/title>\n<meta name=\"description\" content=\"Yomogi Keikogi Jacke von Tozando f\u00fcr Aikido-Praktizierende. Die Gr\u00f6\u00dfen k\u00f6nnen gemischt werden. | Finden Sie sie in unserem Daisho Shop.\" \/>\n<meta name=\"robots\" content=\"index, follow, max-snippet:-1, max-image-preview:large, max-video-preview:-1\" \/>\n<link rel=\"canonical\" href=\"https:\/\/www.daisho.be\/de\/produit\/yomogi-keikogi-jacke\/\" \/>\n<meta property=\"og:locale\" content=\"de_DE\" \/>\n<meta property=\"og:type\" content=\"article\" \/>\n<meta property=\"og:title\" content=\"Yomogi Keikogi Jacke &#8211; Daisho\" \/>\n<meta property=\"og:description\" content=\"Yomogi Keikogi Jacke von Tozando f\u00fcr Aikido-Praktizierende. Die Gr\u00f6\u00dfen k\u00f6nnen gemischt werden. | Finden Sie sie in unserem Daisho Shop.\" \/>\n<meta property=\"og:url\" content=\"https:\/\/www.daisho.be\/de\/produit\/yomogi-keikogi-jacke\/\" \/>\n<meta property=\"og:site_name\" content=\"Daisho\" \/>\n<meta property=\"article:modified_time\" content=\"2025-12-23T09:35:07+00:00\" \/>\n<meta property=\"og:image\" content=\"https:\/\/www.daisho.be\/wp-content\/uploads\/2023\/12\/image-3.webp\" \/>\n\t<meta property=\"og:image:width\" content=\"600\" \/>\n\t<meta property=\"og:image:height\" content=\"600\" \/>\n\t<meta property=\"og:image:type\" content=\"image\/webp\" \/>\n<meta name=\"twitter:card\" content=\"summary_large_image\" \/>\n<meta name=\"twitter:label1\" content=\"Gesch\u00e4tzte Lesezeit\" \/>\n\t<meta name=\"twitter:data1\" content=\"1\u00a0Minute\" \/>\n<script type=\"application\/ld+json\" class=\"yoast-schema-graph\">{\"@context\":\"https:\/\/schema.org\",\"@graph\":[{\"@type\":\"WebPage\",\"@id\":\"https:\/\/www.daisho.be\/de\/produit\/yomogi-keikogi-jacke\/\",\"url\":\"https:\/\/www.daisho.be\/de\/produit\/yomogi-keikogi-jacke\/\",\"name\":\"Yomogi Keikogi Jacke &#8211; Daisho\",\"isPartOf\":{\"@id\":\"https:\/\/www.daisho.be\/de\/#website\"},\"primaryImageOfPage\":{\"@id\":\"https:\/\/www.daisho.be\/de\/produit\/yomogi-keikogi-jacke\/#primaryimage\"},\"image\":{\"@id\":\"https:\/\/www.daisho.be\/de\/produit\/yomogi-keikogi-jacke\/#primaryimage\"},\"thumbnailUrl\":\"https:\/\/www.daisho.be\/wp-content\/uploads\/2023\/12\/image-3.webp\",\"datePublished\":\"2023-12-29T11:15:37+00:00\",\"dateModified\":\"2025-12-23T09:35:07+00:00\",\"description\":\"Yomogi Keikogi Jacke von Tozando f\u00fcr Aikido-Praktizierende. Die Gr\u00f6\u00dfen k\u00f6nnen gemischt werden. | Finden Sie sie in unserem Daisho Shop.\",\"breadcrumb\":{\"@id\":\"https:\/\/www.daisho.be\/de\/produit\/yomogi-keikogi-jacke\/#breadcrumb\"},\"inLanguage\":\"de\",\"potentialAction\":[{\"@type\":\"ReadAction\",\"target\":[\"https:\/\/www.daisho.be\/de\/produit\/yomogi-keikogi-jacke\/\"]}]},{\"@type\":\"ImageObject\",\"inLanguage\":\"de\",\"@id\":\"https:\/\/www.daisho.be\/de\/produit\/yomogi-keikogi-jacke\/#primaryimage\",\"url\":\"https:\/\/www.daisho.be\/wp-content\/uploads\/2023\/12\/image-3.webp\",\"contentUrl\":\"https:\/\/www.daisho.be\/wp-content\/uploads\/2023\/12\/image-3.webp\",\"width\":600,\"height\":600,\"caption\":\"Keikogi-Jacke Yomogi-1\"},{\"@type\":\"BreadcrumbList\",\"@id\":\"https:\/\/www.daisho.be\/de\/produit\/yomogi-keikogi-jacke\/#breadcrumb\",\"itemListElement\":[{\"@type\":\"ListItem\",\"position\":1,\"name\":\"Accueil\",\"item\":\"https:\/\/www.daisho.be\/de\/\"},{\"@type\":\"ListItem\",\"position\":2,\"name\":\"Produkte\",\"item\":\"https:\/\/www.daisho.be\/de\/produkte\/\"},{\"@type\":\"ListItem\",\"position\":3,\"name\":\"Ausr\u00fcstung und Kleidung f\u00fcr Kampfkunst und Kampfsport\",\"item\":\"https:\/\/www.daisho.be\/de\/categorie-produit\/ausrustung-und-kleidung-fur-kampfkunst-und-kampfsport\/\"},{\"@type\":\"ListItem\",\"position\":4,\"name\":\"A\u00efkido\",\"item\":\"https:\/\/www.daisho.be\/de\/categorie-produit\/ausrustung-und-kleidung-fur-kampfkunst-und-kampfsport\/aikido-de\/\"},{\"@type\":\"ListItem\",\"position\":5,\"name\":\"Aikido Kimonos\",\"item\":\"https:\/\/www.daisho.be\/de\/categorie-produit\/ausrustung-und-kleidung-fur-kampfkunst-und-kampfsport\/aikido-de\/aikido-kimonos-de\/\"},{\"@type\":\"ListItem\",\"position\":6,\"name\":\"Yomogi Keikogi Jacke\"}]},{\"@type\":\"WebSite\",\"@id\":\"https:\/\/www.daisho.be\/de\/#website\",\"url\":\"https:\/\/www.daisho.be\/de\/\",\"name\":\"Daisho\",\"description\":\"Sp&eacute;cialiste de l'&eacute;quipement sportif d'arts martiaux\",\"publisher\":{\"@id\":\"https:\/\/www.daisho.be\/de\/#organization\"},\"potentialAction\":[{\"@type\":\"SearchAction\",\"target\":{\"@type\":\"EntryPoint\",\"urlTemplate\":\"https:\/\/www.daisho.be\/de\/?s={search_term_string}\"},\"query-input\":{\"@type\":\"PropertyValueSpecification\",\"valueRequired\":true,\"valueName\":\"search_term_string\"}}],\"inLanguage\":\"de\"},{\"@type\":\"Organization\",\"@id\":\"https:\/\/www.daisho.be\/de\/#organization\",\"name\":\"Daisho\",\"url\":\"https:\/\/www.daisho.be\/de\/\",\"logo\":{\"@type\":\"ImageObject\",\"inLanguage\":\"de\",\"@id\":\"https:\/\/www.daisho.be\/de\/#\/schema\/logo\/image\/\",\"url\":\"https:\/\/www.daisho.be\/wp-content\/uploads\/2019\/07\/color-nothing-horizontale4x-e1564486100247.png\",\"contentUrl\":\"https:\/\/www.daisho.be\/wp-content\/uploads\/2019\/07\/color-nothing-horizontale4x-e1564486100247.png\",\"width\":1547,\"height\":385,\"caption\":\"Daisho\"},\"image\":{\"@id\":\"https:\/\/www.daisho.be\/de\/#\/schema\/logo\/image\/\"}}]}<\/script>\n<!-- \/ Yoast SEO plugin. -->","yoast_head_json":{"title":"Yomogi Keikogi Jacke &#8211; Daisho","description":"Yomogi Keikogi Jacke von Tozando f\u00fcr Aikido-Praktizierende. Die Gr\u00f6\u00dfen k\u00f6nnen gemischt werden. | Finden Sie sie in unserem Daisho Shop.","robots":{"index":"index","follow":"follow","max-snippet":"max-snippet:-1","max-image-preview":"max-image-preview:large","max-video-preview":"max-video-preview:-1"},"canonical":"https:\/\/www.daisho.be\/de\/produit\/yomogi-keikogi-jacke\/","og_locale":"de_DE","og_type":"article","og_title":"Yomogi Keikogi Jacke &#8211; Daisho","og_description":"Yomogi Keikogi Jacke von Tozando f\u00fcr Aikido-Praktizierende. Die Gr\u00f6\u00dfen k\u00f6nnen gemischt werden. | Finden Sie sie in unserem Daisho Shop.","og_url":"https:\/\/www.daisho.be\/de\/produit\/yomogi-keikogi-jacke\/","og_site_name":"Daisho","article_modified_time":"2025-12-23T09:35:07+00:00","og_image":[{"width":600,"height":600,"url":"https:\/\/www.daisho.be\/wp-content\/uploads\/2023\/12\/image-3.webp","type":"image\/webp"}],"twitter_card":"summary_large_image","twitter_misc":{"Gesch\u00e4tzte Lesezeit":"1\u00a0Minute"},"schema":{"@context":"https:\/\/schema.org","@graph":[{"@type":"WebPage","@id":"https:\/\/www.daisho.be\/de\/produit\/yomogi-keikogi-jacke\/","url":"https:\/\/www.daisho.be\/de\/produit\/yomogi-keikogi-jacke\/","name":"Yomogi Keikogi Jacke &#8211; Daisho","isPartOf":{"@id":"https:\/\/www.daisho.be\/de\/#website"},"primaryImageOfPage":{"@id":"https:\/\/www.daisho.be\/de\/produit\/yomogi-keikogi-jacke\/#primaryimage"},"image":{"@id":"https:\/\/www.daisho.be\/de\/produit\/yomogi-keikogi-jacke\/#primaryimage"},"thumbnailUrl":"https:\/\/www.daisho.be\/wp-content\/uploads\/2023\/12\/image-3.webp","datePublished":"2023-12-29T11:15:37+00:00","dateModified":"2025-12-23T09:35:07+00:00","description":"Yomogi Keikogi Jacke von Tozando f\u00fcr Aikido-Praktizierende. Die Gr\u00f6\u00dfen k\u00f6nnen gemischt werden. | Finden Sie sie in unserem Daisho Shop.","breadcrumb":{"@id":"https:\/\/www.daisho.be\/de\/produit\/yomogi-keikogi-jacke\/#breadcrumb"},"inLanguage":"de","potentialAction":[{"@type":"ReadAction","target":["https:\/\/www.daisho.be\/de\/produit\/yomogi-keikogi-jacke\/"]}]},{"@type":"ImageObject","inLanguage":"de","@id":"https:\/\/www.daisho.be\/de\/produit\/yomogi-keikogi-jacke\/#primaryimage","url":"https:\/\/www.daisho.be\/wp-content\/uploads\/2023\/12\/image-3.webp","contentUrl":"https:\/\/www.daisho.be\/wp-content\/uploads\/2023\/12\/image-3.webp","width":600,"height":600,"caption":"Keikogi-Jacke Yomogi-1"},{"@type":"BreadcrumbList","@id":"https:\/\/www.daisho.be\/de\/produit\/yomogi-keikogi-jacke\/#breadcrumb","itemListElement":[{"@type":"ListItem","position":1,"name":"Accueil","item":"https:\/\/www.daisho.be\/de\/"},{"@type":"ListItem","position":2,"name":"Produkte","item":"https:\/\/www.daisho.be\/de\/produkte\/"},{"@type":"ListItem","position":3,"name":"Ausr\u00fcstung und Kleidung f\u00fcr Kampfkunst und Kampfsport","item":"https:\/\/www.daisho.be\/de\/categorie-produit\/ausrustung-und-kleidung-fur-kampfkunst-und-kampfsport\/"},{"@type":"ListItem","position":4,"name":"A\u00efkido","item":"https:\/\/www.daisho.be\/de\/categorie-produit\/ausrustung-und-kleidung-fur-kampfkunst-und-kampfsport\/aikido-de\/"},{"@type":"ListItem","position":5,"name":"Aikido Kimonos","item":"https:\/\/www.daisho.be\/de\/categorie-produit\/ausrustung-und-kleidung-fur-kampfkunst-und-kampfsport\/aikido-de\/aikido-kimonos-de\/"},{"@type":"ListItem","position":6,"name":"Yomogi Keikogi Jacke"}]},{"@type":"WebSite","@id":"https:\/\/www.daisho.be\/de\/#website","url":"https:\/\/www.daisho.be\/de\/","name":"Daisho","description":"Sp&eacute;cialiste de l'&eacute;quipement sportif d'arts martiaux","publisher":{"@id":"https:\/\/www.daisho.be\/de\/#organization"},"potentialAction":[{"@type":"SearchAction","target":{"@type":"EntryPoint","urlTemplate":"https:\/\/www.daisho.be\/de\/?s={search_term_string}"},"query-input":{"@type":"PropertyValueSpecification","valueRequired":true,"valueName":"search_term_string"}}],"inLanguage":"de"},{"@type":"Organization","@id":"https:\/\/www.daisho.be\/de\/#organization","name":"Daisho","url":"https:\/\/www.daisho.be\/de\/","logo":{"@type":"ImageObject","inLanguage":"de","@id":"https:\/\/www.daisho.be\/de\/#\/schema\/logo\/image\/","url":"https:\/\/www.daisho.be\/wp-content\/uploads\/2019\/07\/color-nothing-horizontale4x-e1564486100247.png","contentUrl":"https:\/\/www.daisho.be\/wp-content\/uploads\/2019\/07\/color-nothing-horizontale4x-e1564486100247.png","width":1547,"height":385,"caption":"Daisho"},"image":{"@id":"https:\/\/www.daisho.be\/de\/#\/schema\/logo\/image\/"}}]}},"_links":{"self":[{"href":"https:\/\/www.daisho.be\/de\/wp-json\/wp\/v2\/product\/461371","targetHints":{"allow":["GET"]}}],"collection":[{"href":"https:\/\/www.daisho.be\/de\/wp-json\/wp\/v2\/product"}],"about":[{"href":"https:\/\/www.daisho.be\/de\/wp-json\/wp\/v2\/types\/product"}],"replies":[{"embeddable":true,"href":"https:\/\/www.daisho.be\/de\/wp-json\/wp\/v2\/comments?post=461371"}],"wp:featuredmedia":[{"embeddable":true,"href":"https:\/\/www.daisho.be\/de\/wp-json\/wp\/v2\/media\/461382"}],"wp:attachment":[{"href":"https:\/\/www.daisho.be\/de\/wp-json\/wp\/v2\/media?parent=461371"}],"wp:term":[{"taxonomy":"product_brand","embeddable":true,"href":"https:\/\/www.daisho.be\/de\/wp-json\/wp\/v2\/product_brand?post=461371"},{"taxonomy":"product_cat","embeddable":true,"href":"https:\/\/www.daisho.be\/de\/wp-json\/wp\/v2\/product_cat?post=461371"},{"taxonomy":"product_tag","embeddable":true,"href":"https:\/\/www.daisho.be\/de\/wp-json\/wp\/v2\/product_tag?post=461371"},{"taxonomy":"sport","embeddable":true,"href":"https:\/\/www.daisho.be\/de\/wp-json\/wp\/v2\/sport?post=461371"}],"curies":[{"name":"wp","href":"https:\/\/api.w.org\/{rel}","templated":true}]}}